{"id":2576,"date":"2023-08-29T11:46:36","date_gmt":"2023-08-29T09:46:36","guid":{"rendered":"https:\/\/www.fusiontables.com\/cue-holder\/"},"modified":"2025-02-18T14:24:17","modified_gmt":"2025-02-18T13:24:17","slug":"cue-holder","status":"publish","type":"page","link":"https:\/\/www.fusiontables.com\/de\/cue-holder\/","title":{"rendered":"Cue Holder"},"content":{"rendered":"\t\t<div data-elementor-type=\"wp-page\" data-elementor-id=\"2576\" class=\"elementor elementor-2576 elementor-1051\" data-elementor-post-type=\"page\">\n\t\t\t\t<div class=\"elementor-element elementor-element-d9f4628 e-flex e-con-boxed e-con e-parent\" data-id=\"d9f4628\" data-element_type=\"container\" data-e-type=\"container\">\n\t\t\t\t\t<div class=\"e-con-inner\">\n\t\t\t\t<div class=\"elementor-element elementor-element-8935da5 elementor-widget elementor-widget-text-editor\" data-id=\"8935da5\" data-element_type=\"widget\" data-e-type=\"widget\" data-widget_type=\"text-editor.default\">\n\t\t\t\t\t\t\t\t\t<p><strong>Revolution\u00e4re Queue-Halter Kugel: Eine Stilvolle und Praktische Erg\u00e4nzung f\u00fcr Ihr Wohnzimmer<\/strong><\/p><p>Entdecken Sie die <strong>Queue-Halter Kugel<\/strong>, die perfekte Kombination aus <strong>Eleganz und Funktionalit\u00e4t<\/strong> f\u00fcr moderne Billardliebhaber. Diese <strong>innovative phenolische Kugel<\/strong> wurde speziell entwickelt, um <a href=\"https:\/\/www.fusiontables.com\/de\/ess-billardtisch-kombi\/\">moderne <strong>Billard-Esstische<\/strong><\/a> zu erg\u00e4nzen und eine <strong>platzsparende sowie stilvolle<\/strong> L\u00f6sung zur Aufbewahrung Ihrer Queues zu bieten.<\/p><p><strong>Bewahren Sie Ihre Queues mit innovativem Stil auf<\/strong><\/p><p>Hergestellt aus hochwertigem <a href=\"https:\/\/aramith.com\/\" target=\"_blank\" rel=\"noopener\"><strong>Aramith-Phenolharz<\/strong><\/a>, wurde die Queue-Halter Kugel entwickelt, um <strong>bis zu vier Queues<\/strong> sicher zu halten, w\u00e4hrend sie mit ihrem <strong>minimalistischen und eleganten Design<\/strong> \u00fcberzeugt. Dank ihres kompakten Formats ist sie ideal f\u00fcr <strong>Billard-Esstische<\/strong>, bei denen sowohl <strong>Platzersparnis als auch \u00c4sthetik<\/strong> eine gro\u00dfe Rolle spielen.<\/p><p><strong>Hauptmerkmale der Queue-Halter Kugel:<\/strong><\/p><ul><li><strong>H\u00e4lt bis zu 4 Queues<\/strong> \u2013 Organisiert Ihre Queues und h\u00e4lt sie jederzeit griffbereit.<\/li><li><strong>Hochwertiges Phenolharz<\/strong> \u2013 Langlebig und kratzfest.<\/li><li><strong>Erh\u00e4ltlich in 4 stilvollen und lebendigen Farben<\/strong>.<\/li><li><strong>Modernes und elegantes Design<\/strong> \u2013 Wertet jede Billardumgebung auf.<\/li><\/ul><p>\u00a0<\/p><p><strong>Perfekt f\u00fcr moderne <a href=\"https:\/\/www.fusiontables.com\/de\/ess-billardtisch-kombi\/\">Billard-Esstische<\/a><\/strong><\/p><p>Im Gegensatz zu <strong>sperrigen Queue-St\u00e4ndern<\/strong> oder <strong>Wandhalterungen<\/strong> f\u00fcgt sich die Queue-Halter Kugel <strong>harmonisch in moderne Wohnr\u00e4ume<\/strong> ein. Ob Sie einen <strong>klassischen Holztisch<\/strong> oder ein <strong>hochwertiges Glastisch-Design<\/strong> besitzen, dieses stilvolle Accessoire wird Ihre Einrichtung <strong>perfekt erg\u00e4nzen<\/strong>.<\/p><p><strong>Werten Sie Ihren Billardraum noch heute auf!<\/strong><\/p><p>Verbessern Sie Ihr Spielerlebnis mit der <strong>Queue-Halter Kugel<\/strong> \u2013 der ultimativen Aufbewahrungsl\u00f6sung f\u00fcr <strong>designbewusste Spieler<\/strong>. <strong>W\u00e4hlen Sie Ihre Lieblingsfarbe<\/strong> und genie\u00dfen Sie ein <strong>stilvolles und aufger\u00e4umtes Billard-Ambiente<\/strong>!<\/p>\t\t\t\t\t\t\t\t<\/div>\n\t\t\t\t<div class=\"elementor-element elementor-element-602a229 elementor-widget elementor-widget-image\" data-id=\"602a229\" data-element_type=\"widget\" data-e-type=\"widget\" data-widget_type=\"image.default\">\n\t\t\t\t\t\t\t\t\t\t\t\t\t\t\t<img fetchpriority=\"high\" decoding=\"async\" width=\"800\" height=\"800\" src=\"https:\/\/www.fusiontables.com\/wp-content\/uploads\/2024\/11\/cue-holder-2023-1024x1024.jpg\" class=\"attachment-large size-large wp-image-2550\" alt=\"\" srcset=\"https:\/\/www.fusiontables.com\/wp-content\/uploads\/2024\/11\/cue-holder-2023-1024x1024.jpg 1024w, https:\/\/www.fusiontables.com\/wp-content\/uploads\/2024\/11\/cue-holder-2023-300x300.jpg 300w, https:\/\/www.fusiontables.com\/wp-content\/uploads\/2024\/11\/cue-holder-2023-150x150.jpg 150w, https:\/\/www.fusiontables.com\/wp-content\/uploads\/2024\/11\/cue-holder-2023-768x768.jpg 768w, https:\/\/www.fusiontables.com\/wp-content\/uploads\/2024\/11\/cue-holder-2023.jpg 1200w\" sizes=\"(max-width: 800px) 100vw, 800px\" \/>\t\t\t\t\t\t\t\t\t\t\t\t\t\t\t<\/div>\n\t\t\t\t<div class=\"elementor-element elementor-element-51f7a22 elementor-widget elementor-widget-text-editor\" data-id=\"51f7a22\" data-element_type=\"widget\" data-e-type=\"widget\" data-widget_type=\"text-editor.default\">\n\t\t\t\t\t\t\t\t\t<p>Technische Daten: 16 cm Durchmesser | 4 Aufbewahrungsl\u00f6cher | Metallfu\u00df | 4 Farben erh\u00e4ltlich: Schwarz, Fushia, <span class=\"--l --r popup_anchor_highlight__with_key_targetContextEditing\">O<\/span>range, Rot<\/p>\t\t\t\t\t\t\t\t<\/div>\n\t\t\t\t<div class=\"elementor-element elementor-element-54a5c50 elementor-widget elementor-widget-image\" data-id=\"54a5c50\" data-element_type=\"widget\" data-e-type=\"widget\" data-widget_type=\"image.default\">\n\t\t\t\t\t\t\t\t\t\t\t\t\t\t\t<img decoding=\"async\" width=\"250\" height=\"62\" src=\"https:\/\/www.fusiontables.com\/wp-content\/uploads\/2024\/11\/color-cue-holder.jpg\" class=\"attachment-large size-large wp-image-2556\" alt=\"\" \/>\t\t\t\t\t\t\t\t\t\t\t\t\t\t\t<\/div>\n\t\t\t\t\t<\/div>\n\t\t\t\t<\/div>\n\t\t\t\t<\/div>\n\t\t","protected":false},"excerpt":{"rendered":"<p>Revolution\u00e4re Queue-Halter Kugel: Eine Stilvolle und Praktische Erg\u00e4nzung f\u00fcr Ihr Wohnzimmer Entdecken Sie die Queue-Halter Kugel, die perfekte Kombination aus Eleganz und Funktionalit\u00e4t f\u00fcr moderne Billardliebhaber. Diese innovative phenolische Kugel wurde speziell entwickelt, um moderne Billard-Esstische zu erg\u00e4nzen und eine platzsparende sowie stilvolle L\u00f6sung zur Aufbewahrung Ihrer Queues zu bieten. Bewahren Sie Ihre Queues mit [&hellip;]<\/p>\n","protected":false},"author":2,"featured_media":0,"parent":0,"menu_order":0,"comment_status":"closed","ping_status":"closed","template":"","meta":{"_acf_changed":false,"footnotes":""},"class_list":["post-2576","page","type-page","status-publish","hentry"],"acf":[],"yoast_head":"<!-- This site is optimized with the Yoast SEO plugin v27.4 - https:\/\/yoast.com\/product\/yoast-seo-wordpress\/ -->\n<title>Cue Holder - Fusion Tables<\/title>\n<meta name=\"robots\" content=\"index, follow, max-snippet:-1, max-image-preview:large, max-video-preview:-1\" \/>\n<link rel=\"canonical\" href=\"https:\/\/www.fusiontables.com\/de\/cue-holder\/\" \/>\n<meta property=\"og:locale\" content=\"de_DE\" \/>\n<meta property=\"og:type\" content=\"article\" \/>\n<meta property=\"og:title\" content=\"Cue Holder - Fusion Tables\" \/>\n<meta property=\"og:description\" content=\"Revolution\u00e4re Queue-Halter Kugel: Eine Stilvolle und Praktische Erg\u00e4nzung f\u00fcr Ihr Wohnzimmer Entdecken Sie die Queue-Halter Kugel, die perfekte Kombination aus Eleganz und Funktionalit\u00e4t f\u00fcr moderne Billardliebhaber. Diese innovative phenolische Kugel wurde speziell entwickelt, um moderne Billard-Esstische zu erg\u00e4nzen und eine platzsparende sowie stilvolle L\u00f6sung zur Aufbewahrung Ihrer Queues zu bieten. Bewahren Sie Ihre Queues mit [&hellip;]\" \/>\n<meta property=\"og:url\" content=\"https:\/\/www.fusiontables.com\/de\/cue-holder\/\" \/>\n<meta property=\"og:site_name\" content=\"Fusion Tables\" \/>\n<meta property=\"article:modified_time\" content=\"2025-02-18T13:24:17+00:00\" \/>\n<meta property=\"og:image\" content=\"https:\/\/www.fusiontables.com\/wp-content\/uploads\/2024\/11\/cue-holder-2023-1024x1024.jpg\" \/>\n<meta name=\"twitter:card\" content=\"summary_large_image\" \/>\n<script type=\"application\/ld+json\" class=\"yoast-schema-graph\">{\"@context\":\"https:\\\/\\\/schema.org\",\"@graph\":[{\"@type\":\"WebPage\",\"@id\":\"https:\\\/\\\/www.fusiontables.com\\\/de\\\/cue-holder\\\/\",\"url\":\"https:\\\/\\\/www.fusiontables.com\\\/de\\\/cue-holder\\\/\",\"name\":\"Cue Holder - Fusion Tables\",\"isPartOf\":{\"@id\":\"https:\\\/\\\/www.fusiontables.com\\\/de\\\/#website\"},\"primaryImageOfPage\":{\"@id\":\"https:\\\/\\\/www.fusiontables.com\\\/de\\\/cue-holder\\\/#primaryimage\"},\"image\":{\"@id\":\"https:\\\/\\\/www.fusiontables.com\\\/de\\\/cue-holder\\\/#primaryimage\"},\"thumbnailUrl\":\"https:\\\/\\\/www.fusiontables.com\\\/wp-content\\\/uploads\\\/2024\\\/11\\\/cue-holder-2023-1024x1024.jpg\",\"datePublished\":\"2023-08-29T09:46:36+00:00\",\"dateModified\":\"2025-02-18T13:24:17+00:00\",\"breadcrumb\":{\"@id\":\"https:\\\/\\\/www.fusiontables.com\\\/de\\\/cue-holder\\\/#breadcrumb\"},\"inLanguage\":\"de\",\"potentialAction\":[{\"@type\":\"ReadAction\",\"target\":[\"https:\\\/\\\/www.fusiontables.com\\\/de\\\/cue-holder\\\/\"]}]},{\"@type\":\"ImageObject\",\"inLanguage\":\"de\",\"@id\":\"https:\\\/\\\/www.fusiontables.com\\\/de\\\/cue-holder\\\/#primaryimage\",\"url\":\"https:\\\/\\\/www.fusiontables.com\\\/wp-content\\\/uploads\\\/2024\\\/11\\\/cue-holder-2023-1024x1024.jpg\",\"contentUrl\":\"https:\\\/\\\/www.fusiontables.com\\\/wp-content\\\/uploads\\\/2024\\\/11\\\/cue-holder-2023-1024x1024.jpg\"},{\"@type\":\"BreadcrumbList\",\"@id\":\"https:\\\/\\\/www.fusiontables.com\\\/de\\\/cue-holder\\\/#breadcrumb\",\"itemListElement\":[{\"@type\":\"ListItem\",\"position\":1,\"name\":\"Startseite\",\"item\":\"https:\\\/\\\/www.fusiontables.com\\\/de\\\/\"},{\"@type\":\"ListItem\",\"position\":2,\"name\":\"Cue Holder\"}]},{\"@type\":\"WebSite\",\"@id\":\"https:\\\/\\\/www.fusiontables.com\\\/de\\\/#website\",\"url\":\"https:\\\/\\\/www.fusiontables.com\\\/de\\\/\",\"name\":\"Fusion Tables\",\"description\":\"\",\"publisher\":{\"@id\":\"https:\\\/\\\/www.fusiontables.com\\\/de\\\/#organization\"},\"potentialAction\":[{\"@type\":\"SearchAction\",\"target\":{\"@type\":\"EntryPoint\",\"urlTemplate\":\"https:\\\/\\\/www.fusiontables.com\\\/de\\\/?s={search_term_string}\"},\"query-input\":{\"@type\":\"PropertyValueSpecification\",\"valueRequired\":true,\"valueName\":\"search_term_string\"}}],\"inLanguage\":\"de\"},{\"@type\":\"Organization\",\"@id\":\"https:\\\/\\\/www.fusiontables.com\\\/de\\\/#organization\",\"name\":\"Fusion Tables\",\"url\":\"https:\\\/\\\/www.fusiontables.com\\\/de\\\/\",\"logo\":{\"@type\":\"ImageObject\",\"inLanguage\":\"de\",\"@id\":\"https:\\\/\\\/www.fusiontables.com\\\/de\\\/#\\\/schema\\\/logo\\\/image\\\/\",\"url\":\"https:\\\/\\\/www.fusiontables.com\\\/wp-content\\\/uploads\\\/2024\\\/11\\\/Fusiontables-Logo.png\",\"contentUrl\":\"https:\\\/\\\/www.fusiontables.com\\\/wp-content\\\/uploads\\\/2024\\\/11\\\/Fusiontables-Logo.png\",\"width\":514,\"height\":119,\"caption\":\"Fusion Tables\"},\"image\":{\"@id\":\"https:\\\/\\\/www.fusiontables.com\\\/de\\\/#\\\/schema\\\/logo\\\/image\\\/\"}}]}<\/script>\n<!-- \/ Yoast SEO plugin. -->","yoast_head_json":{"title":"Cue Holder - Fusion Tables","robots":{"index":"index","follow":"follow","max-snippet":"max-snippet:-1","max-image-preview":"max-image-preview:large","max-video-preview":"max-video-preview:-1"},"canonical":"https:\/\/www.fusiontables.com\/de\/cue-holder\/","og_locale":"de_DE","og_type":"article","og_title":"Cue Holder - Fusion Tables","og_description":"Revolution\u00e4re Queue-Halter Kugel: Eine Stilvolle und Praktische Erg\u00e4nzung f\u00fcr Ihr Wohnzimmer Entdecken Sie die Queue-Halter Kugel, die perfekte Kombination aus Eleganz und Funktionalit\u00e4t f\u00fcr moderne Billardliebhaber. Diese innovative phenolische Kugel wurde speziell entwickelt, um moderne Billard-Esstische zu erg\u00e4nzen und eine platzsparende sowie stilvolle L\u00f6sung zur Aufbewahrung Ihrer Queues zu bieten. Bewahren Sie Ihre Queues mit [&hellip;]","og_url":"https:\/\/www.fusiontables.com\/de\/cue-holder\/","og_site_name":"Fusion Tables","article_modified_time":"2025-02-18T13:24:17+00:00","og_image":[{"url":"https:\/\/www.fusiontables.com\/wp-content\/uploads\/2024\/11\/cue-holder-2023-1024x1024.jpg","type":"","width":"","height":""}],"twitter_card":"summary_large_image","schema":{"@context":"https:\/\/schema.org","@graph":[{"@type":"WebPage","@id":"https:\/\/www.fusiontables.com\/de\/cue-holder\/","url":"https:\/\/www.fusiontables.com\/de\/cue-holder\/","name":"Cue Holder - Fusion Tables","isPartOf":{"@id":"https:\/\/www.fusiontables.com\/de\/#website"},"primaryImageOfPage":{"@id":"https:\/\/www.fusiontables.com\/de\/cue-holder\/#primaryimage"},"image":{"@id":"https:\/\/www.fusiontables.com\/de\/cue-holder\/#primaryimage"},"thumbnailUrl":"https:\/\/www.fusiontables.com\/wp-content\/uploads\/2024\/11\/cue-holder-2023-1024x1024.jpg","datePublished":"2023-08-29T09:46:36+00:00","dateModified":"2025-02-18T13:24:17+00:00","breadcrumb":{"@id":"https:\/\/www.fusiontables.com\/de\/cue-holder\/#breadcrumb"},"inLanguage":"de","potentialAction":[{"@type":"ReadAction","target":["https:\/\/www.fusiontables.com\/de\/cue-holder\/"]}]},{"@type":"ImageObject","inLanguage":"de","@id":"https:\/\/www.fusiontables.com\/de\/cue-holder\/#primaryimage","url":"https:\/\/www.fusiontables.com\/wp-content\/uploads\/2024\/11\/cue-holder-2023-1024x1024.jpg","contentUrl":"https:\/\/www.fusiontables.com\/wp-content\/uploads\/2024\/11\/cue-holder-2023-1024x1024.jpg"},{"@type":"BreadcrumbList","@id":"https:\/\/www.fusiontables.com\/de\/cue-holder\/#breadcrumb","itemListElement":[{"@type":"ListItem","position":1,"name":"Startseite","item":"https:\/\/www.fusiontables.com\/de\/"},{"@type":"ListItem","position":2,"name":"Cue Holder"}]},{"@type":"WebSite","@id":"https:\/\/www.fusiontables.com\/de\/#website","url":"https:\/\/www.fusiontables.com\/de\/","name":"Fusion Tables","description":"","publisher":{"@id":"https:\/\/www.fusiontables.com\/de\/#organization"},"potentialAction":[{"@type":"SearchAction","target":{"@type":"EntryPoint","urlTemplate":"https:\/\/www.fusiontables.com\/de\/?s={search_term_string}"},"query-input":{"@type":"PropertyValueSpecification","valueRequired":true,"valueName":"search_term_string"}}],"inLanguage":"de"},{"@type":"Organization","@id":"https:\/\/www.fusiontables.com\/de\/#organization","name":"Fusion Tables","url":"https:\/\/www.fusiontables.com\/de\/","logo":{"@type":"ImageObject","inLanguage":"de","@id":"https:\/\/www.fusiontables.com\/de\/#\/schema\/logo\/image\/","url":"https:\/\/www.fusiontables.com\/wp-content\/uploads\/2024\/11\/Fusiontables-Logo.png","contentUrl":"https:\/\/www.fusiontables.com\/wp-content\/uploads\/2024\/11\/Fusiontables-Logo.png","width":514,"height":119,"caption":"Fusion Tables"},"image":{"@id":"https:\/\/www.fusiontables.com\/de\/#\/schema\/logo\/image\/"}}]}},"_links":{"self":[{"href":"https:\/\/www.fusiontables.com\/de\/wp-json\/wp\/v2\/pages\/2576","targetHints":{"allow":["GET"]}}],"collection":[{"href":"https:\/\/www.fusiontables.com\/de\/wp-json\/wp\/v2\/pages"}],"about":[{"href":"https:\/\/www.fusiontables.com\/de\/wp-json\/wp\/v2\/types\/page"}],"author":[{"embeddable":true,"href":"https:\/\/www.fusiontables.com\/de\/wp-json\/wp\/v2\/users\/2"}],"replies":[{"embeddable":true,"href":"https:\/\/www.fusiontables.com\/de\/wp-json\/wp\/v2\/comments?post=2576"}],"version-history":[{"count":36,"href":"https:\/\/www.fusiontables.com\/de\/wp-json\/wp\/v2\/pages\/2576\/revisions"}],"predecessor-version":[{"id":4490,"href":"https:\/\/www.fusiontables.com\/de\/wp-json\/wp\/v2\/pages\/2576\/revisions\/4490"}],"wp:attachment":[{"href":"https:\/\/www.fusiontables.com\/de\/wp-json\/wp\/v2\/media?parent=2576"}],"curies":[{"name":"wp","href":"https:\/\/api.w.org\/{rel}","templated":true}]}}