{"id":300,"date":"2018-05-30T15:11:08","date_gmt":"2018-05-30T13:11:08","guid":{"rendered":"https:\/\/www.fusiontables.com\/qualitat\/"},"modified":"2025-04-03T10:15:42","modified_gmt":"2025-04-03T08:15:42","slug":"qualitat","status":"publish","type":"page","link":"https:\/\/www.fusiontables.com\/de\/qualitat\/","title":{"rendered":"Qualit\u00e4t"},"content":{"rendered":"\t\t<div data-elementor-type=\"wp-page\" data-elementor-id=\"300\" class=\"elementor elementor-300 elementor-293\" data-elementor-post-type=\"page\">\n\t\t\t\t<div class=\"elementor-element elementor-element-1ce5b92 e-flex e-con-boxed e-con e-parent\" data-id=\"1ce5b92\" data-element_type=\"container\" data-e-type=\"container\">\n\t\t\t\t\t<div class=\"e-con-inner\">\n\t\t\t\t<div class=\"elementor-element elementor-element-1e1b7dcf elementor-widget elementor-widget-text-editor\" data-id=\"1e1b7dcf\" data-element_type=\"widget\" data-e-type=\"widget\" data-widget_type=\"text-editor.default\">\n\t\t\t\t\t\t\t\t\t<p>Aus der Kombination dieser hohen Technologie des verwandelbaren Billards, die wir bei Fusiontables beherrschen, und der sorgf\u00e4ltigen \u00c4sthetik der Endbearbeitung, die heute nur noch von leidenschaftlichen Handwerkern geliefert werden kann, ergibt sich ein Design-Billard f\u00fcr das Esszimmer und eine Ergonomie, die jeder als au\u00dfergew\u00f6hnlich empfinden wird, und das f\u00fcr mehrere Generationen. Hochwertige Komponenten, <a href=\"https:\/\/www.fusiontables.com\/de\/finishes\/\"><strong>moderne Materialien<\/strong><\/a> und eine <strong>strenge Auswahl der <a href=\"https:\/\/www.fusiontables.com\/de\/poolbillard-esstisch-holzarten\/\">besten Holzarten<\/a><\/strong>.<\/p><p><strong><a id=\"el\" name=\"el\"><\/a>\u00a0EASY-LIFT SYSTEM \u00ae<\/strong><\/p><p><img fetchpriority=\"high\" decoding=\"async\" class=\" size-full wp-image-263\" src=\"https:\/\/www.fusiontables.com\/wp-content\/uploads\/2018\/05\/lift1-d0c.jpg\" alt=\"Lift\" width=\"1140\" height=\"560\" data-align=\"center\" data-entity-type=\"file\" data-entity-uuid=\"dec316c0-4958-43b4-af3d-431fa887dc3e\" srcset=\"https:\/\/www.fusiontables.com\/wp-content\/uploads\/2018\/05\/lift1-d0c.jpg 1140w, https:\/\/www.fusiontables.com\/wp-content\/uploads\/2018\/05\/lift1-d0c-300x147.jpg 300w, https:\/\/www.fusiontables.com\/wp-content\/uploads\/2018\/05\/lift1-d0c-1024x503.jpg 1024w, https:\/\/www.fusiontables.com\/wp-content\/uploads\/2018\/05\/lift1-d0c-768x377.jpg 768w\" sizes=\"(max-width: 1140px) 100vw, 1140px\" \/><\/p><p>Viele Billardtische sind mit einer Vorrichtung zum Anheben oder Absenken des Tisches auf die zum Spielen und Essen erforderlichen H\u00f6hen ausgestattet. Das Ger\u00e4t ist oft in der Struktur und damit im Tischprofil verborgen, was den Tisch eher unpraktisch und oft weniger attraktiv macht, da er klobiger anzusehen ist. In unserem Bestreben nach einem optimierten Design hat Fusiontables beschlossen, sein Hebesystem in die Tischbeine zu integrieren, sodass es vollst\u00e4ndig unsichtbar ist.<\/p><p>Alle unsere <a href=\"https:\/\/www.fusiontables.com\/de\/ess-billardtisch-kombi\/\"><strong>verwandelbaren Ess und Billardtische<\/strong><\/a> sind mit dem Easy-Lift-System ausgestattet. Auf diese Weise k\u00f6nnen Sie den Tisch m\u00fchelos von 75 cm auf die offizielle H\u00f6he anheben, um eine komfortable Partie Billard zu spielen. Das System erfordert keine besondere Wartung und ist mit einem patentierten automatischen zweistufigen Befestigungssystem ausgestattet, um einen stabilen, regelm\u00e4\u00dfigen und flachen Spielbereich zu gew\u00e4hrleisten, wenn sich der Tisch in einer &#8222;hohen&#8220; Position befindet.<br \/>Mit diesem System kann jedes Bein individuell und sehr genau eingestellt werden, um sicherzustellen, dass Ihr moderner PoolBillard esstisch immer die richtige H\u00f6he hat.<br \/>Um einen langlebigen und hochwertigen Billardtisch zu erhalten, m\u00fcssen nat\u00fcrlich auch <strong>der <a href=\"https:\/\/www.fusiontables.com\/quality\/#ar\">Schiefer<\/a><\/strong>, das <a href=\"https:\/\/www.fusiontables.com\/de\/qualitat\/#ds\"><strong>Billardtuch<\/strong><\/a>, die <strong>Taschen und Netze<\/strong> sowie die <a href=\"https:\/\/www.fusiontables.com\/de\/qualitat\/#bk\"><strong>Banden <\/strong><\/a>von au\u00dfergew\u00f6hnlicher Qualit\u00e4t sein.\u00a0<\/p><p><strong><a id=\"ql\" name=\"ql\"><\/a>MATERIALIEN VON EINZIGARTIGER QUALIT\u00c4T<\/strong><\/p><p><img decoding=\"async\" class=\" size-full wp-image-294\" src=\"https:\/\/www.fusiontables.com\/wp-content\/uploads\/2018\/05\/feature22-281.jpg\" alt=\"Fusion\" width=\"1140\" height=\"560\" data-align=\"center\" data-entity-type=\"file\" data-entity-uuid=\"94b48365-eb21-4406-be08-a1324409fae0\" srcset=\"https:\/\/www.fusiontables.com\/wp-content\/uploads\/2018\/05\/feature22-281.jpg 1140w, https:\/\/www.fusiontables.com\/wp-content\/uploads\/2018\/05\/feature22-281-300x147.jpg 300w, https:\/\/www.fusiontables.com\/wp-content\/uploads\/2018\/05\/feature22-281-1024x503.jpg 1024w, https:\/\/www.fusiontables.com\/wp-content\/uploads\/2018\/05\/feature22-281-768x377.jpg 768w\" sizes=\"(max-width: 1140px) 100vw, 1140px\" \/><\/p><p>Diese Kombination aus modernster Billardtechnologie, die wir hier bei Fusiontables hervorheben, und der Sch\u00f6nheit einer sorgf\u00e4ltigen Verarbeitung, die heute nur von engagierten Handwerkern angeboten werden kann, hat ein Design und eine Ergonomie hervorgebracht,die \u00a0au\u00dfergew\u00f6hnlich ist, etwas, das \u00a0mehrere Generationen dauern wird. Hochwertige Komponenten, Hi-tec Innovationen und <strong>moderne Materialien<\/strong>, die sorgf\u00e4ltige Auswahl der <a href=\"\/de\/holz-ausfuehrungen\"><strong>allerbesten H\u00f6lzer<\/strong><\/a>.<\/p><p><strong><a id=\"fp\" name=\"fp\"><\/a>FLACHES BEUTELSYSTEM<\/strong><\/p><p><img decoding=\"async\" class=\" size-full wp-image-269\" src=\"https:\/\/www.fusiontables.com\/wp-content\/uploads\/2018\/05\/feature3_0-9ac.jpg\" alt=\"flat pocket system\" width=\"1140\" height=\"560\" data-align=\"center\" data-entity-type=\"file\" data-entity-uuid=\"7dd56a14-e317-4fd3-af53-8adcb986e292\" srcset=\"https:\/\/www.fusiontables.com\/wp-content\/uploads\/2018\/05\/feature3_0-9ac.jpg 1140w, https:\/\/www.fusiontables.com\/wp-content\/uploads\/2018\/05\/feature3_0-9ac-300x147.jpg 300w, https:\/\/www.fusiontables.com\/wp-content\/uploads\/2018\/05\/feature3_0-9ac-1024x503.jpg 1024w, https:\/\/www.fusiontables.com\/wp-content\/uploads\/2018\/05\/feature3_0-9ac-768x377.jpg 768w\" sizes=\"(max-width: 1140px) 100vw, 1140px\" \/><\/p><p>Damit alle Teile des <a href=\"https:\/\/www.fusiontables.com\/de\/ess-billardtisch-kombi\/\"><strong>verwandelbaren Billardtisches<\/strong><\/a> unauff\u00e4llig in das weniger als 12 cm dicke Fusion-Tischprofil eingesetzt werden k\u00f6nnen, wurde ein ausgekl\u00fcgeltes und einzigartiges Taschensystem entwickelt. Diese besteht aus einer starken elastischen Hightech-Nylonmembran, die alle B\u00e4lle w\u00e4hrend des Spiels in der Tasche h\u00e4lt und nach dem Entfernen der B\u00e4lle in ihre urspr\u00fcngliche flache Position zur\u00fcckkehrt. Dar\u00fcber befindet sich auch ein Metallschiebersystem, mit dem die Kugeln l\u00e4nger in den Taschen aufbewahrt werden k\u00f6nnen, ohne sie zu verformen. Um einen langlebigen und hochwertigen Billardtisch zu erhalten, m\u00fcssen nat\u00fcrlich auch <strong>der <a href=\"#ar\">Schiefer<\/a><\/strong>, das <a href=\"#ds\"><strong>Billardtuch<\/strong><\/a>, das Hebesystem und die Banden von au\u00dfergew\u00f6hnlicher Qualit\u00e4t sein.<\/p><p><strong><a id=\"bk\" name=\"bk\"><\/a>\u00a0\u00abK66\u00bb BANDEN Kissen<\/strong><\/p><p><img loading=\"lazy\" decoding=\"async\" class=\" size-full wp-image-275\" src=\"https:\/\/www.fusiontables.com\/wp-content\/uploads\/2018\/05\/feature4-cc3.jpg\" alt=\"K66\" width=\"1140\" height=\"560\" data-align=\"center\" data-entity-type=\"file\" data-entity-uuid=\"2041b920-cc7a-4224-96fa-243127762ffd\" srcset=\"https:\/\/www.fusiontables.com\/wp-content\/uploads\/2018\/05\/feature4-cc3.jpg 1140w, https:\/\/www.fusiontables.com\/wp-content\/uploads\/2018\/05\/feature4-cc3-300x147.jpg 300w, https:\/\/www.fusiontables.com\/wp-content\/uploads\/2018\/05\/feature4-cc3-1024x503.jpg 1024w, https:\/\/www.fusiontables.com\/wp-content\/uploads\/2018\/05\/feature4-cc3-768x377.jpg 768w\" sizes=\"(max-width: 1140px) 100vw, 1140px\" \/><\/p><p>Der Fusion-Billardtisch ist mit Velocity-K66-Schienen ausgestattet, die daf\u00fcr bekannt sind, die beste Elastizit\u00e4t zu bieten, und somit eine hohe Pr\u00e4zision im Spiel erm\u00f6glichen. Die Schienen der meisten Billardtische bestehen aus Kunststoff oder Naturkautschuk. Kunststoffschienen verlieren offensichtlich mit der Zeit ihre Elastizit\u00e4t und werden zu sogenannten &#8222;toten Schienen&#8220;. Die besten Marken verwenden Naturkautschuk, der einen perfekten und dauerhaften Sprung garantiert. Um einen langlebigen und hochwertigen Billardtisch zu erhalten, m\u00fcssen nat\u00fcrlich auch <strong>der <a href=\"#ar\">Schiefer<\/a><\/strong>, das <a href=\"#ds\"><strong>Billardtuch<\/strong><\/a>, die <a href=\"#fp\"><strong>Taschen und Netze<\/strong><\/a> sowie das Hebesystem von au\u00dfergew\u00f6hnlicher Qualit\u00e4t sein.<\/p><p><strong><a id=\"ds\" name=\"ds\"><\/a>IWAN SIMONIS WETTKAMPFTUCH<\/strong><\/p><p><img loading=\"lazy\" decoding=\"async\" class=\" size-full wp-image-281\" src=\"https:\/\/www.fusiontables.com\/wp-content\/uploads\/2018\/05\/simonis-colors2-035.png\" alt=\"simonis colors\" width=\"800\" height=\"853\" data-align=\"center\" data-entity-type=\"file\" data-entity-uuid=\"e8c20a8d-86ed-48ad-a16a-aa9e4a2c981b\" srcset=\"https:\/\/www.fusiontables.com\/wp-content\/uploads\/2018\/05\/simonis-colors2-035.png 800w, https:\/\/www.fusiontables.com\/wp-content\/uploads\/2018\/05\/simonis-colors2-035-281x300.png 281w, https:\/\/www.fusiontables.com\/wp-content\/uploads\/2018\/05\/simonis-colors2-035-768x819.png 768w\" sizes=\"(max-width: 800px) 100vw, 800px\" \/><\/p><p>Der Fusion-Billard und EssTisch Kobination ist immer mit einem <strong><a href=\"https:\/\/iwansimonis.com\/\" target=\"_blank\" rel=\"noopener\">Simonis<\/a><\/strong>-Filz ausgestattet, einer weltweiten Marke und einzigartige Referenz f\u00fcr diese Art von Bezug. Diese Filze, die mindestens 70% Wolle enthalten und nach professionellen Standards geb\u00fcrstet sind, garantieren eine optimale Geschwindigkeit, ein glattes Abrollen, eine einfache Wartung und eine au\u00dfergew\u00f6hnliche Lebensdauer.<\/p><p>Das Billardtuch (die Spielfl\u00e4che) besteht im Allgemeinen aus Nylon und Wolle f\u00fcr Premium-Tische und synthetischen Fasern f\u00fcr die anderen Tische. Nur ein qualitativ hochwertiges Tuch garantiert die sanfte, gleichm\u00e4\u00dfige und pr\u00e4zise Bewegung des Balls. Erfahrene Spieler sind sehr anspruchsvoll, wenn es um die Qualit\u00e4t des Stoffes geht, und Kammgarnfasern erzeugen die Geschwindigkeit und die beste Pr\u00e4zision im Spiel.<br \/><strong><a href=\"https:\/\/iwansimonis.com\/\" target=\"_blank\" rel=\"noopener\">Simonis<\/a><\/strong> bietet auch eine spezielle fl\u00fcssigkeitsresistente Faser an, die f\u00fcr &#8222;lebhaftere&#8220; Mahlzeiten n\u00fctzlich sein k\u00f6nnten.\u00a0Diese schmutzabweisende Abdeckung hei\u00dft H2O und ist in der Fusiontables-Brosch\u00fcre in vier Farben erh\u00e4ltlich.<\/p><p>Um einen langlebigen und hochwertigen Billardtisch zu erhalten, m\u00fcssen nat\u00fcrlich auch <a href=\"#ar\"><strong>der Schiefer<\/strong><\/a>, das <a href=\"#el\"><strong>Hebesystem<\/strong><\/a>, die <a href=\"#fp\"><strong>Taschen und Netze<\/strong><\/a> sowie die <a href=\"#bk\"><strong>Banden <\/strong><\/a>von au\u00dfergew\u00f6hnlicher Qualit\u00e4t sein.<\/p><p><strong><a id=\"ar\" name=\"ar\"><\/a>Einteilige Schieferplatte<\/strong><\/p><p><img loading=\"lazy\" decoding=\"async\" class=\" size-full wp-image-287\" src=\"https:\/\/www.fusiontables.com\/wp-content\/uploads\/2018\/05\/feature7-8b9.jpg\" alt=\"Slate\" width=\"1140\" height=\"560\" data-align=\"center\" data-entity-type=\"file\" data-entity-uuid=\"deefdcc0-ce45-405d-9441-16e5b2db9331\" srcset=\"https:\/\/www.fusiontables.com\/wp-content\/uploads\/2018\/05\/feature7-8b9.jpg 1140w, https:\/\/www.fusiontables.com\/wp-content\/uploads\/2018\/05\/feature7-8b9-300x147.jpg 300w, https:\/\/www.fusiontables.com\/wp-content\/uploads\/2018\/05\/feature7-8b9-1024x503.jpg 1024w, https:\/\/www.fusiontables.com\/wp-content\/uploads\/2018\/05\/feature7-8b9-768x377.jpg 768w\" sizes=\"(max-width: 1140px) 100vw, 1140px\" \/><\/p><p>Der Fusion-Ess und Billard KombiTisch ist mit einem 19 mm starken Naturstein versehen, der in unseren Werkst\u00e4tten bearbeitet wurde. Da der Schiefer aus einem St\u00fcck besteht, sind zu einem sp\u00e4teren Zeitpunkt keine Anpassungen durch einen Fachmann erforderlich, wie dies beim traditionellen dreiteiligen Schiefer der Fall ist.<\/p><p>\u00a0Gegenw\u00e4rtig gibt es keine bessere Alternative f\u00fcr das Billardspielen. Die von &#8222;billigeren&#8220; Herstellern verwendeten Ersatzstoffe sind Verbundholz, Glasfaser und andere synthetische Komponenten, aber keine davon wird von Profispielern akzeptiert, da sie nicht die gleiche Stabilit\u00e4t, Haltbarkeit und Pr\u00e4zision bieten wie Naturschiefer.<br \/>Schiefer ist das Produkt von Jahrtausenden vulkanischer Sedimentation. Nach der Extraktion wird dieses hochwertige Material geschnitten, kalibriert und ver\u00e4ndert, was einen hohen Arbeitsaufwand bedeutet. Standardschiefer ist in verschiedenen St\u00e4rken erh\u00e4ltlich, abh\u00e4ngig von der Gr\u00f6\u00dfe des Tisches und dem ausgew\u00e4hlten Spiel.<\/p><p>\u00a0Um einen langlebigen und hochwertigen Billardtisch zu erhalten, m\u00fcssen nat\u00fcrlich auch das <a href=\"#el\"><strong>Hebesystem<\/strong><\/a>, das <a href=\"#ds\"><strong>Billardtuch<\/strong><\/a>, die <a href=\"#fp\"><strong>Taschen und Netze<\/strong><\/a> sowie die <a href=\"#bk\"><strong>Banden <\/strong><\/a>von au\u00dfergew\u00f6hnlicher Qualit\u00e4t sein.<\/p>\t\t\t\t\t\t\t\t<\/div>\n\t\t\t\t\t<\/div>\n\t\t\t\t<\/div>\n\t\t\t\t<\/div>\n\t\t","protected":false},"excerpt":{"rendered":"<p>Aus der Kombination dieser hohen Technologie des verwandelbaren Billards, die wir bei Fusiontables beherrschen, und der sorgf\u00e4ltigen \u00c4sthetik der Endbearbeitung, die heute nur noch von leidenschaftlichen Handwerkern geliefert werden kann, ergibt sich ein Design-Billard f\u00fcr das Esszimmer und eine Ergonomie, die jeder als au\u00dfergew\u00f6hnlich empfinden wird, und das f\u00fcr mehrere Generationen. Hochwertige Komponenten, moderne Materialien [&hellip;]<\/p>\n","protected":false},"author":2,"featured_media":263,"parent":0,"menu_order":0,"comment_status":"closed","ping_status":"closed","template":"","meta":{"_acf_changed":false,"footnotes":""},"class_list":["post-300","page","type-page","status-publish","has-post-thumbnail","hentry"],"acf":[],"yoast_head":"<!-- This site is optimized with the Yoast SEO plugin v27.3 - https:\/\/yoast.com\/product\/yoast-seo-wordpress\/ -->\n<title>Qualit\u00e4t - Fusion Tables<\/title>\n<meta name=\"robots\" content=\"index, follow, max-snippet:-1, max-image-preview:large, max-video-preview:-1\" \/>\n<link rel=\"canonical\" href=\"https:\/\/www.fusiontables.com\/de\/qualitat\/\" \/>\n<meta property=\"og:locale\" content=\"de_DE\" \/>\n<meta property=\"og:type\" content=\"article\" \/>\n<meta property=\"og:title\" content=\"Qualit\u00e4t - Fusion Tables\" \/>\n<meta property=\"og:description\" content=\"Aus der Kombination dieser hohen Technologie des verwandelbaren Billards, die wir bei Fusiontables beherrschen, und der sorgf\u00e4ltigen \u00c4sthetik der Endbearbeitung, die heute nur noch von leidenschaftlichen Handwerkern geliefert werden kann, ergibt sich ein Design-Billard f\u00fcr das Esszimmer und eine Ergonomie, die jeder als au\u00dfergew\u00f6hnlich empfinden wird, und das f\u00fcr mehrere Generationen. Hochwertige Komponenten, moderne Materialien [&hellip;]\" \/>\n<meta property=\"og:url\" content=\"https:\/\/www.fusiontables.com\/de\/qualitat\/\" \/>\n<meta property=\"og:site_name\" content=\"Fusion Tables\" \/>\n<meta property=\"article:modified_time\" content=\"2025-04-03T08:15:42+00:00\" \/>\n<meta property=\"og:image\" content=\"https:\/\/www.fusiontables.com\/wp-content\/uploads\/2018\/05\/lift1-d0c.jpg\" \/>\n\t<meta property=\"og:image:width\" content=\"1140\" \/>\n\t<meta property=\"og:image:height\" content=\"560\" \/>\n\t<meta property=\"og:image:type\" content=\"image\/jpeg\" \/>\n<meta name=\"twitter:card\" content=\"summary_large_image\" \/>\n<meta name=\"twitter:label1\" content=\"Gesch\u00e4tzte Lesezeit\" \/>\n\t<meta name=\"twitter:data1\" content=\"6\u00a0Minuten\" \/>\n<script type=\"application\/ld+json\" class=\"yoast-schema-graph\">{\"@context\":\"https:\\\/\\\/schema.org\",\"@graph\":[{\"@type\":\"WebPage\",\"@id\":\"https:\\\/\\\/www.fusiontables.com\\\/de\\\/qualitat\\\/\",\"url\":\"https:\\\/\\\/www.fusiontables.com\\\/de\\\/qualitat\\\/\",\"name\":\"Qualit\u00e4t - Fusion Tables\",\"isPartOf\":{\"@id\":\"https:\\\/\\\/www.fusiontables.com\\\/de\\\/#website\"},\"primaryImageOfPage\":{\"@id\":\"https:\\\/\\\/www.fusiontables.com\\\/de\\\/qualitat\\\/#primaryimage\"},\"image\":{\"@id\":\"https:\\\/\\\/www.fusiontables.com\\\/de\\\/qualitat\\\/#primaryimage\"},\"thumbnailUrl\":\"https:\\\/\\\/www.fusiontables.com\\\/wp-content\\\/uploads\\\/2018\\\/05\\\/lift1-d0c.jpg\",\"datePublished\":\"2018-05-30T13:11:08+00:00\",\"dateModified\":\"2025-04-03T08:15:42+00:00\",\"breadcrumb\":{\"@id\":\"https:\\\/\\\/www.fusiontables.com\\\/de\\\/qualitat\\\/#breadcrumb\"},\"inLanguage\":\"de\",\"potentialAction\":[{\"@type\":\"ReadAction\",\"target\":[\"https:\\\/\\\/www.fusiontables.com\\\/de\\\/qualitat\\\/\"]}]},{\"@type\":\"ImageObject\",\"inLanguage\":\"de\",\"@id\":\"https:\\\/\\\/www.fusiontables.com\\\/de\\\/qualitat\\\/#primaryimage\",\"url\":\"https:\\\/\\\/www.fusiontables.com\\\/wp-content\\\/uploads\\\/2018\\\/05\\\/lift1-d0c.jpg\",\"contentUrl\":\"https:\\\/\\\/www.fusiontables.com\\\/wp-content\\\/uploads\\\/2018\\\/05\\\/lift1-d0c.jpg\",\"width\":1140,\"height\":560,\"caption\":\"Lift\"},{\"@type\":\"BreadcrumbList\",\"@id\":\"https:\\\/\\\/www.fusiontables.com\\\/de\\\/qualitat\\\/#breadcrumb\",\"itemListElement\":[{\"@type\":\"ListItem\",\"position\":1,\"name\":\"Startseite\",\"item\":\"https:\\\/\\\/www.fusiontables.com\\\/de\\\/\"},{\"@type\":\"ListItem\",\"position\":2,\"name\":\"Qualit\u00e4t\"}]},{\"@type\":\"WebSite\",\"@id\":\"https:\\\/\\\/www.fusiontables.com\\\/de\\\/#website\",\"url\":\"https:\\\/\\\/www.fusiontables.com\\\/de\\\/\",\"name\":\"Fusion Tables\",\"description\":\"\",\"publisher\":{\"@id\":\"https:\\\/\\\/www.fusiontables.com\\\/de\\\/#organization\"},\"potentialAction\":[{\"@type\":\"SearchAction\",\"target\":{\"@type\":\"EntryPoint\",\"urlTemplate\":\"https:\\\/\\\/www.fusiontables.com\\\/de\\\/?s={search_term_string}\"},\"query-input\":{\"@type\":\"PropertyValueSpecification\",\"valueRequired\":true,\"valueName\":\"search_term_string\"}}],\"inLanguage\":\"de\"},{\"@type\":\"Organization\",\"@id\":\"https:\\\/\\\/www.fusiontables.com\\\/de\\\/#organization\",\"name\":\"Fusion Tables\",\"url\":\"https:\\\/\\\/www.fusiontables.com\\\/de\\\/\",\"logo\":{\"@type\":\"ImageObject\",\"inLanguage\":\"de\",\"@id\":\"https:\\\/\\\/www.fusiontables.com\\\/de\\\/#\\\/schema\\\/logo\\\/image\\\/\",\"url\":\"https:\\\/\\\/www.fusiontables.com\\\/wp-content\\\/uploads\\\/2024\\\/11\\\/Fusiontables-Logo.png\",\"contentUrl\":\"https:\\\/\\\/www.fusiontables.com\\\/wp-content\\\/uploads\\\/2024\\\/11\\\/Fusiontables-Logo.png\",\"width\":514,\"height\":119,\"caption\":\"Fusion Tables\"},\"image\":{\"@id\":\"https:\\\/\\\/www.fusiontables.com\\\/de\\\/#\\\/schema\\\/logo\\\/image\\\/\"}}]}<\/script>\n<!-- \/ Yoast SEO plugin. -->","yoast_head_json":{"title":"Qualit\u00e4t - Fusion Tables","robots":{"index":"index","follow":"follow","max-snippet":"max-snippet:-1","max-image-preview":"max-image-preview:large","max-video-preview":"max-video-preview:-1"},"canonical":"https:\/\/www.fusiontables.com\/de\/qualitat\/","og_locale":"de_DE","og_type":"article","og_title":"Qualit\u00e4t - Fusion Tables","og_description":"Aus der Kombination dieser hohen Technologie des verwandelbaren Billards, die wir bei Fusiontables beherrschen, und der sorgf\u00e4ltigen \u00c4sthetik der Endbearbeitung, die heute nur noch von leidenschaftlichen Handwerkern geliefert werden kann, ergibt sich ein Design-Billard f\u00fcr das Esszimmer und eine Ergonomie, die jeder als au\u00dfergew\u00f6hnlich empfinden wird, und das f\u00fcr mehrere Generationen. Hochwertige Komponenten, moderne Materialien [&hellip;]","og_url":"https:\/\/www.fusiontables.com\/de\/qualitat\/","og_site_name":"Fusion Tables","article_modified_time":"2025-04-03T08:15:42+00:00","og_image":[{"width":1140,"height":560,"url":"https:\/\/www.fusiontables.com\/wp-content\/uploads\/2018\/05\/lift1-d0c.jpg","type":"image\/jpeg"}],"twitter_card":"summary_large_image","twitter_misc":{"Gesch\u00e4tzte Lesezeit":"6\u00a0Minuten"},"schema":{"@context":"https:\/\/schema.org","@graph":[{"@type":"WebPage","@id":"https:\/\/www.fusiontables.com\/de\/qualitat\/","url":"https:\/\/www.fusiontables.com\/de\/qualitat\/","name":"Qualit\u00e4t - Fusion Tables","isPartOf":{"@id":"https:\/\/www.fusiontables.com\/de\/#website"},"primaryImageOfPage":{"@id":"https:\/\/www.fusiontables.com\/de\/qualitat\/#primaryimage"},"image":{"@id":"https:\/\/www.fusiontables.com\/de\/qualitat\/#primaryimage"},"thumbnailUrl":"https:\/\/www.fusiontables.com\/wp-content\/uploads\/2018\/05\/lift1-d0c.jpg","datePublished":"2018-05-30T13:11:08+00:00","dateModified":"2025-04-03T08:15:42+00:00","breadcrumb":{"@id":"https:\/\/www.fusiontables.com\/de\/qualitat\/#breadcrumb"},"inLanguage":"de","potentialAction":[{"@type":"ReadAction","target":["https:\/\/www.fusiontables.com\/de\/qualitat\/"]}]},{"@type":"ImageObject","inLanguage":"de","@id":"https:\/\/www.fusiontables.com\/de\/qualitat\/#primaryimage","url":"https:\/\/www.fusiontables.com\/wp-content\/uploads\/2018\/05\/lift1-d0c.jpg","contentUrl":"https:\/\/www.fusiontables.com\/wp-content\/uploads\/2018\/05\/lift1-d0c.jpg","width":1140,"height":560,"caption":"Lift"},{"@type":"BreadcrumbList","@id":"https:\/\/www.fusiontables.com\/de\/qualitat\/#breadcrumb","itemListElement":[{"@type":"ListItem","position":1,"name":"Startseite","item":"https:\/\/www.fusiontables.com\/de\/"},{"@type":"ListItem","position":2,"name":"Qualit\u00e4t"}]},{"@type":"WebSite","@id":"https:\/\/www.fusiontables.com\/de\/#website","url":"https:\/\/www.fusiontables.com\/de\/","name":"Fusion Tables","description":"","publisher":{"@id":"https:\/\/www.fusiontables.com\/de\/#organization"},"potentialAction":[{"@type":"SearchAction","target":{"@type":"EntryPoint","urlTemplate":"https:\/\/www.fusiontables.com\/de\/?s={search_term_string}"},"query-input":{"@type":"PropertyValueSpecification","valueRequired":true,"valueName":"search_term_string"}}],"inLanguage":"de"},{"@type":"Organization","@id":"https:\/\/www.fusiontables.com\/de\/#organization","name":"Fusion Tables","url":"https:\/\/www.fusiontables.com\/de\/","logo":{"@type":"ImageObject","inLanguage":"de","@id":"https:\/\/www.fusiontables.com\/de\/#\/schema\/logo\/image\/","url":"https:\/\/www.fusiontables.com\/wp-content\/uploads\/2024\/11\/Fusiontables-Logo.png","contentUrl":"https:\/\/www.fusiontables.com\/wp-content\/uploads\/2024\/11\/Fusiontables-Logo.png","width":514,"height":119,"caption":"Fusion Tables"},"image":{"@id":"https:\/\/www.fusiontables.com\/de\/#\/schema\/logo\/image\/"}}]}},"_links":{"self":[{"href":"https:\/\/www.fusiontables.com\/de\/wp-json\/wp\/v2\/pages\/300","targetHints":{"allow":["GET"]}}],"collection":[{"href":"https:\/\/www.fusiontables.com\/de\/wp-json\/wp\/v2\/pages"}],"about":[{"href":"https:\/\/www.fusiontables.com\/de\/wp-json\/wp\/v2\/types\/page"}],"author":[{"embeddable":true,"href":"https:\/\/www.fusiontables.com\/de\/wp-json\/wp\/v2\/users\/2"}],"replies":[{"embeddable":true,"href":"https:\/\/www.fusiontables.com\/de\/wp-json\/wp\/v2\/comments?post=300"}],"version-history":[{"count":29,"href":"https:\/\/www.fusiontables.com\/de\/wp-json\/wp\/v2\/pages\/300\/revisions"}],"predecessor-version":[{"id":4771,"href":"https:\/\/www.fusiontables.com\/de\/wp-json\/wp\/v2\/pages\/300\/revisions\/4771"}],"wp:featuredmedia":[{"embeddable":true,"href":"https:\/\/www.fusiontables.com\/de\/wp-json\/wp\/v2\/media\/263"}],"wp:attachment":[{"href":"https:\/\/www.fusiontables.com\/de\/wp-json\/wp\/v2\/media?parent=300"}],"curies":[{"name":"wp","href":"https:\/\/api.w.org\/{rel}","templated":true}]}}