{"id":306,"date":"2018-09-21T14:47:10","date_gmt":"2018-09-21T12:47:10","guid":{"rendered":"https:\/\/www.fusiontables.com\/einen-wiederverkaufer-finden\/"},"modified":"2018-09-21T14:47:10","modified_gmt":"2018-09-21T12:47:10","slug":"einen-wiederverkaufer-finden","status":"publish","type":"page","link":"https:\/\/www.fusiontables.com\/de\/einen-wiederverkaufer-finden\/","title":{"rendered":"Einen Wiederverk\u00e4ufer finden"},"content":{"rendered":"<div class=\"moz-signature\">Diese H\u00e4ndlersuche findet das n\u00e4chstgelegene Gesch\u00e4ft in Ihrer N\u00e4he in dein Land.<br \/>\nSollte diese Verkaufsstelle zu weit entfernt sein, kontaktieren Sie uns bitte per E-Mail : <a href=\"mailto:pos@fusiontables.com\" style=\"box-sizing: border-box; background: transparent; color:\n        rgb(0, 0, 0); text-decoration: none;\">pos@fusiontables.com<\/a><\/div>\n<div class=\"moz-signature\">&nbsp;<\/div>\n<p>&nbsp;<\/p>\n<div id=\"storemapper\" style=\"width:100%;\">\n<p>Store Locator is loading from <a href=\"https:\/\/www.storemapper.co\">Storemapper store locator app<\/a>&#8230;<\/p>\n<\/div>\n<p><script data-storemapper-start='2018,10,02'\n        data-storemapper-id='5208'>\n        (function() {var script = document.createElement('script');\n          script.type  = 'text\/javascript';script.async = true;\n          script.src = 'https:\/\/www.storemapper.co\/js\/widget.js';\n          var entry = document.getElementsByTagName('script')[0];\n          entry.parentNode.insertBefore(script, entry);}\n        ());\n<\/script><\/p>\n<p>&nbsp;<\/p>\n","protected":false},"excerpt":{"rendered":"<p>Diese H\u00e4ndlersuche findet das n\u00e4chstgelegene Gesch\u00e4ft in Ihrer N\u00e4he in dein Land. Sollte diese Verkaufsstelle zu weit entfernt sein, kontaktieren Sie uns bitte per E-Mail : pos@fusiontables.com &nbsp; &nbsp; Store Locator is loading from Storemapper store locator app&#8230; &nbsp;<\/p>\n","protected":false},"author":1,"featured_media":0,"parent":0,"menu_order":0,"comment_status":"closed","ping_status":"closed","template":"","meta":{"_acf_changed":false,"footnotes":""},"class_list":["post-306","page","type-page","status-publish","hentry"],"acf":[],"yoast_head":"<!-- This site is optimized with the Yoast SEO plugin v27.4 - https:\/\/yoast.com\/product\/yoast-seo-wordpress\/ -->\n<title>Einen Wiederverk\u00e4ufer finden - Fusion Tables<\/title>\n<meta name=\"robots\" content=\"index, follow, max-snippet:-1, max-image-preview:large, max-video-preview:-1\" \/>\n<link rel=\"canonical\" href=\"https:\/\/www.fusiontables.com\/de\/einen-wiederverkaufer-finden\/\" \/>\n<meta property=\"og:locale\" content=\"de_DE\" \/>\n<meta property=\"og:type\" content=\"article\" \/>\n<meta property=\"og:title\" content=\"Einen Wiederverk\u00e4ufer finden - Fusion Tables\" \/>\n<meta property=\"og:description\" content=\"Diese H\u00e4ndlersuche findet das n\u00e4chstgelegene Gesch\u00e4ft in Ihrer N\u00e4he in dein Land. Sollte diese Verkaufsstelle zu weit entfernt sein, kontaktieren Sie uns bitte per E-Mail : pos@fusiontables.com &nbsp; &nbsp; Store Locator is loading from Storemapper store locator app&#8230; &nbsp;\" \/>\n<meta property=\"og:url\" content=\"https:\/\/www.fusiontables.com\/de\/einen-wiederverkaufer-finden\/\" \/>\n<meta property=\"og:site_name\" content=\"Fusion Tables\" \/>\n<meta name=\"twitter:card\" content=\"summary_large_image\" \/>\n<script type=\"application\/ld+json\" class=\"yoast-schema-graph\">{\"@context\":\"https:\\\/\\\/schema.org\",\"@graph\":[{\"@type\":\"WebPage\",\"@id\":\"https:\\\/\\\/www.fusiontables.com\\\/de\\\/einen-wiederverkaufer-finden\\\/\",\"url\":\"https:\\\/\\\/www.fusiontables.com\\\/de\\\/einen-wiederverkaufer-finden\\\/\",\"name\":\"Einen Wiederverk\u00e4ufer finden - Fusion Tables\",\"isPartOf\":{\"@id\":\"https:\\\/\\\/www.fusiontables.com\\\/de\\\/#website\"},\"datePublished\":\"2018-09-21T12:47:10+00:00\",\"breadcrumb\":{\"@id\":\"https:\\\/\\\/www.fusiontables.com\\\/de\\\/einen-wiederverkaufer-finden\\\/#breadcrumb\"},\"inLanguage\":\"de\",\"potentialAction\":[{\"@type\":\"ReadAction\",\"target\":[\"https:\\\/\\\/www.fusiontables.com\\\/de\\\/einen-wiederverkaufer-finden\\\/\"]}]},{\"@type\":\"BreadcrumbList\",\"@id\":\"https:\\\/\\\/www.fusiontables.com\\\/de\\\/einen-wiederverkaufer-finden\\\/#breadcrumb\",\"itemListElement\":[{\"@type\":\"ListItem\",\"position\":1,\"name\":\"Startseite\",\"item\":\"https:\\\/\\\/www.fusiontables.com\\\/de\\\/\"},{\"@type\":\"ListItem\",\"position\":2,\"name\":\"Einen Wiederverk\u00e4ufer finden\"}]},{\"@type\":\"WebSite\",\"@id\":\"https:\\\/\\\/www.fusiontables.com\\\/de\\\/#website\",\"url\":\"https:\\\/\\\/www.fusiontables.com\\\/de\\\/\",\"name\":\"Fusion Tables\",\"description\":\"\",\"publisher\":{\"@id\":\"https:\\\/\\\/www.fusiontables.com\\\/de\\\/#organization\"},\"potentialAction\":[{\"@type\":\"SearchAction\",\"target\":{\"@type\":\"EntryPoint\",\"urlTemplate\":\"https:\\\/\\\/www.fusiontables.com\\\/de\\\/?s={search_term_string}\"},\"query-input\":{\"@type\":\"PropertyValueSpecification\",\"valueRequired\":true,\"valueName\":\"search_term_string\"}}],\"inLanguage\":\"de\"},{\"@type\":\"Organization\",\"@id\":\"https:\\\/\\\/www.fusiontables.com\\\/de\\\/#organization\",\"name\":\"Fusion Tables\",\"url\":\"https:\\\/\\\/www.fusiontables.com\\\/de\\\/\",\"logo\":{\"@type\":\"ImageObject\",\"inLanguage\":\"de\",\"@id\":\"https:\\\/\\\/www.fusiontables.com\\\/de\\\/#\\\/schema\\\/logo\\\/image\\\/\",\"url\":\"https:\\\/\\\/www.fusiontables.com\\\/wp-content\\\/uploads\\\/2024\\\/11\\\/Fusiontables-Logo.png\",\"contentUrl\":\"https:\\\/\\\/www.fusiontables.com\\\/wp-content\\\/uploads\\\/2024\\\/11\\\/Fusiontables-Logo.png\",\"width\":514,\"height\":119,\"caption\":\"Fusion Tables\"},\"image\":{\"@id\":\"https:\\\/\\\/www.fusiontables.com\\\/de\\\/#\\\/schema\\\/logo\\\/image\\\/\"}}]}<\/script>\n<!-- \/ Yoast SEO plugin. -->","yoast_head_json":{"title":"Einen Wiederverk\u00e4ufer finden - Fusion Tables","robots":{"index":"index","follow":"follow","max-snippet":"max-snippet:-1","max-image-preview":"max-image-preview:large","max-video-preview":"max-video-preview:-1"},"canonical":"https:\/\/www.fusiontables.com\/de\/einen-wiederverkaufer-finden\/","og_locale":"de_DE","og_type":"article","og_title":"Einen Wiederverk\u00e4ufer finden - Fusion Tables","og_description":"Diese H\u00e4ndlersuche findet das n\u00e4chstgelegene Gesch\u00e4ft in Ihrer N\u00e4he in dein Land. Sollte diese Verkaufsstelle zu weit entfernt sein, kontaktieren Sie uns bitte per E-Mail : pos@fusiontables.com &nbsp; &nbsp; Store Locator is loading from Storemapper store locator app&#8230; &nbsp;","og_url":"https:\/\/www.fusiontables.com\/de\/einen-wiederverkaufer-finden\/","og_site_name":"Fusion Tables","twitter_card":"summary_large_image","schema":{"@context":"https:\/\/schema.org","@graph":[{"@type":"WebPage","@id":"https:\/\/www.fusiontables.com\/de\/einen-wiederverkaufer-finden\/","url":"https:\/\/www.fusiontables.com\/de\/einen-wiederverkaufer-finden\/","name":"Einen Wiederverk\u00e4ufer finden - Fusion Tables","isPartOf":{"@id":"https:\/\/www.fusiontables.com\/de\/#website"},"datePublished":"2018-09-21T12:47:10+00:00","breadcrumb":{"@id":"https:\/\/www.fusiontables.com\/de\/einen-wiederverkaufer-finden\/#breadcrumb"},"inLanguage":"de","potentialAction":[{"@type":"ReadAction","target":["https:\/\/www.fusiontables.com\/de\/einen-wiederverkaufer-finden\/"]}]},{"@type":"BreadcrumbList","@id":"https:\/\/www.fusiontables.com\/de\/einen-wiederverkaufer-finden\/#breadcrumb","itemListElement":[{"@type":"ListItem","position":1,"name":"Startseite","item":"https:\/\/www.fusiontables.com\/de\/"},{"@type":"ListItem","position":2,"name":"Einen Wiederverk\u00e4ufer finden"}]},{"@type":"WebSite","@id":"https:\/\/www.fusiontables.com\/de\/#website","url":"https:\/\/www.fusiontables.com\/de\/","name":"Fusion Tables","description":"","publisher":{"@id":"https:\/\/www.fusiontables.com\/de\/#organization"},"potentialAction":[{"@type":"SearchAction","target":{"@type":"EntryPoint","urlTemplate":"https:\/\/www.fusiontables.com\/de\/?s={search_term_string}"},"query-input":{"@type":"PropertyValueSpecification","valueRequired":true,"valueName":"search_term_string"}}],"inLanguage":"de"},{"@type":"Organization","@id":"https:\/\/www.fusiontables.com\/de\/#organization","name":"Fusion Tables","url":"https:\/\/www.fusiontables.com\/de\/","logo":{"@type":"ImageObject","inLanguage":"de","@id":"https:\/\/www.fusiontables.com\/de\/#\/schema\/logo\/image\/","url":"https:\/\/www.fusiontables.com\/wp-content\/uploads\/2024\/11\/Fusiontables-Logo.png","contentUrl":"https:\/\/www.fusiontables.com\/wp-content\/uploads\/2024\/11\/Fusiontables-Logo.png","width":514,"height":119,"caption":"Fusion Tables"},"image":{"@id":"https:\/\/www.fusiontables.com\/de\/#\/schema\/logo\/image\/"}}]}},"_links":{"self":[{"href":"https:\/\/www.fusiontables.com\/de\/wp-json\/wp\/v2\/pages\/306","targetHints":{"allow":["GET"]}}],"collection":[{"href":"https:\/\/www.fusiontables.com\/de\/wp-json\/wp\/v2\/pages"}],"about":[{"href":"https:\/\/www.fusiontables.com\/de\/wp-json\/wp\/v2\/types\/page"}],"author":[{"embeddable":true,"href":"https:\/\/www.fusiontables.com\/de\/wp-json\/wp\/v2\/users\/1"}],"replies":[{"embeddable":true,"href":"https:\/\/www.fusiontables.com\/de\/wp-json\/wp\/v2\/comments?post=306"}],"version-history":[{"count":0,"href":"https:\/\/www.fusiontables.com\/de\/wp-json\/wp\/v2\/pages\/306\/revisions"}],"wp:attachment":[{"href":"https:\/\/www.fusiontables.com\/de\/wp-json\/wp\/v2\/media?parent=306"}],"curies":[{"name":"wp","href":"https:\/\/api.w.org\/{rel}","templated":true}]}}