{"id":391,"date":"2019-04-05T15:24:42","date_gmt":"2019-04-05T13:24:42","guid":{"rendered":"https:\/\/www.fusiontables.com\/finishes\/"},"modified":"2025-02-11T09:51:10","modified_gmt":"2025-02-11T08:51:10","slug":"finishes","status":"publish","type":"page","link":"https:\/\/www.fusiontables.com\/de\/finishes\/","title":{"rendered":"FINISHES"},"content":{"rendered":"<p class=\"text-align-justify\">Um die anspruchsvollsten Benutzer und Designer anzulocken, w\u00e4hlt Fusiontables nur Oberfl\u00e4chen aus, die den h\u00f6chsten Qualit\u00e4tsstandards der europ\u00e4ischen M\u00f6belindustrie entsprechen.<\/p>\n<p class=\"text-align-justify\">Die <strong><a href=\"https:\/\/www.fusiontables.com\/de\/poolbillard-esstisch-holzarten\/\">Holzfurniere<\/a><\/strong>, Lacke, Farben, <strong><a href=\"https:\/\/www.fusiontables.com\/de\/kombinierbare-billard-esstisch-rock-reverso\/\">Keramiken<\/a><\/strong> und <strong><a href=\"https:\/\/www.fusiontables.com\/de\/metall-ausfuhrungen\/\">Eisenwaren werden<\/a><\/strong> in jeder Phase des Herstellungsprozesses bis zur endg\u00fcltigen Verpackung gepr\u00fcft. Diese st\u00e4ndige Fokussierung auf Details bedeutet, dass unsere <a href=\"https:\/\/www.fusiontables.com\/de\/ess-billardtisch-kombi\/\"><strong>verwandelbaren Billardtische<\/strong><\/a>, <a href=\"https:\/\/www.fusiontables.com\/de\/banke-und-hocker\/\"><strong>unsere B\u00e4nke<\/strong> und <\/a><strong><a href=\"https:\/\/www.fusiontables.com\/de\/banke-und-hocker\/\">Hocker<\/a> <\/strong>nach dem Kauf eine lange Lebensdauer haben und jahrelang ein Hingucker in Ihrem Interieur sind.\n<\/p>\n<p><img fetchpriority=\"high\" decoding=\"async\" class=\" size-full wp-image-384\" src=\"https:\/\/www.fusiontables.com\/wp-content\/uploads\/2019\/04\/finition-table-45f.jpg\" alt=\"finition table\" width=\"1200\" height=\"494\" data-align=\"center\" data-entity-type=\"file\" data-entity-uuid=\"306decb7-71d7-4f85-a5ef-7f150db28f69\" srcset=\"https:\/\/www.fusiontables.com\/wp-content\/uploads\/2019\/04\/finition-table-45f.jpg 1200w, https:\/\/www.fusiontables.com\/wp-content\/uploads\/2019\/04\/finition-table-45f-300x124.jpg 300w, https:\/\/www.fusiontables.com\/wp-content\/uploads\/2019\/04\/finition-table-45f-1024x422.jpg 1024w, https:\/\/www.fusiontables.com\/wp-content\/uploads\/2019\/04\/finition-table-45f-768x316.jpg 768w\" sizes=\"(max-width: 1200px) 100vw, 1200px\" \/><\/p>\n","protected":false},"excerpt":{"rendered":"<p>Um die anspruchsvollsten Benutzer und Designer anzulocken, w\u00e4hlt Fusiontables nur Oberfl\u00e4chen aus, die den h\u00f6chsten Qualit\u00e4tsstandards der europ\u00e4ischen M\u00f6belindustrie entsprechen. Die Holzfurniere, Lacke, Farben, Keramiken und Eisenwaren werden in jeder Phase des Herstellungsprozesses bis zur endg\u00fcltigen Verpackung gepr\u00fcft. Diese st\u00e4ndige Fokussierung auf Details bedeutet, dass unsere verwandelbaren Billardtische, unsere B\u00e4nke und Hocker nach dem Kauf [&hellip;]<\/p>\n","protected":false},"author":1,"featured_media":384,"parent":0,"menu_order":0,"comment_status":"closed","ping_status":"closed","template":"","meta":{"_acf_changed":false,"footnotes":""},"class_list":["post-391","page","type-page","status-publish","has-post-thumbnail","hentry"],"acf":[],"yoast_head":"<!-- This site is optimized with the Yoast SEO plugin v27.4 - https:\/\/yoast.com\/product\/yoast-seo-wordpress\/ -->\n<title>FINISHES - Fusion Tables<\/title>\n<meta name=\"robots\" content=\"index, follow, max-snippet:-1, max-image-preview:large, max-video-preview:-1\" \/>\n<link rel=\"canonical\" href=\"https:\/\/www.fusiontables.com\/de\/finishes\/\" \/>\n<meta property=\"og:locale\" content=\"de_DE\" \/>\n<meta property=\"og:type\" content=\"article\" \/>\n<meta property=\"og:title\" content=\"FINISHES - Fusion Tables\" \/>\n<meta property=\"og:description\" content=\"Um die anspruchsvollsten Benutzer und Designer anzulocken, w\u00e4hlt Fusiontables nur Oberfl\u00e4chen aus, die den h\u00f6chsten Qualit\u00e4tsstandards der europ\u00e4ischen M\u00f6belindustrie entsprechen. Die Holzfurniere, Lacke, Farben, Keramiken und Eisenwaren werden in jeder Phase des Herstellungsprozesses bis zur endg\u00fcltigen Verpackung gepr\u00fcft. Diese st\u00e4ndige Fokussierung auf Details bedeutet, dass unsere verwandelbaren Billardtische, unsere B\u00e4nke und Hocker nach dem Kauf [&hellip;]\" \/>\n<meta property=\"og:url\" content=\"https:\/\/www.fusiontables.com\/de\/finishes\/\" \/>\n<meta property=\"og:site_name\" content=\"Fusion Tables\" \/>\n<meta property=\"article:modified_time\" content=\"2025-02-11T08:51:10+00:00\" \/>\n<meta property=\"og:image\" content=\"https:\/\/www.fusiontables.com\/wp-content\/uploads\/2019\/04\/finition-table-45f.jpg\" \/>\n\t<meta property=\"og:image:width\" content=\"1200\" \/>\n\t<meta property=\"og:image:height\" content=\"494\" \/>\n\t<meta property=\"og:image:type\" content=\"image\/jpeg\" \/>\n<meta name=\"twitter:card\" content=\"summary_large_image\" \/>\n<meta name=\"twitter:label1\" content=\"Gesch\u00e4tzte Lesezeit\" \/>\n\t<meta name=\"twitter:data1\" content=\"1\u00a0Minute\" \/>\n<script type=\"application\/ld+json\" class=\"yoast-schema-graph\">{\"@context\":\"https:\\\/\\\/schema.org\",\"@graph\":[{\"@type\":\"WebPage\",\"@id\":\"https:\\\/\\\/www.fusiontables.com\\\/de\\\/finishes\\\/\",\"url\":\"https:\\\/\\\/www.fusiontables.com\\\/de\\\/finishes\\\/\",\"name\":\"FINISHES - Fusion Tables\",\"isPartOf\":{\"@id\":\"https:\\\/\\\/www.fusiontables.com\\\/de\\\/#website\"},\"primaryImageOfPage\":{\"@id\":\"https:\\\/\\\/www.fusiontables.com\\\/de\\\/finishes\\\/#primaryimage\"},\"image\":{\"@id\":\"https:\\\/\\\/www.fusiontables.com\\\/de\\\/finishes\\\/#primaryimage\"},\"thumbnailUrl\":\"https:\\\/\\\/www.fusiontables.com\\\/wp-content\\\/uploads\\\/2019\\\/04\\\/finition-table-45f.jpg\",\"datePublished\":\"2019-04-05T13:24:42+00:00\",\"dateModified\":\"2025-02-11T08:51:10+00:00\",\"breadcrumb\":{\"@id\":\"https:\\\/\\\/www.fusiontables.com\\\/de\\\/finishes\\\/#breadcrumb\"},\"inLanguage\":\"de\",\"potentialAction\":[{\"@type\":\"ReadAction\",\"target\":[\"https:\\\/\\\/www.fusiontables.com\\\/de\\\/finishes\\\/\"]}]},{\"@type\":\"ImageObject\",\"inLanguage\":\"de\",\"@id\":\"https:\\\/\\\/www.fusiontables.com\\\/de\\\/finishes\\\/#primaryimage\",\"url\":\"https:\\\/\\\/www.fusiontables.com\\\/wp-content\\\/uploads\\\/2019\\\/04\\\/finition-table-45f.jpg\",\"contentUrl\":\"https:\\\/\\\/www.fusiontables.com\\\/wp-content\\\/uploads\\\/2019\\\/04\\\/finition-table-45f.jpg\",\"width\":1200,\"height\":494,\"caption\":\"finition table\"},{\"@type\":\"BreadcrumbList\",\"@id\":\"https:\\\/\\\/www.fusiontables.com\\\/de\\\/finishes\\\/#breadcrumb\",\"itemListElement\":[{\"@type\":\"ListItem\",\"position\":1,\"name\":\"Startseite\",\"item\":\"https:\\\/\\\/www.fusiontables.com\\\/de\\\/\"},{\"@type\":\"ListItem\",\"position\":2,\"name\":\"FINISHES\"}]},{\"@type\":\"WebSite\",\"@id\":\"https:\\\/\\\/www.fusiontables.com\\\/de\\\/#website\",\"url\":\"https:\\\/\\\/www.fusiontables.com\\\/de\\\/\",\"name\":\"Fusion Tables\",\"description\":\"\",\"publisher\":{\"@id\":\"https:\\\/\\\/www.fusiontables.com\\\/de\\\/#organization\"},\"potentialAction\":[{\"@type\":\"SearchAction\",\"target\":{\"@type\":\"EntryPoint\",\"urlTemplate\":\"https:\\\/\\\/www.fusiontables.com\\\/de\\\/?s={search_term_string}\"},\"query-input\":{\"@type\":\"PropertyValueSpecification\",\"valueRequired\":true,\"valueName\":\"search_term_string\"}}],\"inLanguage\":\"de\"},{\"@type\":\"Organization\",\"@id\":\"https:\\\/\\\/www.fusiontables.com\\\/de\\\/#organization\",\"name\":\"Fusion Tables\",\"url\":\"https:\\\/\\\/www.fusiontables.com\\\/de\\\/\",\"logo\":{\"@type\":\"ImageObject\",\"inLanguage\":\"de\",\"@id\":\"https:\\\/\\\/www.fusiontables.com\\\/de\\\/#\\\/schema\\\/logo\\\/image\\\/\",\"url\":\"https:\\\/\\\/www.fusiontables.com\\\/wp-content\\\/uploads\\\/2024\\\/11\\\/Fusiontables-Logo.png\",\"contentUrl\":\"https:\\\/\\\/www.fusiontables.com\\\/wp-content\\\/uploads\\\/2024\\\/11\\\/Fusiontables-Logo.png\",\"width\":514,\"height\":119,\"caption\":\"Fusion Tables\"},\"image\":{\"@id\":\"https:\\\/\\\/www.fusiontables.com\\\/de\\\/#\\\/schema\\\/logo\\\/image\\\/\"}}]}<\/script>\n<!-- \/ Yoast SEO plugin. -->","yoast_head_json":{"title":"FINISHES - Fusion Tables","robots":{"index":"index","follow":"follow","max-snippet":"max-snippet:-1","max-image-preview":"max-image-preview:large","max-video-preview":"max-video-preview:-1"},"canonical":"https:\/\/www.fusiontables.com\/de\/finishes\/","og_locale":"de_DE","og_type":"article","og_title":"FINISHES - Fusion Tables","og_description":"Um die anspruchsvollsten Benutzer und Designer anzulocken, w\u00e4hlt Fusiontables nur Oberfl\u00e4chen aus, die den h\u00f6chsten Qualit\u00e4tsstandards der europ\u00e4ischen M\u00f6belindustrie entsprechen. Die Holzfurniere, Lacke, Farben, Keramiken und Eisenwaren werden in jeder Phase des Herstellungsprozesses bis zur endg\u00fcltigen Verpackung gepr\u00fcft. Diese st\u00e4ndige Fokussierung auf Details bedeutet, dass unsere verwandelbaren Billardtische, unsere B\u00e4nke und Hocker nach dem Kauf [&hellip;]","og_url":"https:\/\/www.fusiontables.com\/de\/finishes\/","og_site_name":"Fusion Tables","article_modified_time":"2025-02-11T08:51:10+00:00","og_image":[{"width":1200,"height":494,"url":"https:\/\/www.fusiontables.com\/wp-content\/uploads\/2019\/04\/finition-table-45f.jpg","type":"image\/jpeg"}],"twitter_card":"summary_large_image","twitter_misc":{"Gesch\u00e4tzte Lesezeit":"1\u00a0Minute"},"schema":{"@context":"https:\/\/schema.org","@graph":[{"@type":"WebPage","@id":"https:\/\/www.fusiontables.com\/de\/finishes\/","url":"https:\/\/www.fusiontables.com\/de\/finishes\/","name":"FINISHES - Fusion Tables","isPartOf":{"@id":"https:\/\/www.fusiontables.com\/de\/#website"},"primaryImageOfPage":{"@id":"https:\/\/www.fusiontables.com\/de\/finishes\/#primaryimage"},"image":{"@id":"https:\/\/www.fusiontables.com\/de\/finishes\/#primaryimage"},"thumbnailUrl":"https:\/\/www.fusiontables.com\/wp-content\/uploads\/2019\/04\/finition-table-45f.jpg","datePublished":"2019-04-05T13:24:42+00:00","dateModified":"2025-02-11T08:51:10+00:00","breadcrumb":{"@id":"https:\/\/www.fusiontables.com\/de\/finishes\/#breadcrumb"},"inLanguage":"de","potentialAction":[{"@type":"ReadAction","target":["https:\/\/www.fusiontables.com\/de\/finishes\/"]}]},{"@type":"ImageObject","inLanguage":"de","@id":"https:\/\/www.fusiontables.com\/de\/finishes\/#primaryimage","url":"https:\/\/www.fusiontables.com\/wp-content\/uploads\/2019\/04\/finition-table-45f.jpg","contentUrl":"https:\/\/www.fusiontables.com\/wp-content\/uploads\/2019\/04\/finition-table-45f.jpg","width":1200,"height":494,"caption":"finition table"},{"@type":"BreadcrumbList","@id":"https:\/\/www.fusiontables.com\/de\/finishes\/#breadcrumb","itemListElement":[{"@type":"ListItem","position":1,"name":"Startseite","item":"https:\/\/www.fusiontables.com\/de\/"},{"@type":"ListItem","position":2,"name":"FINISHES"}]},{"@type":"WebSite","@id":"https:\/\/www.fusiontables.com\/de\/#website","url":"https:\/\/www.fusiontables.com\/de\/","name":"Fusion Tables","description":"","publisher":{"@id":"https:\/\/www.fusiontables.com\/de\/#organization"},"potentialAction":[{"@type":"SearchAction","target":{"@type":"EntryPoint","urlTemplate":"https:\/\/www.fusiontables.com\/de\/?s={search_term_string}"},"query-input":{"@type":"PropertyValueSpecification","valueRequired":true,"valueName":"search_term_string"}}],"inLanguage":"de"},{"@type":"Organization","@id":"https:\/\/www.fusiontables.com\/de\/#organization","name":"Fusion Tables","url":"https:\/\/www.fusiontables.com\/de\/","logo":{"@type":"ImageObject","inLanguage":"de","@id":"https:\/\/www.fusiontables.com\/de\/#\/schema\/logo\/image\/","url":"https:\/\/www.fusiontables.com\/wp-content\/uploads\/2024\/11\/Fusiontables-Logo.png","contentUrl":"https:\/\/www.fusiontables.com\/wp-content\/uploads\/2024\/11\/Fusiontables-Logo.png","width":514,"height":119,"caption":"Fusion Tables"},"image":{"@id":"https:\/\/www.fusiontables.com\/de\/#\/schema\/logo\/image\/"}}]}},"_links":{"self":[{"href":"https:\/\/www.fusiontables.com\/de\/wp-json\/wp\/v2\/pages\/391","targetHints":{"allow":["GET"]}}],"collection":[{"href":"https:\/\/www.fusiontables.com\/de\/wp-json\/wp\/v2\/pages"}],"about":[{"href":"https:\/\/www.fusiontables.com\/de\/wp-json\/wp\/v2\/types\/page"}],"author":[{"embeddable":true,"href":"https:\/\/www.fusiontables.com\/de\/wp-json\/wp\/v2\/users\/1"}],"replies":[{"embeddable":true,"href":"https:\/\/www.fusiontables.com\/de\/wp-json\/wp\/v2\/comments?post=391"}],"version-history":[{"count":4,"href":"https:\/\/www.fusiontables.com\/de\/wp-json\/wp\/v2\/pages\/391\/revisions"}],"predecessor-version":[{"id":4090,"href":"https:\/\/www.fusiontables.com\/de\/wp-json\/wp\/v2\/pages\/391\/revisions\/4090"}],"wp:featuredmedia":[{"embeddable":true,"href":"https:\/\/www.fusiontables.com\/de\/wp-json\/wp\/v2\/media\/384"}],"wp:attachment":[{"href":"https:\/\/www.fusiontables.com\/de\/wp-json\/wp\/v2\/media?parent=391"}],"curies":[{"name":"wp","href":"https:\/\/api.w.org\/{rel}","templated":true}]}}