{"id":433,"date":"2019-04-05T15:33:08","date_gmt":"2019-04-05T13:33:08","guid":{"rendered":"https:\/\/www.fusiontables.com\/woodline-kollektion-billardtisch\/"},"modified":"2025-02-11T09:17:52","modified_gmt":"2025-02-11T08:17:52","slug":"woodline-kollektion-billardtisch","status":"publish","type":"page","link":"https:\/\/www.fusiontables.com\/de\/woodline-kollektion-billardtisch\/","title":{"rendered":"Woodline Kollektion &#8211; Billardtisch"},"content":{"rendered":"<p>Nat\u00fcrlicher Touch und ma\u00dfgeschneidertes Design &#8211; eine verr\u00fcckte Herausforderung? Der schlanke, minimalistische <strong>Billardtisch <\/strong>aus nat\u00fcrlichen Materialien erf\u00fcllt diese Herausforderung zu 100%.<br \/>\nDas authentische, zeitlose Ambiente verleiht Ihrem Interieur eine originelle Note, die der Marke Fusiontables entspricht. F\u00fcr diejenigen, die Natur und edle Materialien lieben, f\u00fcgt sich die Woodline-Kollektion aus Nussbaum oder Eiche perfekt in Ihre Umgebung ein, indem sie diesen Design-Billardtisch mit modernen <strong>Sitzen <\/strong>aus derselben Kollektion kombiniert.<\/p>\n<p>Der <strong>Billardtisch<\/strong> verf\u00fcgt auch \u00fcber ein <a href=\"https:\/\/www.fusiontables.com\/de\/qualitat\/#el\"><strong>revolution\u00e4res Easy Lift-System<\/strong><\/a>, sodass er von der herk\u00f6mmlichen H\u00f6he eines herk\u00f6mmlichen Esstisches (75 cm) auf die perfekte H\u00f6he f\u00fcr das Billardspiel (82,5 cm) umger\u00fcstet werden kann.<\/p>\n<p><img fetchpriority=\"high\" decoding=\"async\" class=\" size-full wp-image-414\" alt=\"wood\" data-align=\"center\" data-entity-type=\"file\" data-entity-uuid=\"bdbe2eac-f3a9-465c-be9b-c53498bb27bb\" src=\"https:\/\/www.fusiontables.com\/wp-content\/uploads\/2019\/04\/wood2021-e77.png\" width=\"1200\" height=\"729\" srcset=\"https:\/\/www.fusiontables.com\/wp-content\/uploads\/2019\/04\/wood2021-e77.png 1200w, https:\/\/www.fusiontables.com\/wp-content\/uploads\/2019\/04\/wood2021-e77-300x182.png 300w, https:\/\/www.fusiontables.com\/wp-content\/uploads\/2019\/04\/wood2021-e77-1024x622.png 1024w, https:\/\/www.fusiontables.com\/wp-content\/uploads\/2019\/04\/wood2021-e77-768x467.png 768w\" sizes=\"(max-width: 1200px) 100vw, 1200px\" \/><\/p>\n<p>Unsere Billardtisch sind mit den besten <a href=\"https:\/\/www.fusiontables.com\/de\/qualitat\/\"><strong>professionellen Pool-Billard-Komponenten<\/strong><\/a> ausgestattet, mit dem Iwan Simonis Filz, der immer wieder bei verschiedenen Profi-Billardtischen zum Einsatz kommt (erh\u00e4ltlich in 25 verschiedenen Farben) und Naturkautschukbanden f\u00fcr eine lange Lebensdauer.<\/p>\n<p>Mit den Pooltischtaschen wurde eine innovative L\u00f6sung eingef\u00fchrt, damit die gesamte <a href=\"https:\/\/www.fusiontables.com\/de\/qualitat\/#fp\"><strong>Poolausr\u00fcstung <\/strong><\/a>in der unauff\u00e4lligen Dicke des Billardtisches aufbewahrt werden kann. Die Stretch-Nylon-Textiltechnologie erm\u00f6glicht es der Tasche, sich zu dehnen, wenn die B\u00e4lle hineinfallen, und dann ihre urspr\u00fcngliche Form wiederherzustellen, sobald der Ball heraus genommen wird.<\/p>\n<p>Dieses Woodline-Modell ist in <a href=\"https:\/\/www.fusiontables.com\/de\/metall-ausfuhrungen\/\"><strong>4 Holzarten<\/strong><\/a> erh\u00e4ltlich und l\u00e4sst sich vom Geist Ihres Hauses und dem Charakter seiner Bewohner leiten. Das &#8222;Echte&#8220; einzufangen, das Nat\u00fcrliche zu meistern und mit Holz zu spielen, f\u00fchrte zur Woodline-Kollektion. Wenn Sie sich f\u00fcr den Woodline-Tisch entscheiden, entscheiden Sie sich f\u00fcr Genuss und Gemeinschaft in einem nat\u00fcrlichen in sich ruhendem-Raum.<\/p>\n<p>&nbsp;<\/p>\n<p><img decoding=\"async\" class=\" size-full wp-image-427\" alt=\"Billardtisch\" data-align=\"center\" data-entity-type=\"file\" data-entity-uuid=\"020c6c3a-0da5-46da-8325-d406234dfe4e\" src=\"https:\/\/www.fusiontables.com\/wp-content\/uploads\/2019\/04\/dim-wood_2-761.png\" width=\"1445\" height=\"388\" srcset=\"https:\/\/www.fusiontables.com\/wp-content\/uploads\/2019\/04\/dim-wood_2-761.png 1445w, https:\/\/www.fusiontables.com\/wp-content\/uploads\/2019\/04\/dim-wood_2-761-300x81.png 300w, https:\/\/www.fusiontables.com\/wp-content\/uploads\/2019\/04\/dim-wood_2-761-1024x275.png 1024w, https:\/\/www.fusiontables.com\/wp-content\/uploads\/2019\/04\/dim-wood_2-761-768x206.png 768w\" sizes=\"(max-width: 1445px) 100vw, 1445px\" \/><\/p>\n<p>\n&nbsp;<\/p>\n<p><script defer type=\"text\/javascript\" src=\"https:\/\/viewer.sayduck.com\"><\/script><\/p>\n","protected":false},"excerpt":{"rendered":"<p>Nat\u00fcrlicher Touch und ma\u00dfgeschneidertes Design &#8211; eine verr\u00fcckte Herausforderung? Der schlanke, minimalistische Billardtisch aus nat\u00fcrlichen Materialien erf\u00fcllt diese Herausforderung zu 100%. Das authentische, zeitlose Ambiente verleiht Ihrem Interieur eine originelle Note, die der Marke Fusiontables entspricht. F\u00fcr diejenigen, die Natur und edle Materialien lieben, f\u00fcgt sich die Woodline-Kollektion aus Nussbaum oder Eiche perfekt in Ihre [&hellip;]<\/p>\n","protected":false},"author":1,"featured_media":414,"parent":0,"menu_order":0,"comment_status":"closed","ping_status":"closed","template":"","meta":{"_acf_changed":false,"footnotes":""},"class_list":["post-433","page","type-page","status-publish","has-post-thumbnail","hentry"],"acf":[],"yoast_head":"<!-- This site is optimized with the Yoast SEO plugin v27.4 - https:\/\/yoast.com\/product\/yoast-seo-wordpress\/ -->\n<title>Woodline Kollektion - Billardtisch - Fusion Tables<\/title>\n<meta name=\"robots\" content=\"index, follow, max-snippet:-1, max-image-preview:large, max-video-preview:-1\" \/>\n<link rel=\"canonical\" href=\"https:\/\/www.fusiontables.com\/de\/woodline-kollektion-billardtisch\/\" \/>\n<meta property=\"og:locale\" content=\"de_DE\" \/>\n<meta property=\"og:type\" content=\"article\" \/>\n<meta property=\"og:title\" content=\"Woodline Kollektion - Billardtisch - Fusion Tables\" \/>\n<meta property=\"og:description\" content=\"Nat\u00fcrlicher Touch und ma\u00dfgeschneidertes Design &#8211; eine verr\u00fcckte Herausforderung? Der schlanke, minimalistische Billardtisch aus nat\u00fcrlichen Materialien erf\u00fcllt diese Herausforderung zu 100%. Das authentische, zeitlose Ambiente verleiht Ihrem Interieur eine originelle Note, die der Marke Fusiontables entspricht. F\u00fcr diejenigen, die Natur und edle Materialien lieben, f\u00fcgt sich die Woodline-Kollektion aus Nussbaum oder Eiche perfekt in Ihre [&hellip;]\" \/>\n<meta property=\"og:url\" content=\"https:\/\/www.fusiontables.com\/de\/woodline-kollektion-billardtisch\/\" \/>\n<meta property=\"og:site_name\" content=\"Fusion Tables\" \/>\n<meta property=\"article:modified_time\" content=\"2025-02-11T08:17:52+00:00\" \/>\n<meta property=\"og:image\" content=\"https:\/\/www.fusiontables.com\/wp-content\/uploads\/2019\/04\/wood2021-e77.png\" \/>\n\t<meta property=\"og:image:width\" content=\"1200\" \/>\n\t<meta property=\"og:image:height\" content=\"729\" \/>\n\t<meta property=\"og:image:type\" content=\"image\/png\" \/>\n<meta name=\"twitter:card\" content=\"summary_large_image\" \/>\n<meta name=\"twitter:label1\" content=\"Gesch\u00e4tzte Lesezeit\" \/>\n\t<meta name=\"twitter:data1\" content=\"1\u00a0Minute\" \/>\n<script type=\"application\/ld+json\" class=\"yoast-schema-graph\">{\"@context\":\"https:\\\/\\\/schema.org\",\"@graph\":[{\"@type\":\"WebPage\",\"@id\":\"https:\\\/\\\/www.fusiontables.com\\\/de\\\/woodline-kollektion-billardtisch\\\/\",\"url\":\"https:\\\/\\\/www.fusiontables.com\\\/de\\\/woodline-kollektion-billardtisch\\\/\",\"name\":\"Woodline Kollektion - Billardtisch - Fusion Tables\",\"isPartOf\":{\"@id\":\"https:\\\/\\\/www.fusiontables.com\\\/de\\\/#website\"},\"primaryImageOfPage\":{\"@id\":\"https:\\\/\\\/www.fusiontables.com\\\/de\\\/woodline-kollektion-billardtisch\\\/#primaryimage\"},\"image\":{\"@id\":\"https:\\\/\\\/www.fusiontables.com\\\/de\\\/woodline-kollektion-billardtisch\\\/#primaryimage\"},\"thumbnailUrl\":\"https:\\\/\\\/www.fusiontables.com\\\/wp-content\\\/uploads\\\/2019\\\/04\\\/wood2021-e77.png\",\"datePublished\":\"2019-04-05T13:33:08+00:00\",\"dateModified\":\"2025-02-11T08:17:52+00:00\",\"breadcrumb\":{\"@id\":\"https:\\\/\\\/www.fusiontables.com\\\/de\\\/woodline-kollektion-billardtisch\\\/#breadcrumb\"},\"inLanguage\":\"de\",\"potentialAction\":[{\"@type\":\"ReadAction\",\"target\":[\"https:\\\/\\\/www.fusiontables.com\\\/de\\\/woodline-kollektion-billardtisch\\\/\"]}]},{\"@type\":\"ImageObject\",\"inLanguage\":\"de\",\"@id\":\"https:\\\/\\\/www.fusiontables.com\\\/de\\\/woodline-kollektion-billardtisch\\\/#primaryimage\",\"url\":\"https:\\\/\\\/www.fusiontables.com\\\/wp-content\\\/uploads\\\/2019\\\/04\\\/wood2021-e77.png\",\"contentUrl\":\"https:\\\/\\\/www.fusiontables.com\\\/wp-content\\\/uploads\\\/2019\\\/04\\\/wood2021-e77.png\",\"width\":1200,\"height\":729,\"caption\":\"wood\"},{\"@type\":\"BreadcrumbList\",\"@id\":\"https:\\\/\\\/www.fusiontables.com\\\/de\\\/woodline-kollektion-billardtisch\\\/#breadcrumb\",\"itemListElement\":[{\"@type\":\"ListItem\",\"position\":1,\"name\":\"Startseite\",\"item\":\"https:\\\/\\\/www.fusiontables.com\\\/de\\\/\"},{\"@type\":\"ListItem\",\"position\":2,\"name\":\"Woodline Kollektion &#8211; Billardtisch\"}]},{\"@type\":\"WebSite\",\"@id\":\"https:\\\/\\\/www.fusiontables.com\\\/de\\\/#website\",\"url\":\"https:\\\/\\\/www.fusiontables.com\\\/de\\\/\",\"name\":\"Fusion Tables\",\"description\":\"\",\"publisher\":{\"@id\":\"https:\\\/\\\/www.fusiontables.com\\\/de\\\/#organization\"},\"potentialAction\":[{\"@type\":\"SearchAction\",\"target\":{\"@type\":\"EntryPoint\",\"urlTemplate\":\"https:\\\/\\\/www.fusiontables.com\\\/de\\\/?s={search_term_string}\"},\"query-input\":{\"@type\":\"PropertyValueSpecification\",\"valueRequired\":true,\"valueName\":\"search_term_string\"}}],\"inLanguage\":\"de\"},{\"@type\":\"Organization\",\"@id\":\"https:\\\/\\\/www.fusiontables.com\\\/de\\\/#organization\",\"name\":\"Fusion Tables\",\"url\":\"https:\\\/\\\/www.fusiontables.com\\\/de\\\/\",\"logo\":{\"@type\":\"ImageObject\",\"inLanguage\":\"de\",\"@id\":\"https:\\\/\\\/www.fusiontables.com\\\/de\\\/#\\\/schema\\\/logo\\\/image\\\/\",\"url\":\"https:\\\/\\\/www.fusiontables.com\\\/wp-content\\\/uploads\\\/2024\\\/11\\\/Fusiontables-Logo.png\",\"contentUrl\":\"https:\\\/\\\/www.fusiontables.com\\\/wp-content\\\/uploads\\\/2024\\\/11\\\/Fusiontables-Logo.png\",\"width\":514,\"height\":119,\"caption\":\"Fusion Tables\"},\"image\":{\"@id\":\"https:\\\/\\\/www.fusiontables.com\\\/de\\\/#\\\/schema\\\/logo\\\/image\\\/\"}}]}<\/script>\n<!-- \/ Yoast SEO plugin. -->","yoast_head_json":{"title":"Woodline Kollektion - Billardtisch - Fusion Tables","robots":{"index":"index","follow":"follow","max-snippet":"max-snippet:-1","max-image-preview":"max-image-preview:large","max-video-preview":"max-video-preview:-1"},"canonical":"https:\/\/www.fusiontables.com\/de\/woodline-kollektion-billardtisch\/","og_locale":"de_DE","og_type":"article","og_title":"Woodline Kollektion - Billardtisch - Fusion Tables","og_description":"Nat\u00fcrlicher Touch und ma\u00dfgeschneidertes Design &#8211; eine verr\u00fcckte Herausforderung? Der schlanke, minimalistische Billardtisch aus nat\u00fcrlichen Materialien erf\u00fcllt diese Herausforderung zu 100%. Das authentische, zeitlose Ambiente verleiht Ihrem Interieur eine originelle Note, die der Marke Fusiontables entspricht. F\u00fcr diejenigen, die Natur und edle Materialien lieben, f\u00fcgt sich die Woodline-Kollektion aus Nussbaum oder Eiche perfekt in Ihre [&hellip;]","og_url":"https:\/\/www.fusiontables.com\/de\/woodline-kollektion-billardtisch\/","og_site_name":"Fusion Tables","article_modified_time":"2025-02-11T08:17:52+00:00","og_image":[{"width":1200,"height":729,"url":"https:\/\/www.fusiontables.com\/wp-content\/uploads\/2019\/04\/wood2021-e77.png","type":"image\/png"}],"twitter_card":"summary_large_image","twitter_misc":{"Gesch\u00e4tzte Lesezeit":"1\u00a0Minute"},"schema":{"@context":"https:\/\/schema.org","@graph":[{"@type":"WebPage","@id":"https:\/\/www.fusiontables.com\/de\/woodline-kollektion-billardtisch\/","url":"https:\/\/www.fusiontables.com\/de\/woodline-kollektion-billardtisch\/","name":"Woodline Kollektion - Billardtisch - Fusion Tables","isPartOf":{"@id":"https:\/\/www.fusiontables.com\/de\/#website"},"primaryImageOfPage":{"@id":"https:\/\/www.fusiontables.com\/de\/woodline-kollektion-billardtisch\/#primaryimage"},"image":{"@id":"https:\/\/www.fusiontables.com\/de\/woodline-kollektion-billardtisch\/#primaryimage"},"thumbnailUrl":"https:\/\/www.fusiontables.com\/wp-content\/uploads\/2019\/04\/wood2021-e77.png","datePublished":"2019-04-05T13:33:08+00:00","dateModified":"2025-02-11T08:17:52+00:00","breadcrumb":{"@id":"https:\/\/www.fusiontables.com\/de\/woodline-kollektion-billardtisch\/#breadcrumb"},"inLanguage":"de","potentialAction":[{"@type":"ReadAction","target":["https:\/\/www.fusiontables.com\/de\/woodline-kollektion-billardtisch\/"]}]},{"@type":"ImageObject","inLanguage":"de","@id":"https:\/\/www.fusiontables.com\/de\/woodline-kollektion-billardtisch\/#primaryimage","url":"https:\/\/www.fusiontables.com\/wp-content\/uploads\/2019\/04\/wood2021-e77.png","contentUrl":"https:\/\/www.fusiontables.com\/wp-content\/uploads\/2019\/04\/wood2021-e77.png","width":1200,"height":729,"caption":"wood"},{"@type":"BreadcrumbList","@id":"https:\/\/www.fusiontables.com\/de\/woodline-kollektion-billardtisch\/#breadcrumb","itemListElement":[{"@type":"ListItem","position":1,"name":"Startseite","item":"https:\/\/www.fusiontables.com\/de\/"},{"@type":"ListItem","position":2,"name":"Woodline Kollektion &#8211; Billardtisch"}]},{"@type":"WebSite","@id":"https:\/\/www.fusiontables.com\/de\/#website","url":"https:\/\/www.fusiontables.com\/de\/","name":"Fusion Tables","description":"","publisher":{"@id":"https:\/\/www.fusiontables.com\/de\/#organization"},"potentialAction":[{"@type":"SearchAction","target":{"@type":"EntryPoint","urlTemplate":"https:\/\/www.fusiontables.com\/de\/?s={search_term_string}"},"query-input":{"@type":"PropertyValueSpecification","valueRequired":true,"valueName":"search_term_string"}}],"inLanguage":"de"},{"@type":"Organization","@id":"https:\/\/www.fusiontables.com\/de\/#organization","name":"Fusion Tables","url":"https:\/\/www.fusiontables.com\/de\/","logo":{"@type":"ImageObject","inLanguage":"de","@id":"https:\/\/www.fusiontables.com\/de\/#\/schema\/logo\/image\/","url":"https:\/\/www.fusiontables.com\/wp-content\/uploads\/2024\/11\/Fusiontables-Logo.png","contentUrl":"https:\/\/www.fusiontables.com\/wp-content\/uploads\/2024\/11\/Fusiontables-Logo.png","width":514,"height":119,"caption":"Fusion Tables"},"image":{"@id":"https:\/\/www.fusiontables.com\/de\/#\/schema\/logo\/image\/"}}]}},"_links":{"self":[{"href":"https:\/\/www.fusiontables.com\/de\/wp-json\/wp\/v2\/pages\/433","targetHints":{"allow":["GET"]}}],"collection":[{"href":"https:\/\/www.fusiontables.com\/de\/wp-json\/wp\/v2\/pages"}],"about":[{"href":"https:\/\/www.fusiontables.com\/de\/wp-json\/wp\/v2\/types\/page"}],"author":[{"embeddable":true,"href":"https:\/\/www.fusiontables.com\/de\/wp-json\/wp\/v2\/users\/1"}],"replies":[{"embeddable":true,"href":"https:\/\/www.fusiontables.com\/de\/wp-json\/wp\/v2\/comments?post=433"}],"version-history":[{"count":10,"href":"https:\/\/www.fusiontables.com\/de\/wp-json\/wp\/v2\/pages\/433\/revisions"}],"predecessor-version":[{"id":4018,"href":"https:\/\/www.fusiontables.com\/de\/wp-json\/wp\/v2\/pages\/433\/revisions\/4018"}],"wp:featuredmedia":[{"embeddable":true,"href":"https:\/\/www.fusiontables.com\/de\/wp-json\/wp\/v2\/media\/414"}],"wp:attachment":[{"href":"https:\/\/www.fusiontables.com\/de\/wp-json\/wp\/v2\/media?parent=433"}],"curies":[{"name":"wp","href":"https:\/\/api.w.org\/{rel}","templated":true}]}}