{"id":469,"date":"2019-04-08T10:11:15","date_gmt":"2019-04-08T08:11:15","guid":{"rendered":"https:\/\/www.fusiontables.com\/schwarzes-leder\/"},"modified":"2025-02-21T12:01:11","modified_gmt":"2025-02-21T11:01:11","slug":"schwarzes-leder","status":"publish","type":"page","link":"https:\/\/www.fusiontables.com\/de\/schwarzes-leder\/","title":{"rendered":"Schwarzes Leder"},"content":{"rendered":"<p>Das schwarze Material, das wir f\u00fcr unsere Fusion-<a href=\"https:\/\/www.fusiontables.com\/de\/banke-und-hocker\/\"><strong>B\u00e4nke<\/strong>,\u00a0 und\u00a0<strong>Hocker <\/strong><\/a>ausgew\u00e4hlt haben, garantiert eine solide und leicht gl\u00e4nzende Oberfl\u00e4che, die wie Vollnarbenleder wirkt. Es passt perfekt zu den <a href=\"https:\/\/www.fusiontables.com\/de\/metall-ausfuhrungen\/\"><strong>Holz<\/strong><\/a>&#8211; und <strong><a href=\"https:\/\/www.fusiontables.com\/de\/metall-ausfuhrungen\/\">Metalloberfl\u00e4chen<\/a> <\/strong>unserer <a href=\"https:\/\/www.fusiontables.com\/de\/ess-billardtisch-kombi\/\"><strong>verwandelbaren Billardtische<\/strong><\/a> aus <a href=\"https:\/\/www.fusiontables.com\/de\/matt-schwarz-ral9005-billardtisch-modern\/\"><strong>mattschwarzem Stahl RAL9005<\/strong><\/a> und <strong><a href=\"https:\/\/www.fusiontables.com\/de\/matt-schwarz-design-billardtisch\/\">mattschwarz lackiertem<\/a> Holz<\/strong> sowie zu den meisten anderen Oberfl\u00e4chen.<\/p>\n<p><img fetchpriority=\"high\" decoding=\"async\" class=\" size-full wp-image-456\" src=\"https:\/\/www.fusiontables.com\/wp-content\/uploads\/2019\/04\/cuir-noir-f6a.jpg\" alt=\"cuir noir\" width=\"298\" height=\"299\" data-align=\"center\" data-entity-type=\"file\" data-entity-uuid=\"b081db74-45fd-403d-b979-42567831806c\" srcset=\"https:\/\/www.fusiontables.com\/wp-content\/uploads\/2019\/04\/cuir-noir-f6a.jpg 298w, https:\/\/www.fusiontables.com\/wp-content\/uploads\/2019\/04\/cuir-noir-f6a-150x150.jpg 150w\" sizes=\"(max-width: 298px) 100vw, 298px\" \/><\/p>\n<p><img decoding=\"async\" class=\" size-full wp-image-462\" src=\"https:\/\/www.fusiontables.com\/wp-content\/uploads\/2019\/04\/bacn-n_1-094.jpg\" alt=\"banc noir\" width=\"800\" height=\"299\" data-align=\"center\" data-entity-type=\"file\" data-entity-uuid=\"c089543d-0cb9-4861-a4f8-058356e2ff27\" srcset=\"https:\/\/www.fusiontables.com\/wp-content\/uploads\/2019\/04\/bacn-n_1-094.jpg 800w, https:\/\/www.fusiontables.com\/wp-content\/uploads\/2019\/04\/bacn-n_1-094-300x112.jpg 300w, https:\/\/www.fusiontables.com\/wp-content\/uploads\/2019\/04\/bacn-n_1-094-768x287.jpg 768w\" sizes=\"(max-width: 800px) 100vw, 800px\" \/><\/p>\n","protected":false},"excerpt":{"rendered":"<p>Das schwarze Material, das wir f\u00fcr unsere Fusion-B\u00e4nke,\u00a0 und\u00a0Hocker ausgew\u00e4hlt haben, garantiert eine solide und leicht gl\u00e4nzende Oberfl\u00e4che, die wie Vollnarbenleder wirkt. Es passt perfekt zu den Holz&#8211; und Metalloberfl\u00e4chen unserer verwandelbaren Billardtische aus mattschwarzem Stahl RAL9005 und mattschwarz lackiertem Holz sowie zu den meisten anderen Oberfl\u00e4chen.<\/p>\n","protected":false},"author":2,"featured_media":456,"parent":0,"menu_order":0,"comment_status":"closed","ping_status":"closed","template":"","meta":{"_acf_changed":false,"footnotes":""},"class_list":["post-469","page","type-page","status-publish","has-post-thumbnail","hentry"],"acf":[],"yoast_head":"<!-- This site is optimized with the Yoast SEO plugin v27.3 - https:\/\/yoast.com\/product\/yoast-seo-wordpress\/ -->\n<title>Schwarzes Leder - Fusion Tables<\/title>\n<meta name=\"robots\" content=\"index, follow, max-snippet:-1, max-image-preview:large, max-video-preview:-1\" \/>\n<link rel=\"canonical\" href=\"https:\/\/www.fusiontables.com\/de\/schwarzes-leder\/\" \/>\n<meta property=\"og:locale\" content=\"de_DE\" \/>\n<meta property=\"og:type\" content=\"article\" \/>\n<meta property=\"og:title\" content=\"Schwarzes Leder - Fusion Tables\" \/>\n<meta property=\"og:description\" content=\"Das schwarze Material, das wir f\u00fcr unsere Fusion-B\u00e4nke,\u00a0 und\u00a0Hocker ausgew\u00e4hlt haben, garantiert eine solide und leicht gl\u00e4nzende Oberfl\u00e4che, die wie Vollnarbenleder wirkt. Es passt perfekt zu den Holz&#8211; und Metalloberfl\u00e4chen unserer verwandelbaren Billardtische aus mattschwarzem Stahl RAL9005 und mattschwarz lackiertem Holz sowie zu den meisten anderen Oberfl\u00e4chen.\" \/>\n<meta property=\"og:url\" content=\"https:\/\/www.fusiontables.com\/de\/schwarzes-leder\/\" \/>\n<meta property=\"og:site_name\" content=\"Fusion Tables\" \/>\n<meta property=\"article:modified_time\" content=\"2025-02-21T11:01:11+00:00\" \/>\n<meta property=\"og:image\" content=\"https:\/\/www.fusiontables.com\/wp-content\/uploads\/2019\/04\/cuir-noir-f6a.jpg\" \/>\n\t<meta property=\"og:image:width\" content=\"298\" \/>\n\t<meta property=\"og:image:height\" content=\"299\" \/>\n\t<meta property=\"og:image:type\" content=\"image\/jpeg\" \/>\n<meta name=\"twitter:card\" content=\"summary_large_image\" \/>\n<meta name=\"twitter:label1\" content=\"Gesch\u00e4tzte Lesezeit\" \/>\n\t<meta name=\"twitter:data1\" content=\"1\u00a0Minute\" \/>\n<script type=\"application\/ld+json\" class=\"yoast-schema-graph\">{\"@context\":\"https:\\\/\\\/schema.org\",\"@graph\":[{\"@type\":\"WebPage\",\"@id\":\"https:\\\/\\\/www.fusiontables.com\\\/de\\\/schwarzes-leder\\\/\",\"url\":\"https:\\\/\\\/www.fusiontables.com\\\/de\\\/schwarzes-leder\\\/\",\"name\":\"Schwarzes Leder - Fusion Tables\",\"isPartOf\":{\"@id\":\"https:\\\/\\\/www.fusiontables.com\\\/de\\\/#website\"},\"primaryImageOfPage\":{\"@id\":\"https:\\\/\\\/www.fusiontables.com\\\/de\\\/schwarzes-leder\\\/#primaryimage\"},\"image\":{\"@id\":\"https:\\\/\\\/www.fusiontables.com\\\/de\\\/schwarzes-leder\\\/#primaryimage\"},\"thumbnailUrl\":\"https:\\\/\\\/www.fusiontables.com\\\/wp-content\\\/uploads\\\/2019\\\/04\\\/cuir-noir-f6a.jpg\",\"datePublished\":\"2019-04-08T08:11:15+00:00\",\"dateModified\":\"2025-02-21T11:01:11+00:00\",\"breadcrumb\":{\"@id\":\"https:\\\/\\\/www.fusiontables.com\\\/de\\\/schwarzes-leder\\\/#breadcrumb\"},\"inLanguage\":\"de\",\"potentialAction\":[{\"@type\":\"ReadAction\",\"target\":[\"https:\\\/\\\/www.fusiontables.com\\\/de\\\/schwarzes-leder\\\/\"]}]},{\"@type\":\"ImageObject\",\"inLanguage\":\"de\",\"@id\":\"https:\\\/\\\/www.fusiontables.com\\\/de\\\/schwarzes-leder\\\/#primaryimage\",\"url\":\"https:\\\/\\\/www.fusiontables.com\\\/wp-content\\\/uploads\\\/2019\\\/04\\\/cuir-noir-f6a.jpg\",\"contentUrl\":\"https:\\\/\\\/www.fusiontables.com\\\/wp-content\\\/uploads\\\/2019\\\/04\\\/cuir-noir-f6a.jpg\",\"width\":298,\"height\":299,\"caption\":\"cuir noir\"},{\"@type\":\"BreadcrumbList\",\"@id\":\"https:\\\/\\\/www.fusiontables.com\\\/de\\\/schwarzes-leder\\\/#breadcrumb\",\"itemListElement\":[{\"@type\":\"ListItem\",\"position\":1,\"name\":\"Startseite\",\"item\":\"https:\\\/\\\/www.fusiontables.com\\\/de\\\/\"},{\"@type\":\"ListItem\",\"position\":2,\"name\":\"Schwarzes Leder\"}]},{\"@type\":\"WebSite\",\"@id\":\"https:\\\/\\\/www.fusiontables.com\\\/de\\\/#website\",\"url\":\"https:\\\/\\\/www.fusiontables.com\\\/de\\\/\",\"name\":\"Fusion Tables\",\"description\":\"\",\"publisher\":{\"@id\":\"https:\\\/\\\/www.fusiontables.com\\\/de\\\/#organization\"},\"potentialAction\":[{\"@type\":\"SearchAction\",\"target\":{\"@type\":\"EntryPoint\",\"urlTemplate\":\"https:\\\/\\\/www.fusiontables.com\\\/de\\\/?s={search_term_string}\"},\"query-input\":{\"@type\":\"PropertyValueSpecification\",\"valueRequired\":true,\"valueName\":\"search_term_string\"}}],\"inLanguage\":\"de\"},{\"@type\":\"Organization\",\"@id\":\"https:\\\/\\\/www.fusiontables.com\\\/de\\\/#organization\",\"name\":\"Fusion Tables\",\"url\":\"https:\\\/\\\/www.fusiontables.com\\\/de\\\/\",\"logo\":{\"@type\":\"ImageObject\",\"inLanguage\":\"de\",\"@id\":\"https:\\\/\\\/www.fusiontables.com\\\/de\\\/#\\\/schema\\\/logo\\\/image\\\/\",\"url\":\"https:\\\/\\\/www.fusiontables.com\\\/wp-content\\\/uploads\\\/2024\\\/11\\\/Fusiontables-Logo.png\",\"contentUrl\":\"https:\\\/\\\/www.fusiontables.com\\\/wp-content\\\/uploads\\\/2024\\\/11\\\/Fusiontables-Logo.png\",\"width\":514,\"height\":119,\"caption\":\"Fusion Tables\"},\"image\":{\"@id\":\"https:\\\/\\\/www.fusiontables.com\\\/de\\\/#\\\/schema\\\/logo\\\/image\\\/\"}}]}<\/script>\n<!-- \/ Yoast SEO plugin. -->","yoast_head_json":{"title":"Schwarzes Leder - Fusion Tables","robots":{"index":"index","follow":"follow","max-snippet":"max-snippet:-1","max-image-preview":"max-image-preview:large","max-video-preview":"max-video-preview:-1"},"canonical":"https:\/\/www.fusiontables.com\/de\/schwarzes-leder\/","og_locale":"de_DE","og_type":"article","og_title":"Schwarzes Leder - Fusion Tables","og_description":"Das schwarze Material, das wir f\u00fcr unsere Fusion-B\u00e4nke,\u00a0 und\u00a0Hocker ausgew\u00e4hlt haben, garantiert eine solide und leicht gl\u00e4nzende Oberfl\u00e4che, die wie Vollnarbenleder wirkt. Es passt perfekt zu den Holz&#8211; und Metalloberfl\u00e4chen unserer verwandelbaren Billardtische aus mattschwarzem Stahl RAL9005 und mattschwarz lackiertem Holz sowie zu den meisten anderen Oberfl\u00e4chen.","og_url":"https:\/\/www.fusiontables.com\/de\/schwarzes-leder\/","og_site_name":"Fusion Tables","article_modified_time":"2025-02-21T11:01:11+00:00","og_image":[{"width":298,"height":299,"url":"https:\/\/www.fusiontables.com\/wp-content\/uploads\/2019\/04\/cuir-noir-f6a.jpg","type":"image\/jpeg"}],"twitter_card":"summary_large_image","twitter_misc":{"Gesch\u00e4tzte Lesezeit":"1\u00a0Minute"},"schema":{"@context":"https:\/\/schema.org","@graph":[{"@type":"WebPage","@id":"https:\/\/www.fusiontables.com\/de\/schwarzes-leder\/","url":"https:\/\/www.fusiontables.com\/de\/schwarzes-leder\/","name":"Schwarzes Leder - Fusion Tables","isPartOf":{"@id":"https:\/\/www.fusiontables.com\/de\/#website"},"primaryImageOfPage":{"@id":"https:\/\/www.fusiontables.com\/de\/schwarzes-leder\/#primaryimage"},"image":{"@id":"https:\/\/www.fusiontables.com\/de\/schwarzes-leder\/#primaryimage"},"thumbnailUrl":"https:\/\/www.fusiontables.com\/wp-content\/uploads\/2019\/04\/cuir-noir-f6a.jpg","datePublished":"2019-04-08T08:11:15+00:00","dateModified":"2025-02-21T11:01:11+00:00","breadcrumb":{"@id":"https:\/\/www.fusiontables.com\/de\/schwarzes-leder\/#breadcrumb"},"inLanguage":"de","potentialAction":[{"@type":"ReadAction","target":["https:\/\/www.fusiontables.com\/de\/schwarzes-leder\/"]}]},{"@type":"ImageObject","inLanguage":"de","@id":"https:\/\/www.fusiontables.com\/de\/schwarzes-leder\/#primaryimage","url":"https:\/\/www.fusiontables.com\/wp-content\/uploads\/2019\/04\/cuir-noir-f6a.jpg","contentUrl":"https:\/\/www.fusiontables.com\/wp-content\/uploads\/2019\/04\/cuir-noir-f6a.jpg","width":298,"height":299,"caption":"cuir noir"},{"@type":"BreadcrumbList","@id":"https:\/\/www.fusiontables.com\/de\/schwarzes-leder\/#breadcrumb","itemListElement":[{"@type":"ListItem","position":1,"name":"Startseite","item":"https:\/\/www.fusiontables.com\/de\/"},{"@type":"ListItem","position":2,"name":"Schwarzes Leder"}]},{"@type":"WebSite","@id":"https:\/\/www.fusiontables.com\/de\/#website","url":"https:\/\/www.fusiontables.com\/de\/","name":"Fusion Tables","description":"","publisher":{"@id":"https:\/\/www.fusiontables.com\/de\/#organization"},"potentialAction":[{"@type":"SearchAction","target":{"@type":"EntryPoint","urlTemplate":"https:\/\/www.fusiontables.com\/de\/?s={search_term_string}"},"query-input":{"@type":"PropertyValueSpecification","valueRequired":true,"valueName":"search_term_string"}}],"inLanguage":"de"},{"@type":"Organization","@id":"https:\/\/www.fusiontables.com\/de\/#organization","name":"Fusion Tables","url":"https:\/\/www.fusiontables.com\/de\/","logo":{"@type":"ImageObject","inLanguage":"de","@id":"https:\/\/www.fusiontables.com\/de\/#\/schema\/logo\/image\/","url":"https:\/\/www.fusiontables.com\/wp-content\/uploads\/2024\/11\/Fusiontables-Logo.png","contentUrl":"https:\/\/www.fusiontables.com\/wp-content\/uploads\/2024\/11\/Fusiontables-Logo.png","width":514,"height":119,"caption":"Fusion Tables"},"image":{"@id":"https:\/\/www.fusiontables.com\/de\/#\/schema\/logo\/image\/"}}]}},"_links":{"self":[{"href":"https:\/\/www.fusiontables.com\/de\/wp-json\/wp\/v2\/pages\/469","targetHints":{"allow":["GET"]}}],"collection":[{"href":"https:\/\/www.fusiontables.com\/de\/wp-json\/wp\/v2\/pages"}],"about":[{"href":"https:\/\/www.fusiontables.com\/de\/wp-json\/wp\/v2\/types\/page"}],"author":[{"embeddable":true,"href":"https:\/\/www.fusiontables.com\/de\/wp-json\/wp\/v2\/users\/2"}],"replies":[{"embeddable":true,"href":"https:\/\/www.fusiontables.com\/de\/wp-json\/wp\/v2\/comments?post=469"}],"version-history":[{"count":10,"href":"https:\/\/www.fusiontables.com\/de\/wp-json\/wp\/v2\/pages\/469\/revisions"}],"predecessor-version":[{"id":4623,"href":"https:\/\/www.fusiontables.com\/de\/wp-json\/wp\/v2\/pages\/469\/revisions\/4623"}],"wp:featuredmedia":[{"embeddable":true,"href":"https:\/\/www.fusiontables.com\/de\/wp-json\/wp\/v2\/media\/456"}],"wp:attachment":[{"href":"https:\/\/www.fusiontables.com\/de\/wp-json\/wp\/v2\/media?parent=469"}],"curies":[{"name":"wp","href":"https:\/\/api.w.org\/{rel}","templated":true}]}}