{"id":505,"date":"2019-04-08T11:45:09","date_gmt":"2019-04-08T09:45:09","guid":{"rendered":"https:\/\/www.fusiontables.com\/metall-ausfuhrungen\/"},"modified":"2025-09-08T17:17:01","modified_gmt":"2025-09-08T15:17:01","slug":"metall-ausfuhrungen","status":"publish","type":"page","link":"https:\/\/www.fusiontables.com\/de\/metall-ausfuhrungen\/","title":{"rendered":"Metall-Ausf\u00fchrungen"},"content":{"rendered":"<p>Wir verwenden starke, hochwertige Satinfarbe, um die Struktur unseres <a href=\"https:\/\/www.fusiontables.com\/de\/ess-billardtisch-kombi\/\"><strong>modernen, verwandelbaren Billard esstisches<\/strong><\/a> zu gestalten. Diese Farben eignen sich f\u00fcr M\u00f6bel im Innenbereich und werden im Pulverbeschichtungsverfahren hergestellt, bei dem ein S\u00e4urevorbereitungsbad, Pulverfarbe und Hochtemperaturh\u00e4rtung verwendet werden.<\/p>\n<p>Diese Technologie erzeugt ein perfektes Finish ohne Staub oder Makel. Unsere Metalloberfl\u00e4chen sind in <a href=\"https:\/\/www.fusiontables.com\/de\/silbergrau-billardtisch-modern\/\"><strong>silbergrau<\/strong><\/a>, <a href=\"https:\/\/www.fusiontables.com\/de\/matt-weis-ral-9003-billardtisch-modern\/\"><strong>mattwei\u00df RAL9003<\/strong><\/a>, <a href=\"https:\/\/www.fusiontables.com\/de\/matt-schwarz-ral9005-billardtisch-modern\/\"><strong>mattschwarz RAL9005<\/strong><\/a> erh\u00e4ltlich.<br \/>\n<iframe style=\"width: 100%; height: 810px;\" src=\"https:\/\/www.archiproducts.com\/3d-viewer?productid=48971&amp;showattributes=true\"><\/iframe><\/p>\n","protected":false},"excerpt":{"rendered":"<p>Wir verwenden starke, hochwertige Satinfarbe, um die Struktur unseres modernen, verwandelbaren Billard esstisches zu gestalten. Diese Farben eignen sich f\u00fcr M\u00f6bel im Innenbereich und werden im Pulverbeschichtungsverfahren hergestellt, bei dem ein S\u00e4urevorbereitungsbad, Pulverfarbe und Hochtemperaturh\u00e4rtung verwendet werden. Diese Technologie erzeugt ein perfektes Finish ohne Staub oder Makel. Unsere Metalloberfl\u00e4chen sind in silbergrau, mattwei\u00df RAL9003, mattschwarz [&hellip;]<\/p>\n","protected":false},"author":2,"featured_media":0,"parent":0,"menu_order":0,"comment_status":"closed","ping_status":"closed","template":"","meta":{"_acf_changed":false,"footnotes":""},"class_list":["post-505","page","type-page","status-publish","hentry"],"acf":[],"yoast_head":"<!-- This site is optimized with the Yoast SEO plugin v27.3 - https:\/\/yoast.com\/product\/yoast-seo-wordpress\/ -->\n<title>Metall-Ausf\u00fchrungen - Fusion Tables<\/title>\n<meta name=\"robots\" content=\"index, follow, max-snippet:-1, max-image-preview:large, max-video-preview:-1\" \/>\n<link rel=\"canonical\" href=\"https:\/\/www.fusiontables.com\/de\/metall-ausfuhrungen\/\" \/>\n<meta property=\"og:locale\" content=\"de_DE\" \/>\n<meta property=\"og:type\" content=\"article\" \/>\n<meta property=\"og:title\" content=\"Metall-Ausf\u00fchrungen - Fusion Tables\" \/>\n<meta property=\"og:description\" content=\"Wir verwenden starke, hochwertige Satinfarbe, um die Struktur unseres modernen, verwandelbaren Billard esstisches zu gestalten. Diese Farben eignen sich f\u00fcr M\u00f6bel im Innenbereich und werden im Pulverbeschichtungsverfahren hergestellt, bei dem ein S\u00e4urevorbereitungsbad, Pulverfarbe und Hochtemperaturh\u00e4rtung verwendet werden. Diese Technologie erzeugt ein perfektes Finish ohne Staub oder Makel. Unsere Metalloberfl\u00e4chen sind in silbergrau, mattwei\u00df RAL9003, mattschwarz [&hellip;]\" \/>\n<meta property=\"og:url\" content=\"https:\/\/www.fusiontables.com\/de\/metall-ausfuhrungen\/\" \/>\n<meta property=\"og:site_name\" content=\"Fusion Tables\" \/>\n<meta property=\"article:modified_time\" content=\"2025-09-08T15:17:01+00:00\" \/>\n<meta name=\"twitter:card\" content=\"summary_large_image\" \/>\n<meta name=\"twitter:label1\" content=\"Gesch\u00e4tzte Lesezeit\" \/>\n\t<meta name=\"twitter:data1\" content=\"1\u00a0Minute\" \/>\n<script type=\"application\/ld+json\" class=\"yoast-schema-graph\">{\"@context\":\"https:\\\/\\\/schema.org\",\"@graph\":[{\"@type\":\"WebPage\",\"@id\":\"https:\\\/\\\/www.fusiontables.com\\\/de\\\/metall-ausfuhrungen\\\/\",\"url\":\"https:\\\/\\\/www.fusiontables.com\\\/de\\\/metall-ausfuhrungen\\\/\",\"name\":\"Metall-Ausf\u00fchrungen - Fusion Tables\",\"isPartOf\":{\"@id\":\"https:\\\/\\\/www.fusiontables.com\\\/de\\\/#website\"},\"datePublished\":\"2019-04-08T09:45:09+00:00\",\"dateModified\":\"2025-09-08T15:17:01+00:00\",\"breadcrumb\":{\"@id\":\"https:\\\/\\\/www.fusiontables.com\\\/de\\\/metall-ausfuhrungen\\\/#breadcrumb\"},\"inLanguage\":\"de\",\"potentialAction\":[{\"@type\":\"ReadAction\",\"target\":[\"https:\\\/\\\/www.fusiontables.com\\\/de\\\/metall-ausfuhrungen\\\/\"]}]},{\"@type\":\"BreadcrumbList\",\"@id\":\"https:\\\/\\\/www.fusiontables.com\\\/de\\\/metall-ausfuhrungen\\\/#breadcrumb\",\"itemListElement\":[{\"@type\":\"ListItem\",\"position\":1,\"name\":\"Startseite\",\"item\":\"https:\\\/\\\/www.fusiontables.com\\\/de\\\/\"},{\"@type\":\"ListItem\",\"position\":2,\"name\":\"Metall-Ausf\u00fchrungen\"}]},{\"@type\":\"WebSite\",\"@id\":\"https:\\\/\\\/www.fusiontables.com\\\/de\\\/#website\",\"url\":\"https:\\\/\\\/www.fusiontables.com\\\/de\\\/\",\"name\":\"Fusion Tables\",\"description\":\"\",\"publisher\":{\"@id\":\"https:\\\/\\\/www.fusiontables.com\\\/de\\\/#organization\"},\"potentialAction\":[{\"@type\":\"SearchAction\",\"target\":{\"@type\":\"EntryPoint\",\"urlTemplate\":\"https:\\\/\\\/www.fusiontables.com\\\/de\\\/?s={search_term_string}\"},\"query-input\":{\"@type\":\"PropertyValueSpecification\",\"valueRequired\":true,\"valueName\":\"search_term_string\"}}],\"inLanguage\":\"de\"},{\"@type\":\"Organization\",\"@id\":\"https:\\\/\\\/www.fusiontables.com\\\/de\\\/#organization\",\"name\":\"Fusion Tables\",\"url\":\"https:\\\/\\\/www.fusiontables.com\\\/de\\\/\",\"logo\":{\"@type\":\"ImageObject\",\"inLanguage\":\"de\",\"@id\":\"https:\\\/\\\/www.fusiontables.com\\\/de\\\/#\\\/schema\\\/logo\\\/image\\\/\",\"url\":\"https:\\\/\\\/www.fusiontables.com\\\/wp-content\\\/uploads\\\/2024\\\/11\\\/Fusiontables-Logo.png\",\"contentUrl\":\"https:\\\/\\\/www.fusiontables.com\\\/wp-content\\\/uploads\\\/2024\\\/11\\\/Fusiontables-Logo.png\",\"width\":514,\"height\":119,\"caption\":\"Fusion Tables\"},\"image\":{\"@id\":\"https:\\\/\\\/www.fusiontables.com\\\/de\\\/#\\\/schema\\\/logo\\\/image\\\/\"}}]}<\/script>\n<!-- \/ Yoast SEO plugin. -->","yoast_head_json":{"title":"Metall-Ausf\u00fchrungen - Fusion Tables","robots":{"index":"index","follow":"follow","max-snippet":"max-snippet:-1","max-image-preview":"max-image-preview:large","max-video-preview":"max-video-preview:-1"},"canonical":"https:\/\/www.fusiontables.com\/de\/metall-ausfuhrungen\/","og_locale":"de_DE","og_type":"article","og_title":"Metall-Ausf\u00fchrungen - Fusion Tables","og_description":"Wir verwenden starke, hochwertige Satinfarbe, um die Struktur unseres modernen, verwandelbaren Billard esstisches zu gestalten. Diese Farben eignen sich f\u00fcr M\u00f6bel im Innenbereich und werden im Pulverbeschichtungsverfahren hergestellt, bei dem ein S\u00e4urevorbereitungsbad, Pulverfarbe und Hochtemperaturh\u00e4rtung verwendet werden. Diese Technologie erzeugt ein perfektes Finish ohne Staub oder Makel. Unsere Metalloberfl\u00e4chen sind in silbergrau, mattwei\u00df RAL9003, mattschwarz [&hellip;]","og_url":"https:\/\/www.fusiontables.com\/de\/metall-ausfuhrungen\/","og_site_name":"Fusion Tables","article_modified_time":"2025-09-08T15:17:01+00:00","twitter_card":"summary_large_image","twitter_misc":{"Gesch\u00e4tzte Lesezeit":"1\u00a0Minute"},"schema":{"@context":"https:\/\/schema.org","@graph":[{"@type":"WebPage","@id":"https:\/\/www.fusiontables.com\/de\/metall-ausfuhrungen\/","url":"https:\/\/www.fusiontables.com\/de\/metall-ausfuhrungen\/","name":"Metall-Ausf\u00fchrungen - Fusion Tables","isPartOf":{"@id":"https:\/\/www.fusiontables.com\/de\/#website"},"datePublished":"2019-04-08T09:45:09+00:00","dateModified":"2025-09-08T15:17:01+00:00","breadcrumb":{"@id":"https:\/\/www.fusiontables.com\/de\/metall-ausfuhrungen\/#breadcrumb"},"inLanguage":"de","potentialAction":[{"@type":"ReadAction","target":["https:\/\/www.fusiontables.com\/de\/metall-ausfuhrungen\/"]}]},{"@type":"BreadcrumbList","@id":"https:\/\/www.fusiontables.com\/de\/metall-ausfuhrungen\/#breadcrumb","itemListElement":[{"@type":"ListItem","position":1,"name":"Startseite","item":"https:\/\/www.fusiontables.com\/de\/"},{"@type":"ListItem","position":2,"name":"Metall-Ausf\u00fchrungen"}]},{"@type":"WebSite","@id":"https:\/\/www.fusiontables.com\/de\/#website","url":"https:\/\/www.fusiontables.com\/de\/","name":"Fusion Tables","description":"","publisher":{"@id":"https:\/\/www.fusiontables.com\/de\/#organization"},"potentialAction":[{"@type":"SearchAction","target":{"@type":"EntryPoint","urlTemplate":"https:\/\/www.fusiontables.com\/de\/?s={search_term_string}"},"query-input":{"@type":"PropertyValueSpecification","valueRequired":true,"valueName":"search_term_string"}}],"inLanguage":"de"},{"@type":"Organization","@id":"https:\/\/www.fusiontables.com\/de\/#organization","name":"Fusion Tables","url":"https:\/\/www.fusiontables.com\/de\/","logo":{"@type":"ImageObject","inLanguage":"de","@id":"https:\/\/www.fusiontables.com\/de\/#\/schema\/logo\/image\/","url":"https:\/\/www.fusiontables.com\/wp-content\/uploads\/2024\/11\/Fusiontables-Logo.png","contentUrl":"https:\/\/www.fusiontables.com\/wp-content\/uploads\/2024\/11\/Fusiontables-Logo.png","width":514,"height":119,"caption":"Fusion Tables"},"image":{"@id":"https:\/\/www.fusiontables.com\/de\/#\/schema\/logo\/image\/"}}]}},"_links":{"self":[{"href":"https:\/\/www.fusiontables.com\/de\/wp-json\/wp\/v2\/pages\/505","targetHints":{"allow":["GET"]}}],"collection":[{"href":"https:\/\/www.fusiontables.com\/de\/wp-json\/wp\/v2\/pages"}],"about":[{"href":"https:\/\/www.fusiontables.com\/de\/wp-json\/wp\/v2\/types\/page"}],"author":[{"embeddable":true,"href":"https:\/\/www.fusiontables.com\/de\/wp-json\/wp\/v2\/users\/2"}],"replies":[{"embeddable":true,"href":"https:\/\/www.fusiontables.com\/de\/wp-json\/wp\/v2\/comments?post=505"}],"version-history":[{"count":11,"href":"https:\/\/www.fusiontables.com\/de\/wp-json\/wp\/v2\/pages\/505\/revisions"}],"predecessor-version":[{"id":4881,"href":"https:\/\/www.fusiontables.com\/de\/wp-json\/wp\/v2\/pages\/505\/revisions\/4881"}],"wp:attachment":[{"href":"https:\/\/www.fusiontables.com\/de\/wp-json\/wp\/v2\/media?parent=505"}],"curies":[{"name":"wp","href":"https:\/\/api.w.org\/{rel}","templated":true}]}}