{"id":529,"date":"2019-04-08T11:51:17","date_gmt":"2019-04-08T09:51:17","guid":{"rendered":"https:\/\/www.fusiontables.com\/matt-weis-ral-9003-billardtisch-modern\/"},"modified":"2025-02-10T17:19:21","modified_gmt":"2025-02-10T16:19:21","slug":"matt-weis-ral-9003-billardtisch-modern","status":"publish","type":"page","link":"https:\/\/www.fusiontables.com\/de\/matt-weis-ral-9003-billardtisch-modern\/","title":{"rendered":"Matt wei\u00df RAL 9003 &#8211; Billardtisch modern"},"content":{"rendered":"<p>Die wei\u00dfe Farbe, die wir f\u00fcr unsere Metallgestelle verwenden, erm\u00f6glicht es uns, einen minimalen Glanz auf einem matten Finish zu erzielen, ohne den Nachteil zu haben, Fingerabdr\u00fccke entfernen zu m\u00fcssen. Dieses Wei\u00df ist perfekt f\u00fcr Tische, die f\u00fcr den privaten oder gewerblichen Gebrauch bestimmt sind.<\/p>\n<p><img fetchpriority=\"high\" decoding=\"async\" class=\" size-full wp-image-522\" alt=\"blanc\" data-align=\"center\" data-entity-type=\"file\" data-entity-uuid=\"d383c9bf-b32b-4139-ba25-f97e356af671\" src=\"https:\/\/www.fusiontables.com\/wp-content\/uploads\/2019\/04\/1blanc-580.jpg\" width=\"800\" height=\"299\" srcset=\"https:\/\/www.fusiontables.com\/wp-content\/uploads\/2019\/04\/1blanc-580.jpg 800w, https:\/\/www.fusiontables.com\/wp-content\/uploads\/2019\/04\/1blanc-580-300x112.jpg 300w, https:\/\/www.fusiontables.com\/wp-content\/uploads\/2019\/04\/1blanc-580-768x287.jpg 768w\" sizes=\"(max-width: 800px) 100vw, 800px\" \/><\/p>\n<p>\nDiese hochwertige Beschichtung findet sich auf unserer <a href=\"https:\/\/www.fusiontables.com\/de\/ess-billardtisch-kombi\/\"><b>Billardtischstruktur<\/b><\/a>, aber auch auf unseren <a href=\"https:\/\/www.fusiontables.com\/de\/banke-und-hocker\/\"><b>Fusion-B\u00e4nken und Hockerf\u00fc\u00dfen<\/b><\/a>.&nbsp;<\/p>\n","protected":false},"excerpt":{"rendered":"<p>Die wei\u00dfe Farbe, die wir f\u00fcr unsere Metallgestelle verwenden, erm\u00f6glicht es uns, einen minimalen Glanz auf einem matten Finish zu erzielen, ohne den Nachteil zu haben, Fingerabdr\u00fccke entfernen zu m\u00fcssen. Dieses Wei\u00df ist perfekt f\u00fcr Tische, die f\u00fcr den privaten oder gewerblichen Gebrauch bestimmt sind. Diese hochwertige Beschichtung findet sich auf unserer Billardtischstruktur, aber auch [&hellip;]<\/p>\n","protected":false},"author":2,"featured_media":522,"parent":0,"menu_order":0,"comment_status":"closed","ping_status":"closed","template":"","meta":{"_acf_changed":false,"footnotes":""},"class_list":["post-529","page","type-page","status-publish","has-post-thumbnail","hentry"],"acf":[],"yoast_head":"<!-- This site is optimized with the Yoast SEO plugin v27.3 - https:\/\/yoast.com\/product\/yoast-seo-wordpress\/ -->\n<title>Matt wei\u00df RAL 9003 - Billardtisch modern - Fusion Tables<\/title>\n<meta name=\"robots\" content=\"index, follow, max-snippet:-1, max-image-preview:large, max-video-preview:-1\" \/>\n<link rel=\"canonical\" href=\"https:\/\/www.fusiontables.com\/de\/matt-weis-ral-9003-billardtisch-modern\/\" \/>\n<meta property=\"og:locale\" content=\"de_DE\" \/>\n<meta property=\"og:type\" content=\"article\" \/>\n<meta property=\"og:title\" content=\"Matt wei\u00df RAL 9003 - Billardtisch modern - Fusion Tables\" \/>\n<meta property=\"og:description\" content=\"Die wei\u00dfe Farbe, die wir f\u00fcr unsere Metallgestelle verwenden, erm\u00f6glicht es uns, einen minimalen Glanz auf einem matten Finish zu erzielen, ohne den Nachteil zu haben, Fingerabdr\u00fccke entfernen zu m\u00fcssen. Dieses Wei\u00df ist perfekt f\u00fcr Tische, die f\u00fcr den privaten oder gewerblichen Gebrauch bestimmt sind. Diese hochwertige Beschichtung findet sich auf unserer Billardtischstruktur, aber auch [&hellip;]\" \/>\n<meta property=\"og:url\" content=\"https:\/\/www.fusiontables.com\/de\/matt-weis-ral-9003-billardtisch-modern\/\" \/>\n<meta property=\"og:site_name\" content=\"Fusion Tables\" \/>\n<meta property=\"article:modified_time\" content=\"2025-02-10T16:19:21+00:00\" \/>\n<meta property=\"og:image\" content=\"https:\/\/www.fusiontables.com\/wp-content\/uploads\/2019\/04\/1blanc-580.jpg\" \/>\n\t<meta property=\"og:image:width\" content=\"800\" \/>\n\t<meta property=\"og:image:height\" content=\"299\" \/>\n\t<meta property=\"og:image:type\" content=\"image\/jpeg\" \/>\n<meta name=\"twitter:card\" content=\"summary_large_image\" \/>\n<script type=\"application\/ld+json\" class=\"yoast-schema-graph\">{\"@context\":\"https:\\\/\\\/schema.org\",\"@graph\":[{\"@type\":\"WebPage\",\"@id\":\"https:\\\/\\\/www.fusiontables.com\\\/de\\\/matt-weis-ral-9003-billardtisch-modern\\\/\",\"url\":\"https:\\\/\\\/www.fusiontables.com\\\/de\\\/matt-weis-ral-9003-billardtisch-modern\\\/\",\"name\":\"Matt wei\u00df RAL 9003 - Billardtisch modern - Fusion Tables\",\"isPartOf\":{\"@id\":\"https:\\\/\\\/www.fusiontables.com\\\/de\\\/#website\"},\"primaryImageOfPage\":{\"@id\":\"https:\\\/\\\/www.fusiontables.com\\\/de\\\/matt-weis-ral-9003-billardtisch-modern\\\/#primaryimage\"},\"image\":{\"@id\":\"https:\\\/\\\/www.fusiontables.com\\\/de\\\/matt-weis-ral-9003-billardtisch-modern\\\/#primaryimage\"},\"thumbnailUrl\":\"https:\\\/\\\/www.fusiontables.com\\\/wp-content\\\/uploads\\\/2019\\\/04\\\/1blanc-580.jpg\",\"datePublished\":\"2019-04-08T09:51:17+00:00\",\"dateModified\":\"2025-02-10T16:19:21+00:00\",\"breadcrumb\":{\"@id\":\"https:\\\/\\\/www.fusiontables.com\\\/de\\\/matt-weis-ral-9003-billardtisch-modern\\\/#breadcrumb\"},\"inLanguage\":\"de\",\"potentialAction\":[{\"@type\":\"ReadAction\",\"target\":[\"https:\\\/\\\/www.fusiontables.com\\\/de\\\/matt-weis-ral-9003-billardtisch-modern\\\/\"]}]},{\"@type\":\"ImageObject\",\"inLanguage\":\"de\",\"@id\":\"https:\\\/\\\/www.fusiontables.com\\\/de\\\/matt-weis-ral-9003-billardtisch-modern\\\/#primaryimage\",\"url\":\"https:\\\/\\\/www.fusiontables.com\\\/wp-content\\\/uploads\\\/2019\\\/04\\\/1blanc-580.jpg\",\"contentUrl\":\"https:\\\/\\\/www.fusiontables.com\\\/wp-content\\\/uploads\\\/2019\\\/04\\\/1blanc-580.jpg\",\"width\":800,\"height\":299,\"caption\":\"table billard\"},{\"@type\":\"BreadcrumbList\",\"@id\":\"https:\\\/\\\/www.fusiontables.com\\\/de\\\/matt-weis-ral-9003-billardtisch-modern\\\/#breadcrumb\",\"itemListElement\":[{\"@type\":\"ListItem\",\"position\":1,\"name\":\"Startseite\",\"item\":\"https:\\\/\\\/www.fusiontables.com\\\/de\\\/\"},{\"@type\":\"ListItem\",\"position\":2,\"name\":\"Matt wei\u00df RAL 9003 &#8211; Billardtisch modern\"}]},{\"@type\":\"WebSite\",\"@id\":\"https:\\\/\\\/www.fusiontables.com\\\/de\\\/#website\",\"url\":\"https:\\\/\\\/www.fusiontables.com\\\/de\\\/\",\"name\":\"Fusion Tables\",\"description\":\"\",\"publisher\":{\"@id\":\"https:\\\/\\\/www.fusiontables.com\\\/de\\\/#organization\"},\"potentialAction\":[{\"@type\":\"SearchAction\",\"target\":{\"@type\":\"EntryPoint\",\"urlTemplate\":\"https:\\\/\\\/www.fusiontables.com\\\/de\\\/?s={search_term_string}\"},\"query-input\":{\"@type\":\"PropertyValueSpecification\",\"valueRequired\":true,\"valueName\":\"search_term_string\"}}],\"inLanguage\":\"de\"},{\"@type\":\"Organization\",\"@id\":\"https:\\\/\\\/www.fusiontables.com\\\/de\\\/#organization\",\"name\":\"Fusion Tables\",\"url\":\"https:\\\/\\\/www.fusiontables.com\\\/de\\\/\",\"logo\":{\"@type\":\"ImageObject\",\"inLanguage\":\"de\",\"@id\":\"https:\\\/\\\/www.fusiontables.com\\\/de\\\/#\\\/schema\\\/logo\\\/image\\\/\",\"url\":\"https:\\\/\\\/www.fusiontables.com\\\/wp-content\\\/uploads\\\/2024\\\/11\\\/Fusiontables-Logo.png\",\"contentUrl\":\"https:\\\/\\\/www.fusiontables.com\\\/wp-content\\\/uploads\\\/2024\\\/11\\\/Fusiontables-Logo.png\",\"width\":514,\"height\":119,\"caption\":\"Fusion Tables\"},\"image\":{\"@id\":\"https:\\\/\\\/www.fusiontables.com\\\/de\\\/#\\\/schema\\\/logo\\\/image\\\/\"}}]}<\/script>\n<!-- \/ Yoast SEO plugin. -->","yoast_head_json":{"title":"Matt wei\u00df RAL 9003 - Billardtisch modern - Fusion Tables","robots":{"index":"index","follow":"follow","max-snippet":"max-snippet:-1","max-image-preview":"max-image-preview:large","max-video-preview":"max-video-preview:-1"},"canonical":"https:\/\/www.fusiontables.com\/de\/matt-weis-ral-9003-billardtisch-modern\/","og_locale":"de_DE","og_type":"article","og_title":"Matt wei\u00df RAL 9003 - Billardtisch modern - Fusion Tables","og_description":"Die wei\u00dfe Farbe, die wir f\u00fcr unsere Metallgestelle verwenden, erm\u00f6glicht es uns, einen minimalen Glanz auf einem matten Finish zu erzielen, ohne den Nachteil zu haben, Fingerabdr\u00fccke entfernen zu m\u00fcssen. Dieses Wei\u00df ist perfekt f\u00fcr Tische, die f\u00fcr den privaten oder gewerblichen Gebrauch bestimmt sind. Diese hochwertige Beschichtung findet sich auf unserer Billardtischstruktur, aber auch [&hellip;]","og_url":"https:\/\/www.fusiontables.com\/de\/matt-weis-ral-9003-billardtisch-modern\/","og_site_name":"Fusion Tables","article_modified_time":"2025-02-10T16:19:21+00:00","og_image":[{"width":800,"height":299,"url":"https:\/\/www.fusiontables.com\/wp-content\/uploads\/2019\/04\/1blanc-580.jpg","type":"image\/jpeg"}],"twitter_card":"summary_large_image","schema":{"@context":"https:\/\/schema.org","@graph":[{"@type":"WebPage","@id":"https:\/\/www.fusiontables.com\/de\/matt-weis-ral-9003-billardtisch-modern\/","url":"https:\/\/www.fusiontables.com\/de\/matt-weis-ral-9003-billardtisch-modern\/","name":"Matt wei\u00df RAL 9003 - Billardtisch modern - Fusion Tables","isPartOf":{"@id":"https:\/\/www.fusiontables.com\/de\/#website"},"primaryImageOfPage":{"@id":"https:\/\/www.fusiontables.com\/de\/matt-weis-ral-9003-billardtisch-modern\/#primaryimage"},"image":{"@id":"https:\/\/www.fusiontables.com\/de\/matt-weis-ral-9003-billardtisch-modern\/#primaryimage"},"thumbnailUrl":"https:\/\/www.fusiontables.com\/wp-content\/uploads\/2019\/04\/1blanc-580.jpg","datePublished":"2019-04-08T09:51:17+00:00","dateModified":"2025-02-10T16:19:21+00:00","breadcrumb":{"@id":"https:\/\/www.fusiontables.com\/de\/matt-weis-ral-9003-billardtisch-modern\/#breadcrumb"},"inLanguage":"de","potentialAction":[{"@type":"ReadAction","target":["https:\/\/www.fusiontables.com\/de\/matt-weis-ral-9003-billardtisch-modern\/"]}]},{"@type":"ImageObject","inLanguage":"de","@id":"https:\/\/www.fusiontables.com\/de\/matt-weis-ral-9003-billardtisch-modern\/#primaryimage","url":"https:\/\/www.fusiontables.com\/wp-content\/uploads\/2019\/04\/1blanc-580.jpg","contentUrl":"https:\/\/www.fusiontables.com\/wp-content\/uploads\/2019\/04\/1blanc-580.jpg","width":800,"height":299,"caption":"table billard"},{"@type":"BreadcrumbList","@id":"https:\/\/www.fusiontables.com\/de\/matt-weis-ral-9003-billardtisch-modern\/#breadcrumb","itemListElement":[{"@type":"ListItem","position":1,"name":"Startseite","item":"https:\/\/www.fusiontables.com\/de\/"},{"@type":"ListItem","position":2,"name":"Matt wei\u00df RAL 9003 &#8211; Billardtisch modern"}]},{"@type":"WebSite","@id":"https:\/\/www.fusiontables.com\/de\/#website","url":"https:\/\/www.fusiontables.com\/de\/","name":"Fusion Tables","description":"","publisher":{"@id":"https:\/\/www.fusiontables.com\/de\/#organization"},"potentialAction":[{"@type":"SearchAction","target":{"@type":"EntryPoint","urlTemplate":"https:\/\/www.fusiontables.com\/de\/?s={search_term_string}"},"query-input":{"@type":"PropertyValueSpecification","valueRequired":true,"valueName":"search_term_string"}}],"inLanguage":"de"},{"@type":"Organization","@id":"https:\/\/www.fusiontables.com\/de\/#organization","name":"Fusion Tables","url":"https:\/\/www.fusiontables.com\/de\/","logo":{"@type":"ImageObject","inLanguage":"de","@id":"https:\/\/www.fusiontables.com\/de\/#\/schema\/logo\/image\/","url":"https:\/\/www.fusiontables.com\/wp-content\/uploads\/2024\/11\/Fusiontables-Logo.png","contentUrl":"https:\/\/www.fusiontables.com\/wp-content\/uploads\/2024\/11\/Fusiontables-Logo.png","width":514,"height":119,"caption":"Fusion Tables"},"image":{"@id":"https:\/\/www.fusiontables.com\/de\/#\/schema\/logo\/image\/"}}]}},"_links":{"self":[{"href":"https:\/\/www.fusiontables.com\/de\/wp-json\/wp\/v2\/pages\/529","targetHints":{"allow":["GET"]}}],"collection":[{"href":"https:\/\/www.fusiontables.com\/de\/wp-json\/wp\/v2\/pages"}],"about":[{"href":"https:\/\/www.fusiontables.com\/de\/wp-json\/wp\/v2\/types\/page"}],"author":[{"embeddable":true,"href":"https:\/\/www.fusiontables.com\/de\/wp-json\/wp\/v2\/users\/2"}],"replies":[{"embeddable":true,"href":"https:\/\/www.fusiontables.com\/de\/wp-json\/wp\/v2\/comments?post=529"}],"version-history":[{"count":3,"href":"https:\/\/www.fusiontables.com\/de\/wp-json\/wp\/v2\/pages\/529\/revisions"}],"predecessor-version":[{"id":3813,"href":"https:\/\/www.fusiontables.com\/de\/wp-json\/wp\/v2\/pages\/529\/revisions\/3813"}],"wp:featuredmedia":[{"embeddable":true,"href":"https:\/\/www.fusiontables.com\/de\/wp-json\/wp\/v2\/media\/522"}],"wp:attachment":[{"href":"https:\/\/www.fusiontables.com\/de\/wp-json\/wp\/v2\/media?parent=529"}],"curies":[{"name":"wp","href":"https:\/\/api.w.org\/{rel}","templated":true}]}}