{"id":553,"date":"2019-04-08T11:53:21","date_gmt":"2019-04-08T09:53:21","guid":{"rendered":"https:\/\/www.fusiontables.com\/geburstetes-edelstahl-billardtisch-modern\/"},"modified":"2025-02-10T17:19:21","modified_gmt":"2025-02-10T16:19:21","slug":"geburstetes-edelstahl-billardtisch-modern","status":"publish","type":"page","link":"https:\/\/www.fusiontables.com\/de\/geburstetes-edelstahl-billardtisch-modern\/","title":{"rendered":"Geb\u00fcrstetes Edelstahl &#8211; Billardtisch modern"},"content":{"rendered":"<p>F\u00fcr diese exklusive Metalloberfl\u00e4che haben wir echten Edelstahl gew\u00e4hlt. Dieses Metall wurde nicht f\u00fcr den Au\u00dfenbereich entwickelt, bietet jedoch eine leichte, luxuri\u00f6se Note. Der Edelstahl ist fein geb\u00fcrstet, damit er nicht spiegelt. Dies erleichtert auch die Wartung der Metallteile. Die Edelstahl-Version l\u00e4sst <a href=\"https:\/\/www.fusiontables.com\/de\/ess-billardtisch-kombi\/\"><strong>unseren verwandelbaren Billardtisch<\/strong><\/a> noch exklusiver und raffinierter aussehen. Dar\u00fcber hinaus ist der geb\u00fcrstete Edelstahl derselbe, der auch f\u00fcr die <a href=\"https:\/\/www.fusiontables.com\/de\/licht\/\"><strong>Pendelleuchten <\/strong><\/a>der Fusiontables-Kollektion verwendet wird.<\/p>\n<p><img fetchpriority=\"high\" decoding=\"async\" class=\" size-full wp-image-546\" alt=\"Billardtisch modern\" data-align=\"center\" data-entity-type=\"file\" data-entity-uuid=\"ac07aa64-c5a5-4f2a-8d10-f50451e53534\" src=\"https:\/\/www.fusiontables.com\/wp-content\/uploads\/2019\/04\/1inox-5cc.jpg\" width=\"800\" height=\"299\" srcset=\"https:\/\/www.fusiontables.com\/wp-content\/uploads\/2019\/04\/1inox-5cc.jpg 800w, https:\/\/www.fusiontables.com\/wp-content\/uploads\/2019\/04\/1inox-5cc-300x112.jpg 300w, https:\/\/www.fusiontables.com\/wp-content\/uploads\/2019\/04\/1inox-5cc-768x287.jpg 768w\" sizes=\"(max-width: 800px) 100vw, 800px\" \/><\/p>\n<p>&nbsp;<\/p>\n<p>Diese hochwertige Beschichtung findet sich auf unserer <a href=\"https:\/\/www.fusiontables.com\/de\/ess-billardtisch-kombi\/\"><b>Billardtischstruktur<\/b><\/a>, aber auch auf unseren <a href=\"https:\/\/www.fusiontables.com\/de\/banke-und-hocker\/\"><b>Fusion-B\u00e4nken und Hockerf\u00fc\u00dfen<\/b><\/a>.&nbsp;<\/p>\n","protected":false},"excerpt":{"rendered":"<p>F\u00fcr diese exklusive Metalloberfl\u00e4che haben wir echten Edelstahl gew\u00e4hlt. Dieses Metall wurde nicht f\u00fcr den Au\u00dfenbereich entwickelt, bietet jedoch eine leichte, luxuri\u00f6se Note. Der Edelstahl ist fein geb\u00fcrstet, damit er nicht spiegelt. Dies erleichtert auch die Wartung der Metallteile. Die Edelstahl-Version l\u00e4sst unseren verwandelbaren Billardtisch noch exklusiver und raffinierter aussehen. Dar\u00fcber hinaus ist der geb\u00fcrstete [&hellip;]<\/p>\n","protected":false},"author":2,"featured_media":546,"parent":0,"menu_order":0,"comment_status":"closed","ping_status":"closed","template":"","meta":{"_acf_changed":false,"footnotes":""},"class_list":["post-553","page","type-page","status-publish","has-post-thumbnail","hentry"],"acf":[],"yoast_head":"<!-- This site is optimized with the Yoast SEO plugin v27.3 - https:\/\/yoast.com\/product\/yoast-seo-wordpress\/ -->\n<title>Geb\u00fcrstetes Edelstahl - Billardtisch modern - Fusion Tables<\/title>\n<meta name=\"robots\" content=\"index, follow, max-snippet:-1, max-image-preview:large, max-video-preview:-1\" \/>\n<link rel=\"canonical\" href=\"https:\/\/www.fusiontables.com\/de\/geburstetes-edelstahl-billardtisch-modern\/\" \/>\n<meta property=\"og:locale\" content=\"de_DE\" \/>\n<meta property=\"og:type\" content=\"article\" \/>\n<meta property=\"og:title\" content=\"Geb\u00fcrstetes Edelstahl - Billardtisch modern - Fusion Tables\" \/>\n<meta property=\"og:description\" content=\"F\u00fcr diese exklusive Metalloberfl\u00e4che haben wir echten Edelstahl gew\u00e4hlt. Dieses Metall wurde nicht f\u00fcr den Au\u00dfenbereich entwickelt, bietet jedoch eine leichte, luxuri\u00f6se Note. Der Edelstahl ist fein geb\u00fcrstet, damit er nicht spiegelt. Dies erleichtert auch die Wartung der Metallteile. Die Edelstahl-Version l\u00e4sst unseren verwandelbaren Billardtisch noch exklusiver und raffinierter aussehen. Dar\u00fcber hinaus ist der geb\u00fcrstete [&hellip;]\" \/>\n<meta property=\"og:url\" content=\"https:\/\/www.fusiontables.com\/de\/geburstetes-edelstahl-billardtisch-modern\/\" \/>\n<meta property=\"og:site_name\" content=\"Fusion Tables\" \/>\n<meta property=\"article:modified_time\" content=\"2025-02-10T16:19:21+00:00\" \/>\n<meta property=\"og:image\" content=\"https:\/\/www.fusiontables.com\/wp-content\/uploads\/2019\/04\/1inox-5cc.jpg\" \/>\n\t<meta property=\"og:image:width\" content=\"800\" \/>\n\t<meta property=\"og:image:height\" content=\"299\" \/>\n\t<meta property=\"og:image:type\" content=\"image\/jpeg\" \/>\n<meta name=\"twitter:card\" content=\"summary_large_image\" \/>\n<script type=\"application\/ld+json\" class=\"yoast-schema-graph\">{\"@context\":\"https:\\\/\\\/schema.org\",\"@graph\":[{\"@type\":\"WebPage\",\"@id\":\"https:\\\/\\\/www.fusiontables.com\\\/de\\\/geburstetes-edelstahl-billardtisch-modern\\\/\",\"url\":\"https:\\\/\\\/www.fusiontables.com\\\/de\\\/geburstetes-edelstahl-billardtisch-modern\\\/\",\"name\":\"Geb\u00fcrstetes Edelstahl - Billardtisch modern - Fusion Tables\",\"isPartOf\":{\"@id\":\"https:\\\/\\\/www.fusiontables.com\\\/de\\\/#website\"},\"primaryImageOfPage\":{\"@id\":\"https:\\\/\\\/www.fusiontables.com\\\/de\\\/geburstetes-edelstahl-billardtisch-modern\\\/#primaryimage\"},\"image\":{\"@id\":\"https:\\\/\\\/www.fusiontables.com\\\/de\\\/geburstetes-edelstahl-billardtisch-modern\\\/#primaryimage\"},\"thumbnailUrl\":\"https:\\\/\\\/www.fusiontables.com\\\/wp-content\\\/uploads\\\/2019\\\/04\\\/1inox-5cc.jpg\",\"datePublished\":\"2019-04-08T09:53:21+00:00\",\"dateModified\":\"2025-02-10T16:19:21+00:00\",\"breadcrumb\":{\"@id\":\"https:\\\/\\\/www.fusiontables.com\\\/de\\\/geburstetes-edelstahl-billardtisch-modern\\\/#breadcrumb\"},\"inLanguage\":\"de\",\"potentialAction\":[{\"@type\":\"ReadAction\",\"target\":[\"https:\\\/\\\/www.fusiontables.com\\\/de\\\/geburstetes-edelstahl-billardtisch-modern\\\/\"]}]},{\"@type\":\"ImageObject\",\"inLanguage\":\"de\",\"@id\":\"https:\\\/\\\/www.fusiontables.com\\\/de\\\/geburstetes-edelstahl-billardtisch-modern\\\/#primaryimage\",\"url\":\"https:\\\/\\\/www.fusiontables.com\\\/wp-content\\\/uploads\\\/2019\\\/04\\\/1inox-5cc.jpg\",\"contentUrl\":\"https:\\\/\\\/www.fusiontables.com\\\/wp-content\\\/uploads\\\/2019\\\/04\\\/1inox-5cc.jpg\",\"width\":800,\"height\":299,\"caption\":\"table billard design\"},{\"@type\":\"BreadcrumbList\",\"@id\":\"https:\\\/\\\/www.fusiontables.com\\\/de\\\/geburstetes-edelstahl-billardtisch-modern\\\/#breadcrumb\",\"itemListElement\":[{\"@type\":\"ListItem\",\"position\":1,\"name\":\"Startseite\",\"item\":\"https:\\\/\\\/www.fusiontables.com\\\/de\\\/\"},{\"@type\":\"ListItem\",\"position\":2,\"name\":\"Geb\u00fcrstetes Edelstahl &#8211; Billardtisch modern\"}]},{\"@type\":\"WebSite\",\"@id\":\"https:\\\/\\\/www.fusiontables.com\\\/de\\\/#website\",\"url\":\"https:\\\/\\\/www.fusiontables.com\\\/de\\\/\",\"name\":\"Fusion Tables\",\"description\":\"\",\"publisher\":{\"@id\":\"https:\\\/\\\/www.fusiontables.com\\\/de\\\/#organization\"},\"potentialAction\":[{\"@type\":\"SearchAction\",\"target\":{\"@type\":\"EntryPoint\",\"urlTemplate\":\"https:\\\/\\\/www.fusiontables.com\\\/de\\\/?s={search_term_string}\"},\"query-input\":{\"@type\":\"PropertyValueSpecification\",\"valueRequired\":true,\"valueName\":\"search_term_string\"}}],\"inLanguage\":\"de\"},{\"@type\":\"Organization\",\"@id\":\"https:\\\/\\\/www.fusiontables.com\\\/de\\\/#organization\",\"name\":\"Fusion Tables\",\"url\":\"https:\\\/\\\/www.fusiontables.com\\\/de\\\/\",\"logo\":{\"@type\":\"ImageObject\",\"inLanguage\":\"de\",\"@id\":\"https:\\\/\\\/www.fusiontables.com\\\/de\\\/#\\\/schema\\\/logo\\\/image\\\/\",\"url\":\"https:\\\/\\\/www.fusiontables.com\\\/wp-content\\\/uploads\\\/2024\\\/11\\\/Fusiontables-Logo.png\",\"contentUrl\":\"https:\\\/\\\/www.fusiontables.com\\\/wp-content\\\/uploads\\\/2024\\\/11\\\/Fusiontables-Logo.png\",\"width\":514,\"height\":119,\"caption\":\"Fusion Tables\"},\"image\":{\"@id\":\"https:\\\/\\\/www.fusiontables.com\\\/de\\\/#\\\/schema\\\/logo\\\/image\\\/\"}}]}<\/script>\n<!-- \/ Yoast SEO plugin. -->","yoast_head_json":{"title":"Geb\u00fcrstetes Edelstahl - Billardtisch modern - Fusion Tables","robots":{"index":"index","follow":"follow","max-snippet":"max-snippet:-1","max-image-preview":"max-image-preview:large","max-video-preview":"max-video-preview:-1"},"canonical":"https:\/\/www.fusiontables.com\/de\/geburstetes-edelstahl-billardtisch-modern\/","og_locale":"de_DE","og_type":"article","og_title":"Geb\u00fcrstetes Edelstahl - Billardtisch modern - Fusion Tables","og_description":"F\u00fcr diese exklusive Metalloberfl\u00e4che haben wir echten Edelstahl gew\u00e4hlt. Dieses Metall wurde nicht f\u00fcr den Au\u00dfenbereich entwickelt, bietet jedoch eine leichte, luxuri\u00f6se Note. Der Edelstahl ist fein geb\u00fcrstet, damit er nicht spiegelt. Dies erleichtert auch die Wartung der Metallteile. Die Edelstahl-Version l\u00e4sst unseren verwandelbaren Billardtisch noch exklusiver und raffinierter aussehen. Dar\u00fcber hinaus ist der geb\u00fcrstete [&hellip;]","og_url":"https:\/\/www.fusiontables.com\/de\/geburstetes-edelstahl-billardtisch-modern\/","og_site_name":"Fusion Tables","article_modified_time":"2025-02-10T16:19:21+00:00","og_image":[{"width":800,"height":299,"url":"https:\/\/www.fusiontables.com\/wp-content\/uploads\/2019\/04\/1inox-5cc.jpg","type":"image\/jpeg"}],"twitter_card":"summary_large_image","schema":{"@context":"https:\/\/schema.org","@graph":[{"@type":"WebPage","@id":"https:\/\/www.fusiontables.com\/de\/geburstetes-edelstahl-billardtisch-modern\/","url":"https:\/\/www.fusiontables.com\/de\/geburstetes-edelstahl-billardtisch-modern\/","name":"Geb\u00fcrstetes Edelstahl - Billardtisch modern - Fusion Tables","isPartOf":{"@id":"https:\/\/www.fusiontables.com\/de\/#website"},"primaryImageOfPage":{"@id":"https:\/\/www.fusiontables.com\/de\/geburstetes-edelstahl-billardtisch-modern\/#primaryimage"},"image":{"@id":"https:\/\/www.fusiontables.com\/de\/geburstetes-edelstahl-billardtisch-modern\/#primaryimage"},"thumbnailUrl":"https:\/\/www.fusiontables.com\/wp-content\/uploads\/2019\/04\/1inox-5cc.jpg","datePublished":"2019-04-08T09:53:21+00:00","dateModified":"2025-02-10T16:19:21+00:00","breadcrumb":{"@id":"https:\/\/www.fusiontables.com\/de\/geburstetes-edelstahl-billardtisch-modern\/#breadcrumb"},"inLanguage":"de","potentialAction":[{"@type":"ReadAction","target":["https:\/\/www.fusiontables.com\/de\/geburstetes-edelstahl-billardtisch-modern\/"]}]},{"@type":"ImageObject","inLanguage":"de","@id":"https:\/\/www.fusiontables.com\/de\/geburstetes-edelstahl-billardtisch-modern\/#primaryimage","url":"https:\/\/www.fusiontables.com\/wp-content\/uploads\/2019\/04\/1inox-5cc.jpg","contentUrl":"https:\/\/www.fusiontables.com\/wp-content\/uploads\/2019\/04\/1inox-5cc.jpg","width":800,"height":299,"caption":"table billard design"},{"@type":"BreadcrumbList","@id":"https:\/\/www.fusiontables.com\/de\/geburstetes-edelstahl-billardtisch-modern\/#breadcrumb","itemListElement":[{"@type":"ListItem","position":1,"name":"Startseite","item":"https:\/\/www.fusiontables.com\/de\/"},{"@type":"ListItem","position":2,"name":"Geb\u00fcrstetes Edelstahl &#8211; Billardtisch modern"}]},{"@type":"WebSite","@id":"https:\/\/www.fusiontables.com\/de\/#website","url":"https:\/\/www.fusiontables.com\/de\/","name":"Fusion Tables","description":"","publisher":{"@id":"https:\/\/www.fusiontables.com\/de\/#organization"},"potentialAction":[{"@type":"SearchAction","target":{"@type":"EntryPoint","urlTemplate":"https:\/\/www.fusiontables.com\/de\/?s={search_term_string}"},"query-input":{"@type":"PropertyValueSpecification","valueRequired":true,"valueName":"search_term_string"}}],"inLanguage":"de"},{"@type":"Organization","@id":"https:\/\/www.fusiontables.com\/de\/#organization","name":"Fusion Tables","url":"https:\/\/www.fusiontables.com\/de\/","logo":{"@type":"ImageObject","inLanguage":"de","@id":"https:\/\/www.fusiontables.com\/de\/#\/schema\/logo\/image\/","url":"https:\/\/www.fusiontables.com\/wp-content\/uploads\/2024\/11\/Fusiontables-Logo.png","contentUrl":"https:\/\/www.fusiontables.com\/wp-content\/uploads\/2024\/11\/Fusiontables-Logo.png","width":514,"height":119,"caption":"Fusion Tables"},"image":{"@id":"https:\/\/www.fusiontables.com\/de\/#\/schema\/logo\/image\/"}}]}},"_links":{"self":[{"href":"https:\/\/www.fusiontables.com\/de\/wp-json\/wp\/v2\/pages\/553","targetHints":{"allow":["GET"]}}],"collection":[{"href":"https:\/\/www.fusiontables.com\/de\/wp-json\/wp\/v2\/pages"}],"about":[{"href":"https:\/\/www.fusiontables.com\/de\/wp-json\/wp\/v2\/types\/page"}],"author":[{"embeddable":true,"href":"https:\/\/www.fusiontables.com\/de\/wp-json\/wp\/v2\/users\/2"}],"replies":[{"embeddable":true,"href":"https:\/\/www.fusiontables.com\/de\/wp-json\/wp\/v2\/comments?post=553"}],"version-history":[{"count":3,"href":"https:\/\/www.fusiontables.com\/de\/wp-json\/wp\/v2\/pages\/553\/revisions"}],"predecessor-version":[{"id":3815,"href":"https:\/\/www.fusiontables.com\/de\/wp-json\/wp\/v2\/pages\/553\/revisions\/3815"}],"wp:featuredmedia":[{"embeddable":true,"href":"https:\/\/www.fusiontables.com\/de\/wp-json\/wp\/v2\/media\/546"}],"wp:attachment":[{"href":"https:\/\/www.fusiontables.com\/de\/wp-json\/wp\/v2\/media?parent=553"}],"curies":[{"name":"wp","href":"https:\/\/api.w.org\/{rel}","templated":true}]}}