{"id":559,"date":"2019-04-08T11:55:05","date_gmt":"2019-04-08T09:55:05","guid":{"rendered":"https:\/\/www.fusiontables.com\/lackierte-oberflachen\/"},"modified":"2025-02-21T11:26:34","modified_gmt":"2025-02-21T10:26:34","slug":"lackierte-oberflachen","status":"publish","type":"page","link":"https:\/\/www.fusiontables.com\/de\/lackierte-oberflachen\/","title":{"rendered":"Lackierte Oberfl\u00e4chen"},"content":{"rendered":"<p>Um die Seiten unseres <a href=\"https:\/\/www.fusiontables.com\/de\/ess-billardtisch-kombi\/\"><strong>modernen, verwandelbaren Billard esstisches<\/strong><\/a> und die Oberfl\u00e4chen unserer <strong>modernen Kommoden<\/strong> zu dekorieren, hat Fusiontables moderne Oberfl\u00e4chen ausgew\u00e4hlt, die pflegeleicht sind und sich weich anf\u00fchlen.<\/p>\n<p>Eine der vielen M\u00f6glichkeiten ist die Auswahl einer lackierten oder gebeizten Holzoberfl\u00e4che. Die letzte Schutzschicht ist dann ein Lack von h\u00f6chster Qualit\u00e4t, der von der S\u00e4ure von Lebensmitteln nicht angegriffen wird, und den Strapazen Ihres t\u00e4glichen Lebens standh\u00e4lt. Dieses Finish ist in <a href=\"https:\/\/www.fusiontables.com\/matt-white-dining-pool-table\/\"><strong>Mattwei\u00df<\/strong><\/a><strong>\u00a0<\/strong>und <a href=\"https:\/\/www.fusiontables.com\/de\/matt-schwarz-design-billardtisch\/\"><strong>mattschwarz<\/strong><\/a> erh\u00e4ltlich<\/p>\n<p><img fetchpriority=\"high\" decoding=\"async\" src=\"https:\/\/www.fusiontables.com\/wp-content\/uploads\/2025\/02\/lacquer2025.jpg\" alt=\"\" width=\"1000\" height=\"664\" \/><\/p>\n<p><iframe style=\"width: 100%; height: 810px;\" src=\"https:\/\/www.archiproducts.com\/3d-viewer?productid=48971&amp;showattributes=true\"><\/iframe><\/p>\n","protected":false},"excerpt":{"rendered":"<p>Um die Seiten unseres modernen, verwandelbaren Billard esstisches und die Oberfl\u00e4chen unserer modernen Kommoden zu dekorieren, hat Fusiontables moderne Oberfl\u00e4chen ausgew\u00e4hlt, die pflegeleicht sind und sich weich anf\u00fchlen. Eine der vielen M\u00f6glichkeiten ist die Auswahl einer lackierten oder gebeizten Holzoberfl\u00e4che. Die letzte Schutzschicht ist dann ein Lack von h\u00f6chster Qualit\u00e4t, der von der S\u00e4ure von [&hellip;]<\/p>\n","protected":false},"author":2,"featured_media":0,"parent":0,"menu_order":0,"comment_status":"closed","ping_status":"closed","template":"","meta":{"_acf_changed":false,"footnotes":""},"class_list":["post-559","page","type-page","status-publish","hentry"],"acf":[],"yoast_head":"<!-- This site is optimized with the Yoast SEO plugin v27.3 - https:\/\/yoast.com\/product\/yoast-seo-wordpress\/ -->\n<title>Lackierte Oberfl\u00e4chen - Fusion Tables<\/title>\n<meta name=\"robots\" content=\"index, follow, max-snippet:-1, max-image-preview:large, max-video-preview:-1\" \/>\n<link rel=\"canonical\" href=\"https:\/\/www.fusiontables.com\/de\/lackierte-oberflachen\/\" \/>\n<meta property=\"og:locale\" content=\"de_DE\" \/>\n<meta property=\"og:type\" content=\"article\" \/>\n<meta property=\"og:title\" content=\"Lackierte Oberfl\u00e4chen - Fusion Tables\" \/>\n<meta property=\"og:description\" content=\"Um die Seiten unseres modernen, verwandelbaren Billard esstisches und die Oberfl\u00e4chen unserer modernen Kommoden zu dekorieren, hat Fusiontables moderne Oberfl\u00e4chen ausgew\u00e4hlt, die pflegeleicht sind und sich weich anf\u00fchlen. Eine der vielen M\u00f6glichkeiten ist die Auswahl einer lackierten oder gebeizten Holzoberfl\u00e4che. Die letzte Schutzschicht ist dann ein Lack von h\u00f6chster Qualit\u00e4t, der von der S\u00e4ure von [&hellip;]\" \/>\n<meta property=\"og:url\" content=\"https:\/\/www.fusiontables.com\/de\/lackierte-oberflachen\/\" \/>\n<meta property=\"og:site_name\" content=\"Fusion Tables\" \/>\n<meta property=\"article:modified_time\" content=\"2025-02-21T10:26:34+00:00\" \/>\n<meta property=\"og:image\" content=\"https:\/\/www.fusiontables.com\/wp-content\/uploads\/2025\/02\/lacquer2025.jpg\" \/>\n<meta name=\"twitter:card\" content=\"summary_large_image\" \/>\n<script type=\"application\/ld+json\" class=\"yoast-schema-graph\">{\"@context\":\"https:\\\/\\\/schema.org\",\"@graph\":[{\"@type\":\"WebPage\",\"@id\":\"https:\\\/\\\/www.fusiontables.com\\\/de\\\/lackierte-oberflachen\\\/\",\"url\":\"https:\\\/\\\/www.fusiontables.com\\\/de\\\/lackierte-oberflachen\\\/\",\"name\":\"Lackierte Oberfl\u00e4chen - Fusion Tables\",\"isPartOf\":{\"@id\":\"https:\\\/\\\/www.fusiontables.com\\\/de\\\/#website\"},\"primaryImageOfPage\":{\"@id\":\"https:\\\/\\\/www.fusiontables.com\\\/de\\\/lackierte-oberflachen\\\/#primaryimage\"},\"image\":{\"@id\":\"https:\\\/\\\/www.fusiontables.com\\\/de\\\/lackierte-oberflachen\\\/#primaryimage\"},\"thumbnailUrl\":\"https:\\\/\\\/www.fusiontables.com\\\/wp-content\\\/uploads\\\/2025\\\/02\\\/lacquer2025.jpg\",\"datePublished\":\"2019-04-08T09:55:05+00:00\",\"dateModified\":\"2025-02-21T10:26:34+00:00\",\"breadcrumb\":{\"@id\":\"https:\\\/\\\/www.fusiontables.com\\\/de\\\/lackierte-oberflachen\\\/#breadcrumb\"},\"inLanguage\":\"de\",\"potentialAction\":[{\"@type\":\"ReadAction\",\"target\":[\"https:\\\/\\\/www.fusiontables.com\\\/de\\\/lackierte-oberflachen\\\/\"]}]},{\"@type\":\"ImageObject\",\"inLanguage\":\"de\",\"@id\":\"https:\\\/\\\/www.fusiontables.com\\\/de\\\/lackierte-oberflachen\\\/#primaryimage\",\"url\":\"https:\\\/\\\/www.fusiontables.com\\\/wp-content\\\/uploads\\\/2025\\\/02\\\/lacquer2025.jpg\",\"contentUrl\":\"https:\\\/\\\/www.fusiontables.com\\\/wp-content\\\/uploads\\\/2025\\\/02\\\/lacquer2025.jpg\"},{\"@type\":\"BreadcrumbList\",\"@id\":\"https:\\\/\\\/www.fusiontables.com\\\/de\\\/lackierte-oberflachen\\\/#breadcrumb\",\"itemListElement\":[{\"@type\":\"ListItem\",\"position\":1,\"name\":\"Startseite\",\"item\":\"https:\\\/\\\/www.fusiontables.com\\\/de\\\/\"},{\"@type\":\"ListItem\",\"position\":2,\"name\":\"Lackierte Oberfl\u00e4chen\"}]},{\"@type\":\"WebSite\",\"@id\":\"https:\\\/\\\/www.fusiontables.com\\\/de\\\/#website\",\"url\":\"https:\\\/\\\/www.fusiontables.com\\\/de\\\/\",\"name\":\"Fusion Tables\",\"description\":\"\",\"publisher\":{\"@id\":\"https:\\\/\\\/www.fusiontables.com\\\/de\\\/#organization\"},\"potentialAction\":[{\"@type\":\"SearchAction\",\"target\":{\"@type\":\"EntryPoint\",\"urlTemplate\":\"https:\\\/\\\/www.fusiontables.com\\\/de\\\/?s={search_term_string}\"},\"query-input\":{\"@type\":\"PropertyValueSpecification\",\"valueRequired\":true,\"valueName\":\"search_term_string\"}}],\"inLanguage\":\"de\"},{\"@type\":\"Organization\",\"@id\":\"https:\\\/\\\/www.fusiontables.com\\\/de\\\/#organization\",\"name\":\"Fusion Tables\",\"url\":\"https:\\\/\\\/www.fusiontables.com\\\/de\\\/\",\"logo\":{\"@type\":\"ImageObject\",\"inLanguage\":\"de\",\"@id\":\"https:\\\/\\\/www.fusiontables.com\\\/de\\\/#\\\/schema\\\/logo\\\/image\\\/\",\"url\":\"https:\\\/\\\/www.fusiontables.com\\\/wp-content\\\/uploads\\\/2024\\\/11\\\/Fusiontables-Logo.png\",\"contentUrl\":\"https:\\\/\\\/www.fusiontables.com\\\/wp-content\\\/uploads\\\/2024\\\/11\\\/Fusiontables-Logo.png\",\"width\":514,\"height\":119,\"caption\":\"Fusion Tables\"},\"image\":{\"@id\":\"https:\\\/\\\/www.fusiontables.com\\\/de\\\/#\\\/schema\\\/logo\\\/image\\\/\"}}]}<\/script>\n<!-- \/ Yoast SEO plugin. -->","yoast_head_json":{"title":"Lackierte Oberfl\u00e4chen - Fusion Tables","robots":{"index":"index","follow":"follow","max-snippet":"max-snippet:-1","max-image-preview":"max-image-preview:large","max-video-preview":"max-video-preview:-1"},"canonical":"https:\/\/www.fusiontables.com\/de\/lackierte-oberflachen\/","og_locale":"de_DE","og_type":"article","og_title":"Lackierte Oberfl\u00e4chen - Fusion Tables","og_description":"Um die Seiten unseres modernen, verwandelbaren Billard esstisches und die Oberfl\u00e4chen unserer modernen Kommoden zu dekorieren, hat Fusiontables moderne Oberfl\u00e4chen ausgew\u00e4hlt, die pflegeleicht sind und sich weich anf\u00fchlen. Eine der vielen M\u00f6glichkeiten ist die Auswahl einer lackierten oder gebeizten Holzoberfl\u00e4che. Die letzte Schutzschicht ist dann ein Lack von h\u00f6chster Qualit\u00e4t, der von der S\u00e4ure von [&hellip;]","og_url":"https:\/\/www.fusiontables.com\/de\/lackierte-oberflachen\/","og_site_name":"Fusion Tables","article_modified_time":"2025-02-21T10:26:34+00:00","og_image":[{"url":"https:\/\/www.fusiontables.com\/wp-content\/uploads\/2025\/02\/lacquer2025.jpg","type":"","width":"","height":""}],"twitter_card":"summary_large_image","schema":{"@context":"https:\/\/schema.org","@graph":[{"@type":"WebPage","@id":"https:\/\/www.fusiontables.com\/de\/lackierte-oberflachen\/","url":"https:\/\/www.fusiontables.com\/de\/lackierte-oberflachen\/","name":"Lackierte Oberfl\u00e4chen - Fusion Tables","isPartOf":{"@id":"https:\/\/www.fusiontables.com\/de\/#website"},"primaryImageOfPage":{"@id":"https:\/\/www.fusiontables.com\/de\/lackierte-oberflachen\/#primaryimage"},"image":{"@id":"https:\/\/www.fusiontables.com\/de\/lackierte-oberflachen\/#primaryimage"},"thumbnailUrl":"https:\/\/www.fusiontables.com\/wp-content\/uploads\/2025\/02\/lacquer2025.jpg","datePublished":"2019-04-08T09:55:05+00:00","dateModified":"2025-02-21T10:26:34+00:00","breadcrumb":{"@id":"https:\/\/www.fusiontables.com\/de\/lackierte-oberflachen\/#breadcrumb"},"inLanguage":"de","potentialAction":[{"@type":"ReadAction","target":["https:\/\/www.fusiontables.com\/de\/lackierte-oberflachen\/"]}]},{"@type":"ImageObject","inLanguage":"de","@id":"https:\/\/www.fusiontables.com\/de\/lackierte-oberflachen\/#primaryimage","url":"https:\/\/www.fusiontables.com\/wp-content\/uploads\/2025\/02\/lacquer2025.jpg","contentUrl":"https:\/\/www.fusiontables.com\/wp-content\/uploads\/2025\/02\/lacquer2025.jpg"},{"@type":"BreadcrumbList","@id":"https:\/\/www.fusiontables.com\/de\/lackierte-oberflachen\/#breadcrumb","itemListElement":[{"@type":"ListItem","position":1,"name":"Startseite","item":"https:\/\/www.fusiontables.com\/de\/"},{"@type":"ListItem","position":2,"name":"Lackierte Oberfl\u00e4chen"}]},{"@type":"WebSite","@id":"https:\/\/www.fusiontables.com\/de\/#website","url":"https:\/\/www.fusiontables.com\/de\/","name":"Fusion Tables","description":"","publisher":{"@id":"https:\/\/www.fusiontables.com\/de\/#organization"},"potentialAction":[{"@type":"SearchAction","target":{"@type":"EntryPoint","urlTemplate":"https:\/\/www.fusiontables.com\/de\/?s={search_term_string}"},"query-input":{"@type":"PropertyValueSpecification","valueRequired":true,"valueName":"search_term_string"}}],"inLanguage":"de"},{"@type":"Organization","@id":"https:\/\/www.fusiontables.com\/de\/#organization","name":"Fusion Tables","url":"https:\/\/www.fusiontables.com\/de\/","logo":{"@type":"ImageObject","inLanguage":"de","@id":"https:\/\/www.fusiontables.com\/de\/#\/schema\/logo\/image\/","url":"https:\/\/www.fusiontables.com\/wp-content\/uploads\/2024\/11\/Fusiontables-Logo.png","contentUrl":"https:\/\/www.fusiontables.com\/wp-content\/uploads\/2024\/11\/Fusiontables-Logo.png","width":514,"height":119,"caption":"Fusion Tables"},"image":{"@id":"https:\/\/www.fusiontables.com\/de\/#\/schema\/logo\/image\/"}}]}},"_links":{"self":[{"href":"https:\/\/www.fusiontables.com\/de\/wp-json\/wp\/v2\/pages\/559","targetHints":{"allow":["GET"]}}],"collection":[{"href":"https:\/\/www.fusiontables.com\/de\/wp-json\/wp\/v2\/pages"}],"about":[{"href":"https:\/\/www.fusiontables.com\/de\/wp-json\/wp\/v2\/types\/page"}],"author":[{"embeddable":true,"href":"https:\/\/www.fusiontables.com\/de\/wp-json\/wp\/v2\/users\/2"}],"replies":[{"embeddable":true,"href":"https:\/\/www.fusiontables.com\/de\/wp-json\/wp\/v2\/comments?post=559"}],"version-history":[{"count":5,"href":"https:\/\/www.fusiontables.com\/de\/wp-json\/wp\/v2\/pages\/559\/revisions"}],"predecessor-version":[{"id":4564,"href":"https:\/\/www.fusiontables.com\/de\/wp-json\/wp\/v2\/pages\/559\/revisions\/4564"}],"wp:attachment":[{"href":"https:\/\/www.fusiontables.com\/de\/wp-json\/wp\/v2\/media?parent=559"}],"curies":[{"name":"wp","href":"https:\/\/api.w.org\/{rel}","templated":true}]}}