{"id":583,"date":"2019-04-08T12:51:48","date_gmt":"2019-04-08T10:51:48","guid":{"rendered":"https:\/\/www.fusiontables.com\/matt-schwarz-design-billardtisch\/"},"modified":"2025-02-11T10:18:41","modified_gmt":"2025-02-11T09:18:41","slug":"matt-schwarz-design-billardtisch","status":"publish","type":"page","link":"https:\/\/www.fusiontables.com\/de\/matt-schwarz-design-billardtisch\/","title":{"rendered":"Matt schwarz &#8211; Design Billardtisch"},"content":{"rendered":"<p>Schwarz wurde schon immer von Designern und gro\u00dfen Architekten verwendet. Es geht \u00fcber Moden und Trends hinaus und passt perfekt in eine moderne Umgebung, die elegant und doch warm bleiben muss. Tiefes, absolutes Schwarz vermeidet oft Geschmacksfehler. Es zeigt aber auch andere farbenfrohe Gegenst\u00e4nde, die einen visuellen Kontrast erzeugen. Mit Wanddekorationen geht es genauso gut wie mit mutiger <strong><a href=\"https:\/\/www.fusiontables.com\/de\/licht\/\">Beleuchtung<\/a> <\/strong>und Kunstwerken. Optisch reduziert Schwarz den von M\u00f6beln ausgef\u00fcllten Raum. Dank der matten Oberfl\u00e4che k\u00f6nnen Sie Ihre M\u00f6bel wie\u00a0unseren <a href=\"https:\/\/www.fusiontables.com\/de\/ess-billardtisch-kombi\/\"><strong>modernen, umwandelbaren Billardtisch<\/strong> <\/a>schnell und einfach pflegen. Dieses dunkle Finish passt besonders gut zum neuen <a href=\"https:\/\/www.fusiontables.com\/de\/kombinierbare-billard-esstisch-rock-reverso\/\"><strong>Keramik Rock Reverso<\/strong><\/a>.<\/p>\n<p><img fetchpriority=\"high\" decoding=\"async\" class=\" size-full wp-image-576\" src=\"https:\/\/www.fusiontables.com\/wp-content\/uploads\/2019\/04\/noir-mat-9c6.jpg\" alt=\"Design Billardtisch\" width=\"800\" height=\"299\" data-align=\"center\" data-entity-type=\"file\" data-entity-uuid=\"dfe06a35-4c04-4119-97a9-bd1c9487095e\" srcset=\"https:\/\/www.fusiontables.com\/wp-content\/uploads\/2019\/04\/noir-mat-9c6.jpg 800w, https:\/\/www.fusiontables.com\/wp-content\/uploads\/2019\/04\/noir-mat-9c6-300x112.jpg 300w, https:\/\/www.fusiontables.com\/wp-content\/uploads\/2019\/04\/noir-mat-9c6-768x287.jpg 768w\" sizes=\"(max-width: 800px) 100vw, 800px\" \/><\/p>\n","protected":false},"excerpt":{"rendered":"<p>Schwarz wurde schon immer von Designern und gro\u00dfen Architekten verwendet. Es geht \u00fcber Moden und Trends hinaus und passt perfekt in eine moderne Umgebung, die elegant und doch warm bleiben muss. Tiefes, absolutes Schwarz vermeidet oft Geschmacksfehler. Es zeigt aber auch andere farbenfrohe Gegenst\u00e4nde, die einen visuellen Kontrast erzeugen. Mit Wanddekorationen geht es genauso gut [&hellip;]<\/p>\n","protected":false},"author":2,"featured_media":576,"parent":0,"menu_order":0,"comment_status":"closed","ping_status":"closed","template":"","meta":{"_acf_changed":false,"footnotes":""},"class_list":["post-583","page","type-page","status-publish","has-post-thumbnail","hentry"],"acf":[],"yoast_head":"<!-- This site is optimized with the Yoast SEO plugin v27.4 - https:\/\/yoast.com\/product\/yoast-seo-wordpress\/ -->\n<title>Matt schwarz - Design Billardtisch - Fusion Tables<\/title>\n<meta name=\"robots\" content=\"index, follow, max-snippet:-1, max-image-preview:large, max-video-preview:-1\" \/>\n<link rel=\"canonical\" href=\"https:\/\/www.fusiontables.com\/de\/matt-schwarz-design-billardtisch\/\" \/>\n<meta property=\"og:locale\" content=\"de_DE\" \/>\n<meta property=\"og:type\" content=\"article\" \/>\n<meta property=\"og:title\" content=\"Matt schwarz - Design Billardtisch - Fusion Tables\" \/>\n<meta property=\"og:description\" content=\"Schwarz wurde schon immer von Designern und gro\u00dfen Architekten verwendet. Es geht \u00fcber Moden und Trends hinaus und passt perfekt in eine moderne Umgebung, die elegant und doch warm bleiben muss. Tiefes, absolutes Schwarz vermeidet oft Geschmacksfehler. Es zeigt aber auch andere farbenfrohe Gegenst\u00e4nde, die einen visuellen Kontrast erzeugen. Mit Wanddekorationen geht es genauso gut [&hellip;]\" \/>\n<meta property=\"og:url\" content=\"https:\/\/www.fusiontables.com\/de\/matt-schwarz-design-billardtisch\/\" \/>\n<meta property=\"og:site_name\" content=\"Fusion Tables\" \/>\n<meta property=\"article:modified_time\" content=\"2025-02-11T09:18:41+00:00\" \/>\n<meta property=\"og:image\" content=\"https:\/\/www.fusiontables.com\/wp-content\/uploads\/2019\/04\/noir-mat-9c6.jpg\" \/>\n\t<meta property=\"og:image:width\" content=\"800\" \/>\n\t<meta property=\"og:image:height\" content=\"299\" \/>\n\t<meta property=\"og:image:type\" content=\"image\/jpeg\" \/>\n<meta name=\"twitter:card\" content=\"summary_large_image\" \/>\n<meta name=\"twitter:label1\" content=\"Gesch\u00e4tzte Lesezeit\" \/>\n\t<meta name=\"twitter:data1\" content=\"1\u00a0Minute\" \/>\n<script type=\"application\/ld+json\" class=\"yoast-schema-graph\">{\"@context\":\"https:\\\/\\\/schema.org\",\"@graph\":[{\"@type\":\"WebPage\",\"@id\":\"https:\\\/\\\/www.fusiontables.com\\\/de\\\/matt-schwarz-design-billardtisch\\\/\",\"url\":\"https:\\\/\\\/www.fusiontables.com\\\/de\\\/matt-schwarz-design-billardtisch\\\/\",\"name\":\"Matt schwarz - Design Billardtisch - Fusion Tables\",\"isPartOf\":{\"@id\":\"https:\\\/\\\/www.fusiontables.com\\\/de\\\/#website\"},\"primaryImageOfPage\":{\"@id\":\"https:\\\/\\\/www.fusiontables.com\\\/de\\\/matt-schwarz-design-billardtisch\\\/#primaryimage\"},\"image\":{\"@id\":\"https:\\\/\\\/www.fusiontables.com\\\/de\\\/matt-schwarz-design-billardtisch\\\/#primaryimage\"},\"thumbnailUrl\":\"https:\\\/\\\/www.fusiontables.com\\\/wp-content\\\/uploads\\\/2019\\\/04\\\/noir-mat-9c6.jpg\",\"datePublished\":\"2019-04-08T10:51:48+00:00\",\"dateModified\":\"2025-02-11T09:18:41+00:00\",\"breadcrumb\":{\"@id\":\"https:\\\/\\\/www.fusiontables.com\\\/de\\\/matt-schwarz-design-billardtisch\\\/#breadcrumb\"},\"inLanguage\":\"de\",\"potentialAction\":[{\"@type\":\"ReadAction\",\"target\":[\"https:\\\/\\\/www.fusiontables.com\\\/de\\\/matt-schwarz-design-billardtisch\\\/\"]}]},{\"@type\":\"ImageObject\",\"inLanguage\":\"de\",\"@id\":\"https:\\\/\\\/www.fusiontables.com\\\/de\\\/matt-schwarz-design-billardtisch\\\/#primaryimage\",\"url\":\"https:\\\/\\\/www.fusiontables.com\\\/wp-content\\\/uploads\\\/2019\\\/04\\\/noir-mat-9c6.jpg\",\"contentUrl\":\"https:\\\/\\\/www.fusiontables.com\\\/wp-content\\\/uploads\\\/2019\\\/04\\\/noir-mat-9c6.jpg\",\"width\":800,\"height\":299,\"caption\":\"billard design convertible\"},{\"@type\":\"BreadcrumbList\",\"@id\":\"https:\\\/\\\/www.fusiontables.com\\\/de\\\/matt-schwarz-design-billardtisch\\\/#breadcrumb\",\"itemListElement\":[{\"@type\":\"ListItem\",\"position\":1,\"name\":\"Startseite\",\"item\":\"https:\\\/\\\/www.fusiontables.com\\\/de\\\/\"},{\"@type\":\"ListItem\",\"position\":2,\"name\":\"Matt schwarz &#8211; Design Billardtisch\"}]},{\"@type\":\"WebSite\",\"@id\":\"https:\\\/\\\/www.fusiontables.com\\\/de\\\/#website\",\"url\":\"https:\\\/\\\/www.fusiontables.com\\\/de\\\/\",\"name\":\"Fusion Tables\",\"description\":\"\",\"publisher\":{\"@id\":\"https:\\\/\\\/www.fusiontables.com\\\/de\\\/#organization\"},\"potentialAction\":[{\"@type\":\"SearchAction\",\"target\":{\"@type\":\"EntryPoint\",\"urlTemplate\":\"https:\\\/\\\/www.fusiontables.com\\\/de\\\/?s={search_term_string}\"},\"query-input\":{\"@type\":\"PropertyValueSpecification\",\"valueRequired\":true,\"valueName\":\"search_term_string\"}}],\"inLanguage\":\"de\"},{\"@type\":\"Organization\",\"@id\":\"https:\\\/\\\/www.fusiontables.com\\\/de\\\/#organization\",\"name\":\"Fusion Tables\",\"url\":\"https:\\\/\\\/www.fusiontables.com\\\/de\\\/\",\"logo\":{\"@type\":\"ImageObject\",\"inLanguage\":\"de\",\"@id\":\"https:\\\/\\\/www.fusiontables.com\\\/de\\\/#\\\/schema\\\/logo\\\/image\\\/\",\"url\":\"https:\\\/\\\/www.fusiontables.com\\\/wp-content\\\/uploads\\\/2024\\\/11\\\/Fusiontables-Logo.png\",\"contentUrl\":\"https:\\\/\\\/www.fusiontables.com\\\/wp-content\\\/uploads\\\/2024\\\/11\\\/Fusiontables-Logo.png\",\"width\":514,\"height\":119,\"caption\":\"Fusion Tables\"},\"image\":{\"@id\":\"https:\\\/\\\/www.fusiontables.com\\\/de\\\/#\\\/schema\\\/logo\\\/image\\\/\"}}]}<\/script>\n<!-- \/ Yoast SEO plugin. -->","yoast_head_json":{"title":"Matt schwarz - Design Billardtisch - Fusion Tables","robots":{"index":"index","follow":"follow","max-snippet":"max-snippet:-1","max-image-preview":"max-image-preview:large","max-video-preview":"max-video-preview:-1"},"canonical":"https:\/\/www.fusiontables.com\/de\/matt-schwarz-design-billardtisch\/","og_locale":"de_DE","og_type":"article","og_title":"Matt schwarz - Design Billardtisch - Fusion Tables","og_description":"Schwarz wurde schon immer von Designern und gro\u00dfen Architekten verwendet. Es geht \u00fcber Moden und Trends hinaus und passt perfekt in eine moderne Umgebung, die elegant und doch warm bleiben muss. Tiefes, absolutes Schwarz vermeidet oft Geschmacksfehler. Es zeigt aber auch andere farbenfrohe Gegenst\u00e4nde, die einen visuellen Kontrast erzeugen. Mit Wanddekorationen geht es genauso gut [&hellip;]","og_url":"https:\/\/www.fusiontables.com\/de\/matt-schwarz-design-billardtisch\/","og_site_name":"Fusion Tables","article_modified_time":"2025-02-11T09:18:41+00:00","og_image":[{"width":800,"height":299,"url":"https:\/\/www.fusiontables.com\/wp-content\/uploads\/2019\/04\/noir-mat-9c6.jpg","type":"image\/jpeg"}],"twitter_card":"summary_large_image","twitter_misc":{"Gesch\u00e4tzte Lesezeit":"1\u00a0Minute"},"schema":{"@context":"https:\/\/schema.org","@graph":[{"@type":"WebPage","@id":"https:\/\/www.fusiontables.com\/de\/matt-schwarz-design-billardtisch\/","url":"https:\/\/www.fusiontables.com\/de\/matt-schwarz-design-billardtisch\/","name":"Matt schwarz - Design Billardtisch - Fusion Tables","isPartOf":{"@id":"https:\/\/www.fusiontables.com\/de\/#website"},"primaryImageOfPage":{"@id":"https:\/\/www.fusiontables.com\/de\/matt-schwarz-design-billardtisch\/#primaryimage"},"image":{"@id":"https:\/\/www.fusiontables.com\/de\/matt-schwarz-design-billardtisch\/#primaryimage"},"thumbnailUrl":"https:\/\/www.fusiontables.com\/wp-content\/uploads\/2019\/04\/noir-mat-9c6.jpg","datePublished":"2019-04-08T10:51:48+00:00","dateModified":"2025-02-11T09:18:41+00:00","breadcrumb":{"@id":"https:\/\/www.fusiontables.com\/de\/matt-schwarz-design-billardtisch\/#breadcrumb"},"inLanguage":"de","potentialAction":[{"@type":"ReadAction","target":["https:\/\/www.fusiontables.com\/de\/matt-schwarz-design-billardtisch\/"]}]},{"@type":"ImageObject","inLanguage":"de","@id":"https:\/\/www.fusiontables.com\/de\/matt-schwarz-design-billardtisch\/#primaryimage","url":"https:\/\/www.fusiontables.com\/wp-content\/uploads\/2019\/04\/noir-mat-9c6.jpg","contentUrl":"https:\/\/www.fusiontables.com\/wp-content\/uploads\/2019\/04\/noir-mat-9c6.jpg","width":800,"height":299,"caption":"billard design convertible"},{"@type":"BreadcrumbList","@id":"https:\/\/www.fusiontables.com\/de\/matt-schwarz-design-billardtisch\/#breadcrumb","itemListElement":[{"@type":"ListItem","position":1,"name":"Startseite","item":"https:\/\/www.fusiontables.com\/de\/"},{"@type":"ListItem","position":2,"name":"Matt schwarz &#8211; Design Billardtisch"}]},{"@type":"WebSite","@id":"https:\/\/www.fusiontables.com\/de\/#website","url":"https:\/\/www.fusiontables.com\/de\/","name":"Fusion Tables","description":"","publisher":{"@id":"https:\/\/www.fusiontables.com\/de\/#organization"},"potentialAction":[{"@type":"SearchAction","target":{"@type":"EntryPoint","urlTemplate":"https:\/\/www.fusiontables.com\/de\/?s={search_term_string}"},"query-input":{"@type":"PropertyValueSpecification","valueRequired":true,"valueName":"search_term_string"}}],"inLanguage":"de"},{"@type":"Organization","@id":"https:\/\/www.fusiontables.com\/de\/#organization","name":"Fusion Tables","url":"https:\/\/www.fusiontables.com\/de\/","logo":{"@type":"ImageObject","inLanguage":"de","@id":"https:\/\/www.fusiontables.com\/de\/#\/schema\/logo\/image\/","url":"https:\/\/www.fusiontables.com\/wp-content\/uploads\/2024\/11\/Fusiontables-Logo.png","contentUrl":"https:\/\/www.fusiontables.com\/wp-content\/uploads\/2024\/11\/Fusiontables-Logo.png","width":514,"height":119,"caption":"Fusion Tables"},"image":{"@id":"https:\/\/www.fusiontables.com\/de\/#\/schema\/logo\/image\/"}}]}},"_links":{"self":[{"href":"https:\/\/www.fusiontables.com\/de\/wp-json\/wp\/v2\/pages\/583","targetHints":{"allow":["GET"]}}],"collection":[{"href":"https:\/\/www.fusiontables.com\/de\/wp-json\/wp\/v2\/pages"}],"about":[{"href":"https:\/\/www.fusiontables.com\/de\/wp-json\/wp\/v2\/types\/page"}],"author":[{"embeddable":true,"href":"https:\/\/www.fusiontables.com\/de\/wp-json\/wp\/v2\/users\/2"}],"replies":[{"embeddable":true,"href":"https:\/\/www.fusiontables.com\/de\/wp-json\/wp\/v2\/comments?post=583"}],"version-history":[{"count":5,"href":"https:\/\/www.fusiontables.com\/de\/wp-json\/wp\/v2\/pages\/583\/revisions"}],"predecessor-version":[{"id":4110,"href":"https:\/\/www.fusiontables.com\/de\/wp-json\/wp\/v2\/pages\/583\/revisions\/4110"}],"wp:featuredmedia":[{"embeddable":true,"href":"https:\/\/www.fusiontables.com\/de\/wp-json\/wp\/v2\/media\/576"}],"wp:attachment":[{"href":"https:\/\/www.fusiontables.com\/de\/wp-json\/wp\/v2\/media?parent=583"}],"curies":[{"name":"wp","href":"https:\/\/api.w.org\/{rel}","templated":true}]}}