{"id":601,"date":"2019-04-08T12:54:08","date_gmt":"2019-04-08T10:54:08","guid":{"rendered":"https:\/\/www.fusiontables.com\/poolbillard-esstisch-holzarten\/"},"modified":"2025-02-11T09:28:51","modified_gmt":"2025-02-11T08:28:51","slug":"poolbillard-esstisch-holzarten","status":"publish","type":"page","link":"https:\/\/www.fusiontables.com\/de\/poolbillard-esstisch-holzarten\/","title":{"rendered":"PoolBillard esstisch Holzarten"},"content":{"rendered":"<p>Um die Konturen unseres modernen wandelbaren Billard und esstisches zu dekorieren und f\u00fcr die Oberfl\u00e4chen unseres umwandelbaren Design-Esstisches hat Fusiontables moderne Oberfl\u00e4chen ausgew\u00e4hlt, die pflegeleicht sind und sich weich anf\u00fchlen.<\/p>\n<p>Eine der vielen M\u00f6glichkeiten besteht darin, ein nat\u00fcrliches oder lackiertes Holzfurnier zu w\u00e4hlen. Die letzte Schutzschicht ist dann ein Lack von h\u00f6chster Qualit\u00e4t, der von der S\u00e4ure von Lebensmitteln nicht angegriffen wird und den Strapazen Ihres t\u00e4glichen Lebens standh\u00e4lt. Dieses Finish ist in den Farben <a href=\"https:\/\/www.fusiontables.com\/de\/walnuss-billardtisch\/\"><strong>Nussbaum Select<\/strong><\/a>,<strong> <a href=\"https:\/\/www.fusiontables.com\/de\/graue-eiche-billardtisch\/\">Eiche Grau<\/a><\/strong>, <a href=\"https:\/\/www.fusiontables.com\/de\/geweisste-eiche-billardtisch\/\"><strong>Eiche Wei\u00df<\/strong><\/a>, <a href=\"https:\/\/www.fusiontables.com\/de\/wenge-billardtisch\/\"><strong>Wenge <\/strong><\/a>und <a href=\"https:\/\/www.fusiontables.com\/de\/vintage-eiche-billardtisch\/\"><strong>Eiche Vintage<\/strong><\/a> erh\u00e4ltlich. Die unnachahmliche Haptik des Holzes verleiht Ihren Gegenst\u00e4nden einen Charakter und einen Adel, der hochwertige M\u00f6bel verdient. Die nat\u00fcrliche Riffelung des Holzes ist auf jeder Platte deutlich sichtbar und die Kanten sind perfekt verarbeitet, sodass sich Ihr <a href=\"https:\/\/www.fusiontables.com\/de\/ess-billardtisch-kombi\/\"><strong>verwandelbarer Esstisch<\/strong><\/a> von einem gew\u00f6hnlichen Melamin abhebt.<br \/>\n&nbsp;<\/p>\n<p><img fetchpriority=\"high\" decoding=\"async\" class=\" size-full wp-image-595\" alt=\"fibois\" data-align=\"center\" data-entity-type=\"file\" data-entity-uuid=\"bfaed4f2-0339-4d91-aead-8bd3bf3ab884\" src=\"https:\/\/www.fusiontables.com\/wp-content\/uploads\/2019\/04\/fibois_1-e3e.jpg\" width=\"1200\" height=\"494\" srcset=\"https:\/\/www.fusiontables.com\/wp-content\/uploads\/2019\/04\/fibois_1-e3e.jpg 1200w, https:\/\/www.fusiontables.com\/wp-content\/uploads\/2019\/04\/fibois_1-e3e-300x124.jpg 300w, https:\/\/www.fusiontables.com\/wp-content\/uploads\/2019\/04\/fibois_1-e3e-1024x422.jpg 1024w, https:\/\/www.fusiontables.com\/wp-content\/uploads\/2019\/04\/fibois_1-e3e-768x316.jpg 768w\" sizes=\"(max-width: 1200px) 100vw, 1200px\" \/><\/p>\n<p>&nbsp;<\/p>\n","protected":false},"excerpt":{"rendered":"<p>Um die Konturen unseres modernen wandelbaren Billard und esstisches zu dekorieren und f\u00fcr die Oberfl\u00e4chen unseres umwandelbaren Design-Esstisches hat Fusiontables moderne Oberfl\u00e4chen ausgew\u00e4hlt, die pflegeleicht sind und sich weich anf\u00fchlen. Eine der vielen M\u00f6glichkeiten besteht darin, ein nat\u00fcrliches oder lackiertes Holzfurnier zu w\u00e4hlen. Die letzte Schutzschicht ist dann ein Lack von h\u00f6chster Qualit\u00e4t, der von [&hellip;]<\/p>\n","protected":false},"author":2,"featured_media":595,"parent":0,"menu_order":0,"comment_status":"closed","ping_status":"closed","template":"","meta":{"_acf_changed":false,"footnotes":""},"class_list":["post-601","page","type-page","status-publish","has-post-thumbnail","hentry"],"acf":[],"yoast_head":"<!-- This site is optimized with the Yoast SEO plugin v27.4 - https:\/\/yoast.com\/product\/yoast-seo-wordpress\/ -->\n<title>PoolBillard esstisch Holzarten - Fusion Tables<\/title>\n<meta name=\"robots\" content=\"index, follow, max-snippet:-1, max-image-preview:large, max-video-preview:-1\" \/>\n<link rel=\"canonical\" href=\"https:\/\/www.fusiontables.com\/de\/poolbillard-esstisch-holzarten\/\" \/>\n<meta property=\"og:locale\" content=\"de_DE\" \/>\n<meta property=\"og:type\" content=\"article\" \/>\n<meta property=\"og:title\" content=\"PoolBillard esstisch Holzarten - Fusion Tables\" \/>\n<meta property=\"og:description\" content=\"Um die Konturen unseres modernen wandelbaren Billard und esstisches zu dekorieren und f\u00fcr die Oberfl\u00e4chen unseres umwandelbaren Design-Esstisches hat Fusiontables moderne Oberfl\u00e4chen ausgew\u00e4hlt, die pflegeleicht sind und sich weich anf\u00fchlen. Eine der vielen M\u00f6glichkeiten besteht darin, ein nat\u00fcrliches oder lackiertes Holzfurnier zu w\u00e4hlen. Die letzte Schutzschicht ist dann ein Lack von h\u00f6chster Qualit\u00e4t, der von [&hellip;]\" \/>\n<meta property=\"og:url\" content=\"https:\/\/www.fusiontables.com\/de\/poolbillard-esstisch-holzarten\/\" \/>\n<meta property=\"og:site_name\" content=\"Fusion Tables\" \/>\n<meta property=\"article:modified_time\" content=\"2025-02-11T08:28:51+00:00\" \/>\n<meta property=\"og:image\" content=\"https:\/\/www.fusiontables.com\/wp-content\/uploads\/2019\/04\/fibois_1-e3e.jpg\" \/>\n\t<meta property=\"og:image:width\" content=\"1200\" \/>\n\t<meta property=\"og:image:height\" content=\"494\" \/>\n\t<meta property=\"og:image:type\" content=\"image\/jpeg\" \/>\n<meta name=\"twitter:card\" content=\"summary_large_image\" \/>\n<meta name=\"twitter:label1\" content=\"Gesch\u00e4tzte Lesezeit\" \/>\n\t<meta name=\"twitter:data1\" content=\"1\u00a0Minute\" \/>\n<script type=\"application\/ld+json\" class=\"yoast-schema-graph\">{\"@context\":\"https:\\\/\\\/schema.org\",\"@graph\":[{\"@type\":\"WebPage\",\"@id\":\"https:\\\/\\\/www.fusiontables.com\\\/de\\\/poolbillard-esstisch-holzarten\\\/\",\"url\":\"https:\\\/\\\/www.fusiontables.com\\\/de\\\/poolbillard-esstisch-holzarten\\\/\",\"name\":\"PoolBillard esstisch Holzarten - Fusion Tables\",\"isPartOf\":{\"@id\":\"https:\\\/\\\/www.fusiontables.com\\\/de\\\/#website\"},\"primaryImageOfPage\":{\"@id\":\"https:\\\/\\\/www.fusiontables.com\\\/de\\\/poolbillard-esstisch-holzarten\\\/#primaryimage\"},\"image\":{\"@id\":\"https:\\\/\\\/www.fusiontables.com\\\/de\\\/poolbillard-esstisch-holzarten\\\/#primaryimage\"},\"thumbnailUrl\":\"https:\\\/\\\/www.fusiontables.com\\\/wp-content\\\/uploads\\\/2019\\\/04\\\/fibois_1-e3e.jpg\",\"datePublished\":\"2019-04-08T10:54:08+00:00\",\"dateModified\":\"2025-02-11T08:28:51+00:00\",\"breadcrumb\":{\"@id\":\"https:\\\/\\\/www.fusiontables.com\\\/de\\\/poolbillard-esstisch-holzarten\\\/#breadcrumb\"},\"inLanguage\":\"de\",\"potentialAction\":[{\"@type\":\"ReadAction\",\"target\":[\"https:\\\/\\\/www.fusiontables.com\\\/de\\\/poolbillard-esstisch-holzarten\\\/\"]}]},{\"@type\":\"ImageObject\",\"inLanguage\":\"de\",\"@id\":\"https:\\\/\\\/www.fusiontables.com\\\/de\\\/poolbillard-esstisch-holzarten\\\/#primaryimage\",\"url\":\"https:\\\/\\\/www.fusiontables.com\\\/wp-content\\\/uploads\\\/2019\\\/04\\\/fibois_1-e3e.jpg\",\"contentUrl\":\"https:\\\/\\\/www.fusiontables.com\\\/wp-content\\\/uploads\\\/2019\\\/04\\\/fibois_1-e3e.jpg\",\"width\":1200,\"height\":494,\"caption\":\"fibois\"},{\"@type\":\"BreadcrumbList\",\"@id\":\"https:\\\/\\\/www.fusiontables.com\\\/de\\\/poolbillard-esstisch-holzarten\\\/#breadcrumb\",\"itemListElement\":[{\"@type\":\"ListItem\",\"position\":1,\"name\":\"Startseite\",\"item\":\"https:\\\/\\\/www.fusiontables.com\\\/de\\\/\"},{\"@type\":\"ListItem\",\"position\":2,\"name\":\"PoolBillard esstisch Holzarten\"}]},{\"@type\":\"WebSite\",\"@id\":\"https:\\\/\\\/www.fusiontables.com\\\/de\\\/#website\",\"url\":\"https:\\\/\\\/www.fusiontables.com\\\/de\\\/\",\"name\":\"Fusion Tables\",\"description\":\"\",\"publisher\":{\"@id\":\"https:\\\/\\\/www.fusiontables.com\\\/de\\\/#organization\"},\"potentialAction\":[{\"@type\":\"SearchAction\",\"target\":{\"@type\":\"EntryPoint\",\"urlTemplate\":\"https:\\\/\\\/www.fusiontables.com\\\/de\\\/?s={search_term_string}\"},\"query-input\":{\"@type\":\"PropertyValueSpecification\",\"valueRequired\":true,\"valueName\":\"search_term_string\"}}],\"inLanguage\":\"de\"},{\"@type\":\"Organization\",\"@id\":\"https:\\\/\\\/www.fusiontables.com\\\/de\\\/#organization\",\"name\":\"Fusion Tables\",\"url\":\"https:\\\/\\\/www.fusiontables.com\\\/de\\\/\",\"logo\":{\"@type\":\"ImageObject\",\"inLanguage\":\"de\",\"@id\":\"https:\\\/\\\/www.fusiontables.com\\\/de\\\/#\\\/schema\\\/logo\\\/image\\\/\",\"url\":\"https:\\\/\\\/www.fusiontables.com\\\/wp-content\\\/uploads\\\/2024\\\/11\\\/Fusiontables-Logo.png\",\"contentUrl\":\"https:\\\/\\\/www.fusiontables.com\\\/wp-content\\\/uploads\\\/2024\\\/11\\\/Fusiontables-Logo.png\",\"width\":514,\"height\":119,\"caption\":\"Fusion Tables\"},\"image\":{\"@id\":\"https:\\\/\\\/www.fusiontables.com\\\/de\\\/#\\\/schema\\\/logo\\\/image\\\/\"}}]}<\/script>\n<!-- \/ Yoast SEO plugin. -->","yoast_head_json":{"title":"PoolBillard esstisch Holzarten - Fusion Tables","robots":{"index":"index","follow":"follow","max-snippet":"max-snippet:-1","max-image-preview":"max-image-preview:large","max-video-preview":"max-video-preview:-1"},"canonical":"https:\/\/www.fusiontables.com\/de\/poolbillard-esstisch-holzarten\/","og_locale":"de_DE","og_type":"article","og_title":"PoolBillard esstisch Holzarten - Fusion Tables","og_description":"Um die Konturen unseres modernen wandelbaren Billard und esstisches zu dekorieren und f\u00fcr die Oberfl\u00e4chen unseres umwandelbaren Design-Esstisches hat Fusiontables moderne Oberfl\u00e4chen ausgew\u00e4hlt, die pflegeleicht sind und sich weich anf\u00fchlen. Eine der vielen M\u00f6glichkeiten besteht darin, ein nat\u00fcrliches oder lackiertes Holzfurnier zu w\u00e4hlen. Die letzte Schutzschicht ist dann ein Lack von h\u00f6chster Qualit\u00e4t, der von [&hellip;]","og_url":"https:\/\/www.fusiontables.com\/de\/poolbillard-esstisch-holzarten\/","og_site_name":"Fusion Tables","article_modified_time":"2025-02-11T08:28:51+00:00","og_image":[{"width":1200,"height":494,"url":"https:\/\/www.fusiontables.com\/wp-content\/uploads\/2019\/04\/fibois_1-e3e.jpg","type":"image\/jpeg"}],"twitter_card":"summary_large_image","twitter_misc":{"Gesch\u00e4tzte Lesezeit":"1\u00a0Minute"},"schema":{"@context":"https:\/\/schema.org","@graph":[{"@type":"WebPage","@id":"https:\/\/www.fusiontables.com\/de\/poolbillard-esstisch-holzarten\/","url":"https:\/\/www.fusiontables.com\/de\/poolbillard-esstisch-holzarten\/","name":"PoolBillard esstisch Holzarten - Fusion Tables","isPartOf":{"@id":"https:\/\/www.fusiontables.com\/de\/#website"},"primaryImageOfPage":{"@id":"https:\/\/www.fusiontables.com\/de\/poolbillard-esstisch-holzarten\/#primaryimage"},"image":{"@id":"https:\/\/www.fusiontables.com\/de\/poolbillard-esstisch-holzarten\/#primaryimage"},"thumbnailUrl":"https:\/\/www.fusiontables.com\/wp-content\/uploads\/2019\/04\/fibois_1-e3e.jpg","datePublished":"2019-04-08T10:54:08+00:00","dateModified":"2025-02-11T08:28:51+00:00","breadcrumb":{"@id":"https:\/\/www.fusiontables.com\/de\/poolbillard-esstisch-holzarten\/#breadcrumb"},"inLanguage":"de","potentialAction":[{"@type":"ReadAction","target":["https:\/\/www.fusiontables.com\/de\/poolbillard-esstisch-holzarten\/"]}]},{"@type":"ImageObject","inLanguage":"de","@id":"https:\/\/www.fusiontables.com\/de\/poolbillard-esstisch-holzarten\/#primaryimage","url":"https:\/\/www.fusiontables.com\/wp-content\/uploads\/2019\/04\/fibois_1-e3e.jpg","contentUrl":"https:\/\/www.fusiontables.com\/wp-content\/uploads\/2019\/04\/fibois_1-e3e.jpg","width":1200,"height":494,"caption":"fibois"},{"@type":"BreadcrumbList","@id":"https:\/\/www.fusiontables.com\/de\/poolbillard-esstisch-holzarten\/#breadcrumb","itemListElement":[{"@type":"ListItem","position":1,"name":"Startseite","item":"https:\/\/www.fusiontables.com\/de\/"},{"@type":"ListItem","position":2,"name":"PoolBillard esstisch Holzarten"}]},{"@type":"WebSite","@id":"https:\/\/www.fusiontables.com\/de\/#website","url":"https:\/\/www.fusiontables.com\/de\/","name":"Fusion Tables","description":"","publisher":{"@id":"https:\/\/www.fusiontables.com\/de\/#organization"},"potentialAction":[{"@type":"SearchAction","target":{"@type":"EntryPoint","urlTemplate":"https:\/\/www.fusiontables.com\/de\/?s={search_term_string}"},"query-input":{"@type":"PropertyValueSpecification","valueRequired":true,"valueName":"search_term_string"}}],"inLanguage":"de"},{"@type":"Organization","@id":"https:\/\/www.fusiontables.com\/de\/#organization","name":"Fusion Tables","url":"https:\/\/www.fusiontables.com\/de\/","logo":{"@type":"ImageObject","inLanguage":"de","@id":"https:\/\/www.fusiontables.com\/de\/#\/schema\/logo\/image\/","url":"https:\/\/www.fusiontables.com\/wp-content\/uploads\/2024\/11\/Fusiontables-Logo.png","contentUrl":"https:\/\/www.fusiontables.com\/wp-content\/uploads\/2024\/11\/Fusiontables-Logo.png","width":514,"height":119,"caption":"Fusion Tables"},"image":{"@id":"https:\/\/www.fusiontables.com\/de\/#\/schema\/logo\/image\/"}}]}},"_links":{"self":[{"href":"https:\/\/www.fusiontables.com\/de\/wp-json\/wp\/v2\/pages\/601","targetHints":{"allow":["GET"]}}],"collection":[{"href":"https:\/\/www.fusiontables.com\/de\/wp-json\/wp\/v2\/pages"}],"about":[{"href":"https:\/\/www.fusiontables.com\/de\/wp-json\/wp\/v2\/types\/page"}],"author":[{"embeddable":true,"href":"https:\/\/www.fusiontables.com\/de\/wp-json\/wp\/v2\/users\/2"}],"replies":[{"embeddable":true,"href":"https:\/\/www.fusiontables.com\/de\/wp-json\/wp\/v2\/comments?post=601"}],"version-history":[{"count":11,"href":"https:\/\/www.fusiontables.com\/de\/wp-json\/wp\/v2\/pages\/601\/revisions"}],"predecessor-version":[{"id":4065,"href":"https:\/\/www.fusiontables.com\/de\/wp-json\/wp\/v2\/pages\/601\/revisions\/4065"}],"wp:featuredmedia":[{"embeddable":true,"href":"https:\/\/www.fusiontables.com\/de\/wp-json\/wp\/v2\/media\/595"}],"wp:attachment":[{"href":"https:\/\/www.fusiontables.com\/de\/wp-json\/wp\/v2\/media?parent=601"}],"curies":[{"name":"wp","href":"https:\/\/api.w.org\/{rel}","templated":true}]}}