{"id":631,"date":"2019-04-08T12:56:42","date_gmt":"2019-04-08T10:56:42","guid":{"rendered":"https:\/\/www.fusiontables.com\/walnuss-billardtisch\/"},"modified":"2025-02-10T17:38:39","modified_gmt":"2025-02-10T16:38:39","slug":"walnuss-billardtisch","status":"publish","type":"page","link":"https:\/\/www.fusiontables.com\/de\/walnuss-billardtisch\/","title":{"rendered":"Walnuss &#8211; Billardtisch"},"content":{"rendered":"<p>F\u00fcr echte Holzliebhaber ist dies derzeit das eleganteste und bedeutendste Holz auf dem Designmarkt. Nussbaum, der von allen italienischen Klassikern verwendet wird, ist eine edle und hochwertige Holzart mit einem impulsiven, nat\u00fcrlichen Charakter und einem schlanken, raffinierten Flitch. Jeder Baum und jedes Holzbrett sind einzigartig und unterschiedlich, haben jedoch einen Farbton zwischen apricot und schwarz, wobei Braun und Gold nicht zu vergessen sind.&nbsp;<\/p>\n<p>F\u00fcr die Herstellung der Paneele f\u00fcr unsere <a href=\"https:\/\/www.fusiontables.com\/de\/ess-billardtisch-kombi\/\"><strong>verwandelbaren Billardtische<\/strong><\/a> verwenden wir daher gro\u00dfe St\u00fccke dieses Holzes, das im Laufe der Zeit geschmiedet wurde, und schneiden es mit gr\u00f6\u00dfter Sorgfalt, um ein hohes Ma\u00df an Kontinuit\u00e4t zwischen den Paneelen sicherzustellen. Wenn Sie Ihren <a href=\"https:\/\/www.fusiontables.com\/de\/kommode\"><strong>Billardtisch <\/strong><\/a>schlie\u00dfen und in einen <a href=\"https:\/\/www.fusiontables.com\/de\/kommode\"><strong>Esstisch <\/strong><\/a>verwandeln, werden die visuellen Verbindungen auf nat\u00fcrliche und perfekte Weise hergestellt, sodass der Eindruck eines Holzbrettes mit einer L\u00e4nge von mehr als 2,30 m entsteht.<\/p>\n<p>&nbsp;<\/p>\n<p><img fetchpriority=\"high\" decoding=\"async\" class=\" size-full wp-image-624\" alt=\"Billardtisch\" data-align=\"center\" data-entity-type=\"file\" data-entity-uuid=\"d0fdc003-f8be-44e4-973c-101ed4eccba6\" src=\"https:\/\/www.fusiontables.com\/wp-content\/uploads\/2019\/04\/v1-06c.jpg\" width=\"800\" height=\"280\" srcset=\"https:\/\/www.fusiontables.com\/wp-content\/uploads\/2019\/04\/v1-06c.jpg 800w, https:\/\/www.fusiontables.com\/wp-content\/uploads\/2019\/04\/v1-06c-300x105.jpg 300w, https:\/\/www.fusiontables.com\/wp-content\/uploads\/2019\/04\/v1-06c-768x269.jpg 768w\" sizes=\"(max-width: 800px) 100vw, 800px\" \/><\/p>\n<p>&nbsp;<\/p>\n","protected":false},"excerpt":{"rendered":"<p>F\u00fcr echte Holzliebhaber ist dies derzeit das eleganteste und bedeutendste Holz auf dem Designmarkt. Nussbaum, der von allen italienischen Klassikern verwendet wird, ist eine edle und hochwertige Holzart mit einem impulsiven, nat\u00fcrlichen Charakter und einem schlanken, raffinierten Flitch. Jeder Baum und jedes Holzbrett sind einzigartig und unterschiedlich, haben jedoch einen Farbton zwischen apricot und schwarz, [&hellip;]<\/p>\n","protected":false},"author":2,"featured_media":624,"parent":0,"menu_order":0,"comment_status":"closed","ping_status":"closed","template":"","meta":{"_acf_changed":false,"footnotes":""},"class_list":["post-631","page","type-page","status-publish","has-post-thumbnail","hentry"],"acf":[],"yoast_head":"<!-- This site is optimized with the Yoast SEO plugin v27.5 - https:\/\/yoast.com\/product\/yoast-seo-wordpress\/ -->\n<title>Walnuss - Billardtisch - Fusion Tables<\/title>\n<meta name=\"robots\" content=\"index, follow, max-snippet:-1, max-image-preview:large, max-video-preview:-1\" \/>\n<link rel=\"canonical\" href=\"https:\/\/www.fusiontables.com\/de\/walnuss-billardtisch\/\" \/>\n<meta property=\"og:locale\" content=\"de_DE\" \/>\n<meta property=\"og:type\" content=\"article\" \/>\n<meta property=\"og:title\" content=\"Walnuss - Billardtisch - Fusion Tables\" \/>\n<meta property=\"og:description\" content=\"F\u00fcr echte Holzliebhaber ist dies derzeit das eleganteste und bedeutendste Holz auf dem Designmarkt. Nussbaum, der von allen italienischen Klassikern verwendet wird, ist eine edle und hochwertige Holzart mit einem impulsiven, nat\u00fcrlichen Charakter und einem schlanken, raffinierten Flitch. Jeder Baum und jedes Holzbrett sind einzigartig und unterschiedlich, haben jedoch einen Farbton zwischen apricot und schwarz, [&hellip;]\" \/>\n<meta property=\"og:url\" content=\"https:\/\/www.fusiontables.com\/de\/walnuss-billardtisch\/\" \/>\n<meta property=\"og:site_name\" content=\"Fusion Tables\" \/>\n<meta property=\"article:modified_time\" content=\"2025-02-10T16:38:39+00:00\" \/>\n<meta property=\"og:image\" content=\"https:\/\/www.fusiontables.com\/wp-content\/uploads\/2019\/04\/v1-06c.jpg\" \/>\n\t<meta property=\"og:image:width\" content=\"800\" \/>\n\t<meta property=\"og:image:height\" content=\"280\" \/>\n\t<meta property=\"og:image:type\" content=\"image\/jpeg\" \/>\n<meta name=\"twitter:card\" content=\"summary_large_image\" \/>\n<meta name=\"twitter:label1\" content=\"Gesch\u00e4tzte Lesezeit\" \/>\n\t<meta name=\"twitter:data1\" content=\"1\u00a0Minute\" \/>\n<script type=\"application\/ld+json\" class=\"yoast-schema-graph\">{\"@context\":\"https:\\\/\\\/schema.org\",\"@graph\":[{\"@type\":\"WebPage\",\"@id\":\"https:\\\/\\\/www.fusiontables.com\\\/de\\\/walnuss-billardtisch\\\/\",\"url\":\"https:\\\/\\\/www.fusiontables.com\\\/de\\\/walnuss-billardtisch\\\/\",\"name\":\"Walnuss - Billardtisch - Fusion Tables\",\"isPartOf\":{\"@id\":\"https:\\\/\\\/www.fusiontables.com\\\/de\\\/#website\"},\"primaryImageOfPage\":{\"@id\":\"https:\\\/\\\/www.fusiontables.com\\\/de\\\/walnuss-billardtisch\\\/#primaryimage\"},\"image\":{\"@id\":\"https:\\\/\\\/www.fusiontables.com\\\/de\\\/walnuss-billardtisch\\\/#primaryimage\"},\"thumbnailUrl\":\"https:\\\/\\\/www.fusiontables.com\\\/wp-content\\\/uploads\\\/2019\\\/04\\\/v1-06c.jpg\",\"datePublished\":\"2019-04-08T10:56:42+00:00\",\"dateModified\":\"2025-02-10T16:38:39+00:00\",\"breadcrumb\":{\"@id\":\"https:\\\/\\\/www.fusiontables.com\\\/de\\\/walnuss-billardtisch\\\/#breadcrumb\"},\"inLanguage\":\"de\",\"potentialAction\":[{\"@type\":\"ReadAction\",\"target\":[\"https:\\\/\\\/www.fusiontables.com\\\/de\\\/walnuss-billardtisch\\\/\"]}]},{\"@type\":\"ImageObject\",\"inLanguage\":\"de\",\"@id\":\"https:\\\/\\\/www.fusiontables.com\\\/de\\\/walnuss-billardtisch\\\/#primaryimage\",\"url\":\"https:\\\/\\\/www.fusiontables.com\\\/wp-content\\\/uploads\\\/2019\\\/04\\\/v1-06c.jpg\",\"contentUrl\":\"https:\\\/\\\/www.fusiontables.com\\\/wp-content\\\/uploads\\\/2019\\\/04\\\/v1-06c.jpg\",\"width\":800,\"height\":280,\"caption\":\"billard design convertible\"},{\"@type\":\"BreadcrumbList\",\"@id\":\"https:\\\/\\\/www.fusiontables.com\\\/de\\\/walnuss-billardtisch\\\/#breadcrumb\",\"itemListElement\":[{\"@type\":\"ListItem\",\"position\":1,\"name\":\"Startseite\",\"item\":\"https:\\\/\\\/www.fusiontables.com\\\/de\\\/\"},{\"@type\":\"ListItem\",\"position\":2,\"name\":\"Walnuss &#8211; Billardtisch\"}]},{\"@type\":\"WebSite\",\"@id\":\"https:\\\/\\\/www.fusiontables.com\\\/de\\\/#website\",\"url\":\"https:\\\/\\\/www.fusiontables.com\\\/de\\\/\",\"name\":\"Fusion Tables\",\"description\":\"\",\"publisher\":{\"@id\":\"https:\\\/\\\/www.fusiontables.com\\\/de\\\/#organization\"},\"potentialAction\":[{\"@type\":\"SearchAction\",\"target\":{\"@type\":\"EntryPoint\",\"urlTemplate\":\"https:\\\/\\\/www.fusiontables.com\\\/de\\\/?s={search_term_string}\"},\"query-input\":{\"@type\":\"PropertyValueSpecification\",\"valueRequired\":true,\"valueName\":\"search_term_string\"}}],\"inLanguage\":\"de\"},{\"@type\":\"Organization\",\"@id\":\"https:\\\/\\\/www.fusiontables.com\\\/de\\\/#organization\",\"name\":\"Fusion Tables\",\"url\":\"https:\\\/\\\/www.fusiontables.com\\\/de\\\/\",\"logo\":{\"@type\":\"ImageObject\",\"inLanguage\":\"de\",\"@id\":\"https:\\\/\\\/www.fusiontables.com\\\/de\\\/#\\\/schema\\\/logo\\\/image\\\/\",\"url\":\"https:\\\/\\\/www.fusiontables.com\\\/wp-content\\\/uploads\\\/2024\\\/11\\\/Fusiontables-Logo.png\",\"contentUrl\":\"https:\\\/\\\/www.fusiontables.com\\\/wp-content\\\/uploads\\\/2024\\\/11\\\/Fusiontables-Logo.png\",\"width\":514,\"height\":119,\"caption\":\"Fusion Tables\"},\"image\":{\"@id\":\"https:\\\/\\\/www.fusiontables.com\\\/de\\\/#\\\/schema\\\/logo\\\/image\\\/\"}}]}<\/script>\n<!-- \/ Yoast SEO plugin. -->","yoast_head_json":{"title":"Walnuss - Billardtisch - Fusion Tables","robots":{"index":"index","follow":"follow","max-snippet":"max-snippet:-1","max-image-preview":"max-image-preview:large","max-video-preview":"max-video-preview:-1"},"canonical":"https:\/\/www.fusiontables.com\/de\/walnuss-billardtisch\/","og_locale":"de_DE","og_type":"article","og_title":"Walnuss - Billardtisch - Fusion Tables","og_description":"F\u00fcr echte Holzliebhaber ist dies derzeit das eleganteste und bedeutendste Holz auf dem Designmarkt. Nussbaum, der von allen italienischen Klassikern verwendet wird, ist eine edle und hochwertige Holzart mit einem impulsiven, nat\u00fcrlichen Charakter und einem schlanken, raffinierten Flitch. Jeder Baum und jedes Holzbrett sind einzigartig und unterschiedlich, haben jedoch einen Farbton zwischen apricot und schwarz, [&hellip;]","og_url":"https:\/\/www.fusiontables.com\/de\/walnuss-billardtisch\/","og_site_name":"Fusion Tables","article_modified_time":"2025-02-10T16:38:39+00:00","og_image":[{"width":800,"height":280,"url":"https:\/\/www.fusiontables.com\/wp-content\/uploads\/2019\/04\/v1-06c.jpg","type":"image\/jpeg"}],"twitter_card":"summary_large_image","twitter_misc":{"Gesch\u00e4tzte Lesezeit":"1\u00a0Minute"},"schema":{"@context":"https:\/\/schema.org","@graph":[{"@type":"WebPage","@id":"https:\/\/www.fusiontables.com\/de\/walnuss-billardtisch\/","url":"https:\/\/www.fusiontables.com\/de\/walnuss-billardtisch\/","name":"Walnuss - Billardtisch - Fusion Tables","isPartOf":{"@id":"https:\/\/www.fusiontables.com\/de\/#website"},"primaryImageOfPage":{"@id":"https:\/\/www.fusiontables.com\/de\/walnuss-billardtisch\/#primaryimage"},"image":{"@id":"https:\/\/www.fusiontables.com\/de\/walnuss-billardtisch\/#primaryimage"},"thumbnailUrl":"https:\/\/www.fusiontables.com\/wp-content\/uploads\/2019\/04\/v1-06c.jpg","datePublished":"2019-04-08T10:56:42+00:00","dateModified":"2025-02-10T16:38:39+00:00","breadcrumb":{"@id":"https:\/\/www.fusiontables.com\/de\/walnuss-billardtisch\/#breadcrumb"},"inLanguage":"de","potentialAction":[{"@type":"ReadAction","target":["https:\/\/www.fusiontables.com\/de\/walnuss-billardtisch\/"]}]},{"@type":"ImageObject","inLanguage":"de","@id":"https:\/\/www.fusiontables.com\/de\/walnuss-billardtisch\/#primaryimage","url":"https:\/\/www.fusiontables.com\/wp-content\/uploads\/2019\/04\/v1-06c.jpg","contentUrl":"https:\/\/www.fusiontables.com\/wp-content\/uploads\/2019\/04\/v1-06c.jpg","width":800,"height":280,"caption":"billard design convertible"},{"@type":"BreadcrumbList","@id":"https:\/\/www.fusiontables.com\/de\/walnuss-billardtisch\/#breadcrumb","itemListElement":[{"@type":"ListItem","position":1,"name":"Startseite","item":"https:\/\/www.fusiontables.com\/de\/"},{"@type":"ListItem","position":2,"name":"Walnuss &#8211; Billardtisch"}]},{"@type":"WebSite","@id":"https:\/\/www.fusiontables.com\/de\/#website","url":"https:\/\/www.fusiontables.com\/de\/","name":"Fusion Tables","description":"","publisher":{"@id":"https:\/\/www.fusiontables.com\/de\/#organization"},"potentialAction":[{"@type":"SearchAction","target":{"@type":"EntryPoint","urlTemplate":"https:\/\/www.fusiontables.com\/de\/?s={search_term_string}"},"query-input":{"@type":"PropertyValueSpecification","valueRequired":true,"valueName":"search_term_string"}}],"inLanguage":"de"},{"@type":"Organization","@id":"https:\/\/www.fusiontables.com\/de\/#organization","name":"Fusion Tables","url":"https:\/\/www.fusiontables.com\/de\/","logo":{"@type":"ImageObject","inLanguage":"de","@id":"https:\/\/www.fusiontables.com\/de\/#\/schema\/logo\/image\/","url":"https:\/\/www.fusiontables.com\/wp-content\/uploads\/2024\/11\/Fusiontables-Logo.png","contentUrl":"https:\/\/www.fusiontables.com\/wp-content\/uploads\/2024\/11\/Fusiontables-Logo.png","width":514,"height":119,"caption":"Fusion Tables"},"image":{"@id":"https:\/\/www.fusiontables.com\/de\/#\/schema\/logo\/image\/"}}]}},"_links":{"self":[{"href":"https:\/\/www.fusiontables.com\/de\/wp-json\/wp\/v2\/pages\/631","targetHints":{"allow":["GET"]}}],"collection":[{"href":"https:\/\/www.fusiontables.com\/de\/wp-json\/wp\/v2\/pages"}],"about":[{"href":"https:\/\/www.fusiontables.com\/de\/wp-json\/wp\/v2\/types\/page"}],"author":[{"embeddable":true,"href":"https:\/\/www.fusiontables.com\/de\/wp-json\/wp\/v2\/users\/2"}],"replies":[{"embeddable":true,"href":"https:\/\/www.fusiontables.com\/de\/wp-json\/wp\/v2\/comments?post=631"}],"version-history":[{"count":4,"href":"https:\/\/www.fusiontables.com\/de\/wp-json\/wp\/v2\/pages\/631\/revisions"}],"predecessor-version":[{"id":4764,"href":"https:\/\/www.fusiontables.com\/de\/wp-json\/wp\/v2\/pages\/631\/revisions\/4764"}],"wp:featuredmedia":[{"embeddable":true,"href":"https:\/\/www.fusiontables.com\/de\/wp-json\/wp\/v2\/media\/624"}],"wp:attachment":[{"href":"https:\/\/www.fusiontables.com\/de\/wp-json\/wp\/v2\/media?parent=631"}],"curies":[{"name":"wp","href":"https:\/\/api.w.org\/{rel}","templated":true}]}}