{"id":643,"date":"2019-04-08T12:59:20","date_gmt":"2019-04-08T10:59:20","guid":{"rendered":"https:\/\/www.fusiontables.com\/graue-eiche-billardtisch\/"},"modified":"2019-04-08T12:59:20","modified_gmt":"2019-04-08T10:59:20","slug":"graue-eiche-billardtisch","status":"publish","type":"page","link":"https:\/\/www.fusiontables.com\/de\/graue-eiche-billardtisch\/","title":{"rendered":"Graue Eiche &#8211; Billardtisch"},"content":{"rendered":"<p>Eiche, ein traditioneller Teil des europ\u00e4ischen Interieurs, hat immer noch den Platz, den es verdient, in unserer Kollektion und im Herzen derer, die Design und hochwertige M\u00f6bel lieben. Unsere Auswahl an Eichenfurnier eignet sich perfekt f\u00fcr zeitgen\u00f6ssische Innenr\u00e4ume, dank seines sehr glatten Flitches, des fast vollst\u00e4ndigen Fehlens von Knoten und des anscheinend vollkommen regelm\u00e4\u00dfigen Holzes. Dieses dunkelgraue Finish verwandelt Ihr Interieur in ein modernes Esszimmer.<br \/>\n&nbsp;<br \/>\nDie matte Oberfl\u00e4che des Lacks erm\u00f6glicht Ihnen eine schnelle und einfache Pflege Ihrer M\u00f6bel.<\/p>\n<p><img fetchpriority=\"high\" decoding=\"async\" class=\" size-full wp-image-636\" alt=\"Billardtisch\" data-align=\"center\" data-entity-type=\"file\" data-entity-uuid=\"13d40706-4a54-452b-96f9-4f314f71e99e\" src=\"https:\/\/www.fusiontables.com\/wp-content\/uploads\/2019\/04\/v2-416.jpg\" width=\"800\" height=\"307\" srcset=\"https:\/\/www.fusiontables.com\/wp-content\/uploads\/2019\/04\/v2-416.jpg 800w, https:\/\/www.fusiontables.com\/wp-content\/uploads\/2019\/04\/v2-416-300x115.jpg 300w, https:\/\/www.fusiontables.com\/wp-content\/uploads\/2019\/04\/v2-416-768x295.jpg 768w\" sizes=\"(max-width: 800px) 100vw, 800px\" \/><\/p>\n<p>&nbsp;<\/p>\n","protected":false},"excerpt":{"rendered":"<p>Eiche, ein traditioneller Teil des europ\u00e4ischen Interieurs, hat immer noch den Platz, den es verdient, in unserer Kollektion und im Herzen derer, die Design und hochwertige M\u00f6bel lieben. Unsere Auswahl an Eichenfurnier eignet sich perfekt f\u00fcr zeitgen\u00f6ssische Innenr\u00e4ume, dank seines sehr glatten Flitches, des fast vollst\u00e4ndigen Fehlens von Knoten und des anscheinend vollkommen regelm\u00e4\u00dfigen Holzes. [&hellip;]<\/p>\n","protected":false},"author":2,"featured_media":636,"parent":0,"menu_order":0,"comment_status":"closed","ping_status":"closed","template":"","meta":{"_acf_changed":false,"footnotes":""},"class_list":["post-643","page","type-page","status-publish","has-post-thumbnail","hentry"],"acf":[],"yoast_head":"<!-- This site is optimized with the Yoast SEO plugin v27.3 - https:\/\/yoast.com\/product\/yoast-seo-wordpress\/ -->\n<title>Graue Eiche - Billardtisch - Fusion Tables<\/title>\n<meta name=\"robots\" content=\"index, follow, max-snippet:-1, max-image-preview:large, max-video-preview:-1\" \/>\n<link rel=\"canonical\" href=\"https:\/\/www.fusiontables.com\/de\/graue-eiche-billardtisch\/\" \/>\n<meta property=\"og:locale\" content=\"de_DE\" \/>\n<meta property=\"og:type\" content=\"article\" \/>\n<meta property=\"og:title\" content=\"Graue Eiche - Billardtisch - Fusion Tables\" \/>\n<meta property=\"og:description\" content=\"Eiche, ein traditioneller Teil des europ\u00e4ischen Interieurs, hat immer noch den Platz, den es verdient, in unserer Kollektion und im Herzen derer, die Design und hochwertige M\u00f6bel lieben. Unsere Auswahl an Eichenfurnier eignet sich perfekt f\u00fcr zeitgen\u00f6ssische Innenr\u00e4ume, dank seines sehr glatten Flitches, des fast vollst\u00e4ndigen Fehlens von Knoten und des anscheinend vollkommen regelm\u00e4\u00dfigen Holzes. [&hellip;]\" \/>\n<meta property=\"og:url\" content=\"https:\/\/www.fusiontables.com\/de\/graue-eiche-billardtisch\/\" \/>\n<meta property=\"og:site_name\" content=\"Fusion Tables\" \/>\n<meta property=\"og:image\" content=\"https:\/\/www.fusiontables.com\/wp-content\/uploads\/2019\/04\/v2-416.jpg\" \/>\n\t<meta property=\"og:image:width\" content=\"800\" \/>\n\t<meta property=\"og:image:height\" content=\"307\" \/>\n\t<meta property=\"og:image:type\" content=\"image\/jpeg\" \/>\n<meta name=\"twitter:card\" content=\"summary_large_image\" \/>\n<script type=\"application\/ld+json\" class=\"yoast-schema-graph\">{\"@context\":\"https:\\\/\\\/schema.org\",\"@graph\":[{\"@type\":\"WebPage\",\"@id\":\"https:\\\/\\\/www.fusiontables.com\\\/de\\\/graue-eiche-billardtisch\\\/\",\"url\":\"https:\\\/\\\/www.fusiontables.com\\\/de\\\/graue-eiche-billardtisch\\\/\",\"name\":\"Graue Eiche - Billardtisch - Fusion Tables\",\"isPartOf\":{\"@id\":\"https:\\\/\\\/www.fusiontables.com\\\/de\\\/#website\"},\"primaryImageOfPage\":{\"@id\":\"https:\\\/\\\/www.fusiontables.com\\\/de\\\/graue-eiche-billardtisch\\\/#primaryimage\"},\"image\":{\"@id\":\"https:\\\/\\\/www.fusiontables.com\\\/de\\\/graue-eiche-billardtisch\\\/#primaryimage\"},\"thumbnailUrl\":\"https:\\\/\\\/www.fusiontables.com\\\/wp-content\\\/uploads\\\/2019\\\/04\\\/v2-416.jpg\",\"datePublished\":\"2019-04-08T10:59:20+00:00\",\"breadcrumb\":{\"@id\":\"https:\\\/\\\/www.fusiontables.com\\\/de\\\/graue-eiche-billardtisch\\\/#breadcrumb\"},\"inLanguage\":\"de\",\"potentialAction\":[{\"@type\":\"ReadAction\",\"target\":[\"https:\\\/\\\/www.fusiontables.com\\\/de\\\/graue-eiche-billardtisch\\\/\"]}]},{\"@type\":\"ImageObject\",\"inLanguage\":\"de\",\"@id\":\"https:\\\/\\\/www.fusiontables.com\\\/de\\\/graue-eiche-billardtisch\\\/#primaryimage\",\"url\":\"https:\\\/\\\/www.fusiontables.com\\\/wp-content\\\/uploads\\\/2019\\\/04\\\/v2-416.jpg\",\"contentUrl\":\"https:\\\/\\\/www.fusiontables.com\\\/wp-content\\\/uploads\\\/2019\\\/04\\\/v2-416.jpg\",\"width\":800,\"height\":307,\"caption\":\"table billard design\"},{\"@type\":\"BreadcrumbList\",\"@id\":\"https:\\\/\\\/www.fusiontables.com\\\/de\\\/graue-eiche-billardtisch\\\/#breadcrumb\",\"itemListElement\":[{\"@type\":\"ListItem\",\"position\":1,\"name\":\"Startseite\",\"item\":\"https:\\\/\\\/www.fusiontables.com\\\/de\\\/\"},{\"@type\":\"ListItem\",\"position\":2,\"name\":\"Graue Eiche &#8211; Billardtisch\"}]},{\"@type\":\"WebSite\",\"@id\":\"https:\\\/\\\/www.fusiontables.com\\\/de\\\/#website\",\"url\":\"https:\\\/\\\/www.fusiontables.com\\\/de\\\/\",\"name\":\"Fusion Tables\",\"description\":\"\",\"publisher\":{\"@id\":\"https:\\\/\\\/www.fusiontables.com\\\/de\\\/#organization\"},\"potentialAction\":[{\"@type\":\"SearchAction\",\"target\":{\"@type\":\"EntryPoint\",\"urlTemplate\":\"https:\\\/\\\/www.fusiontables.com\\\/de\\\/?s={search_term_string}\"},\"query-input\":{\"@type\":\"PropertyValueSpecification\",\"valueRequired\":true,\"valueName\":\"search_term_string\"}}],\"inLanguage\":\"de\"},{\"@type\":\"Organization\",\"@id\":\"https:\\\/\\\/www.fusiontables.com\\\/de\\\/#organization\",\"name\":\"Fusion Tables\",\"url\":\"https:\\\/\\\/www.fusiontables.com\\\/de\\\/\",\"logo\":{\"@type\":\"ImageObject\",\"inLanguage\":\"de\",\"@id\":\"https:\\\/\\\/www.fusiontables.com\\\/de\\\/#\\\/schema\\\/logo\\\/image\\\/\",\"url\":\"https:\\\/\\\/www.fusiontables.com\\\/wp-content\\\/uploads\\\/2024\\\/11\\\/Fusiontables-Logo.png\",\"contentUrl\":\"https:\\\/\\\/www.fusiontables.com\\\/wp-content\\\/uploads\\\/2024\\\/11\\\/Fusiontables-Logo.png\",\"width\":514,\"height\":119,\"caption\":\"Fusion Tables\"},\"image\":{\"@id\":\"https:\\\/\\\/www.fusiontables.com\\\/de\\\/#\\\/schema\\\/logo\\\/image\\\/\"}}]}<\/script>\n<!-- \/ Yoast SEO plugin. -->","yoast_head_json":{"title":"Graue Eiche - Billardtisch - Fusion Tables","robots":{"index":"index","follow":"follow","max-snippet":"max-snippet:-1","max-image-preview":"max-image-preview:large","max-video-preview":"max-video-preview:-1"},"canonical":"https:\/\/www.fusiontables.com\/de\/graue-eiche-billardtisch\/","og_locale":"de_DE","og_type":"article","og_title":"Graue Eiche - Billardtisch - Fusion Tables","og_description":"Eiche, ein traditioneller Teil des europ\u00e4ischen Interieurs, hat immer noch den Platz, den es verdient, in unserer Kollektion und im Herzen derer, die Design und hochwertige M\u00f6bel lieben. Unsere Auswahl an Eichenfurnier eignet sich perfekt f\u00fcr zeitgen\u00f6ssische Innenr\u00e4ume, dank seines sehr glatten Flitches, des fast vollst\u00e4ndigen Fehlens von Knoten und des anscheinend vollkommen regelm\u00e4\u00dfigen Holzes. [&hellip;]","og_url":"https:\/\/www.fusiontables.com\/de\/graue-eiche-billardtisch\/","og_site_name":"Fusion Tables","og_image":[{"width":800,"height":307,"url":"https:\/\/www.fusiontables.com\/wp-content\/uploads\/2019\/04\/v2-416.jpg","type":"image\/jpeg"}],"twitter_card":"summary_large_image","schema":{"@context":"https:\/\/schema.org","@graph":[{"@type":"WebPage","@id":"https:\/\/www.fusiontables.com\/de\/graue-eiche-billardtisch\/","url":"https:\/\/www.fusiontables.com\/de\/graue-eiche-billardtisch\/","name":"Graue Eiche - Billardtisch - Fusion Tables","isPartOf":{"@id":"https:\/\/www.fusiontables.com\/de\/#website"},"primaryImageOfPage":{"@id":"https:\/\/www.fusiontables.com\/de\/graue-eiche-billardtisch\/#primaryimage"},"image":{"@id":"https:\/\/www.fusiontables.com\/de\/graue-eiche-billardtisch\/#primaryimage"},"thumbnailUrl":"https:\/\/www.fusiontables.com\/wp-content\/uploads\/2019\/04\/v2-416.jpg","datePublished":"2019-04-08T10:59:20+00:00","breadcrumb":{"@id":"https:\/\/www.fusiontables.com\/de\/graue-eiche-billardtisch\/#breadcrumb"},"inLanguage":"de","potentialAction":[{"@type":"ReadAction","target":["https:\/\/www.fusiontables.com\/de\/graue-eiche-billardtisch\/"]}]},{"@type":"ImageObject","inLanguage":"de","@id":"https:\/\/www.fusiontables.com\/de\/graue-eiche-billardtisch\/#primaryimage","url":"https:\/\/www.fusiontables.com\/wp-content\/uploads\/2019\/04\/v2-416.jpg","contentUrl":"https:\/\/www.fusiontables.com\/wp-content\/uploads\/2019\/04\/v2-416.jpg","width":800,"height":307,"caption":"table billard design"},{"@type":"BreadcrumbList","@id":"https:\/\/www.fusiontables.com\/de\/graue-eiche-billardtisch\/#breadcrumb","itemListElement":[{"@type":"ListItem","position":1,"name":"Startseite","item":"https:\/\/www.fusiontables.com\/de\/"},{"@type":"ListItem","position":2,"name":"Graue Eiche &#8211; Billardtisch"}]},{"@type":"WebSite","@id":"https:\/\/www.fusiontables.com\/de\/#website","url":"https:\/\/www.fusiontables.com\/de\/","name":"Fusion Tables","description":"","publisher":{"@id":"https:\/\/www.fusiontables.com\/de\/#organization"},"potentialAction":[{"@type":"SearchAction","target":{"@type":"EntryPoint","urlTemplate":"https:\/\/www.fusiontables.com\/de\/?s={search_term_string}"},"query-input":{"@type":"PropertyValueSpecification","valueRequired":true,"valueName":"search_term_string"}}],"inLanguage":"de"},{"@type":"Organization","@id":"https:\/\/www.fusiontables.com\/de\/#organization","name":"Fusion Tables","url":"https:\/\/www.fusiontables.com\/de\/","logo":{"@type":"ImageObject","inLanguage":"de","@id":"https:\/\/www.fusiontables.com\/de\/#\/schema\/logo\/image\/","url":"https:\/\/www.fusiontables.com\/wp-content\/uploads\/2024\/11\/Fusiontables-Logo.png","contentUrl":"https:\/\/www.fusiontables.com\/wp-content\/uploads\/2024\/11\/Fusiontables-Logo.png","width":514,"height":119,"caption":"Fusion Tables"},"image":{"@id":"https:\/\/www.fusiontables.com\/de\/#\/schema\/logo\/image\/"}}]}},"_links":{"self":[{"href":"https:\/\/www.fusiontables.com\/de\/wp-json\/wp\/v2\/pages\/643","targetHints":{"allow":["GET"]}}],"collection":[{"href":"https:\/\/www.fusiontables.com\/de\/wp-json\/wp\/v2\/pages"}],"about":[{"href":"https:\/\/www.fusiontables.com\/de\/wp-json\/wp\/v2\/types\/page"}],"author":[{"embeddable":true,"href":"https:\/\/www.fusiontables.com\/de\/wp-json\/wp\/v2\/users\/2"}],"replies":[{"embeddable":true,"href":"https:\/\/www.fusiontables.com\/de\/wp-json\/wp\/v2\/comments?post=643"}],"version-history":[{"count":0,"href":"https:\/\/www.fusiontables.com\/de\/wp-json\/wp\/v2\/pages\/643\/revisions"}],"wp:featuredmedia":[{"embeddable":true,"href":"https:\/\/www.fusiontables.com\/de\/wp-json\/wp\/v2\/media\/636"}],"wp:attachment":[{"href":"https:\/\/www.fusiontables.com\/de\/wp-json\/wp\/v2\/media?parent=643"}],"curies":[{"name":"wp","href":"https:\/\/api.w.org\/{rel}","templated":true}]}}