{"id":655,"date":"2019-04-08T13:01:04","date_gmt":"2019-04-08T11:01:04","guid":{"rendered":"https:\/\/www.fusiontables.com\/geweisste-eiche-billardtisch\/"},"modified":"2025-02-11T10:18:32","modified_gmt":"2025-02-11T09:18:32","slug":"geweisste-eiche-billardtisch","status":"publish","type":"page","link":"https:\/\/www.fusiontables.com\/de\/geweisste-eiche-billardtisch\/","title":{"rendered":"Geweisste Eiche &#8211; Billardtisch"},"content":{"rendered":"<p>Eiche, ein traditioneller Teil des europ\u00e4ischen Interieurs, hat immer noch den Platz, den es verdient, in unserer Kollektion und im Herzen derer, die Design und <a href=\"https:\/\/www.fusiontables.com\/de\/qualitat\/\"><strong>hochwertige M\u00f6bel<\/strong><\/a> lieben. Haben Sie Probleme, sich f\u00fcr Ihre modernen M\u00f6bel zwischen Wei\u00df und Holz zu entscheiden? Dann w\u00e4hlen Sie wei\u00dfe Eiche. Unsere Auswahl an Eichenfurnier eignet sich perfekt f\u00fcr moderne Innenr\u00e4ume, da es sehr glatt ist, fast keine Knoten aufweist und das Holz scheinbar perfekt regelm\u00e4\u00dfig ist. Diese leicht wei\u00df get\u00f6nte Oberfl\u00e4che verleiht Ihnen den Geist des in Skandinavien und Nordeuropa verwendeten Naturholzes und verwandelt Ihr Interieur in ein modernes Esszimmer.<\/p>\n<p>Die matte Oberfl\u00e4che des Lacks erm\u00f6glicht es Ihnen, Ihre M\u00f6bel wie\u00a0unseren <a href=\"https:\/\/www.fusiontables.com\/de\/ess-billardtisch-kombi\/\"><strong>modernen, verwandelbaren Billardtisch<\/strong><\/a> schnell und einfach zu pflegen. Dieses Zen-Finish passt besonders gut zum neuen <a href=\"https:\/\/www.fusiontables.com\/de\/kombinierbare-billard-esstisch-rock-reverso\/\"><strong>Keramik-Rock Reverso<\/strong><\/a>.<br \/>\n<img fetchpriority=\"high\" decoding=\"async\" class=\" size-full wp-image-648\" src=\"https:\/\/www.fusiontables.com\/wp-content\/uploads\/2019\/04\/v3-7c0.jpg\" alt=\"Billardtisch\" width=\"800\" height=\"263\" data-align=\"center\" data-entity-type=\"file\" data-entity-uuid=\"88139620-6319-41cf-84fb-88acc684d562\" srcset=\"https:\/\/www.fusiontables.com\/wp-content\/uploads\/2019\/04\/v3-7c0.jpg 800w, https:\/\/www.fusiontables.com\/wp-content\/uploads\/2019\/04\/v3-7c0-300x99.jpg 300w, https:\/\/www.fusiontables.com\/wp-content\/uploads\/2019\/04\/v3-7c0-768x252.jpg 768w\" sizes=\"(max-width: 800px) 100vw, 800px\" \/><\/p>\n","protected":false},"excerpt":{"rendered":"<p>Eiche, ein traditioneller Teil des europ\u00e4ischen Interieurs, hat immer noch den Platz, den es verdient, in unserer Kollektion und im Herzen derer, die Design und hochwertige M\u00f6bel lieben. Haben Sie Probleme, sich f\u00fcr Ihre modernen M\u00f6bel zwischen Wei\u00df und Holz zu entscheiden? Dann w\u00e4hlen Sie wei\u00dfe Eiche. Unsere Auswahl an Eichenfurnier eignet sich perfekt f\u00fcr [&hellip;]<\/p>\n","protected":false},"author":2,"featured_media":648,"parent":0,"menu_order":0,"comment_status":"closed","ping_status":"closed","template":"","meta":{"_acf_changed":false,"footnotes":""},"class_list":["post-655","page","type-page","status-publish","has-post-thumbnail","hentry"],"acf":[],"yoast_head":"<!-- This site is optimized with the Yoast SEO plugin v27.3 - https:\/\/yoast.com\/product\/yoast-seo-wordpress\/ -->\n<title>Geweisste Eiche - Billardtisch - Fusion Tables<\/title>\n<meta name=\"robots\" content=\"index, follow, max-snippet:-1, max-image-preview:large, max-video-preview:-1\" \/>\n<link rel=\"canonical\" href=\"https:\/\/www.fusiontables.com\/de\/geweisste-eiche-billardtisch\/\" \/>\n<meta property=\"og:locale\" content=\"de_DE\" \/>\n<meta property=\"og:type\" content=\"article\" \/>\n<meta property=\"og:title\" content=\"Geweisste Eiche - Billardtisch - Fusion Tables\" \/>\n<meta property=\"og:description\" content=\"Eiche, ein traditioneller Teil des europ\u00e4ischen Interieurs, hat immer noch den Platz, den es verdient, in unserer Kollektion und im Herzen derer, die Design und hochwertige M\u00f6bel lieben. Haben Sie Probleme, sich f\u00fcr Ihre modernen M\u00f6bel zwischen Wei\u00df und Holz zu entscheiden? Dann w\u00e4hlen Sie wei\u00dfe Eiche. Unsere Auswahl an Eichenfurnier eignet sich perfekt f\u00fcr [&hellip;]\" \/>\n<meta property=\"og:url\" content=\"https:\/\/www.fusiontables.com\/de\/geweisste-eiche-billardtisch\/\" \/>\n<meta property=\"og:site_name\" content=\"Fusion Tables\" \/>\n<meta property=\"article:modified_time\" content=\"2025-02-11T09:18:32+00:00\" \/>\n<meta property=\"og:image\" content=\"https:\/\/www.fusiontables.com\/wp-content\/uploads\/2019\/04\/v3-7c0.jpg\" \/>\n\t<meta property=\"og:image:width\" content=\"800\" \/>\n\t<meta property=\"og:image:height\" content=\"263\" \/>\n\t<meta property=\"og:image:type\" content=\"image\/jpeg\" \/>\n<meta name=\"twitter:card\" content=\"summary_large_image\" \/>\n<meta name=\"twitter:label1\" content=\"Gesch\u00e4tzte Lesezeit\" \/>\n\t<meta name=\"twitter:data1\" content=\"2\u00a0Minuten\" \/>\n<script type=\"application\/ld+json\" class=\"yoast-schema-graph\">{\"@context\":\"https:\\\/\\\/schema.org\",\"@graph\":[{\"@type\":\"WebPage\",\"@id\":\"https:\\\/\\\/www.fusiontables.com\\\/de\\\/geweisste-eiche-billardtisch\\\/\",\"url\":\"https:\\\/\\\/www.fusiontables.com\\\/de\\\/geweisste-eiche-billardtisch\\\/\",\"name\":\"Geweisste Eiche - Billardtisch - Fusion Tables\",\"isPartOf\":{\"@id\":\"https:\\\/\\\/www.fusiontables.com\\\/de\\\/#website\"},\"primaryImageOfPage\":{\"@id\":\"https:\\\/\\\/www.fusiontables.com\\\/de\\\/geweisste-eiche-billardtisch\\\/#primaryimage\"},\"image\":{\"@id\":\"https:\\\/\\\/www.fusiontables.com\\\/de\\\/geweisste-eiche-billardtisch\\\/#primaryimage\"},\"thumbnailUrl\":\"https:\\\/\\\/www.fusiontables.com\\\/wp-content\\\/uploads\\\/2019\\\/04\\\/v3-7c0.jpg\",\"datePublished\":\"2019-04-08T11:01:04+00:00\",\"dateModified\":\"2025-02-11T09:18:32+00:00\",\"breadcrumb\":{\"@id\":\"https:\\\/\\\/www.fusiontables.com\\\/de\\\/geweisste-eiche-billardtisch\\\/#breadcrumb\"},\"inLanguage\":\"de\",\"potentialAction\":[{\"@type\":\"ReadAction\",\"target\":[\"https:\\\/\\\/www.fusiontables.com\\\/de\\\/geweisste-eiche-billardtisch\\\/\"]}]},{\"@type\":\"ImageObject\",\"inLanguage\":\"de\",\"@id\":\"https:\\\/\\\/www.fusiontables.com\\\/de\\\/geweisste-eiche-billardtisch\\\/#primaryimage\",\"url\":\"https:\\\/\\\/www.fusiontables.com\\\/wp-content\\\/uploads\\\/2019\\\/04\\\/v3-7c0.jpg\",\"contentUrl\":\"https:\\\/\\\/www.fusiontables.com\\\/wp-content\\\/uploads\\\/2019\\\/04\\\/v3-7c0.jpg\",\"width\":800,\"height\":263,\"caption\":\"billard design\"},{\"@type\":\"BreadcrumbList\",\"@id\":\"https:\\\/\\\/www.fusiontables.com\\\/de\\\/geweisste-eiche-billardtisch\\\/#breadcrumb\",\"itemListElement\":[{\"@type\":\"ListItem\",\"position\":1,\"name\":\"Startseite\",\"item\":\"https:\\\/\\\/www.fusiontables.com\\\/de\\\/\"},{\"@type\":\"ListItem\",\"position\":2,\"name\":\"Geweisste Eiche &#8211; Billardtisch\"}]},{\"@type\":\"WebSite\",\"@id\":\"https:\\\/\\\/www.fusiontables.com\\\/de\\\/#website\",\"url\":\"https:\\\/\\\/www.fusiontables.com\\\/de\\\/\",\"name\":\"Fusion Tables\",\"description\":\"\",\"publisher\":{\"@id\":\"https:\\\/\\\/www.fusiontables.com\\\/de\\\/#organization\"},\"potentialAction\":[{\"@type\":\"SearchAction\",\"target\":{\"@type\":\"EntryPoint\",\"urlTemplate\":\"https:\\\/\\\/www.fusiontables.com\\\/de\\\/?s={search_term_string}\"},\"query-input\":{\"@type\":\"PropertyValueSpecification\",\"valueRequired\":true,\"valueName\":\"search_term_string\"}}],\"inLanguage\":\"de\"},{\"@type\":\"Organization\",\"@id\":\"https:\\\/\\\/www.fusiontables.com\\\/de\\\/#organization\",\"name\":\"Fusion Tables\",\"url\":\"https:\\\/\\\/www.fusiontables.com\\\/de\\\/\",\"logo\":{\"@type\":\"ImageObject\",\"inLanguage\":\"de\",\"@id\":\"https:\\\/\\\/www.fusiontables.com\\\/de\\\/#\\\/schema\\\/logo\\\/image\\\/\",\"url\":\"https:\\\/\\\/www.fusiontables.com\\\/wp-content\\\/uploads\\\/2024\\\/11\\\/Fusiontables-Logo.png\",\"contentUrl\":\"https:\\\/\\\/www.fusiontables.com\\\/wp-content\\\/uploads\\\/2024\\\/11\\\/Fusiontables-Logo.png\",\"width\":514,\"height\":119,\"caption\":\"Fusion Tables\"},\"image\":{\"@id\":\"https:\\\/\\\/www.fusiontables.com\\\/de\\\/#\\\/schema\\\/logo\\\/image\\\/\"}}]}<\/script>\n<!-- \/ Yoast SEO plugin. -->","yoast_head_json":{"title":"Geweisste Eiche - Billardtisch - Fusion Tables","robots":{"index":"index","follow":"follow","max-snippet":"max-snippet:-1","max-image-preview":"max-image-preview:large","max-video-preview":"max-video-preview:-1"},"canonical":"https:\/\/www.fusiontables.com\/de\/geweisste-eiche-billardtisch\/","og_locale":"de_DE","og_type":"article","og_title":"Geweisste Eiche - Billardtisch - Fusion Tables","og_description":"Eiche, ein traditioneller Teil des europ\u00e4ischen Interieurs, hat immer noch den Platz, den es verdient, in unserer Kollektion und im Herzen derer, die Design und hochwertige M\u00f6bel lieben. Haben Sie Probleme, sich f\u00fcr Ihre modernen M\u00f6bel zwischen Wei\u00df und Holz zu entscheiden? Dann w\u00e4hlen Sie wei\u00dfe Eiche. Unsere Auswahl an Eichenfurnier eignet sich perfekt f\u00fcr [&hellip;]","og_url":"https:\/\/www.fusiontables.com\/de\/geweisste-eiche-billardtisch\/","og_site_name":"Fusion Tables","article_modified_time":"2025-02-11T09:18:32+00:00","og_image":[{"width":800,"height":263,"url":"https:\/\/www.fusiontables.com\/wp-content\/uploads\/2019\/04\/v3-7c0.jpg","type":"image\/jpeg"}],"twitter_card":"summary_large_image","twitter_misc":{"Gesch\u00e4tzte Lesezeit":"2\u00a0Minuten"},"schema":{"@context":"https:\/\/schema.org","@graph":[{"@type":"WebPage","@id":"https:\/\/www.fusiontables.com\/de\/geweisste-eiche-billardtisch\/","url":"https:\/\/www.fusiontables.com\/de\/geweisste-eiche-billardtisch\/","name":"Geweisste Eiche - Billardtisch - Fusion Tables","isPartOf":{"@id":"https:\/\/www.fusiontables.com\/de\/#website"},"primaryImageOfPage":{"@id":"https:\/\/www.fusiontables.com\/de\/geweisste-eiche-billardtisch\/#primaryimage"},"image":{"@id":"https:\/\/www.fusiontables.com\/de\/geweisste-eiche-billardtisch\/#primaryimage"},"thumbnailUrl":"https:\/\/www.fusiontables.com\/wp-content\/uploads\/2019\/04\/v3-7c0.jpg","datePublished":"2019-04-08T11:01:04+00:00","dateModified":"2025-02-11T09:18:32+00:00","breadcrumb":{"@id":"https:\/\/www.fusiontables.com\/de\/geweisste-eiche-billardtisch\/#breadcrumb"},"inLanguage":"de","potentialAction":[{"@type":"ReadAction","target":["https:\/\/www.fusiontables.com\/de\/geweisste-eiche-billardtisch\/"]}]},{"@type":"ImageObject","inLanguage":"de","@id":"https:\/\/www.fusiontables.com\/de\/geweisste-eiche-billardtisch\/#primaryimage","url":"https:\/\/www.fusiontables.com\/wp-content\/uploads\/2019\/04\/v3-7c0.jpg","contentUrl":"https:\/\/www.fusiontables.com\/wp-content\/uploads\/2019\/04\/v3-7c0.jpg","width":800,"height":263,"caption":"billard design"},{"@type":"BreadcrumbList","@id":"https:\/\/www.fusiontables.com\/de\/geweisste-eiche-billardtisch\/#breadcrumb","itemListElement":[{"@type":"ListItem","position":1,"name":"Startseite","item":"https:\/\/www.fusiontables.com\/de\/"},{"@type":"ListItem","position":2,"name":"Geweisste Eiche &#8211; Billardtisch"}]},{"@type":"WebSite","@id":"https:\/\/www.fusiontables.com\/de\/#website","url":"https:\/\/www.fusiontables.com\/de\/","name":"Fusion Tables","description":"","publisher":{"@id":"https:\/\/www.fusiontables.com\/de\/#organization"},"potentialAction":[{"@type":"SearchAction","target":{"@type":"EntryPoint","urlTemplate":"https:\/\/www.fusiontables.com\/de\/?s={search_term_string}"},"query-input":{"@type":"PropertyValueSpecification","valueRequired":true,"valueName":"search_term_string"}}],"inLanguage":"de"},{"@type":"Organization","@id":"https:\/\/www.fusiontables.com\/de\/#organization","name":"Fusion Tables","url":"https:\/\/www.fusiontables.com\/de\/","logo":{"@type":"ImageObject","inLanguage":"de","@id":"https:\/\/www.fusiontables.com\/de\/#\/schema\/logo\/image\/","url":"https:\/\/www.fusiontables.com\/wp-content\/uploads\/2024\/11\/Fusiontables-Logo.png","contentUrl":"https:\/\/www.fusiontables.com\/wp-content\/uploads\/2024\/11\/Fusiontables-Logo.png","width":514,"height":119,"caption":"Fusion Tables"},"image":{"@id":"https:\/\/www.fusiontables.com\/de\/#\/schema\/logo\/image\/"}}]}},"_links":{"self":[{"href":"https:\/\/www.fusiontables.com\/de\/wp-json\/wp\/v2\/pages\/655","targetHints":{"allow":["GET"]}}],"collection":[{"href":"https:\/\/www.fusiontables.com\/de\/wp-json\/wp\/v2\/pages"}],"about":[{"href":"https:\/\/www.fusiontables.com\/de\/wp-json\/wp\/v2\/types\/page"}],"author":[{"embeddable":true,"href":"https:\/\/www.fusiontables.com\/de\/wp-json\/wp\/v2\/users\/2"}],"replies":[{"embeddable":true,"href":"https:\/\/www.fusiontables.com\/de\/wp-json\/wp\/v2\/comments?post=655"}],"version-history":[{"count":6,"href":"https:\/\/www.fusiontables.com\/de\/wp-json\/wp\/v2\/pages\/655\/revisions"}],"predecessor-version":[{"id":4112,"href":"https:\/\/www.fusiontables.com\/de\/wp-json\/wp\/v2\/pages\/655\/revisions\/4112"}],"wp:featuredmedia":[{"embeddable":true,"href":"https:\/\/www.fusiontables.com\/de\/wp-json\/wp\/v2\/media\/648"}],"wp:attachment":[{"href":"https:\/\/www.fusiontables.com\/de\/wp-json\/wp\/v2\/media?parent=655"}],"curies":[{"name":"wp","href":"https:\/\/api.w.org\/{rel}","templated":true}]}}