{"id":679,"date":"2019-04-08T13:04:27","date_gmt":"2019-04-08T11:04:27","guid":{"rendered":"https:\/\/www.fusiontables.com\/vintage-eiche-billardtisch\/"},"modified":"2025-02-11T10:18:21","modified_gmt":"2025-02-11T09:18:21","slug":"vintage-eiche-billardtisch","status":"publish","type":"page","link":"https:\/\/www.fusiontables.com\/de\/vintage-eiche-billardtisch\/","title":{"rendered":"Vintage Eiche &#8211; Billardtisch"},"content":{"rendered":"<p>Der aktuelle Trend geht zu Produkten, die von der Vintage- oder Industriebewegung inspiriert sind, was bedeutet, dass die k\u00fchnsten Designer nach &#8222;wiedergewonnenen&#8220; oder &#8222;gealterten&#8220; Holzoberfl\u00e4chen suchen. Fusiontables hat alte Holzbretter aus Spanien ausgew\u00e4hlt, um diesen Look zu erzielen. Mit dem Vintage-Finish k\u00f6nnen Ihre M\u00f6bel Ihren G\u00e4sten eine Geschichte erz\u00e4hlen. Jedes Vintage Board ist ein Unikat und unterscheidet sich von den anderen. Solch ein M\u00f6belst\u00fcck ist das Ergebnis eines revolution\u00e4ren Herstellungsprozesses und verleiht Ihrem <a href=\"https:\/\/www.fusiontables.com\/de\/ess-billardtisch-kombi\/\"><strong>verwandelbaren Billardtisch<\/strong><\/a> eine zus\u00e4tzliche Dimension. Mit Kittl\u00f6chern, Fissuren und dem charakteristischen Stempel fehlt nichts an dieser Eiche, die \u00fcber Jahrhunderte hinweg in Ihr Ess- oder Wohnzimmer gelangt ist. Sie und Ihre G\u00e4ste k\u00f6nnen dies erfahren, wenn Sie mit den Fingern \u00fcber dieses Finish fahren, das sich unvergleichlich authentisch anf\u00fchlt. Sie k\u00f6nnten fast versucht sein, eine Schleifmaschine dar\u00fcber zu fahren, wie auf einem alten St\u00fcck Massivholz (nat\u00fcrlich nicht). Dieses exklusive Finish passt besonders gut zum neuen <a href=\"https:\/\/www.fusiontables.com\/de\/kombinierbare-billard-esstisch-rock-reverso\/\"><strong>Keramik Rock Reverso<\/strong><\/a>.<\/p>\n<p>Dieses Finish ist exklusiv in der <a href=\"https:\/\/www.fusiontables.com\/de\/metal-holz-essbillardtisch-kombi\/\"><strong>Metal Line-Kollektion<\/strong><\/a> der <strong><a href=\"https:\/\/www.fusiontables.com\/de\/ess-billardtisch-kombi\/\">verwandelbaren Billardtische erh\u00e4ltlich<\/a>.<\/strong><\/p>\n<p><img fetchpriority=\"high\" decoding=\"async\" class=\" size-full wp-image-672\" src=\"https:\/\/www.fusiontables.com\/wp-content\/uploads\/2019\/04\/v9-36b.jpg\" alt=\"Billardtisch\" width=\"800\" height=\"264\" data-align=\"center\" data-entity-type=\"file\" data-entity-uuid=\"8d4d2df7-5e95-4a37-a0a1-dcc482b84f63\" srcset=\"https:\/\/www.fusiontables.com\/wp-content\/uploads\/2019\/04\/v9-36b.jpg 800w, https:\/\/www.fusiontables.com\/wp-content\/uploads\/2019\/04\/v9-36b-300x99.jpg 300w, https:\/\/www.fusiontables.com\/wp-content\/uploads\/2019\/04\/v9-36b-768x253.jpg 768w\" sizes=\"(max-width: 800px) 100vw, 800px\" \/><\/p>\n","protected":false},"excerpt":{"rendered":"<p>Der aktuelle Trend geht zu Produkten, die von der Vintage- oder Industriebewegung inspiriert sind, was bedeutet, dass die k\u00fchnsten Designer nach &#8222;wiedergewonnenen&#8220; oder &#8222;gealterten&#8220; Holzoberfl\u00e4chen suchen. Fusiontables hat alte Holzbretter aus Spanien ausgew\u00e4hlt, um diesen Look zu erzielen. Mit dem Vintage-Finish k\u00f6nnen Ihre M\u00f6bel Ihren G\u00e4sten eine Geschichte erz\u00e4hlen. Jedes Vintage Board ist ein Unikat [&hellip;]<\/p>\n","protected":false},"author":2,"featured_media":672,"parent":0,"menu_order":0,"comment_status":"closed","ping_status":"closed","template":"","meta":{"_acf_changed":false,"footnotes":""},"class_list":["post-679","page","type-page","status-publish","has-post-thumbnail","hentry"],"acf":[],"yoast_head":"<!-- This site is optimized with the Yoast SEO plugin v27.4 - https:\/\/yoast.com\/product\/yoast-seo-wordpress\/ -->\n<title>Vintage Eiche - Billardtisch - Fusion Tables<\/title>\n<meta name=\"robots\" content=\"index, follow, max-snippet:-1, max-image-preview:large, max-video-preview:-1\" \/>\n<link rel=\"canonical\" href=\"https:\/\/www.fusiontables.com\/de\/vintage-eiche-billardtisch\/\" \/>\n<meta property=\"og:locale\" content=\"de_DE\" \/>\n<meta property=\"og:type\" content=\"article\" \/>\n<meta property=\"og:title\" content=\"Vintage Eiche - Billardtisch - Fusion Tables\" \/>\n<meta property=\"og:description\" content=\"Der aktuelle Trend geht zu Produkten, die von der Vintage- oder Industriebewegung inspiriert sind, was bedeutet, dass die k\u00fchnsten Designer nach &#8222;wiedergewonnenen&#8220; oder &#8222;gealterten&#8220; Holzoberfl\u00e4chen suchen. Fusiontables hat alte Holzbretter aus Spanien ausgew\u00e4hlt, um diesen Look zu erzielen. Mit dem Vintage-Finish k\u00f6nnen Ihre M\u00f6bel Ihren G\u00e4sten eine Geschichte erz\u00e4hlen. Jedes Vintage Board ist ein Unikat [&hellip;]\" \/>\n<meta property=\"og:url\" content=\"https:\/\/www.fusiontables.com\/de\/vintage-eiche-billardtisch\/\" \/>\n<meta property=\"og:site_name\" content=\"Fusion Tables\" \/>\n<meta property=\"article:modified_time\" content=\"2025-02-11T09:18:21+00:00\" \/>\n<meta property=\"og:image\" content=\"https:\/\/www.fusiontables.com\/wp-content\/uploads\/2019\/04\/v9-36b.jpg\" \/>\n\t<meta property=\"og:image:width\" content=\"800\" \/>\n\t<meta property=\"og:image:height\" content=\"264\" \/>\n\t<meta property=\"og:image:type\" content=\"image\/jpeg\" \/>\n<meta name=\"twitter:card\" content=\"summary_large_image\" \/>\n<meta name=\"twitter:label1\" content=\"Gesch\u00e4tzte Lesezeit\" \/>\n\t<meta name=\"twitter:data1\" content=\"2\u00a0Minuten\" \/>\n<script type=\"application\/ld+json\" class=\"yoast-schema-graph\">{\"@context\":\"https:\\\/\\\/schema.org\",\"@graph\":[{\"@type\":\"WebPage\",\"@id\":\"https:\\\/\\\/www.fusiontables.com\\\/de\\\/vintage-eiche-billardtisch\\\/\",\"url\":\"https:\\\/\\\/www.fusiontables.com\\\/de\\\/vintage-eiche-billardtisch\\\/\",\"name\":\"Vintage Eiche - Billardtisch - Fusion Tables\",\"isPartOf\":{\"@id\":\"https:\\\/\\\/www.fusiontables.com\\\/de\\\/#website\"},\"primaryImageOfPage\":{\"@id\":\"https:\\\/\\\/www.fusiontables.com\\\/de\\\/vintage-eiche-billardtisch\\\/#primaryimage\"},\"image\":{\"@id\":\"https:\\\/\\\/www.fusiontables.com\\\/de\\\/vintage-eiche-billardtisch\\\/#primaryimage\"},\"thumbnailUrl\":\"https:\\\/\\\/www.fusiontables.com\\\/wp-content\\\/uploads\\\/2019\\\/04\\\/v9-36b.jpg\",\"datePublished\":\"2019-04-08T11:04:27+00:00\",\"dateModified\":\"2025-02-11T09:18:21+00:00\",\"breadcrumb\":{\"@id\":\"https:\\\/\\\/www.fusiontables.com\\\/de\\\/vintage-eiche-billardtisch\\\/#breadcrumb\"},\"inLanguage\":\"de\",\"potentialAction\":[{\"@type\":\"ReadAction\",\"target\":[\"https:\\\/\\\/www.fusiontables.com\\\/de\\\/vintage-eiche-billardtisch\\\/\"]}]},{\"@type\":\"ImageObject\",\"inLanguage\":\"de\",\"@id\":\"https:\\\/\\\/www.fusiontables.com\\\/de\\\/vintage-eiche-billardtisch\\\/#primaryimage\",\"url\":\"https:\\\/\\\/www.fusiontables.com\\\/wp-content\\\/uploads\\\/2019\\\/04\\\/v9-36b.jpg\",\"contentUrl\":\"https:\\\/\\\/www.fusiontables.com\\\/wp-content\\\/uploads\\\/2019\\\/04\\\/v9-36b.jpg\",\"width\":800,\"height\":264,\"caption\":\"vintage\"},{\"@type\":\"BreadcrumbList\",\"@id\":\"https:\\\/\\\/www.fusiontables.com\\\/de\\\/vintage-eiche-billardtisch\\\/#breadcrumb\",\"itemListElement\":[{\"@type\":\"ListItem\",\"position\":1,\"name\":\"Startseite\",\"item\":\"https:\\\/\\\/www.fusiontables.com\\\/de\\\/\"},{\"@type\":\"ListItem\",\"position\":2,\"name\":\"Vintage Eiche &#8211; Billardtisch\"}]},{\"@type\":\"WebSite\",\"@id\":\"https:\\\/\\\/www.fusiontables.com\\\/de\\\/#website\",\"url\":\"https:\\\/\\\/www.fusiontables.com\\\/de\\\/\",\"name\":\"Fusion Tables\",\"description\":\"\",\"publisher\":{\"@id\":\"https:\\\/\\\/www.fusiontables.com\\\/de\\\/#organization\"},\"potentialAction\":[{\"@type\":\"SearchAction\",\"target\":{\"@type\":\"EntryPoint\",\"urlTemplate\":\"https:\\\/\\\/www.fusiontables.com\\\/de\\\/?s={search_term_string}\"},\"query-input\":{\"@type\":\"PropertyValueSpecification\",\"valueRequired\":true,\"valueName\":\"search_term_string\"}}],\"inLanguage\":\"de\"},{\"@type\":\"Organization\",\"@id\":\"https:\\\/\\\/www.fusiontables.com\\\/de\\\/#organization\",\"name\":\"Fusion Tables\",\"url\":\"https:\\\/\\\/www.fusiontables.com\\\/de\\\/\",\"logo\":{\"@type\":\"ImageObject\",\"inLanguage\":\"de\",\"@id\":\"https:\\\/\\\/www.fusiontables.com\\\/de\\\/#\\\/schema\\\/logo\\\/image\\\/\",\"url\":\"https:\\\/\\\/www.fusiontables.com\\\/wp-content\\\/uploads\\\/2024\\\/11\\\/Fusiontables-Logo.png\",\"contentUrl\":\"https:\\\/\\\/www.fusiontables.com\\\/wp-content\\\/uploads\\\/2024\\\/11\\\/Fusiontables-Logo.png\",\"width\":514,\"height\":119,\"caption\":\"Fusion Tables\"},\"image\":{\"@id\":\"https:\\\/\\\/www.fusiontables.com\\\/de\\\/#\\\/schema\\\/logo\\\/image\\\/\"}}]}<\/script>\n<!-- \/ Yoast SEO plugin. -->","yoast_head_json":{"title":"Vintage Eiche - Billardtisch - Fusion Tables","robots":{"index":"index","follow":"follow","max-snippet":"max-snippet:-1","max-image-preview":"max-image-preview:large","max-video-preview":"max-video-preview:-1"},"canonical":"https:\/\/www.fusiontables.com\/de\/vintage-eiche-billardtisch\/","og_locale":"de_DE","og_type":"article","og_title":"Vintage Eiche - Billardtisch - Fusion Tables","og_description":"Der aktuelle Trend geht zu Produkten, die von der Vintage- oder Industriebewegung inspiriert sind, was bedeutet, dass die k\u00fchnsten Designer nach &#8222;wiedergewonnenen&#8220; oder &#8222;gealterten&#8220; Holzoberfl\u00e4chen suchen. Fusiontables hat alte Holzbretter aus Spanien ausgew\u00e4hlt, um diesen Look zu erzielen. Mit dem Vintage-Finish k\u00f6nnen Ihre M\u00f6bel Ihren G\u00e4sten eine Geschichte erz\u00e4hlen. Jedes Vintage Board ist ein Unikat [&hellip;]","og_url":"https:\/\/www.fusiontables.com\/de\/vintage-eiche-billardtisch\/","og_site_name":"Fusion Tables","article_modified_time":"2025-02-11T09:18:21+00:00","og_image":[{"width":800,"height":264,"url":"https:\/\/www.fusiontables.com\/wp-content\/uploads\/2019\/04\/v9-36b.jpg","type":"image\/jpeg"}],"twitter_card":"summary_large_image","twitter_misc":{"Gesch\u00e4tzte Lesezeit":"2\u00a0Minuten"},"schema":{"@context":"https:\/\/schema.org","@graph":[{"@type":"WebPage","@id":"https:\/\/www.fusiontables.com\/de\/vintage-eiche-billardtisch\/","url":"https:\/\/www.fusiontables.com\/de\/vintage-eiche-billardtisch\/","name":"Vintage Eiche - Billardtisch - Fusion Tables","isPartOf":{"@id":"https:\/\/www.fusiontables.com\/de\/#website"},"primaryImageOfPage":{"@id":"https:\/\/www.fusiontables.com\/de\/vintage-eiche-billardtisch\/#primaryimage"},"image":{"@id":"https:\/\/www.fusiontables.com\/de\/vintage-eiche-billardtisch\/#primaryimage"},"thumbnailUrl":"https:\/\/www.fusiontables.com\/wp-content\/uploads\/2019\/04\/v9-36b.jpg","datePublished":"2019-04-08T11:04:27+00:00","dateModified":"2025-02-11T09:18:21+00:00","breadcrumb":{"@id":"https:\/\/www.fusiontables.com\/de\/vintage-eiche-billardtisch\/#breadcrumb"},"inLanguage":"de","potentialAction":[{"@type":"ReadAction","target":["https:\/\/www.fusiontables.com\/de\/vintage-eiche-billardtisch\/"]}]},{"@type":"ImageObject","inLanguage":"de","@id":"https:\/\/www.fusiontables.com\/de\/vintage-eiche-billardtisch\/#primaryimage","url":"https:\/\/www.fusiontables.com\/wp-content\/uploads\/2019\/04\/v9-36b.jpg","contentUrl":"https:\/\/www.fusiontables.com\/wp-content\/uploads\/2019\/04\/v9-36b.jpg","width":800,"height":264,"caption":"vintage"},{"@type":"BreadcrumbList","@id":"https:\/\/www.fusiontables.com\/de\/vintage-eiche-billardtisch\/#breadcrumb","itemListElement":[{"@type":"ListItem","position":1,"name":"Startseite","item":"https:\/\/www.fusiontables.com\/de\/"},{"@type":"ListItem","position":2,"name":"Vintage Eiche &#8211; Billardtisch"}]},{"@type":"WebSite","@id":"https:\/\/www.fusiontables.com\/de\/#website","url":"https:\/\/www.fusiontables.com\/de\/","name":"Fusion Tables","description":"","publisher":{"@id":"https:\/\/www.fusiontables.com\/de\/#organization"},"potentialAction":[{"@type":"SearchAction","target":{"@type":"EntryPoint","urlTemplate":"https:\/\/www.fusiontables.com\/de\/?s={search_term_string}"},"query-input":{"@type":"PropertyValueSpecification","valueRequired":true,"valueName":"search_term_string"}}],"inLanguage":"de"},{"@type":"Organization","@id":"https:\/\/www.fusiontables.com\/de\/#organization","name":"Fusion Tables","url":"https:\/\/www.fusiontables.com\/de\/","logo":{"@type":"ImageObject","inLanguage":"de","@id":"https:\/\/www.fusiontables.com\/de\/#\/schema\/logo\/image\/","url":"https:\/\/www.fusiontables.com\/wp-content\/uploads\/2024\/11\/Fusiontables-Logo.png","contentUrl":"https:\/\/www.fusiontables.com\/wp-content\/uploads\/2024\/11\/Fusiontables-Logo.png","width":514,"height":119,"caption":"Fusion Tables"},"image":{"@id":"https:\/\/www.fusiontables.com\/de\/#\/schema\/logo\/image\/"}}]}},"_links":{"self":[{"href":"https:\/\/www.fusiontables.com\/de\/wp-json\/wp\/v2\/pages\/679","targetHints":{"allow":["GET"]}}],"collection":[{"href":"https:\/\/www.fusiontables.com\/de\/wp-json\/wp\/v2\/pages"}],"about":[{"href":"https:\/\/www.fusiontables.com\/de\/wp-json\/wp\/v2\/types\/page"}],"author":[{"embeddable":true,"href":"https:\/\/www.fusiontables.com\/de\/wp-json\/wp\/v2\/users\/2"}],"replies":[{"embeddable":true,"href":"https:\/\/www.fusiontables.com\/de\/wp-json\/wp\/v2\/comments?post=679"}],"version-history":[{"count":3,"href":"https:\/\/www.fusiontables.com\/de\/wp-json\/wp\/v2\/pages\/679\/revisions"}],"predecessor-version":[{"id":4111,"href":"https:\/\/www.fusiontables.com\/de\/wp-json\/wp\/v2\/pages\/679\/revisions\/4111"}],"wp:featuredmedia":[{"embeddable":true,"href":"https:\/\/www.fusiontables.com\/de\/wp-json\/wp\/v2\/media\/672"}],"wp:attachment":[{"href":"https:\/\/www.fusiontables.com\/de\/wp-json\/wp\/v2\/media?parent=679"}],"curies":[{"name":"wp","href":"https:\/\/api.w.org\/{rel}","templated":true}]}}