{"id":847,"date":"2019-04-08T14:04:10","date_gmt":"2019-04-08T12:04:10","guid":{"rendered":"https:\/\/www.fusiontables.com\/ceniza-fusion-billardtisch\/"},"modified":"2025-02-10T17:19:22","modified_gmt":"2025-02-10T16:19:22","slug":"ceniza-fusion-billardtisch","status":"publish","type":"page","link":"https:\/\/www.fusiontables.com\/de\/ceniza-fusion-billardtisch\/","title":{"rendered":"Ceniza &#8211; Fusion billardtisch"},"content":{"rendered":"<p class=\"VorformatierterText\" style=\"margin-bottom: 10.0pt; text-align: justify; background: white;\">Das Ceniza-Sortiment ist f\u00fcr diejenigen, die den glatten Betoneffekt lieben. Dies ist eine ultranat\u00fcrliche Keramik, die dem Auge gef\u00e4llt. Seine raffinierten Graut\u00f6ne sind von Unvollkommenheiten befreit, haben jedoch ein Gef\u00fchl und ein Relief, das typisch f\u00fcr geschnittenen Stein ist und an Granit erinnert. Ceniza kann dank seines mittleren Grautons problemlos mit allen Standardoberfl\u00e4chen der Serie kombiniert werden.<br \/>\nDieses Finish ist exklusiv f\u00fcr unsere <a href=\"https:\/\/www.fusiontables.com\/de\/rock-reverso-tops\/\"><strong>Rock Reverso Wendeplatten<\/strong><\/a> f\u00fcr <a href=\"https:\/\/www.fusiontables.com\/de\/ess-billardtisch-kombi\/\"><strong>Billardtische erh\u00e4ltlich, die sich in moderne Billardtische verwandeln<\/strong><\/a>.\n<\/p>\n<p><img fetchpriority=\"high\" decoding=\"async\" class=\" size-full wp-image-840\" src=\"https:\/\/www.fusiontables.com\/wp-content\/uploads\/2019\/04\/ceniza-12c.jpg\" alt=\"Fusion billardtisch\" width=\"298\" height=\"299\" data-align=\"center\" data-entity-type=\"file\" data-entity-uuid=\"3b25d704-53e3-465f-9840-78ccd3437895\" srcset=\"https:\/\/www.fusiontables.com\/wp-content\/uploads\/2019\/04\/ceniza-12c.jpg 298w, https:\/\/www.fusiontables.com\/wp-content\/uploads\/2019\/04\/ceniza-12c-150x150.jpg 150w\" sizes=\"(max-width: 298px) 100vw, 298px\" \/><\/p>\n","protected":false},"excerpt":{"rendered":"<p>Das Ceniza-Sortiment ist f\u00fcr diejenigen, die den glatten Betoneffekt lieben. Dies ist eine ultranat\u00fcrliche Keramik, die dem Auge gef\u00e4llt. Seine raffinierten Graut\u00f6ne sind von Unvollkommenheiten befreit, haben jedoch ein Gef\u00fchl und ein Relief, das typisch f\u00fcr geschnittenen Stein ist und an Granit erinnert. Ceniza kann dank seines mittleren Grautons problemlos mit allen Standardoberfl\u00e4chen der Serie [&hellip;]<\/p>\n","protected":false},"author":2,"featured_media":840,"parent":0,"menu_order":0,"comment_status":"closed","ping_status":"closed","template":"","meta":{"_acf_changed":false,"footnotes":""},"class_list":["post-847","page","type-page","status-publish","has-post-thumbnail","hentry"],"acf":[],"yoast_head":"<!-- This site is optimized with the Yoast SEO plugin v27.3 - https:\/\/yoast.com\/product\/yoast-seo-wordpress\/ -->\n<title>Ceniza - Fusion billardtisch - Fusion Tables<\/title>\n<meta name=\"robots\" content=\"index, follow, max-snippet:-1, max-image-preview:large, max-video-preview:-1\" \/>\n<link rel=\"canonical\" href=\"https:\/\/www.fusiontables.com\/de\/ceniza-fusion-billardtisch\/\" \/>\n<meta property=\"og:locale\" content=\"de_DE\" \/>\n<meta property=\"og:type\" content=\"article\" \/>\n<meta property=\"og:title\" content=\"Ceniza - Fusion billardtisch - Fusion Tables\" \/>\n<meta property=\"og:description\" content=\"Das Ceniza-Sortiment ist f\u00fcr diejenigen, die den glatten Betoneffekt lieben. Dies ist eine ultranat\u00fcrliche Keramik, die dem Auge gef\u00e4llt. Seine raffinierten Graut\u00f6ne sind von Unvollkommenheiten befreit, haben jedoch ein Gef\u00fchl und ein Relief, das typisch f\u00fcr geschnittenen Stein ist und an Granit erinnert. Ceniza kann dank seines mittleren Grautons problemlos mit allen Standardoberfl\u00e4chen der Serie [&hellip;]\" \/>\n<meta property=\"og:url\" content=\"https:\/\/www.fusiontables.com\/de\/ceniza-fusion-billardtisch\/\" \/>\n<meta property=\"og:site_name\" content=\"Fusion Tables\" \/>\n<meta property=\"article:modified_time\" content=\"2025-02-10T16:19:22+00:00\" \/>\n<meta property=\"og:image\" content=\"https:\/\/www.fusiontables.com\/wp-content\/uploads\/2019\/04\/ceniza-12c.jpg\" \/>\n\t<meta property=\"og:image:width\" content=\"298\" \/>\n\t<meta property=\"og:image:height\" content=\"299\" \/>\n\t<meta property=\"og:image:type\" content=\"image\/jpeg\" \/>\n<meta name=\"twitter:card\" content=\"summary_large_image\" \/>\n<meta name=\"twitter:label1\" content=\"Gesch\u00e4tzte Lesezeit\" \/>\n\t<meta name=\"twitter:data1\" content=\"1\u00a0Minute\" \/>\n<script type=\"application\/ld+json\" class=\"yoast-schema-graph\">{\"@context\":\"https:\\\/\\\/schema.org\",\"@graph\":[{\"@type\":\"WebPage\",\"@id\":\"https:\\\/\\\/www.fusiontables.com\\\/de\\\/ceniza-fusion-billardtisch\\\/\",\"url\":\"https:\\\/\\\/www.fusiontables.com\\\/de\\\/ceniza-fusion-billardtisch\\\/\",\"name\":\"Ceniza - Fusion billardtisch - Fusion Tables\",\"isPartOf\":{\"@id\":\"https:\\\/\\\/www.fusiontables.com\\\/de\\\/#website\"},\"primaryImageOfPage\":{\"@id\":\"https:\\\/\\\/www.fusiontables.com\\\/de\\\/ceniza-fusion-billardtisch\\\/#primaryimage\"},\"image\":{\"@id\":\"https:\\\/\\\/www.fusiontables.com\\\/de\\\/ceniza-fusion-billardtisch\\\/#primaryimage\"},\"thumbnailUrl\":\"https:\\\/\\\/www.fusiontables.com\\\/wp-content\\\/uploads\\\/2019\\\/04\\\/ceniza-12c.jpg\",\"datePublished\":\"2019-04-08T12:04:10+00:00\",\"dateModified\":\"2025-02-10T16:19:22+00:00\",\"breadcrumb\":{\"@id\":\"https:\\\/\\\/www.fusiontables.com\\\/de\\\/ceniza-fusion-billardtisch\\\/#breadcrumb\"},\"inLanguage\":\"de\",\"potentialAction\":[{\"@type\":\"ReadAction\",\"target\":[\"https:\\\/\\\/www.fusiontables.com\\\/de\\\/ceniza-fusion-billardtisch\\\/\"]}]},{\"@type\":\"ImageObject\",\"inLanguage\":\"de\",\"@id\":\"https:\\\/\\\/www.fusiontables.com\\\/de\\\/ceniza-fusion-billardtisch\\\/#primaryimage\",\"url\":\"https:\\\/\\\/www.fusiontables.com\\\/wp-content\\\/uploads\\\/2019\\\/04\\\/ceniza-12c.jpg\",\"contentUrl\":\"https:\\\/\\\/www.fusiontables.com\\\/wp-content\\\/uploads\\\/2019\\\/04\\\/ceniza-12c.jpg\",\"width\":298,\"height\":299,\"caption\":\"table billard\"},{\"@type\":\"BreadcrumbList\",\"@id\":\"https:\\\/\\\/www.fusiontables.com\\\/de\\\/ceniza-fusion-billardtisch\\\/#breadcrumb\",\"itemListElement\":[{\"@type\":\"ListItem\",\"position\":1,\"name\":\"Startseite\",\"item\":\"https:\\\/\\\/www.fusiontables.com\\\/de\\\/\"},{\"@type\":\"ListItem\",\"position\":2,\"name\":\"Ceniza &#8211; Fusion billardtisch\"}]},{\"@type\":\"WebSite\",\"@id\":\"https:\\\/\\\/www.fusiontables.com\\\/de\\\/#website\",\"url\":\"https:\\\/\\\/www.fusiontables.com\\\/de\\\/\",\"name\":\"Fusion Tables\",\"description\":\"\",\"publisher\":{\"@id\":\"https:\\\/\\\/www.fusiontables.com\\\/de\\\/#organization\"},\"potentialAction\":[{\"@type\":\"SearchAction\",\"target\":{\"@type\":\"EntryPoint\",\"urlTemplate\":\"https:\\\/\\\/www.fusiontables.com\\\/de\\\/?s={search_term_string}\"},\"query-input\":{\"@type\":\"PropertyValueSpecification\",\"valueRequired\":true,\"valueName\":\"search_term_string\"}}],\"inLanguage\":\"de\"},{\"@type\":\"Organization\",\"@id\":\"https:\\\/\\\/www.fusiontables.com\\\/de\\\/#organization\",\"name\":\"Fusion Tables\",\"url\":\"https:\\\/\\\/www.fusiontables.com\\\/de\\\/\",\"logo\":{\"@type\":\"ImageObject\",\"inLanguage\":\"de\",\"@id\":\"https:\\\/\\\/www.fusiontables.com\\\/de\\\/#\\\/schema\\\/logo\\\/image\\\/\",\"url\":\"https:\\\/\\\/www.fusiontables.com\\\/wp-content\\\/uploads\\\/2024\\\/11\\\/Fusiontables-Logo.png\",\"contentUrl\":\"https:\\\/\\\/www.fusiontables.com\\\/wp-content\\\/uploads\\\/2024\\\/11\\\/Fusiontables-Logo.png\",\"width\":514,\"height\":119,\"caption\":\"Fusion Tables\"},\"image\":{\"@id\":\"https:\\\/\\\/www.fusiontables.com\\\/de\\\/#\\\/schema\\\/logo\\\/image\\\/\"}}]}<\/script>\n<!-- \/ Yoast SEO plugin. -->","yoast_head_json":{"title":"Ceniza - Fusion billardtisch - Fusion Tables","robots":{"index":"index","follow":"follow","max-snippet":"max-snippet:-1","max-image-preview":"max-image-preview:large","max-video-preview":"max-video-preview:-1"},"canonical":"https:\/\/www.fusiontables.com\/de\/ceniza-fusion-billardtisch\/","og_locale":"de_DE","og_type":"article","og_title":"Ceniza - Fusion billardtisch - Fusion Tables","og_description":"Das Ceniza-Sortiment ist f\u00fcr diejenigen, die den glatten Betoneffekt lieben. Dies ist eine ultranat\u00fcrliche Keramik, die dem Auge gef\u00e4llt. Seine raffinierten Graut\u00f6ne sind von Unvollkommenheiten befreit, haben jedoch ein Gef\u00fchl und ein Relief, das typisch f\u00fcr geschnittenen Stein ist und an Granit erinnert. Ceniza kann dank seines mittleren Grautons problemlos mit allen Standardoberfl\u00e4chen der Serie [&hellip;]","og_url":"https:\/\/www.fusiontables.com\/de\/ceniza-fusion-billardtisch\/","og_site_name":"Fusion Tables","article_modified_time":"2025-02-10T16:19:22+00:00","og_image":[{"width":298,"height":299,"url":"https:\/\/www.fusiontables.com\/wp-content\/uploads\/2019\/04\/ceniza-12c.jpg","type":"image\/jpeg"}],"twitter_card":"summary_large_image","twitter_misc":{"Gesch\u00e4tzte Lesezeit":"1\u00a0Minute"},"schema":{"@context":"https:\/\/schema.org","@graph":[{"@type":"WebPage","@id":"https:\/\/www.fusiontables.com\/de\/ceniza-fusion-billardtisch\/","url":"https:\/\/www.fusiontables.com\/de\/ceniza-fusion-billardtisch\/","name":"Ceniza - Fusion billardtisch - Fusion Tables","isPartOf":{"@id":"https:\/\/www.fusiontables.com\/de\/#website"},"primaryImageOfPage":{"@id":"https:\/\/www.fusiontables.com\/de\/ceniza-fusion-billardtisch\/#primaryimage"},"image":{"@id":"https:\/\/www.fusiontables.com\/de\/ceniza-fusion-billardtisch\/#primaryimage"},"thumbnailUrl":"https:\/\/www.fusiontables.com\/wp-content\/uploads\/2019\/04\/ceniza-12c.jpg","datePublished":"2019-04-08T12:04:10+00:00","dateModified":"2025-02-10T16:19:22+00:00","breadcrumb":{"@id":"https:\/\/www.fusiontables.com\/de\/ceniza-fusion-billardtisch\/#breadcrumb"},"inLanguage":"de","potentialAction":[{"@type":"ReadAction","target":["https:\/\/www.fusiontables.com\/de\/ceniza-fusion-billardtisch\/"]}]},{"@type":"ImageObject","inLanguage":"de","@id":"https:\/\/www.fusiontables.com\/de\/ceniza-fusion-billardtisch\/#primaryimage","url":"https:\/\/www.fusiontables.com\/wp-content\/uploads\/2019\/04\/ceniza-12c.jpg","contentUrl":"https:\/\/www.fusiontables.com\/wp-content\/uploads\/2019\/04\/ceniza-12c.jpg","width":298,"height":299,"caption":"table billard"},{"@type":"BreadcrumbList","@id":"https:\/\/www.fusiontables.com\/de\/ceniza-fusion-billardtisch\/#breadcrumb","itemListElement":[{"@type":"ListItem","position":1,"name":"Startseite","item":"https:\/\/www.fusiontables.com\/de\/"},{"@type":"ListItem","position":2,"name":"Ceniza &#8211; Fusion billardtisch"}]},{"@type":"WebSite","@id":"https:\/\/www.fusiontables.com\/de\/#website","url":"https:\/\/www.fusiontables.com\/de\/","name":"Fusion Tables","description":"","publisher":{"@id":"https:\/\/www.fusiontables.com\/de\/#organization"},"potentialAction":[{"@type":"SearchAction","target":{"@type":"EntryPoint","urlTemplate":"https:\/\/www.fusiontables.com\/de\/?s={search_term_string}"},"query-input":{"@type":"PropertyValueSpecification","valueRequired":true,"valueName":"search_term_string"}}],"inLanguage":"de"},{"@type":"Organization","@id":"https:\/\/www.fusiontables.com\/de\/#organization","name":"Fusion Tables","url":"https:\/\/www.fusiontables.com\/de\/","logo":{"@type":"ImageObject","inLanguage":"de","@id":"https:\/\/www.fusiontables.com\/de\/#\/schema\/logo\/image\/","url":"https:\/\/www.fusiontables.com\/wp-content\/uploads\/2024\/11\/Fusiontables-Logo.png","contentUrl":"https:\/\/www.fusiontables.com\/wp-content\/uploads\/2024\/11\/Fusiontables-Logo.png","width":514,"height":119,"caption":"Fusion Tables"},"image":{"@id":"https:\/\/www.fusiontables.com\/de\/#\/schema\/logo\/image\/"}}]}},"_links":{"self":[{"href":"https:\/\/www.fusiontables.com\/de\/wp-json\/wp\/v2\/pages\/847","targetHints":{"allow":["GET"]}}],"collection":[{"href":"https:\/\/www.fusiontables.com\/de\/wp-json\/wp\/v2\/pages"}],"about":[{"href":"https:\/\/www.fusiontables.com\/de\/wp-json\/wp\/v2\/types\/page"}],"author":[{"embeddable":true,"href":"https:\/\/www.fusiontables.com\/de\/wp-json\/wp\/v2\/users\/2"}],"replies":[{"embeddable":true,"href":"https:\/\/www.fusiontables.com\/de\/wp-json\/wp\/v2\/comments?post=847"}],"version-history":[{"count":4,"href":"https:\/\/www.fusiontables.com\/de\/wp-json\/wp\/v2\/pages\/847\/revisions"}],"predecessor-version":[{"id":3825,"href":"https:\/\/www.fusiontables.com\/de\/wp-json\/wp\/v2\/pages\/847\/revisions\/3825"}],"wp:featuredmedia":[{"embeddable":true,"href":"https:\/\/www.fusiontables.com\/de\/wp-json\/wp\/v2\/media\/840"}],"wp:attachment":[{"href":"https:\/\/www.fusiontables.com\/de\/wp-json\/wp\/v2\/media?parent=847"}],"curies":[{"name":"wp","href":"https:\/\/api.w.org\/{rel}","templated":true}]}}