{"id":1035,"date":"2020-11-05T09:46:40","date_gmt":"2020-11-05T08:46:40","guid":{"rendered":"https:\/\/www.fusiontables.com\/silla\/"},"modified":"2025-02-21T11:39:03","modified_gmt":"2025-02-21T10:39:03","slug":"silla","status":"publish","type":"page","link":"https:\/\/www.fusiontables.com\/es\/silla\/","title":{"rendered":"Silla"},"content":{"rendered":"<p>La nueva silla Fusi\u00f3n ha sido especialmente desarrollada por el\u00a0equipo de dise\u00f1o de Fusi\u00f3n Tables. Su cubierta de cuero blanca de microfibra es sumamente c\u00f3moda y f\u00e1cil de limpiar. El respaldo de la silla de Fusi\u00f3n est\u00e1 concebido de tal manera que no sobresale por encima de la altura de la mesa Fusi\u00f3n en su posici\u00f3n m\u00e1s alta, de manera que no molesta a los jugadores de billar. As\u00ed, cuando la silla est\u00e1 colocada contra la mesa, nada obstaculiza el juego.<\/p>\n<p><img fetchpriority=\"high\" decoding=\"async\" class=\" size-full wp-image-1009\" src=\"https:\/\/www.fusiontables.com\/wp-content\/uploads\/2020\/11\/white-chair-e87.png\" alt=\"white chair\" width=\"1200\" height=\"772\" data-align=\"center\" data-entity-type=\"file\" data-entity-uuid=\"3552bd27-dbf6-484c-8007-0b8e0936781d\" srcset=\"https:\/\/www.fusiontables.com\/wp-content\/uploads\/2020\/11\/white-chair-e87.png 1200w, https:\/\/www.fusiontables.com\/wp-content\/uploads\/2020\/11\/white-chair-e87-300x193.png 300w, https:\/\/www.fusiontables.com\/wp-content\/uploads\/2020\/11\/white-chair-e87-1024x659.png 1024w, https:\/\/www.fusiontables.com\/wp-content\/uploads\/2020\/11\/white-chair-e87-768x494.png 768w\" sizes=\"(max-width: 1200px) 100vw, 1200px\" \/><\/p>\n<p>FusionTables ha creado un nuevo dise\u00f1o de sillas, destinado a adaptarse a la perfecci\u00f3n a las nuevas tendencias, con la ventaja de que encajan perfectamente con la altura de la Mesa Fusion. No siendo necesario moverlas para jugar al billar c\u00f3modamente, ya que no tenemos que retirarlas y ocupar un espacio extra.<\/p>\n<p><img decoding=\"async\" class=\" size-full wp-image-1015\" src=\"https:\/\/www.fusiontables.com\/wp-content\/uploads\/2020\/11\/fusionchairs-300.png\" alt=\"fusion chairs\" width=\"1200\" height=\"876\" data-align=\"center\" data-entity-type=\"file\" data-entity-uuid=\"27ea5a23-c42d-4590-93ae-4792f6adf268\" srcset=\"https:\/\/www.fusiontables.com\/wp-content\/uploads\/2020\/11\/fusionchairs-300.png 1200w, https:\/\/www.fusiontables.com\/wp-content\/uploads\/2020\/11\/fusionchairs-300-300x219.png 300w, https:\/\/www.fusiontables.com\/wp-content\/uploads\/2020\/11\/fusionchairs-300-1024x748.png 1024w, https:\/\/www.fusiontables.com\/wp-content\/uploads\/2020\/11\/fusionchairs-300-768x561.png 768w\" sizes=\"(max-width: 1200px) 100vw, 1200px\" \/><\/p>\n<p>No siendo necesario moverlas para jugar al billar c\u00f3modamente, ya que no tenemos que retirarlas y ocupar un espacio extra. Tambi\u00e9n pueden apilarse cuando sea necesario, ofreciendo la m\u00e1xima comodidad, adem\u00e1s de su f\u00e1cil mantenimiento al estar tapizadas en EcoPiel de la m\u00e1s alta calidad y estando disponibles en color <strong><a href=\"https:\/\/www.fusiontables.com\/es\/cuero-negro\/\">Negro<\/a><\/strong> o Gris Taupe.<\/p>\n<p><img decoding=\"async\" class=\" size-full wp-image-1021\" src=\"https:\/\/www.fusiontables.com\/wp-content\/uploads\/2020\/11\/vue-chairs-fc5.jpg\" alt=\"chairs\" width=\"1200\" height=\"900\" data-align=\"center\" data-entity-type=\"file\" data-entity-uuid=\"e46bf513-1821-4e2e-9a52-1cd447ea9f2d\" srcset=\"https:\/\/www.fusiontables.com\/wp-content\/uploads\/2020\/11\/vue-chairs-fc5.jpg 1200w, https:\/\/www.fusiontables.com\/wp-content\/uploads\/2020\/11\/vue-chairs-fc5-300x225.jpg 300w, https:\/\/www.fusiontables.com\/wp-content\/uploads\/2020\/11\/vue-chairs-fc5-1024x768.jpg 1024w, https:\/\/www.fusiontables.com\/wp-content\/uploads\/2020\/11\/vue-chairs-fc5-768x576.jpg 768w\" sizes=\"(max-width: 1200px) 100vw, 1200px\" \/><\/p>\n<p>Fabricado en Italia bajo especificaciones Fusiontables<\/p>\n<p><img loading=\"lazy\" decoding=\"async\" class=\" alignleft size-full wp-image-1027\" src=\"https:\/\/www.fusiontables.com\/wp-content\/uploads\/2020\/11\/size-chairs-770.png\" alt=\"size chair\" width=\"400\" height=\"451\" data-align=\"left\" data-entity-type=\"file\" data-entity-uuid=\"867c0521-e87e-4932-800f-1f7f451f2a14\" srcset=\"https:\/\/www.fusiontables.com\/wp-content\/uploads\/2020\/11\/size-chairs-770.png 400w, https:\/\/www.fusiontables.com\/wp-content\/uploads\/2020\/11\/size-chairs-770-266x300.png 266w\" sizes=\"(max-width: 400px) 100vw, 400px\" \/><\/p>\n<p><iframe style=\"width: 100%; height: 800px;\" src=\"https:\/\/www.archiproducts.com\/3d-viewer?productid=94004\"><\/iframe><\/p>\n","protected":false},"excerpt":{"rendered":"<p>La nueva silla Fusi\u00f3n ha sido especialmente desarrollada por el\u00a0equipo de dise\u00f1o de Fusi\u00f3n Tables. Su cubierta de cuero blanca de microfibra es sumamente c\u00f3moda y f\u00e1cil de limpiar. El respaldo de la silla de Fusi\u00f3n est\u00e1 concebido de tal manera que no sobresale por encima de la altura de la mesa Fusi\u00f3n en su [&hellip;]<\/p>\n","protected":false},"author":2,"featured_media":1009,"parent":0,"menu_order":0,"comment_status":"closed","ping_status":"closed","template":"","meta":{"_acf_changed":false,"footnotes":""},"class_list":["post-1035","page","type-page","status-publish","has-post-thumbnail","hentry"],"acf":[],"yoast_head":"<!-- This site is optimized with the Yoast SEO plugin v27.4 - https:\/\/yoast.com\/product\/yoast-seo-wordpress\/ -->\n<title>Silla - Fusion Tables<\/title>\n<meta name=\"robots\" content=\"index, follow, max-snippet:-1, max-image-preview:large, max-video-preview:-1\" \/>\n<link rel=\"canonical\" href=\"https:\/\/www.fusiontables.com\/es\/silla\/\" \/>\n<meta property=\"og:locale\" content=\"es_ES\" \/>\n<meta property=\"og:type\" content=\"article\" \/>\n<meta property=\"og:title\" content=\"Silla - Fusion Tables\" \/>\n<meta property=\"og:description\" content=\"La nueva silla Fusi\u00f3n ha sido especialmente desarrollada por el\u00a0equipo de dise\u00f1o de Fusi\u00f3n Tables. Su cubierta de cuero blanca de microfibra es sumamente c\u00f3moda y f\u00e1cil de limpiar. El respaldo de la silla de Fusi\u00f3n est\u00e1 concebido de tal manera que no sobresale por encima de la altura de la mesa Fusi\u00f3n en su [&hellip;]\" \/>\n<meta property=\"og:url\" content=\"https:\/\/www.fusiontables.com\/es\/silla\/\" \/>\n<meta property=\"og:site_name\" content=\"Fusion Tables\" \/>\n<meta property=\"article:modified_time\" content=\"2025-02-21T10:39:03+00:00\" \/>\n<meta property=\"og:image\" content=\"https:\/\/www.fusiontables.com\/wp-content\/uploads\/2020\/11\/white-chair-e87.png\" \/>\n\t<meta property=\"og:image:width\" content=\"1200\" \/>\n\t<meta property=\"og:image:height\" content=\"772\" \/>\n\t<meta property=\"og:image:type\" content=\"image\/png\" \/>\n<meta name=\"twitter:card\" content=\"summary_large_image\" \/>\n<meta name=\"twitter:label1\" content=\"Tiempo de lectura\" \/>\n\t<meta name=\"twitter:data1\" content=\"2 minutos\" \/>\n<script type=\"application\/ld+json\" class=\"yoast-schema-graph\">{\"@context\":\"https:\\\/\\\/schema.org\",\"@graph\":[{\"@type\":\"WebPage\",\"@id\":\"https:\\\/\\\/www.fusiontables.com\\\/es\\\/silla\\\/\",\"url\":\"https:\\\/\\\/www.fusiontables.com\\\/es\\\/silla\\\/\",\"name\":\"Silla - Fusion Tables\",\"isPartOf\":{\"@id\":\"https:\\\/\\\/www.fusiontables.com\\\/es\\\/#website\"},\"primaryImageOfPage\":{\"@id\":\"https:\\\/\\\/www.fusiontables.com\\\/es\\\/silla\\\/#primaryimage\"},\"image\":{\"@id\":\"https:\\\/\\\/www.fusiontables.com\\\/es\\\/silla\\\/#primaryimage\"},\"thumbnailUrl\":\"https:\\\/\\\/www.fusiontables.com\\\/wp-content\\\/uploads\\\/2020\\\/11\\\/white-chair-e87.png\",\"datePublished\":\"2020-11-05T08:46:40+00:00\",\"dateModified\":\"2025-02-21T10:39:03+00:00\",\"breadcrumb\":{\"@id\":\"https:\\\/\\\/www.fusiontables.com\\\/es\\\/silla\\\/#breadcrumb\"},\"inLanguage\":\"es\",\"potentialAction\":[{\"@type\":\"ReadAction\",\"target\":[\"https:\\\/\\\/www.fusiontables.com\\\/es\\\/silla\\\/\"]}]},{\"@type\":\"ImageObject\",\"inLanguage\":\"es\",\"@id\":\"https:\\\/\\\/www.fusiontables.com\\\/es\\\/silla\\\/#primaryimage\",\"url\":\"https:\\\/\\\/www.fusiontables.com\\\/wp-content\\\/uploads\\\/2020\\\/11\\\/white-chair-e87.png\",\"contentUrl\":\"https:\\\/\\\/www.fusiontables.com\\\/wp-content\\\/uploads\\\/2020\\\/11\\\/white-chair-e87.png\",\"width\":1200,\"height\":772,\"caption\":\"white chair\"},{\"@type\":\"BreadcrumbList\",\"@id\":\"https:\\\/\\\/www.fusiontables.com\\\/es\\\/silla\\\/#breadcrumb\",\"itemListElement\":[{\"@type\":\"ListItem\",\"position\":1,\"name\":\"Inicio\",\"item\":\"https:\\\/\\\/www.fusiontables.com\\\/es\\\/\"},{\"@type\":\"ListItem\",\"position\":2,\"name\":\"Silla\"}]},{\"@type\":\"WebSite\",\"@id\":\"https:\\\/\\\/www.fusiontables.com\\\/es\\\/#website\",\"url\":\"https:\\\/\\\/www.fusiontables.com\\\/es\\\/\",\"name\":\"Fusion Tables\",\"description\":\"\",\"publisher\":{\"@id\":\"https:\\\/\\\/www.fusiontables.com\\\/es\\\/#organization\"},\"potentialAction\":[{\"@type\":\"SearchAction\",\"target\":{\"@type\":\"EntryPoint\",\"urlTemplate\":\"https:\\\/\\\/www.fusiontables.com\\\/es\\\/?s={search_term_string}\"},\"query-input\":{\"@type\":\"PropertyValueSpecification\",\"valueRequired\":true,\"valueName\":\"search_term_string\"}}],\"inLanguage\":\"es\"},{\"@type\":\"Organization\",\"@id\":\"https:\\\/\\\/www.fusiontables.com\\\/es\\\/#organization\",\"name\":\"Fusion Tables\",\"url\":\"https:\\\/\\\/www.fusiontables.com\\\/es\\\/\",\"logo\":{\"@type\":\"ImageObject\",\"inLanguage\":\"es\",\"@id\":\"https:\\\/\\\/www.fusiontables.com\\\/es\\\/#\\\/schema\\\/logo\\\/image\\\/\",\"url\":\"https:\\\/\\\/www.fusiontables.com\\\/wp-content\\\/uploads\\\/2024\\\/11\\\/Fusiontables-Logo.png\",\"contentUrl\":\"https:\\\/\\\/www.fusiontables.com\\\/wp-content\\\/uploads\\\/2024\\\/11\\\/Fusiontables-Logo.png\",\"width\":514,\"height\":119,\"caption\":\"Fusion Tables\"},\"image\":{\"@id\":\"https:\\\/\\\/www.fusiontables.com\\\/es\\\/#\\\/schema\\\/logo\\\/image\\\/\"}}]}<\/script>\n<!-- \/ Yoast SEO plugin. -->","yoast_head_json":{"title":"Silla - Fusion Tables","robots":{"index":"index","follow":"follow","max-snippet":"max-snippet:-1","max-image-preview":"max-image-preview:large","max-video-preview":"max-video-preview:-1"},"canonical":"https:\/\/www.fusiontables.com\/es\/silla\/","og_locale":"es_ES","og_type":"article","og_title":"Silla - Fusion Tables","og_description":"La nueva silla Fusi\u00f3n ha sido especialmente desarrollada por el\u00a0equipo de dise\u00f1o de Fusi\u00f3n Tables. Su cubierta de cuero blanca de microfibra es sumamente c\u00f3moda y f\u00e1cil de limpiar. El respaldo de la silla de Fusi\u00f3n est\u00e1 concebido de tal manera que no sobresale por encima de la altura de la mesa Fusi\u00f3n en su [&hellip;]","og_url":"https:\/\/www.fusiontables.com\/es\/silla\/","og_site_name":"Fusion Tables","article_modified_time":"2025-02-21T10:39:03+00:00","og_image":[{"width":1200,"height":772,"url":"https:\/\/www.fusiontables.com\/wp-content\/uploads\/2020\/11\/white-chair-e87.png","type":"image\/png"}],"twitter_card":"summary_large_image","twitter_misc":{"Tiempo de lectura":"2 minutos"},"schema":{"@context":"https:\/\/schema.org","@graph":[{"@type":"WebPage","@id":"https:\/\/www.fusiontables.com\/es\/silla\/","url":"https:\/\/www.fusiontables.com\/es\/silla\/","name":"Silla - Fusion Tables","isPartOf":{"@id":"https:\/\/www.fusiontables.com\/es\/#website"},"primaryImageOfPage":{"@id":"https:\/\/www.fusiontables.com\/es\/silla\/#primaryimage"},"image":{"@id":"https:\/\/www.fusiontables.com\/es\/silla\/#primaryimage"},"thumbnailUrl":"https:\/\/www.fusiontables.com\/wp-content\/uploads\/2020\/11\/white-chair-e87.png","datePublished":"2020-11-05T08:46:40+00:00","dateModified":"2025-02-21T10:39:03+00:00","breadcrumb":{"@id":"https:\/\/www.fusiontables.com\/es\/silla\/#breadcrumb"},"inLanguage":"es","potentialAction":[{"@type":"ReadAction","target":["https:\/\/www.fusiontables.com\/es\/silla\/"]}]},{"@type":"ImageObject","inLanguage":"es","@id":"https:\/\/www.fusiontables.com\/es\/silla\/#primaryimage","url":"https:\/\/www.fusiontables.com\/wp-content\/uploads\/2020\/11\/white-chair-e87.png","contentUrl":"https:\/\/www.fusiontables.com\/wp-content\/uploads\/2020\/11\/white-chair-e87.png","width":1200,"height":772,"caption":"white chair"},{"@type":"BreadcrumbList","@id":"https:\/\/www.fusiontables.com\/es\/silla\/#breadcrumb","itemListElement":[{"@type":"ListItem","position":1,"name":"Inicio","item":"https:\/\/www.fusiontables.com\/es\/"},{"@type":"ListItem","position":2,"name":"Silla"}]},{"@type":"WebSite","@id":"https:\/\/www.fusiontables.com\/es\/#website","url":"https:\/\/www.fusiontables.com\/es\/","name":"Fusion Tables","description":"","publisher":{"@id":"https:\/\/www.fusiontables.com\/es\/#organization"},"potentialAction":[{"@type":"SearchAction","target":{"@type":"EntryPoint","urlTemplate":"https:\/\/www.fusiontables.com\/es\/?s={search_term_string}"},"query-input":{"@type":"PropertyValueSpecification","valueRequired":true,"valueName":"search_term_string"}}],"inLanguage":"es"},{"@type":"Organization","@id":"https:\/\/www.fusiontables.com\/es\/#organization","name":"Fusion Tables","url":"https:\/\/www.fusiontables.com\/es\/","logo":{"@type":"ImageObject","inLanguage":"es","@id":"https:\/\/www.fusiontables.com\/es\/#\/schema\/logo\/image\/","url":"https:\/\/www.fusiontables.com\/wp-content\/uploads\/2024\/11\/Fusiontables-Logo.png","contentUrl":"https:\/\/www.fusiontables.com\/wp-content\/uploads\/2024\/11\/Fusiontables-Logo.png","width":514,"height":119,"caption":"Fusion Tables"},"image":{"@id":"https:\/\/www.fusiontables.com\/es\/#\/schema\/logo\/image\/"}}]}},"_links":{"self":[{"href":"https:\/\/www.fusiontables.com\/es\/wp-json\/wp\/v2\/pages\/1035","targetHints":{"allow":["GET"]}}],"collection":[{"href":"https:\/\/www.fusiontables.com\/es\/wp-json\/wp\/v2\/pages"}],"about":[{"href":"https:\/\/www.fusiontables.com\/es\/wp-json\/wp\/v2\/types\/page"}],"author":[{"embeddable":true,"href":"https:\/\/www.fusiontables.com\/es\/wp-json\/wp\/v2\/users\/2"}],"replies":[{"embeddable":true,"href":"https:\/\/www.fusiontables.com\/es\/wp-json\/wp\/v2\/comments?post=1035"}],"version-history":[{"count":1,"href":"https:\/\/www.fusiontables.com\/es\/wp-json\/wp\/v2\/pages\/1035\/revisions"}],"predecessor-version":[{"id":4603,"href":"https:\/\/www.fusiontables.com\/es\/wp-json\/wp\/v2\/pages\/1035\/revisions\/4603"}],"wp:featuredmedia":[{"embeddable":true,"href":"https:\/\/www.fusiontables.com\/es\/wp-json\/wp\/v2\/media\/1009"}],"wp:attachment":[{"href":"https:\/\/www.fusiontables.com\/es\/wp-json\/wp\/v2\/media?parent=1035"}],"curies":[{"name":"wp","href":"https:\/\/api.w.org\/{rel}","templated":true}]}}