{"id":1066,"date":"2024-02-07T13:55:30","date_gmt":"2024-02-07T12:55:30","guid":{"rendered":"https:\/\/www.fusiontables.com\/oxydo-2\/"},"modified":"2025-03-17T12:53:37","modified_gmt":"2025-03-17T11:53:37","slug":"oxydo-2","status":"publish","type":"page","link":"https:\/\/www.fusiontables.com\/es\/oxydo-2\/","title":{"rendered":"Oxydo"},"content":{"rendered":"<p>Esta impresionante cer\u00e1mica presenta un tono met\u00e1lico gris oscuro, realzado por sublimes matices de \u00f3xido, creando una pieza de sorprendente belleza. Cada cent\u00edmetro de esta cautivadora obra evoca la est\u00e9tica cruda y resistente de la decoraci\u00f3n industrial, aportando un toque \u00fanico y elegante a cualquier espacio.<\/p>\n<p>Los reflejos met\u00e1licos gris\u00e1ceos confieren a la cer\u00e1mica una profundidad sorprendente, capturando la luz sutilmente y creando juegos de sombras que enfatizan su car\u00e1cter distintivo. Los toques de \u00f3xido discretamente distribuidos aportan una sutil calidez y un toque de nostalgia al conjunto, evocando el paso del tiempo y la autenticidad del material.<\/p>\n<p>Esta cer\u00e1mica vers\u00e1til se adapta perfectamente a los interiores que buscan un ambiente industrial refinado.<\/p>\n<p>Este acabado est\u00e1 disponible exclusivamente en nuestros paneles reversibles Rock Reverso para mesas de comedor que se <a href=\"https:\/\/www.fusiontables.com\/es\/mesas-fusion\/\"><strong>transforman en modernas mesas de billar<\/strong><\/a>.<\/p>\n<p><img fetchpriority=\"high\" decoding=\"async\" class=\" size-full wp-image-1058\" src=\"https:\/\/www.fusiontables.com\/wp-content\/uploads\/2024\/02\/oxydo-4c3.jpg\" alt=\"Oxydo\" width=\"298\" height=\"298\" data-align=\"center\" data-entity-type=\"file\" data-entity-uuid=\"f3b3aecc-f081-4076-a6e3-64dd6257ea28\" srcset=\"https:\/\/www.fusiontables.com\/wp-content\/uploads\/2024\/02\/oxydo-4c3.jpg 298w, https:\/\/www.fusiontables.com\/wp-content\/uploads\/2024\/02\/oxydo-4c3-150x150.jpg 150w\" sizes=\"(max-width: 298px) 100vw, 298px\" \/><\/p>\n","protected":false},"excerpt":{"rendered":"<p>Esta impresionante cer\u00e1mica presenta un tono met\u00e1lico gris oscuro, realzado por sublimes matices de \u00f3xido, creando una pieza de sorprendente belleza. Cada cent\u00edmetro de esta cautivadora obra evoca la est\u00e9tica cruda y resistente de la decoraci\u00f3n industrial, aportando un toque \u00fanico y elegante a cualquier espacio. Los reflejos met\u00e1licos gris\u00e1ceos confieren a la cer\u00e1mica una [&hellip;]<\/p>\n","protected":false},"author":2,"featured_media":1058,"parent":0,"menu_order":0,"comment_status":"closed","ping_status":"closed","template":"","meta":{"_acf_changed":false,"footnotes":""},"class_list":["post-1066","page","type-page","status-publish","has-post-thumbnail","hentry"],"acf":[],"yoast_head":"<!-- This site is optimized with the Yoast SEO plugin v27.3 - https:\/\/yoast.com\/product\/yoast-seo-wordpress\/ -->\n<title>Oxydo - Fusion Tables<\/title>\n<meta name=\"robots\" content=\"index, follow, max-snippet:-1, max-image-preview:large, max-video-preview:-1\" \/>\n<link rel=\"canonical\" href=\"https:\/\/www.fusiontables.com\/es\/oxydo-2\/\" \/>\n<meta property=\"og:locale\" content=\"es_ES\" \/>\n<meta property=\"og:type\" content=\"article\" \/>\n<meta property=\"og:title\" content=\"Oxydo - Fusion Tables\" \/>\n<meta property=\"og:description\" content=\"Esta impresionante cer\u00e1mica presenta un tono met\u00e1lico gris oscuro, realzado por sublimes matices de \u00f3xido, creando una pieza de sorprendente belleza. Cada cent\u00edmetro de esta cautivadora obra evoca la est\u00e9tica cruda y resistente de la decoraci\u00f3n industrial, aportando un toque \u00fanico y elegante a cualquier espacio. Los reflejos met\u00e1licos gris\u00e1ceos confieren a la cer\u00e1mica una [&hellip;]\" \/>\n<meta property=\"og:url\" content=\"https:\/\/www.fusiontables.com\/es\/oxydo-2\/\" \/>\n<meta property=\"og:site_name\" content=\"Fusion Tables\" \/>\n<meta property=\"article:modified_time\" content=\"2025-03-17T11:53:37+00:00\" \/>\n<meta property=\"og:image\" content=\"https:\/\/www.fusiontables.com\/wp-content\/uploads\/2024\/02\/oxydo-4c3.jpg\" \/>\n\t<meta property=\"og:image:width\" content=\"298\" \/>\n\t<meta property=\"og:image:height\" content=\"298\" \/>\n\t<meta property=\"og:image:type\" content=\"image\/jpeg\" \/>\n<meta name=\"twitter:card\" content=\"summary_large_image\" \/>\n<meta name=\"twitter:label1\" content=\"Tiempo de lectura\" \/>\n\t<meta name=\"twitter:data1\" content=\"2 minutos\" \/>\n<script type=\"application\/ld+json\" class=\"yoast-schema-graph\">{\"@context\":\"https:\\\/\\\/schema.org\",\"@graph\":[{\"@type\":\"WebPage\",\"@id\":\"https:\\\/\\\/www.fusiontables.com\\\/es\\\/oxydo-2\\\/\",\"url\":\"https:\\\/\\\/www.fusiontables.com\\\/es\\\/oxydo-2\\\/\",\"name\":\"Oxydo - Fusion Tables\",\"isPartOf\":{\"@id\":\"https:\\\/\\\/www.fusiontables.com\\\/es\\\/#website\"},\"primaryImageOfPage\":{\"@id\":\"https:\\\/\\\/www.fusiontables.com\\\/es\\\/oxydo-2\\\/#primaryimage\"},\"image\":{\"@id\":\"https:\\\/\\\/www.fusiontables.com\\\/es\\\/oxydo-2\\\/#primaryimage\"},\"thumbnailUrl\":\"https:\\\/\\\/www.fusiontables.com\\\/wp-content\\\/uploads\\\/2024\\\/02\\\/oxydo-4c3.jpg\",\"datePublished\":\"2024-02-07T12:55:30+00:00\",\"dateModified\":\"2025-03-17T11:53:37+00:00\",\"breadcrumb\":{\"@id\":\"https:\\\/\\\/www.fusiontables.com\\\/es\\\/oxydo-2\\\/#breadcrumb\"},\"inLanguage\":\"es\",\"potentialAction\":[{\"@type\":\"ReadAction\",\"target\":[\"https:\\\/\\\/www.fusiontables.com\\\/es\\\/oxydo-2\\\/\"]}]},{\"@type\":\"ImageObject\",\"inLanguage\":\"es\",\"@id\":\"https:\\\/\\\/www.fusiontables.com\\\/es\\\/oxydo-2\\\/#primaryimage\",\"url\":\"https:\\\/\\\/www.fusiontables.com\\\/wp-content\\\/uploads\\\/2024\\\/02\\\/oxydo-4c3.jpg\",\"contentUrl\":\"https:\\\/\\\/www.fusiontables.com\\\/wp-content\\\/uploads\\\/2024\\\/02\\\/oxydo-4c3.jpg\",\"width\":298,\"height\":298,\"caption\":\"Oxydo\"},{\"@type\":\"BreadcrumbList\",\"@id\":\"https:\\\/\\\/www.fusiontables.com\\\/es\\\/oxydo-2\\\/#breadcrumb\",\"itemListElement\":[{\"@type\":\"ListItem\",\"position\":1,\"name\":\"Inicio\",\"item\":\"https:\\\/\\\/www.fusiontables.com\\\/es\\\/\"},{\"@type\":\"ListItem\",\"position\":2,\"name\":\"Oxydo\"}]},{\"@type\":\"WebSite\",\"@id\":\"https:\\\/\\\/www.fusiontables.com\\\/es\\\/#website\",\"url\":\"https:\\\/\\\/www.fusiontables.com\\\/es\\\/\",\"name\":\"Fusion Tables\",\"description\":\"\",\"publisher\":{\"@id\":\"https:\\\/\\\/www.fusiontables.com\\\/es\\\/#organization\"},\"potentialAction\":[{\"@type\":\"SearchAction\",\"target\":{\"@type\":\"EntryPoint\",\"urlTemplate\":\"https:\\\/\\\/www.fusiontables.com\\\/es\\\/?s={search_term_string}\"},\"query-input\":{\"@type\":\"PropertyValueSpecification\",\"valueRequired\":true,\"valueName\":\"search_term_string\"}}],\"inLanguage\":\"es\"},{\"@type\":\"Organization\",\"@id\":\"https:\\\/\\\/www.fusiontables.com\\\/es\\\/#organization\",\"name\":\"Fusion Tables\",\"url\":\"https:\\\/\\\/www.fusiontables.com\\\/es\\\/\",\"logo\":{\"@type\":\"ImageObject\",\"inLanguage\":\"es\",\"@id\":\"https:\\\/\\\/www.fusiontables.com\\\/es\\\/#\\\/schema\\\/logo\\\/image\\\/\",\"url\":\"https:\\\/\\\/www.fusiontables.com\\\/wp-content\\\/uploads\\\/2024\\\/11\\\/Fusiontables-Logo.png\",\"contentUrl\":\"https:\\\/\\\/www.fusiontables.com\\\/wp-content\\\/uploads\\\/2024\\\/11\\\/Fusiontables-Logo.png\",\"width\":514,\"height\":119,\"caption\":\"Fusion Tables\"},\"image\":{\"@id\":\"https:\\\/\\\/www.fusiontables.com\\\/es\\\/#\\\/schema\\\/logo\\\/image\\\/\"}}]}<\/script>\n<!-- \/ Yoast SEO plugin. -->","yoast_head_json":{"title":"Oxydo - Fusion Tables","robots":{"index":"index","follow":"follow","max-snippet":"max-snippet:-1","max-image-preview":"max-image-preview:large","max-video-preview":"max-video-preview:-1"},"canonical":"https:\/\/www.fusiontables.com\/es\/oxydo-2\/","og_locale":"es_ES","og_type":"article","og_title":"Oxydo - Fusion Tables","og_description":"Esta impresionante cer\u00e1mica presenta un tono met\u00e1lico gris oscuro, realzado por sublimes matices de \u00f3xido, creando una pieza de sorprendente belleza. Cada cent\u00edmetro de esta cautivadora obra evoca la est\u00e9tica cruda y resistente de la decoraci\u00f3n industrial, aportando un toque \u00fanico y elegante a cualquier espacio. Los reflejos met\u00e1licos gris\u00e1ceos confieren a la cer\u00e1mica una [&hellip;]","og_url":"https:\/\/www.fusiontables.com\/es\/oxydo-2\/","og_site_name":"Fusion Tables","article_modified_time":"2025-03-17T11:53:37+00:00","og_image":[{"width":298,"height":298,"url":"https:\/\/www.fusiontables.com\/wp-content\/uploads\/2024\/02\/oxydo-4c3.jpg","type":"image\/jpeg"}],"twitter_card":"summary_large_image","twitter_misc":{"Tiempo de lectura":"2 minutos"},"schema":{"@context":"https:\/\/schema.org","@graph":[{"@type":"WebPage","@id":"https:\/\/www.fusiontables.com\/es\/oxydo-2\/","url":"https:\/\/www.fusiontables.com\/es\/oxydo-2\/","name":"Oxydo - Fusion Tables","isPartOf":{"@id":"https:\/\/www.fusiontables.com\/es\/#website"},"primaryImageOfPage":{"@id":"https:\/\/www.fusiontables.com\/es\/oxydo-2\/#primaryimage"},"image":{"@id":"https:\/\/www.fusiontables.com\/es\/oxydo-2\/#primaryimage"},"thumbnailUrl":"https:\/\/www.fusiontables.com\/wp-content\/uploads\/2024\/02\/oxydo-4c3.jpg","datePublished":"2024-02-07T12:55:30+00:00","dateModified":"2025-03-17T11:53:37+00:00","breadcrumb":{"@id":"https:\/\/www.fusiontables.com\/es\/oxydo-2\/#breadcrumb"},"inLanguage":"es","potentialAction":[{"@type":"ReadAction","target":["https:\/\/www.fusiontables.com\/es\/oxydo-2\/"]}]},{"@type":"ImageObject","inLanguage":"es","@id":"https:\/\/www.fusiontables.com\/es\/oxydo-2\/#primaryimage","url":"https:\/\/www.fusiontables.com\/wp-content\/uploads\/2024\/02\/oxydo-4c3.jpg","contentUrl":"https:\/\/www.fusiontables.com\/wp-content\/uploads\/2024\/02\/oxydo-4c3.jpg","width":298,"height":298,"caption":"Oxydo"},{"@type":"BreadcrumbList","@id":"https:\/\/www.fusiontables.com\/es\/oxydo-2\/#breadcrumb","itemListElement":[{"@type":"ListItem","position":1,"name":"Inicio","item":"https:\/\/www.fusiontables.com\/es\/"},{"@type":"ListItem","position":2,"name":"Oxydo"}]},{"@type":"WebSite","@id":"https:\/\/www.fusiontables.com\/es\/#website","url":"https:\/\/www.fusiontables.com\/es\/","name":"Fusion Tables","description":"","publisher":{"@id":"https:\/\/www.fusiontables.com\/es\/#organization"},"potentialAction":[{"@type":"SearchAction","target":{"@type":"EntryPoint","urlTemplate":"https:\/\/www.fusiontables.com\/es\/?s={search_term_string}"},"query-input":{"@type":"PropertyValueSpecification","valueRequired":true,"valueName":"search_term_string"}}],"inLanguage":"es"},{"@type":"Organization","@id":"https:\/\/www.fusiontables.com\/es\/#organization","name":"Fusion Tables","url":"https:\/\/www.fusiontables.com\/es\/","logo":{"@type":"ImageObject","inLanguage":"es","@id":"https:\/\/www.fusiontables.com\/es\/#\/schema\/logo\/image\/","url":"https:\/\/www.fusiontables.com\/wp-content\/uploads\/2024\/11\/Fusiontables-Logo.png","contentUrl":"https:\/\/www.fusiontables.com\/wp-content\/uploads\/2024\/11\/Fusiontables-Logo.png","width":514,"height":119,"caption":"Fusion Tables"},"image":{"@id":"https:\/\/www.fusiontables.com\/es\/#\/schema\/logo\/image\/"}}]}},"_links":{"self":[{"href":"https:\/\/www.fusiontables.com\/es\/wp-json\/wp\/v2\/pages\/1066","targetHints":{"allow":["GET"]}}],"collection":[{"href":"https:\/\/www.fusiontables.com\/es\/wp-json\/wp\/v2\/pages"}],"about":[{"href":"https:\/\/www.fusiontables.com\/es\/wp-json\/wp\/v2\/types\/page"}],"author":[{"embeddable":true,"href":"https:\/\/www.fusiontables.com\/es\/wp-json\/wp\/v2\/users\/2"}],"replies":[{"embeddable":true,"href":"https:\/\/www.fusiontables.com\/es\/wp-json\/wp\/v2\/comments?post=1066"}],"version-history":[{"count":1,"href":"https:\/\/www.fusiontables.com\/es\/wp-json\/wp\/v2\/pages\/1066\/revisions"}],"predecessor-version":[{"id":4676,"href":"https:\/\/www.fusiontables.com\/es\/wp-json\/wp\/v2\/pages\/1066\/revisions\/4676"}],"wp:featuredmedia":[{"embeddable":true,"href":"https:\/\/www.fusiontables.com\/es\/wp-json\/wp\/v2\/media\/1058"}],"wp:attachment":[{"href":"https:\/\/www.fusiontables.com\/es\/wp-json\/wp\/v2\/media?parent=1066"}],"curies":[{"name":"wp","href":"https:\/\/api.w.org\/{rel}","templated":true}]}}