{"id":301,"date":"2018-05-30T15:11:08","date_gmt":"2018-05-30T13:11:08","guid":{"rendered":"https:\/\/www.fusiontables.com\/calidad\/"},"modified":"2025-03-17T13:00:35","modified_gmt":"2025-03-17T12:00:35","slug":"calidad","status":"publish","type":"page","link":"https:\/\/www.fusiontables.com\/es\/calidad\/","title":{"rendered":"Calidad"},"content":{"rendered":"\t\t<div data-elementor-type=\"wp-page\" data-elementor-id=\"301\" class=\"elementor elementor-301 elementor-293\" data-elementor-post-type=\"page\">\n\t\t\t\t<div class=\"elementor-element elementor-element-2ea18369 e-flex e-con-boxed e-con e-parent\" data-id=\"2ea18369\" data-element_type=\"container\" data-e-type=\"container\">\n\t\t\t\t\t<div class=\"e-con-inner\">\n\t\t\t\t<div class=\"elementor-element elementor-element-6d6c4fb9 elementor-widget elementor-widget-text-editor\" data-id=\"6d6c4fb9\" data-element_type=\"widget\" data-e-type=\"widget\" data-widget_type=\"text-editor.default\">\n\t\t\t\t\t\t\t\t\t<p><span class=\"--l --r sentence_highlight\">Esta combinaci\u00f3n de tecnolog\u00eda de billar de vanguardia, en la que destacamos aqu\u00ed en Fusiontables, y la belleza de un acabado meticuloso, que, hoy en d\u00eda, s\u00f3lo los artesanos dedicados son capaces de ofrecer, ha producido un dise\u00f1o y una ergonom\u00eda que cada persona sentir\u00e1 como algo excepcional, algo que durar\u00e1 varias generaciones. <\/span><span class=\"--l --r sentence_highlight\">Componentes de alta calidad, innovaciones Hi-tec y <a href=\"https:\/\/www.fusiontables.com\/es\/acabados\/\"><strong>materiales modernos<\/strong><\/a>, la meticulosa <a href=\"https:\/\/www.fusiontables.com\/es\/acabados-en-madera\/\"><strong>selecci\u00f3n de las mejores maderas<\/strong><\/a>.<\/span><\/p><p><strong><a id=\"el\" name=\"el\"><\/a>SISTEMA EASY-LIFT\u00ae<\/strong><\/p><p><img fetchpriority=\"high\" decoding=\"async\" class=\" size-full wp-image-263\" src=\"https:\/\/www.fusiontables.com\/wp-content\/uploads\/2018\/05\/lift1-d0c.jpg\" alt=\"Lift\" width=\"1140\" height=\"560\" data-align=\"center\" data-entity-type=\"file\" data-entity-uuid=\"dec316c0-4958-43b4-af3d-431fa887dc3e\" srcset=\"https:\/\/www.fusiontables.com\/wp-content\/uploads\/2018\/05\/lift1-d0c.jpg 1140w, https:\/\/www.fusiontables.com\/wp-content\/uploads\/2018\/05\/lift1-d0c-300x147.jpg 300w, https:\/\/www.fusiontables.com\/wp-content\/uploads\/2018\/05\/lift1-d0c-1024x503.jpg 1024w, https:\/\/www.fusiontables.com\/wp-content\/uploads\/2018\/05\/lift1-d0c-768x377.jpg 768w\" sizes=\"(max-width: 1140px) 100vw, 1140px\" \/><\/p><p>Ninguna mesa de billar est\u00e1 equipada con un dispositivo para subir o bajar la mesa a las alturas requeridas para jugar y comer, lo que hace que la mesa sea poco pr\u00e1ctica. En nuestra b\u00fasqueda de un dise\u00f1o ergon\u00f3mico, Fusiontables decidi\u00f3 integrar un sistema de elevaci\u00f3n en las patas de la mesa, haci\u00e9ndolo completamente invisible.<\/p><p>Todas nuestras <a href=\"https:\/\/www.fusiontables.com\/es\/mesas-fusion\/\"><strong>mesas de billar transformables<\/strong><\/a> est\u00e1n equipadas con el sistema patentado Easy-Lift. Esto le permite elevar la mesa, sin ning\u00fan esfuerzo, desde 75 cm de la mesa de comedor, hasta la altura oficial de 82,5 cm, para jugar c\u00f3modamente al billar. El sistema no requiere ning\u00fan mantenimiento espec\u00edfico y est\u00e1 equipado con un sistema de sujeci\u00f3n autom\u00e1tico de dos niveles, para garantizar un \u00e1rea de juego estable, regular y plano cuando la mesa est\u00e1 en su posici\u00f3n \u00abalta\u00bb.<\/p><p>Este sistema permite que cada pata se ajuste individualmente y con mucha precisi\u00f3n, garantizando que su moderna mesa de billar siempre estar\u00e1 a la altura correcta.<br \/>Obviamente, para obtener una mesa de billar de alta calidad, la <a href=\"https:\/\/www.fusiontables.com\/es\/calidad\/#ar\"><strong>pizarra<\/strong><\/a>, el <a href=\"https:\/\/www.fusiontables.com\/es\/calidad\/#ds\"><strong>pa\u00f1o del billar<\/strong><\/a>, los <a href=\"https:\/\/www.fusiontables.com\/es\/calidad\/#fp\"><strong>bolsillos <\/strong><\/a>y las <strong>redes<\/strong> y <strong>las <a href=\"https:\/\/www.fusiontables.com\/es\/calidad\/#bk\">bandas<\/a><\/strong> tambi\u00e9n deben ser de una calidad excepcional.<\/p><p><strong><a id=\"ql\" name=\"ql\"><\/a>MATERIALES DE CALIDAD EXCEPCIONAL<\/strong><\/p><p><img decoding=\"async\" class=\" size-full wp-image-294\" src=\"https:\/\/www.fusiontables.com\/wp-content\/uploads\/2018\/05\/feature22-281.jpg\" alt=\"Fusion\" width=\"1140\" height=\"560\" data-align=\"center\" data-entity-type=\"file\" data-entity-uuid=\"94b48365-eb21-4406-be08-a1324409fae0\" srcset=\"https:\/\/www.fusiontables.com\/wp-content\/uploads\/2018\/05\/feature22-281.jpg 1140w, https:\/\/www.fusiontables.com\/wp-content\/uploads\/2018\/05\/feature22-281-300x147.jpg 300w, https:\/\/www.fusiontables.com\/wp-content\/uploads\/2018\/05\/feature22-281-1024x503.jpg 1024w, https:\/\/www.fusiontables.com\/wp-content\/uploads\/2018\/05\/feature22-281-768x377.jpg 768w\" sizes=\"(max-width: 1140px) 100vw, 1140px\" \/><\/p><p>La combinaci\u00f3n de la tecnolog\u00eda de un billar de vanguardia, con la belleza de un acabado meticuloso, que solo los artesanos m\u00e1s delicados pueden ofrecer, es por lo que destacamos en FusionTables, y han dado como fruto un dise\u00f1o y una ergonom\u00eda que cada persona sentir\u00e1 como propios, algo que durar\u00e1 varias generaciones. Componentes de alta calidad, innovaciones de Hi-tec y <strong>materiales modernos<\/strong>, la selecci\u00f3n meticulosa de las <strong>mejores chapas de madera<\/strong>.<\/p><p><strong><a id=\"fp\" name=\"fp\"><\/a>SISTEMA BOLSILLO-PLANO<\/strong><\/p><p><img decoding=\"async\" class=\" size-full wp-image-269\" src=\"https:\/\/www.fusiontables.com\/wp-content\/uploads\/2018\/05\/feature3_0-9ac.jpg\" alt=\"flat pocket system\" width=\"1140\" height=\"560\" data-align=\"center\" data-entity-type=\"file\" data-entity-uuid=\"7dd56a14-e317-4fd3-af53-8adcb986e292\" srcset=\"https:\/\/www.fusiontables.com\/wp-content\/uploads\/2018\/05\/feature3_0-9ac.jpg 1140w, https:\/\/www.fusiontables.com\/wp-content\/uploads\/2018\/05\/feature3_0-9ac-300x147.jpg 300w, https:\/\/www.fusiontables.com\/wp-content\/uploads\/2018\/05\/feature3_0-9ac-1024x503.jpg 1024w, https:\/\/www.fusiontables.com\/wp-content\/uploads\/2018\/05\/feature3_0-9ac-768x377.jpg 768w\" sizes=\"(max-width: 1140px) 100vw, 1140px\" \/><\/p><p>Para que todas los accesorios de la <a href=\"https:\/\/www.fusiontables.com\/es\/mesas-fusion\/\"><strong>mesa de billar transformable<\/strong><\/a> puedan guardarse discretamente dentro del interior \u00a0de la mesa Fusion, de menos de 12 cm de grosor, hemos desarrollado un sistema de bolsillo singular e ingenioso. Esto consiste en una fuerte membrana de nailon el\u00e1stico de alta tecnolog\u00eda, que puede guardar todas las bolas en el bolsillo durante el juego y que vuelve a su posici\u00f3n original cuando se retiran las bolas. Tambi\u00e9n hay un sistema deslizante en metal, en la parte superior, para almacenar las bolas cuando se utiliza como mesa de comedor. Obviamente, para obtener una mesa de billar de alta calidad, la <a href=\"https:\/\/www.fusiontables.com\/es\/calidad\/#ar\"><strong>pizarra<\/strong><\/a>, el <a href=\"https:\/\/www.fusiontables.com\/es\/calidad\/#ds\"><strong>pa\u00f1o del billar<\/strong><\/a>, los <a href=\"https:\/\/www.fusiontables.com\/es\/calidad\/#fp\"><strong>bolsillos <\/strong><\/a>y las <strong>redes<\/strong> y <strong>las <a href=\"https:\/\/www.fusiontables.com\/es\/calidad\/#bk\">bandas<\/a><\/strong> tambi\u00e9n deben ser de una calidad excepcional.<\/p><p><strong><a id=\"bk\" name=\"bk\"><\/a>BANDAS K66<\/strong><\/p><p><img loading=\"lazy\" decoding=\"async\" class=\" size-full wp-image-275\" src=\"https:\/\/www.fusiontables.com\/wp-content\/uploads\/2018\/05\/feature4-cc3.jpg\" alt=\"K66\" width=\"1140\" height=\"560\" data-align=\"center\" data-entity-type=\"file\" data-entity-uuid=\"2041b920-cc7a-4224-96fa-243127762ffd\" srcset=\"https:\/\/www.fusiontables.com\/wp-content\/uploads\/2018\/05\/feature4-cc3.jpg 1140w, https:\/\/www.fusiontables.com\/wp-content\/uploads\/2018\/05\/feature4-cc3-300x147.jpg 300w, https:\/\/www.fusiontables.com\/wp-content\/uploads\/2018\/05\/feature4-cc3-1024x503.jpg 1024w, https:\/\/www.fusiontables.com\/wp-content\/uploads\/2018\/05\/feature4-cc3-768x377.jpg 768w\" sizes=\"(max-width: 1140px) 100vw, 1140px\" \/><\/p><p>La mesa de billar Fusion est\u00e1 equipada con las bandas Velocity K66, conocidas por ofrecer uno de los mejores rebotes, lo que permite una gran precisi\u00f3n en el juego. Las bandas, en la mayor\u00eda de las mesas de billar est\u00e1n realizadas con materiales sint\u00e9ticos o caucho no natural. Las bandas de caucho sint\u00e9tico, obviamente perder\u00e1n su elasticidad con el tiempo y se convertir\u00e1n en lo que se denomina \u00abbandas muertas\u00bb. Las mejores marcas utilizan caucho natural, que garantiza un rebote perfecto y duradero. Obviamente, para obtener una mesa de billar de alta calidad, la <a href=\"https:\/\/www.fusiontables.com\/es\/calidad\/#ar\"><strong>pizarra<\/strong><\/a>, el <a href=\"https:\/\/www.fusiontables.com\/es\/calidad\/#ds\"><strong>pa\u00f1o del billar<\/strong><\/a>, los <a href=\"https:\/\/www.fusiontables.com\/es\/calidad\/#fp\"><strong>bolsillos <\/strong><\/a>y las <strong>redes<\/strong> y <strong>las <a href=\"https:\/\/www.fusiontables.com\/es\/calidad\/#bk\">bandas<\/a><\/strong> tambi\u00e9n deben ser de una calidad excepcional.<\/p><p><strong><a id=\"ds\" name=\"ds\"><\/a>Pa\u00f1os para Mesa de Billar SIMONIS<\/strong><\/p><p><img loading=\"lazy\" decoding=\"async\" class=\" size-full wp-image-281\" src=\"https:\/\/www.fusiontables.com\/wp-content\/uploads\/2018\/05\/simonis-colors2-035.png\" alt=\"simonis colors\" width=\"800\" height=\"853\" data-align=\"center\" data-entity-type=\"file\" data-entity-uuid=\"e8c20a8d-86ed-48ad-a16a-aa9e4a2c981b\" srcset=\"https:\/\/www.fusiontables.com\/wp-content\/uploads\/2018\/05\/simonis-colors2-035.png 800w, https:\/\/www.fusiontables.com\/wp-content\/uploads\/2018\/05\/simonis-colors2-035-281x300.png 281w, https:\/\/www.fusiontables.com\/wp-content\/uploads\/2018\/05\/simonis-colors2-035-768x819.png 768w\" sizes=\"(max-width: 800px) 100vw, 800px\" \/><\/p><p>La mesa Fusion siempre est\u00e1 equipada con un pa\u00f1o <strong><a href=\"https:\/\/iwansimonis.com\/\" target=\"_blank\" rel=\"noopener\">Simonis<\/a><\/strong>, marca mundial y un punto de referencia para este tipo de revestimiento. Estas telas, que contienen al menos un 70% de lana, est\u00e1n cepilladas seg\u00fan los est\u00e1ndares profesionales y garantizan una velocidad \u00f3ptima, un rodar suave, un mantenimiento f\u00e1cil y una larga vida \u00fatil.<\/p><p>El pa\u00f1o de la mesa de billar (la superficie de juego) generalmente est\u00e1 hecho de nailon y lana para mesas de primera calidad y fibras sint\u00e9ticas para los dem\u00e1s. Solo un pa\u00f1o de calidad superior garantizar\u00e1 el movimiento suave y preciso de la bola. Los jugadores experimentados son muy exigentes en cuanto a la calidad de la tela, y las fibras de lana peinada transmiten la velocidad adecuada y la mayor precisi\u00f3n en el juego.<br \/><strong><a href=\"https:\/\/iwansimonis.com\/\" target=\"_blank\" rel=\"noopener\">Simonis<\/a><\/strong> tambi\u00e9n ofrece un pa\u00f1o especial resistente a los l\u00edquidos, que podr\u00eda ser \u00fatil en caso de una \u201ccopa derramada\u201d.<\/p><p>Esta cubierta antimanchas se denomina H2O y est\u00e1 disponible en cuatro colores en el muestrario de Fusiontables.Obviamente, para obtener una mesa de billar de alta calidad, la <a href=\"https:\/\/www.fusiontables.com\/es\/calidad\/#ar\"><strong>pizarra<\/strong><\/a>, el <a href=\"https:\/\/www.fusiontables.com\/es\/calidad\/#ds\"><strong>pa\u00f1o del billar<\/strong><\/a>, los <a href=\"https:\/\/www.fusiontables.com\/es\/calidad\/#fp\"><strong>bolsillos <\/strong><\/a>y las <strong>redes<\/strong> y <strong>las <a href=\"https:\/\/www.fusiontables.com\/es\/calidad\/#bk\">bandas<\/a><\/strong> tambi\u00e9n deben ser de una calidad excepcional.<\/p><p><strong><a id=\"ar\" name=\"ar\"><\/a>PIEDRA en UNA PIEZA<\/strong><\/p><p><img loading=\"lazy\" decoding=\"async\" class=\" size-full wp-image-287\" src=\"https:\/\/www.fusiontables.com\/wp-content\/uploads\/2018\/05\/feature7-8b9.jpg\" alt=\"Slate\" width=\"1140\" height=\"560\" data-align=\"center\" data-entity-type=\"file\" data-entity-uuid=\"deefdcc0-ce45-405d-9441-16e5b2db9331\" srcset=\"https:\/\/www.fusiontables.com\/wp-content\/uploads\/2018\/05\/feature7-8b9.jpg 1140w, https:\/\/www.fusiontables.com\/wp-content\/uploads\/2018\/05\/feature7-8b9-300x147.jpg 300w, https:\/\/www.fusiontables.com\/wp-content\/uploads\/2018\/05\/feature7-8b9-1024x503.jpg 1024w, https:\/\/www.fusiontables.com\/wp-content\/uploads\/2018\/05\/feature7-8b9-768x377.jpg 768w\" sizes=\"(max-width: 1140px) 100vw, 1140px\" \/><\/p><p>La mesa Fusion est\u00e1 equipada con una piedra natural de 19 mm de espesor, que ha sido tapizada en nuestros talleres. Como la pizarra es de una sola pieza, no requiere ning\u00fan ajuste por parte de un profesional \u201ca posteriori\u201d, como es el caso de la pizarra de tres piezas.<\/p><p>\u00a0Actualmente no existe una alternativa v\u00e1lida a la pizarra para jugar al billar. Los sustitutos utilizados por los fabricantes \u00abm\u00e1s baratos\u00bb son de madera compuesta, fibra de vidrio y otros componentes sint\u00e9ticos, pero ninguno de estos son aceptados por los jugadores profesionales, ya que no ofrecen la misma estabilidad, durabilidad y precisi\u00f3n que la pizarra natural.<\/p><p>La pizarra es un producto natural generado durante miles de a\u00f1os de sedimentaci\u00f3n volc\u00e1nica. Despu\u00e9s de la extracci\u00f3n, este material de alta calidad se corta, se calibra y se modifica, lo que implica un gran trabajo. La pizarra est\u00e1ndar est\u00e1 disponible en varios grosores diferentes seg\u00fan el tama\u00f1o de la mesa y el juego seleccionado.<br \/>Obviamente, para obtener una mesa de billar de alta calidad, la <a href=\"https:\/\/www.fusiontables.com\/es\/calidad\/#ar\"><strong>pizarra<\/strong><\/a>, el <a href=\"https:\/\/www.fusiontables.com\/es\/calidad\/#ds\"><strong>pa\u00f1o del billar<\/strong><\/a>, los <a href=\"https:\/\/www.fusiontables.com\/es\/calidad\/#fp\"><strong>bolsillos <\/strong><\/a>y las <strong>redes<\/strong> y <strong>las <a href=\"https:\/\/www.fusiontables.com\/es\/calidad\/#bk\">bandas<\/a><\/strong> tambi\u00e9n deben ser de una calidad excepcional.<\/p>\t\t\t\t\t\t\t\t<\/div>\n\t\t\t\t\t<\/div>\n\t\t\t\t<\/div>\n\t\t\t\t<\/div>\n\t\t","protected":false},"excerpt":{"rendered":"<p>Esta combinaci\u00f3n de tecnolog\u00eda de billar de vanguardia, en la que destacamos aqu\u00ed en Fusiontables, y la belleza de un acabado meticuloso, que, hoy en d\u00eda, s\u00f3lo los artesanos dedicados son capaces de ofrecer, ha producido un dise\u00f1o y una ergonom\u00eda que cada persona sentir\u00e1 como algo excepcional, algo que durar\u00e1 varias generaciones. Componentes de [&hellip;]<\/p>\n","protected":false},"author":2,"featured_media":263,"parent":0,"menu_order":0,"comment_status":"closed","ping_status":"closed","template":"","meta":{"_acf_changed":false,"footnotes":""},"class_list":["post-301","page","type-page","status-publish","has-post-thumbnail","hentry"],"acf":[],"yoast_head":"<!-- This site is optimized with the Yoast SEO plugin v27.6 - https:\/\/yoast.com\/product\/yoast-seo-wordpress\/ -->\n<title>Calidad - Fusion Tables<\/title>\n<meta name=\"robots\" content=\"index, follow, max-snippet:-1, max-image-preview:large, max-video-preview:-1\" \/>\n<link rel=\"canonical\" href=\"https:\/\/www.fusiontables.com\/es\/calidad\/\" \/>\n<meta property=\"og:locale\" content=\"es_ES\" \/>\n<meta property=\"og:type\" content=\"article\" \/>\n<meta property=\"og:title\" content=\"Calidad - Fusion Tables\" \/>\n<meta property=\"og:description\" content=\"Esta combinaci\u00f3n de tecnolog\u00eda de billar de vanguardia, en la que destacamos aqu\u00ed en Fusiontables, y la belleza de un acabado meticuloso, que, hoy en d\u00eda, s\u00f3lo los artesanos dedicados son capaces de ofrecer, ha producido un dise\u00f1o y una ergonom\u00eda que cada persona sentir\u00e1 como algo excepcional, algo que durar\u00e1 varias generaciones. Componentes de [&hellip;]\" \/>\n<meta property=\"og:url\" content=\"https:\/\/www.fusiontables.com\/es\/calidad\/\" \/>\n<meta property=\"og:site_name\" content=\"Fusion Tables\" \/>\n<meta property=\"article:modified_time\" content=\"2025-03-17T12:00:35+00:00\" \/>\n<meta property=\"og:image\" content=\"https:\/\/www.fusiontables.com\/wp-content\/uploads\/2018\/05\/lift1-d0c.jpg\" \/>\n\t<meta property=\"og:image:width\" content=\"1140\" \/>\n\t<meta property=\"og:image:height\" content=\"560\" \/>\n\t<meta property=\"og:image:type\" content=\"image\/jpeg\" \/>\n<meta name=\"twitter:card\" content=\"summary_large_image\" \/>\n<meta name=\"twitter:label1\" content=\"Tiempo de lectura\" \/>\n\t<meta name=\"twitter:data1\" content=\"6 minutos\" \/>\n<script type=\"application\/ld+json\" class=\"yoast-schema-graph\">{\"@context\":\"https:\\\/\\\/schema.org\",\"@graph\":[{\"@type\":\"WebPage\",\"@id\":\"https:\\\/\\\/www.fusiontables.com\\\/es\\\/calidad\\\/\",\"url\":\"https:\\\/\\\/www.fusiontables.com\\\/es\\\/calidad\\\/\",\"name\":\"Calidad - Fusion Tables\",\"isPartOf\":{\"@id\":\"https:\\\/\\\/www.fusiontables.com\\\/es\\\/#website\"},\"primaryImageOfPage\":{\"@id\":\"https:\\\/\\\/www.fusiontables.com\\\/es\\\/calidad\\\/#primaryimage\"},\"image\":{\"@id\":\"https:\\\/\\\/www.fusiontables.com\\\/es\\\/calidad\\\/#primaryimage\"},\"thumbnailUrl\":\"https:\\\/\\\/www.fusiontables.com\\\/wp-content\\\/uploads\\\/2018\\\/05\\\/lift1-d0c.jpg\",\"datePublished\":\"2018-05-30T13:11:08+00:00\",\"dateModified\":\"2025-03-17T12:00:35+00:00\",\"breadcrumb\":{\"@id\":\"https:\\\/\\\/www.fusiontables.com\\\/es\\\/calidad\\\/#breadcrumb\"},\"inLanguage\":\"es\",\"potentialAction\":[{\"@type\":\"ReadAction\",\"target\":[\"https:\\\/\\\/www.fusiontables.com\\\/es\\\/calidad\\\/\"]}]},{\"@type\":\"ImageObject\",\"inLanguage\":\"es\",\"@id\":\"https:\\\/\\\/www.fusiontables.com\\\/es\\\/calidad\\\/#primaryimage\",\"url\":\"https:\\\/\\\/www.fusiontables.com\\\/wp-content\\\/uploads\\\/2018\\\/05\\\/lift1-d0c.jpg\",\"contentUrl\":\"https:\\\/\\\/www.fusiontables.com\\\/wp-content\\\/uploads\\\/2018\\\/05\\\/lift1-d0c.jpg\",\"width\":1140,\"height\":560,\"caption\":\"Lift\"},{\"@type\":\"BreadcrumbList\",\"@id\":\"https:\\\/\\\/www.fusiontables.com\\\/es\\\/calidad\\\/#breadcrumb\",\"itemListElement\":[{\"@type\":\"ListItem\",\"position\":1,\"name\":\"Inicio\",\"item\":\"https:\\\/\\\/www.fusiontables.com\\\/es\\\/\"},{\"@type\":\"ListItem\",\"position\":2,\"name\":\"Calidad\"}]},{\"@type\":\"WebSite\",\"@id\":\"https:\\\/\\\/www.fusiontables.com\\\/es\\\/#website\",\"url\":\"https:\\\/\\\/www.fusiontables.com\\\/es\\\/\",\"name\":\"Fusion Tables\",\"description\":\"\",\"publisher\":{\"@id\":\"https:\\\/\\\/www.fusiontables.com\\\/es\\\/#organization\"},\"potentialAction\":[{\"@type\":\"SearchAction\",\"target\":{\"@type\":\"EntryPoint\",\"urlTemplate\":\"https:\\\/\\\/www.fusiontables.com\\\/es\\\/?s={search_term_string}\"},\"query-input\":{\"@type\":\"PropertyValueSpecification\",\"valueRequired\":true,\"valueName\":\"search_term_string\"}}],\"inLanguage\":\"es\"},{\"@type\":\"Organization\",\"@id\":\"https:\\\/\\\/www.fusiontables.com\\\/es\\\/#organization\",\"name\":\"Fusion Tables\",\"url\":\"https:\\\/\\\/www.fusiontables.com\\\/es\\\/\",\"logo\":{\"@type\":\"ImageObject\",\"inLanguage\":\"es\",\"@id\":\"https:\\\/\\\/www.fusiontables.com\\\/es\\\/#\\\/schema\\\/logo\\\/image\\\/\",\"url\":\"https:\\\/\\\/www.fusiontables.com\\\/wp-content\\\/uploads\\\/2024\\\/11\\\/Fusiontables-Logo.png\",\"contentUrl\":\"https:\\\/\\\/www.fusiontables.com\\\/wp-content\\\/uploads\\\/2024\\\/11\\\/Fusiontables-Logo.png\",\"width\":514,\"height\":119,\"caption\":\"Fusion Tables\"},\"image\":{\"@id\":\"https:\\\/\\\/www.fusiontables.com\\\/es\\\/#\\\/schema\\\/logo\\\/image\\\/\"}}]}<\/script>\n<!-- \/ Yoast SEO plugin. -->","yoast_head_json":{"title":"Calidad - Fusion Tables","robots":{"index":"index","follow":"follow","max-snippet":"max-snippet:-1","max-image-preview":"max-image-preview:large","max-video-preview":"max-video-preview:-1"},"canonical":"https:\/\/www.fusiontables.com\/es\/calidad\/","og_locale":"es_ES","og_type":"article","og_title":"Calidad - Fusion Tables","og_description":"Esta combinaci\u00f3n de tecnolog\u00eda de billar de vanguardia, en la que destacamos aqu\u00ed en Fusiontables, y la belleza de un acabado meticuloso, que, hoy en d\u00eda, s\u00f3lo los artesanos dedicados son capaces de ofrecer, ha producido un dise\u00f1o y una ergonom\u00eda que cada persona sentir\u00e1 como algo excepcional, algo que durar\u00e1 varias generaciones. Componentes de [&hellip;]","og_url":"https:\/\/www.fusiontables.com\/es\/calidad\/","og_site_name":"Fusion Tables","article_modified_time":"2025-03-17T12:00:35+00:00","og_image":[{"width":1140,"height":560,"url":"https:\/\/www.fusiontables.com\/wp-content\/uploads\/2018\/05\/lift1-d0c.jpg","type":"image\/jpeg"}],"twitter_card":"summary_large_image","twitter_misc":{"Tiempo de lectura":"6 minutos"},"schema":{"@context":"https:\/\/schema.org","@graph":[{"@type":"WebPage","@id":"https:\/\/www.fusiontables.com\/es\/calidad\/","url":"https:\/\/www.fusiontables.com\/es\/calidad\/","name":"Calidad - Fusion Tables","isPartOf":{"@id":"https:\/\/www.fusiontables.com\/es\/#website"},"primaryImageOfPage":{"@id":"https:\/\/www.fusiontables.com\/es\/calidad\/#primaryimage"},"image":{"@id":"https:\/\/www.fusiontables.com\/es\/calidad\/#primaryimage"},"thumbnailUrl":"https:\/\/www.fusiontables.com\/wp-content\/uploads\/2018\/05\/lift1-d0c.jpg","datePublished":"2018-05-30T13:11:08+00:00","dateModified":"2025-03-17T12:00:35+00:00","breadcrumb":{"@id":"https:\/\/www.fusiontables.com\/es\/calidad\/#breadcrumb"},"inLanguage":"es","potentialAction":[{"@type":"ReadAction","target":["https:\/\/www.fusiontables.com\/es\/calidad\/"]}]},{"@type":"ImageObject","inLanguage":"es","@id":"https:\/\/www.fusiontables.com\/es\/calidad\/#primaryimage","url":"https:\/\/www.fusiontables.com\/wp-content\/uploads\/2018\/05\/lift1-d0c.jpg","contentUrl":"https:\/\/www.fusiontables.com\/wp-content\/uploads\/2018\/05\/lift1-d0c.jpg","width":1140,"height":560,"caption":"Lift"},{"@type":"BreadcrumbList","@id":"https:\/\/www.fusiontables.com\/es\/calidad\/#breadcrumb","itemListElement":[{"@type":"ListItem","position":1,"name":"Inicio","item":"https:\/\/www.fusiontables.com\/es\/"},{"@type":"ListItem","position":2,"name":"Calidad"}]},{"@type":"WebSite","@id":"https:\/\/www.fusiontables.com\/es\/#website","url":"https:\/\/www.fusiontables.com\/es\/","name":"Fusion Tables","description":"","publisher":{"@id":"https:\/\/www.fusiontables.com\/es\/#organization"},"potentialAction":[{"@type":"SearchAction","target":{"@type":"EntryPoint","urlTemplate":"https:\/\/www.fusiontables.com\/es\/?s={search_term_string}"},"query-input":{"@type":"PropertyValueSpecification","valueRequired":true,"valueName":"search_term_string"}}],"inLanguage":"es"},{"@type":"Organization","@id":"https:\/\/www.fusiontables.com\/es\/#organization","name":"Fusion Tables","url":"https:\/\/www.fusiontables.com\/es\/","logo":{"@type":"ImageObject","inLanguage":"es","@id":"https:\/\/www.fusiontables.com\/es\/#\/schema\/logo\/image\/","url":"https:\/\/www.fusiontables.com\/wp-content\/uploads\/2024\/11\/Fusiontables-Logo.png","contentUrl":"https:\/\/www.fusiontables.com\/wp-content\/uploads\/2024\/11\/Fusiontables-Logo.png","width":514,"height":119,"caption":"Fusion Tables"},"image":{"@id":"https:\/\/www.fusiontables.com\/es\/#\/schema\/logo\/image\/"}}]}},"_links":{"self":[{"href":"https:\/\/www.fusiontables.com\/es\/wp-json\/wp\/v2\/pages\/301","targetHints":{"allow":["GET"]}}],"collection":[{"href":"https:\/\/www.fusiontables.com\/es\/wp-json\/wp\/v2\/pages"}],"about":[{"href":"https:\/\/www.fusiontables.com\/es\/wp-json\/wp\/v2\/types\/page"}],"author":[{"embeddable":true,"href":"https:\/\/www.fusiontables.com\/es\/wp-json\/wp\/v2\/users\/2"}],"replies":[{"embeddable":true,"href":"https:\/\/www.fusiontables.com\/es\/wp-json\/wp\/v2\/comments?post=301"}],"version-history":[{"count":10,"href":"https:\/\/www.fusiontables.com\/es\/wp-json\/wp\/v2\/pages\/301\/revisions"}],"predecessor-version":[{"id":4684,"href":"https:\/\/www.fusiontables.com\/es\/wp-json\/wp\/v2\/pages\/301\/revisions\/4684"}],"wp:featuredmedia":[{"embeddable":true,"href":"https:\/\/www.fusiontables.com\/es\/wp-json\/wp\/v2\/media\/263"}],"wp:attachment":[{"href":"https:\/\/www.fusiontables.com\/es\/wp-json\/wp\/v2\/media?parent=301"}],"curies":[{"name":"wp","href":"https:\/\/api.w.org\/{rel}","templated":true}]}}