{"id":393,"date":"2019-04-05T15:24:42","date_gmt":"2019-04-05T13:24:42","guid":{"rendered":"https:\/\/www.fusiontables.com\/acabados\/"},"modified":"2025-02-11T09:55:13","modified_gmt":"2025-02-11T08:55:13","slug":"acabados","status":"publish","type":"page","link":"https:\/\/www.fusiontables.com\/es\/acabados\/","title":{"rendered":"ACABADOS"},"content":{"rendered":"<p>Para cautivar a los dise\u00f1adores y usuarios m\u00e1s exigentes, Fusiontables solo selecciona acabados que cumplan con los m\u00e1s altos est\u00e1ndares de calidad en la industria europea del mueble.<\/p>\n<p>Las chapas de <strong><a href=\"https:\/\/www.fusiontables.com\/es\/acabados-en-madera\/\">madera<\/a><\/strong>, barnices, pinturas, <strong><a href=\"https:\/\/www.fusiontables.com\/es\/rock-reverso\/\">cer\u00e1micas<\/a><\/strong> y <strong><a href=\"https:\/\/www.fusiontables.com\/es\/acabados-metalicos\/\">metales<\/a><\/strong>, se verifican en todas las etapas del proceso de fabricaci\u00f3n, hasta el embalaje final. Este control constante en los detalles significa que nuestras <strong><a href=\"https:\/\/www.fusiontables.com\/es\/mesas-fusion\/\">mesas de billar transformables<\/a><\/strong>\u00a0y <a href=\"https:\/\/www.fusiontables.com\/es\/bancos-y-taburetes\/\"><strong>nuestros bancos y taburetes<\/strong><\/a> durar\u00e1n mucho tiempo despu\u00e9s de adquirirlos y llamar\u00e1n la atenci\u00f3n durante a\u00f1os.<br \/>\n<img fetchpriority=\"high\" decoding=\"async\" class=\" size-full wp-image-384\" src=\"https:\/\/www.fusiontables.com\/wp-content\/uploads\/2019\/04\/finition-table-45f.jpg\" alt=\"finition table\" width=\"1200\" height=\"494\" data-align=\"center\" data-entity-type=\"file\" data-entity-uuid=\"306decb7-71d7-4f85-a5ef-7f150db28f69\" srcset=\"https:\/\/www.fusiontables.com\/wp-content\/uploads\/2019\/04\/finition-table-45f.jpg 1200w, https:\/\/www.fusiontables.com\/wp-content\/uploads\/2019\/04\/finition-table-45f-300x124.jpg 300w, https:\/\/www.fusiontables.com\/wp-content\/uploads\/2019\/04\/finition-table-45f-1024x422.jpg 1024w, https:\/\/www.fusiontables.com\/wp-content\/uploads\/2019\/04\/finition-table-45f-768x316.jpg 768w\" sizes=\"(max-width: 1200px) 100vw, 1200px\" \/><\/p>\n","protected":false},"excerpt":{"rendered":"<p>Para cautivar a los dise\u00f1adores y usuarios m\u00e1s exigentes, Fusiontables solo selecciona acabados que cumplan con los m\u00e1s altos est\u00e1ndares de calidad en la industria europea del mueble. Las chapas de madera, barnices, pinturas, cer\u00e1micas y metales, se verifican en todas las etapas del proceso de fabricaci\u00f3n, hasta el embalaje final. Este control constante en [&hellip;]<\/p>\n","protected":false},"author":1,"featured_media":384,"parent":0,"menu_order":0,"comment_status":"closed","ping_status":"closed","template":"","meta":{"_acf_changed":false,"footnotes":""},"class_list":["post-393","page","type-page","status-publish","has-post-thumbnail","hentry"],"acf":[],"yoast_head":"<!-- This site is optimized with the Yoast SEO plugin v27.4 - https:\/\/yoast.com\/product\/yoast-seo-wordpress\/ -->\n<title>ACABADOS - Fusion Tables<\/title>\n<meta name=\"robots\" content=\"index, follow, max-snippet:-1, max-image-preview:large, max-video-preview:-1\" \/>\n<link rel=\"canonical\" href=\"https:\/\/www.fusiontables.com\/es\/acabados\/\" \/>\n<meta property=\"og:locale\" content=\"es_ES\" \/>\n<meta property=\"og:type\" content=\"article\" \/>\n<meta property=\"og:title\" content=\"ACABADOS - Fusion Tables\" \/>\n<meta property=\"og:description\" content=\"Para cautivar a los dise\u00f1adores y usuarios m\u00e1s exigentes, Fusiontables solo selecciona acabados que cumplan con los m\u00e1s altos est\u00e1ndares de calidad en la industria europea del mueble. Las chapas de madera, barnices, pinturas, cer\u00e1micas y metales, se verifican en todas las etapas del proceso de fabricaci\u00f3n, hasta el embalaje final. Este control constante en [&hellip;]\" \/>\n<meta property=\"og:url\" content=\"https:\/\/www.fusiontables.com\/es\/acabados\/\" \/>\n<meta property=\"og:site_name\" content=\"Fusion Tables\" \/>\n<meta property=\"article:modified_time\" content=\"2025-02-11T08:55:13+00:00\" \/>\n<meta property=\"og:image\" content=\"https:\/\/www.fusiontables.com\/wp-content\/uploads\/2019\/04\/finition-table-45f.jpg\" \/>\n\t<meta property=\"og:image:width\" content=\"1200\" \/>\n\t<meta property=\"og:image:height\" content=\"494\" \/>\n\t<meta property=\"og:image:type\" content=\"image\/jpeg\" \/>\n<meta name=\"twitter:card\" content=\"summary_large_image\" \/>\n<meta name=\"twitter:label1\" content=\"Tiempo de lectura\" \/>\n\t<meta name=\"twitter:data1\" content=\"1 minuto\" \/>\n<script type=\"application\/ld+json\" class=\"yoast-schema-graph\">{\"@context\":\"https:\\\/\\\/schema.org\",\"@graph\":[{\"@type\":\"WebPage\",\"@id\":\"https:\\\/\\\/www.fusiontables.com\\\/es\\\/acabados\\\/\",\"url\":\"https:\\\/\\\/www.fusiontables.com\\\/es\\\/acabados\\\/\",\"name\":\"ACABADOS - Fusion Tables\",\"isPartOf\":{\"@id\":\"https:\\\/\\\/www.fusiontables.com\\\/es\\\/#website\"},\"primaryImageOfPage\":{\"@id\":\"https:\\\/\\\/www.fusiontables.com\\\/es\\\/acabados\\\/#primaryimage\"},\"image\":{\"@id\":\"https:\\\/\\\/www.fusiontables.com\\\/es\\\/acabados\\\/#primaryimage\"},\"thumbnailUrl\":\"https:\\\/\\\/www.fusiontables.com\\\/wp-content\\\/uploads\\\/2019\\\/04\\\/finition-table-45f.jpg\",\"datePublished\":\"2019-04-05T13:24:42+00:00\",\"dateModified\":\"2025-02-11T08:55:13+00:00\",\"breadcrumb\":{\"@id\":\"https:\\\/\\\/www.fusiontables.com\\\/es\\\/acabados\\\/#breadcrumb\"},\"inLanguage\":\"es\",\"potentialAction\":[{\"@type\":\"ReadAction\",\"target\":[\"https:\\\/\\\/www.fusiontables.com\\\/es\\\/acabados\\\/\"]}]},{\"@type\":\"ImageObject\",\"inLanguage\":\"es\",\"@id\":\"https:\\\/\\\/www.fusiontables.com\\\/es\\\/acabados\\\/#primaryimage\",\"url\":\"https:\\\/\\\/www.fusiontables.com\\\/wp-content\\\/uploads\\\/2019\\\/04\\\/finition-table-45f.jpg\",\"contentUrl\":\"https:\\\/\\\/www.fusiontables.com\\\/wp-content\\\/uploads\\\/2019\\\/04\\\/finition-table-45f.jpg\",\"width\":1200,\"height\":494,\"caption\":\"finition table\"},{\"@type\":\"BreadcrumbList\",\"@id\":\"https:\\\/\\\/www.fusiontables.com\\\/es\\\/acabados\\\/#breadcrumb\",\"itemListElement\":[{\"@type\":\"ListItem\",\"position\":1,\"name\":\"Inicio\",\"item\":\"https:\\\/\\\/www.fusiontables.com\\\/es\\\/\"},{\"@type\":\"ListItem\",\"position\":2,\"name\":\"ACABADOS\"}]},{\"@type\":\"WebSite\",\"@id\":\"https:\\\/\\\/www.fusiontables.com\\\/es\\\/#website\",\"url\":\"https:\\\/\\\/www.fusiontables.com\\\/es\\\/\",\"name\":\"Fusion Tables\",\"description\":\"\",\"publisher\":{\"@id\":\"https:\\\/\\\/www.fusiontables.com\\\/es\\\/#organization\"},\"potentialAction\":[{\"@type\":\"SearchAction\",\"target\":{\"@type\":\"EntryPoint\",\"urlTemplate\":\"https:\\\/\\\/www.fusiontables.com\\\/es\\\/?s={search_term_string}\"},\"query-input\":{\"@type\":\"PropertyValueSpecification\",\"valueRequired\":true,\"valueName\":\"search_term_string\"}}],\"inLanguage\":\"es\"},{\"@type\":\"Organization\",\"@id\":\"https:\\\/\\\/www.fusiontables.com\\\/es\\\/#organization\",\"name\":\"Fusion Tables\",\"url\":\"https:\\\/\\\/www.fusiontables.com\\\/es\\\/\",\"logo\":{\"@type\":\"ImageObject\",\"inLanguage\":\"es\",\"@id\":\"https:\\\/\\\/www.fusiontables.com\\\/es\\\/#\\\/schema\\\/logo\\\/image\\\/\",\"url\":\"https:\\\/\\\/www.fusiontables.com\\\/wp-content\\\/uploads\\\/2024\\\/11\\\/Fusiontables-Logo.png\",\"contentUrl\":\"https:\\\/\\\/www.fusiontables.com\\\/wp-content\\\/uploads\\\/2024\\\/11\\\/Fusiontables-Logo.png\",\"width\":514,\"height\":119,\"caption\":\"Fusion Tables\"},\"image\":{\"@id\":\"https:\\\/\\\/www.fusiontables.com\\\/es\\\/#\\\/schema\\\/logo\\\/image\\\/\"}}]}<\/script>\n<!-- \/ Yoast SEO plugin. -->","yoast_head_json":{"title":"ACABADOS - Fusion Tables","robots":{"index":"index","follow":"follow","max-snippet":"max-snippet:-1","max-image-preview":"max-image-preview:large","max-video-preview":"max-video-preview:-1"},"canonical":"https:\/\/www.fusiontables.com\/es\/acabados\/","og_locale":"es_ES","og_type":"article","og_title":"ACABADOS - Fusion Tables","og_description":"Para cautivar a los dise\u00f1adores y usuarios m\u00e1s exigentes, Fusiontables solo selecciona acabados que cumplan con los m\u00e1s altos est\u00e1ndares de calidad en la industria europea del mueble. Las chapas de madera, barnices, pinturas, cer\u00e1micas y metales, se verifican en todas las etapas del proceso de fabricaci\u00f3n, hasta el embalaje final. Este control constante en [&hellip;]","og_url":"https:\/\/www.fusiontables.com\/es\/acabados\/","og_site_name":"Fusion Tables","article_modified_time":"2025-02-11T08:55:13+00:00","og_image":[{"width":1200,"height":494,"url":"https:\/\/www.fusiontables.com\/wp-content\/uploads\/2019\/04\/finition-table-45f.jpg","type":"image\/jpeg"}],"twitter_card":"summary_large_image","twitter_misc":{"Tiempo de lectura":"1 minuto"},"schema":{"@context":"https:\/\/schema.org","@graph":[{"@type":"WebPage","@id":"https:\/\/www.fusiontables.com\/es\/acabados\/","url":"https:\/\/www.fusiontables.com\/es\/acabados\/","name":"ACABADOS - Fusion Tables","isPartOf":{"@id":"https:\/\/www.fusiontables.com\/es\/#website"},"primaryImageOfPage":{"@id":"https:\/\/www.fusiontables.com\/es\/acabados\/#primaryimage"},"image":{"@id":"https:\/\/www.fusiontables.com\/es\/acabados\/#primaryimage"},"thumbnailUrl":"https:\/\/www.fusiontables.com\/wp-content\/uploads\/2019\/04\/finition-table-45f.jpg","datePublished":"2019-04-05T13:24:42+00:00","dateModified":"2025-02-11T08:55:13+00:00","breadcrumb":{"@id":"https:\/\/www.fusiontables.com\/es\/acabados\/#breadcrumb"},"inLanguage":"es","potentialAction":[{"@type":"ReadAction","target":["https:\/\/www.fusiontables.com\/es\/acabados\/"]}]},{"@type":"ImageObject","inLanguage":"es","@id":"https:\/\/www.fusiontables.com\/es\/acabados\/#primaryimage","url":"https:\/\/www.fusiontables.com\/wp-content\/uploads\/2019\/04\/finition-table-45f.jpg","contentUrl":"https:\/\/www.fusiontables.com\/wp-content\/uploads\/2019\/04\/finition-table-45f.jpg","width":1200,"height":494,"caption":"finition table"},{"@type":"BreadcrumbList","@id":"https:\/\/www.fusiontables.com\/es\/acabados\/#breadcrumb","itemListElement":[{"@type":"ListItem","position":1,"name":"Inicio","item":"https:\/\/www.fusiontables.com\/es\/"},{"@type":"ListItem","position":2,"name":"ACABADOS"}]},{"@type":"WebSite","@id":"https:\/\/www.fusiontables.com\/es\/#website","url":"https:\/\/www.fusiontables.com\/es\/","name":"Fusion Tables","description":"","publisher":{"@id":"https:\/\/www.fusiontables.com\/es\/#organization"},"potentialAction":[{"@type":"SearchAction","target":{"@type":"EntryPoint","urlTemplate":"https:\/\/www.fusiontables.com\/es\/?s={search_term_string}"},"query-input":{"@type":"PropertyValueSpecification","valueRequired":true,"valueName":"search_term_string"}}],"inLanguage":"es"},{"@type":"Organization","@id":"https:\/\/www.fusiontables.com\/es\/#organization","name":"Fusion Tables","url":"https:\/\/www.fusiontables.com\/es\/","logo":{"@type":"ImageObject","inLanguage":"es","@id":"https:\/\/www.fusiontables.com\/es\/#\/schema\/logo\/image\/","url":"https:\/\/www.fusiontables.com\/wp-content\/uploads\/2024\/11\/Fusiontables-Logo.png","contentUrl":"https:\/\/www.fusiontables.com\/wp-content\/uploads\/2024\/11\/Fusiontables-Logo.png","width":514,"height":119,"caption":"Fusion Tables"},"image":{"@id":"https:\/\/www.fusiontables.com\/es\/#\/schema\/logo\/image\/"}}]}},"_links":{"self":[{"href":"https:\/\/www.fusiontables.com\/es\/wp-json\/wp\/v2\/pages\/393","targetHints":{"allow":["GET"]}}],"collection":[{"href":"https:\/\/www.fusiontables.com\/es\/wp-json\/wp\/v2\/pages"}],"about":[{"href":"https:\/\/www.fusiontables.com\/es\/wp-json\/wp\/v2\/types\/page"}],"author":[{"embeddable":true,"href":"https:\/\/www.fusiontables.com\/es\/wp-json\/wp\/v2\/users\/1"}],"replies":[{"embeddable":true,"href":"https:\/\/www.fusiontables.com\/es\/wp-json\/wp\/v2\/comments?post=393"}],"version-history":[{"count":2,"href":"https:\/\/www.fusiontables.com\/es\/wp-json\/wp\/v2\/pages\/393\/revisions"}],"predecessor-version":[{"id":4093,"href":"https:\/\/www.fusiontables.com\/es\/wp-json\/wp\/v2\/pages\/393\/revisions\/4093"}],"wp:featuredmedia":[{"embeddable":true,"href":"https:\/\/www.fusiontables.com\/es\/wp-json\/wp\/v2\/media\/384"}],"wp:attachment":[{"href":"https:\/\/www.fusiontables.com\/es\/wp-json\/wp\/v2\/media?parent=393"}],"curies":[{"name":"wp","href":"https:\/\/api.w.org\/{rel}","templated":true}]}}