{"id":440,"date":"2019-04-05T15:33:08","date_gmt":"2019-04-05T13:33:08","guid":{"rendered":"https:\/\/www.fusiontables.com\/coleccion-wood-line\/"},"modified":"2024-11-08T15:11:47","modified_gmt":"2024-11-08T14:11:47","slug":"coleccion-wood-line","status":"publish","type":"page","link":"https:\/\/www.fusiontables.com\/es\/coleccion-wood-line\/","title":{"rendered":"Colecci\u00f3n Wood Line"},"content":{"rendered":"<p>Unificar el toque natural y el dise\u00f1o a medida, \u00bfun desaf\u00edo loco? La elegante y minimalista mesa Fusion, creada con materiales naturales, cumple con este desaf\u00edo al 100%.<\/p>\n<p>Su sensaci\u00f3n aut\u00e9ntica y atemporal, le da a su interior un toque original como corresponde a la marca Fusiontables. Para los amantes de la naturaleza y los materiales nobles, la colecci\u00f3n Woodline de nogal o roble se integrar\u00e1 a la perfecci\u00f3n en su entorno al combinar esta mesa de billar de dise\u00f1o con los modernos <strong>asientos <\/strong>de la misma colecci\u00f3n.<\/p>\n<p><img fetchpriority=\"high\" decoding=\"async\" class=\" size-full wp-image-414\" alt=\"wood\" data-align=\"center\" data-entity-type=\"file\" data-entity-uuid=\"bdbe2eac-f3a9-465c-be9b-c53498bb27bb\" src=\"https:\/\/www.fusiontables.com\/wp-content\/uploads\/2019\/04\/wood2021-e77.png\" width=\"1200\" height=\"729\" srcset=\"https:\/\/www.fusiontables.com\/wp-content\/uploads\/2019\/04\/wood2021-e77.png 1200w, https:\/\/www.fusiontables.com\/wp-content\/uploads\/2019\/04\/wood2021-e77-300x182.png 300w, https:\/\/www.fusiontables.com\/wp-content\/uploads\/2019\/04\/wood2021-e77-1024x622.png 1024w, https:\/\/www.fusiontables.com\/wp-content\/uploads\/2019\/04\/wood2021-e77-768x467.png 768w\" sizes=\"(max-width: 1200px) 100vw, 1200px\" \/><\/p>\n<p>\nLa mesa Fusiontables tambi\u00e9n tiene un <a href=\"https:\/\/www.fusiontables.com\/es\/calidad\/#el\"><strong>revolucionario sistema Easy Lift<\/strong><\/a> para que pueda pasar de la altura convencional de una mesa de comedor tradicional (75 cms) a la altura perfecta para jugar al billar (82,5 cms).<\/p>\n<p>Nuestras mesas est\u00e1n equipadas con los mejores <a href=\"https:\/\/www.fusiontables.com\/es\/calidad\/\"><strong>componentes profesionales para billar<\/strong><\/a>, con el <strong><a href=\"https:\/\/www.fusiontables.com\/es\/calidad\/#ds\">pa\u00f1o de competici\u00f3n Iwan Simonis<\/a> <\/strong>(disponible en 25 colores diferentes) y <a href=\"https:\/\/www.fusiontables.com\/es\/calidad\/#bk\"><strong>bandas de caucho natural<\/strong><\/a> para una larga vida \u00fatil.<\/p>\n<p>Hemos &nbsp;introducido una soluci\u00f3n innovadora en los <a href=\"https:\/\/www.fusiontables.com\/es\/calidad\/#fp\"><strong>bolsillos de la mesa de billar<\/strong><\/a>, para que todo el <a href=\"https:\/\/www.fusiontables.com\/es\/accesorios-de-billar\/\"><strong>equipamiento de billar<\/strong><\/a> pueda almacenarse discretamente en el seno de la mesa Fusiontables. La tecnolog\u00eda textil Stretch Nylon permite que el bolsillo se estire cuando las bolas caen dentro, pero luego recuperan su forma inicial tan pronto como las bolas se retiran.<\/p>\n<p>Este modelo WoodLine est\u00e1 disponible en <a href=\"https:\/\/www.fusiontables.com\/es\/acabados-en-madera\/\"><strong>4 tipos de madera<\/strong><\/a> y se guiar\u00e1 por el esp\u00edritu de su hogar y el car\u00e1cter de quienes lo habitan. Capturar lo \u00abreal\u00bb, dominar lo natural y jugar con la madera es lo que llev\u00f3 a la colecci\u00f3n WoodLine. Elegir la mesa WoodLine significa optar por el disfrute y compartir, en un espacio Zen.<br \/>\n&nbsp;<\/p>\n<p><img decoding=\"async\" class=\" size-full wp-image-434\" alt=\"dim wood\" data-align=\"center\" data-entity-type=\"file\" data-entity-uuid=\"58a3a690-5a4f-487e-aa07-45e7a2a46502\" src=\"https:\/\/www.fusiontables.com\/wp-content\/uploads\/2019\/04\/dim-wood_3-4b7.png\" width=\"1445\" height=\"388\" srcset=\"https:\/\/www.fusiontables.com\/wp-content\/uploads\/2019\/04\/dim-wood_3-4b7.png 1445w, https:\/\/www.fusiontables.com\/wp-content\/uploads\/2019\/04\/dim-wood_3-4b7-300x81.png 300w, https:\/\/www.fusiontables.com\/wp-content\/uploads\/2019\/04\/dim-wood_3-4b7-1024x275.png 1024w, https:\/\/www.fusiontables.com\/wp-content\/uploads\/2019\/04\/dim-wood_3-4b7-768x206.png 768w\" sizes=\"(max-width: 1445px) 100vw, 1445px\" \/><\/p>\n<p>&nbsp;<\/p>\n<p><script defer type=\"text\/javascript\" src=\"https:\/\/viewer.sayduck.com\"><\/script><\/p>\n","protected":false},"excerpt":{"rendered":"<p>Unificar el toque natural y el dise\u00f1o a medida, \u00bfun desaf\u00edo loco? La elegante y minimalista mesa Fusion, creada con materiales naturales, cumple con este desaf\u00edo al 100%. Su sensaci\u00f3n aut\u00e9ntica y atemporal, le da a su interior un toque original como corresponde a la marca Fusiontables. Para los amantes de la naturaleza y los [&hellip;]<\/p>\n","protected":false},"author":1,"featured_media":414,"parent":0,"menu_order":0,"comment_status":"closed","ping_status":"closed","template":"","meta":{"_acf_changed":false,"footnotes":""},"class_list":["post-440","page","type-page","status-publish","has-post-thumbnail","hentry"],"acf":[],"yoast_head":"<!-- This site is optimized with the Yoast SEO plugin v27.4 - https:\/\/yoast.com\/product\/yoast-seo-wordpress\/ -->\n<title>Colecci\u00f3n Wood Line - Fusion Tables<\/title>\n<meta name=\"robots\" content=\"index, follow, max-snippet:-1, max-image-preview:large, max-video-preview:-1\" \/>\n<link rel=\"canonical\" href=\"https:\/\/www.fusiontables.com\/es\/coleccion-wood-line\/\" \/>\n<meta property=\"og:locale\" content=\"es_ES\" \/>\n<meta property=\"og:type\" content=\"article\" \/>\n<meta property=\"og:title\" content=\"Colecci\u00f3n Wood Line - Fusion Tables\" \/>\n<meta property=\"og:description\" content=\"Unificar el toque natural y el dise\u00f1o a medida, \u00bfun desaf\u00edo loco? La elegante y minimalista mesa Fusion, creada con materiales naturales, cumple con este desaf\u00edo al 100%. Su sensaci\u00f3n aut\u00e9ntica y atemporal, le da a su interior un toque original como corresponde a la marca Fusiontables. Para los amantes de la naturaleza y los [&hellip;]\" \/>\n<meta property=\"og:url\" content=\"https:\/\/www.fusiontables.com\/es\/coleccion-wood-line\/\" \/>\n<meta property=\"og:site_name\" content=\"Fusion Tables\" \/>\n<meta property=\"article:modified_time\" content=\"2024-11-08T14:11:47+00:00\" \/>\n<meta property=\"og:image\" content=\"https:\/\/www.fusiontables.com\/wp-content\/uploads\/2019\/04\/wood2021-e77.png\" \/>\n\t<meta property=\"og:image:width\" content=\"1200\" \/>\n\t<meta property=\"og:image:height\" content=\"729\" \/>\n\t<meta property=\"og:image:type\" content=\"image\/png\" \/>\n<meta name=\"twitter:card\" content=\"summary_large_image\" \/>\n<meta name=\"twitter:label1\" content=\"Tiempo de lectura\" \/>\n\t<meta name=\"twitter:data1\" content=\"1 minuto\" \/>\n<script type=\"application\/ld+json\" class=\"yoast-schema-graph\">{\"@context\":\"https:\\\/\\\/schema.org\",\"@graph\":[{\"@type\":\"WebPage\",\"@id\":\"https:\\\/\\\/www.fusiontables.com\\\/es\\\/coleccion-wood-line\\\/\",\"url\":\"https:\\\/\\\/www.fusiontables.com\\\/es\\\/coleccion-wood-line\\\/\",\"name\":\"Colecci\u00f3n Wood Line - Fusion Tables\",\"isPartOf\":{\"@id\":\"https:\\\/\\\/www.fusiontables.com\\\/es\\\/#website\"},\"primaryImageOfPage\":{\"@id\":\"https:\\\/\\\/www.fusiontables.com\\\/es\\\/coleccion-wood-line\\\/#primaryimage\"},\"image\":{\"@id\":\"https:\\\/\\\/www.fusiontables.com\\\/es\\\/coleccion-wood-line\\\/#primaryimage\"},\"thumbnailUrl\":\"https:\\\/\\\/www.fusiontables.com\\\/wp-content\\\/uploads\\\/2019\\\/04\\\/wood2021-e77.png\",\"datePublished\":\"2019-04-05T13:33:08+00:00\",\"dateModified\":\"2024-11-08T14:11:47+00:00\",\"breadcrumb\":{\"@id\":\"https:\\\/\\\/www.fusiontables.com\\\/es\\\/coleccion-wood-line\\\/#breadcrumb\"},\"inLanguage\":\"es\",\"potentialAction\":[{\"@type\":\"ReadAction\",\"target\":[\"https:\\\/\\\/www.fusiontables.com\\\/es\\\/coleccion-wood-line\\\/\"]}]},{\"@type\":\"ImageObject\",\"inLanguage\":\"es\",\"@id\":\"https:\\\/\\\/www.fusiontables.com\\\/es\\\/coleccion-wood-line\\\/#primaryimage\",\"url\":\"https:\\\/\\\/www.fusiontables.com\\\/wp-content\\\/uploads\\\/2019\\\/04\\\/wood2021-e77.png\",\"contentUrl\":\"https:\\\/\\\/www.fusiontables.com\\\/wp-content\\\/uploads\\\/2019\\\/04\\\/wood2021-e77.png\",\"width\":1200,\"height\":729,\"caption\":\"wood\"},{\"@type\":\"BreadcrumbList\",\"@id\":\"https:\\\/\\\/www.fusiontables.com\\\/es\\\/coleccion-wood-line\\\/#breadcrumb\",\"itemListElement\":[{\"@type\":\"ListItem\",\"position\":1,\"name\":\"Inicio\",\"item\":\"https:\\\/\\\/www.fusiontables.com\\\/es\\\/\"},{\"@type\":\"ListItem\",\"position\":2,\"name\":\"Colecci\u00f3n Wood Line\"}]},{\"@type\":\"WebSite\",\"@id\":\"https:\\\/\\\/www.fusiontables.com\\\/es\\\/#website\",\"url\":\"https:\\\/\\\/www.fusiontables.com\\\/es\\\/\",\"name\":\"Fusion Tables\",\"description\":\"\",\"publisher\":{\"@id\":\"https:\\\/\\\/www.fusiontables.com\\\/es\\\/#organization\"},\"potentialAction\":[{\"@type\":\"SearchAction\",\"target\":{\"@type\":\"EntryPoint\",\"urlTemplate\":\"https:\\\/\\\/www.fusiontables.com\\\/es\\\/?s={search_term_string}\"},\"query-input\":{\"@type\":\"PropertyValueSpecification\",\"valueRequired\":true,\"valueName\":\"search_term_string\"}}],\"inLanguage\":\"es\"},{\"@type\":\"Organization\",\"@id\":\"https:\\\/\\\/www.fusiontables.com\\\/es\\\/#organization\",\"name\":\"Fusion Tables\",\"url\":\"https:\\\/\\\/www.fusiontables.com\\\/es\\\/\",\"logo\":{\"@type\":\"ImageObject\",\"inLanguage\":\"es\",\"@id\":\"https:\\\/\\\/www.fusiontables.com\\\/es\\\/#\\\/schema\\\/logo\\\/image\\\/\",\"url\":\"https:\\\/\\\/www.fusiontables.com\\\/wp-content\\\/uploads\\\/2024\\\/11\\\/Fusiontables-Logo.png\",\"contentUrl\":\"https:\\\/\\\/www.fusiontables.com\\\/wp-content\\\/uploads\\\/2024\\\/11\\\/Fusiontables-Logo.png\",\"width\":514,\"height\":119,\"caption\":\"Fusion Tables\"},\"image\":{\"@id\":\"https:\\\/\\\/www.fusiontables.com\\\/es\\\/#\\\/schema\\\/logo\\\/image\\\/\"}}]}<\/script>\n<!-- \/ Yoast SEO plugin. -->","yoast_head_json":{"title":"Colecci\u00f3n Wood Line - Fusion Tables","robots":{"index":"index","follow":"follow","max-snippet":"max-snippet:-1","max-image-preview":"max-image-preview:large","max-video-preview":"max-video-preview:-1"},"canonical":"https:\/\/www.fusiontables.com\/es\/coleccion-wood-line\/","og_locale":"es_ES","og_type":"article","og_title":"Colecci\u00f3n Wood Line - Fusion Tables","og_description":"Unificar el toque natural y el dise\u00f1o a medida, \u00bfun desaf\u00edo loco? La elegante y minimalista mesa Fusion, creada con materiales naturales, cumple con este desaf\u00edo al 100%. Su sensaci\u00f3n aut\u00e9ntica y atemporal, le da a su interior un toque original como corresponde a la marca Fusiontables. Para los amantes de la naturaleza y los [&hellip;]","og_url":"https:\/\/www.fusiontables.com\/es\/coleccion-wood-line\/","og_site_name":"Fusion Tables","article_modified_time":"2024-11-08T14:11:47+00:00","og_image":[{"width":1200,"height":729,"url":"https:\/\/www.fusiontables.com\/wp-content\/uploads\/2019\/04\/wood2021-e77.png","type":"image\/png"}],"twitter_card":"summary_large_image","twitter_misc":{"Tiempo de lectura":"1 minuto"},"schema":{"@context":"https:\/\/schema.org","@graph":[{"@type":"WebPage","@id":"https:\/\/www.fusiontables.com\/es\/coleccion-wood-line\/","url":"https:\/\/www.fusiontables.com\/es\/coleccion-wood-line\/","name":"Colecci\u00f3n Wood Line - Fusion Tables","isPartOf":{"@id":"https:\/\/www.fusiontables.com\/es\/#website"},"primaryImageOfPage":{"@id":"https:\/\/www.fusiontables.com\/es\/coleccion-wood-line\/#primaryimage"},"image":{"@id":"https:\/\/www.fusiontables.com\/es\/coleccion-wood-line\/#primaryimage"},"thumbnailUrl":"https:\/\/www.fusiontables.com\/wp-content\/uploads\/2019\/04\/wood2021-e77.png","datePublished":"2019-04-05T13:33:08+00:00","dateModified":"2024-11-08T14:11:47+00:00","breadcrumb":{"@id":"https:\/\/www.fusiontables.com\/es\/coleccion-wood-line\/#breadcrumb"},"inLanguage":"es","potentialAction":[{"@type":"ReadAction","target":["https:\/\/www.fusiontables.com\/es\/coleccion-wood-line\/"]}]},{"@type":"ImageObject","inLanguage":"es","@id":"https:\/\/www.fusiontables.com\/es\/coleccion-wood-line\/#primaryimage","url":"https:\/\/www.fusiontables.com\/wp-content\/uploads\/2019\/04\/wood2021-e77.png","contentUrl":"https:\/\/www.fusiontables.com\/wp-content\/uploads\/2019\/04\/wood2021-e77.png","width":1200,"height":729,"caption":"wood"},{"@type":"BreadcrumbList","@id":"https:\/\/www.fusiontables.com\/es\/coleccion-wood-line\/#breadcrumb","itemListElement":[{"@type":"ListItem","position":1,"name":"Inicio","item":"https:\/\/www.fusiontables.com\/es\/"},{"@type":"ListItem","position":2,"name":"Colecci\u00f3n Wood Line"}]},{"@type":"WebSite","@id":"https:\/\/www.fusiontables.com\/es\/#website","url":"https:\/\/www.fusiontables.com\/es\/","name":"Fusion Tables","description":"","publisher":{"@id":"https:\/\/www.fusiontables.com\/es\/#organization"},"potentialAction":[{"@type":"SearchAction","target":{"@type":"EntryPoint","urlTemplate":"https:\/\/www.fusiontables.com\/es\/?s={search_term_string}"},"query-input":{"@type":"PropertyValueSpecification","valueRequired":true,"valueName":"search_term_string"}}],"inLanguage":"es"},{"@type":"Organization","@id":"https:\/\/www.fusiontables.com\/es\/#organization","name":"Fusion Tables","url":"https:\/\/www.fusiontables.com\/es\/","logo":{"@type":"ImageObject","inLanguage":"es","@id":"https:\/\/www.fusiontables.com\/es\/#\/schema\/logo\/image\/","url":"https:\/\/www.fusiontables.com\/wp-content\/uploads\/2024\/11\/Fusiontables-Logo.png","contentUrl":"https:\/\/www.fusiontables.com\/wp-content\/uploads\/2024\/11\/Fusiontables-Logo.png","width":514,"height":119,"caption":"Fusion Tables"},"image":{"@id":"https:\/\/www.fusiontables.com\/es\/#\/schema\/logo\/image\/"}}]}},"_links":{"self":[{"href":"https:\/\/www.fusiontables.com\/es\/wp-json\/wp\/v2\/pages\/440","targetHints":{"allow":["GET"]}}],"collection":[{"href":"https:\/\/www.fusiontables.com\/es\/wp-json\/wp\/v2\/pages"}],"about":[{"href":"https:\/\/www.fusiontables.com\/es\/wp-json\/wp\/v2\/types\/page"}],"author":[{"embeddable":true,"href":"https:\/\/www.fusiontables.com\/es\/wp-json\/wp\/v2\/users\/1"}],"replies":[{"embeddable":true,"href":"https:\/\/www.fusiontables.com\/es\/wp-json\/wp\/v2\/comments?post=440"}],"version-history":[{"count":1,"href":"https:\/\/www.fusiontables.com\/es\/wp-json\/wp\/v2\/pages\/440\/revisions"}],"predecessor-version":[{"id":1615,"href":"https:\/\/www.fusiontables.com\/es\/wp-json\/wp\/v2\/pages\/440\/revisions\/1615"}],"wp:featuredmedia":[{"embeddable":true,"href":"https:\/\/www.fusiontables.com\/es\/wp-json\/wp\/v2\/media\/414"}],"wp:attachment":[{"href":"https:\/\/www.fusiontables.com\/es\/wp-json\/wp\/v2\/media?parent=440"}],"curies":[{"name":"wp","href":"https:\/\/api.w.org\/{rel}","templated":true}]}}