{"id":555,"date":"2019-04-08T11:53:21","date_gmt":"2019-04-08T09:53:21","guid":{"rendered":"https:\/\/www.fusiontables.com\/acero-inoxidable-cepillado\/"},"modified":"2024-11-08T15:11:52","modified_gmt":"2024-11-08T14:11:52","slug":"acero-inoxidable-cepillado","status":"publish","type":"page","link":"https:\/\/www.fusiontables.com\/es\/acero-inoxidable-cepillado\/","title":{"rendered":"Acero inoxidable cepillado"},"content":{"rendered":"<p>Este acabado no fue elegido para uso externo, pero proporciona un toque luminoso y lujoso. El acero inoxidable se cepilla finamente para que no se convierta en un espejo. Esto tambi\u00e9n hace que las partes met\u00e1licas sean m\u00e1s f\u00e1ciles de mantener. La versi\u00f3n de acero inoxidable es la que hace que <strong><a href=\"https:\/\/www.fusiontables.com\/es\/mesas-fusion\/\">nuestra mesa de billar transformable<\/a> <\/strong>se vea a\u00fan m\u00e1s refinada y sofisticada. Adem\u00e1s, el acero inoxidable cepillado es el mismo que el utilizado para la <a href=\"https:\/\/www.fusiontables.com\/es\/iluminacion\/\"><strong>iluminaci\u00f3n <\/strong><\/a>de la colecci\u00f3n Fusiontables.<\/p>\n<p><img fetchpriority=\"high\" decoding=\"async\" class=\" size-full wp-image-546\" alt=\"inox\" data-align=\"center\" data-entity-type=\"file\" data-entity-uuid=\"ac07aa64-c5a5-4f2a-8d10-f50451e53534\" src=\"https:\/\/www.fusiontables.com\/wp-content\/uploads\/2019\/04\/1inox-5cc.jpg\" width=\"800\" height=\"299\" srcset=\"https:\/\/www.fusiontables.com\/wp-content\/uploads\/2019\/04\/1inox-5cc.jpg 800w, https:\/\/www.fusiontables.com\/wp-content\/uploads\/2019\/04\/1inox-5cc-300x112.jpg 300w, https:\/\/www.fusiontables.com\/wp-content\/uploads\/2019\/04\/1inox-5cc-768x287.jpg 768w\" sizes=\"(max-width: 800px) 100vw, 800px\" \/><\/p>\n<p>&nbsp;<\/p>\n<p>Este revestimiento de alta calidad se encuentra en nuestra estructura y marco de la <a href=\"https:\/\/www.fusiontables.com\/es\/mesas-fusion\/\"><b>mesa de billar convertible<\/b><\/a>, pero tambi\u00e9n en nuestros patas de <a href=\"https:\/\/www.fusiontables.com\/es\/bancos-y-taburetes\/\"><b>bancos y taburetes Fusion<\/b><\/a>.&nbsp;<\/p>\n","protected":false},"excerpt":{"rendered":"<p>Este acabado no fue elegido para uso externo, pero proporciona un toque luminoso y lujoso. El acero inoxidable se cepilla finamente para que no se convierta en un espejo. Esto tambi\u00e9n hace que las partes met\u00e1licas sean m\u00e1s f\u00e1ciles de mantener. La versi\u00f3n de acero inoxidable es la que hace que nuestra mesa de billar [&hellip;]<\/p>\n","protected":false},"author":2,"featured_media":546,"parent":0,"menu_order":0,"comment_status":"closed","ping_status":"closed","template":"","meta":{"_acf_changed":false,"footnotes":""},"class_list":["post-555","page","type-page","status-publish","has-post-thumbnail","hentry"],"acf":[],"yoast_head":"<!-- This site is optimized with the Yoast SEO plugin v27.4 - https:\/\/yoast.com\/product\/yoast-seo-wordpress\/ -->\n<title>Acero inoxidable cepillado - Fusion Tables<\/title>\n<meta name=\"robots\" content=\"index, follow, max-snippet:-1, max-image-preview:large, max-video-preview:-1\" \/>\n<link rel=\"canonical\" href=\"https:\/\/www.fusiontables.com\/es\/acero-inoxidable-cepillado\/\" \/>\n<meta property=\"og:locale\" content=\"es_ES\" \/>\n<meta property=\"og:type\" content=\"article\" \/>\n<meta property=\"og:title\" content=\"Acero inoxidable cepillado - Fusion Tables\" \/>\n<meta property=\"og:description\" content=\"Este acabado no fue elegido para uso externo, pero proporciona un toque luminoso y lujoso. El acero inoxidable se cepilla finamente para que no se convierta en un espejo. Esto tambi\u00e9n hace que las partes met\u00e1licas sean m\u00e1s f\u00e1ciles de mantener. La versi\u00f3n de acero inoxidable es la que hace que nuestra mesa de billar [&hellip;]\" \/>\n<meta property=\"og:url\" content=\"https:\/\/www.fusiontables.com\/es\/acero-inoxidable-cepillado\/\" \/>\n<meta property=\"og:site_name\" content=\"Fusion Tables\" \/>\n<meta property=\"article:modified_time\" content=\"2024-11-08T14:11:52+00:00\" \/>\n<meta property=\"og:image\" content=\"https:\/\/www.fusiontables.com\/wp-content\/uploads\/2019\/04\/1inox-5cc.jpg\" \/>\n\t<meta property=\"og:image:width\" content=\"800\" \/>\n\t<meta property=\"og:image:height\" content=\"299\" \/>\n\t<meta property=\"og:image:type\" content=\"image\/jpeg\" \/>\n<meta name=\"twitter:card\" content=\"summary_large_image\" \/>\n<meta name=\"twitter:label1\" content=\"Tiempo de lectura\" \/>\n\t<meta name=\"twitter:data1\" content=\"1 minuto\" \/>\n<script type=\"application\/ld+json\" class=\"yoast-schema-graph\">{\"@context\":\"https:\\\/\\\/schema.org\",\"@graph\":[{\"@type\":\"WebPage\",\"@id\":\"https:\\\/\\\/www.fusiontables.com\\\/es\\\/acero-inoxidable-cepillado\\\/\",\"url\":\"https:\\\/\\\/www.fusiontables.com\\\/es\\\/acero-inoxidable-cepillado\\\/\",\"name\":\"Acero inoxidable cepillado - Fusion Tables\",\"isPartOf\":{\"@id\":\"https:\\\/\\\/www.fusiontables.com\\\/es\\\/#website\"},\"primaryImageOfPage\":{\"@id\":\"https:\\\/\\\/www.fusiontables.com\\\/es\\\/acero-inoxidable-cepillado\\\/#primaryimage\"},\"image\":{\"@id\":\"https:\\\/\\\/www.fusiontables.com\\\/es\\\/acero-inoxidable-cepillado\\\/#primaryimage\"},\"thumbnailUrl\":\"https:\\\/\\\/www.fusiontables.com\\\/wp-content\\\/uploads\\\/2019\\\/04\\\/1inox-5cc.jpg\",\"datePublished\":\"2019-04-08T09:53:21+00:00\",\"dateModified\":\"2024-11-08T14:11:52+00:00\",\"breadcrumb\":{\"@id\":\"https:\\\/\\\/www.fusiontables.com\\\/es\\\/acero-inoxidable-cepillado\\\/#breadcrumb\"},\"inLanguage\":\"es\",\"potentialAction\":[{\"@type\":\"ReadAction\",\"target\":[\"https:\\\/\\\/www.fusiontables.com\\\/es\\\/acero-inoxidable-cepillado\\\/\"]}]},{\"@type\":\"ImageObject\",\"inLanguage\":\"es\",\"@id\":\"https:\\\/\\\/www.fusiontables.com\\\/es\\\/acero-inoxidable-cepillado\\\/#primaryimage\",\"url\":\"https:\\\/\\\/www.fusiontables.com\\\/wp-content\\\/uploads\\\/2019\\\/04\\\/1inox-5cc.jpg\",\"contentUrl\":\"https:\\\/\\\/www.fusiontables.com\\\/wp-content\\\/uploads\\\/2019\\\/04\\\/1inox-5cc.jpg\",\"width\":800,\"height\":299,\"caption\":\"table billard design\"},{\"@type\":\"BreadcrumbList\",\"@id\":\"https:\\\/\\\/www.fusiontables.com\\\/es\\\/acero-inoxidable-cepillado\\\/#breadcrumb\",\"itemListElement\":[{\"@type\":\"ListItem\",\"position\":1,\"name\":\"Inicio\",\"item\":\"https:\\\/\\\/www.fusiontables.com\\\/es\\\/\"},{\"@type\":\"ListItem\",\"position\":2,\"name\":\"Acero inoxidable cepillado\"}]},{\"@type\":\"WebSite\",\"@id\":\"https:\\\/\\\/www.fusiontables.com\\\/es\\\/#website\",\"url\":\"https:\\\/\\\/www.fusiontables.com\\\/es\\\/\",\"name\":\"Fusion Tables\",\"description\":\"\",\"publisher\":{\"@id\":\"https:\\\/\\\/www.fusiontables.com\\\/es\\\/#organization\"},\"potentialAction\":[{\"@type\":\"SearchAction\",\"target\":{\"@type\":\"EntryPoint\",\"urlTemplate\":\"https:\\\/\\\/www.fusiontables.com\\\/es\\\/?s={search_term_string}\"},\"query-input\":{\"@type\":\"PropertyValueSpecification\",\"valueRequired\":true,\"valueName\":\"search_term_string\"}}],\"inLanguage\":\"es\"},{\"@type\":\"Organization\",\"@id\":\"https:\\\/\\\/www.fusiontables.com\\\/es\\\/#organization\",\"name\":\"Fusion Tables\",\"url\":\"https:\\\/\\\/www.fusiontables.com\\\/es\\\/\",\"logo\":{\"@type\":\"ImageObject\",\"inLanguage\":\"es\",\"@id\":\"https:\\\/\\\/www.fusiontables.com\\\/es\\\/#\\\/schema\\\/logo\\\/image\\\/\",\"url\":\"https:\\\/\\\/www.fusiontables.com\\\/wp-content\\\/uploads\\\/2024\\\/11\\\/Fusiontables-Logo.png\",\"contentUrl\":\"https:\\\/\\\/www.fusiontables.com\\\/wp-content\\\/uploads\\\/2024\\\/11\\\/Fusiontables-Logo.png\",\"width\":514,\"height\":119,\"caption\":\"Fusion Tables\"},\"image\":{\"@id\":\"https:\\\/\\\/www.fusiontables.com\\\/es\\\/#\\\/schema\\\/logo\\\/image\\\/\"}}]}<\/script>\n<!-- \/ Yoast SEO plugin. -->","yoast_head_json":{"title":"Acero inoxidable cepillado - Fusion Tables","robots":{"index":"index","follow":"follow","max-snippet":"max-snippet:-1","max-image-preview":"max-image-preview:large","max-video-preview":"max-video-preview:-1"},"canonical":"https:\/\/www.fusiontables.com\/es\/acero-inoxidable-cepillado\/","og_locale":"es_ES","og_type":"article","og_title":"Acero inoxidable cepillado - Fusion Tables","og_description":"Este acabado no fue elegido para uso externo, pero proporciona un toque luminoso y lujoso. El acero inoxidable se cepilla finamente para que no se convierta en un espejo. Esto tambi\u00e9n hace que las partes met\u00e1licas sean m\u00e1s f\u00e1ciles de mantener. La versi\u00f3n de acero inoxidable es la que hace que nuestra mesa de billar [&hellip;]","og_url":"https:\/\/www.fusiontables.com\/es\/acero-inoxidable-cepillado\/","og_site_name":"Fusion Tables","article_modified_time":"2024-11-08T14:11:52+00:00","og_image":[{"width":800,"height":299,"url":"https:\/\/www.fusiontables.com\/wp-content\/uploads\/2019\/04\/1inox-5cc.jpg","type":"image\/jpeg"}],"twitter_card":"summary_large_image","twitter_misc":{"Tiempo de lectura":"1 minuto"},"schema":{"@context":"https:\/\/schema.org","@graph":[{"@type":"WebPage","@id":"https:\/\/www.fusiontables.com\/es\/acero-inoxidable-cepillado\/","url":"https:\/\/www.fusiontables.com\/es\/acero-inoxidable-cepillado\/","name":"Acero inoxidable cepillado - Fusion Tables","isPartOf":{"@id":"https:\/\/www.fusiontables.com\/es\/#website"},"primaryImageOfPage":{"@id":"https:\/\/www.fusiontables.com\/es\/acero-inoxidable-cepillado\/#primaryimage"},"image":{"@id":"https:\/\/www.fusiontables.com\/es\/acero-inoxidable-cepillado\/#primaryimage"},"thumbnailUrl":"https:\/\/www.fusiontables.com\/wp-content\/uploads\/2019\/04\/1inox-5cc.jpg","datePublished":"2019-04-08T09:53:21+00:00","dateModified":"2024-11-08T14:11:52+00:00","breadcrumb":{"@id":"https:\/\/www.fusiontables.com\/es\/acero-inoxidable-cepillado\/#breadcrumb"},"inLanguage":"es","potentialAction":[{"@type":"ReadAction","target":["https:\/\/www.fusiontables.com\/es\/acero-inoxidable-cepillado\/"]}]},{"@type":"ImageObject","inLanguage":"es","@id":"https:\/\/www.fusiontables.com\/es\/acero-inoxidable-cepillado\/#primaryimage","url":"https:\/\/www.fusiontables.com\/wp-content\/uploads\/2019\/04\/1inox-5cc.jpg","contentUrl":"https:\/\/www.fusiontables.com\/wp-content\/uploads\/2019\/04\/1inox-5cc.jpg","width":800,"height":299,"caption":"table billard design"},{"@type":"BreadcrumbList","@id":"https:\/\/www.fusiontables.com\/es\/acero-inoxidable-cepillado\/#breadcrumb","itemListElement":[{"@type":"ListItem","position":1,"name":"Inicio","item":"https:\/\/www.fusiontables.com\/es\/"},{"@type":"ListItem","position":2,"name":"Acero inoxidable cepillado"}]},{"@type":"WebSite","@id":"https:\/\/www.fusiontables.com\/es\/#website","url":"https:\/\/www.fusiontables.com\/es\/","name":"Fusion Tables","description":"","publisher":{"@id":"https:\/\/www.fusiontables.com\/es\/#organization"},"potentialAction":[{"@type":"SearchAction","target":{"@type":"EntryPoint","urlTemplate":"https:\/\/www.fusiontables.com\/es\/?s={search_term_string}"},"query-input":{"@type":"PropertyValueSpecification","valueRequired":true,"valueName":"search_term_string"}}],"inLanguage":"es"},{"@type":"Organization","@id":"https:\/\/www.fusiontables.com\/es\/#organization","name":"Fusion Tables","url":"https:\/\/www.fusiontables.com\/es\/","logo":{"@type":"ImageObject","inLanguage":"es","@id":"https:\/\/www.fusiontables.com\/es\/#\/schema\/logo\/image\/","url":"https:\/\/www.fusiontables.com\/wp-content\/uploads\/2024\/11\/Fusiontables-Logo.png","contentUrl":"https:\/\/www.fusiontables.com\/wp-content\/uploads\/2024\/11\/Fusiontables-Logo.png","width":514,"height":119,"caption":"Fusion Tables"},"image":{"@id":"https:\/\/www.fusiontables.com\/es\/#\/schema\/logo\/image\/"}}]}},"_links":{"self":[{"href":"https:\/\/www.fusiontables.com\/es\/wp-json\/wp\/v2\/pages\/555","targetHints":{"allow":["GET"]}}],"collection":[{"href":"https:\/\/www.fusiontables.com\/es\/wp-json\/wp\/v2\/pages"}],"about":[{"href":"https:\/\/www.fusiontables.com\/es\/wp-json\/wp\/v2\/types\/page"}],"author":[{"embeddable":true,"href":"https:\/\/www.fusiontables.com\/es\/wp-json\/wp\/v2\/users\/2"}],"replies":[{"embeddable":true,"href":"https:\/\/www.fusiontables.com\/es\/wp-json\/wp\/v2\/comments?post=555"}],"version-history":[{"count":1,"href":"https:\/\/www.fusiontables.com\/es\/wp-json\/wp\/v2\/pages\/555\/revisions"}],"predecessor-version":[{"id":1653,"href":"https:\/\/www.fusiontables.com\/es\/wp-json\/wp\/v2\/pages\/555\/revisions\/1653"}],"wp:featuredmedia":[{"embeddable":true,"href":"https:\/\/www.fusiontables.com\/es\/wp-json\/wp\/v2\/media\/546"}],"wp:attachment":[{"href":"https:\/\/www.fusiontables.com\/es\/wp-json\/wp\/v2\/media?parent=555"}],"curies":[{"name":"wp","href":"https:\/\/api.w.org\/{rel}","templated":true}]}}