{"id":573,"date":"2019-04-08T12:48:32","date_gmt":"2019-04-08T10:48:32","guid":{"rendered":"https:\/\/www.fusiontables.com\/blanco-mate\/"},"modified":"2024-11-08T15:11:53","modified_gmt":"2024-11-08T14:11:53","slug":"blanco-mate","status":"publish","type":"page","link":"https:\/\/www.fusiontables.com\/es\/blanco-mate\/","title":{"rendered":"Blanco Mate"},"content":{"rendered":"<p>El blanco, el color intemporal definitivo y un s\u00edmbolo del mobiliario italiano contempor\u00e1neo, es siempre la mejor opci\u00f3n en los espacios modernos, ya que destaca los dem\u00e1s elementos, decoraciones, <a href=\"https:\/\/www.fusiontables.com\/es\/iluminacion\/\"><strong>iluminaci\u00f3n<\/strong><\/a>, pero lo m\u00e1s importante es que crea luz en tu hogar. Un acabado mate le permite mantener sus muebles r\u00e1pida y f\u00e1cilmente, como nuestro <strong>tocador Fusion<\/strong> y nuestra <a href=\"https:\/\/www.fusiontables.com\/es\/mesas-fusion\/\"><strong>moderna mesa de billar transformable<\/strong><\/a>. Este discreto acabado es una combinaci\u00f3n particularmente buena para la nueva <a href=\"https:\/\/www.fusiontables.com\/es\/rock-reverso\/\"><strong>cer\u00e1mica de Rock Reverso<\/strong><\/a>.<\/p>\n<p>&nbsp;<\/p>\n<p><img fetchpriority=\"high\" decoding=\"async\" class=\" alignleft size-full wp-image-564\" alt=\"blanc mat\" data-align=\"left\" data-entity-type=\"file\" data-entity-uuid=\"dc984092-9b40-4954-8f4a-c47221d8c956\" src=\"https:\/\/www.fusiontables.com\/wp-content\/uploads\/2019\/04\/blanc-mat-781.jpg\" width=\"800\" height=\"299\" srcset=\"https:\/\/www.fusiontables.com\/wp-content\/uploads\/2019\/04\/blanc-mat-781.jpg 800w, https:\/\/www.fusiontables.com\/wp-content\/uploads\/2019\/04\/blanc-mat-781-300x112.jpg 300w, https:\/\/www.fusiontables.com\/wp-content\/uploads\/2019\/04\/blanc-mat-781-768x287.jpg 768w\" sizes=\"(max-width: 800px) 100vw, 800px\" \/><\/p>\n","protected":false},"excerpt":{"rendered":"<p>El blanco, el color intemporal definitivo y un s\u00edmbolo del mobiliario italiano contempor\u00e1neo, es siempre la mejor opci\u00f3n en los espacios modernos, ya que destaca los dem\u00e1s elementos, decoraciones, iluminaci\u00f3n, pero lo m\u00e1s importante es que crea luz en tu hogar. Un acabado mate le permite mantener sus muebles r\u00e1pida y f\u00e1cilmente, como nuestro tocador [&hellip;]<\/p>\n","protected":false},"author":2,"featured_media":564,"parent":0,"menu_order":0,"comment_status":"closed","ping_status":"closed","template":"","meta":{"_acf_changed":false,"footnotes":""},"class_list":["post-573","page","type-page","status-publish","has-post-thumbnail","hentry"],"acf":[],"yoast_head":"<!-- This site is optimized with the Yoast SEO plugin v27.5 - https:\/\/yoast.com\/product\/yoast-seo-wordpress\/ -->\n<title>Blanco Mate - Fusion Tables<\/title>\n<meta name=\"robots\" content=\"index, follow, max-snippet:-1, max-image-preview:large, max-video-preview:-1\" \/>\n<link rel=\"canonical\" href=\"https:\/\/www.fusiontables.com\/es\/blanco-mate\/\" \/>\n<meta property=\"og:locale\" content=\"es_ES\" \/>\n<meta property=\"og:type\" content=\"article\" \/>\n<meta property=\"og:title\" content=\"Blanco Mate - Fusion Tables\" \/>\n<meta property=\"og:description\" content=\"El blanco, el color intemporal definitivo y un s\u00edmbolo del mobiliario italiano contempor\u00e1neo, es siempre la mejor opci\u00f3n en los espacios modernos, ya que destaca los dem\u00e1s elementos, decoraciones, iluminaci\u00f3n, pero lo m\u00e1s importante es que crea luz en tu hogar. Un acabado mate le permite mantener sus muebles r\u00e1pida y f\u00e1cilmente, como nuestro tocador [&hellip;]\" \/>\n<meta property=\"og:url\" content=\"https:\/\/www.fusiontables.com\/es\/blanco-mate\/\" \/>\n<meta property=\"og:site_name\" content=\"Fusion Tables\" \/>\n<meta property=\"article:modified_time\" content=\"2024-11-08T14:11:53+00:00\" \/>\n<meta property=\"og:image\" content=\"https:\/\/www.fusiontables.com\/wp-content\/uploads\/2019\/04\/blanc-mat-781.jpg\" \/>\n\t<meta property=\"og:image:width\" content=\"800\" \/>\n\t<meta property=\"og:image:height\" content=\"299\" \/>\n\t<meta property=\"og:image:type\" content=\"image\/jpeg\" \/>\n<meta name=\"twitter:card\" content=\"summary_large_image\" \/>\n<script type=\"application\/ld+json\" class=\"yoast-schema-graph\">{\"@context\":\"https:\\\/\\\/schema.org\",\"@graph\":[{\"@type\":\"WebPage\",\"@id\":\"https:\\\/\\\/www.fusiontables.com\\\/es\\\/blanco-mate\\\/\",\"url\":\"https:\\\/\\\/www.fusiontables.com\\\/es\\\/blanco-mate\\\/\",\"name\":\"Blanco Mate - Fusion Tables\",\"isPartOf\":{\"@id\":\"https:\\\/\\\/www.fusiontables.com\\\/es\\\/#website\"},\"primaryImageOfPage\":{\"@id\":\"https:\\\/\\\/www.fusiontables.com\\\/es\\\/blanco-mate\\\/#primaryimage\"},\"image\":{\"@id\":\"https:\\\/\\\/www.fusiontables.com\\\/es\\\/blanco-mate\\\/#primaryimage\"},\"thumbnailUrl\":\"https:\\\/\\\/www.fusiontables.com\\\/wp-content\\\/uploads\\\/2019\\\/04\\\/blanc-mat-781.jpg\",\"datePublished\":\"2019-04-08T10:48:32+00:00\",\"dateModified\":\"2024-11-08T14:11:53+00:00\",\"breadcrumb\":{\"@id\":\"https:\\\/\\\/www.fusiontables.com\\\/es\\\/blanco-mate\\\/#breadcrumb\"},\"inLanguage\":\"es\",\"potentialAction\":[{\"@type\":\"ReadAction\",\"target\":[\"https:\\\/\\\/www.fusiontables.com\\\/es\\\/blanco-mate\\\/\"]}]},{\"@type\":\"ImageObject\",\"inLanguage\":\"es\",\"@id\":\"https:\\\/\\\/www.fusiontables.com\\\/es\\\/blanco-mate\\\/#primaryimage\",\"url\":\"https:\\\/\\\/www.fusiontables.com\\\/wp-content\\\/uploads\\\/2019\\\/04\\\/blanc-mat-781.jpg\",\"contentUrl\":\"https:\\\/\\\/www.fusiontables.com\\\/wp-content\\\/uploads\\\/2019\\\/04\\\/blanc-mat-781.jpg\",\"width\":800,\"height\":299,\"caption\":\"table billard design\"},{\"@type\":\"BreadcrumbList\",\"@id\":\"https:\\\/\\\/www.fusiontables.com\\\/es\\\/blanco-mate\\\/#breadcrumb\",\"itemListElement\":[{\"@type\":\"ListItem\",\"position\":1,\"name\":\"Inicio\",\"item\":\"https:\\\/\\\/www.fusiontables.com\\\/es\\\/\"},{\"@type\":\"ListItem\",\"position\":2,\"name\":\"Blanco Mate\"}]},{\"@type\":\"WebSite\",\"@id\":\"https:\\\/\\\/www.fusiontables.com\\\/es\\\/#website\",\"url\":\"https:\\\/\\\/www.fusiontables.com\\\/es\\\/\",\"name\":\"Fusion Tables\",\"description\":\"\",\"publisher\":{\"@id\":\"https:\\\/\\\/www.fusiontables.com\\\/es\\\/#organization\"},\"potentialAction\":[{\"@type\":\"SearchAction\",\"target\":{\"@type\":\"EntryPoint\",\"urlTemplate\":\"https:\\\/\\\/www.fusiontables.com\\\/es\\\/?s={search_term_string}\"},\"query-input\":{\"@type\":\"PropertyValueSpecification\",\"valueRequired\":true,\"valueName\":\"search_term_string\"}}],\"inLanguage\":\"es\"},{\"@type\":\"Organization\",\"@id\":\"https:\\\/\\\/www.fusiontables.com\\\/es\\\/#organization\",\"name\":\"Fusion Tables\",\"url\":\"https:\\\/\\\/www.fusiontables.com\\\/es\\\/\",\"logo\":{\"@type\":\"ImageObject\",\"inLanguage\":\"es\",\"@id\":\"https:\\\/\\\/www.fusiontables.com\\\/es\\\/#\\\/schema\\\/logo\\\/image\\\/\",\"url\":\"https:\\\/\\\/www.fusiontables.com\\\/wp-content\\\/uploads\\\/2024\\\/11\\\/Fusiontables-Logo.png\",\"contentUrl\":\"https:\\\/\\\/www.fusiontables.com\\\/wp-content\\\/uploads\\\/2024\\\/11\\\/Fusiontables-Logo.png\",\"width\":514,\"height\":119,\"caption\":\"Fusion Tables\"},\"image\":{\"@id\":\"https:\\\/\\\/www.fusiontables.com\\\/es\\\/#\\\/schema\\\/logo\\\/image\\\/\"}}]}<\/script>\n<!-- \/ Yoast SEO plugin. -->","yoast_head_json":{"title":"Blanco Mate - Fusion Tables","robots":{"index":"index","follow":"follow","max-snippet":"max-snippet:-1","max-image-preview":"max-image-preview:large","max-video-preview":"max-video-preview:-1"},"canonical":"https:\/\/www.fusiontables.com\/es\/blanco-mate\/","og_locale":"es_ES","og_type":"article","og_title":"Blanco Mate - Fusion Tables","og_description":"El blanco, el color intemporal definitivo y un s\u00edmbolo del mobiliario italiano contempor\u00e1neo, es siempre la mejor opci\u00f3n en los espacios modernos, ya que destaca los dem\u00e1s elementos, decoraciones, iluminaci\u00f3n, pero lo m\u00e1s importante es que crea luz en tu hogar. Un acabado mate le permite mantener sus muebles r\u00e1pida y f\u00e1cilmente, como nuestro tocador [&hellip;]","og_url":"https:\/\/www.fusiontables.com\/es\/blanco-mate\/","og_site_name":"Fusion Tables","article_modified_time":"2024-11-08T14:11:53+00:00","og_image":[{"width":800,"height":299,"url":"https:\/\/www.fusiontables.com\/wp-content\/uploads\/2019\/04\/blanc-mat-781.jpg","type":"image\/jpeg"}],"twitter_card":"summary_large_image","schema":{"@context":"https:\/\/schema.org","@graph":[{"@type":"WebPage","@id":"https:\/\/www.fusiontables.com\/es\/blanco-mate\/","url":"https:\/\/www.fusiontables.com\/es\/blanco-mate\/","name":"Blanco Mate - Fusion Tables","isPartOf":{"@id":"https:\/\/www.fusiontables.com\/es\/#website"},"primaryImageOfPage":{"@id":"https:\/\/www.fusiontables.com\/es\/blanco-mate\/#primaryimage"},"image":{"@id":"https:\/\/www.fusiontables.com\/es\/blanco-mate\/#primaryimage"},"thumbnailUrl":"https:\/\/www.fusiontables.com\/wp-content\/uploads\/2019\/04\/blanc-mat-781.jpg","datePublished":"2019-04-08T10:48:32+00:00","dateModified":"2024-11-08T14:11:53+00:00","breadcrumb":{"@id":"https:\/\/www.fusiontables.com\/es\/blanco-mate\/#breadcrumb"},"inLanguage":"es","potentialAction":[{"@type":"ReadAction","target":["https:\/\/www.fusiontables.com\/es\/blanco-mate\/"]}]},{"@type":"ImageObject","inLanguage":"es","@id":"https:\/\/www.fusiontables.com\/es\/blanco-mate\/#primaryimage","url":"https:\/\/www.fusiontables.com\/wp-content\/uploads\/2019\/04\/blanc-mat-781.jpg","contentUrl":"https:\/\/www.fusiontables.com\/wp-content\/uploads\/2019\/04\/blanc-mat-781.jpg","width":800,"height":299,"caption":"table billard design"},{"@type":"BreadcrumbList","@id":"https:\/\/www.fusiontables.com\/es\/blanco-mate\/#breadcrumb","itemListElement":[{"@type":"ListItem","position":1,"name":"Inicio","item":"https:\/\/www.fusiontables.com\/es\/"},{"@type":"ListItem","position":2,"name":"Blanco Mate"}]},{"@type":"WebSite","@id":"https:\/\/www.fusiontables.com\/es\/#website","url":"https:\/\/www.fusiontables.com\/es\/","name":"Fusion Tables","description":"","publisher":{"@id":"https:\/\/www.fusiontables.com\/es\/#organization"},"potentialAction":[{"@type":"SearchAction","target":{"@type":"EntryPoint","urlTemplate":"https:\/\/www.fusiontables.com\/es\/?s={search_term_string}"},"query-input":{"@type":"PropertyValueSpecification","valueRequired":true,"valueName":"search_term_string"}}],"inLanguage":"es"},{"@type":"Organization","@id":"https:\/\/www.fusiontables.com\/es\/#organization","name":"Fusion Tables","url":"https:\/\/www.fusiontables.com\/es\/","logo":{"@type":"ImageObject","inLanguage":"es","@id":"https:\/\/www.fusiontables.com\/es\/#\/schema\/logo\/image\/","url":"https:\/\/www.fusiontables.com\/wp-content\/uploads\/2024\/11\/Fusiontables-Logo.png","contentUrl":"https:\/\/www.fusiontables.com\/wp-content\/uploads\/2024\/11\/Fusiontables-Logo.png","width":514,"height":119,"caption":"Fusion Tables"},"image":{"@id":"https:\/\/www.fusiontables.com\/es\/#\/schema\/logo\/image\/"}}]}},"_links":{"self":[{"href":"https:\/\/www.fusiontables.com\/es\/wp-json\/wp\/v2\/pages\/573","targetHints":{"allow":["GET"]}}],"collection":[{"href":"https:\/\/www.fusiontables.com\/es\/wp-json\/wp\/v2\/pages"}],"about":[{"href":"https:\/\/www.fusiontables.com\/es\/wp-json\/wp\/v2\/types\/page"}],"author":[{"embeddable":true,"href":"https:\/\/www.fusiontables.com\/es\/wp-json\/wp\/v2\/users\/2"}],"replies":[{"embeddable":true,"href":"https:\/\/www.fusiontables.com\/es\/wp-json\/wp\/v2\/comments?post=573"}],"version-history":[{"count":1,"href":"https:\/\/www.fusiontables.com\/es\/wp-json\/wp\/v2\/pages\/573\/revisions"}],"predecessor-version":[{"id":1663,"href":"https:\/\/www.fusiontables.com\/es\/wp-json\/wp\/v2\/pages\/573\/revisions\/1663"}],"wp:featuredmedia":[{"embeddable":true,"href":"https:\/\/www.fusiontables.com\/es\/wp-json\/wp\/v2\/media\/564"}],"wp:attachment":[{"href":"https:\/\/www.fusiontables.com\/es\/wp-json\/wp\/v2\/media?parent=573"}],"curies":[{"name":"wp","href":"https:\/\/api.w.org\/{rel}","templated":true}]}}