{"id":669,"date":"2019-04-08T13:03:03","date_gmt":"2019-04-08T11:03:03","guid":{"rendered":"https:\/\/www.fusiontables.com\/wenge\/"},"modified":"2025-02-11T10:28:55","modified_gmt":"2025-02-11T09:28:55","slug":"wenge","status":"publish","type":"page","link":"https:\/\/www.fusiontables.com\/es\/wenge\/","title":{"rendered":"Wenge"},"content":{"rendered":"<p>Obviamente, no \u00edbamos a destruir los \u00e1rboles africanos para hacer nuestra moderna <a href=\"https:\/\/www.fusiontables.com\/es\/mesas-fusion\/\"><strong>mesa de billar transformable<\/strong><\/a> y nuestros aparadores.<br \/>\nAs\u00ed que seleccionamos un acabado de roble te\u00f1ido con negro intenso.<\/p>\n<p>El roble, una parte tradicional de los interiores europeos, a\u00fan tiene el lugar que merece en nuestra colecci\u00f3n y en el coraz\u00f3n de quienes aman el dise\u00f1o y los muebles de <a href=\"https:\/\/www.fusiontables.com\/es\/calidad\/\"><strong>calidad<\/strong><\/a>. \u00bfTe gusta el negro, pero quieres que tus muebles tengan vetas y un car\u00e1cter aut\u00e9ntico? Entonces Wenge es perfecto para ti. Nuestra selecci\u00f3n de chapa de roble es perfecta para interiores contempor\u00e1neos, gracias a su elegante veta, la ausencia casi total de nudos y la madera perfectamente regular. Este acabado completamente negro le dar\u00e1 el esp\u00edritu de la madera tropical y sus muebles se pueden combinar con un estilo colonial para darle a su interior una nueva y original identidad, como un moderno comedor.<\/p>\n<p>El acabado mate del barniz le permite mantener sus muebles r\u00e1pida y f\u00e1cilmente, como <a href=\"https:\/\/www.fusiontables.com\/es\/mesas-fusion\/\"><strong>nuestra moderna mesa de billar transformable<\/strong><\/a>. Este acabado oscuro es una combinaci\u00f3n particularmente buena para la nueva<strong> <a href=\"https:\/\/www.fusiontables.com\/es\/rock-reverso\/\">cer\u00e1mica de Rock Reverso<\/a><\/strong>.<br \/>\n<img fetchpriority=\"high\" decoding=\"async\" class=\" size-full wp-image-660\" src=\"https:\/\/www.fusiontables.com\/wp-content\/uploads\/2019\/04\/v4-ce2.jpg\" alt=\"wenge\" width=\"800\" height=\"299\" data-align=\"center\" data-entity-type=\"file\" data-entity-uuid=\"2554e9ab-1c2e-47b5-b600-393aaa072fd8\" srcset=\"https:\/\/www.fusiontables.com\/wp-content\/uploads\/2019\/04\/v4-ce2.jpg 800w, https:\/\/www.fusiontables.com\/wp-content\/uploads\/2019\/04\/v4-ce2-300x112.jpg 300w, https:\/\/www.fusiontables.com\/wp-content\/uploads\/2019\/04\/v4-ce2-768x287.jpg 768w\" sizes=\"(max-width: 800px) 100vw, 800px\" \/><\/p>\n","protected":false},"excerpt":{"rendered":"<p>Obviamente, no \u00edbamos a destruir los \u00e1rboles africanos para hacer nuestra moderna mesa de billar transformable y nuestros aparadores. As\u00ed que seleccionamos un acabado de roble te\u00f1ido con negro intenso. El roble, una parte tradicional de los interiores europeos, a\u00fan tiene el lugar que merece en nuestra colecci\u00f3n y en el coraz\u00f3n de quienes aman [&hellip;]<\/p>\n","protected":false},"author":2,"featured_media":660,"parent":0,"menu_order":0,"comment_status":"closed","ping_status":"closed","template":"","meta":{"_acf_changed":false,"footnotes":""},"class_list":["post-669","page","type-page","status-publish","has-post-thumbnail","hentry"],"acf":[],"yoast_head":"<!-- This site is optimized with the Yoast SEO plugin v27.6 - https:\/\/yoast.com\/product\/yoast-seo-wordpress\/ -->\n<title>Wenge - Fusion Tables<\/title>\n<meta name=\"robots\" content=\"index, follow, max-snippet:-1, max-image-preview:large, max-video-preview:-1\" \/>\n<link rel=\"canonical\" href=\"https:\/\/www.fusiontables.com\/es\/wenge\/\" \/>\n<meta property=\"og:locale\" content=\"es_ES\" \/>\n<meta property=\"og:type\" content=\"article\" \/>\n<meta property=\"og:title\" content=\"Wenge - Fusion Tables\" \/>\n<meta property=\"og:description\" content=\"Obviamente, no \u00edbamos a destruir los \u00e1rboles africanos para hacer nuestra moderna mesa de billar transformable y nuestros aparadores. As\u00ed que seleccionamos un acabado de roble te\u00f1ido con negro intenso. El roble, una parte tradicional de los interiores europeos, a\u00fan tiene el lugar que merece en nuestra colecci\u00f3n y en el coraz\u00f3n de quienes aman [&hellip;]\" \/>\n<meta property=\"og:url\" content=\"https:\/\/www.fusiontables.com\/es\/wenge\/\" \/>\n<meta property=\"og:site_name\" content=\"Fusion Tables\" \/>\n<meta property=\"article:modified_time\" content=\"2025-02-11T09:28:55+00:00\" \/>\n<meta property=\"og:image\" content=\"https:\/\/www.fusiontables.com\/wp-content\/uploads\/2019\/04\/v4-ce2.jpg\" \/>\n\t<meta property=\"og:image:width\" content=\"800\" \/>\n\t<meta property=\"og:image:height\" content=\"299\" \/>\n\t<meta property=\"og:image:type\" content=\"image\/jpeg\" \/>\n<meta name=\"twitter:card\" content=\"summary_large_image\" \/>\n<meta name=\"twitter:label1\" content=\"Tiempo de lectura\" \/>\n\t<meta name=\"twitter:data1\" content=\"2 minutos\" \/>\n<script type=\"application\/ld+json\" class=\"yoast-schema-graph\">{\"@context\":\"https:\\\/\\\/schema.org\",\"@graph\":[{\"@type\":\"WebPage\",\"@id\":\"https:\\\/\\\/www.fusiontables.com\\\/es\\\/wenge\\\/\",\"url\":\"https:\\\/\\\/www.fusiontables.com\\\/es\\\/wenge\\\/\",\"name\":\"Wenge - Fusion Tables\",\"isPartOf\":{\"@id\":\"https:\\\/\\\/www.fusiontables.com\\\/es\\\/#website\"},\"primaryImageOfPage\":{\"@id\":\"https:\\\/\\\/www.fusiontables.com\\\/es\\\/wenge\\\/#primaryimage\"},\"image\":{\"@id\":\"https:\\\/\\\/www.fusiontables.com\\\/es\\\/wenge\\\/#primaryimage\"},\"thumbnailUrl\":\"https:\\\/\\\/www.fusiontables.com\\\/wp-content\\\/uploads\\\/2019\\\/04\\\/v4-ce2.jpg\",\"datePublished\":\"2019-04-08T11:03:03+00:00\",\"dateModified\":\"2025-02-11T09:28:55+00:00\",\"breadcrumb\":{\"@id\":\"https:\\\/\\\/www.fusiontables.com\\\/es\\\/wenge\\\/#breadcrumb\"},\"inLanguage\":\"es\",\"potentialAction\":[{\"@type\":\"ReadAction\",\"target\":[\"https:\\\/\\\/www.fusiontables.com\\\/es\\\/wenge\\\/\"]}]},{\"@type\":\"ImageObject\",\"inLanguage\":\"es\",\"@id\":\"https:\\\/\\\/www.fusiontables.com\\\/es\\\/wenge\\\/#primaryimage\",\"url\":\"https:\\\/\\\/www.fusiontables.com\\\/wp-content\\\/uploads\\\/2019\\\/04\\\/v4-ce2.jpg\",\"contentUrl\":\"https:\\\/\\\/www.fusiontables.com\\\/wp-content\\\/uploads\\\/2019\\\/04\\\/v4-ce2.jpg\",\"width\":800,\"height\":299,\"caption\":\"table billard\"},{\"@type\":\"BreadcrumbList\",\"@id\":\"https:\\\/\\\/www.fusiontables.com\\\/es\\\/wenge\\\/#breadcrumb\",\"itemListElement\":[{\"@type\":\"ListItem\",\"position\":1,\"name\":\"Inicio\",\"item\":\"https:\\\/\\\/www.fusiontables.com\\\/es\\\/\"},{\"@type\":\"ListItem\",\"position\":2,\"name\":\"Wenge\"}]},{\"@type\":\"WebSite\",\"@id\":\"https:\\\/\\\/www.fusiontables.com\\\/es\\\/#website\",\"url\":\"https:\\\/\\\/www.fusiontables.com\\\/es\\\/\",\"name\":\"Fusion Tables\",\"description\":\"\",\"publisher\":{\"@id\":\"https:\\\/\\\/www.fusiontables.com\\\/es\\\/#organization\"},\"potentialAction\":[{\"@type\":\"SearchAction\",\"target\":{\"@type\":\"EntryPoint\",\"urlTemplate\":\"https:\\\/\\\/www.fusiontables.com\\\/es\\\/?s={search_term_string}\"},\"query-input\":{\"@type\":\"PropertyValueSpecification\",\"valueRequired\":true,\"valueName\":\"search_term_string\"}}],\"inLanguage\":\"es\"},{\"@type\":\"Organization\",\"@id\":\"https:\\\/\\\/www.fusiontables.com\\\/es\\\/#organization\",\"name\":\"Fusion Tables\",\"url\":\"https:\\\/\\\/www.fusiontables.com\\\/es\\\/\",\"logo\":{\"@type\":\"ImageObject\",\"inLanguage\":\"es\",\"@id\":\"https:\\\/\\\/www.fusiontables.com\\\/es\\\/#\\\/schema\\\/logo\\\/image\\\/\",\"url\":\"https:\\\/\\\/www.fusiontables.com\\\/wp-content\\\/uploads\\\/2024\\\/11\\\/Fusiontables-Logo.png\",\"contentUrl\":\"https:\\\/\\\/www.fusiontables.com\\\/wp-content\\\/uploads\\\/2024\\\/11\\\/Fusiontables-Logo.png\",\"width\":514,\"height\":119,\"caption\":\"Fusion Tables\"},\"image\":{\"@id\":\"https:\\\/\\\/www.fusiontables.com\\\/es\\\/#\\\/schema\\\/logo\\\/image\\\/\"}}]}<\/script>\n<!-- \/ Yoast SEO plugin. -->","yoast_head_json":{"title":"Wenge - Fusion Tables","robots":{"index":"index","follow":"follow","max-snippet":"max-snippet:-1","max-image-preview":"max-image-preview:large","max-video-preview":"max-video-preview:-1"},"canonical":"https:\/\/www.fusiontables.com\/es\/wenge\/","og_locale":"es_ES","og_type":"article","og_title":"Wenge - Fusion Tables","og_description":"Obviamente, no \u00edbamos a destruir los \u00e1rboles africanos para hacer nuestra moderna mesa de billar transformable y nuestros aparadores. As\u00ed que seleccionamos un acabado de roble te\u00f1ido con negro intenso. El roble, una parte tradicional de los interiores europeos, a\u00fan tiene el lugar que merece en nuestra colecci\u00f3n y en el coraz\u00f3n de quienes aman [&hellip;]","og_url":"https:\/\/www.fusiontables.com\/es\/wenge\/","og_site_name":"Fusion Tables","article_modified_time":"2025-02-11T09:28:55+00:00","og_image":[{"width":800,"height":299,"url":"https:\/\/www.fusiontables.com\/wp-content\/uploads\/2019\/04\/v4-ce2.jpg","type":"image\/jpeg"}],"twitter_card":"summary_large_image","twitter_misc":{"Tiempo de lectura":"2 minutos"},"schema":{"@context":"https:\/\/schema.org","@graph":[{"@type":"WebPage","@id":"https:\/\/www.fusiontables.com\/es\/wenge\/","url":"https:\/\/www.fusiontables.com\/es\/wenge\/","name":"Wenge - Fusion Tables","isPartOf":{"@id":"https:\/\/www.fusiontables.com\/es\/#website"},"primaryImageOfPage":{"@id":"https:\/\/www.fusiontables.com\/es\/wenge\/#primaryimage"},"image":{"@id":"https:\/\/www.fusiontables.com\/es\/wenge\/#primaryimage"},"thumbnailUrl":"https:\/\/www.fusiontables.com\/wp-content\/uploads\/2019\/04\/v4-ce2.jpg","datePublished":"2019-04-08T11:03:03+00:00","dateModified":"2025-02-11T09:28:55+00:00","breadcrumb":{"@id":"https:\/\/www.fusiontables.com\/es\/wenge\/#breadcrumb"},"inLanguage":"es","potentialAction":[{"@type":"ReadAction","target":["https:\/\/www.fusiontables.com\/es\/wenge\/"]}]},{"@type":"ImageObject","inLanguage":"es","@id":"https:\/\/www.fusiontables.com\/es\/wenge\/#primaryimage","url":"https:\/\/www.fusiontables.com\/wp-content\/uploads\/2019\/04\/v4-ce2.jpg","contentUrl":"https:\/\/www.fusiontables.com\/wp-content\/uploads\/2019\/04\/v4-ce2.jpg","width":800,"height":299,"caption":"table billard"},{"@type":"BreadcrumbList","@id":"https:\/\/www.fusiontables.com\/es\/wenge\/#breadcrumb","itemListElement":[{"@type":"ListItem","position":1,"name":"Inicio","item":"https:\/\/www.fusiontables.com\/es\/"},{"@type":"ListItem","position":2,"name":"Wenge"}]},{"@type":"WebSite","@id":"https:\/\/www.fusiontables.com\/es\/#website","url":"https:\/\/www.fusiontables.com\/es\/","name":"Fusion Tables","description":"","publisher":{"@id":"https:\/\/www.fusiontables.com\/es\/#organization"},"potentialAction":[{"@type":"SearchAction","target":{"@type":"EntryPoint","urlTemplate":"https:\/\/www.fusiontables.com\/es\/?s={search_term_string}"},"query-input":{"@type":"PropertyValueSpecification","valueRequired":true,"valueName":"search_term_string"}}],"inLanguage":"es"},{"@type":"Organization","@id":"https:\/\/www.fusiontables.com\/es\/#organization","name":"Fusion Tables","url":"https:\/\/www.fusiontables.com\/es\/","logo":{"@type":"ImageObject","inLanguage":"es","@id":"https:\/\/www.fusiontables.com\/es\/#\/schema\/logo\/image\/","url":"https:\/\/www.fusiontables.com\/wp-content\/uploads\/2024\/11\/Fusiontables-Logo.png","contentUrl":"https:\/\/www.fusiontables.com\/wp-content\/uploads\/2024\/11\/Fusiontables-Logo.png","width":514,"height":119,"caption":"Fusion Tables"},"image":{"@id":"https:\/\/www.fusiontables.com\/es\/#\/schema\/logo\/image\/"}}]}},"_links":{"self":[{"href":"https:\/\/www.fusiontables.com\/es\/wp-json\/wp\/v2\/pages\/669","targetHints":{"allow":["GET"]}}],"collection":[{"href":"https:\/\/www.fusiontables.com\/es\/wp-json\/wp\/v2\/pages"}],"about":[{"href":"https:\/\/www.fusiontables.com\/es\/wp-json\/wp\/v2\/types\/page"}],"author":[{"embeddable":true,"href":"https:\/\/www.fusiontables.com\/es\/wp-json\/wp\/v2\/users\/2"}],"replies":[{"embeddable":true,"href":"https:\/\/www.fusiontables.com\/es\/wp-json\/wp\/v2\/comments?post=669"}],"version-history":[{"count":3,"href":"https:\/\/www.fusiontables.com\/es\/wp-json\/wp\/v2\/pages\/669\/revisions"}],"predecessor-version":[{"id":4119,"href":"https:\/\/www.fusiontables.com\/es\/wp-json\/wp\/v2\/pages\/669\/revisions\/4119"}],"wp:featuredmedia":[{"embeddable":true,"href":"https:\/\/www.fusiontables.com\/es\/wp-json\/wp\/v2\/media\/660"}],"wp:attachment":[{"href":"https:\/\/www.fusiontables.com\/es\/wp-json\/wp\/v2\/media?parent=669"}],"curies":[{"name":"wp","href":"https:\/\/api.w.org\/{rel}","templated":true}]}}