{"id":680,"date":"2019-04-08T13:04:27","date_gmt":"2019-04-08T11:04:27","guid":{"rendered":"https:\/\/www.fusiontables.com\/roble-vintage\/"},"modified":"2025-01-17T16:30:46","modified_gmt":"2025-01-17T15:30:46","slug":"roble-vintage","status":"publish","type":"page","link":"https:\/\/www.fusiontables.com\/es\/roble-vintage\/","title":{"rendered":"Roble Vintage"},"content":{"rendered":"<p>La tendencia actual es hacia productos inspirados en el movimiento vintage o industrial, lo que significa que los dise\u00f1adores m\u00e1s atrevidos buscan acabados de madera \u00abrecuperados\u00bb o \u00abenvejecidos\u00bb. Fusiontables selecciona madera centenaria para lograr este look. Con el acabado Vintage, sus muebles pueden contar una historia a sus invitados. Cada tablero Vintage es \u00fanico y diferente de los dem\u00e1s. La chapa es el resultado de un proceso de fabricaci\u00f3n revolucionario y le da una dimensi\u00f3n adicional a su moderno <a href=\"https:\/\/www.fusiontables.com\/es\/mesas-fusion\/\"><strong>aparador Fusion<\/strong> o <strong>mesa de billar transformable<\/strong><\/a>. Con orificios enmasillados, con sello y firma, no le falta nada a este roble que ha perdurado durante siglos, para llegar a su comedor o sala de estar. Usted y sus invitados pueden pensar en ello, mientras pasan sus dedos por este acabado con su inimitable sensaci\u00f3n de autenticidad. Casi podr\u00eda sentir la tentaci\u00f3n de pasar una lijadora sobre ella como en una vieja pieza de madera maciza (no lo haga, por supuesto). Este exclusivo acabado es una combinaci\u00f3n particularmente buena para la nueva <a href=\"https:\/\/www.fusiontables.com\/es\/rock-reverso\/\"><strong>cer\u00e1mica de Rock Reverso<\/strong><\/a>.<\/p>\n<p>Este acabado est\u00e1 disponible exclusivamente en la colecci\u00f3n <a href=\"https:\/\/www.fusiontables.com\/es\/coleccion-metal-line\/\"><strong>Metal Line<\/strong><\/a> de <a href=\"https:\/\/www.fusiontables.com\/es\/mesas-fusion\/\"><strong>mesas de billar transformables<\/strong><\/a>.<br \/>\n<img fetchpriority=\"high\" decoding=\"async\" class=\" size-full wp-image-672\" src=\"https:\/\/www.fusiontables.com\/wp-content\/uploads\/2019\/04\/v9-36b.jpg\" alt=\"vintage\" width=\"800\" height=\"264\" data-align=\"center\" data-entity-type=\"file\" data-entity-uuid=\"8d4d2df7-5e95-4a37-a0a1-dcc482b84f63\" srcset=\"https:\/\/www.fusiontables.com\/wp-content\/uploads\/2019\/04\/v9-36b.jpg 800w, https:\/\/www.fusiontables.com\/wp-content\/uploads\/2019\/04\/v9-36b-300x99.jpg 300w, https:\/\/www.fusiontables.com\/wp-content\/uploads\/2019\/04\/v9-36b-768x253.jpg 768w\" sizes=\"(max-width: 800px) 100vw, 800px\" \/><\/p>\n","protected":false},"excerpt":{"rendered":"<p>La tendencia actual es hacia productos inspirados en el movimiento vintage o industrial, lo que significa que los dise\u00f1adores m\u00e1s atrevidos buscan acabados de madera \u00abrecuperados\u00bb o \u00abenvejecidos\u00bb. Fusiontables selecciona madera centenaria para lograr este look. Con el acabado Vintage, sus muebles pueden contar una historia a sus invitados. Cada tablero Vintage es \u00fanico y [&hellip;]<\/p>\n","protected":false},"author":2,"featured_media":672,"parent":0,"menu_order":0,"comment_status":"closed","ping_status":"closed","template":"","meta":{"_acf_changed":false,"footnotes":""},"class_list":["post-680","page","type-page","status-publish","has-post-thumbnail","hentry"],"acf":[],"yoast_head":"<!-- This site is optimized with the Yoast SEO plugin v27.3 - https:\/\/yoast.com\/product\/yoast-seo-wordpress\/ -->\n<title>Roble Vintage - Fusion Tables<\/title>\n<meta name=\"robots\" content=\"index, follow, max-snippet:-1, max-image-preview:large, max-video-preview:-1\" \/>\n<link rel=\"canonical\" href=\"https:\/\/www.fusiontables.com\/es\/roble-vintage\/\" \/>\n<meta property=\"og:locale\" content=\"es_ES\" \/>\n<meta property=\"og:type\" content=\"article\" \/>\n<meta property=\"og:title\" content=\"Roble Vintage - Fusion Tables\" \/>\n<meta property=\"og:description\" content=\"La tendencia actual es hacia productos inspirados en el movimiento vintage o industrial, lo que significa que los dise\u00f1adores m\u00e1s atrevidos buscan acabados de madera \u00abrecuperados\u00bb o \u00abenvejecidos\u00bb. Fusiontables selecciona madera centenaria para lograr este look. Con el acabado Vintage, sus muebles pueden contar una historia a sus invitados. Cada tablero Vintage es \u00fanico y [&hellip;]\" \/>\n<meta property=\"og:url\" content=\"https:\/\/www.fusiontables.com\/es\/roble-vintage\/\" \/>\n<meta property=\"og:site_name\" content=\"Fusion Tables\" \/>\n<meta property=\"article:modified_time\" content=\"2025-01-17T15:30:46+00:00\" \/>\n<meta property=\"og:image\" content=\"https:\/\/www.fusiontables.com\/wp-content\/uploads\/2019\/04\/v9-36b.jpg\" \/>\n\t<meta property=\"og:image:width\" content=\"800\" \/>\n\t<meta property=\"og:image:height\" content=\"264\" \/>\n\t<meta property=\"og:image:type\" content=\"image\/jpeg\" \/>\n<meta name=\"twitter:card\" content=\"summary_large_image\" \/>\n<meta name=\"twitter:label1\" content=\"Tiempo de lectura\" \/>\n\t<meta name=\"twitter:data1\" content=\"2 minutos\" \/>\n<script type=\"application\/ld+json\" class=\"yoast-schema-graph\">{\"@context\":\"https:\\\/\\\/schema.org\",\"@graph\":[{\"@type\":\"WebPage\",\"@id\":\"https:\\\/\\\/www.fusiontables.com\\\/es\\\/roble-vintage\\\/\",\"url\":\"https:\\\/\\\/www.fusiontables.com\\\/es\\\/roble-vintage\\\/\",\"name\":\"Roble Vintage - Fusion Tables\",\"isPartOf\":{\"@id\":\"https:\\\/\\\/www.fusiontables.com\\\/es\\\/#website\"},\"primaryImageOfPage\":{\"@id\":\"https:\\\/\\\/www.fusiontables.com\\\/es\\\/roble-vintage\\\/#primaryimage\"},\"image\":{\"@id\":\"https:\\\/\\\/www.fusiontables.com\\\/es\\\/roble-vintage\\\/#primaryimage\"},\"thumbnailUrl\":\"https:\\\/\\\/www.fusiontables.com\\\/wp-content\\\/uploads\\\/2019\\\/04\\\/v9-36b.jpg\",\"datePublished\":\"2019-04-08T11:04:27+00:00\",\"dateModified\":\"2025-01-17T15:30:46+00:00\",\"breadcrumb\":{\"@id\":\"https:\\\/\\\/www.fusiontables.com\\\/es\\\/roble-vintage\\\/#breadcrumb\"},\"inLanguage\":\"es\",\"potentialAction\":[{\"@type\":\"ReadAction\",\"target\":[\"https:\\\/\\\/www.fusiontables.com\\\/es\\\/roble-vintage\\\/\"]}]},{\"@type\":\"ImageObject\",\"inLanguage\":\"es\",\"@id\":\"https:\\\/\\\/www.fusiontables.com\\\/es\\\/roble-vintage\\\/#primaryimage\",\"url\":\"https:\\\/\\\/www.fusiontables.com\\\/wp-content\\\/uploads\\\/2019\\\/04\\\/v9-36b.jpg\",\"contentUrl\":\"https:\\\/\\\/www.fusiontables.com\\\/wp-content\\\/uploads\\\/2019\\\/04\\\/v9-36b.jpg\",\"width\":800,\"height\":264,\"caption\":\"vintage\"},{\"@type\":\"BreadcrumbList\",\"@id\":\"https:\\\/\\\/www.fusiontables.com\\\/es\\\/roble-vintage\\\/#breadcrumb\",\"itemListElement\":[{\"@type\":\"ListItem\",\"position\":1,\"name\":\"Inicio\",\"item\":\"https:\\\/\\\/www.fusiontables.com\\\/es\\\/\"},{\"@type\":\"ListItem\",\"position\":2,\"name\":\"Roble Vintage\"}]},{\"@type\":\"WebSite\",\"@id\":\"https:\\\/\\\/www.fusiontables.com\\\/es\\\/#website\",\"url\":\"https:\\\/\\\/www.fusiontables.com\\\/es\\\/\",\"name\":\"Fusion Tables\",\"description\":\"\",\"publisher\":{\"@id\":\"https:\\\/\\\/www.fusiontables.com\\\/es\\\/#organization\"},\"potentialAction\":[{\"@type\":\"SearchAction\",\"target\":{\"@type\":\"EntryPoint\",\"urlTemplate\":\"https:\\\/\\\/www.fusiontables.com\\\/es\\\/?s={search_term_string}\"},\"query-input\":{\"@type\":\"PropertyValueSpecification\",\"valueRequired\":true,\"valueName\":\"search_term_string\"}}],\"inLanguage\":\"es\"},{\"@type\":\"Organization\",\"@id\":\"https:\\\/\\\/www.fusiontables.com\\\/es\\\/#organization\",\"name\":\"Fusion Tables\",\"url\":\"https:\\\/\\\/www.fusiontables.com\\\/es\\\/\",\"logo\":{\"@type\":\"ImageObject\",\"inLanguage\":\"es\",\"@id\":\"https:\\\/\\\/www.fusiontables.com\\\/es\\\/#\\\/schema\\\/logo\\\/image\\\/\",\"url\":\"https:\\\/\\\/www.fusiontables.com\\\/wp-content\\\/uploads\\\/2024\\\/11\\\/Fusiontables-Logo.png\",\"contentUrl\":\"https:\\\/\\\/www.fusiontables.com\\\/wp-content\\\/uploads\\\/2024\\\/11\\\/Fusiontables-Logo.png\",\"width\":514,\"height\":119,\"caption\":\"Fusion Tables\"},\"image\":{\"@id\":\"https:\\\/\\\/www.fusiontables.com\\\/es\\\/#\\\/schema\\\/logo\\\/image\\\/\"}}]}<\/script>\n<!-- \/ Yoast SEO plugin. -->","yoast_head_json":{"title":"Roble Vintage - Fusion Tables","robots":{"index":"index","follow":"follow","max-snippet":"max-snippet:-1","max-image-preview":"max-image-preview:large","max-video-preview":"max-video-preview:-1"},"canonical":"https:\/\/www.fusiontables.com\/es\/roble-vintage\/","og_locale":"es_ES","og_type":"article","og_title":"Roble Vintage - Fusion Tables","og_description":"La tendencia actual es hacia productos inspirados en el movimiento vintage o industrial, lo que significa que los dise\u00f1adores m\u00e1s atrevidos buscan acabados de madera \u00abrecuperados\u00bb o \u00abenvejecidos\u00bb. Fusiontables selecciona madera centenaria para lograr este look. Con el acabado Vintage, sus muebles pueden contar una historia a sus invitados. Cada tablero Vintage es \u00fanico y [&hellip;]","og_url":"https:\/\/www.fusiontables.com\/es\/roble-vintage\/","og_site_name":"Fusion Tables","article_modified_time":"2025-01-17T15:30:46+00:00","og_image":[{"width":800,"height":264,"url":"https:\/\/www.fusiontables.com\/wp-content\/uploads\/2019\/04\/v9-36b.jpg","type":"image\/jpeg"}],"twitter_card":"summary_large_image","twitter_misc":{"Tiempo de lectura":"2 minutos"},"schema":{"@context":"https:\/\/schema.org","@graph":[{"@type":"WebPage","@id":"https:\/\/www.fusiontables.com\/es\/roble-vintage\/","url":"https:\/\/www.fusiontables.com\/es\/roble-vintage\/","name":"Roble Vintage - Fusion Tables","isPartOf":{"@id":"https:\/\/www.fusiontables.com\/es\/#website"},"primaryImageOfPage":{"@id":"https:\/\/www.fusiontables.com\/es\/roble-vintage\/#primaryimage"},"image":{"@id":"https:\/\/www.fusiontables.com\/es\/roble-vintage\/#primaryimage"},"thumbnailUrl":"https:\/\/www.fusiontables.com\/wp-content\/uploads\/2019\/04\/v9-36b.jpg","datePublished":"2019-04-08T11:04:27+00:00","dateModified":"2025-01-17T15:30:46+00:00","breadcrumb":{"@id":"https:\/\/www.fusiontables.com\/es\/roble-vintage\/#breadcrumb"},"inLanguage":"es","potentialAction":[{"@type":"ReadAction","target":["https:\/\/www.fusiontables.com\/es\/roble-vintage\/"]}]},{"@type":"ImageObject","inLanguage":"es","@id":"https:\/\/www.fusiontables.com\/es\/roble-vintage\/#primaryimage","url":"https:\/\/www.fusiontables.com\/wp-content\/uploads\/2019\/04\/v9-36b.jpg","contentUrl":"https:\/\/www.fusiontables.com\/wp-content\/uploads\/2019\/04\/v9-36b.jpg","width":800,"height":264,"caption":"vintage"},{"@type":"BreadcrumbList","@id":"https:\/\/www.fusiontables.com\/es\/roble-vintage\/#breadcrumb","itemListElement":[{"@type":"ListItem","position":1,"name":"Inicio","item":"https:\/\/www.fusiontables.com\/es\/"},{"@type":"ListItem","position":2,"name":"Roble Vintage"}]},{"@type":"WebSite","@id":"https:\/\/www.fusiontables.com\/es\/#website","url":"https:\/\/www.fusiontables.com\/es\/","name":"Fusion Tables","description":"","publisher":{"@id":"https:\/\/www.fusiontables.com\/es\/#organization"},"potentialAction":[{"@type":"SearchAction","target":{"@type":"EntryPoint","urlTemplate":"https:\/\/www.fusiontables.com\/es\/?s={search_term_string}"},"query-input":{"@type":"PropertyValueSpecification","valueRequired":true,"valueName":"search_term_string"}}],"inLanguage":"es"},{"@type":"Organization","@id":"https:\/\/www.fusiontables.com\/es\/#organization","name":"Fusion Tables","url":"https:\/\/www.fusiontables.com\/es\/","logo":{"@type":"ImageObject","inLanguage":"es","@id":"https:\/\/www.fusiontables.com\/es\/#\/schema\/logo\/image\/","url":"https:\/\/www.fusiontables.com\/wp-content\/uploads\/2024\/11\/Fusiontables-Logo.png","contentUrl":"https:\/\/www.fusiontables.com\/wp-content\/uploads\/2024\/11\/Fusiontables-Logo.png","width":514,"height":119,"caption":"Fusion Tables"},"image":{"@id":"https:\/\/www.fusiontables.com\/es\/#\/schema\/logo\/image\/"}}]}},"_links":{"self":[{"href":"https:\/\/www.fusiontables.com\/es\/wp-json\/wp\/v2\/pages\/680","targetHints":{"allow":["GET"]}}],"collection":[{"href":"https:\/\/www.fusiontables.com\/es\/wp-json\/wp\/v2\/pages"}],"about":[{"href":"https:\/\/www.fusiontables.com\/es\/wp-json\/wp\/v2\/types\/page"}],"author":[{"embeddable":true,"href":"https:\/\/www.fusiontables.com\/es\/wp-json\/wp\/v2\/users\/2"}],"replies":[{"embeddable":true,"href":"https:\/\/www.fusiontables.com\/es\/wp-json\/wp\/v2\/comments?post=680"}],"version-history":[{"count":2,"href":"https:\/\/www.fusiontables.com\/es\/wp-json\/wp\/v2\/pages\/680\/revisions"}],"predecessor-version":[{"id":3136,"href":"https:\/\/www.fusiontables.com\/es\/wp-json\/wp\/v2\/pages\/680\/revisions\/3136"}],"wp:featuredmedia":[{"embeddable":true,"href":"https:\/\/www.fusiontables.com\/es\/wp-json\/wp\/v2\/media\/672"}],"wp:attachment":[{"href":"https:\/\/www.fusiontables.com\/es\/wp-json\/wp\/v2\/media?parent=680"}],"curies":[{"name":"wp","href":"https:\/\/api.w.org\/{rel}","templated":true}]}}