{"id":867,"date":"2019-04-08T14:05:40","date_gmt":"2019-04-08T12:05:40","guid":{"rendered":"https:\/\/www.fusiontables.com\/pizarra-2\/"},"modified":"2024-12-13T15:23:15","modified_gmt":"2024-12-13T14:23:15","slug":"pizarra-2","status":"publish","type":"page","link":"https:\/\/www.fusiontables.com\/es\/pizarra-2\/","title":{"rendered":"Pizarra"},"content":{"rendered":"\n<p>La gama de Pizarra se parece al granito. Es elegante, una cer\u00e1mica gris muy oscura con una sensaci\u00f3n t\u00edpica de la piedra natural. Ceniza se puede combinar id\u00f3neamente con todos los acabados negros de la gama gracias a su tono oscuro.<\/p>\n\n\n\n<p>Este acabado est\u00e1 disponible exclusivamente en nuestros paneles reversibles<strong> Rock Reverso para <a href=\"https:\/\/www.fusiontables.com\/es\/mesas-fusion\/\">mesas de comedor que se transforman en modernas mesas de billar<\/a><\/strong>.<\/p>\n\n\n\n<figure class=\"wp-block-image\"><img fetchpriority=\"high\" decoding=\"async\" width=\"298\" height=\"299\" src=\"https:\/\/www.fusiontables.com\/wp-content\/uploads\/2019\/04\/pizzara-493.jpg\" alt=\"pizzara\" class=\"wp-image-852\" srcset=\"https:\/\/www.fusiontables.com\/wp-content\/uploads\/2019\/04\/pizzara-493.jpg 298w, https:\/\/www.fusiontables.com\/wp-content\/uploads\/2019\/04\/pizzara-493-150x150.jpg 150w\" sizes=\"(max-width: 298px) 100vw, 298px\" \/><\/figure>\n\n\n\n<figure class=\"wp-block-image\"><img decoding=\"async\" width=\"720\" height=\"1280\" src=\"https:\/\/www.fusiontables.com\/wp-content\/uploads\/2019\/04\/rock_pizarra-38d.jpeg\" alt=\"pizara\" class=\"wp-image-858\" srcset=\"https:\/\/www.fusiontables.com\/wp-content\/uploads\/2019\/04\/rock_pizarra-38d.jpeg 720w, https:\/\/www.fusiontables.com\/wp-content\/uploads\/2019\/04\/rock_pizarra-38d-169x300.jpeg 169w, https:\/\/www.fusiontables.com\/wp-content\/uploads\/2019\/04\/rock_pizarra-38d-576x1024.jpeg 576w\" sizes=\"(max-width: 720px) 100vw, 720px\" \/><\/figure>\n\n\n\n<p>&nbsp;<\/p>\n","protected":false},"excerpt":{"rendered":"<p>La gama de Pizarra se parece al granito. Es elegante, una cer\u00e1mica gris muy oscura con una sensaci\u00f3n t\u00edpica de la piedra natural. Ceniza se puede combinar id\u00f3neamente con todos los acabados negros de la gama gracias a su tono oscuro. Este acabado est\u00e1 disponible exclusivamente en nuestros paneles reversibles Rock Reverso para mesas de [&hellip;]<\/p>\n","protected":false},"author":2,"featured_media":852,"parent":0,"menu_order":0,"comment_status":"closed","ping_status":"closed","template":"","meta":{"_acf_changed":false,"footnotes":""},"class_list":["post-867","page","type-page","status-publish","has-post-thumbnail","hentry"],"acf":[],"yoast_head":"<!-- This site is optimized with the Yoast SEO plugin v27.4 - https:\/\/yoast.com\/product\/yoast-seo-wordpress\/ -->\n<title>Pizarra - Fusion Tables<\/title>\n<meta name=\"robots\" content=\"index, follow, max-snippet:-1, max-image-preview:large, max-video-preview:-1\" \/>\n<link rel=\"canonical\" href=\"https:\/\/www.fusiontables.com\/es\/pizarra-2\/\" \/>\n<meta property=\"og:locale\" content=\"es_ES\" \/>\n<meta property=\"og:type\" content=\"article\" \/>\n<meta property=\"og:title\" content=\"Pizarra - Fusion Tables\" \/>\n<meta property=\"og:description\" content=\"La gama de Pizarra se parece al granito. Es elegante, una cer\u00e1mica gris muy oscura con una sensaci\u00f3n t\u00edpica de la piedra natural. Ceniza se puede combinar id\u00f3neamente con todos los acabados negros de la gama gracias a su tono oscuro. Este acabado est\u00e1 disponible exclusivamente en nuestros paneles reversibles Rock Reverso para mesas de [&hellip;]\" \/>\n<meta property=\"og:url\" content=\"https:\/\/www.fusiontables.com\/es\/pizarra-2\/\" \/>\n<meta property=\"og:site_name\" content=\"Fusion Tables\" \/>\n<meta property=\"article:modified_time\" content=\"2024-12-13T14:23:15+00:00\" \/>\n<meta property=\"og:image\" content=\"https:\/\/www.fusiontables.com\/wp-content\/uploads\/2019\/04\/pizzara-493.jpg\" \/>\n\t<meta property=\"og:image:width\" content=\"298\" \/>\n\t<meta property=\"og:image:height\" content=\"299\" \/>\n\t<meta property=\"og:image:type\" content=\"image\/jpeg\" \/>\n<meta name=\"twitter:card\" content=\"summary_large_image\" \/>\n<meta name=\"twitter:label1\" content=\"Tiempo de lectura\" \/>\n\t<meta name=\"twitter:data1\" content=\"1 minuto\" \/>\n<script type=\"application\/ld+json\" class=\"yoast-schema-graph\">{\"@context\":\"https:\\\/\\\/schema.org\",\"@graph\":[{\"@type\":\"WebPage\",\"@id\":\"https:\\\/\\\/www.fusiontables.com\\\/es\\\/pizarra-2\\\/\",\"url\":\"https:\\\/\\\/www.fusiontables.com\\\/es\\\/pizarra-2\\\/\",\"name\":\"Pizarra - Fusion Tables\",\"isPartOf\":{\"@id\":\"https:\\\/\\\/www.fusiontables.com\\\/es\\\/#website\"},\"primaryImageOfPage\":{\"@id\":\"https:\\\/\\\/www.fusiontables.com\\\/es\\\/pizarra-2\\\/#primaryimage\"},\"image\":{\"@id\":\"https:\\\/\\\/www.fusiontables.com\\\/es\\\/pizarra-2\\\/#primaryimage\"},\"thumbnailUrl\":\"https:\\\/\\\/www.fusiontables.com\\\/wp-content\\\/uploads\\\/2019\\\/04\\\/pizzara-493.jpg\",\"datePublished\":\"2019-04-08T12:05:40+00:00\",\"dateModified\":\"2024-12-13T14:23:15+00:00\",\"breadcrumb\":{\"@id\":\"https:\\\/\\\/www.fusiontables.com\\\/es\\\/pizarra-2\\\/#breadcrumb\"},\"inLanguage\":\"es\",\"potentialAction\":[{\"@type\":\"ReadAction\",\"target\":[\"https:\\\/\\\/www.fusiontables.com\\\/es\\\/pizarra-2\\\/\"]}]},{\"@type\":\"ImageObject\",\"inLanguage\":\"es\",\"@id\":\"https:\\\/\\\/www.fusiontables.com\\\/es\\\/pizarra-2\\\/#primaryimage\",\"url\":\"https:\\\/\\\/www.fusiontables.com\\\/wp-content\\\/uploads\\\/2019\\\/04\\\/pizzara-493.jpg\",\"contentUrl\":\"https:\\\/\\\/www.fusiontables.com\\\/wp-content\\\/uploads\\\/2019\\\/04\\\/pizzara-493.jpg\",\"width\":298,\"height\":299,\"caption\":\"billard design convertible\"},{\"@type\":\"BreadcrumbList\",\"@id\":\"https:\\\/\\\/www.fusiontables.com\\\/es\\\/pizarra-2\\\/#breadcrumb\",\"itemListElement\":[{\"@type\":\"ListItem\",\"position\":1,\"name\":\"Inicio\",\"item\":\"https:\\\/\\\/www.fusiontables.com\\\/es\\\/\"},{\"@type\":\"ListItem\",\"position\":2,\"name\":\"Pizarra\"}]},{\"@type\":\"WebSite\",\"@id\":\"https:\\\/\\\/www.fusiontables.com\\\/es\\\/#website\",\"url\":\"https:\\\/\\\/www.fusiontables.com\\\/es\\\/\",\"name\":\"Fusion Tables\",\"description\":\"\",\"publisher\":{\"@id\":\"https:\\\/\\\/www.fusiontables.com\\\/es\\\/#organization\"},\"potentialAction\":[{\"@type\":\"SearchAction\",\"target\":{\"@type\":\"EntryPoint\",\"urlTemplate\":\"https:\\\/\\\/www.fusiontables.com\\\/es\\\/?s={search_term_string}\"},\"query-input\":{\"@type\":\"PropertyValueSpecification\",\"valueRequired\":true,\"valueName\":\"search_term_string\"}}],\"inLanguage\":\"es\"},{\"@type\":\"Organization\",\"@id\":\"https:\\\/\\\/www.fusiontables.com\\\/es\\\/#organization\",\"name\":\"Fusion Tables\",\"url\":\"https:\\\/\\\/www.fusiontables.com\\\/es\\\/\",\"logo\":{\"@type\":\"ImageObject\",\"inLanguage\":\"es\",\"@id\":\"https:\\\/\\\/www.fusiontables.com\\\/es\\\/#\\\/schema\\\/logo\\\/image\\\/\",\"url\":\"https:\\\/\\\/www.fusiontables.com\\\/wp-content\\\/uploads\\\/2024\\\/11\\\/Fusiontables-Logo.png\",\"contentUrl\":\"https:\\\/\\\/www.fusiontables.com\\\/wp-content\\\/uploads\\\/2024\\\/11\\\/Fusiontables-Logo.png\",\"width\":514,\"height\":119,\"caption\":\"Fusion Tables\"},\"image\":{\"@id\":\"https:\\\/\\\/www.fusiontables.com\\\/es\\\/#\\\/schema\\\/logo\\\/image\\\/\"}}]}<\/script>\n<!-- \/ Yoast SEO plugin. -->","yoast_head_json":{"title":"Pizarra - Fusion Tables","robots":{"index":"index","follow":"follow","max-snippet":"max-snippet:-1","max-image-preview":"max-image-preview:large","max-video-preview":"max-video-preview:-1"},"canonical":"https:\/\/www.fusiontables.com\/es\/pizarra-2\/","og_locale":"es_ES","og_type":"article","og_title":"Pizarra - Fusion Tables","og_description":"La gama de Pizarra se parece al granito. Es elegante, una cer\u00e1mica gris muy oscura con una sensaci\u00f3n t\u00edpica de la piedra natural. Ceniza se puede combinar id\u00f3neamente con todos los acabados negros de la gama gracias a su tono oscuro. Este acabado est\u00e1 disponible exclusivamente en nuestros paneles reversibles Rock Reverso para mesas de [&hellip;]","og_url":"https:\/\/www.fusiontables.com\/es\/pizarra-2\/","og_site_name":"Fusion Tables","article_modified_time":"2024-12-13T14:23:15+00:00","og_image":[{"width":298,"height":299,"url":"https:\/\/www.fusiontables.com\/wp-content\/uploads\/2019\/04\/pizzara-493.jpg","type":"image\/jpeg"}],"twitter_card":"summary_large_image","twitter_misc":{"Tiempo de lectura":"1 minuto"},"schema":{"@context":"https:\/\/schema.org","@graph":[{"@type":"WebPage","@id":"https:\/\/www.fusiontables.com\/es\/pizarra-2\/","url":"https:\/\/www.fusiontables.com\/es\/pizarra-2\/","name":"Pizarra - Fusion Tables","isPartOf":{"@id":"https:\/\/www.fusiontables.com\/es\/#website"},"primaryImageOfPage":{"@id":"https:\/\/www.fusiontables.com\/es\/pizarra-2\/#primaryimage"},"image":{"@id":"https:\/\/www.fusiontables.com\/es\/pizarra-2\/#primaryimage"},"thumbnailUrl":"https:\/\/www.fusiontables.com\/wp-content\/uploads\/2019\/04\/pizzara-493.jpg","datePublished":"2019-04-08T12:05:40+00:00","dateModified":"2024-12-13T14:23:15+00:00","breadcrumb":{"@id":"https:\/\/www.fusiontables.com\/es\/pizarra-2\/#breadcrumb"},"inLanguage":"es","potentialAction":[{"@type":"ReadAction","target":["https:\/\/www.fusiontables.com\/es\/pizarra-2\/"]}]},{"@type":"ImageObject","inLanguage":"es","@id":"https:\/\/www.fusiontables.com\/es\/pizarra-2\/#primaryimage","url":"https:\/\/www.fusiontables.com\/wp-content\/uploads\/2019\/04\/pizzara-493.jpg","contentUrl":"https:\/\/www.fusiontables.com\/wp-content\/uploads\/2019\/04\/pizzara-493.jpg","width":298,"height":299,"caption":"billard design convertible"},{"@type":"BreadcrumbList","@id":"https:\/\/www.fusiontables.com\/es\/pizarra-2\/#breadcrumb","itemListElement":[{"@type":"ListItem","position":1,"name":"Inicio","item":"https:\/\/www.fusiontables.com\/es\/"},{"@type":"ListItem","position":2,"name":"Pizarra"}]},{"@type":"WebSite","@id":"https:\/\/www.fusiontables.com\/es\/#website","url":"https:\/\/www.fusiontables.com\/es\/","name":"Fusion Tables","description":"","publisher":{"@id":"https:\/\/www.fusiontables.com\/es\/#organization"},"potentialAction":[{"@type":"SearchAction","target":{"@type":"EntryPoint","urlTemplate":"https:\/\/www.fusiontables.com\/es\/?s={search_term_string}"},"query-input":{"@type":"PropertyValueSpecification","valueRequired":true,"valueName":"search_term_string"}}],"inLanguage":"es"},{"@type":"Organization","@id":"https:\/\/www.fusiontables.com\/es\/#organization","name":"Fusion Tables","url":"https:\/\/www.fusiontables.com\/es\/","logo":{"@type":"ImageObject","inLanguage":"es","@id":"https:\/\/www.fusiontables.com\/es\/#\/schema\/logo\/image\/","url":"https:\/\/www.fusiontables.com\/wp-content\/uploads\/2024\/11\/Fusiontables-Logo.png","contentUrl":"https:\/\/www.fusiontables.com\/wp-content\/uploads\/2024\/11\/Fusiontables-Logo.png","width":514,"height":119,"caption":"Fusion Tables"},"image":{"@id":"https:\/\/www.fusiontables.com\/es\/#\/schema\/logo\/image\/"}}]}},"_links":{"self":[{"href":"https:\/\/www.fusiontables.com\/es\/wp-json\/wp\/v2\/pages\/867","targetHints":{"allow":["GET"]}}],"collection":[{"href":"https:\/\/www.fusiontables.com\/es\/wp-json\/wp\/v2\/pages"}],"about":[{"href":"https:\/\/www.fusiontables.com\/es\/wp-json\/wp\/v2\/types\/page"}],"author":[{"embeddable":true,"href":"https:\/\/www.fusiontables.com\/es\/wp-json\/wp\/v2\/users\/2"}],"replies":[{"embeddable":true,"href":"https:\/\/www.fusiontables.com\/es\/wp-json\/wp\/v2\/comments?post=867"}],"version-history":[{"count":2,"href":"https:\/\/www.fusiontables.com\/es\/wp-json\/wp\/v2\/pages\/867\/revisions"}],"predecessor-version":[{"id":2965,"href":"https:\/\/www.fusiontables.com\/es\/wp-json\/wp\/v2\/pages\/867\/revisions\/2965"}],"wp:featuredmedia":[{"embeddable":true,"href":"https:\/\/www.fusiontables.com\/es\/wp-json\/wp\/v2\/media\/852"}],"wp:attachment":[{"href":"https:\/\/www.fusiontables.com\/es\/wp-json\/wp\/v2\/media?parent=867"}],"curies":[{"name":"wp","href":"https:\/\/api.w.org\/{rel}","templated":true}]}}