{"id":1036,"date":"2020-11-05T09:46:40","date_gmt":"2020-11-05T08:46:40","guid":{"rendered":"https:\/\/www.fusiontables.com\/chaises\/"},"modified":"2025-02-21T11:37:32","modified_gmt":"2025-02-21T10:37:32","slug":"chaises","status":"publish","type":"page","link":"https:\/\/www.fusiontables.com\/fr\/chaises\/","title":{"rendered":"Chaises"},"content":{"rendered":"<p>La chaise Fusion a \u00e9t\u00e9 sp\u00e9cialement con\u00e7ue par l\u2019\u00e9quipe de design des tables Fusion. Son rev\u00eatement en cuir blanc microfibre est extr\u00eamement confortable et\u00a0facile \u00e0 nettoyer.\u00a0Le dos de la chaise Fusion a \u00e9t\u00e9 con\u00e7u pour rester sous la hauteur de la table de repas transformable en billard Fusion dans sa position plus \u00e9lev\u00e9e, de mani\u00e8re \u00e0 ne pas perturber les joueurs de billard. Rien n\u2019entrave donc le jeu lorsque la chaise est rang\u00e9e contre la table.<\/p>\n<p><img fetchpriority=\"high\" decoding=\"async\" class=\" size-full wp-image-1009\" src=\"https:\/\/www.fusiontables.com\/wp-content\/uploads\/2020\/11\/white-chair-e87.png\" alt=\"white chair\" width=\"1200\" height=\"772\" data-align=\"center\" data-entity-type=\"file\" data-entity-uuid=\"3552bd27-dbf6-484c-8007-0b8e0936781d\" srcset=\"https:\/\/www.fusiontables.com\/wp-content\/uploads\/2020\/11\/white-chair-e87.png 1200w, https:\/\/www.fusiontables.com\/wp-content\/uploads\/2020\/11\/white-chair-e87-300x193.png 300w, https:\/\/www.fusiontables.com\/wp-content\/uploads\/2020\/11\/white-chair-e87-1024x659.png 1024w, https:\/\/www.fusiontables.com\/wp-content\/uploads\/2020\/11\/white-chair-e87-768x494.png 768w\" sizes=\"(max-width: 1200px) 100vw, 1200px\" \/><\/p>\n<hr \/>\n<p>Les nouvelles chaises Fusiontables pr\u00e9sentent un nouveau design visant \u00e0 mieux s&rsquo;adapter \u00e0 la tendance actuelle tout en offrant l&rsquo;avantage de s&rsquo;adapter parfaitement \u00e0 la hauteur de la table convertible en billard Fusion. De ce fait, plus besoin de d\u00e9placer les chaises pour jouer parfaitement \u00e0 votre jeu pr\u00e9f\u00e9r\u00e9 lorsque la table est en position haute de billard.<\/p>\n<p><img decoding=\"async\" class=\" size-full wp-image-1015\" src=\"https:\/\/www.fusiontables.com\/wp-content\/uploads\/2020\/11\/fusionchairs-300.png\" alt=\"fusion chairs\" width=\"1200\" height=\"876\" data-align=\"center\" data-entity-type=\"file\" data-entity-uuid=\"27ea5a23-c42d-4590-93ae-4792f6adf268\" srcset=\"https:\/\/www.fusiontables.com\/wp-content\/uploads\/2020\/11\/fusionchairs-300.png 1200w, https:\/\/www.fusiontables.com\/wp-content\/uploads\/2020\/11\/fusionchairs-300-300x219.png 300w, https:\/\/www.fusiontables.com\/wp-content\/uploads\/2020\/11\/fusionchairs-300-1024x748.png 1024w, https:\/\/www.fusiontables.com\/wp-content\/uploads\/2020\/11\/fusionchairs-300-768x561.png 768w\" sizes=\"(max-width: 1200px) 100vw, 1200px\" \/><\/p>\n<p>Elles offrent \u00e9galement la possibilit\u00e9 d&rsquo;\u00eatre empil\u00e9es si n\u00e9cessaire et offrent un confort tr\u00e8s agr\u00e9able et un entretien facile, avec un cuir PU de haute qualit\u00e9 disponible en <a href=\"https:\/\/www.fusiontables.com\/fr\/finition-cuir-noir\/\"><strong>noir<\/strong><\/a> ou gris taupe.<\/p>\n<p><img decoding=\"async\" class=\" size-full wp-image-1021\" src=\"https:\/\/www.fusiontables.com\/wp-content\/uploads\/2020\/11\/vue-chairs-fc5.jpg\" alt=\"chairs\" width=\"1200\" height=\"900\" data-align=\"center\" data-entity-type=\"file\" data-entity-uuid=\"e46bf513-1821-4e2e-9a52-1cd447ea9f2d\" srcset=\"https:\/\/www.fusiontables.com\/wp-content\/uploads\/2020\/11\/vue-chairs-fc5.jpg 1200w, https:\/\/www.fusiontables.com\/wp-content\/uploads\/2020\/11\/vue-chairs-fc5-300x225.jpg 300w, https:\/\/www.fusiontables.com\/wp-content\/uploads\/2020\/11\/vue-chairs-fc5-1024x768.jpg 1024w, https:\/\/www.fusiontables.com\/wp-content\/uploads\/2020\/11\/vue-chairs-fc5-768x576.jpg 768w\" sizes=\"(max-width: 1200px) 100vw, 1200px\" \/><\/p>\n<p>Fabriqu\u00e9es en Italie selon les sp\u00e9cifications Fusiontables.<\/p>\n<p><img loading=\"lazy\" decoding=\"async\" class=\" alignleft size-full wp-image-1027\" src=\"https:\/\/www.fusiontables.com\/wp-content\/uploads\/2020\/11\/size-chairs-770.png\" alt=\"size chair\" width=\"400\" height=\"451\" data-align=\"left\" data-entity-type=\"file\" data-entity-uuid=\"867c0521-e87e-4932-800f-1f7f451f2a14\" srcset=\"https:\/\/www.fusiontables.com\/wp-content\/uploads\/2020\/11\/size-chairs-770.png 400w, https:\/\/www.fusiontables.com\/wp-content\/uploads\/2020\/11\/size-chairs-770-266x300.png 266w\" sizes=\"(max-width: 400px) 100vw, 400px\" \/><\/p>\n<p><iframe style=\"width: 100%; height: 800px;\" src=\"https:\/\/www.archiproducts.com\/3d-viewer?productid=94004\"><\/iframe><\/p>\n","protected":false},"excerpt":{"rendered":"<p>La chaise Fusion a \u00e9t\u00e9 sp\u00e9cialement con\u00e7ue par l\u2019\u00e9quipe de design des tables Fusion. Son rev\u00eatement en cuir blanc microfibre est extr\u00eamement confortable et\u00a0facile \u00e0 nettoyer.\u00a0Le dos de la chaise Fusion a \u00e9t\u00e9 con\u00e7u pour rester sous la hauteur de la table de repas transformable en billard Fusion dans sa position plus \u00e9lev\u00e9e, de mani\u00e8re [&hellip;]<\/p>\n","protected":false},"author":2,"featured_media":1009,"parent":0,"menu_order":0,"comment_status":"closed","ping_status":"closed","template":"","meta":{"_acf_changed":false,"footnotes":""},"class_list":["post-1036","page","type-page","status-publish","has-post-thumbnail","hentry"],"acf":[],"yoast_head":"<!-- This site is optimized with the Yoast SEO plugin v27.3 - https:\/\/yoast.com\/product\/yoast-seo-wordpress\/ -->\n<title>Chaises - Fusion Tables<\/title>\n<meta name=\"robots\" content=\"index, follow, max-snippet:-1, max-image-preview:large, max-video-preview:-1\" \/>\n<link rel=\"canonical\" href=\"https:\/\/www.fusiontables.com\/fr\/chaises\/\" \/>\n<meta property=\"og:locale\" content=\"fr_FR\" \/>\n<meta property=\"og:type\" content=\"article\" \/>\n<meta property=\"og:title\" content=\"Chaises - Fusion Tables\" \/>\n<meta property=\"og:description\" content=\"La chaise Fusion a \u00e9t\u00e9 sp\u00e9cialement con\u00e7ue par l\u2019\u00e9quipe de design des tables Fusion. Son rev\u00eatement en cuir blanc microfibre est extr\u00eamement confortable et\u00a0facile \u00e0 nettoyer.\u00a0Le dos de la chaise Fusion a \u00e9t\u00e9 con\u00e7u pour rester sous la hauteur de la table de repas transformable en billard Fusion dans sa position plus \u00e9lev\u00e9e, de mani\u00e8re [&hellip;]\" \/>\n<meta property=\"og:url\" content=\"https:\/\/www.fusiontables.com\/fr\/chaises\/\" \/>\n<meta property=\"og:site_name\" content=\"Fusion Tables\" \/>\n<meta property=\"article:modified_time\" content=\"2025-02-21T10:37:32+00:00\" \/>\n<meta property=\"og:image\" content=\"https:\/\/www.fusiontables.com\/wp-content\/uploads\/2020\/11\/white-chair-e87.png\" \/>\n\t<meta property=\"og:image:width\" content=\"1200\" \/>\n\t<meta property=\"og:image:height\" content=\"772\" \/>\n\t<meta property=\"og:image:type\" content=\"image\/png\" \/>\n<meta name=\"twitter:card\" content=\"summary_large_image\" \/>\n<meta name=\"twitter:label1\" content=\"Dur\u00e9e de lecture estim\u00e9e\" \/>\n\t<meta name=\"twitter:data1\" content=\"2 minutes\" \/>\n<script type=\"application\/ld+json\" class=\"yoast-schema-graph\">{\"@context\":\"https:\\\/\\\/schema.org\",\"@graph\":[{\"@type\":\"WebPage\",\"@id\":\"https:\\\/\\\/www.fusiontables.com\\\/fr\\\/chaises\\\/\",\"url\":\"https:\\\/\\\/www.fusiontables.com\\\/fr\\\/chaises\\\/\",\"name\":\"Chaises - Fusion Tables\",\"isPartOf\":{\"@id\":\"https:\\\/\\\/www.fusiontables.com\\\/fr\\\/#website\"},\"primaryImageOfPage\":{\"@id\":\"https:\\\/\\\/www.fusiontables.com\\\/fr\\\/chaises\\\/#primaryimage\"},\"image\":{\"@id\":\"https:\\\/\\\/www.fusiontables.com\\\/fr\\\/chaises\\\/#primaryimage\"},\"thumbnailUrl\":\"https:\\\/\\\/www.fusiontables.com\\\/wp-content\\\/uploads\\\/2020\\\/11\\\/white-chair-e87.png\",\"datePublished\":\"2020-11-05T08:46:40+00:00\",\"dateModified\":\"2025-02-21T10:37:32+00:00\",\"breadcrumb\":{\"@id\":\"https:\\\/\\\/www.fusiontables.com\\\/fr\\\/chaises\\\/#breadcrumb\"},\"inLanguage\":\"fr-FR\",\"potentialAction\":[{\"@type\":\"ReadAction\",\"target\":[\"https:\\\/\\\/www.fusiontables.com\\\/fr\\\/chaises\\\/\"]}]},{\"@type\":\"ImageObject\",\"inLanguage\":\"fr-FR\",\"@id\":\"https:\\\/\\\/www.fusiontables.com\\\/fr\\\/chaises\\\/#primaryimage\",\"url\":\"https:\\\/\\\/www.fusiontables.com\\\/wp-content\\\/uploads\\\/2020\\\/11\\\/white-chair-e87.png\",\"contentUrl\":\"https:\\\/\\\/www.fusiontables.com\\\/wp-content\\\/uploads\\\/2020\\\/11\\\/white-chair-e87.png\",\"width\":1200,\"height\":772,\"caption\":\"white chair\"},{\"@type\":\"BreadcrumbList\",\"@id\":\"https:\\\/\\\/www.fusiontables.com\\\/fr\\\/chaises\\\/#breadcrumb\",\"itemListElement\":[{\"@type\":\"ListItem\",\"position\":1,\"name\":\"Accueil\",\"item\":\"https:\\\/\\\/www.fusiontables.com\\\/fr\\\/\"},{\"@type\":\"ListItem\",\"position\":2,\"name\":\"Chaises\"}]},{\"@type\":\"WebSite\",\"@id\":\"https:\\\/\\\/www.fusiontables.com\\\/fr\\\/#website\",\"url\":\"https:\\\/\\\/www.fusiontables.com\\\/fr\\\/\",\"name\":\"Fusion Tables\",\"description\":\"\",\"publisher\":{\"@id\":\"https:\\\/\\\/www.fusiontables.com\\\/fr\\\/#organization\"},\"potentialAction\":[{\"@type\":\"SearchAction\",\"target\":{\"@type\":\"EntryPoint\",\"urlTemplate\":\"https:\\\/\\\/www.fusiontables.com\\\/fr\\\/?s={search_term_string}\"},\"query-input\":{\"@type\":\"PropertyValueSpecification\",\"valueRequired\":true,\"valueName\":\"search_term_string\"}}],\"inLanguage\":\"fr-FR\"},{\"@type\":\"Organization\",\"@id\":\"https:\\\/\\\/www.fusiontables.com\\\/fr\\\/#organization\",\"name\":\"Fusion Tables\",\"url\":\"https:\\\/\\\/www.fusiontables.com\\\/fr\\\/\",\"logo\":{\"@type\":\"ImageObject\",\"inLanguage\":\"fr-FR\",\"@id\":\"https:\\\/\\\/www.fusiontables.com\\\/fr\\\/#\\\/schema\\\/logo\\\/image\\\/\",\"url\":\"https:\\\/\\\/www.fusiontables.com\\\/wp-content\\\/uploads\\\/2024\\\/11\\\/Fusiontables-Logo.png\",\"contentUrl\":\"https:\\\/\\\/www.fusiontables.com\\\/wp-content\\\/uploads\\\/2024\\\/11\\\/Fusiontables-Logo.png\",\"width\":514,\"height\":119,\"caption\":\"Fusion Tables\"},\"image\":{\"@id\":\"https:\\\/\\\/www.fusiontables.com\\\/fr\\\/#\\\/schema\\\/logo\\\/image\\\/\"}}]}<\/script>\n<!-- \/ Yoast SEO plugin. -->","yoast_head_json":{"title":"Chaises - Fusion Tables","robots":{"index":"index","follow":"follow","max-snippet":"max-snippet:-1","max-image-preview":"max-image-preview:large","max-video-preview":"max-video-preview:-1"},"canonical":"https:\/\/www.fusiontables.com\/fr\/chaises\/","og_locale":"fr_FR","og_type":"article","og_title":"Chaises - Fusion Tables","og_description":"La chaise Fusion a \u00e9t\u00e9 sp\u00e9cialement con\u00e7ue par l\u2019\u00e9quipe de design des tables Fusion. Son rev\u00eatement en cuir blanc microfibre est extr\u00eamement confortable et\u00a0facile \u00e0 nettoyer.\u00a0Le dos de la chaise Fusion a \u00e9t\u00e9 con\u00e7u pour rester sous la hauteur de la table de repas transformable en billard Fusion dans sa position plus \u00e9lev\u00e9e, de mani\u00e8re [&hellip;]","og_url":"https:\/\/www.fusiontables.com\/fr\/chaises\/","og_site_name":"Fusion Tables","article_modified_time":"2025-02-21T10:37:32+00:00","og_image":[{"width":1200,"height":772,"url":"https:\/\/www.fusiontables.com\/wp-content\/uploads\/2020\/11\/white-chair-e87.png","type":"image\/png"}],"twitter_card":"summary_large_image","twitter_misc":{"Dur\u00e9e de lecture estim\u00e9e":"2 minutes"},"schema":{"@context":"https:\/\/schema.org","@graph":[{"@type":"WebPage","@id":"https:\/\/www.fusiontables.com\/fr\/chaises\/","url":"https:\/\/www.fusiontables.com\/fr\/chaises\/","name":"Chaises - Fusion Tables","isPartOf":{"@id":"https:\/\/www.fusiontables.com\/fr\/#website"},"primaryImageOfPage":{"@id":"https:\/\/www.fusiontables.com\/fr\/chaises\/#primaryimage"},"image":{"@id":"https:\/\/www.fusiontables.com\/fr\/chaises\/#primaryimage"},"thumbnailUrl":"https:\/\/www.fusiontables.com\/wp-content\/uploads\/2020\/11\/white-chair-e87.png","datePublished":"2020-11-05T08:46:40+00:00","dateModified":"2025-02-21T10:37:32+00:00","breadcrumb":{"@id":"https:\/\/www.fusiontables.com\/fr\/chaises\/#breadcrumb"},"inLanguage":"fr-FR","potentialAction":[{"@type":"ReadAction","target":["https:\/\/www.fusiontables.com\/fr\/chaises\/"]}]},{"@type":"ImageObject","inLanguage":"fr-FR","@id":"https:\/\/www.fusiontables.com\/fr\/chaises\/#primaryimage","url":"https:\/\/www.fusiontables.com\/wp-content\/uploads\/2020\/11\/white-chair-e87.png","contentUrl":"https:\/\/www.fusiontables.com\/wp-content\/uploads\/2020\/11\/white-chair-e87.png","width":1200,"height":772,"caption":"white chair"},{"@type":"BreadcrumbList","@id":"https:\/\/www.fusiontables.com\/fr\/chaises\/#breadcrumb","itemListElement":[{"@type":"ListItem","position":1,"name":"Accueil","item":"https:\/\/www.fusiontables.com\/fr\/"},{"@type":"ListItem","position":2,"name":"Chaises"}]},{"@type":"WebSite","@id":"https:\/\/www.fusiontables.com\/fr\/#website","url":"https:\/\/www.fusiontables.com\/fr\/","name":"Fusion Tables","description":"","publisher":{"@id":"https:\/\/www.fusiontables.com\/fr\/#organization"},"potentialAction":[{"@type":"SearchAction","target":{"@type":"EntryPoint","urlTemplate":"https:\/\/www.fusiontables.com\/fr\/?s={search_term_string}"},"query-input":{"@type":"PropertyValueSpecification","valueRequired":true,"valueName":"search_term_string"}}],"inLanguage":"fr-FR"},{"@type":"Organization","@id":"https:\/\/www.fusiontables.com\/fr\/#organization","name":"Fusion Tables","url":"https:\/\/www.fusiontables.com\/fr\/","logo":{"@type":"ImageObject","inLanguage":"fr-FR","@id":"https:\/\/www.fusiontables.com\/fr\/#\/schema\/logo\/image\/","url":"https:\/\/www.fusiontables.com\/wp-content\/uploads\/2024\/11\/Fusiontables-Logo.png","contentUrl":"https:\/\/www.fusiontables.com\/wp-content\/uploads\/2024\/11\/Fusiontables-Logo.png","width":514,"height":119,"caption":"Fusion Tables"},"image":{"@id":"https:\/\/www.fusiontables.com\/fr\/#\/schema\/logo\/image\/"}}]}},"_links":{"self":[{"href":"https:\/\/www.fusiontables.com\/fr\/wp-json\/wp\/v2\/pages\/1036","targetHints":{"allow":["GET"]}}],"collection":[{"href":"https:\/\/www.fusiontables.com\/fr\/wp-json\/wp\/v2\/pages"}],"about":[{"href":"https:\/\/www.fusiontables.com\/fr\/wp-json\/wp\/v2\/types\/page"}],"author":[{"embeddable":true,"href":"https:\/\/www.fusiontables.com\/fr\/wp-json\/wp\/v2\/users\/2"}],"replies":[{"embeddable":true,"href":"https:\/\/www.fusiontables.com\/fr\/wp-json\/wp\/v2\/comments?post=1036"}],"version-history":[{"count":1,"href":"https:\/\/www.fusiontables.com\/fr\/wp-json\/wp\/v2\/pages\/1036\/revisions"}],"predecessor-version":[{"id":4597,"href":"https:\/\/www.fusiontables.com\/fr\/wp-json\/wp\/v2\/pages\/1036\/revisions\/4597"}],"wp:featuredmedia":[{"embeddable":true,"href":"https:\/\/www.fusiontables.com\/fr\/wp-json\/wp\/v2\/media\/1009"}],"wp:attachment":[{"href":"https:\/\/www.fusiontables.com\/fr\/wp-json\/wp\/v2\/media?parent=1036"}],"curies":[{"name":"wp","href":"https:\/\/api.w.org\/{rel}","templated":true}]}}