{"id":209,"date":"2018-05-14T17:36:53","date_gmt":"2018-05-14T15:36:53","guid":{"rendered":"https:\/\/www.fusiontables.com\/un-concept-unique\/"},"modified":"2025-02-04T10:30:47","modified_gmt":"2025-02-04T09:30:47","slug":"un-concept-unique","status":"publish","type":"page","link":"https:\/\/www.fusiontables.com\/fr\/un-concept-unique\/","title":{"rendered":"Un concept unique"},"content":{"rendered":"<p>Saluc, dont le si\u00e8ge social se trouve \u00e0 Callenelle en Belgique, est le leader mondial dans la fabrication de <a href=\"https:\/\/www.aramith.com\">boules de billard<\/a> de haute qualit\u00e9 sous la marque haut de gamme mondiale <a href=\"https:\/\/www.aramith.com\">ARAMITH\u00ae<\/a>. La soci\u00e9t\u00e9 Saluc est connue dans le monde entier pour sa cr\u00e9ativit\u00e9, sa flexibilit\u00e9 et son savoir-faire technique en mati\u00e8re de billard, et poss\u00e8de une qualit\u00e9 unique : elle sait comment divertir.<\/p>\n<p><img fetchpriority=\"high\" decoding=\"async\" class=\" size-full wp-image-188\" src=\"https:\/\/www.fusiontables.com\/wp-content\/uploads\/2018\/05\/story2-1b7.png\" alt=\"table billard\" width=\"1140\" height=\"560\" data-align=\"center\" data-entity-type=\"file\" data-entity-uuid=\"3047152e-fc78-458d-98e8-cbbda1dc3380\" srcset=\"https:\/\/www.fusiontables.com\/wp-content\/uploads\/2018\/05\/story2-1b7.png 1140w, https:\/\/www.fusiontables.com\/wp-content\/uploads\/2018\/05\/story2-1b7-300x147.png 300w, https:\/\/www.fusiontables.com\/wp-content\/uploads\/2018\/05\/story2-1b7-1024x503.png 1024w, https:\/\/www.fusiontables.com\/wp-content\/uploads\/2018\/05\/story2-1b7-768x377.png 768w\" sizes=\"(max-width: 1140px) 100vw, 1140px\" \/><\/p>\n<p>Les amateurs de billard sont parfois\u00a0\u00e9galement friands de meubles et de d\u00e9corations modernes et contemporaines. Pendant longtemps, cependant, les accros du design passionn\u00e9s de billard ne trouvaient jamais la table qu&rsquo;ils recherchaient\u00a0: une table de billard avec un design contemporain \u00e9pur\u00e9 offrant de <strong>belles finitions en bois<\/strong> et <strong>laqu\u00e9es<\/strong>.<\/p>\n<p>En 1997, notre \u00e9quipe de designers a \u00e9labor\u00e9 un nouveau concept de table r\u00e9volutionnaire\u00a0: <a href=\"https:\/\/www.fusiontables.com\/fr\/tables-de-billard-transformables\/\"><strong>une table \u00e0 manger et une table de billard en une seule et m\u00eame table<\/strong><\/a>, le tout dans un design moderne et \u00e9pur\u00e9, contrairement aux traditionnelles tables en bois, imposantes, que l&rsquo;on trouve habituellement chez les marchands de billards. Ils sont parvenus \u00e0 concevoir une table de salle \u00e0 manger et de billard design qui puisse convenir \u00e9galement \u00e0 celui qui vit avec le joueur de billard. La Fusiontable est le r\u00e9sultat de plusieurs mois d&rsquo;observation des tendances, de brainstorming, d&rsquo;avanc\u00e9es technologiques et de tests de prototypes en coop\u00e9ration avec des fabricants de tables de billard traditionnelles.<\/p>\n<p><img decoding=\"async\" class=\" size-full wp-image-194\" src=\"https:\/\/www.fusiontables.com\/wp-content\/uploads\/2018\/05\/story1-5cd.png\" alt=\"billard design\" width=\"1140\" height=\"560\" data-align=\"center\" data-entity-type=\"file\" data-entity-uuid=\"9c7056d2-9576-416f-a5fa-62f9fef8eb4c\" srcset=\"https:\/\/www.fusiontables.com\/wp-content\/uploads\/2018\/05\/story1-5cd.png 1140w, https:\/\/www.fusiontables.com\/wp-content\/uploads\/2018\/05\/story1-5cd-300x147.png 300w, https:\/\/www.fusiontables.com\/wp-content\/uploads\/2018\/05\/story1-5cd-1024x503.png 1024w, https:\/\/www.fusiontables.com\/wp-content\/uploads\/2018\/05\/story1-5cd-768x377.png 768w\" sizes=\"(max-width: 1140px) 100vw, 1140px\" \/><\/p>\n<p>Toute une \u00e9quipe de designers et d&rsquo;ing\u00e9nieurs belges chez Saluc a d\u00e9cid\u00e9 de faire de ce r\u00eave une r\u00e9alit\u00e9 \u00e0 un prix tout \u00e0 fait abordable. Leur vision \u00e9tait de concevoir une seule table de salle \u00e0 manger transformable en\u00a0billard design avec des proportions parfaites en termes d&rsquo;horizontalit\u00e9, de pr\u00e9cision, d&rsquo;\u00e9l\u00e9gance et de finesse. Dans le m\u00eame temps, ils ont \u00e9galement introduit plusieurs innovations technologiques pour r\u00e9soudre certains probl\u00e8mes qui subsistaient\u00a0: ils ont \u00e9limin\u00e9 les supports\u00a0au centre de la table, ainsi que le r\u00e9cup\u00e9rateur de balle sous la table, ils ont laiss\u00e9 tomber la traditionnelle pierre naturelle 3 pi\u00e8ces, ils ont fait dispara\u00eetre les poches qui pendent et tout ce qui n&rsquo;\u00e9tait pas \u00ab\u00a0moderne\u00a0\u00bb afin d&rsquo;obtenir une table au design contemporain et \u00e9pur\u00e9. Ils ont con\u00e7u le <a href=\"https:\/\/www.fusiontables.com\/fr\/qualite\/#el\"><strong>syst\u00e8me Easy Lift<\/strong><\/a> pour r\u00e9pondre \u00e0 la diff\u00e9rence de hauteur entre la table \u00e0 manger et la table de billard, ils ont opt\u00e9 pour des lignes \u00e9pur\u00e9es et de nouveaux mat\u00e9riaux nobles tels que le <a href=\"https:\/\/www.fusiontables.com\/fr\/billards-convertibles-en-acier\/\"><strong>m\u00e9tal<\/strong><\/a>, mais aussi des mat\u00e9riaux chauds comme le <a href=\"https:\/\/www.fusiontables.com\/fr\/finitions-bois\/\"><strong>bois plaqu\u00e9<\/strong><\/a> et la <a href=\"https:\/\/www.fusiontables.com\/fr\/table-rock-reverso\/\"><strong>pierre naturelle<\/strong><\/a>, offrant \u00e0 la table une apparence \u00e9l\u00e9gante et luxueuse tout en restant tr\u00e8s simple et sobre.<\/p>\n<p>Lorsque cette table de salle \u00e0 manger convertible en billard design r\u00e9volutionnaire a \u00e9t\u00e9 pr\u00e9sent\u00e9e pour la premi\u00e8re fois sur les plus grands salons du monde, de nombreux clients ont voulu commander des meubles suppl\u00e9mentaires pour compl\u00e9ter leur salle \u00e0 manger &#8211; la collection Fusiontables est n\u00e9e. <a href=\"https:\/\/www.fusiontables.com\/fr\/chaises\/\"><strong>Chaises<\/strong><\/a>, <a href=\"https:\/\/www.fusiontables.com\/fr\/sieges-fusiontables\/\"><strong>tabourets<\/strong>, <strong>bancs<\/strong><\/a>, <a href=\"https:\/\/www.fusiontables.com\/fr\/luminaire\/\"><strong>luminaires<\/strong><\/a><strong>\u00a0<\/strong>font d\u00e9sormais partie de la gamme Fusiontables pour permettre aux clients d&rsquo;apporter une toute nouvelle dimension \u00e0 leur salle \u00e0 manger.<\/p>\n<p><img decoding=\"async\" class=\" size-full wp-image-200\" src=\"https:\/\/www.fusiontables.com\/wp-content\/uploads\/2018\/05\/story6-eef.png\" alt=\"table billard design\" width=\"1140\" height=\"560\" data-align=\"center\" data-entity-type=\"file\" data-entity-uuid=\"ab1da197-f89b-4520-8e3d-b3d44cc9aacf\" srcset=\"https:\/\/www.fusiontables.com\/wp-content\/uploads\/2018\/05\/story6-eef.png 1140w, https:\/\/www.fusiontables.com\/wp-content\/uploads\/2018\/05\/story6-eef-300x147.png 300w, https:\/\/www.fusiontables.com\/wp-content\/uploads\/2018\/05\/story6-eef-1024x503.png 1024w, https:\/\/www.fusiontables.com\/wp-content\/uploads\/2018\/05\/story6-eef-768x377.png 768w\" sizes=\"(max-width: 1140px) 100vw, 1140px\" \/><\/p>\n<p>Dans un monde qui d\u00e9borde de produits \u00e0 courte dur\u00e9e de vie suivant des tendances de plus en plus volatiles, le consommateur r\u00e9clame \u00e0 nouveau une place centrale et attend de son int\u00e9rieur une capacit\u00e9 d\u2019adaptation \u00e0 son mode de vie. L\u2019utilisateur moderne recherche plus que jamais des produits \u00e0 l\u2019identit\u00e9 forte auxquels il peut se r\u00e9f\u00e9rer. Fusiontables propose une nouvelle vision de ce que peut \u00eatre le design dans ce\u00a0contexte moderne.<\/p>\n<p><a href=\"https:\/\/www.fusiontables.com\/fr\/tables-de-billard-transformables\/\">Plus qu\u2019une <strong>table de repas design qui se transforme en\u00a0billard am\u00e9ricain<\/strong><\/a>, ce concept unique et distinctif devient aussi\u00a0une solution d\u2019agencement pour beaucoup de joueurs de billard ou d\u2019architectes.\u00a0Il rassemble des gens de toutes g\u00e9n\u00e9rations autour d\u2019un moment festif ou sportif\u00a0agr\u00e9able. Il est aussi un objet haut de gamme unique, original et ind\u00e9modable qui\u00a0restera durablement la pi\u00e8ce ma\u00eetresse de votre int\u00e9rieur.\u00a0Con\u00e7ue pour divertir, la table Fusion a exactement ce qu\u2018il faut pour cr\u00e9er des moments\u00a0forts et inoubliables pour vous, votre famille ou encore vos invit\u00e9s, le tout dans un cadre\u00a0r\u00e9solument contemporain.<\/p>\n","protected":false},"excerpt":{"rendered":"<p>Saluc, dont le si\u00e8ge social se trouve \u00e0 Callenelle en Belgique, est le leader mondial dans la fabrication de boules de billard de haute qualit\u00e9 sous la marque haut de gamme mondiale ARAMITH\u00ae. La soci\u00e9t\u00e9 Saluc est connue dans le monde entier pour sa cr\u00e9ativit\u00e9, sa flexibilit\u00e9 et son savoir-faire technique en mati\u00e8re de billard, [&hellip;]<\/p>\n","protected":false},"author":1,"featured_media":188,"parent":0,"menu_order":0,"comment_status":"closed","ping_status":"closed","template":"","meta":{"_acf_changed":false,"footnotes":""},"class_list":["post-209","page","type-page","status-publish","has-post-thumbnail","hentry"],"acf":[],"yoast_head":"<!-- This site is optimized with the Yoast SEO plugin v27.4 - https:\/\/yoast.com\/product\/yoast-seo-wordpress\/ -->\n<title>Un concept unique - Fusion Tables<\/title>\n<meta name=\"robots\" content=\"index, follow, max-snippet:-1, max-image-preview:large, max-video-preview:-1\" \/>\n<link rel=\"canonical\" href=\"https:\/\/www.fusiontables.com\/fr\/un-concept-unique\/\" \/>\n<meta property=\"og:locale\" content=\"fr_FR\" \/>\n<meta property=\"og:type\" content=\"article\" \/>\n<meta property=\"og:title\" content=\"Un concept unique - Fusion Tables\" \/>\n<meta property=\"og:description\" content=\"Saluc, dont le si\u00e8ge social se trouve \u00e0 Callenelle en Belgique, est le leader mondial dans la fabrication de boules de billard de haute qualit\u00e9 sous la marque haut de gamme mondiale ARAMITH\u00ae. La soci\u00e9t\u00e9 Saluc est connue dans le monde entier pour sa cr\u00e9ativit\u00e9, sa flexibilit\u00e9 et son savoir-faire technique en mati\u00e8re de billard, [&hellip;]\" \/>\n<meta property=\"og:url\" content=\"https:\/\/www.fusiontables.com\/fr\/un-concept-unique\/\" \/>\n<meta property=\"og:site_name\" content=\"Fusion Tables\" \/>\n<meta property=\"article:modified_time\" content=\"2025-02-04T09:30:47+00:00\" \/>\n<meta property=\"og:image\" content=\"https:\/\/www.fusiontables.com\/wp-content\/uploads\/2018\/05\/story2-1b7.png\" \/>\n\t<meta property=\"og:image:width\" content=\"1140\" \/>\n\t<meta property=\"og:image:height\" content=\"560\" \/>\n\t<meta property=\"og:image:type\" content=\"image\/png\" \/>\n<meta name=\"twitter:card\" content=\"summary_large_image\" \/>\n<meta name=\"twitter:label1\" content=\"Dur\u00e9e de lecture estim\u00e9e\" \/>\n\t<meta name=\"twitter:data1\" content=\"5 minutes\" \/>\n<script type=\"application\/ld+json\" class=\"yoast-schema-graph\">{\"@context\":\"https:\\\/\\\/schema.org\",\"@graph\":[{\"@type\":\"WebPage\",\"@id\":\"https:\\\/\\\/www.fusiontables.com\\\/fr\\\/un-concept-unique\\\/\",\"url\":\"https:\\\/\\\/www.fusiontables.com\\\/fr\\\/un-concept-unique\\\/\",\"name\":\"Un concept unique - Fusion Tables\",\"isPartOf\":{\"@id\":\"https:\\\/\\\/www.fusiontables.com\\\/fr\\\/#website\"},\"primaryImageOfPage\":{\"@id\":\"https:\\\/\\\/www.fusiontables.com\\\/fr\\\/un-concept-unique\\\/#primaryimage\"},\"image\":{\"@id\":\"https:\\\/\\\/www.fusiontables.com\\\/fr\\\/un-concept-unique\\\/#primaryimage\"},\"thumbnailUrl\":\"https:\\\/\\\/www.fusiontables.com\\\/wp-content\\\/uploads\\\/2018\\\/05\\\/story2-1b7.png\",\"datePublished\":\"2018-05-14T15:36:53+00:00\",\"dateModified\":\"2025-02-04T09:30:47+00:00\",\"breadcrumb\":{\"@id\":\"https:\\\/\\\/www.fusiontables.com\\\/fr\\\/un-concept-unique\\\/#breadcrumb\"},\"inLanguage\":\"fr-FR\",\"potentialAction\":[{\"@type\":\"ReadAction\",\"target\":[\"https:\\\/\\\/www.fusiontables.com\\\/fr\\\/un-concept-unique\\\/\"]}]},{\"@type\":\"ImageObject\",\"inLanguage\":\"fr-FR\",\"@id\":\"https:\\\/\\\/www.fusiontables.com\\\/fr\\\/un-concept-unique\\\/#primaryimage\",\"url\":\"https:\\\/\\\/www.fusiontables.com\\\/wp-content\\\/uploads\\\/2018\\\/05\\\/story2-1b7.png\",\"contentUrl\":\"https:\\\/\\\/www.fusiontables.com\\\/wp-content\\\/uploads\\\/2018\\\/05\\\/story2-1b7.png\",\"width\":1140,\"height\":560,\"caption\":\"Saluc\"},{\"@type\":\"BreadcrumbList\",\"@id\":\"https:\\\/\\\/www.fusiontables.com\\\/fr\\\/un-concept-unique\\\/#breadcrumb\",\"itemListElement\":[{\"@type\":\"ListItem\",\"position\":1,\"name\":\"Accueil\",\"item\":\"https:\\\/\\\/www.fusiontables.com\\\/fr\\\/\"},{\"@type\":\"ListItem\",\"position\":2,\"name\":\"Un concept unique\"}]},{\"@type\":\"WebSite\",\"@id\":\"https:\\\/\\\/www.fusiontables.com\\\/fr\\\/#website\",\"url\":\"https:\\\/\\\/www.fusiontables.com\\\/fr\\\/\",\"name\":\"Fusion Tables\",\"description\":\"\",\"publisher\":{\"@id\":\"https:\\\/\\\/www.fusiontables.com\\\/fr\\\/#organization\"},\"potentialAction\":[{\"@type\":\"SearchAction\",\"target\":{\"@type\":\"EntryPoint\",\"urlTemplate\":\"https:\\\/\\\/www.fusiontables.com\\\/fr\\\/?s={search_term_string}\"},\"query-input\":{\"@type\":\"PropertyValueSpecification\",\"valueRequired\":true,\"valueName\":\"search_term_string\"}}],\"inLanguage\":\"fr-FR\"},{\"@type\":\"Organization\",\"@id\":\"https:\\\/\\\/www.fusiontables.com\\\/fr\\\/#organization\",\"name\":\"Fusion Tables\",\"url\":\"https:\\\/\\\/www.fusiontables.com\\\/fr\\\/\",\"logo\":{\"@type\":\"ImageObject\",\"inLanguage\":\"fr-FR\",\"@id\":\"https:\\\/\\\/www.fusiontables.com\\\/fr\\\/#\\\/schema\\\/logo\\\/image\\\/\",\"url\":\"https:\\\/\\\/www.fusiontables.com\\\/wp-content\\\/uploads\\\/2024\\\/11\\\/Fusiontables-Logo.png\",\"contentUrl\":\"https:\\\/\\\/www.fusiontables.com\\\/wp-content\\\/uploads\\\/2024\\\/11\\\/Fusiontables-Logo.png\",\"width\":514,\"height\":119,\"caption\":\"Fusion Tables\"},\"image\":{\"@id\":\"https:\\\/\\\/www.fusiontables.com\\\/fr\\\/#\\\/schema\\\/logo\\\/image\\\/\"}}]}<\/script>\n<!-- \/ Yoast SEO plugin. -->","yoast_head_json":{"title":"Un concept unique - Fusion Tables","robots":{"index":"index","follow":"follow","max-snippet":"max-snippet:-1","max-image-preview":"max-image-preview:large","max-video-preview":"max-video-preview:-1"},"canonical":"https:\/\/www.fusiontables.com\/fr\/un-concept-unique\/","og_locale":"fr_FR","og_type":"article","og_title":"Un concept unique - Fusion Tables","og_description":"Saluc, dont le si\u00e8ge social se trouve \u00e0 Callenelle en Belgique, est le leader mondial dans la fabrication de boules de billard de haute qualit\u00e9 sous la marque haut de gamme mondiale ARAMITH\u00ae. La soci\u00e9t\u00e9 Saluc est connue dans le monde entier pour sa cr\u00e9ativit\u00e9, sa flexibilit\u00e9 et son savoir-faire technique en mati\u00e8re de billard, [&hellip;]","og_url":"https:\/\/www.fusiontables.com\/fr\/un-concept-unique\/","og_site_name":"Fusion Tables","article_modified_time":"2025-02-04T09:30:47+00:00","og_image":[{"width":1140,"height":560,"url":"https:\/\/www.fusiontables.com\/wp-content\/uploads\/2018\/05\/story2-1b7.png","type":"image\/png"}],"twitter_card":"summary_large_image","twitter_misc":{"Dur\u00e9e de lecture estim\u00e9e":"5 minutes"},"schema":{"@context":"https:\/\/schema.org","@graph":[{"@type":"WebPage","@id":"https:\/\/www.fusiontables.com\/fr\/un-concept-unique\/","url":"https:\/\/www.fusiontables.com\/fr\/un-concept-unique\/","name":"Un concept unique - Fusion Tables","isPartOf":{"@id":"https:\/\/www.fusiontables.com\/fr\/#website"},"primaryImageOfPage":{"@id":"https:\/\/www.fusiontables.com\/fr\/un-concept-unique\/#primaryimage"},"image":{"@id":"https:\/\/www.fusiontables.com\/fr\/un-concept-unique\/#primaryimage"},"thumbnailUrl":"https:\/\/www.fusiontables.com\/wp-content\/uploads\/2018\/05\/story2-1b7.png","datePublished":"2018-05-14T15:36:53+00:00","dateModified":"2025-02-04T09:30:47+00:00","breadcrumb":{"@id":"https:\/\/www.fusiontables.com\/fr\/un-concept-unique\/#breadcrumb"},"inLanguage":"fr-FR","potentialAction":[{"@type":"ReadAction","target":["https:\/\/www.fusiontables.com\/fr\/un-concept-unique\/"]}]},{"@type":"ImageObject","inLanguage":"fr-FR","@id":"https:\/\/www.fusiontables.com\/fr\/un-concept-unique\/#primaryimage","url":"https:\/\/www.fusiontables.com\/wp-content\/uploads\/2018\/05\/story2-1b7.png","contentUrl":"https:\/\/www.fusiontables.com\/wp-content\/uploads\/2018\/05\/story2-1b7.png","width":1140,"height":560,"caption":"Saluc"},{"@type":"BreadcrumbList","@id":"https:\/\/www.fusiontables.com\/fr\/un-concept-unique\/#breadcrumb","itemListElement":[{"@type":"ListItem","position":1,"name":"Accueil","item":"https:\/\/www.fusiontables.com\/fr\/"},{"@type":"ListItem","position":2,"name":"Un concept unique"}]},{"@type":"WebSite","@id":"https:\/\/www.fusiontables.com\/fr\/#website","url":"https:\/\/www.fusiontables.com\/fr\/","name":"Fusion Tables","description":"","publisher":{"@id":"https:\/\/www.fusiontables.com\/fr\/#organization"},"potentialAction":[{"@type":"SearchAction","target":{"@type":"EntryPoint","urlTemplate":"https:\/\/www.fusiontables.com\/fr\/?s={search_term_string}"},"query-input":{"@type":"PropertyValueSpecification","valueRequired":true,"valueName":"search_term_string"}}],"inLanguage":"fr-FR"},{"@type":"Organization","@id":"https:\/\/www.fusiontables.com\/fr\/#organization","name":"Fusion Tables","url":"https:\/\/www.fusiontables.com\/fr\/","logo":{"@type":"ImageObject","inLanguage":"fr-FR","@id":"https:\/\/www.fusiontables.com\/fr\/#\/schema\/logo\/image\/","url":"https:\/\/www.fusiontables.com\/wp-content\/uploads\/2024\/11\/Fusiontables-Logo.png","contentUrl":"https:\/\/www.fusiontables.com\/wp-content\/uploads\/2024\/11\/Fusiontables-Logo.png","width":514,"height":119,"caption":"Fusion Tables"},"image":{"@id":"https:\/\/www.fusiontables.com\/fr\/#\/schema\/logo\/image\/"}}]}},"_links":{"self":[{"href":"https:\/\/www.fusiontables.com\/fr\/wp-json\/wp\/v2\/pages\/209","targetHints":{"allow":["GET"]}}],"collection":[{"href":"https:\/\/www.fusiontables.com\/fr\/wp-json\/wp\/v2\/pages"}],"about":[{"href":"https:\/\/www.fusiontables.com\/fr\/wp-json\/wp\/v2\/types\/page"}],"author":[{"embeddable":true,"href":"https:\/\/www.fusiontables.com\/fr\/wp-json\/wp\/v2\/users\/1"}],"replies":[{"embeddable":true,"href":"https:\/\/www.fusiontables.com\/fr\/wp-json\/wp\/v2\/comments?post=209"}],"version-history":[{"count":1,"href":"https:\/\/www.fusiontables.com\/fr\/wp-json\/wp\/v2\/pages\/209\/revisions"}],"predecessor-version":[{"id":3186,"href":"https:\/\/www.fusiontables.com\/fr\/wp-json\/wp\/v2\/pages\/209\/revisions\/3186"}],"wp:featuredmedia":[{"embeddable":true,"href":"https:\/\/www.fusiontables.com\/fr\/wp-json\/wp\/v2\/media\/188"}],"wp:attachment":[{"href":"https:\/\/www.fusiontables.com\/fr\/wp-json\/wp\/v2\/media?parent=209"}],"curies":[{"name":"wp","href":"https:\/\/api.w.org\/{rel}","templated":true}]}}