{"id":302,"date":"2018-05-30T15:11:08","date_gmt":"2018-05-30T13:11:08","guid":{"rendered":"https:\/\/www.fusiontables.com\/qualite\/"},"modified":"2025-03-17T12:59:40","modified_gmt":"2025-03-17T11:59:40","slug":"qualite","status":"publish","type":"page","link":"https:\/\/www.fusiontables.com\/fr\/qualite\/","title":{"rendered":"Qualit\u00e9"},"content":{"rendered":"\t\t<div data-elementor-type=\"wp-page\" data-elementor-id=\"302\" class=\"elementor elementor-302 elementor-293\" data-elementor-post-type=\"page\">\n\t\t\t\t<div class=\"elementor-element elementor-element-a0cec81 e-flex e-con-boxed e-con e-parent\" data-id=\"a0cec81\" data-element_type=\"container\" data-e-type=\"container\">\n\t\t\t\t\t<div class=\"e-con-inner\">\n\t\t\t\t<div class=\"elementor-element elementor-element-7b6e182b elementor-widget elementor-widget-text-editor\" data-id=\"7b6e182b\" data-element_type=\"widget\" data-e-type=\"widget\" data-widget_type=\"text-editor.default\">\n\t\t\t\t\t\t\t\t\t<p>De la combinaison de cette haute technologie du billard transformable\u00a0que nous ma\u00eetrisons chez Fusiontables et de l\u2019esth\u00e9tique soign\u00e9e des finitions, que seuls des artisans passionn\u00e9s peuvent encore aujourd\u2019hui fournir, r\u00e9sultent un billard design de salle \u00e0 manger et une ergonomie que chacun ressentira comme exceptionnels et cela pour plusieurs g\u00e9n\u00e9rations. Des composants de haute qualit\u00e9, des <a href=\"https:\/\/www.fusiontables.com\/fr\/finitions\/\"><strong>mat\u00e9riaux modernes<\/strong><\/a>, une <strong>s\u00e9lection stricte des <a href=\"https:\/\/www.fusiontables.com\/fr\/finitions-bois\/\">meilleures essences de bois<\/a><\/strong>.<\/p><p><strong><a id=\"easylift\" name=\"el\"><\/a>SYSTEME EASY-LIFT\u00ae<\/strong><\/p><p><img fetchpriority=\"high\" decoding=\"async\" class=\" size-full wp-image-263\" src=\"https:\/\/www.fusiontables.com\/wp-content\/uploads\/2018\/05\/lift1-d0c.jpg\" alt=\"Lift\" width=\"1140\" height=\"560\" data-align=\"center\" data-entity-type=\"file\" data-entity-uuid=\"dec316c0-4958-43b4-af3d-431fa887dc3e\" srcset=\"https:\/\/www.fusiontables.com\/wp-content\/uploads\/2018\/05\/lift1-d0c.jpg 1140w, https:\/\/www.fusiontables.com\/wp-content\/uploads\/2018\/05\/lift1-d0c-300x147.jpg 300w, https:\/\/www.fusiontables.com\/wp-content\/uploads\/2018\/05\/lift1-d0c-1024x503.jpg 1024w, https:\/\/www.fusiontables.com\/wp-content\/uploads\/2018\/05\/lift1-d0c-768x377.jpg 768w\" sizes=\"(max-width: 1140px) 100vw, 1140px\" \/><\/p><p>Beaucoup de billards convertibles sont \u00e9quip\u00e9s d\u2019un dispositif pour lever ou baisser la table vers les hauteurs de jeu et de repas. Souvent le dispositif se cache dans la structure et donc le profil de la table, ce qui rend la table hybride peu pratique et souvent moins esth\u00e9tique car plus lourde visuellement. Dans sa poursuite d\u2019un design \u00e9pur\u00e9, Fusiontables a d\u00e9cid\u00e9 d\u2019int\u00e9grer son syst\u00e8me de r\u00e9hausse dans les jambes de la table transformable, de mani\u00e8re totalement invisible.\u00a0<\/p><p>Nos <a href=\"https:\/\/www.fusiontables.com\/fr\/tables-de-billard-transformables\/\"><strong>tables de repas transformables en billard<\/strong> <\/a>sont toutes \u00e9quip\u00e9es du syst\u00e8me Easy-Lift. Il \u00a0permet de r\u00e9hausser la table sans effort de 75cm \u00e0 la hauteur officielle pour un jeu de billard confortable. Le syst\u00e8me n\u2019exige aucun entretien particulier et est muni d\u2019un dispositif brevet\u00e9 de fixation automatique \u00e0 deux niveaux pour garantir une aire de jeu stable, r\u00e9guli\u00e8re et plane lorsque la table est en position \u201chaute\u201d.<\/p><p>Gr\u00e2ce \u00e0 ce syst\u00e8me de pieds, chacun d\u2019entre eux est r\u00e9glable individuellement avec une grande pr\u00e9cision, ce qui garantit que votre table de billard moderne sera toujours \u00e0 niveau.\u00a0Evidemment pour obtenir une table de billard qui se transforme en table de repas durable et de haute qualit\u00e9, il faut aussi que <a href=\"https:\/\/www.fusiontables.com\/fr\/qualite\/#ar\"><strong>l\u2019ardoise<\/strong><\/a>, le <a href=\"https:\/\/www.fusiontables.com\/fr\/qualite\/#ds\"><strong>drap de billard<\/strong><\/a>, les <a href=\"https:\/\/www.fusiontables.com\/fr\/qualite\/#fp\"><strong>poches et filets<\/strong><\/a>, les <a href=\"https:\/\/www.fusiontables.com\/fr\/qualite\/#bk\"><strong>bandes de rebond<\/strong><\/a>, soient d\u2019une qualit\u00e9 irr\u00e9prochable.\u00a0<\/p><p><a id=\"qualite\" name=\"ql\"><\/a><strong>MATERIAUX DE HAUTE QUALITE<\/strong><\/p><p><img decoding=\"async\" class=\" size-full wp-image-294\" src=\"https:\/\/www.fusiontables.com\/wp-content\/uploads\/2018\/05\/feature22-281.jpg\" alt=\"Fusion\" width=\"1140\" height=\"560\" data-align=\"center\" data-entity-type=\"file\" data-entity-uuid=\"94b48365-eb21-4406-be08-a1324409fae0\" srcset=\"https:\/\/www.fusiontables.com\/wp-content\/uploads\/2018\/05\/feature22-281.jpg 1140w, https:\/\/www.fusiontables.com\/wp-content\/uploads\/2018\/05\/feature22-281-300x147.jpg 300w, https:\/\/www.fusiontables.com\/wp-content\/uploads\/2018\/05\/feature22-281-1024x503.jpg 1024w, https:\/\/www.fusiontables.com\/wp-content\/uploads\/2018\/05\/feature22-281-768x377.jpg 768w\" sizes=\"(max-width: 1140px) 100vw, 1140px\" \/><\/p><p>Nos tables qui se transforment en table de repas moderne b\u00e9n\u00e9ficient des composants de haute qualit\u00e9, des\u00a0mat\u00e9riaux modernes, une s\u00e9lection\u00a0stricte des meilleures essences de bois, des vernis adapt\u00e9s au mobilier int\u00e9rieur, une ardoise en pierre naturelle rectifi\u00e9e, des draps de qualit\u00e9 professionnelle et du m\u00e9tal thermo-laqu\u00e9s.<\/p><p><strong><a id=\"pocheplate\" name=\"fp\"><\/a>SYSTEME DE POCHES PLATES<\/strong><\/p><p><img decoding=\"async\" class=\" size-full wp-image-269\" src=\"https:\/\/www.fusiontables.com\/wp-content\/uploads\/2018\/05\/feature3_0-9ac.jpg\" alt=\"flat pocket system\" width=\"1140\" height=\"560\" data-align=\"center\" data-entity-type=\"file\" data-entity-uuid=\"7dd56a14-e317-4fd3-af53-8adcb986e292\" srcset=\"https:\/\/www.fusiontables.com\/wp-content\/uploads\/2018\/05\/feature3_0-9ac.jpg 1140w, https:\/\/www.fusiontables.com\/wp-content\/uploads\/2018\/05\/feature3_0-9ac-300x147.jpg 300w, https:\/\/www.fusiontables.com\/wp-content\/uploads\/2018\/05\/feature3_0-9ac-1024x503.jpg 1024w, https:\/\/www.fusiontables.com\/wp-content\/uploads\/2018\/05\/feature3_0-9ac-768x377.jpg 768w\" sizes=\"(max-width: 1140px) 100vw, 1140px\" \/><\/p><p>Afin que tous les \u00e9l\u00e9ments d\u2019une <strong>table de billard transformable<\/strong> soient discr\u00e8tement inclus dans l\u2019\u00e9paisseur de moins de 12 cm (4 \u00bd\u2019\u2019) de la table Fusion, un syst\u00e8me ing\u00e9nieux et unique de poches a \u00e9t\u00e9 d\u00e9velopp\u00e9. Celui-ci consiste en une membrane \u00e9lastique en nylon r\u00e9sistant high tech, qui peut contenir toutes les billes empoch\u00e9es au cours du jeu, et revient dans sa position ultra plate initiale lorsque les billes sont retir\u00e9es.\u00a0<\/p><p>Un syst\u00e8me de glissi\u00e8re m\u00e9tallique vient en outre se placer par-dessus pour ranger les billes dans les poches plus longtemps sans les d\u00e9former. Evidemment pour obtenir une table convertible de billard design durable et de haute qualit\u00e9, il faut aussi que <a href=\"https:\/\/www.fusiontables.com\/fr\/qualite\/#ar\"><strong>l\u2019ardoise<\/strong><\/a>, le <a href=\"https:\/\/www.fusiontables.com\/fr\/qualite\/#ds\"><strong>drap de billard<\/strong><\/a>, les <a href=\"https:\/\/www.fusiontables.com\/fr\/qualite\/#fp\"><strong>poches et filets<\/strong><\/a>, les <a href=\"https:\/\/www.fusiontables.com\/fr\/qualite\/#bk\"><strong>bandes de rebond<\/strong><\/a>, soient d\u2019une qualit\u00e9 irr\u00e9prochable.<\/p><p><strong><a id=\"bandes\" name=\"bk\"><\/a>LES BANDES K66<\/strong><\/p><p><img loading=\"lazy\" decoding=\"async\" class=\" size-full wp-image-275\" src=\"https:\/\/www.fusiontables.com\/wp-content\/uploads\/2018\/05\/feature4-cc3.jpg\" alt=\"K66\" width=\"1140\" height=\"560\" data-align=\"center\" data-entity-type=\"file\" data-entity-uuid=\"2041b920-cc7a-4224-96fa-243127762ffd\" srcset=\"https:\/\/www.fusiontables.com\/wp-content\/uploads\/2018\/05\/feature4-cc3.jpg 1140w, https:\/\/www.fusiontables.com\/wp-content\/uploads\/2018\/05\/feature4-cc3-300x147.jpg 300w, https:\/\/www.fusiontables.com\/wp-content\/uploads\/2018\/05\/feature4-cc3-1024x503.jpg 1024w, https:\/\/www.fusiontables.com\/wp-content\/uploads\/2018\/05\/feature4-cc3-768x377.jpg 768w\" sizes=\"(max-width: 1140px) 100vw, 1140px\" \/><\/p><p>La table de billard convertible Fusion est \u00e9quip\u00e9e avec des bandes K66 connues pour offrir un des meilleurs rebonds, permettant ainsi une haute pr\u00e9cision pour le jeu. \u00a0Les bandes de la plupart des billards sont faites en materiau synth\u00e9tique ou en gomme naturelle. Les bandes en gomme synth\u00e9tique vont \u00e9videmment perdre de leur \u00e9lasticit\u00e9 avec le temps et devenir ce que l\u2019on appelle une \u00ab bande morte \u00bb. Les meilleures marques utilisent du caoutchouc naturel, ce qui assure un rebond parfait et durable.\u00a0Evidemment pour obtenir une table de billard durable et de haute qualit\u00e9, il faut aussi que <a href=\"https:\/\/www.fusiontables.com\/fr\/qualite\/#ar\"><strong>l\u2019ardoise<\/strong><\/a>, le <a href=\"https:\/\/www.fusiontables.com\/fr\/qualite\/#ds\"><strong>drap de billard<\/strong><\/a>, les <a href=\"https:\/\/www.fusiontables.com\/fr\/qualite\/#fp\"><strong>poches et filets<\/strong><\/a>, les <a href=\"https:\/\/www.fusiontables.com\/fr\/qualite\/#bk\"><strong>bandes de rebond<\/strong><\/a>, soient d\u2019une qualit\u00e9 irr\u00e9prochable.<\/p><p><strong><a id=\"draps\" name=\"ds\"><\/a>DRAPS DE BILLARD SIMONIS<\/strong><\/p><p><img loading=\"lazy\" decoding=\"async\" class=\" size-full wp-image-281\" src=\"https:\/\/www.fusiontables.com\/wp-content\/uploads\/2018\/05\/simonis-colors2-035.png\" alt=\"simonis colors\" width=\"800\" height=\"853\" data-align=\"center\" data-entity-type=\"file\" data-entity-uuid=\"e8c20a8d-86ed-48ad-a16a-aa9e4a2c981b\" srcset=\"https:\/\/www.fusiontables.com\/wp-content\/uploads\/2018\/05\/simonis-colors2-035.png 800w, https:\/\/www.fusiontables.com\/wp-content\/uploads\/2018\/05\/simonis-colors2-035-281x300.png 281w, https:\/\/www.fusiontables.com\/wp-content\/uploads\/2018\/05\/simonis-colors2-035-768x819.png 768w\" sizes=\"(max-width: 800px) 100vw, 800px\" \/><\/p><p>La table \u00e0 manger transformable en billard\u00a0Fusion est toujours \u00e9quip\u00e9e d\u2019un drap de billard <strong><a href=\"https:\/\/iwansimonis.com\/\" target=\"_blank\" rel=\"noopener\">Simonis<\/a><\/strong>, marque mondiale et r\u00e9f\u00e9rence pour ce type de rev\u00eatements. Ces draps contenant au moins 70% de laine et peign\u00e9s selon les r\u00e8gles de l\u2019art, garantissent une vitesse optimale, un roulement fluide, un entretien ais\u00e9 et une long\u00e9vit\u00e9 remarquable.<\/p><p>Le drap de billard (la surface de jeu) est g\u00e9n\u00e9ralement fait de Nylon et de laine pour les tables haut de gamme et de fibres synth\u00e9tiques pour les tables \u00ab jouets \u00bb. Seul un drap de qualit\u00e9 sup\u00e9rieure va vous garantir un glissement doux, souple et pr\u00e9cis de la bille. Les joueurs exp\u00e9riment\u00e9s sont tr\u00e8s exigeants sur la qualit\u00e9 du drap et les fibres de laine peign\u00e9e et trait\u00e9es avant filage (\u00ab worsted \u00bb) sont celles qui procurent la vitesse et la meilleure pr\u00e9cision au jeu.<br \/><strong><a href=\"https:\/\/iwansimonis.com\/\" target=\"_blank\" rel=\"noopener\">Simonis<\/a><\/strong> propose \u00e9galement une fibre sp\u00e9ciale pour r\u00e9sister aux liquides, ce qui peut \u00eatre int\u00e9ressant pour les repas plus \u00ab anim\u00e9s \u00bb.\u00a0<\/p><p>Ce rev\u00eatement anti-t\u00e2che se nomme H2O et est disponible en 4 couleurs dans le programme Fusiontables.\u00a0<\/p><p><strong><a id=\"ardoise\" name=\"ar\"><\/a>UNE ARDOISE EN UNE PIECE<\/strong><\/p><p><img loading=\"lazy\" decoding=\"async\" class=\" size-full wp-image-287\" src=\"https:\/\/www.fusiontables.com\/wp-content\/uploads\/2018\/05\/feature7-8b9.jpg\" alt=\"Slate\" width=\"1140\" height=\"560\" data-align=\"center\" data-entity-type=\"file\" data-entity-uuid=\"deefdcc0-ce45-405d-9441-16e5b2db9331\" srcset=\"https:\/\/www.fusiontables.com\/wp-content\/uploads\/2018\/05\/feature7-8b9.jpg 1140w, https:\/\/www.fusiontables.com\/wp-content\/uploads\/2018\/05\/feature7-8b9-300x147.jpg 300w, https:\/\/www.fusiontables.com\/wp-content\/uploads\/2018\/05\/feature7-8b9-1024x503.jpg 1024w, https:\/\/www.fusiontables.com\/wp-content\/uploads\/2018\/05\/feature7-8b9-768x377.jpg 768w\" sizes=\"(max-width: 1140px) 100vw, 1140px\" \/><\/p><p>Le billard design Fusion est muni\u00a0d\u2019une pierre naturelle de 19 mm d\u2019\u00e9paisseur dont l\u2019habillage est r\u00e9alis\u00e9 dans nos ateliers. Comme le \u00ab marbre \u00bb est constitu\u00e9 d\u2019une seule plaque, il ne n\u00e9cessite pas de r\u00e9glage ult\u00e9rieur par un professionnel comme c\u2019est le cas pour l\u2019ardoise traditionnelle en 3 morceaux.<\/p><p>\u00a0Il n\u2019y a pas \u00e0 ce jour d\u2019alternative valable \u00e0 l\u2019ardoise pour jouer au billard. Les substituts que l\u2019on peut trouver chez les fabricants \u00ab bon march\u00e9 \u00bb sont le bois composite, la fibre de verre, ou les autres composants synth\u00e9tiques mais aucun d\u2019entre eux n\u2019est accept\u00e9 par les joueurs pro car ils n\u2019offrent pas la m\u00eame stabilit\u00e9, durabilit\u00e9 et pr\u00e9cision que l\u2019ardoise naturelle.<br \/>Une ardoise est le r\u00e9sultat de milliers d\u2019ann\u00e9es de s\u00e9dimentation volcanique. Apr\u00e8s son extraction, ce mat\u00e9riau noble est sci\u00e9, calibr\u00e9 et rectifi\u00e9, ce qui demande beaucoup de travail. Les ardoises standards sont de plusieurs \u00e9paisseurs possibles selon la taille du billard et le jeu s\u00e9lectionn\u00e9.<\/p><p>Evidemment pour obtenir une table de billard durable et de haute qualit\u00e9, il faut aussi que <a href=\"https:\/\/www.fusiontables.com\/fr\/qualite\/#ar\"><strong>l\u2019ardoise<\/strong><\/a>, le <a href=\"https:\/\/www.fusiontables.com\/fr\/qualite\/#ds\"><strong>drap de billard<\/strong><\/a>, les <a href=\"https:\/\/www.fusiontables.com\/fr\/qualite\/#fp\"><strong>poches et filets<\/strong><\/a>, les <a href=\"https:\/\/www.fusiontables.com\/fr\/qualite\/#bk\"><strong>bandes de rebond<\/strong><\/a>, soient d\u2019une qualit\u00e9 irr\u00e9prochable.<\/p>\t\t\t\t\t\t\t\t<\/div>\n\t\t\t\t\t<\/div>\n\t\t\t\t<\/div>\n\t\t\t\t<\/div>\n\t\t","protected":false},"excerpt":{"rendered":"<p>De la combinaison de cette haute technologie du billard transformable\u00a0que nous ma\u00eetrisons chez Fusiontables et de l\u2019esth\u00e9tique soign\u00e9e des finitions, que seuls des artisans passionn\u00e9s peuvent encore aujourd\u2019hui fournir, r\u00e9sultent un billard design de salle \u00e0 manger et une ergonomie que chacun ressentira comme exceptionnels et cela pour plusieurs g\u00e9n\u00e9rations. Des composants de haute qualit\u00e9, [&hellip;]<\/p>\n","protected":false},"author":2,"featured_media":263,"parent":0,"menu_order":0,"comment_status":"closed","ping_status":"closed","template":"","meta":{"_acf_changed":false,"footnotes":""},"class_list":["post-302","page","type-page","status-publish","has-post-thumbnail","hentry"],"acf":[],"yoast_head":"<!-- This site is optimized with the Yoast SEO plugin v27.4 - https:\/\/yoast.com\/product\/yoast-seo-wordpress\/ -->\n<title>Qualit\u00e9 - Fusion Tables<\/title>\n<meta name=\"robots\" content=\"index, follow, max-snippet:-1, max-image-preview:large, max-video-preview:-1\" \/>\n<link rel=\"canonical\" href=\"https:\/\/www.fusiontables.com\/fr\/qualite\/\" \/>\n<meta property=\"og:locale\" content=\"fr_FR\" \/>\n<meta property=\"og:type\" content=\"article\" \/>\n<meta property=\"og:title\" content=\"Qualit\u00e9 - Fusion Tables\" \/>\n<meta property=\"og:description\" content=\"De la combinaison de cette haute technologie du billard transformable\u00a0que nous ma\u00eetrisons chez Fusiontables et de l\u2019esth\u00e9tique soign\u00e9e des finitions, que seuls des artisans passionn\u00e9s peuvent encore aujourd\u2019hui fournir, r\u00e9sultent un billard design de salle \u00e0 manger et une ergonomie que chacun ressentira comme exceptionnels et cela pour plusieurs g\u00e9n\u00e9rations. Des composants de haute qualit\u00e9, [&hellip;]\" \/>\n<meta property=\"og:url\" content=\"https:\/\/www.fusiontables.com\/fr\/qualite\/\" \/>\n<meta property=\"og:site_name\" content=\"Fusion Tables\" \/>\n<meta property=\"article:modified_time\" content=\"2025-03-17T11:59:40+00:00\" \/>\n<meta property=\"og:image\" content=\"https:\/\/www.fusiontables.com\/wp-content\/uploads\/2018\/05\/lift1-d0c.jpg\" \/>\n\t<meta property=\"og:image:width\" content=\"1140\" \/>\n\t<meta property=\"og:image:height\" content=\"560\" \/>\n\t<meta property=\"og:image:type\" content=\"image\/jpeg\" \/>\n<meta name=\"twitter:card\" content=\"summary_large_image\" \/>\n<meta name=\"twitter:label1\" content=\"Dur\u00e9e de lecture estim\u00e9e\" \/>\n\t<meta name=\"twitter:data1\" content=\"7 minutes\" \/>\n<script type=\"application\/ld+json\" class=\"yoast-schema-graph\">{\"@context\":\"https:\\\/\\\/schema.org\",\"@graph\":[{\"@type\":\"WebPage\",\"@id\":\"https:\\\/\\\/www.fusiontables.com\\\/fr\\\/qualite\\\/\",\"url\":\"https:\\\/\\\/www.fusiontables.com\\\/fr\\\/qualite\\\/\",\"name\":\"Qualit\u00e9 - Fusion Tables\",\"isPartOf\":{\"@id\":\"https:\\\/\\\/www.fusiontables.com\\\/fr\\\/#website\"},\"primaryImageOfPage\":{\"@id\":\"https:\\\/\\\/www.fusiontables.com\\\/fr\\\/qualite\\\/#primaryimage\"},\"image\":{\"@id\":\"https:\\\/\\\/www.fusiontables.com\\\/fr\\\/qualite\\\/#primaryimage\"},\"thumbnailUrl\":\"https:\\\/\\\/www.fusiontables.com\\\/wp-content\\\/uploads\\\/2018\\\/05\\\/lift1-d0c.jpg\",\"datePublished\":\"2018-05-30T13:11:08+00:00\",\"dateModified\":\"2025-03-17T11:59:40+00:00\",\"breadcrumb\":{\"@id\":\"https:\\\/\\\/www.fusiontables.com\\\/fr\\\/qualite\\\/#breadcrumb\"},\"inLanguage\":\"fr-FR\",\"potentialAction\":[{\"@type\":\"ReadAction\",\"target\":[\"https:\\\/\\\/www.fusiontables.com\\\/fr\\\/qualite\\\/\"]}]},{\"@type\":\"ImageObject\",\"inLanguage\":\"fr-FR\",\"@id\":\"https:\\\/\\\/www.fusiontables.com\\\/fr\\\/qualite\\\/#primaryimage\",\"url\":\"https:\\\/\\\/www.fusiontables.com\\\/wp-content\\\/uploads\\\/2018\\\/05\\\/lift1-d0c.jpg\",\"contentUrl\":\"https:\\\/\\\/www.fusiontables.com\\\/wp-content\\\/uploads\\\/2018\\\/05\\\/lift1-d0c.jpg\",\"width\":1140,\"height\":560,\"caption\":\"Lift\"},{\"@type\":\"BreadcrumbList\",\"@id\":\"https:\\\/\\\/www.fusiontables.com\\\/fr\\\/qualite\\\/#breadcrumb\",\"itemListElement\":[{\"@type\":\"ListItem\",\"position\":1,\"name\":\"Accueil\",\"item\":\"https:\\\/\\\/www.fusiontables.com\\\/fr\\\/\"},{\"@type\":\"ListItem\",\"position\":2,\"name\":\"Qualit\u00e9\"}]},{\"@type\":\"WebSite\",\"@id\":\"https:\\\/\\\/www.fusiontables.com\\\/fr\\\/#website\",\"url\":\"https:\\\/\\\/www.fusiontables.com\\\/fr\\\/\",\"name\":\"Fusion Tables\",\"description\":\"\",\"publisher\":{\"@id\":\"https:\\\/\\\/www.fusiontables.com\\\/fr\\\/#organization\"},\"potentialAction\":[{\"@type\":\"SearchAction\",\"target\":{\"@type\":\"EntryPoint\",\"urlTemplate\":\"https:\\\/\\\/www.fusiontables.com\\\/fr\\\/?s={search_term_string}\"},\"query-input\":{\"@type\":\"PropertyValueSpecification\",\"valueRequired\":true,\"valueName\":\"search_term_string\"}}],\"inLanguage\":\"fr-FR\"},{\"@type\":\"Organization\",\"@id\":\"https:\\\/\\\/www.fusiontables.com\\\/fr\\\/#organization\",\"name\":\"Fusion Tables\",\"url\":\"https:\\\/\\\/www.fusiontables.com\\\/fr\\\/\",\"logo\":{\"@type\":\"ImageObject\",\"inLanguage\":\"fr-FR\",\"@id\":\"https:\\\/\\\/www.fusiontables.com\\\/fr\\\/#\\\/schema\\\/logo\\\/image\\\/\",\"url\":\"https:\\\/\\\/www.fusiontables.com\\\/wp-content\\\/uploads\\\/2024\\\/11\\\/Fusiontables-Logo.png\",\"contentUrl\":\"https:\\\/\\\/www.fusiontables.com\\\/wp-content\\\/uploads\\\/2024\\\/11\\\/Fusiontables-Logo.png\",\"width\":514,\"height\":119,\"caption\":\"Fusion Tables\"},\"image\":{\"@id\":\"https:\\\/\\\/www.fusiontables.com\\\/fr\\\/#\\\/schema\\\/logo\\\/image\\\/\"}}]}<\/script>\n<!-- \/ Yoast SEO plugin. -->","yoast_head_json":{"title":"Qualit\u00e9 - Fusion Tables","robots":{"index":"index","follow":"follow","max-snippet":"max-snippet:-1","max-image-preview":"max-image-preview:large","max-video-preview":"max-video-preview:-1"},"canonical":"https:\/\/www.fusiontables.com\/fr\/qualite\/","og_locale":"fr_FR","og_type":"article","og_title":"Qualit\u00e9 - Fusion Tables","og_description":"De la combinaison de cette haute technologie du billard transformable\u00a0que nous ma\u00eetrisons chez Fusiontables et de l\u2019esth\u00e9tique soign\u00e9e des finitions, que seuls des artisans passionn\u00e9s peuvent encore aujourd\u2019hui fournir, r\u00e9sultent un billard design de salle \u00e0 manger et une ergonomie que chacun ressentira comme exceptionnels et cela pour plusieurs g\u00e9n\u00e9rations. Des composants de haute qualit\u00e9, [&hellip;]","og_url":"https:\/\/www.fusiontables.com\/fr\/qualite\/","og_site_name":"Fusion Tables","article_modified_time":"2025-03-17T11:59:40+00:00","og_image":[{"width":1140,"height":560,"url":"https:\/\/www.fusiontables.com\/wp-content\/uploads\/2018\/05\/lift1-d0c.jpg","type":"image\/jpeg"}],"twitter_card":"summary_large_image","twitter_misc":{"Dur\u00e9e de lecture estim\u00e9e":"7 minutes"},"schema":{"@context":"https:\/\/schema.org","@graph":[{"@type":"WebPage","@id":"https:\/\/www.fusiontables.com\/fr\/qualite\/","url":"https:\/\/www.fusiontables.com\/fr\/qualite\/","name":"Qualit\u00e9 - Fusion Tables","isPartOf":{"@id":"https:\/\/www.fusiontables.com\/fr\/#website"},"primaryImageOfPage":{"@id":"https:\/\/www.fusiontables.com\/fr\/qualite\/#primaryimage"},"image":{"@id":"https:\/\/www.fusiontables.com\/fr\/qualite\/#primaryimage"},"thumbnailUrl":"https:\/\/www.fusiontables.com\/wp-content\/uploads\/2018\/05\/lift1-d0c.jpg","datePublished":"2018-05-30T13:11:08+00:00","dateModified":"2025-03-17T11:59:40+00:00","breadcrumb":{"@id":"https:\/\/www.fusiontables.com\/fr\/qualite\/#breadcrumb"},"inLanguage":"fr-FR","potentialAction":[{"@type":"ReadAction","target":["https:\/\/www.fusiontables.com\/fr\/qualite\/"]}]},{"@type":"ImageObject","inLanguage":"fr-FR","@id":"https:\/\/www.fusiontables.com\/fr\/qualite\/#primaryimage","url":"https:\/\/www.fusiontables.com\/wp-content\/uploads\/2018\/05\/lift1-d0c.jpg","contentUrl":"https:\/\/www.fusiontables.com\/wp-content\/uploads\/2018\/05\/lift1-d0c.jpg","width":1140,"height":560,"caption":"Lift"},{"@type":"BreadcrumbList","@id":"https:\/\/www.fusiontables.com\/fr\/qualite\/#breadcrumb","itemListElement":[{"@type":"ListItem","position":1,"name":"Accueil","item":"https:\/\/www.fusiontables.com\/fr\/"},{"@type":"ListItem","position":2,"name":"Qualit\u00e9"}]},{"@type":"WebSite","@id":"https:\/\/www.fusiontables.com\/fr\/#website","url":"https:\/\/www.fusiontables.com\/fr\/","name":"Fusion Tables","description":"","publisher":{"@id":"https:\/\/www.fusiontables.com\/fr\/#organization"},"potentialAction":[{"@type":"SearchAction","target":{"@type":"EntryPoint","urlTemplate":"https:\/\/www.fusiontables.com\/fr\/?s={search_term_string}"},"query-input":{"@type":"PropertyValueSpecification","valueRequired":true,"valueName":"search_term_string"}}],"inLanguage":"fr-FR"},{"@type":"Organization","@id":"https:\/\/www.fusiontables.com\/fr\/#organization","name":"Fusion Tables","url":"https:\/\/www.fusiontables.com\/fr\/","logo":{"@type":"ImageObject","inLanguage":"fr-FR","@id":"https:\/\/www.fusiontables.com\/fr\/#\/schema\/logo\/image\/","url":"https:\/\/www.fusiontables.com\/wp-content\/uploads\/2024\/11\/Fusiontables-Logo.png","contentUrl":"https:\/\/www.fusiontables.com\/wp-content\/uploads\/2024\/11\/Fusiontables-Logo.png","width":514,"height":119,"caption":"Fusion Tables"},"image":{"@id":"https:\/\/www.fusiontables.com\/fr\/#\/schema\/logo\/image\/"}}]}},"_links":{"self":[{"href":"https:\/\/www.fusiontables.com\/fr\/wp-json\/wp\/v2\/pages\/302","targetHints":{"allow":["GET"]}}],"collection":[{"href":"https:\/\/www.fusiontables.com\/fr\/wp-json\/wp\/v2\/pages"}],"about":[{"href":"https:\/\/www.fusiontables.com\/fr\/wp-json\/wp\/v2\/types\/page"}],"author":[{"embeddable":true,"href":"https:\/\/www.fusiontables.com\/fr\/wp-json\/wp\/v2\/users\/2"}],"replies":[{"embeddable":true,"href":"https:\/\/www.fusiontables.com\/fr\/wp-json\/wp\/v2\/comments?post=302"}],"version-history":[{"count":10,"href":"https:\/\/www.fusiontables.com\/fr\/wp-json\/wp\/v2\/pages\/302\/revisions"}],"predecessor-version":[{"id":4681,"href":"https:\/\/www.fusiontables.com\/fr\/wp-json\/wp\/v2\/pages\/302\/revisions\/4681"}],"wp:featuredmedia":[{"embeddable":true,"href":"https:\/\/www.fusiontables.com\/fr\/wp-json\/wp\/v2\/media\/263"}],"wp:attachment":[{"href":"https:\/\/www.fusiontables.com\/fr\/wp-json\/wp\/v2\/media?parent=302"}],"curies":[{"name":"wp","href":"https:\/\/api.w.org\/{rel}","templated":true}]}}