{"id":402,"date":"2019-04-05T15:26:33","date_gmt":"2019-04-05T13:26:33","guid":{"rendered":"https:\/\/www.fusiontables.com\/finitions-cuir\/"},"modified":"2025-03-18T15:52:35","modified_gmt":"2025-03-18T14:52:35","slug":"finitions-cuir","status":"publish","type":"page","link":"https:\/\/www.fusiontables.com\/fr\/finitions-cuir\/","title":{"rendered":"Finitions cuir"},"content":{"rendered":"<p>Pour s\u00e9duire les utilisateurs et les d\u00e9corateurs les plus exigeants, Fusiontables s\u00e9lectionne uniquement les finitions r\u00e9pondant aux plus hauts standard de qualit\u00e9 de l\u2019industrie du meuble europ\u00e9en.\u00a0<\/p>\n<p>Les placages bois, les vernis, les peintures, les c\u00e9ramiques et les \u00e9l\u00e9ments de quincaillerie sont tous contr\u00f4l\u00e9s \u00e0 chaque \u00e9tape de la fabrication jusqu\u2019\u00e0 l\u2019emballage final. Gr\u00e2ce \u00e0 ce souci permanent du d\u00e9tail, nos <a href=\"https:\/\/www.fusiontables.com\/fr\/tables-de-billard-transformables\" data-wplink-edit=\"true\"><strong>tables transformables en billard<\/strong><\/a> ou nos<strong>\u00a0<a href=\"https:\/\/www.fusiontables.com\/fr\/sieges-fusiontables\/\">bancs et tabourets<\/a><\/strong>, disponibles en <a href=\"https:\/\/www.fusiontables.com\/fr\/finition-cuir-noir\/\"><b>noir <\/b><\/a>et en<b> <a href=\"https:\/\/www.fusiontables.com\/fr\/finition-cuir-blanc-creme\/\">blanc cr\u00eame<\/a><\/b> resteront longtemps apr\u00e8s leur achat, \u00a0les joyaux de votre int\u00e9rieur.<\/p>\n<p><img fetchpriority=\"high\" decoding=\"async\" class=\" size-full wp-image-396\" src=\"https:\/\/www.fusiontables.com\/wp-content\/uploads\/2019\/04\/leather-60f.jpg\" alt=\"leather\" width=\"1500\" height=\"434\" data-align=\"center\" data-entity-type=\"file\" data-entity-uuid=\"e5dd4e9c-e0d2-4449-8c84-d11f80d293c7\" srcset=\"https:\/\/www.fusiontables.com\/wp-content\/uploads\/2019\/04\/leather-60f.jpg 1500w, https:\/\/www.fusiontables.com\/wp-content\/uploads\/2019\/04\/leather-60f-300x87.jpg 300w, https:\/\/www.fusiontables.com\/wp-content\/uploads\/2019\/04\/leather-60f-1024x296.jpg 1024w, https:\/\/www.fusiontables.com\/wp-content\/uploads\/2019\/04\/leather-60f-768x222.jpg 768w\" sizes=\"(max-width: 1500px) 100vw, 1500px\" \/><\/p>\n<p><iframe style=\"width: 100%; height: 500px;\" src=\"https:\/\/www.archiproducts.com\/3d-viewer?productid=50986\"><\/iframe><\/p>\n\n\n<p><\/p>\n","protected":false},"excerpt":{"rendered":"<p>Pour s\u00e9duire les utilisateurs et les d\u00e9corateurs les plus exigeants, Fusiontables s\u00e9lectionne uniquement les finitions r\u00e9pondant aux plus hauts standard de qualit\u00e9 de l\u2019industrie du meuble europ\u00e9en.\u00a0 Les placages bois, les vernis, les peintures, les c\u00e9ramiques et les \u00e9l\u00e9ments de quincaillerie sont tous contr\u00f4l\u00e9s \u00e0 chaque \u00e9tape de la fabrication jusqu\u2019\u00e0 l\u2019emballage final. Gr\u00e2ce \u00e0 [&hellip;]<\/p>\n","protected":false},"author":1,"featured_media":396,"parent":0,"menu_order":0,"comment_status":"closed","ping_status":"closed","template":"","meta":{"_acf_changed":false,"footnotes":""},"class_list":["post-402","page","type-page","status-publish","has-post-thumbnail","hentry"],"acf":[],"yoast_head":"<!-- This site is optimized with the Yoast SEO plugin v27.4 - https:\/\/yoast.com\/product\/yoast-seo-wordpress\/ -->\n<title>Finitions cuir - Fusion Tables<\/title>\n<meta name=\"robots\" content=\"index, follow, max-snippet:-1, max-image-preview:large, max-video-preview:-1\" \/>\n<link rel=\"canonical\" href=\"https:\/\/www.fusiontables.com\/fr\/finitions-cuir\/\" \/>\n<meta property=\"og:locale\" content=\"fr_FR\" \/>\n<meta property=\"og:type\" content=\"article\" \/>\n<meta property=\"og:title\" content=\"Finitions cuir - Fusion Tables\" \/>\n<meta property=\"og:description\" content=\"Pour s\u00e9duire les utilisateurs et les d\u00e9corateurs les plus exigeants, Fusiontables s\u00e9lectionne uniquement les finitions r\u00e9pondant aux plus hauts standard de qualit\u00e9 de l\u2019industrie du meuble europ\u00e9en.\u00a0 Les placages bois, les vernis, les peintures, les c\u00e9ramiques et les \u00e9l\u00e9ments de quincaillerie sont tous contr\u00f4l\u00e9s \u00e0 chaque \u00e9tape de la fabrication jusqu\u2019\u00e0 l\u2019emballage final. Gr\u00e2ce \u00e0 [&hellip;]\" \/>\n<meta property=\"og:url\" content=\"https:\/\/www.fusiontables.com\/fr\/finitions-cuir\/\" \/>\n<meta property=\"og:site_name\" content=\"Fusion Tables\" \/>\n<meta property=\"article:modified_time\" content=\"2025-03-18T14:52:35+00:00\" \/>\n<meta property=\"og:image\" content=\"https:\/\/www.fusiontables.com\/wp-content\/uploads\/2019\/04\/leather-60f.jpg\" \/>\n\t<meta property=\"og:image:width\" content=\"1500\" \/>\n\t<meta property=\"og:image:height\" content=\"434\" \/>\n\t<meta property=\"og:image:type\" content=\"image\/jpeg\" \/>\n<meta name=\"twitter:card\" content=\"summary_large_image\" \/>\n<meta name=\"twitter:label1\" content=\"Dur\u00e9e de lecture estim\u00e9e\" \/>\n\t<meta name=\"twitter:data1\" content=\"1 minute\" \/>\n<script type=\"application\/ld+json\" class=\"yoast-schema-graph\">{\"@context\":\"https:\\\/\\\/schema.org\",\"@graph\":[{\"@type\":\"WebPage\",\"@id\":\"https:\\\/\\\/www.fusiontables.com\\\/fr\\\/finitions-cuir\\\/\",\"url\":\"https:\\\/\\\/www.fusiontables.com\\\/fr\\\/finitions-cuir\\\/\",\"name\":\"Finitions cuir - Fusion Tables\",\"isPartOf\":{\"@id\":\"https:\\\/\\\/www.fusiontables.com\\\/fr\\\/#website\"},\"primaryImageOfPage\":{\"@id\":\"https:\\\/\\\/www.fusiontables.com\\\/fr\\\/finitions-cuir\\\/#primaryimage\"},\"image\":{\"@id\":\"https:\\\/\\\/www.fusiontables.com\\\/fr\\\/finitions-cuir\\\/#primaryimage\"},\"thumbnailUrl\":\"https:\\\/\\\/www.fusiontables.com\\\/wp-content\\\/uploads\\\/2019\\\/04\\\/leather-60f.jpg\",\"datePublished\":\"2019-04-05T13:26:33+00:00\",\"dateModified\":\"2025-03-18T14:52:35+00:00\",\"breadcrumb\":{\"@id\":\"https:\\\/\\\/www.fusiontables.com\\\/fr\\\/finitions-cuir\\\/#breadcrumb\"},\"inLanguage\":\"fr-FR\",\"potentialAction\":[{\"@type\":\"ReadAction\",\"target\":[\"https:\\\/\\\/www.fusiontables.com\\\/fr\\\/finitions-cuir\\\/\"]}]},{\"@type\":\"ImageObject\",\"inLanguage\":\"fr-FR\",\"@id\":\"https:\\\/\\\/www.fusiontables.com\\\/fr\\\/finitions-cuir\\\/#primaryimage\",\"url\":\"https:\\\/\\\/www.fusiontables.com\\\/wp-content\\\/uploads\\\/2019\\\/04\\\/leather-60f.jpg\",\"contentUrl\":\"https:\\\/\\\/www.fusiontables.com\\\/wp-content\\\/uploads\\\/2019\\\/04\\\/leather-60f.jpg\",\"width\":1500,\"height\":434,\"caption\":\"leather\"},{\"@type\":\"BreadcrumbList\",\"@id\":\"https:\\\/\\\/www.fusiontables.com\\\/fr\\\/finitions-cuir\\\/#breadcrumb\",\"itemListElement\":[{\"@type\":\"ListItem\",\"position\":1,\"name\":\"Accueil\",\"item\":\"https:\\\/\\\/www.fusiontables.com\\\/fr\\\/\"},{\"@type\":\"ListItem\",\"position\":2,\"name\":\"Finitions cuir\"}]},{\"@type\":\"WebSite\",\"@id\":\"https:\\\/\\\/www.fusiontables.com\\\/fr\\\/#website\",\"url\":\"https:\\\/\\\/www.fusiontables.com\\\/fr\\\/\",\"name\":\"Fusion Tables\",\"description\":\"\",\"publisher\":{\"@id\":\"https:\\\/\\\/www.fusiontables.com\\\/fr\\\/#organization\"},\"potentialAction\":[{\"@type\":\"SearchAction\",\"target\":{\"@type\":\"EntryPoint\",\"urlTemplate\":\"https:\\\/\\\/www.fusiontables.com\\\/fr\\\/?s={search_term_string}\"},\"query-input\":{\"@type\":\"PropertyValueSpecification\",\"valueRequired\":true,\"valueName\":\"search_term_string\"}}],\"inLanguage\":\"fr-FR\"},{\"@type\":\"Organization\",\"@id\":\"https:\\\/\\\/www.fusiontables.com\\\/fr\\\/#organization\",\"name\":\"Fusion Tables\",\"url\":\"https:\\\/\\\/www.fusiontables.com\\\/fr\\\/\",\"logo\":{\"@type\":\"ImageObject\",\"inLanguage\":\"fr-FR\",\"@id\":\"https:\\\/\\\/www.fusiontables.com\\\/fr\\\/#\\\/schema\\\/logo\\\/image\\\/\",\"url\":\"https:\\\/\\\/www.fusiontables.com\\\/wp-content\\\/uploads\\\/2024\\\/11\\\/Fusiontables-Logo.png\",\"contentUrl\":\"https:\\\/\\\/www.fusiontables.com\\\/wp-content\\\/uploads\\\/2024\\\/11\\\/Fusiontables-Logo.png\",\"width\":514,\"height\":119,\"caption\":\"Fusion Tables\"},\"image\":{\"@id\":\"https:\\\/\\\/www.fusiontables.com\\\/fr\\\/#\\\/schema\\\/logo\\\/image\\\/\"}}]}<\/script>\n<!-- \/ Yoast SEO plugin. -->","yoast_head_json":{"title":"Finitions cuir - Fusion Tables","robots":{"index":"index","follow":"follow","max-snippet":"max-snippet:-1","max-image-preview":"max-image-preview:large","max-video-preview":"max-video-preview:-1"},"canonical":"https:\/\/www.fusiontables.com\/fr\/finitions-cuir\/","og_locale":"fr_FR","og_type":"article","og_title":"Finitions cuir - Fusion Tables","og_description":"Pour s\u00e9duire les utilisateurs et les d\u00e9corateurs les plus exigeants, Fusiontables s\u00e9lectionne uniquement les finitions r\u00e9pondant aux plus hauts standard de qualit\u00e9 de l\u2019industrie du meuble europ\u00e9en.\u00a0 Les placages bois, les vernis, les peintures, les c\u00e9ramiques et les \u00e9l\u00e9ments de quincaillerie sont tous contr\u00f4l\u00e9s \u00e0 chaque \u00e9tape de la fabrication jusqu\u2019\u00e0 l\u2019emballage final. Gr\u00e2ce \u00e0 [&hellip;]","og_url":"https:\/\/www.fusiontables.com\/fr\/finitions-cuir\/","og_site_name":"Fusion Tables","article_modified_time":"2025-03-18T14:52:35+00:00","og_image":[{"width":1500,"height":434,"url":"https:\/\/www.fusiontables.com\/wp-content\/uploads\/2019\/04\/leather-60f.jpg","type":"image\/jpeg"}],"twitter_card":"summary_large_image","twitter_misc":{"Dur\u00e9e de lecture estim\u00e9e":"1 minute"},"schema":{"@context":"https:\/\/schema.org","@graph":[{"@type":"WebPage","@id":"https:\/\/www.fusiontables.com\/fr\/finitions-cuir\/","url":"https:\/\/www.fusiontables.com\/fr\/finitions-cuir\/","name":"Finitions cuir - Fusion Tables","isPartOf":{"@id":"https:\/\/www.fusiontables.com\/fr\/#website"},"primaryImageOfPage":{"@id":"https:\/\/www.fusiontables.com\/fr\/finitions-cuir\/#primaryimage"},"image":{"@id":"https:\/\/www.fusiontables.com\/fr\/finitions-cuir\/#primaryimage"},"thumbnailUrl":"https:\/\/www.fusiontables.com\/wp-content\/uploads\/2019\/04\/leather-60f.jpg","datePublished":"2019-04-05T13:26:33+00:00","dateModified":"2025-03-18T14:52:35+00:00","breadcrumb":{"@id":"https:\/\/www.fusiontables.com\/fr\/finitions-cuir\/#breadcrumb"},"inLanguage":"fr-FR","potentialAction":[{"@type":"ReadAction","target":["https:\/\/www.fusiontables.com\/fr\/finitions-cuir\/"]}]},{"@type":"ImageObject","inLanguage":"fr-FR","@id":"https:\/\/www.fusiontables.com\/fr\/finitions-cuir\/#primaryimage","url":"https:\/\/www.fusiontables.com\/wp-content\/uploads\/2019\/04\/leather-60f.jpg","contentUrl":"https:\/\/www.fusiontables.com\/wp-content\/uploads\/2019\/04\/leather-60f.jpg","width":1500,"height":434,"caption":"leather"},{"@type":"BreadcrumbList","@id":"https:\/\/www.fusiontables.com\/fr\/finitions-cuir\/#breadcrumb","itemListElement":[{"@type":"ListItem","position":1,"name":"Accueil","item":"https:\/\/www.fusiontables.com\/fr\/"},{"@type":"ListItem","position":2,"name":"Finitions cuir"}]},{"@type":"WebSite","@id":"https:\/\/www.fusiontables.com\/fr\/#website","url":"https:\/\/www.fusiontables.com\/fr\/","name":"Fusion Tables","description":"","publisher":{"@id":"https:\/\/www.fusiontables.com\/fr\/#organization"},"potentialAction":[{"@type":"SearchAction","target":{"@type":"EntryPoint","urlTemplate":"https:\/\/www.fusiontables.com\/fr\/?s={search_term_string}"},"query-input":{"@type":"PropertyValueSpecification","valueRequired":true,"valueName":"search_term_string"}}],"inLanguage":"fr-FR"},{"@type":"Organization","@id":"https:\/\/www.fusiontables.com\/fr\/#organization","name":"Fusion Tables","url":"https:\/\/www.fusiontables.com\/fr\/","logo":{"@type":"ImageObject","inLanguage":"fr-FR","@id":"https:\/\/www.fusiontables.com\/fr\/#\/schema\/logo\/image\/","url":"https:\/\/www.fusiontables.com\/wp-content\/uploads\/2024\/11\/Fusiontables-Logo.png","contentUrl":"https:\/\/www.fusiontables.com\/wp-content\/uploads\/2024\/11\/Fusiontables-Logo.png","width":514,"height":119,"caption":"Fusion Tables"},"image":{"@id":"https:\/\/www.fusiontables.com\/fr\/#\/schema\/logo\/image\/"}}]}},"_links":{"self":[{"href":"https:\/\/www.fusiontables.com\/fr\/wp-json\/wp\/v2\/pages\/402","targetHints":{"allow":["GET"]}}],"collection":[{"href":"https:\/\/www.fusiontables.com\/fr\/wp-json\/wp\/v2\/pages"}],"about":[{"href":"https:\/\/www.fusiontables.com\/fr\/wp-json\/wp\/v2\/types\/page"}],"author":[{"embeddable":true,"href":"https:\/\/www.fusiontables.com\/fr\/wp-json\/wp\/v2\/users\/1"}],"replies":[{"embeddable":true,"href":"https:\/\/www.fusiontables.com\/fr\/wp-json\/wp\/v2\/comments?post=402"}],"version-history":[{"count":9,"href":"https:\/\/www.fusiontables.com\/fr\/wp-json\/wp\/v2\/pages\/402\/revisions"}],"predecessor-version":[{"id":4760,"href":"https:\/\/www.fusiontables.com\/fr\/wp-json\/wp\/v2\/pages\/402\/revisions\/4760"}],"wp:featuredmedia":[{"embeddable":true,"href":"https:\/\/www.fusiontables.com\/fr\/wp-json\/wp\/v2\/media\/396"}],"wp:attachment":[{"href":"https:\/\/www.fusiontables.com\/fr\/wp-json\/wp\/v2\/media?parent=402"}],"curies":[{"name":"wp","href":"https:\/\/api.w.org\/{rel}","templated":true}]}}