{"id":447,"date":"2019-04-05T15:33:08","date_gmt":"2019-04-05T13:33:08","guid":{"rendered":"https:\/\/www.fusiontables.com\/collection-woodline-2\/"},"modified":"2025-02-10T17:25:17","modified_gmt":"2025-02-10T16:25:17","slug":"collection-woodline-2","status":"publish","type":"page","link":"https:\/\/www.fusiontables.com\/fr\/collection-woodline-2\/","title":{"rendered":"Collection Woodline"},"content":{"rendered":"<p class=\"text-align-justify\">Concilier le naturel et le design: un pari fou? Le <strong>billard design&nbsp;Fusion<\/strong>, \u00e0 la forme \u00e9pur\u00e9e, minimaliste mais r\u00e9alis\u00e9e avec des mat\u00e9riaux naturels, r\u00e9pond \u00e0 100% \u00e0 ce challenge.<br \/>\nSon caract\u00e8re authentique et intemporel apporte \u00e0 votre int\u00e9rieur une singularit\u00e9 propre \u00e0 la marque Fusiontables. Amoureux de la nature et des mat\u00e9riaux nobles, la collection Woodline en noyer ou ch\u00eane s\u2019int\u00e9grera parfaitement dans votre environnement gr\u00e2ce \u00e0 la combinaison de cette table de <strong>billard transformable<\/strong> avec les <a href=\"https:\/\/www.fusiontables.com\/fr\/bancs-et-tabourets-fusion\/\"><strong>si\u00e8ges <\/strong><\/a>de la m\u00eame collection.&nbsp;<\/p>\n<p><img fetchpriority=\"high\" decoding=\"async\" class=\" size-full wp-image-414\" alt=\"wood\" data-align=\"center\" data-entity-type=\"file\" data-entity-uuid=\"bdbe2eac-f3a9-465c-be9b-c53498bb27bb\" src=\"https:\/\/www.fusiontables.com\/wp-content\/uploads\/2019\/04\/wood2021-e77.png\" width=\"1200\" height=\"729\" srcset=\"https:\/\/www.fusiontables.com\/wp-content\/uploads\/2019\/04\/wood2021-e77.png 1200w, https:\/\/www.fusiontables.com\/wp-content\/uploads\/2019\/04\/wood2021-e77-300x182.png 300w, https:\/\/www.fusiontables.com\/wp-content\/uploads\/2019\/04\/wood2021-e77-1024x622.png 1024w, https:\/\/www.fusiontables.com\/wp-content\/uploads\/2019\/04\/wood2021-e77-768x467.png 768w\" sizes=\"(max-width: 1200px) 100vw, 1200px\" \/><\/p>\n<p class=\"text-align-justify\">\nLa&nbsp;<strong>table de billard<\/strong> Fusion propose aussi un <a href=\"https:\/\/www.fusiontables.com\/fr\/qualite\/#el\"><strong>syst\u00e8me r\u00e9volutionnaire Easy Lift<\/strong><\/a> pour passer de la hauteur conventionnelle d&rsquo;une table de repas traditionnelle (75cm) \u00e0 la hauteur id\u00e9ale pour jouer au billard (82,5cm)<\/p>\n<p class=\"text-align-justify\">\nNos <strong>billards convertibles<\/strong>&nbsp;sont \u00e9quip\u00e9es des meilleurs composants des billard professionnels avec le <a href=\"https:\/\/www.fusiontables.com\/fr\/qualite\/#ds\"><strong>drap de comp\u00e9tition Iwan Simonis<\/strong><\/a> (disponible en 25 coloris diff\u00e9rents) et de <a href=\"https:\/\/www.fusiontables.com\/fr\/qualite\/#bk\"><strong>bandes en caoutchouc naturel<\/strong><\/a> pour une longue dur\u00e9e de vie.\u200e<\/p>\n<p class=\"text-align-justify\">\nPour pouvoir stocker tout le <strong>mat\u00e9riel de billard<\/strong> dans la tr\u00e8s discr\u00e8te \u00e9paisseur du <strong>billard design Fusion<\/strong>, une solution innovante a \u00e9t\u00e9 \u00e9labor\u00e9e dans les <a href=\"https:\/\/www.fusiontables.com\/fr\/qualite\/#fp\"><strong>poches du billard<\/strong><\/a>. Une technologie de textile en Nylon stretch permet \u00e0 la poche de s\u2019\u00e9tirer quand les boules tombent \u00e0 l\u2019int\u00e9rieur mais surtout de reprendre sa forme initiale imm\u00e9diatement apr\u00e8s la partie de billard.<\/p>\n<p class=\"text-align-justify\">\nCe mod\u00e8le Woodline est disponible en 4 essences de bois et se laissera guider par l\u2019esprit du lieu mais \u00e9galement par le caract\u00e8re de ses habitants. Capturer le \u00abvrai\u00bb, apprivoiser le naturel, jouer avec le bois, c\u2019est ce qui a donn\u00e9 naissance \u00e0 la collection Woodline. Choisir la table Woodline, c&rsquo;est opter pour la convivialit\u00e9 et le \u00ab\u00a0vivre ensemble\u00a0\u00bb dans un espace naturel et zen.\u200e<\/p>\n<p class=\"text-align-justify\">&nbsp;<\/p>\n<p><img decoding=\"async\" class=\" size-full wp-image-441\" alt=\"billard design\" data-align=\"center\" data-entity-type=\"file\" data-entity-uuid=\"fcda75f4-971b-4480-bb8e-04e9d3cef009\" src=\"https:\/\/www.fusiontables.com\/wp-content\/uploads\/2019\/04\/dim-wood_1-31b.png\" width=\"1445\" height=\"388\" srcset=\"https:\/\/www.fusiontables.com\/wp-content\/uploads\/2019\/04\/dim-wood_1-31b.png 1445w, https:\/\/www.fusiontables.com\/wp-content\/uploads\/2019\/04\/dim-wood_1-31b-300x81.png 300w, https:\/\/www.fusiontables.com\/wp-content\/uploads\/2019\/04\/dim-wood_1-31b-1024x275.png 1024w, https:\/\/www.fusiontables.com\/wp-content\/uploads\/2019\/04\/dim-wood_1-31b-768x206.png 768w\" sizes=\"(max-width: 1445px) 100vw, 1445px\" \/><\/p>\n<p class=\"text-align-justify\">\n&nbsp;<\/p>\n","protected":false},"excerpt":{"rendered":"<p>Concilier le naturel et le design: un pari fou? Le billard design&nbsp;Fusion, \u00e0 la forme \u00e9pur\u00e9e, minimaliste mais r\u00e9alis\u00e9e avec des mat\u00e9riaux naturels, r\u00e9pond \u00e0 100% \u00e0 ce challenge. Son caract\u00e8re authentique et intemporel apporte \u00e0 votre int\u00e9rieur une singularit\u00e9 propre \u00e0 la marque Fusiontables. Amoureux de la nature et des mat\u00e9riaux nobles, la collection [&hellip;]<\/p>\n","protected":false},"author":1,"featured_media":414,"parent":0,"menu_order":0,"comment_status":"closed","ping_status":"closed","template":"","meta":{"_acf_changed":false,"footnotes":""},"class_list":["post-447","page","type-page","status-publish","has-post-thumbnail","hentry"],"acf":[],"yoast_head":"<!-- This site is optimized with the Yoast SEO plugin v27.4 - https:\/\/yoast.com\/product\/yoast-seo-wordpress\/ -->\n<title>Collection Woodline - Fusion Tables<\/title>\n<meta name=\"robots\" content=\"index, follow, max-snippet:-1, max-image-preview:large, max-video-preview:-1\" \/>\n<link rel=\"canonical\" href=\"https:\/\/www.fusiontables.com\/fr\/collection-woodline-2\/\" \/>\n<meta property=\"og:locale\" content=\"fr_FR\" \/>\n<meta property=\"og:type\" content=\"article\" \/>\n<meta property=\"og:title\" content=\"Collection Woodline - Fusion Tables\" \/>\n<meta property=\"og:description\" content=\"Concilier le naturel et le design: un pari fou? Le billard design&nbsp;Fusion, \u00e0 la forme \u00e9pur\u00e9e, minimaliste mais r\u00e9alis\u00e9e avec des mat\u00e9riaux naturels, r\u00e9pond \u00e0 100% \u00e0 ce challenge. Son caract\u00e8re authentique et intemporel apporte \u00e0 votre int\u00e9rieur une singularit\u00e9 propre \u00e0 la marque Fusiontables. Amoureux de la nature et des mat\u00e9riaux nobles, la collection [&hellip;]\" \/>\n<meta property=\"og:url\" content=\"https:\/\/www.fusiontables.com\/fr\/collection-woodline-2\/\" \/>\n<meta property=\"og:site_name\" content=\"Fusion Tables\" \/>\n<meta property=\"article:modified_time\" content=\"2025-02-10T16:25:17+00:00\" \/>\n<meta property=\"og:image\" content=\"https:\/\/www.fusiontables.com\/wp-content\/uploads\/2019\/04\/wood2021-e77.png\" \/>\n\t<meta property=\"og:image:width\" content=\"1200\" \/>\n\t<meta property=\"og:image:height\" content=\"729\" \/>\n\t<meta property=\"og:image:type\" content=\"image\/png\" \/>\n<meta name=\"twitter:card\" content=\"summary_large_image\" \/>\n<meta name=\"twitter:label1\" content=\"Dur\u00e9e de lecture estim\u00e9e\" \/>\n\t<meta name=\"twitter:data1\" content=\"2 minutes\" \/>\n<script type=\"application\/ld+json\" class=\"yoast-schema-graph\">{\"@context\":\"https:\\\/\\\/schema.org\",\"@graph\":[{\"@type\":\"WebPage\",\"@id\":\"https:\\\/\\\/www.fusiontables.com\\\/fr\\\/collection-woodline-2\\\/\",\"url\":\"https:\\\/\\\/www.fusiontables.com\\\/fr\\\/collection-woodline-2\\\/\",\"name\":\"Collection Woodline - Fusion Tables\",\"isPartOf\":{\"@id\":\"https:\\\/\\\/www.fusiontables.com\\\/fr\\\/#website\"},\"primaryImageOfPage\":{\"@id\":\"https:\\\/\\\/www.fusiontables.com\\\/fr\\\/collection-woodline-2\\\/#primaryimage\"},\"image\":{\"@id\":\"https:\\\/\\\/www.fusiontables.com\\\/fr\\\/collection-woodline-2\\\/#primaryimage\"},\"thumbnailUrl\":\"https:\\\/\\\/www.fusiontables.com\\\/wp-content\\\/uploads\\\/2019\\\/04\\\/wood2021-e77.png\",\"datePublished\":\"2019-04-05T13:33:08+00:00\",\"dateModified\":\"2025-02-10T16:25:17+00:00\",\"breadcrumb\":{\"@id\":\"https:\\\/\\\/www.fusiontables.com\\\/fr\\\/collection-woodline-2\\\/#breadcrumb\"},\"inLanguage\":\"fr-FR\",\"potentialAction\":[{\"@type\":\"ReadAction\",\"target\":[\"https:\\\/\\\/www.fusiontables.com\\\/fr\\\/collection-woodline-2\\\/\"]}]},{\"@type\":\"ImageObject\",\"inLanguage\":\"fr-FR\",\"@id\":\"https:\\\/\\\/www.fusiontables.com\\\/fr\\\/collection-woodline-2\\\/#primaryimage\",\"url\":\"https:\\\/\\\/www.fusiontables.com\\\/wp-content\\\/uploads\\\/2019\\\/04\\\/wood2021-e77.png\",\"contentUrl\":\"https:\\\/\\\/www.fusiontables.com\\\/wp-content\\\/uploads\\\/2019\\\/04\\\/wood2021-e77.png\",\"width\":1200,\"height\":729,\"caption\":\"wood\"},{\"@type\":\"BreadcrumbList\",\"@id\":\"https:\\\/\\\/www.fusiontables.com\\\/fr\\\/collection-woodline-2\\\/#breadcrumb\",\"itemListElement\":[{\"@type\":\"ListItem\",\"position\":1,\"name\":\"Accueil\",\"item\":\"https:\\\/\\\/www.fusiontables.com\\\/fr\\\/\"},{\"@type\":\"ListItem\",\"position\":2,\"name\":\"Collection Woodline\"}]},{\"@type\":\"WebSite\",\"@id\":\"https:\\\/\\\/www.fusiontables.com\\\/fr\\\/#website\",\"url\":\"https:\\\/\\\/www.fusiontables.com\\\/fr\\\/\",\"name\":\"Fusion Tables\",\"description\":\"\",\"publisher\":{\"@id\":\"https:\\\/\\\/www.fusiontables.com\\\/fr\\\/#organization\"},\"potentialAction\":[{\"@type\":\"SearchAction\",\"target\":{\"@type\":\"EntryPoint\",\"urlTemplate\":\"https:\\\/\\\/www.fusiontables.com\\\/fr\\\/?s={search_term_string}\"},\"query-input\":{\"@type\":\"PropertyValueSpecification\",\"valueRequired\":true,\"valueName\":\"search_term_string\"}}],\"inLanguage\":\"fr-FR\"},{\"@type\":\"Organization\",\"@id\":\"https:\\\/\\\/www.fusiontables.com\\\/fr\\\/#organization\",\"name\":\"Fusion Tables\",\"url\":\"https:\\\/\\\/www.fusiontables.com\\\/fr\\\/\",\"logo\":{\"@type\":\"ImageObject\",\"inLanguage\":\"fr-FR\",\"@id\":\"https:\\\/\\\/www.fusiontables.com\\\/fr\\\/#\\\/schema\\\/logo\\\/image\\\/\",\"url\":\"https:\\\/\\\/www.fusiontables.com\\\/wp-content\\\/uploads\\\/2024\\\/11\\\/Fusiontables-Logo.png\",\"contentUrl\":\"https:\\\/\\\/www.fusiontables.com\\\/wp-content\\\/uploads\\\/2024\\\/11\\\/Fusiontables-Logo.png\",\"width\":514,\"height\":119,\"caption\":\"Fusion Tables\"},\"image\":{\"@id\":\"https:\\\/\\\/www.fusiontables.com\\\/fr\\\/#\\\/schema\\\/logo\\\/image\\\/\"}}]}<\/script>\n<!-- \/ Yoast SEO plugin. -->","yoast_head_json":{"title":"Collection Woodline - Fusion Tables","robots":{"index":"index","follow":"follow","max-snippet":"max-snippet:-1","max-image-preview":"max-image-preview:large","max-video-preview":"max-video-preview:-1"},"canonical":"https:\/\/www.fusiontables.com\/fr\/collection-woodline-2\/","og_locale":"fr_FR","og_type":"article","og_title":"Collection Woodline - Fusion Tables","og_description":"Concilier le naturel et le design: un pari fou? Le billard design&nbsp;Fusion, \u00e0 la forme \u00e9pur\u00e9e, minimaliste mais r\u00e9alis\u00e9e avec des mat\u00e9riaux naturels, r\u00e9pond \u00e0 100% \u00e0 ce challenge. Son caract\u00e8re authentique et intemporel apporte \u00e0 votre int\u00e9rieur une singularit\u00e9 propre \u00e0 la marque Fusiontables. Amoureux de la nature et des mat\u00e9riaux nobles, la collection [&hellip;]","og_url":"https:\/\/www.fusiontables.com\/fr\/collection-woodline-2\/","og_site_name":"Fusion Tables","article_modified_time":"2025-02-10T16:25:17+00:00","og_image":[{"width":1200,"height":729,"url":"https:\/\/www.fusiontables.com\/wp-content\/uploads\/2019\/04\/wood2021-e77.png","type":"image\/png"}],"twitter_card":"summary_large_image","twitter_misc":{"Dur\u00e9e de lecture estim\u00e9e":"2 minutes"},"schema":{"@context":"https:\/\/schema.org","@graph":[{"@type":"WebPage","@id":"https:\/\/www.fusiontables.com\/fr\/collection-woodline-2\/","url":"https:\/\/www.fusiontables.com\/fr\/collection-woodline-2\/","name":"Collection Woodline - Fusion Tables","isPartOf":{"@id":"https:\/\/www.fusiontables.com\/fr\/#website"},"primaryImageOfPage":{"@id":"https:\/\/www.fusiontables.com\/fr\/collection-woodline-2\/#primaryimage"},"image":{"@id":"https:\/\/www.fusiontables.com\/fr\/collection-woodline-2\/#primaryimage"},"thumbnailUrl":"https:\/\/www.fusiontables.com\/wp-content\/uploads\/2019\/04\/wood2021-e77.png","datePublished":"2019-04-05T13:33:08+00:00","dateModified":"2025-02-10T16:25:17+00:00","breadcrumb":{"@id":"https:\/\/www.fusiontables.com\/fr\/collection-woodline-2\/#breadcrumb"},"inLanguage":"fr-FR","potentialAction":[{"@type":"ReadAction","target":["https:\/\/www.fusiontables.com\/fr\/collection-woodline-2\/"]}]},{"@type":"ImageObject","inLanguage":"fr-FR","@id":"https:\/\/www.fusiontables.com\/fr\/collection-woodline-2\/#primaryimage","url":"https:\/\/www.fusiontables.com\/wp-content\/uploads\/2019\/04\/wood2021-e77.png","contentUrl":"https:\/\/www.fusiontables.com\/wp-content\/uploads\/2019\/04\/wood2021-e77.png","width":1200,"height":729,"caption":"wood"},{"@type":"BreadcrumbList","@id":"https:\/\/www.fusiontables.com\/fr\/collection-woodline-2\/#breadcrumb","itemListElement":[{"@type":"ListItem","position":1,"name":"Accueil","item":"https:\/\/www.fusiontables.com\/fr\/"},{"@type":"ListItem","position":2,"name":"Collection Woodline"}]},{"@type":"WebSite","@id":"https:\/\/www.fusiontables.com\/fr\/#website","url":"https:\/\/www.fusiontables.com\/fr\/","name":"Fusion Tables","description":"","publisher":{"@id":"https:\/\/www.fusiontables.com\/fr\/#organization"},"potentialAction":[{"@type":"SearchAction","target":{"@type":"EntryPoint","urlTemplate":"https:\/\/www.fusiontables.com\/fr\/?s={search_term_string}"},"query-input":{"@type":"PropertyValueSpecification","valueRequired":true,"valueName":"search_term_string"}}],"inLanguage":"fr-FR"},{"@type":"Organization","@id":"https:\/\/www.fusiontables.com\/fr\/#organization","name":"Fusion Tables","url":"https:\/\/www.fusiontables.com\/fr\/","logo":{"@type":"ImageObject","inLanguage":"fr-FR","@id":"https:\/\/www.fusiontables.com\/fr\/#\/schema\/logo\/image\/","url":"https:\/\/www.fusiontables.com\/wp-content\/uploads\/2024\/11\/Fusiontables-Logo.png","contentUrl":"https:\/\/www.fusiontables.com\/wp-content\/uploads\/2024\/11\/Fusiontables-Logo.png","width":514,"height":119,"caption":"Fusion Tables"},"image":{"@id":"https:\/\/www.fusiontables.com\/fr\/#\/schema\/logo\/image\/"}}]}},"_links":{"self":[{"href":"https:\/\/www.fusiontables.com\/fr\/wp-json\/wp\/v2\/pages\/447","targetHints":{"allow":["GET"]}}],"collection":[{"href":"https:\/\/www.fusiontables.com\/fr\/wp-json\/wp\/v2\/pages"}],"about":[{"href":"https:\/\/www.fusiontables.com\/fr\/wp-json\/wp\/v2\/types\/page"}],"author":[{"embeddable":true,"href":"https:\/\/www.fusiontables.com\/fr\/wp-json\/wp\/v2\/users\/1"}],"replies":[{"embeddable":true,"href":"https:\/\/www.fusiontables.com\/fr\/wp-json\/wp\/v2\/comments?post=447"}],"version-history":[{"count":2,"href":"https:\/\/www.fusiontables.com\/fr\/wp-json\/wp\/v2\/pages\/447\/revisions"}],"predecessor-version":[{"id":3847,"href":"https:\/\/www.fusiontables.com\/fr\/wp-json\/wp\/v2\/pages\/447\/revisions\/3847"}],"wp:featuredmedia":[{"embeddable":true,"href":"https:\/\/www.fusiontables.com\/fr\/wp-json\/wp\/v2\/media\/414"}],"wp:attachment":[{"href":"https:\/\/www.fusiontables.com\/fr\/wp-json\/wp\/v2\/media?parent=447"}],"curies":[{"name":"wp","href":"https:\/\/api.w.org\/{rel}","templated":true}]}}