{"id":468,"date":"2019-04-08T10:11:15","date_gmt":"2019-04-08T08:11:15","guid":{"rendered":"https:\/\/www.fusiontables.com\/finition-cuir-noir\/"},"modified":"2025-02-11T09:22:50","modified_gmt":"2025-02-11T08:22:50","slug":"finition-cuir-noir","status":"publish","type":"page","link":"https:\/\/www.fusiontables.com\/fr\/finition-cuir-noir\/","title":{"rendered":"Finition cuir noir"},"content":{"rendered":"<p>Le noir que nous avons choisi pour nos si\u00e8ges vous garantit une finition stable et l\u00e9g\u00e8rement brillante comme le serait un cuir pleine fleur. Il se marie parfaitement avec les <a href=\"https:\/\/www.fusiontables.com\/fr\/finitions-bois\/\"><strong>finitions bois<\/strong><\/a> et les<a href=\"https:\/\/www.fusiontables.com\/fr\/finitions-metalliques\/\"> <strong>finitions metalliques<\/strong><\/a> de nos <a href=\"https:\/\/www.fusiontables.com\/fr\/tables-de-billard-transformables\/\"><strong>tables transformables en billard<\/strong><\/a> en <strong>acier\u00a0<\/strong><a href=\"https:\/\/www.fusiontables.com\/fr\/finition-noir-mat-ral9005-table-billard\/\"><strong>Noir Mat RAL9005<\/strong><\/a> et <a href=\"https:\/\/www.fusiontables.com\/fr\/finition-noir-mat-ral9005-table-billard\/\"><strong>bois laqu\u00e9<\/strong>\u00a0<strong>Noir mat<\/strong><\/a> mais aussi avec la plupart des autres finitions.<\/p>\n<p><img fetchpriority=\"high\" decoding=\"async\" class=\" size-full wp-image-456\" src=\"https:\/\/www.fusiontables.com\/wp-content\/uploads\/2019\/04\/cuir-noir-f6a.jpg\" alt=\"cuir noir\" width=\"298\" height=\"299\" data-align=\"center\" data-entity-type=\"file\" data-entity-uuid=\"b081db74-45fd-403d-b979-42567831806c\" srcset=\"https:\/\/www.fusiontables.com\/wp-content\/uploads\/2019\/04\/cuir-noir-f6a.jpg 298w, https:\/\/www.fusiontables.com\/wp-content\/uploads\/2019\/04\/cuir-noir-f6a-150x150.jpg 150w\" sizes=\"(max-width: 298px) 100vw, 298px\" \/><\/p>\n<p><img decoding=\"async\" class=\" size-full wp-image-462\" src=\"https:\/\/www.fusiontables.com\/wp-content\/uploads\/2019\/04\/bacn-n_1-094.jpg\" alt=\"banc noir\" width=\"800\" height=\"299\" data-align=\"center\" data-entity-type=\"file\" data-entity-uuid=\"c089543d-0cb9-4861-a4f8-058356e2ff27\" srcset=\"https:\/\/www.fusiontables.com\/wp-content\/uploads\/2019\/04\/bacn-n_1-094.jpg 800w, https:\/\/www.fusiontables.com\/wp-content\/uploads\/2019\/04\/bacn-n_1-094-300x112.jpg 300w, https:\/\/www.fusiontables.com\/wp-content\/uploads\/2019\/04\/bacn-n_1-094-768x287.jpg 768w\" sizes=\"(max-width: 800px) 100vw, 800px\" \/><\/p>\n","protected":false},"excerpt":{"rendered":"<p>Le noir que nous avons choisi pour nos si\u00e8ges vous garantit une finition stable et l\u00e9g\u00e8rement brillante comme le serait un cuir pleine fleur. Il se marie parfaitement avec les finitions bois et les finitions metalliques de nos tables transformables en billard en acier\u00a0Noir Mat RAL9005 et bois laqu\u00e9\u00a0Noir mat mais aussi avec la plupart [&hellip;]<\/p>\n","protected":false},"author":2,"featured_media":456,"parent":0,"menu_order":0,"comment_status":"closed","ping_status":"closed","template":"","meta":{"_acf_changed":false,"footnotes":""},"class_list":["post-468","page","type-page","status-publish","has-post-thumbnail","hentry"],"acf":[],"yoast_head":"<!-- This site is optimized with the Yoast SEO plugin v27.4 - https:\/\/yoast.com\/product\/yoast-seo-wordpress\/ -->\n<title>Finition cuir noir - Fusion Tables<\/title>\n<meta name=\"robots\" content=\"index, follow, max-snippet:-1, max-image-preview:large, max-video-preview:-1\" \/>\n<link rel=\"canonical\" href=\"https:\/\/www.fusiontables.com\/fr\/finition-cuir-noir\/\" \/>\n<meta property=\"og:locale\" content=\"fr_FR\" \/>\n<meta property=\"og:type\" content=\"article\" \/>\n<meta property=\"og:title\" content=\"Finition cuir noir - Fusion Tables\" \/>\n<meta property=\"og:description\" content=\"Le noir que nous avons choisi pour nos si\u00e8ges vous garantit une finition stable et l\u00e9g\u00e8rement brillante comme le serait un cuir pleine fleur. Il se marie parfaitement avec les finitions bois et les finitions metalliques de nos tables transformables en billard en acier\u00a0Noir Mat RAL9005 et bois laqu\u00e9\u00a0Noir mat mais aussi avec la plupart [&hellip;]\" \/>\n<meta property=\"og:url\" content=\"https:\/\/www.fusiontables.com\/fr\/finition-cuir-noir\/\" \/>\n<meta property=\"og:site_name\" content=\"Fusion Tables\" \/>\n<meta property=\"article:modified_time\" content=\"2025-02-11T08:22:50+00:00\" \/>\n<meta property=\"og:image\" content=\"https:\/\/www.fusiontables.com\/wp-content\/uploads\/2019\/04\/cuir-noir-f6a.jpg\" \/>\n\t<meta property=\"og:image:width\" content=\"298\" \/>\n\t<meta property=\"og:image:height\" content=\"299\" \/>\n\t<meta property=\"og:image:type\" content=\"image\/jpeg\" \/>\n<meta name=\"twitter:card\" content=\"summary_large_image\" \/>\n<meta name=\"twitter:label1\" content=\"Dur\u00e9e de lecture estim\u00e9e\" \/>\n\t<meta name=\"twitter:data1\" content=\"1 minute\" \/>\n<script type=\"application\/ld+json\" class=\"yoast-schema-graph\">{\"@context\":\"https:\\\/\\\/schema.org\",\"@graph\":[{\"@type\":\"WebPage\",\"@id\":\"https:\\\/\\\/www.fusiontables.com\\\/fr\\\/finition-cuir-noir\\\/\",\"url\":\"https:\\\/\\\/www.fusiontables.com\\\/fr\\\/finition-cuir-noir\\\/\",\"name\":\"Finition cuir noir - Fusion Tables\",\"isPartOf\":{\"@id\":\"https:\\\/\\\/www.fusiontables.com\\\/fr\\\/#website\"},\"primaryImageOfPage\":{\"@id\":\"https:\\\/\\\/www.fusiontables.com\\\/fr\\\/finition-cuir-noir\\\/#primaryimage\"},\"image\":{\"@id\":\"https:\\\/\\\/www.fusiontables.com\\\/fr\\\/finition-cuir-noir\\\/#primaryimage\"},\"thumbnailUrl\":\"https:\\\/\\\/www.fusiontables.com\\\/wp-content\\\/uploads\\\/2019\\\/04\\\/cuir-noir-f6a.jpg\",\"datePublished\":\"2019-04-08T08:11:15+00:00\",\"dateModified\":\"2025-02-11T08:22:50+00:00\",\"breadcrumb\":{\"@id\":\"https:\\\/\\\/www.fusiontables.com\\\/fr\\\/finition-cuir-noir\\\/#breadcrumb\"},\"inLanguage\":\"fr-FR\",\"potentialAction\":[{\"@type\":\"ReadAction\",\"target\":[\"https:\\\/\\\/www.fusiontables.com\\\/fr\\\/finition-cuir-noir\\\/\"]}]},{\"@type\":\"ImageObject\",\"inLanguage\":\"fr-FR\",\"@id\":\"https:\\\/\\\/www.fusiontables.com\\\/fr\\\/finition-cuir-noir\\\/#primaryimage\",\"url\":\"https:\\\/\\\/www.fusiontables.com\\\/wp-content\\\/uploads\\\/2019\\\/04\\\/cuir-noir-f6a.jpg\",\"contentUrl\":\"https:\\\/\\\/www.fusiontables.com\\\/wp-content\\\/uploads\\\/2019\\\/04\\\/cuir-noir-f6a.jpg\",\"width\":298,\"height\":299,\"caption\":\"cuir noir\"},{\"@type\":\"BreadcrumbList\",\"@id\":\"https:\\\/\\\/www.fusiontables.com\\\/fr\\\/finition-cuir-noir\\\/#breadcrumb\",\"itemListElement\":[{\"@type\":\"ListItem\",\"position\":1,\"name\":\"Accueil\",\"item\":\"https:\\\/\\\/www.fusiontables.com\\\/fr\\\/\"},{\"@type\":\"ListItem\",\"position\":2,\"name\":\"Finition cuir noir\"}]},{\"@type\":\"WebSite\",\"@id\":\"https:\\\/\\\/www.fusiontables.com\\\/fr\\\/#website\",\"url\":\"https:\\\/\\\/www.fusiontables.com\\\/fr\\\/\",\"name\":\"Fusion Tables\",\"description\":\"\",\"publisher\":{\"@id\":\"https:\\\/\\\/www.fusiontables.com\\\/fr\\\/#organization\"},\"potentialAction\":[{\"@type\":\"SearchAction\",\"target\":{\"@type\":\"EntryPoint\",\"urlTemplate\":\"https:\\\/\\\/www.fusiontables.com\\\/fr\\\/?s={search_term_string}\"},\"query-input\":{\"@type\":\"PropertyValueSpecification\",\"valueRequired\":true,\"valueName\":\"search_term_string\"}}],\"inLanguage\":\"fr-FR\"},{\"@type\":\"Organization\",\"@id\":\"https:\\\/\\\/www.fusiontables.com\\\/fr\\\/#organization\",\"name\":\"Fusion Tables\",\"url\":\"https:\\\/\\\/www.fusiontables.com\\\/fr\\\/\",\"logo\":{\"@type\":\"ImageObject\",\"inLanguage\":\"fr-FR\",\"@id\":\"https:\\\/\\\/www.fusiontables.com\\\/fr\\\/#\\\/schema\\\/logo\\\/image\\\/\",\"url\":\"https:\\\/\\\/www.fusiontables.com\\\/wp-content\\\/uploads\\\/2024\\\/11\\\/Fusiontables-Logo.png\",\"contentUrl\":\"https:\\\/\\\/www.fusiontables.com\\\/wp-content\\\/uploads\\\/2024\\\/11\\\/Fusiontables-Logo.png\",\"width\":514,\"height\":119,\"caption\":\"Fusion Tables\"},\"image\":{\"@id\":\"https:\\\/\\\/www.fusiontables.com\\\/fr\\\/#\\\/schema\\\/logo\\\/image\\\/\"}}]}<\/script>\n<!-- \/ Yoast SEO plugin. -->","yoast_head_json":{"title":"Finition cuir noir - Fusion Tables","robots":{"index":"index","follow":"follow","max-snippet":"max-snippet:-1","max-image-preview":"max-image-preview:large","max-video-preview":"max-video-preview:-1"},"canonical":"https:\/\/www.fusiontables.com\/fr\/finition-cuir-noir\/","og_locale":"fr_FR","og_type":"article","og_title":"Finition cuir noir - Fusion Tables","og_description":"Le noir que nous avons choisi pour nos si\u00e8ges vous garantit une finition stable et l\u00e9g\u00e8rement brillante comme le serait un cuir pleine fleur. Il se marie parfaitement avec les finitions bois et les finitions metalliques de nos tables transformables en billard en acier\u00a0Noir Mat RAL9005 et bois laqu\u00e9\u00a0Noir mat mais aussi avec la plupart [&hellip;]","og_url":"https:\/\/www.fusiontables.com\/fr\/finition-cuir-noir\/","og_site_name":"Fusion Tables","article_modified_time":"2025-02-11T08:22:50+00:00","og_image":[{"width":298,"height":299,"url":"https:\/\/www.fusiontables.com\/wp-content\/uploads\/2019\/04\/cuir-noir-f6a.jpg","type":"image\/jpeg"}],"twitter_card":"summary_large_image","twitter_misc":{"Dur\u00e9e de lecture estim\u00e9e":"1 minute"},"schema":{"@context":"https:\/\/schema.org","@graph":[{"@type":"WebPage","@id":"https:\/\/www.fusiontables.com\/fr\/finition-cuir-noir\/","url":"https:\/\/www.fusiontables.com\/fr\/finition-cuir-noir\/","name":"Finition cuir noir - Fusion Tables","isPartOf":{"@id":"https:\/\/www.fusiontables.com\/fr\/#website"},"primaryImageOfPage":{"@id":"https:\/\/www.fusiontables.com\/fr\/finition-cuir-noir\/#primaryimage"},"image":{"@id":"https:\/\/www.fusiontables.com\/fr\/finition-cuir-noir\/#primaryimage"},"thumbnailUrl":"https:\/\/www.fusiontables.com\/wp-content\/uploads\/2019\/04\/cuir-noir-f6a.jpg","datePublished":"2019-04-08T08:11:15+00:00","dateModified":"2025-02-11T08:22:50+00:00","breadcrumb":{"@id":"https:\/\/www.fusiontables.com\/fr\/finition-cuir-noir\/#breadcrumb"},"inLanguage":"fr-FR","potentialAction":[{"@type":"ReadAction","target":["https:\/\/www.fusiontables.com\/fr\/finition-cuir-noir\/"]}]},{"@type":"ImageObject","inLanguage":"fr-FR","@id":"https:\/\/www.fusiontables.com\/fr\/finition-cuir-noir\/#primaryimage","url":"https:\/\/www.fusiontables.com\/wp-content\/uploads\/2019\/04\/cuir-noir-f6a.jpg","contentUrl":"https:\/\/www.fusiontables.com\/wp-content\/uploads\/2019\/04\/cuir-noir-f6a.jpg","width":298,"height":299,"caption":"cuir noir"},{"@type":"BreadcrumbList","@id":"https:\/\/www.fusiontables.com\/fr\/finition-cuir-noir\/#breadcrumb","itemListElement":[{"@type":"ListItem","position":1,"name":"Accueil","item":"https:\/\/www.fusiontables.com\/fr\/"},{"@type":"ListItem","position":2,"name":"Finition cuir noir"}]},{"@type":"WebSite","@id":"https:\/\/www.fusiontables.com\/fr\/#website","url":"https:\/\/www.fusiontables.com\/fr\/","name":"Fusion Tables","description":"","publisher":{"@id":"https:\/\/www.fusiontables.com\/fr\/#organization"},"potentialAction":[{"@type":"SearchAction","target":{"@type":"EntryPoint","urlTemplate":"https:\/\/www.fusiontables.com\/fr\/?s={search_term_string}"},"query-input":{"@type":"PropertyValueSpecification","valueRequired":true,"valueName":"search_term_string"}}],"inLanguage":"fr-FR"},{"@type":"Organization","@id":"https:\/\/www.fusiontables.com\/fr\/#organization","name":"Fusion Tables","url":"https:\/\/www.fusiontables.com\/fr\/","logo":{"@type":"ImageObject","inLanguage":"fr-FR","@id":"https:\/\/www.fusiontables.com\/fr\/#\/schema\/logo\/image\/","url":"https:\/\/www.fusiontables.com\/wp-content\/uploads\/2024\/11\/Fusiontables-Logo.png","contentUrl":"https:\/\/www.fusiontables.com\/wp-content\/uploads\/2024\/11\/Fusiontables-Logo.png","width":514,"height":119,"caption":"Fusion Tables"},"image":{"@id":"https:\/\/www.fusiontables.com\/fr\/#\/schema\/logo\/image\/"}}]}},"_links":{"self":[{"href":"https:\/\/www.fusiontables.com\/fr\/wp-json\/wp\/v2\/pages\/468","targetHints":{"allow":["GET"]}}],"collection":[{"href":"https:\/\/www.fusiontables.com\/fr\/wp-json\/wp\/v2\/pages"}],"about":[{"href":"https:\/\/www.fusiontables.com\/fr\/wp-json\/wp\/v2\/types\/page"}],"author":[{"embeddable":true,"href":"https:\/\/www.fusiontables.com\/fr\/wp-json\/wp\/v2\/users\/2"}],"replies":[{"embeddable":true,"href":"https:\/\/www.fusiontables.com\/fr\/wp-json\/wp\/v2\/comments?post=468"}],"version-history":[{"count":6,"href":"https:\/\/www.fusiontables.com\/fr\/wp-json\/wp\/v2\/pages\/468\/revisions"}],"predecessor-version":[{"id":4036,"href":"https:\/\/www.fusiontables.com\/fr\/wp-json\/wp\/v2\/pages\/468\/revisions\/4036"}],"wp:featuredmedia":[{"embeddable":true,"href":"https:\/\/www.fusiontables.com\/fr\/wp-json\/wp\/v2\/media\/456"}],"wp:attachment":[{"href":"https:\/\/www.fusiontables.com\/fr\/wp-json\/wp\/v2\/media?parent=468"}],"curies":[{"name":"wp","href":"https:\/\/api.w.org\/{rel}","templated":true}]}}