{"id":492,"date":"2019-04-08T10:16:22","date_gmt":"2019-04-08T08:16:22","guid":{"rendered":"https:\/\/www.fusiontables.com\/finition-cuir-blanc-creme\/"},"modified":"2025-03-18T15:46:18","modified_gmt":"2025-03-18T14:46:18","slug":"finition-cuir-blanc-creme","status":"publish","type":"page","link":"https:\/\/www.fusiontables.com\/fr\/finition-cuir-blanc-creme\/","title":{"rendered":"Finition cuir blanc cr\u00e8me"},"content":{"rendered":"<p>Le Blanc Cr\u00e8me que nous avons choisi pour nos si\u00e8ges vous garantit une finition stable et l\u00e9g\u00e8rement brillante comme le serait un cuir pleine fleur. Il se marie parfaitement avec les <a href=\"https:\/\/www.fusiontables.com\/fr\/finitions-bois\/\"><strong>finitions bois<\/strong><\/a> et les <a href=\"https:\/\/www.fusiontables.com\/fr\/finitions-metalliques\/\"><strong>finitions metalliques<\/strong><\/a> de nos <a href=\"https:\/\/www.fusiontables.com\/fr\/tables-de-billard-transformables\/\"><strong>tables transformables en billard<\/strong><\/a> en acier&nbsp;<a href=\"https:\/\/www.fusiontables.com\/fr\/finition-blanc-mat-ral9003-table-billard\/\"><strong>Blanc Mat RAL9003<\/strong><\/a> et bois laqu\u00e9&nbsp;<a href=\"https:\/\/www.fusiontables.com\/fr\/finition-blanc-mat-ral9003-table-billard\/\"><strong>Blanc mat<\/strong><\/a> mais aussi avec la plupart des autres finitions.<\/p>\n<p>&nbsp;<\/p>\n<p><img fetchpriority=\"high\" decoding=\"async\" class=\" size-full wp-image-480\" alt=\"cuir blanc\" data-align=\"center\" data-entity-type=\"file\" data-entity-uuid=\"a6c6f85c-ed9e-4cb1-b35c-ceeb9c7c1108\" src=\"https:\/\/www.fusiontables.com\/wp-content\/uploads\/2019\/04\/cuir-blanc-594.jpg\" width=\"298\" height=\"299\" srcset=\"https:\/\/www.fusiontables.com\/wp-content\/uploads\/2019\/04\/cuir-blanc-594.jpg 298w, https:\/\/www.fusiontables.com\/wp-content\/uploads\/2019\/04\/cuir-blanc-594-150x150.jpg 150w\" sizes=\"(max-width: 298px) 100vw, 298px\" \/><\/p>\n<p>&nbsp;<\/p>\n<p><img decoding=\"async\" class=\" size-full wp-image-486\" alt=\"banc blanc\" data-align=\"center\" data-entity-type=\"file\" data-entity-uuid=\"341b4a47-89dd-48db-bba2-35c1f345895f\" src=\"https:\/\/www.fusiontables.com\/wp-content\/uploads\/2019\/04\/banc-b-52b.jpg\" width=\"800\" height=\"299\" srcset=\"https:\/\/www.fusiontables.com\/wp-content\/uploads\/2019\/04\/banc-b-52b.jpg 800w, https:\/\/www.fusiontables.com\/wp-content\/uploads\/2019\/04\/banc-b-52b-300x112.jpg 300w, https:\/\/www.fusiontables.com\/wp-content\/uploads\/2019\/04\/banc-b-52b-768x287.jpg 768w\" sizes=\"(max-width: 800px) 100vw, 800px\" \/><\/p>\n<p>&nbsp;<\/p>\n","protected":false},"excerpt":{"rendered":"<p>Le Blanc Cr\u00e8me que nous avons choisi pour nos si\u00e8ges vous garantit une finition stable et l\u00e9g\u00e8rement brillante comme le serait un cuir pleine fleur. Il se marie parfaitement avec les finitions bois et les finitions metalliques de nos tables transformables en billard en acier&nbsp;Blanc Mat RAL9003 et bois laqu\u00e9&nbsp;Blanc mat mais aussi avec la [&hellip;]<\/p>\n","protected":false},"author":2,"featured_media":480,"parent":0,"menu_order":0,"comment_status":"closed","ping_status":"closed","template":"","meta":{"_acf_changed":false,"footnotes":""},"class_list":["post-492","page","type-page","status-publish","has-post-thumbnail","hentry"],"acf":[],"yoast_head":"<!-- This site is optimized with the Yoast SEO plugin v27.6 - https:\/\/yoast.com\/product\/yoast-seo-wordpress\/ -->\n<title>Finition cuir blanc cr\u00e8me - Fusion Tables<\/title>\n<meta name=\"robots\" content=\"index, follow, max-snippet:-1, max-image-preview:large, max-video-preview:-1\" \/>\n<link rel=\"canonical\" href=\"https:\/\/www.fusiontables.com\/fr\/finition-cuir-blanc-creme\/\" \/>\n<meta property=\"og:locale\" content=\"fr_FR\" \/>\n<meta property=\"og:type\" content=\"article\" \/>\n<meta property=\"og:title\" content=\"Finition cuir blanc cr\u00e8me - Fusion Tables\" \/>\n<meta property=\"og:description\" content=\"Le Blanc Cr\u00e8me que nous avons choisi pour nos si\u00e8ges vous garantit une finition stable et l\u00e9g\u00e8rement brillante comme le serait un cuir pleine fleur. Il se marie parfaitement avec les finitions bois et les finitions metalliques de nos tables transformables en billard en acier&nbsp;Blanc Mat RAL9003 et bois laqu\u00e9&nbsp;Blanc mat mais aussi avec la [&hellip;]\" \/>\n<meta property=\"og:url\" content=\"https:\/\/www.fusiontables.com\/fr\/finition-cuir-blanc-creme\/\" \/>\n<meta property=\"og:site_name\" content=\"Fusion Tables\" \/>\n<meta property=\"article:modified_time\" content=\"2025-03-18T14:46:18+00:00\" \/>\n<meta property=\"og:image\" content=\"https:\/\/www.fusiontables.com\/wp-content\/uploads\/2019\/04\/cuir-blanc-594.jpg\" \/>\n\t<meta property=\"og:image:width\" content=\"298\" \/>\n\t<meta property=\"og:image:height\" content=\"299\" \/>\n\t<meta property=\"og:image:type\" content=\"image\/jpeg\" \/>\n<meta name=\"twitter:card\" content=\"summary_large_image\" \/>\n<script type=\"application\/ld+json\" class=\"yoast-schema-graph\">{\"@context\":\"https:\\\/\\\/schema.org\",\"@graph\":[{\"@type\":\"WebPage\",\"@id\":\"https:\\\/\\\/www.fusiontables.com\\\/fr\\\/finition-cuir-blanc-creme\\\/\",\"url\":\"https:\\\/\\\/www.fusiontables.com\\\/fr\\\/finition-cuir-blanc-creme\\\/\",\"name\":\"Finition cuir blanc cr\u00e8me - Fusion Tables\",\"isPartOf\":{\"@id\":\"https:\\\/\\\/www.fusiontables.com\\\/fr\\\/#website\"},\"primaryImageOfPage\":{\"@id\":\"https:\\\/\\\/www.fusiontables.com\\\/fr\\\/finition-cuir-blanc-creme\\\/#primaryimage\"},\"image\":{\"@id\":\"https:\\\/\\\/www.fusiontables.com\\\/fr\\\/finition-cuir-blanc-creme\\\/#primaryimage\"},\"thumbnailUrl\":\"https:\\\/\\\/www.fusiontables.com\\\/wp-content\\\/uploads\\\/2019\\\/04\\\/cuir-blanc-594.jpg\",\"datePublished\":\"2019-04-08T08:16:22+00:00\",\"dateModified\":\"2025-03-18T14:46:18+00:00\",\"breadcrumb\":{\"@id\":\"https:\\\/\\\/www.fusiontables.com\\\/fr\\\/finition-cuir-blanc-creme\\\/#breadcrumb\"},\"inLanguage\":\"fr-FR\",\"potentialAction\":[{\"@type\":\"ReadAction\",\"target\":[\"https:\\\/\\\/www.fusiontables.com\\\/fr\\\/finition-cuir-blanc-creme\\\/\"]}]},{\"@type\":\"ImageObject\",\"inLanguage\":\"fr-FR\",\"@id\":\"https:\\\/\\\/www.fusiontables.com\\\/fr\\\/finition-cuir-blanc-creme\\\/#primaryimage\",\"url\":\"https:\\\/\\\/www.fusiontables.com\\\/wp-content\\\/uploads\\\/2019\\\/04\\\/cuir-blanc-594.jpg\",\"contentUrl\":\"https:\\\/\\\/www.fusiontables.com\\\/wp-content\\\/uploads\\\/2019\\\/04\\\/cuir-blanc-594.jpg\",\"width\":298,\"height\":299,\"caption\":\"cuir blanc\"},{\"@type\":\"BreadcrumbList\",\"@id\":\"https:\\\/\\\/www.fusiontables.com\\\/fr\\\/finition-cuir-blanc-creme\\\/#breadcrumb\",\"itemListElement\":[{\"@type\":\"ListItem\",\"position\":1,\"name\":\"Accueil\",\"item\":\"https:\\\/\\\/www.fusiontables.com\\\/fr\\\/\"},{\"@type\":\"ListItem\",\"position\":2,\"name\":\"Finition cuir blanc cr\u00e8me\"}]},{\"@type\":\"WebSite\",\"@id\":\"https:\\\/\\\/www.fusiontables.com\\\/fr\\\/#website\",\"url\":\"https:\\\/\\\/www.fusiontables.com\\\/fr\\\/\",\"name\":\"Fusion Tables\",\"description\":\"\",\"publisher\":{\"@id\":\"https:\\\/\\\/www.fusiontables.com\\\/fr\\\/#organization\"},\"potentialAction\":[{\"@type\":\"SearchAction\",\"target\":{\"@type\":\"EntryPoint\",\"urlTemplate\":\"https:\\\/\\\/www.fusiontables.com\\\/fr\\\/?s={search_term_string}\"},\"query-input\":{\"@type\":\"PropertyValueSpecification\",\"valueRequired\":true,\"valueName\":\"search_term_string\"}}],\"inLanguage\":\"fr-FR\"},{\"@type\":\"Organization\",\"@id\":\"https:\\\/\\\/www.fusiontables.com\\\/fr\\\/#organization\",\"name\":\"Fusion Tables\",\"url\":\"https:\\\/\\\/www.fusiontables.com\\\/fr\\\/\",\"logo\":{\"@type\":\"ImageObject\",\"inLanguage\":\"fr-FR\",\"@id\":\"https:\\\/\\\/www.fusiontables.com\\\/fr\\\/#\\\/schema\\\/logo\\\/image\\\/\",\"url\":\"https:\\\/\\\/www.fusiontables.com\\\/wp-content\\\/uploads\\\/2024\\\/11\\\/Fusiontables-Logo.png\",\"contentUrl\":\"https:\\\/\\\/www.fusiontables.com\\\/wp-content\\\/uploads\\\/2024\\\/11\\\/Fusiontables-Logo.png\",\"width\":514,\"height\":119,\"caption\":\"Fusion Tables\"},\"image\":{\"@id\":\"https:\\\/\\\/www.fusiontables.com\\\/fr\\\/#\\\/schema\\\/logo\\\/image\\\/\"}}]}<\/script>\n<!-- \/ Yoast SEO plugin. -->","yoast_head_json":{"title":"Finition cuir blanc cr\u00e8me - Fusion Tables","robots":{"index":"index","follow":"follow","max-snippet":"max-snippet:-1","max-image-preview":"max-image-preview:large","max-video-preview":"max-video-preview:-1"},"canonical":"https:\/\/www.fusiontables.com\/fr\/finition-cuir-blanc-creme\/","og_locale":"fr_FR","og_type":"article","og_title":"Finition cuir blanc cr\u00e8me - Fusion Tables","og_description":"Le Blanc Cr\u00e8me que nous avons choisi pour nos si\u00e8ges vous garantit une finition stable et l\u00e9g\u00e8rement brillante comme le serait un cuir pleine fleur. Il se marie parfaitement avec les finitions bois et les finitions metalliques de nos tables transformables en billard en acier&nbsp;Blanc Mat RAL9003 et bois laqu\u00e9&nbsp;Blanc mat mais aussi avec la [&hellip;]","og_url":"https:\/\/www.fusiontables.com\/fr\/finition-cuir-blanc-creme\/","og_site_name":"Fusion Tables","article_modified_time":"2025-03-18T14:46:18+00:00","og_image":[{"width":298,"height":299,"url":"https:\/\/www.fusiontables.com\/wp-content\/uploads\/2019\/04\/cuir-blanc-594.jpg","type":"image\/jpeg"}],"twitter_card":"summary_large_image","schema":{"@context":"https:\/\/schema.org","@graph":[{"@type":"WebPage","@id":"https:\/\/www.fusiontables.com\/fr\/finition-cuir-blanc-creme\/","url":"https:\/\/www.fusiontables.com\/fr\/finition-cuir-blanc-creme\/","name":"Finition cuir blanc cr\u00e8me - Fusion Tables","isPartOf":{"@id":"https:\/\/www.fusiontables.com\/fr\/#website"},"primaryImageOfPage":{"@id":"https:\/\/www.fusiontables.com\/fr\/finition-cuir-blanc-creme\/#primaryimage"},"image":{"@id":"https:\/\/www.fusiontables.com\/fr\/finition-cuir-blanc-creme\/#primaryimage"},"thumbnailUrl":"https:\/\/www.fusiontables.com\/wp-content\/uploads\/2019\/04\/cuir-blanc-594.jpg","datePublished":"2019-04-08T08:16:22+00:00","dateModified":"2025-03-18T14:46:18+00:00","breadcrumb":{"@id":"https:\/\/www.fusiontables.com\/fr\/finition-cuir-blanc-creme\/#breadcrumb"},"inLanguage":"fr-FR","potentialAction":[{"@type":"ReadAction","target":["https:\/\/www.fusiontables.com\/fr\/finition-cuir-blanc-creme\/"]}]},{"@type":"ImageObject","inLanguage":"fr-FR","@id":"https:\/\/www.fusiontables.com\/fr\/finition-cuir-blanc-creme\/#primaryimage","url":"https:\/\/www.fusiontables.com\/wp-content\/uploads\/2019\/04\/cuir-blanc-594.jpg","contentUrl":"https:\/\/www.fusiontables.com\/wp-content\/uploads\/2019\/04\/cuir-blanc-594.jpg","width":298,"height":299,"caption":"cuir blanc"},{"@type":"BreadcrumbList","@id":"https:\/\/www.fusiontables.com\/fr\/finition-cuir-blanc-creme\/#breadcrumb","itemListElement":[{"@type":"ListItem","position":1,"name":"Accueil","item":"https:\/\/www.fusiontables.com\/fr\/"},{"@type":"ListItem","position":2,"name":"Finition cuir blanc cr\u00e8me"}]},{"@type":"WebSite","@id":"https:\/\/www.fusiontables.com\/fr\/#website","url":"https:\/\/www.fusiontables.com\/fr\/","name":"Fusion Tables","description":"","publisher":{"@id":"https:\/\/www.fusiontables.com\/fr\/#organization"},"potentialAction":[{"@type":"SearchAction","target":{"@type":"EntryPoint","urlTemplate":"https:\/\/www.fusiontables.com\/fr\/?s={search_term_string}"},"query-input":{"@type":"PropertyValueSpecification","valueRequired":true,"valueName":"search_term_string"}}],"inLanguage":"fr-FR"},{"@type":"Organization","@id":"https:\/\/www.fusiontables.com\/fr\/#organization","name":"Fusion Tables","url":"https:\/\/www.fusiontables.com\/fr\/","logo":{"@type":"ImageObject","inLanguage":"fr-FR","@id":"https:\/\/www.fusiontables.com\/fr\/#\/schema\/logo\/image\/","url":"https:\/\/www.fusiontables.com\/wp-content\/uploads\/2024\/11\/Fusiontables-Logo.png","contentUrl":"https:\/\/www.fusiontables.com\/wp-content\/uploads\/2024\/11\/Fusiontables-Logo.png","width":514,"height":119,"caption":"Fusion Tables"},"image":{"@id":"https:\/\/www.fusiontables.com\/fr\/#\/schema\/logo\/image\/"}}]}},"_links":{"self":[{"href":"https:\/\/www.fusiontables.com\/fr\/wp-json\/wp\/v2\/pages\/492","targetHints":{"allow":["GET"]}}],"collection":[{"href":"https:\/\/www.fusiontables.com\/fr\/wp-json\/wp\/v2\/pages"}],"about":[{"href":"https:\/\/www.fusiontables.com\/fr\/wp-json\/wp\/v2\/types\/page"}],"author":[{"embeddable":true,"href":"https:\/\/www.fusiontables.com\/fr\/wp-json\/wp\/v2\/users\/2"}],"replies":[{"embeddable":true,"href":"https:\/\/www.fusiontables.com\/fr\/wp-json\/wp\/v2\/comments?post=492"}],"version-history":[{"count":9,"href":"https:\/\/www.fusiontables.com\/fr\/wp-json\/wp\/v2\/pages\/492\/revisions"}],"predecessor-version":[{"id":4748,"href":"https:\/\/www.fusiontables.com\/fr\/wp-json\/wp\/v2\/pages\/492\/revisions\/4748"}],"wp:featuredmedia":[{"embeddable":true,"href":"https:\/\/www.fusiontables.com\/fr\/wp-json\/wp\/v2\/media\/480"}],"wp:attachment":[{"href":"https:\/\/www.fusiontables.com\/fr\/wp-json\/wp\/v2\/media?parent=492"}],"curies":[{"name":"wp","href":"https:\/\/api.w.org\/{rel}","templated":true}]}}