{"id":504,"date":"2019-04-08T11:45:09","date_gmt":"2019-04-08T09:45:09","guid":{"rendered":"https:\/\/www.fusiontables.com\/finitions-metalliques\/"},"modified":"2025-09-08T17:15:26","modified_gmt":"2025-09-08T15:15:26","slug":"finitions-metalliques","status":"publish","type":"page","link":"https:\/\/www.fusiontables.com\/fr\/finitions-metalliques\/","title":{"rendered":"Finitions M\u00e9talliques"},"content":{"rendered":"<p>Pour fabriquer la structure de <a href=\"https:\/\/www.fusiontables.com\/fr\/tables-de-billard-transformables\"><strong>notre table de repas transformable en billard moderne<\/strong><\/a>, nous utilisons des peintures de qualit\u00e9 irr\u00e9prochable, satin\u00e9e et robuste. Adapt\u00e9e \u00e0 l\u2019utilisation en mobilier d\u2019int\u00e9rieur, ces peintures sont issues d\u2019un proc\u00e9d\u00e9 Powder Coating qui utilise un bain de pr\u00e9paration \u00e0 l\u2019acide, une peinture en poudre et une cuisson \u00e0 haute temp\u00e9rature.<br \/>\nCette technologie permet un rendu parfait sans poussi\u00e8re ni d\u00e9faut pour votre billard design.<\/p>\n<p>Nos finitions m\u00e9talliques sont disponibles en <a href=\"https:\/\/www.fusiontables.com\/fr\/finition-gris-argent-table-billard\/\"><strong>gris argent<\/strong><\/a>, <a href=\"https:\/\/www.fusiontables.com\/fr\/finition-blanc-mat-ral9003-table-billard\/\"><strong>blanc mat RAL9003<\/strong><\/a>, <a href=\"https:\/\/www.fusiontables.com\/fr\/finition-noir-mat-ral9005-table-billard\/\"><strong>noir mat RAL9005<\/strong><\/a><\/p>\n<p><iframe style=\"width: 100%; height: 810px;\" src=\"https:\/\/www.archiproducts.com\/3d-viewer?productid=48971&amp;showattributes=true\"><\/iframe><\/p>\n","protected":false},"excerpt":{"rendered":"<p>Pour fabriquer la structure de notre table de repas transformable en billard moderne, nous utilisons des peintures de qualit\u00e9 irr\u00e9prochable, satin\u00e9e et robuste. Adapt\u00e9e \u00e0 l\u2019utilisation en mobilier d\u2019int\u00e9rieur, ces peintures sont issues d\u2019un proc\u00e9d\u00e9 Powder Coating qui utilise un bain de pr\u00e9paration \u00e0 l\u2019acide, une peinture en poudre et une cuisson \u00e0 haute temp\u00e9rature. [&hellip;]<\/p>\n","protected":false},"author":2,"featured_media":0,"parent":0,"menu_order":0,"comment_status":"closed","ping_status":"closed","template":"","meta":{"_acf_changed":false,"footnotes":""},"class_list":["post-504","page","type-page","status-publish","hentry"],"acf":[],"yoast_head":"<!-- This site is optimized with the Yoast SEO plugin v27.5 - https:\/\/yoast.com\/product\/yoast-seo-wordpress\/ -->\n<title>Finitions M\u00e9talliques - Fusion Tables<\/title>\n<meta name=\"robots\" content=\"index, follow, max-snippet:-1, max-image-preview:large, max-video-preview:-1\" \/>\n<link rel=\"canonical\" href=\"https:\/\/www.fusiontables.com\/fr\/finitions-metalliques\/\" \/>\n<meta property=\"og:locale\" content=\"fr_FR\" \/>\n<meta property=\"og:type\" content=\"article\" \/>\n<meta property=\"og:title\" content=\"Finitions M\u00e9talliques - Fusion Tables\" \/>\n<meta property=\"og:description\" content=\"Pour fabriquer la structure de notre table de repas transformable en billard moderne, nous utilisons des peintures de qualit\u00e9 irr\u00e9prochable, satin\u00e9e et robuste. Adapt\u00e9e \u00e0 l\u2019utilisation en mobilier d\u2019int\u00e9rieur, ces peintures sont issues d\u2019un proc\u00e9d\u00e9 Powder Coating qui utilise un bain de pr\u00e9paration \u00e0 l\u2019acide, une peinture en poudre et une cuisson \u00e0 haute temp\u00e9rature. [&hellip;]\" \/>\n<meta property=\"og:url\" content=\"https:\/\/www.fusiontables.com\/fr\/finitions-metalliques\/\" \/>\n<meta property=\"og:site_name\" content=\"Fusion Tables\" \/>\n<meta property=\"article:modified_time\" content=\"2025-09-08T15:15:26+00:00\" \/>\n<meta name=\"twitter:card\" content=\"summary_large_image\" \/>\n<meta name=\"twitter:label1\" content=\"Dur\u00e9e de lecture estim\u00e9e\" \/>\n\t<meta name=\"twitter:data1\" content=\"1 minute\" \/>\n<script type=\"application\/ld+json\" class=\"yoast-schema-graph\">{\"@context\":\"https:\\\/\\\/schema.org\",\"@graph\":[{\"@type\":\"WebPage\",\"@id\":\"https:\\\/\\\/www.fusiontables.com\\\/fr\\\/finitions-metalliques\\\/\",\"url\":\"https:\\\/\\\/www.fusiontables.com\\\/fr\\\/finitions-metalliques\\\/\",\"name\":\"Finitions M\u00e9talliques - Fusion Tables\",\"isPartOf\":{\"@id\":\"https:\\\/\\\/www.fusiontables.com\\\/fr\\\/#website\"},\"datePublished\":\"2019-04-08T09:45:09+00:00\",\"dateModified\":\"2025-09-08T15:15:26+00:00\",\"breadcrumb\":{\"@id\":\"https:\\\/\\\/www.fusiontables.com\\\/fr\\\/finitions-metalliques\\\/#breadcrumb\"},\"inLanguage\":\"fr-FR\",\"potentialAction\":[{\"@type\":\"ReadAction\",\"target\":[\"https:\\\/\\\/www.fusiontables.com\\\/fr\\\/finitions-metalliques\\\/\"]}]},{\"@type\":\"BreadcrumbList\",\"@id\":\"https:\\\/\\\/www.fusiontables.com\\\/fr\\\/finitions-metalliques\\\/#breadcrumb\",\"itemListElement\":[{\"@type\":\"ListItem\",\"position\":1,\"name\":\"Accueil\",\"item\":\"https:\\\/\\\/www.fusiontables.com\\\/fr\\\/\"},{\"@type\":\"ListItem\",\"position\":2,\"name\":\"Finitions M\u00e9talliques\"}]},{\"@type\":\"WebSite\",\"@id\":\"https:\\\/\\\/www.fusiontables.com\\\/fr\\\/#website\",\"url\":\"https:\\\/\\\/www.fusiontables.com\\\/fr\\\/\",\"name\":\"Fusion Tables\",\"description\":\"\",\"publisher\":{\"@id\":\"https:\\\/\\\/www.fusiontables.com\\\/fr\\\/#organization\"},\"potentialAction\":[{\"@type\":\"SearchAction\",\"target\":{\"@type\":\"EntryPoint\",\"urlTemplate\":\"https:\\\/\\\/www.fusiontables.com\\\/fr\\\/?s={search_term_string}\"},\"query-input\":{\"@type\":\"PropertyValueSpecification\",\"valueRequired\":true,\"valueName\":\"search_term_string\"}}],\"inLanguage\":\"fr-FR\"},{\"@type\":\"Organization\",\"@id\":\"https:\\\/\\\/www.fusiontables.com\\\/fr\\\/#organization\",\"name\":\"Fusion Tables\",\"url\":\"https:\\\/\\\/www.fusiontables.com\\\/fr\\\/\",\"logo\":{\"@type\":\"ImageObject\",\"inLanguage\":\"fr-FR\",\"@id\":\"https:\\\/\\\/www.fusiontables.com\\\/fr\\\/#\\\/schema\\\/logo\\\/image\\\/\",\"url\":\"https:\\\/\\\/www.fusiontables.com\\\/wp-content\\\/uploads\\\/2024\\\/11\\\/Fusiontables-Logo.png\",\"contentUrl\":\"https:\\\/\\\/www.fusiontables.com\\\/wp-content\\\/uploads\\\/2024\\\/11\\\/Fusiontables-Logo.png\",\"width\":514,\"height\":119,\"caption\":\"Fusion Tables\"},\"image\":{\"@id\":\"https:\\\/\\\/www.fusiontables.com\\\/fr\\\/#\\\/schema\\\/logo\\\/image\\\/\"}}]}<\/script>\n<!-- \/ Yoast SEO plugin. -->","yoast_head_json":{"title":"Finitions M\u00e9talliques - Fusion Tables","robots":{"index":"index","follow":"follow","max-snippet":"max-snippet:-1","max-image-preview":"max-image-preview:large","max-video-preview":"max-video-preview:-1"},"canonical":"https:\/\/www.fusiontables.com\/fr\/finitions-metalliques\/","og_locale":"fr_FR","og_type":"article","og_title":"Finitions M\u00e9talliques - Fusion Tables","og_description":"Pour fabriquer la structure de notre table de repas transformable en billard moderne, nous utilisons des peintures de qualit\u00e9 irr\u00e9prochable, satin\u00e9e et robuste. Adapt\u00e9e \u00e0 l\u2019utilisation en mobilier d\u2019int\u00e9rieur, ces peintures sont issues d\u2019un proc\u00e9d\u00e9 Powder Coating qui utilise un bain de pr\u00e9paration \u00e0 l\u2019acide, une peinture en poudre et une cuisson \u00e0 haute temp\u00e9rature. [&hellip;]","og_url":"https:\/\/www.fusiontables.com\/fr\/finitions-metalliques\/","og_site_name":"Fusion Tables","article_modified_time":"2025-09-08T15:15:26+00:00","twitter_card":"summary_large_image","twitter_misc":{"Dur\u00e9e de lecture estim\u00e9e":"1 minute"},"schema":{"@context":"https:\/\/schema.org","@graph":[{"@type":"WebPage","@id":"https:\/\/www.fusiontables.com\/fr\/finitions-metalliques\/","url":"https:\/\/www.fusiontables.com\/fr\/finitions-metalliques\/","name":"Finitions M\u00e9talliques - Fusion Tables","isPartOf":{"@id":"https:\/\/www.fusiontables.com\/fr\/#website"},"datePublished":"2019-04-08T09:45:09+00:00","dateModified":"2025-09-08T15:15:26+00:00","breadcrumb":{"@id":"https:\/\/www.fusiontables.com\/fr\/finitions-metalliques\/#breadcrumb"},"inLanguage":"fr-FR","potentialAction":[{"@type":"ReadAction","target":["https:\/\/www.fusiontables.com\/fr\/finitions-metalliques\/"]}]},{"@type":"BreadcrumbList","@id":"https:\/\/www.fusiontables.com\/fr\/finitions-metalliques\/#breadcrumb","itemListElement":[{"@type":"ListItem","position":1,"name":"Accueil","item":"https:\/\/www.fusiontables.com\/fr\/"},{"@type":"ListItem","position":2,"name":"Finitions M\u00e9talliques"}]},{"@type":"WebSite","@id":"https:\/\/www.fusiontables.com\/fr\/#website","url":"https:\/\/www.fusiontables.com\/fr\/","name":"Fusion Tables","description":"","publisher":{"@id":"https:\/\/www.fusiontables.com\/fr\/#organization"},"potentialAction":[{"@type":"SearchAction","target":{"@type":"EntryPoint","urlTemplate":"https:\/\/www.fusiontables.com\/fr\/?s={search_term_string}"},"query-input":{"@type":"PropertyValueSpecification","valueRequired":true,"valueName":"search_term_string"}}],"inLanguage":"fr-FR"},{"@type":"Organization","@id":"https:\/\/www.fusiontables.com\/fr\/#organization","name":"Fusion Tables","url":"https:\/\/www.fusiontables.com\/fr\/","logo":{"@type":"ImageObject","inLanguage":"fr-FR","@id":"https:\/\/www.fusiontables.com\/fr\/#\/schema\/logo\/image\/","url":"https:\/\/www.fusiontables.com\/wp-content\/uploads\/2024\/11\/Fusiontables-Logo.png","contentUrl":"https:\/\/www.fusiontables.com\/wp-content\/uploads\/2024\/11\/Fusiontables-Logo.png","width":514,"height":119,"caption":"Fusion Tables"},"image":{"@id":"https:\/\/www.fusiontables.com\/fr\/#\/schema\/logo\/image\/"}}]}},"_links":{"self":[{"href":"https:\/\/www.fusiontables.com\/fr\/wp-json\/wp\/v2\/pages\/504","targetHints":{"allow":["GET"]}}],"collection":[{"href":"https:\/\/www.fusiontables.com\/fr\/wp-json\/wp\/v2\/pages"}],"about":[{"href":"https:\/\/www.fusiontables.com\/fr\/wp-json\/wp\/v2\/types\/page"}],"author":[{"embeddable":true,"href":"https:\/\/www.fusiontables.com\/fr\/wp-json\/wp\/v2\/users\/2"}],"replies":[{"embeddable":true,"href":"https:\/\/www.fusiontables.com\/fr\/wp-json\/wp\/v2\/comments?post=504"}],"version-history":[{"count":12,"href":"https:\/\/www.fusiontables.com\/fr\/wp-json\/wp\/v2\/pages\/504\/revisions"}],"predecessor-version":[{"id":4878,"href":"https:\/\/www.fusiontables.com\/fr\/wp-json\/wp\/v2\/pages\/504\/revisions\/4878"}],"wp:attachment":[{"href":"https:\/\/www.fusiontables.com\/fr\/wp-json\/wp\/v2\/media?parent=504"}],"curies":[{"name":"wp","href":"https:\/\/api.w.org\/{rel}","templated":true}]}}