{"id":516,"date":"2019-04-08T11:47:55","date_gmt":"2019-04-08T09:47:55","guid":{"rendered":"https:\/\/www.fusiontables.com\/finition-gris-argent-table-billard\/"},"modified":"2025-03-18T15:46:15","modified_gmt":"2025-03-18T14:46:15","slug":"finition-gris-argent-table-billard","status":"publish","type":"page","link":"https:\/\/www.fusiontables.com\/fr\/finition-gris-argent-table-billard\/","title":{"rendered":"Finition gris argent &#8211; Table billard"},"content":{"rendered":"<p>Le gris argent que nous utilisons pour nos poutres en acier est l\u00e9g\u00e8rement m\u00e9tallis\u00e9, ce qui lui permet de s\u2019int\u00e9grer dans les int\u00e9rieurs des r\u00e9sidences mais aussi des bureaux ou des h\u00f4tels. Une neutralit\u00e9 bienvenue quand il faut passer inaper\u00e7u.<\/p>\n<p><img fetchpriority=\"high\" decoding=\"async\" class=\" size-full wp-image-510\" alt=\"billard design\" data-align=\"center\" data-entity-type=\"file\" data-entity-uuid=\"07fee9bc-5a3d-422b-89d4-3d183c3056c6\" src=\"https:\/\/www.fusiontables.com\/wp-content\/uploads\/2019\/04\/1gris-48b.jpg\" width=\"800\" height=\"299\" srcset=\"https:\/\/www.fusiontables.com\/wp-content\/uploads\/2019\/04\/1gris-48b.jpg 800w, https:\/\/www.fusiontables.com\/wp-content\/uploads\/2019\/04\/1gris-48b-300x112.jpg 300w, https:\/\/www.fusiontables.com\/wp-content\/uploads\/2019\/04\/1gris-48b-768x287.jpg 768w\" sizes=\"(max-width: 800px) 100vw, 800px\" \/><\/p>\n<p>\nCe rev\u00eatement de haute qualit\u00e9 se retrouve sur la structure de notre <a href=\"https:\/\/www.fusiontables.com\/fr\/tables-de-billard-transformables\/\"><b>table de billard transformable<\/b><\/a> mais aussi sur les pieds de nos <a href=\"https:\/\/www.fusiontables.com\/fr\/bancs-et-tabourets-fusion\/\"><b>bancs<\/b> et <b>tabourets Fusion<\/b><\/a>.<\/p>\n","protected":false},"excerpt":{"rendered":"<p>Le gris argent que nous utilisons pour nos poutres en acier est l\u00e9g\u00e8rement m\u00e9tallis\u00e9, ce qui lui permet de s\u2019int\u00e9grer dans les int\u00e9rieurs des r\u00e9sidences mais aussi des bureaux ou des h\u00f4tels. Une neutralit\u00e9 bienvenue quand il faut passer inaper\u00e7u. Ce rev\u00eatement de haute qualit\u00e9 se retrouve sur la structure de notre table de billard [&hellip;]<\/p>\n","protected":false},"author":2,"featured_media":510,"parent":0,"menu_order":0,"comment_status":"closed","ping_status":"closed","template":"","meta":{"_acf_changed":false,"footnotes":""},"class_list":["post-516","page","type-page","status-publish","has-post-thumbnail","hentry"],"acf":[],"yoast_head":"<!-- This site is optimized with the Yoast SEO plugin v27.3 - https:\/\/yoast.com\/product\/yoast-seo-wordpress\/ -->\n<title>Finition gris argent - Table billard - Fusion Tables<\/title>\n<meta name=\"robots\" content=\"index, follow, max-snippet:-1, max-image-preview:large, max-video-preview:-1\" \/>\n<link rel=\"canonical\" href=\"https:\/\/www.fusiontables.com\/fr\/finition-gris-argent-table-billard\/\" \/>\n<meta property=\"og:locale\" content=\"fr_FR\" \/>\n<meta property=\"og:type\" content=\"article\" \/>\n<meta property=\"og:title\" content=\"Finition gris argent - Table billard - Fusion Tables\" \/>\n<meta property=\"og:description\" content=\"Le gris argent que nous utilisons pour nos poutres en acier est l\u00e9g\u00e8rement m\u00e9tallis\u00e9, ce qui lui permet de s\u2019int\u00e9grer dans les int\u00e9rieurs des r\u00e9sidences mais aussi des bureaux ou des h\u00f4tels. Une neutralit\u00e9 bienvenue quand il faut passer inaper\u00e7u. Ce rev\u00eatement de haute qualit\u00e9 se retrouve sur la structure de notre table de billard [&hellip;]\" \/>\n<meta property=\"og:url\" content=\"https:\/\/www.fusiontables.com\/fr\/finition-gris-argent-table-billard\/\" \/>\n<meta property=\"og:site_name\" content=\"Fusion Tables\" \/>\n<meta property=\"article:modified_time\" content=\"2025-03-18T14:46:15+00:00\" \/>\n<meta property=\"og:image\" content=\"https:\/\/www.fusiontables.com\/wp-content\/uploads\/2019\/04\/1gris-48b.jpg\" \/>\n\t<meta property=\"og:image:width\" content=\"800\" \/>\n\t<meta property=\"og:image:height\" content=\"299\" \/>\n\t<meta property=\"og:image:type\" content=\"image\/jpeg\" \/>\n<meta name=\"twitter:card\" content=\"summary_large_image\" \/>\n<script type=\"application\/ld+json\" class=\"yoast-schema-graph\">{\"@context\":\"https:\\\/\\\/schema.org\",\"@graph\":[{\"@type\":\"WebPage\",\"@id\":\"https:\\\/\\\/www.fusiontables.com\\\/fr\\\/finition-gris-argent-table-billard\\\/\",\"url\":\"https:\\\/\\\/www.fusiontables.com\\\/fr\\\/finition-gris-argent-table-billard\\\/\",\"name\":\"Finition gris argent - Table billard - Fusion Tables\",\"isPartOf\":{\"@id\":\"https:\\\/\\\/www.fusiontables.com\\\/fr\\\/#website\"},\"primaryImageOfPage\":{\"@id\":\"https:\\\/\\\/www.fusiontables.com\\\/fr\\\/finition-gris-argent-table-billard\\\/#primaryimage\"},\"image\":{\"@id\":\"https:\\\/\\\/www.fusiontables.com\\\/fr\\\/finition-gris-argent-table-billard\\\/#primaryimage\"},\"thumbnailUrl\":\"https:\\\/\\\/www.fusiontables.com\\\/wp-content\\\/uploads\\\/2019\\\/04\\\/1gris-48b.jpg\",\"datePublished\":\"2019-04-08T09:47:55+00:00\",\"dateModified\":\"2025-03-18T14:46:15+00:00\",\"breadcrumb\":{\"@id\":\"https:\\\/\\\/www.fusiontables.com\\\/fr\\\/finition-gris-argent-table-billard\\\/#breadcrumb\"},\"inLanguage\":\"fr-FR\",\"potentialAction\":[{\"@type\":\"ReadAction\",\"target\":[\"https:\\\/\\\/www.fusiontables.com\\\/fr\\\/finition-gris-argent-table-billard\\\/\"]}]},{\"@type\":\"ImageObject\",\"inLanguage\":\"fr-FR\",\"@id\":\"https:\\\/\\\/www.fusiontables.com\\\/fr\\\/finition-gris-argent-table-billard\\\/#primaryimage\",\"url\":\"https:\\\/\\\/www.fusiontables.com\\\/wp-content\\\/uploads\\\/2019\\\/04\\\/1gris-48b.jpg\",\"contentUrl\":\"https:\\\/\\\/www.fusiontables.com\\\/wp-content\\\/uploads\\\/2019\\\/04\\\/1gris-48b.jpg\",\"width\":800,\"height\":299,\"caption\":\"billard design\"},{\"@type\":\"BreadcrumbList\",\"@id\":\"https:\\\/\\\/www.fusiontables.com\\\/fr\\\/finition-gris-argent-table-billard\\\/#breadcrumb\",\"itemListElement\":[{\"@type\":\"ListItem\",\"position\":1,\"name\":\"Accueil\",\"item\":\"https:\\\/\\\/www.fusiontables.com\\\/fr\\\/\"},{\"@type\":\"ListItem\",\"position\":2,\"name\":\"Finition gris argent &#8211; Table billard\"}]},{\"@type\":\"WebSite\",\"@id\":\"https:\\\/\\\/www.fusiontables.com\\\/fr\\\/#website\",\"url\":\"https:\\\/\\\/www.fusiontables.com\\\/fr\\\/\",\"name\":\"Fusion Tables\",\"description\":\"\",\"publisher\":{\"@id\":\"https:\\\/\\\/www.fusiontables.com\\\/fr\\\/#organization\"},\"potentialAction\":[{\"@type\":\"SearchAction\",\"target\":{\"@type\":\"EntryPoint\",\"urlTemplate\":\"https:\\\/\\\/www.fusiontables.com\\\/fr\\\/?s={search_term_string}\"},\"query-input\":{\"@type\":\"PropertyValueSpecification\",\"valueRequired\":true,\"valueName\":\"search_term_string\"}}],\"inLanguage\":\"fr-FR\"},{\"@type\":\"Organization\",\"@id\":\"https:\\\/\\\/www.fusiontables.com\\\/fr\\\/#organization\",\"name\":\"Fusion Tables\",\"url\":\"https:\\\/\\\/www.fusiontables.com\\\/fr\\\/\",\"logo\":{\"@type\":\"ImageObject\",\"inLanguage\":\"fr-FR\",\"@id\":\"https:\\\/\\\/www.fusiontables.com\\\/fr\\\/#\\\/schema\\\/logo\\\/image\\\/\",\"url\":\"https:\\\/\\\/www.fusiontables.com\\\/wp-content\\\/uploads\\\/2024\\\/11\\\/Fusiontables-Logo.png\",\"contentUrl\":\"https:\\\/\\\/www.fusiontables.com\\\/wp-content\\\/uploads\\\/2024\\\/11\\\/Fusiontables-Logo.png\",\"width\":514,\"height\":119,\"caption\":\"Fusion Tables\"},\"image\":{\"@id\":\"https:\\\/\\\/www.fusiontables.com\\\/fr\\\/#\\\/schema\\\/logo\\\/image\\\/\"}}]}<\/script>\n<!-- \/ Yoast SEO plugin. -->","yoast_head_json":{"title":"Finition gris argent - Table billard - Fusion Tables","robots":{"index":"index","follow":"follow","max-snippet":"max-snippet:-1","max-image-preview":"max-image-preview:large","max-video-preview":"max-video-preview:-1"},"canonical":"https:\/\/www.fusiontables.com\/fr\/finition-gris-argent-table-billard\/","og_locale":"fr_FR","og_type":"article","og_title":"Finition gris argent - Table billard - Fusion Tables","og_description":"Le gris argent que nous utilisons pour nos poutres en acier est l\u00e9g\u00e8rement m\u00e9tallis\u00e9, ce qui lui permet de s\u2019int\u00e9grer dans les int\u00e9rieurs des r\u00e9sidences mais aussi des bureaux ou des h\u00f4tels. Une neutralit\u00e9 bienvenue quand il faut passer inaper\u00e7u. Ce rev\u00eatement de haute qualit\u00e9 se retrouve sur la structure de notre table de billard [&hellip;]","og_url":"https:\/\/www.fusiontables.com\/fr\/finition-gris-argent-table-billard\/","og_site_name":"Fusion Tables","article_modified_time":"2025-03-18T14:46:15+00:00","og_image":[{"width":800,"height":299,"url":"https:\/\/www.fusiontables.com\/wp-content\/uploads\/2019\/04\/1gris-48b.jpg","type":"image\/jpeg"}],"twitter_card":"summary_large_image","schema":{"@context":"https:\/\/schema.org","@graph":[{"@type":"WebPage","@id":"https:\/\/www.fusiontables.com\/fr\/finition-gris-argent-table-billard\/","url":"https:\/\/www.fusiontables.com\/fr\/finition-gris-argent-table-billard\/","name":"Finition gris argent - Table billard - Fusion Tables","isPartOf":{"@id":"https:\/\/www.fusiontables.com\/fr\/#website"},"primaryImageOfPage":{"@id":"https:\/\/www.fusiontables.com\/fr\/finition-gris-argent-table-billard\/#primaryimage"},"image":{"@id":"https:\/\/www.fusiontables.com\/fr\/finition-gris-argent-table-billard\/#primaryimage"},"thumbnailUrl":"https:\/\/www.fusiontables.com\/wp-content\/uploads\/2019\/04\/1gris-48b.jpg","datePublished":"2019-04-08T09:47:55+00:00","dateModified":"2025-03-18T14:46:15+00:00","breadcrumb":{"@id":"https:\/\/www.fusiontables.com\/fr\/finition-gris-argent-table-billard\/#breadcrumb"},"inLanguage":"fr-FR","potentialAction":[{"@type":"ReadAction","target":["https:\/\/www.fusiontables.com\/fr\/finition-gris-argent-table-billard\/"]}]},{"@type":"ImageObject","inLanguage":"fr-FR","@id":"https:\/\/www.fusiontables.com\/fr\/finition-gris-argent-table-billard\/#primaryimage","url":"https:\/\/www.fusiontables.com\/wp-content\/uploads\/2019\/04\/1gris-48b.jpg","contentUrl":"https:\/\/www.fusiontables.com\/wp-content\/uploads\/2019\/04\/1gris-48b.jpg","width":800,"height":299,"caption":"billard design"},{"@type":"BreadcrumbList","@id":"https:\/\/www.fusiontables.com\/fr\/finition-gris-argent-table-billard\/#breadcrumb","itemListElement":[{"@type":"ListItem","position":1,"name":"Accueil","item":"https:\/\/www.fusiontables.com\/fr\/"},{"@type":"ListItem","position":2,"name":"Finition gris argent &#8211; Table billard"}]},{"@type":"WebSite","@id":"https:\/\/www.fusiontables.com\/fr\/#website","url":"https:\/\/www.fusiontables.com\/fr\/","name":"Fusion Tables","description":"","publisher":{"@id":"https:\/\/www.fusiontables.com\/fr\/#organization"},"potentialAction":[{"@type":"SearchAction","target":{"@type":"EntryPoint","urlTemplate":"https:\/\/www.fusiontables.com\/fr\/?s={search_term_string}"},"query-input":{"@type":"PropertyValueSpecification","valueRequired":true,"valueName":"search_term_string"}}],"inLanguage":"fr-FR"},{"@type":"Organization","@id":"https:\/\/www.fusiontables.com\/fr\/#organization","name":"Fusion Tables","url":"https:\/\/www.fusiontables.com\/fr\/","logo":{"@type":"ImageObject","inLanguage":"fr-FR","@id":"https:\/\/www.fusiontables.com\/fr\/#\/schema\/logo\/image\/","url":"https:\/\/www.fusiontables.com\/wp-content\/uploads\/2024\/11\/Fusiontables-Logo.png","contentUrl":"https:\/\/www.fusiontables.com\/wp-content\/uploads\/2024\/11\/Fusiontables-Logo.png","width":514,"height":119,"caption":"Fusion Tables"},"image":{"@id":"https:\/\/www.fusiontables.com\/fr\/#\/schema\/logo\/image\/"}}]}},"_links":{"self":[{"href":"https:\/\/www.fusiontables.com\/fr\/wp-json\/wp\/v2\/pages\/516","targetHints":{"allow":["GET"]}}],"collection":[{"href":"https:\/\/www.fusiontables.com\/fr\/wp-json\/wp\/v2\/pages"}],"about":[{"href":"https:\/\/www.fusiontables.com\/fr\/wp-json\/wp\/v2\/types\/page"}],"author":[{"embeddable":true,"href":"https:\/\/www.fusiontables.com\/fr\/wp-json\/wp\/v2\/users\/2"}],"replies":[{"embeddable":true,"href":"https:\/\/www.fusiontables.com\/fr\/wp-json\/wp\/v2\/comments?post=516"}],"version-history":[{"count":4,"href":"https:\/\/www.fusiontables.com\/fr\/wp-json\/wp\/v2\/pages\/516\/revisions"}],"predecessor-version":[{"id":4736,"href":"https:\/\/www.fusiontables.com\/fr\/wp-json\/wp\/v2\/pages\/516\/revisions\/4736"}],"wp:featuredmedia":[{"embeddable":true,"href":"https:\/\/www.fusiontables.com\/fr\/wp-json\/wp\/v2\/media\/510"}],"wp:attachment":[{"href":"https:\/\/www.fusiontables.com\/fr\/wp-json\/wp\/v2\/media?parent=516"}],"curies":[{"name":"wp","href":"https:\/\/api.w.org\/{rel}","templated":true}]}}