{"id":528,"date":"2019-04-08T11:51:17","date_gmt":"2019-04-08T09:51:17","guid":{"rendered":"https:\/\/www.fusiontables.com\/finition-blanc-mat-ral9003-table-billard\/"},"modified":"2025-03-18T15:46:15","modified_gmt":"2025-03-18T14:46:15","slug":"finition-blanc-mat-ral9003-table-billard","status":"publish","type":"page","link":"https:\/\/www.fusiontables.com\/fr\/finition-blanc-mat-ral9003-table-billard\/","title":{"rendered":"Finition blanc mat RAL9003 &#8211; Table billard"},"content":{"rendered":"<p>Le blanc que nous utilisons pour nos poutres en acier permet d\u2019obtenir une brillance minimale pour un aspect mat mais sans les inconv\u00e9nients li\u00e9s \u00e0 l\u2019entretien des traces de doigts. Ce blanc est parfait pour les tables en usage priv\u00e9 ou commercial.<\/p>\n<p><img fetchpriority=\"high\" decoding=\"async\" class=\" size-full wp-image-522\" alt=\"table billard\" data-align=\"center\" data-entity-type=\"file\" data-entity-uuid=\"d383c9bf-b32b-4139-ba25-f97e356af671\" src=\"https:\/\/www.fusiontables.com\/wp-content\/uploads\/2019\/04\/1blanc-580.jpg\" width=\"800\" height=\"299\" srcset=\"https:\/\/www.fusiontables.com\/wp-content\/uploads\/2019\/04\/1blanc-580.jpg 800w, https:\/\/www.fusiontables.com\/wp-content\/uploads\/2019\/04\/1blanc-580-300x112.jpg 300w, https:\/\/www.fusiontables.com\/wp-content\/uploads\/2019\/04\/1blanc-580-768x287.jpg 768w\" sizes=\"(max-width: 800px) 100vw, 800px\" \/><\/p>\n<p>\nCe rev\u00eatement de haute qualit\u00e9 se retrouve sur la structure de notre <a href=\"https:\/\/www.fusiontables.com\/fr\/tables-de-billard-transformables\/\"><b>table de billard transformable<\/b><\/a> mais aussi sur les pieds de nos <a href=\"https:\/\/www.fusiontables.com\/fr\/bancs-et-tabourets-fusion\/\"><b>bancs<\/b> et <b>tabourets Fusion<\/b><\/a>.<\/p>\n","protected":false},"excerpt":{"rendered":"<p>Le blanc que nous utilisons pour nos poutres en acier permet d\u2019obtenir une brillance minimale pour un aspect mat mais sans les inconv\u00e9nients li\u00e9s \u00e0 l\u2019entretien des traces de doigts. Ce blanc est parfait pour les tables en usage priv\u00e9 ou commercial. Ce rev\u00eatement de haute qualit\u00e9 se retrouve sur la structure de notre table [&hellip;]<\/p>\n","protected":false},"author":2,"featured_media":522,"parent":0,"menu_order":0,"comment_status":"closed","ping_status":"closed","template":"","meta":{"_acf_changed":false,"footnotes":""},"class_list":["post-528","page","type-page","status-publish","has-post-thumbnail","hentry"],"acf":[],"yoast_head":"<!-- This site is optimized with the Yoast SEO plugin v27.5 - https:\/\/yoast.com\/product\/yoast-seo-wordpress\/ -->\n<title>Finition blanc mat RAL9003 - Table billard - Fusion Tables<\/title>\n<meta name=\"robots\" content=\"index, follow, max-snippet:-1, max-image-preview:large, max-video-preview:-1\" \/>\n<link rel=\"canonical\" href=\"https:\/\/www.fusiontables.com\/fr\/finition-blanc-mat-ral9003-table-billard\/\" \/>\n<meta property=\"og:locale\" content=\"fr_FR\" \/>\n<meta property=\"og:type\" content=\"article\" \/>\n<meta property=\"og:title\" content=\"Finition blanc mat RAL9003 - Table billard - Fusion Tables\" \/>\n<meta property=\"og:description\" content=\"Le blanc que nous utilisons pour nos poutres en acier permet d\u2019obtenir une brillance minimale pour un aspect mat mais sans les inconv\u00e9nients li\u00e9s \u00e0 l\u2019entretien des traces de doigts. Ce blanc est parfait pour les tables en usage priv\u00e9 ou commercial. Ce rev\u00eatement de haute qualit\u00e9 se retrouve sur la structure de notre table [&hellip;]\" \/>\n<meta property=\"og:url\" content=\"https:\/\/www.fusiontables.com\/fr\/finition-blanc-mat-ral9003-table-billard\/\" \/>\n<meta property=\"og:site_name\" content=\"Fusion Tables\" \/>\n<meta property=\"article:modified_time\" content=\"2025-03-18T14:46:15+00:00\" \/>\n<meta property=\"og:image\" content=\"https:\/\/www.fusiontables.com\/wp-content\/uploads\/2019\/04\/1blanc-580.jpg\" \/>\n\t<meta property=\"og:image:width\" content=\"800\" \/>\n\t<meta property=\"og:image:height\" content=\"299\" \/>\n\t<meta property=\"og:image:type\" content=\"image\/jpeg\" \/>\n<meta name=\"twitter:card\" content=\"summary_large_image\" \/>\n<script type=\"application\/ld+json\" class=\"yoast-schema-graph\">{\"@context\":\"https:\\\/\\\/schema.org\",\"@graph\":[{\"@type\":\"WebPage\",\"@id\":\"https:\\\/\\\/www.fusiontables.com\\\/fr\\\/finition-blanc-mat-ral9003-table-billard\\\/\",\"url\":\"https:\\\/\\\/www.fusiontables.com\\\/fr\\\/finition-blanc-mat-ral9003-table-billard\\\/\",\"name\":\"Finition blanc mat RAL9003 - Table billard - Fusion Tables\",\"isPartOf\":{\"@id\":\"https:\\\/\\\/www.fusiontables.com\\\/fr\\\/#website\"},\"primaryImageOfPage\":{\"@id\":\"https:\\\/\\\/www.fusiontables.com\\\/fr\\\/finition-blanc-mat-ral9003-table-billard\\\/#primaryimage\"},\"image\":{\"@id\":\"https:\\\/\\\/www.fusiontables.com\\\/fr\\\/finition-blanc-mat-ral9003-table-billard\\\/#primaryimage\"},\"thumbnailUrl\":\"https:\\\/\\\/www.fusiontables.com\\\/wp-content\\\/uploads\\\/2019\\\/04\\\/1blanc-580.jpg\",\"datePublished\":\"2019-04-08T09:51:17+00:00\",\"dateModified\":\"2025-03-18T14:46:15+00:00\",\"breadcrumb\":{\"@id\":\"https:\\\/\\\/www.fusiontables.com\\\/fr\\\/finition-blanc-mat-ral9003-table-billard\\\/#breadcrumb\"},\"inLanguage\":\"fr-FR\",\"potentialAction\":[{\"@type\":\"ReadAction\",\"target\":[\"https:\\\/\\\/www.fusiontables.com\\\/fr\\\/finition-blanc-mat-ral9003-table-billard\\\/\"]}]},{\"@type\":\"ImageObject\",\"inLanguage\":\"fr-FR\",\"@id\":\"https:\\\/\\\/www.fusiontables.com\\\/fr\\\/finition-blanc-mat-ral9003-table-billard\\\/#primaryimage\",\"url\":\"https:\\\/\\\/www.fusiontables.com\\\/wp-content\\\/uploads\\\/2019\\\/04\\\/1blanc-580.jpg\",\"contentUrl\":\"https:\\\/\\\/www.fusiontables.com\\\/wp-content\\\/uploads\\\/2019\\\/04\\\/1blanc-580.jpg\",\"width\":800,\"height\":299,\"caption\":\"table billard\"},{\"@type\":\"BreadcrumbList\",\"@id\":\"https:\\\/\\\/www.fusiontables.com\\\/fr\\\/finition-blanc-mat-ral9003-table-billard\\\/#breadcrumb\",\"itemListElement\":[{\"@type\":\"ListItem\",\"position\":1,\"name\":\"Accueil\",\"item\":\"https:\\\/\\\/www.fusiontables.com\\\/fr\\\/\"},{\"@type\":\"ListItem\",\"position\":2,\"name\":\"Finition blanc mat RAL9003 &#8211; Table billard\"}]},{\"@type\":\"WebSite\",\"@id\":\"https:\\\/\\\/www.fusiontables.com\\\/fr\\\/#website\",\"url\":\"https:\\\/\\\/www.fusiontables.com\\\/fr\\\/\",\"name\":\"Fusion Tables\",\"description\":\"\",\"publisher\":{\"@id\":\"https:\\\/\\\/www.fusiontables.com\\\/fr\\\/#organization\"},\"potentialAction\":[{\"@type\":\"SearchAction\",\"target\":{\"@type\":\"EntryPoint\",\"urlTemplate\":\"https:\\\/\\\/www.fusiontables.com\\\/fr\\\/?s={search_term_string}\"},\"query-input\":{\"@type\":\"PropertyValueSpecification\",\"valueRequired\":true,\"valueName\":\"search_term_string\"}}],\"inLanguage\":\"fr-FR\"},{\"@type\":\"Organization\",\"@id\":\"https:\\\/\\\/www.fusiontables.com\\\/fr\\\/#organization\",\"name\":\"Fusion Tables\",\"url\":\"https:\\\/\\\/www.fusiontables.com\\\/fr\\\/\",\"logo\":{\"@type\":\"ImageObject\",\"inLanguage\":\"fr-FR\",\"@id\":\"https:\\\/\\\/www.fusiontables.com\\\/fr\\\/#\\\/schema\\\/logo\\\/image\\\/\",\"url\":\"https:\\\/\\\/www.fusiontables.com\\\/wp-content\\\/uploads\\\/2024\\\/11\\\/Fusiontables-Logo.png\",\"contentUrl\":\"https:\\\/\\\/www.fusiontables.com\\\/wp-content\\\/uploads\\\/2024\\\/11\\\/Fusiontables-Logo.png\",\"width\":514,\"height\":119,\"caption\":\"Fusion Tables\"},\"image\":{\"@id\":\"https:\\\/\\\/www.fusiontables.com\\\/fr\\\/#\\\/schema\\\/logo\\\/image\\\/\"}}]}<\/script>\n<!-- \/ Yoast SEO plugin. -->","yoast_head_json":{"title":"Finition blanc mat RAL9003 - Table billard - Fusion Tables","robots":{"index":"index","follow":"follow","max-snippet":"max-snippet:-1","max-image-preview":"max-image-preview:large","max-video-preview":"max-video-preview:-1"},"canonical":"https:\/\/www.fusiontables.com\/fr\/finition-blanc-mat-ral9003-table-billard\/","og_locale":"fr_FR","og_type":"article","og_title":"Finition blanc mat RAL9003 - Table billard - Fusion Tables","og_description":"Le blanc que nous utilisons pour nos poutres en acier permet d\u2019obtenir une brillance minimale pour un aspect mat mais sans les inconv\u00e9nients li\u00e9s \u00e0 l\u2019entretien des traces de doigts. Ce blanc est parfait pour les tables en usage priv\u00e9 ou commercial. Ce rev\u00eatement de haute qualit\u00e9 se retrouve sur la structure de notre table [&hellip;]","og_url":"https:\/\/www.fusiontables.com\/fr\/finition-blanc-mat-ral9003-table-billard\/","og_site_name":"Fusion Tables","article_modified_time":"2025-03-18T14:46:15+00:00","og_image":[{"width":800,"height":299,"url":"https:\/\/www.fusiontables.com\/wp-content\/uploads\/2019\/04\/1blanc-580.jpg","type":"image\/jpeg"}],"twitter_card":"summary_large_image","schema":{"@context":"https:\/\/schema.org","@graph":[{"@type":"WebPage","@id":"https:\/\/www.fusiontables.com\/fr\/finition-blanc-mat-ral9003-table-billard\/","url":"https:\/\/www.fusiontables.com\/fr\/finition-blanc-mat-ral9003-table-billard\/","name":"Finition blanc mat RAL9003 - Table billard - Fusion Tables","isPartOf":{"@id":"https:\/\/www.fusiontables.com\/fr\/#website"},"primaryImageOfPage":{"@id":"https:\/\/www.fusiontables.com\/fr\/finition-blanc-mat-ral9003-table-billard\/#primaryimage"},"image":{"@id":"https:\/\/www.fusiontables.com\/fr\/finition-blanc-mat-ral9003-table-billard\/#primaryimage"},"thumbnailUrl":"https:\/\/www.fusiontables.com\/wp-content\/uploads\/2019\/04\/1blanc-580.jpg","datePublished":"2019-04-08T09:51:17+00:00","dateModified":"2025-03-18T14:46:15+00:00","breadcrumb":{"@id":"https:\/\/www.fusiontables.com\/fr\/finition-blanc-mat-ral9003-table-billard\/#breadcrumb"},"inLanguage":"fr-FR","potentialAction":[{"@type":"ReadAction","target":["https:\/\/www.fusiontables.com\/fr\/finition-blanc-mat-ral9003-table-billard\/"]}]},{"@type":"ImageObject","inLanguage":"fr-FR","@id":"https:\/\/www.fusiontables.com\/fr\/finition-blanc-mat-ral9003-table-billard\/#primaryimage","url":"https:\/\/www.fusiontables.com\/wp-content\/uploads\/2019\/04\/1blanc-580.jpg","contentUrl":"https:\/\/www.fusiontables.com\/wp-content\/uploads\/2019\/04\/1blanc-580.jpg","width":800,"height":299,"caption":"table billard"},{"@type":"BreadcrumbList","@id":"https:\/\/www.fusiontables.com\/fr\/finition-blanc-mat-ral9003-table-billard\/#breadcrumb","itemListElement":[{"@type":"ListItem","position":1,"name":"Accueil","item":"https:\/\/www.fusiontables.com\/fr\/"},{"@type":"ListItem","position":2,"name":"Finition blanc mat RAL9003 &#8211; Table billard"}]},{"@type":"WebSite","@id":"https:\/\/www.fusiontables.com\/fr\/#website","url":"https:\/\/www.fusiontables.com\/fr\/","name":"Fusion Tables","description":"","publisher":{"@id":"https:\/\/www.fusiontables.com\/fr\/#organization"},"potentialAction":[{"@type":"SearchAction","target":{"@type":"EntryPoint","urlTemplate":"https:\/\/www.fusiontables.com\/fr\/?s={search_term_string}"},"query-input":{"@type":"PropertyValueSpecification","valueRequired":true,"valueName":"search_term_string"}}],"inLanguage":"fr-FR"},{"@type":"Organization","@id":"https:\/\/www.fusiontables.com\/fr\/#organization","name":"Fusion Tables","url":"https:\/\/www.fusiontables.com\/fr\/","logo":{"@type":"ImageObject","inLanguage":"fr-FR","@id":"https:\/\/www.fusiontables.com\/fr\/#\/schema\/logo\/image\/","url":"https:\/\/www.fusiontables.com\/wp-content\/uploads\/2024\/11\/Fusiontables-Logo.png","contentUrl":"https:\/\/www.fusiontables.com\/wp-content\/uploads\/2024\/11\/Fusiontables-Logo.png","width":514,"height":119,"caption":"Fusion Tables"},"image":{"@id":"https:\/\/www.fusiontables.com\/fr\/#\/schema\/logo\/image\/"}}]}},"_links":{"self":[{"href":"https:\/\/www.fusiontables.com\/fr\/wp-json\/wp\/v2\/pages\/528","targetHints":{"allow":["GET"]}}],"collection":[{"href":"https:\/\/www.fusiontables.com\/fr\/wp-json\/wp\/v2\/pages"}],"about":[{"href":"https:\/\/www.fusiontables.com\/fr\/wp-json\/wp\/v2\/types\/page"}],"author":[{"embeddable":true,"href":"https:\/\/www.fusiontables.com\/fr\/wp-json\/wp\/v2\/users\/2"}],"replies":[{"embeddable":true,"href":"https:\/\/www.fusiontables.com\/fr\/wp-json\/wp\/v2\/comments?post=528"}],"version-history":[{"count":4,"href":"https:\/\/www.fusiontables.com\/fr\/wp-json\/wp\/v2\/pages\/528\/revisions"}],"predecessor-version":[{"id":4738,"href":"https:\/\/www.fusiontables.com\/fr\/wp-json\/wp\/v2\/pages\/528\/revisions\/4738"}],"wp:featuredmedia":[{"embeddable":true,"href":"https:\/\/www.fusiontables.com\/fr\/wp-json\/wp\/v2\/media\/522"}],"wp:attachment":[{"href":"https:\/\/www.fusiontables.com\/fr\/wp-json\/wp\/v2\/media?parent=528"}],"curies":[{"name":"wp","href":"https:\/\/api.w.org\/{rel}","templated":true}]}}