{"id":570,"date":"2019-04-08T12:48:32","date_gmt":"2019-04-08T10:48:32","guid":{"rendered":"https:\/\/www.fusiontables.com\/finition-blanc-mat-table-de-billard-design\/"},"modified":"2025-03-18T15:46:16","modified_gmt":"2025-03-18T14:46:16","slug":"finition-blanc-mat-table-de-billard-design","status":"publish","type":"page","link":"https:\/\/www.fusiontables.com\/fr\/finition-blanc-mat-table-de-billard-design\/","title":{"rendered":"Finition blanc mat &#8211; Table de billard design"},"content":{"rendered":"<p>Couleur intemporelle par excellence, symbole du mobilier contemporain italien, le blanc, occupe toujours une place de choix dans les espaces modernes car il permet de mettre en valeur d\u2019autres pi\u00e8ces de couleur, des \u00e9l\u00e9ments muraux, des <a href=\"https:\/\/www.fusiontables.com\/fr\/luminaire\/\"><strong>luminaires <\/strong><\/a>audacieux ou des \u0153uvres d\u2019art mais il permet surtout de gagner en luminosit\u00e9 dans votre maison. &nbsp;<\/p>\n<p>Une finition mate vous permet un entretien facile et rapide de vos meubles comme notre <a href=\"https:\/\/www.fusiontables.com\/fr\/tables-de-billard-transformables\/\"><strong>table de repas transformable en billard moderne<\/strong><\/a>. Cette finition discr\u00e8te se marie particuli\u00e8rement bien avec les nouveaux Rock Reverso en c\u00e9ramique.<\/p>\n<p>&nbsp;<\/p>\n<p><img fetchpriority=\"high\" decoding=\"async\" class=\" alignleft size-full wp-image-564\" alt=\"table billard design\" data-align=\"left\" data-entity-type=\"file\" data-entity-uuid=\"dc984092-9b40-4954-8f4a-c47221d8c956\" src=\"https:\/\/www.fusiontables.com\/wp-content\/uploads\/2019\/04\/blanc-mat-781.jpg\" width=\"800\" height=\"299\" srcset=\"https:\/\/www.fusiontables.com\/wp-content\/uploads\/2019\/04\/blanc-mat-781.jpg 800w, https:\/\/www.fusiontables.com\/wp-content\/uploads\/2019\/04\/blanc-mat-781-300x112.jpg 300w, https:\/\/www.fusiontables.com\/wp-content\/uploads\/2019\/04\/blanc-mat-781-768x287.jpg 768w\" sizes=\"(max-width: 800px) 100vw, 800px\" \/><\/p>\n","protected":false},"excerpt":{"rendered":"<p>Couleur intemporelle par excellence, symbole du mobilier contemporain italien, le blanc, occupe toujours une place de choix dans les espaces modernes car il permet de mettre en valeur d\u2019autres pi\u00e8ces de couleur, des \u00e9l\u00e9ments muraux, des luminaires audacieux ou des \u0153uvres d\u2019art mais il permet surtout de gagner en luminosit\u00e9 dans votre maison. &nbsp; Une [&hellip;]<\/p>\n","protected":false},"author":2,"featured_media":564,"parent":0,"menu_order":0,"comment_status":"closed","ping_status":"closed","template":"","meta":{"_acf_changed":false,"footnotes":""},"class_list":["post-570","page","type-page","status-publish","has-post-thumbnail","hentry"],"acf":[],"yoast_head":"<!-- This site is optimized with the Yoast SEO plugin v27.4 - https:\/\/yoast.com\/product\/yoast-seo-wordpress\/ -->\n<title>Finition blanc mat - Table de billard design - Fusion Tables<\/title>\n<meta name=\"robots\" content=\"index, follow, max-snippet:-1, max-image-preview:large, max-video-preview:-1\" \/>\n<link rel=\"canonical\" href=\"https:\/\/www.fusiontables.com\/fr\/finition-blanc-mat-table-de-billard-design\/\" \/>\n<meta property=\"og:locale\" content=\"fr_FR\" \/>\n<meta property=\"og:type\" content=\"article\" \/>\n<meta property=\"og:title\" content=\"Finition blanc mat - Table de billard design - Fusion Tables\" \/>\n<meta property=\"og:description\" content=\"Couleur intemporelle par excellence, symbole du mobilier contemporain italien, le blanc, occupe toujours une place de choix dans les espaces modernes car il permet de mettre en valeur d\u2019autres pi\u00e8ces de couleur, des \u00e9l\u00e9ments muraux, des luminaires audacieux ou des \u0153uvres d\u2019art mais il permet surtout de gagner en luminosit\u00e9 dans votre maison. &nbsp; Une [&hellip;]\" \/>\n<meta property=\"og:url\" content=\"https:\/\/www.fusiontables.com\/fr\/finition-blanc-mat-table-de-billard-design\/\" \/>\n<meta property=\"og:site_name\" content=\"Fusion Tables\" \/>\n<meta property=\"article:modified_time\" content=\"2025-03-18T14:46:16+00:00\" \/>\n<meta property=\"og:image\" content=\"https:\/\/www.fusiontables.com\/wp-content\/uploads\/2019\/04\/blanc-mat-781.jpg\" \/>\n\t<meta property=\"og:image:width\" content=\"800\" \/>\n\t<meta property=\"og:image:height\" content=\"299\" \/>\n\t<meta property=\"og:image:type\" content=\"image\/jpeg\" \/>\n<meta name=\"twitter:card\" content=\"summary_large_image\" \/>\n<script type=\"application\/ld+json\" class=\"yoast-schema-graph\">{\"@context\":\"https:\\\/\\\/schema.org\",\"@graph\":[{\"@type\":\"WebPage\",\"@id\":\"https:\\\/\\\/www.fusiontables.com\\\/fr\\\/finition-blanc-mat-table-de-billard-design\\\/\",\"url\":\"https:\\\/\\\/www.fusiontables.com\\\/fr\\\/finition-blanc-mat-table-de-billard-design\\\/\",\"name\":\"Finition blanc mat - Table de billard design - Fusion Tables\",\"isPartOf\":{\"@id\":\"https:\\\/\\\/www.fusiontables.com\\\/fr\\\/#website\"},\"primaryImageOfPage\":{\"@id\":\"https:\\\/\\\/www.fusiontables.com\\\/fr\\\/finition-blanc-mat-table-de-billard-design\\\/#primaryimage\"},\"image\":{\"@id\":\"https:\\\/\\\/www.fusiontables.com\\\/fr\\\/finition-blanc-mat-table-de-billard-design\\\/#primaryimage\"},\"thumbnailUrl\":\"https:\\\/\\\/www.fusiontables.com\\\/wp-content\\\/uploads\\\/2019\\\/04\\\/blanc-mat-781.jpg\",\"datePublished\":\"2019-04-08T10:48:32+00:00\",\"dateModified\":\"2025-03-18T14:46:16+00:00\",\"breadcrumb\":{\"@id\":\"https:\\\/\\\/www.fusiontables.com\\\/fr\\\/finition-blanc-mat-table-de-billard-design\\\/#breadcrumb\"},\"inLanguage\":\"fr-FR\",\"potentialAction\":[{\"@type\":\"ReadAction\",\"target\":[\"https:\\\/\\\/www.fusiontables.com\\\/fr\\\/finition-blanc-mat-table-de-billard-design\\\/\"]}]},{\"@type\":\"ImageObject\",\"inLanguage\":\"fr-FR\",\"@id\":\"https:\\\/\\\/www.fusiontables.com\\\/fr\\\/finition-blanc-mat-table-de-billard-design\\\/#primaryimage\",\"url\":\"https:\\\/\\\/www.fusiontables.com\\\/wp-content\\\/uploads\\\/2019\\\/04\\\/blanc-mat-781.jpg\",\"contentUrl\":\"https:\\\/\\\/www.fusiontables.com\\\/wp-content\\\/uploads\\\/2019\\\/04\\\/blanc-mat-781.jpg\",\"width\":800,\"height\":299,\"caption\":\"table billard design\"},{\"@type\":\"BreadcrumbList\",\"@id\":\"https:\\\/\\\/www.fusiontables.com\\\/fr\\\/finition-blanc-mat-table-de-billard-design\\\/#breadcrumb\",\"itemListElement\":[{\"@type\":\"ListItem\",\"position\":1,\"name\":\"Accueil\",\"item\":\"https:\\\/\\\/www.fusiontables.com\\\/fr\\\/\"},{\"@type\":\"ListItem\",\"position\":2,\"name\":\"Finition blanc mat &#8211; Table de billard design\"}]},{\"@type\":\"WebSite\",\"@id\":\"https:\\\/\\\/www.fusiontables.com\\\/fr\\\/#website\",\"url\":\"https:\\\/\\\/www.fusiontables.com\\\/fr\\\/\",\"name\":\"Fusion Tables\",\"description\":\"\",\"publisher\":{\"@id\":\"https:\\\/\\\/www.fusiontables.com\\\/fr\\\/#organization\"},\"potentialAction\":[{\"@type\":\"SearchAction\",\"target\":{\"@type\":\"EntryPoint\",\"urlTemplate\":\"https:\\\/\\\/www.fusiontables.com\\\/fr\\\/?s={search_term_string}\"},\"query-input\":{\"@type\":\"PropertyValueSpecification\",\"valueRequired\":true,\"valueName\":\"search_term_string\"}}],\"inLanguage\":\"fr-FR\"},{\"@type\":\"Organization\",\"@id\":\"https:\\\/\\\/www.fusiontables.com\\\/fr\\\/#organization\",\"name\":\"Fusion Tables\",\"url\":\"https:\\\/\\\/www.fusiontables.com\\\/fr\\\/\",\"logo\":{\"@type\":\"ImageObject\",\"inLanguage\":\"fr-FR\",\"@id\":\"https:\\\/\\\/www.fusiontables.com\\\/fr\\\/#\\\/schema\\\/logo\\\/image\\\/\",\"url\":\"https:\\\/\\\/www.fusiontables.com\\\/wp-content\\\/uploads\\\/2024\\\/11\\\/Fusiontables-Logo.png\",\"contentUrl\":\"https:\\\/\\\/www.fusiontables.com\\\/wp-content\\\/uploads\\\/2024\\\/11\\\/Fusiontables-Logo.png\",\"width\":514,\"height\":119,\"caption\":\"Fusion Tables\"},\"image\":{\"@id\":\"https:\\\/\\\/www.fusiontables.com\\\/fr\\\/#\\\/schema\\\/logo\\\/image\\\/\"}}]}<\/script>\n<!-- \/ Yoast SEO plugin. -->","yoast_head_json":{"title":"Finition blanc mat - Table de billard design - Fusion Tables","robots":{"index":"index","follow":"follow","max-snippet":"max-snippet:-1","max-image-preview":"max-image-preview:large","max-video-preview":"max-video-preview:-1"},"canonical":"https:\/\/www.fusiontables.com\/fr\/finition-blanc-mat-table-de-billard-design\/","og_locale":"fr_FR","og_type":"article","og_title":"Finition blanc mat - Table de billard design - Fusion Tables","og_description":"Couleur intemporelle par excellence, symbole du mobilier contemporain italien, le blanc, occupe toujours une place de choix dans les espaces modernes car il permet de mettre en valeur d\u2019autres pi\u00e8ces de couleur, des \u00e9l\u00e9ments muraux, des luminaires audacieux ou des \u0153uvres d\u2019art mais il permet surtout de gagner en luminosit\u00e9 dans votre maison. &nbsp; Une [&hellip;]","og_url":"https:\/\/www.fusiontables.com\/fr\/finition-blanc-mat-table-de-billard-design\/","og_site_name":"Fusion Tables","article_modified_time":"2025-03-18T14:46:16+00:00","og_image":[{"width":800,"height":299,"url":"https:\/\/www.fusiontables.com\/wp-content\/uploads\/2019\/04\/blanc-mat-781.jpg","type":"image\/jpeg"}],"twitter_card":"summary_large_image","schema":{"@context":"https:\/\/schema.org","@graph":[{"@type":"WebPage","@id":"https:\/\/www.fusiontables.com\/fr\/finition-blanc-mat-table-de-billard-design\/","url":"https:\/\/www.fusiontables.com\/fr\/finition-blanc-mat-table-de-billard-design\/","name":"Finition blanc mat - Table de billard design - Fusion Tables","isPartOf":{"@id":"https:\/\/www.fusiontables.com\/fr\/#website"},"primaryImageOfPage":{"@id":"https:\/\/www.fusiontables.com\/fr\/finition-blanc-mat-table-de-billard-design\/#primaryimage"},"image":{"@id":"https:\/\/www.fusiontables.com\/fr\/finition-blanc-mat-table-de-billard-design\/#primaryimage"},"thumbnailUrl":"https:\/\/www.fusiontables.com\/wp-content\/uploads\/2019\/04\/blanc-mat-781.jpg","datePublished":"2019-04-08T10:48:32+00:00","dateModified":"2025-03-18T14:46:16+00:00","breadcrumb":{"@id":"https:\/\/www.fusiontables.com\/fr\/finition-blanc-mat-table-de-billard-design\/#breadcrumb"},"inLanguage":"fr-FR","potentialAction":[{"@type":"ReadAction","target":["https:\/\/www.fusiontables.com\/fr\/finition-blanc-mat-table-de-billard-design\/"]}]},{"@type":"ImageObject","inLanguage":"fr-FR","@id":"https:\/\/www.fusiontables.com\/fr\/finition-blanc-mat-table-de-billard-design\/#primaryimage","url":"https:\/\/www.fusiontables.com\/wp-content\/uploads\/2019\/04\/blanc-mat-781.jpg","contentUrl":"https:\/\/www.fusiontables.com\/wp-content\/uploads\/2019\/04\/blanc-mat-781.jpg","width":800,"height":299,"caption":"table billard design"},{"@type":"BreadcrumbList","@id":"https:\/\/www.fusiontables.com\/fr\/finition-blanc-mat-table-de-billard-design\/#breadcrumb","itemListElement":[{"@type":"ListItem","position":1,"name":"Accueil","item":"https:\/\/www.fusiontables.com\/fr\/"},{"@type":"ListItem","position":2,"name":"Finition blanc mat &#8211; Table de billard design"}]},{"@type":"WebSite","@id":"https:\/\/www.fusiontables.com\/fr\/#website","url":"https:\/\/www.fusiontables.com\/fr\/","name":"Fusion Tables","description":"","publisher":{"@id":"https:\/\/www.fusiontables.com\/fr\/#organization"},"potentialAction":[{"@type":"SearchAction","target":{"@type":"EntryPoint","urlTemplate":"https:\/\/www.fusiontables.com\/fr\/?s={search_term_string}"},"query-input":{"@type":"PropertyValueSpecification","valueRequired":true,"valueName":"search_term_string"}}],"inLanguage":"fr-FR"},{"@type":"Organization","@id":"https:\/\/www.fusiontables.com\/fr\/#organization","name":"Fusion Tables","url":"https:\/\/www.fusiontables.com\/fr\/","logo":{"@type":"ImageObject","inLanguage":"fr-FR","@id":"https:\/\/www.fusiontables.com\/fr\/#\/schema\/logo\/image\/","url":"https:\/\/www.fusiontables.com\/wp-content\/uploads\/2024\/11\/Fusiontables-Logo.png","contentUrl":"https:\/\/www.fusiontables.com\/wp-content\/uploads\/2024\/11\/Fusiontables-Logo.png","width":514,"height":119,"caption":"Fusion Tables"},"image":{"@id":"https:\/\/www.fusiontables.com\/fr\/#\/schema\/logo\/image\/"}}]}},"_links":{"self":[{"href":"https:\/\/www.fusiontables.com\/fr\/wp-json\/wp\/v2\/pages\/570","targetHints":{"allow":["GET"]}}],"collection":[{"href":"https:\/\/www.fusiontables.com\/fr\/wp-json\/wp\/v2\/pages"}],"about":[{"href":"https:\/\/www.fusiontables.com\/fr\/wp-json\/wp\/v2\/types\/page"}],"author":[{"embeddable":true,"href":"https:\/\/www.fusiontables.com\/fr\/wp-json\/wp\/v2\/users\/2"}],"replies":[{"embeddable":true,"href":"https:\/\/www.fusiontables.com\/fr\/wp-json\/wp\/v2\/comments?post=570"}],"version-history":[{"count":4,"href":"https:\/\/www.fusiontables.com\/fr\/wp-json\/wp\/v2\/pages\/570\/revisions"}],"predecessor-version":[{"id":4745,"href":"https:\/\/www.fusiontables.com\/fr\/wp-json\/wp\/v2\/pages\/570\/revisions\/4745"}],"wp:featuredmedia":[{"embeddable":true,"href":"https:\/\/www.fusiontables.com\/fr\/wp-json\/wp\/v2\/media\/564"}],"wp:attachment":[{"href":"https:\/\/www.fusiontables.com\/fr\/wp-json\/wp\/v2\/media?parent=570"}],"curies":[{"name":"wp","href":"https:\/\/api.w.org\/{rel}","templated":true}]}}