{"id":594,"date":"2019-04-08T12:54:08","date_gmt":"2019-04-08T10:54:08","guid":{"rendered":"https:\/\/www.fusiontables.com\/finitions-bois\/"},"modified":"2025-03-18T15:46:18","modified_gmt":"2025-03-18T14:46:18","slug":"finitions-bois","status":"publish","type":"page","link":"https:\/\/www.fusiontables.com\/fr\/finitions-bois\/","title":{"rendered":"Finitions Bois"},"content":{"rendered":"<p>Pour d\u00e9corer les contours de notre <a href=\"https:\/\/www.fusiontables.com\/fr\/tables-de-billard-transformables\"><strong>billard moderne transformable<\/strong><\/a> et pour la finition des plateaux ou encore les fa\u00e7ades de nos dressoirs modernes, Fusiontables a opt\u00e9 pour des finitions modernes, faciles d\u2019entretien et douces au toucher.\u00a0 Un billard design doit pouvoir proposer un toucher noble lorsque l&rsquo;on y joue et un billard table doit proposer une finition agr\u00e9able pour les repas de tous les jours.<\/p>\n<p>Une des nombreuses possibilit\u00e9s et d\u2019opter pour une finition en placage bois naturel et vernis. \u00a0La derni\u00e8re des couches de protection est alors un vernis haut de gamme, pr\u00e9vu pour une utilisation en pr\u00e9sence d\u2019aliments et qui permettra \u00e0 votre billard design de r\u00e9sister\u00a0aux assauts de votre quotidien. \u00a0Cette finition est disponible en <a href=\"https:\/\/www.fusiontables.com\/fr\/finition-noyer-select-table-de-billard\/\"><strong>Noyer Select<\/strong><\/a>, <a href=\"https:\/\/www.fusiontables.com\/fr\/finition-chene-gris-table-de-billard\/\"><strong>Ch\u00eane Gris<\/strong><\/a>, <a href=\"https:\/\/www.fusiontables.com\/fr\/finition-chene-blanc-table-de-billard\/\"><strong>Ch\u00eane blanc<\/strong><\/a>, <a href=\"https:\/\/www.fusiontables.com\/fr\/finition-wenge-table-de-billard\/\"><strong>Wenge <\/strong><\/a>et <a href=\"https:\/\/www.fusiontables.com\/fr\/vintage-table-de-billard\/\"><strong>Ch\u00eane Vintage<\/strong><\/a>. \u00a0Le toucher inimitable du bois conf\u00e8re alors \u00e0 votre billard transformable\u00a0un caract\u00e8re et une noblesse propres au meuble de haut standing. La nervuration naturelle du bois est bien visible sur chaque panneau et les ar\u00eates sont parfaitement finies, ce qui distingue facilement <a href=\"https:\/\/www.fusiontables.com\/fr\/tables-de-billard-transformables\/\"><strong>votre table de repas transformable<\/strong><\/a> d\u2019un banal m\u00e9lamin\u00e9.<\/p>\n<p><img fetchpriority=\"high\" decoding=\"async\" class=\" size-full wp-image-588\" src=\"https:\/\/www.fusiontables.com\/wp-content\/uploads\/2019\/04\/fibois_0-de8.jpg\" alt=\"fibois\" width=\"1200\" height=\"494\" data-align=\"center\" data-entity-type=\"file\" data-entity-uuid=\"f2a72688-3f5c-4398-90d0-827b1161c4d4\" srcset=\"https:\/\/www.fusiontables.com\/wp-content\/uploads\/2019\/04\/fibois_0-de8.jpg 1200w, https:\/\/www.fusiontables.com\/wp-content\/uploads\/2019\/04\/fibois_0-de8-300x124.jpg 300w, https:\/\/www.fusiontables.com\/wp-content\/uploads\/2019\/04\/fibois_0-de8-1024x422.jpg 1024w, https:\/\/www.fusiontables.com\/wp-content\/uploads\/2019\/04\/fibois_0-de8-768x316.jpg 768w\" sizes=\"(max-width: 1200px) 100vw, 1200px\" \/><\/p>\n","protected":false},"excerpt":{"rendered":"<p>Pour d\u00e9corer les contours de notre billard moderne transformable et pour la finition des plateaux ou encore les fa\u00e7ades de nos dressoirs modernes, Fusiontables a opt\u00e9 pour des finitions modernes, faciles d\u2019entretien et douces au toucher.\u00a0 Un billard design doit pouvoir proposer un toucher noble lorsque l&rsquo;on y joue et un billard table doit proposer [&hellip;]<\/p>\n","protected":false},"author":2,"featured_media":588,"parent":0,"menu_order":0,"comment_status":"closed","ping_status":"closed","template":"","meta":{"_acf_changed":false,"footnotes":""},"class_list":["post-594","page","type-page","status-publish","has-post-thumbnail","hentry"],"acf":[],"yoast_head":"<!-- This site is optimized with the Yoast SEO plugin v27.4 - https:\/\/yoast.com\/product\/yoast-seo-wordpress\/ -->\n<title>Finitions Bois - Fusion Tables<\/title>\n<meta name=\"robots\" content=\"index, follow, max-snippet:-1, max-image-preview:large, max-video-preview:-1\" \/>\n<link rel=\"canonical\" href=\"https:\/\/www.fusiontables.com\/fr\/finitions-bois\/\" \/>\n<meta property=\"og:locale\" content=\"fr_FR\" \/>\n<meta property=\"og:type\" content=\"article\" \/>\n<meta property=\"og:title\" content=\"Finitions Bois - Fusion Tables\" \/>\n<meta property=\"og:description\" content=\"Pour d\u00e9corer les contours de notre billard moderne transformable et pour la finition des plateaux ou encore les fa\u00e7ades de nos dressoirs modernes, Fusiontables a opt\u00e9 pour des finitions modernes, faciles d\u2019entretien et douces au toucher.\u00a0 Un billard design doit pouvoir proposer un toucher noble lorsque l&rsquo;on y joue et un billard table doit proposer [&hellip;]\" \/>\n<meta property=\"og:url\" content=\"https:\/\/www.fusiontables.com\/fr\/finitions-bois\/\" \/>\n<meta property=\"og:site_name\" content=\"Fusion Tables\" \/>\n<meta property=\"article:modified_time\" content=\"2025-03-18T14:46:18+00:00\" \/>\n<meta property=\"og:image\" content=\"https:\/\/www.fusiontables.com\/wp-content\/uploads\/2019\/04\/fibois_0-de8.jpg\" \/>\n\t<meta property=\"og:image:width\" content=\"1200\" \/>\n\t<meta property=\"og:image:height\" content=\"494\" \/>\n\t<meta property=\"og:image:type\" content=\"image\/jpeg\" \/>\n<meta name=\"twitter:card\" content=\"summary_large_image\" \/>\n<meta name=\"twitter:label1\" content=\"Dur\u00e9e de lecture estim\u00e9e\" \/>\n\t<meta name=\"twitter:data1\" content=\"2 minutes\" \/>\n<script type=\"application\/ld+json\" class=\"yoast-schema-graph\">{\"@context\":\"https:\\\/\\\/schema.org\",\"@graph\":[{\"@type\":\"WebPage\",\"@id\":\"https:\\\/\\\/www.fusiontables.com\\\/fr\\\/finitions-bois\\\/\",\"url\":\"https:\\\/\\\/www.fusiontables.com\\\/fr\\\/finitions-bois\\\/\",\"name\":\"Finitions Bois - Fusion Tables\",\"isPartOf\":{\"@id\":\"https:\\\/\\\/www.fusiontables.com\\\/fr\\\/#website\"},\"primaryImageOfPage\":{\"@id\":\"https:\\\/\\\/www.fusiontables.com\\\/fr\\\/finitions-bois\\\/#primaryimage\"},\"image\":{\"@id\":\"https:\\\/\\\/www.fusiontables.com\\\/fr\\\/finitions-bois\\\/#primaryimage\"},\"thumbnailUrl\":\"https:\\\/\\\/www.fusiontables.com\\\/wp-content\\\/uploads\\\/2019\\\/04\\\/fibois_0-de8.jpg\",\"datePublished\":\"2019-04-08T10:54:08+00:00\",\"dateModified\":\"2025-03-18T14:46:18+00:00\",\"breadcrumb\":{\"@id\":\"https:\\\/\\\/www.fusiontables.com\\\/fr\\\/finitions-bois\\\/#breadcrumb\"},\"inLanguage\":\"fr-FR\",\"potentialAction\":[{\"@type\":\"ReadAction\",\"target\":[\"https:\\\/\\\/www.fusiontables.com\\\/fr\\\/finitions-bois\\\/\"]}]},{\"@type\":\"ImageObject\",\"inLanguage\":\"fr-FR\",\"@id\":\"https:\\\/\\\/www.fusiontables.com\\\/fr\\\/finitions-bois\\\/#primaryimage\",\"url\":\"https:\\\/\\\/www.fusiontables.com\\\/wp-content\\\/uploads\\\/2019\\\/04\\\/fibois_0-de8.jpg\",\"contentUrl\":\"https:\\\/\\\/www.fusiontables.com\\\/wp-content\\\/uploads\\\/2019\\\/04\\\/fibois_0-de8.jpg\",\"width\":1200,\"height\":494,\"caption\":\"fibois\"},{\"@type\":\"BreadcrumbList\",\"@id\":\"https:\\\/\\\/www.fusiontables.com\\\/fr\\\/finitions-bois\\\/#breadcrumb\",\"itemListElement\":[{\"@type\":\"ListItem\",\"position\":1,\"name\":\"Accueil\",\"item\":\"https:\\\/\\\/www.fusiontables.com\\\/fr\\\/\"},{\"@type\":\"ListItem\",\"position\":2,\"name\":\"Finitions Bois\"}]},{\"@type\":\"WebSite\",\"@id\":\"https:\\\/\\\/www.fusiontables.com\\\/fr\\\/#website\",\"url\":\"https:\\\/\\\/www.fusiontables.com\\\/fr\\\/\",\"name\":\"Fusion Tables\",\"description\":\"\",\"publisher\":{\"@id\":\"https:\\\/\\\/www.fusiontables.com\\\/fr\\\/#organization\"},\"potentialAction\":[{\"@type\":\"SearchAction\",\"target\":{\"@type\":\"EntryPoint\",\"urlTemplate\":\"https:\\\/\\\/www.fusiontables.com\\\/fr\\\/?s={search_term_string}\"},\"query-input\":{\"@type\":\"PropertyValueSpecification\",\"valueRequired\":true,\"valueName\":\"search_term_string\"}}],\"inLanguage\":\"fr-FR\"},{\"@type\":\"Organization\",\"@id\":\"https:\\\/\\\/www.fusiontables.com\\\/fr\\\/#organization\",\"name\":\"Fusion Tables\",\"url\":\"https:\\\/\\\/www.fusiontables.com\\\/fr\\\/\",\"logo\":{\"@type\":\"ImageObject\",\"inLanguage\":\"fr-FR\",\"@id\":\"https:\\\/\\\/www.fusiontables.com\\\/fr\\\/#\\\/schema\\\/logo\\\/image\\\/\",\"url\":\"https:\\\/\\\/www.fusiontables.com\\\/wp-content\\\/uploads\\\/2024\\\/11\\\/Fusiontables-Logo.png\",\"contentUrl\":\"https:\\\/\\\/www.fusiontables.com\\\/wp-content\\\/uploads\\\/2024\\\/11\\\/Fusiontables-Logo.png\",\"width\":514,\"height\":119,\"caption\":\"Fusion Tables\"},\"image\":{\"@id\":\"https:\\\/\\\/www.fusiontables.com\\\/fr\\\/#\\\/schema\\\/logo\\\/image\\\/\"}}]}<\/script>\n<!-- \/ Yoast SEO plugin. -->","yoast_head_json":{"title":"Finitions Bois - Fusion Tables","robots":{"index":"index","follow":"follow","max-snippet":"max-snippet:-1","max-image-preview":"max-image-preview:large","max-video-preview":"max-video-preview:-1"},"canonical":"https:\/\/www.fusiontables.com\/fr\/finitions-bois\/","og_locale":"fr_FR","og_type":"article","og_title":"Finitions Bois - Fusion Tables","og_description":"Pour d\u00e9corer les contours de notre billard moderne transformable et pour la finition des plateaux ou encore les fa\u00e7ades de nos dressoirs modernes, Fusiontables a opt\u00e9 pour des finitions modernes, faciles d\u2019entretien et douces au toucher.\u00a0 Un billard design doit pouvoir proposer un toucher noble lorsque l&rsquo;on y joue et un billard table doit proposer [&hellip;]","og_url":"https:\/\/www.fusiontables.com\/fr\/finitions-bois\/","og_site_name":"Fusion Tables","article_modified_time":"2025-03-18T14:46:18+00:00","og_image":[{"width":1200,"height":494,"url":"https:\/\/www.fusiontables.com\/wp-content\/uploads\/2019\/04\/fibois_0-de8.jpg","type":"image\/jpeg"}],"twitter_card":"summary_large_image","twitter_misc":{"Dur\u00e9e de lecture estim\u00e9e":"2 minutes"},"schema":{"@context":"https:\/\/schema.org","@graph":[{"@type":"WebPage","@id":"https:\/\/www.fusiontables.com\/fr\/finitions-bois\/","url":"https:\/\/www.fusiontables.com\/fr\/finitions-bois\/","name":"Finitions Bois - Fusion Tables","isPartOf":{"@id":"https:\/\/www.fusiontables.com\/fr\/#website"},"primaryImageOfPage":{"@id":"https:\/\/www.fusiontables.com\/fr\/finitions-bois\/#primaryimage"},"image":{"@id":"https:\/\/www.fusiontables.com\/fr\/finitions-bois\/#primaryimage"},"thumbnailUrl":"https:\/\/www.fusiontables.com\/wp-content\/uploads\/2019\/04\/fibois_0-de8.jpg","datePublished":"2019-04-08T10:54:08+00:00","dateModified":"2025-03-18T14:46:18+00:00","breadcrumb":{"@id":"https:\/\/www.fusiontables.com\/fr\/finitions-bois\/#breadcrumb"},"inLanguage":"fr-FR","potentialAction":[{"@type":"ReadAction","target":["https:\/\/www.fusiontables.com\/fr\/finitions-bois\/"]}]},{"@type":"ImageObject","inLanguage":"fr-FR","@id":"https:\/\/www.fusiontables.com\/fr\/finitions-bois\/#primaryimage","url":"https:\/\/www.fusiontables.com\/wp-content\/uploads\/2019\/04\/fibois_0-de8.jpg","contentUrl":"https:\/\/www.fusiontables.com\/wp-content\/uploads\/2019\/04\/fibois_0-de8.jpg","width":1200,"height":494,"caption":"fibois"},{"@type":"BreadcrumbList","@id":"https:\/\/www.fusiontables.com\/fr\/finitions-bois\/#breadcrumb","itemListElement":[{"@type":"ListItem","position":1,"name":"Accueil","item":"https:\/\/www.fusiontables.com\/fr\/"},{"@type":"ListItem","position":2,"name":"Finitions Bois"}]},{"@type":"WebSite","@id":"https:\/\/www.fusiontables.com\/fr\/#website","url":"https:\/\/www.fusiontables.com\/fr\/","name":"Fusion Tables","description":"","publisher":{"@id":"https:\/\/www.fusiontables.com\/fr\/#organization"},"potentialAction":[{"@type":"SearchAction","target":{"@type":"EntryPoint","urlTemplate":"https:\/\/www.fusiontables.com\/fr\/?s={search_term_string}"},"query-input":{"@type":"PropertyValueSpecification","valueRequired":true,"valueName":"search_term_string"}}],"inLanguage":"fr-FR"},{"@type":"Organization","@id":"https:\/\/www.fusiontables.com\/fr\/#organization","name":"Fusion Tables","url":"https:\/\/www.fusiontables.com\/fr\/","logo":{"@type":"ImageObject","inLanguage":"fr-FR","@id":"https:\/\/www.fusiontables.com\/fr\/#\/schema\/logo\/image\/","url":"https:\/\/www.fusiontables.com\/wp-content\/uploads\/2024\/11\/Fusiontables-Logo.png","contentUrl":"https:\/\/www.fusiontables.com\/wp-content\/uploads\/2024\/11\/Fusiontables-Logo.png","width":514,"height":119,"caption":"Fusion Tables"},"image":{"@id":"https:\/\/www.fusiontables.com\/fr\/#\/schema\/logo\/image\/"}}]}},"_links":{"self":[{"href":"https:\/\/www.fusiontables.com\/fr\/wp-json\/wp\/v2\/pages\/594","targetHints":{"allow":["GET"]}}],"collection":[{"href":"https:\/\/www.fusiontables.com\/fr\/wp-json\/wp\/v2\/pages"}],"about":[{"href":"https:\/\/www.fusiontables.com\/fr\/wp-json\/wp\/v2\/types\/page"}],"author":[{"embeddable":true,"href":"https:\/\/www.fusiontables.com\/fr\/wp-json\/wp\/v2\/users\/2"}],"replies":[{"embeddable":true,"href":"https:\/\/www.fusiontables.com\/fr\/wp-json\/wp\/v2\/comments?post=594"}],"version-history":[{"count":14,"href":"https:\/\/www.fusiontables.com\/fr\/wp-json\/wp\/v2\/pages\/594\/revisions"}],"predecessor-version":[{"id":4750,"href":"https:\/\/www.fusiontables.com\/fr\/wp-json\/wp\/v2\/pages\/594\/revisions\/4750"}],"wp:featuredmedia":[{"embeddable":true,"href":"https:\/\/www.fusiontables.com\/fr\/wp-json\/wp\/v2\/media\/588"}],"wp:attachment":[{"href":"https:\/\/www.fusiontables.com\/fr\/wp-json\/wp\/v2\/media?parent=594"}],"curies":[{"name":"wp","href":"https:\/\/api.w.org\/{rel}","templated":true}]}}