{"id":630,"date":"2019-04-08T12:56:42","date_gmt":"2019-04-08T10:56:42","guid":{"rendered":"https:\/\/www.fusiontables.com\/finition-noyer-select-table-de-billard\/"},"modified":"2024-11-08T15:11:55","modified_gmt":"2024-11-08T14:11:55","slug":"finition-noyer-select-table-de-billard","status":"publish","type":"page","link":"https:\/\/www.fusiontables.com\/fr\/finition-noyer-select-table-de-billard\/","title":{"rendered":"Finition noyer select &#8211; Table de billard"},"content":{"rendered":"<p>Pour les vrais amateurs de bois, il constitue aujourd\u2019hui l\u2019essence la plus \u00e9l\u00e9gante et incontournable du march\u00e9 du design. Repris par tous les classiques italiens, le Noyer est un type de bois noble et de grande classe qui affiche un caract\u00e8re impulsif et naturel avec une dosse longiligne et raffin\u00e9e. Chaque arbre, chaque tranche de bois est unique et diff\u00e9rente mais reprend une tonalit\u00e9 allant du rose au noir en passant par le marron et le dor\u00e9.&nbsp;<\/p>\n<p>Pour r\u00e9aliser les panneaux qui garnissent <a href=\"https:\/\/www.fusiontables.com\/fr\/tables-de-billard-transformables\/\"><strong>nos tables transformables en billard<\/strong><\/a>, nous utilisons donc des grandes feuilles de ce bois forg\u00e9 par les ann\u00e9es, pour le d\u00e9couper soigneusement et ainsi assurer une continuit\u00e9 magnifique entre les panneaux. Quand vous fermez <strong>votre table de billard<\/strong>&nbsp;design pour la transformer en <strong>table de repas<\/strong>, les connections visuelles s\u2019effectuent naturellement &nbsp;et parfaitement et laissent ainsi une belle impression de planche de plus de 2m30.<\/p>\n<p>&nbsp;<\/p>\n<p><img fetchpriority=\"high\" decoding=\"async\" class=\" size-full wp-image-624\" alt=\"billard design convertible\" data-align=\"center\" data-entity-type=\"file\" data-entity-uuid=\"d0fdc003-f8be-44e4-973c-101ed4eccba6\" src=\"https:\/\/www.fusiontables.com\/wp-content\/uploads\/2019\/04\/v1-06c.jpg\" width=\"800\" height=\"280\" srcset=\"https:\/\/www.fusiontables.com\/wp-content\/uploads\/2019\/04\/v1-06c.jpg 800w, https:\/\/www.fusiontables.com\/wp-content\/uploads\/2019\/04\/v1-06c-300x105.jpg 300w, https:\/\/www.fusiontables.com\/wp-content\/uploads\/2019\/04\/v1-06c-768x269.jpg 768w\" sizes=\"(max-width: 800px) 100vw, 800px\" \/><\/p>\n<p>&nbsp;<\/p>\n","protected":false},"excerpt":{"rendered":"<p>Pour les vrais amateurs de bois, il constitue aujourd\u2019hui l\u2019essence la plus \u00e9l\u00e9gante et incontournable du march\u00e9 du design. Repris par tous les classiques italiens, le Noyer est un type de bois noble et de grande classe qui affiche un caract\u00e8re impulsif et naturel avec une dosse longiligne et raffin\u00e9e. Chaque arbre, chaque tranche de [&hellip;]<\/p>\n","protected":false},"author":2,"featured_media":624,"parent":0,"menu_order":0,"comment_status":"closed","ping_status":"closed","template":"","meta":{"_acf_changed":false,"footnotes":""},"class_list":["post-630","page","type-page","status-publish","has-post-thumbnail","hentry"],"acf":[],"yoast_head":"<!-- This site is optimized with the Yoast SEO plugin v27.4 - https:\/\/yoast.com\/product\/yoast-seo-wordpress\/ -->\n<title>Finition noyer select - Table de billard - Fusion Tables<\/title>\n<meta name=\"robots\" content=\"index, follow, max-snippet:-1, max-image-preview:large, max-video-preview:-1\" \/>\n<link rel=\"canonical\" href=\"https:\/\/www.fusiontables.com\/fr\/finition-noyer-select-table-de-billard\/\" \/>\n<meta property=\"og:locale\" content=\"fr_FR\" \/>\n<meta property=\"og:type\" content=\"article\" \/>\n<meta property=\"og:title\" content=\"Finition noyer select - Table de billard - Fusion Tables\" \/>\n<meta property=\"og:description\" content=\"Pour les vrais amateurs de bois, il constitue aujourd\u2019hui l\u2019essence la plus \u00e9l\u00e9gante et incontournable du march\u00e9 du design. Repris par tous les classiques italiens, le Noyer est un type de bois noble et de grande classe qui affiche un caract\u00e8re impulsif et naturel avec une dosse longiligne et raffin\u00e9e. Chaque arbre, chaque tranche de [&hellip;]\" \/>\n<meta property=\"og:url\" content=\"https:\/\/www.fusiontables.com\/fr\/finition-noyer-select-table-de-billard\/\" \/>\n<meta property=\"og:site_name\" content=\"Fusion Tables\" \/>\n<meta property=\"article:modified_time\" content=\"2024-11-08T14:11:55+00:00\" \/>\n<meta property=\"og:image\" content=\"https:\/\/www.fusiontables.com\/wp-content\/uploads\/2019\/04\/v1-06c.jpg\" \/>\n\t<meta property=\"og:image:width\" content=\"800\" \/>\n\t<meta property=\"og:image:height\" content=\"280\" \/>\n\t<meta property=\"og:image:type\" content=\"image\/jpeg\" \/>\n<meta name=\"twitter:card\" content=\"summary_large_image\" \/>\n<meta name=\"twitter:label1\" content=\"Dur\u00e9e de lecture estim\u00e9e\" \/>\n\t<meta name=\"twitter:data1\" content=\"1 minute\" \/>\n<script type=\"application\/ld+json\" class=\"yoast-schema-graph\">{\"@context\":\"https:\\\/\\\/schema.org\",\"@graph\":[{\"@type\":\"WebPage\",\"@id\":\"https:\\\/\\\/www.fusiontables.com\\\/fr\\\/finition-noyer-select-table-de-billard\\\/\",\"url\":\"https:\\\/\\\/www.fusiontables.com\\\/fr\\\/finition-noyer-select-table-de-billard\\\/\",\"name\":\"Finition noyer select - Table de billard - Fusion Tables\",\"isPartOf\":{\"@id\":\"https:\\\/\\\/www.fusiontables.com\\\/fr\\\/#website\"},\"primaryImageOfPage\":{\"@id\":\"https:\\\/\\\/www.fusiontables.com\\\/fr\\\/finition-noyer-select-table-de-billard\\\/#primaryimage\"},\"image\":{\"@id\":\"https:\\\/\\\/www.fusiontables.com\\\/fr\\\/finition-noyer-select-table-de-billard\\\/#primaryimage\"},\"thumbnailUrl\":\"https:\\\/\\\/www.fusiontables.com\\\/wp-content\\\/uploads\\\/2019\\\/04\\\/v1-06c.jpg\",\"datePublished\":\"2019-04-08T10:56:42+00:00\",\"dateModified\":\"2024-11-08T14:11:55+00:00\",\"breadcrumb\":{\"@id\":\"https:\\\/\\\/www.fusiontables.com\\\/fr\\\/finition-noyer-select-table-de-billard\\\/#breadcrumb\"},\"inLanguage\":\"fr-FR\",\"potentialAction\":[{\"@type\":\"ReadAction\",\"target\":[\"https:\\\/\\\/www.fusiontables.com\\\/fr\\\/finition-noyer-select-table-de-billard\\\/\"]}]},{\"@type\":\"ImageObject\",\"inLanguage\":\"fr-FR\",\"@id\":\"https:\\\/\\\/www.fusiontables.com\\\/fr\\\/finition-noyer-select-table-de-billard\\\/#primaryimage\",\"url\":\"https:\\\/\\\/www.fusiontables.com\\\/wp-content\\\/uploads\\\/2019\\\/04\\\/v1-06c.jpg\",\"contentUrl\":\"https:\\\/\\\/www.fusiontables.com\\\/wp-content\\\/uploads\\\/2019\\\/04\\\/v1-06c.jpg\",\"width\":800,\"height\":280,\"caption\":\"billard design convertible\"},{\"@type\":\"BreadcrumbList\",\"@id\":\"https:\\\/\\\/www.fusiontables.com\\\/fr\\\/finition-noyer-select-table-de-billard\\\/#breadcrumb\",\"itemListElement\":[{\"@type\":\"ListItem\",\"position\":1,\"name\":\"Accueil\",\"item\":\"https:\\\/\\\/www.fusiontables.com\\\/fr\\\/\"},{\"@type\":\"ListItem\",\"position\":2,\"name\":\"Finition noyer select &#8211; Table de billard\"}]},{\"@type\":\"WebSite\",\"@id\":\"https:\\\/\\\/www.fusiontables.com\\\/fr\\\/#website\",\"url\":\"https:\\\/\\\/www.fusiontables.com\\\/fr\\\/\",\"name\":\"Fusion Tables\",\"description\":\"\",\"publisher\":{\"@id\":\"https:\\\/\\\/www.fusiontables.com\\\/fr\\\/#organization\"},\"potentialAction\":[{\"@type\":\"SearchAction\",\"target\":{\"@type\":\"EntryPoint\",\"urlTemplate\":\"https:\\\/\\\/www.fusiontables.com\\\/fr\\\/?s={search_term_string}\"},\"query-input\":{\"@type\":\"PropertyValueSpecification\",\"valueRequired\":true,\"valueName\":\"search_term_string\"}}],\"inLanguage\":\"fr-FR\"},{\"@type\":\"Organization\",\"@id\":\"https:\\\/\\\/www.fusiontables.com\\\/fr\\\/#organization\",\"name\":\"Fusion Tables\",\"url\":\"https:\\\/\\\/www.fusiontables.com\\\/fr\\\/\",\"logo\":{\"@type\":\"ImageObject\",\"inLanguage\":\"fr-FR\",\"@id\":\"https:\\\/\\\/www.fusiontables.com\\\/fr\\\/#\\\/schema\\\/logo\\\/image\\\/\",\"url\":\"https:\\\/\\\/www.fusiontables.com\\\/wp-content\\\/uploads\\\/2024\\\/11\\\/Fusiontables-Logo.png\",\"contentUrl\":\"https:\\\/\\\/www.fusiontables.com\\\/wp-content\\\/uploads\\\/2024\\\/11\\\/Fusiontables-Logo.png\",\"width\":514,\"height\":119,\"caption\":\"Fusion Tables\"},\"image\":{\"@id\":\"https:\\\/\\\/www.fusiontables.com\\\/fr\\\/#\\\/schema\\\/logo\\\/image\\\/\"}}]}<\/script>\n<!-- \/ Yoast SEO plugin. -->","yoast_head_json":{"title":"Finition noyer select - Table de billard - Fusion Tables","robots":{"index":"index","follow":"follow","max-snippet":"max-snippet:-1","max-image-preview":"max-image-preview:large","max-video-preview":"max-video-preview:-1"},"canonical":"https:\/\/www.fusiontables.com\/fr\/finition-noyer-select-table-de-billard\/","og_locale":"fr_FR","og_type":"article","og_title":"Finition noyer select - Table de billard - Fusion Tables","og_description":"Pour les vrais amateurs de bois, il constitue aujourd\u2019hui l\u2019essence la plus \u00e9l\u00e9gante et incontournable du march\u00e9 du design. Repris par tous les classiques italiens, le Noyer est un type de bois noble et de grande classe qui affiche un caract\u00e8re impulsif et naturel avec une dosse longiligne et raffin\u00e9e. Chaque arbre, chaque tranche de [&hellip;]","og_url":"https:\/\/www.fusiontables.com\/fr\/finition-noyer-select-table-de-billard\/","og_site_name":"Fusion Tables","article_modified_time":"2024-11-08T14:11:55+00:00","og_image":[{"width":800,"height":280,"url":"https:\/\/www.fusiontables.com\/wp-content\/uploads\/2019\/04\/v1-06c.jpg","type":"image\/jpeg"}],"twitter_card":"summary_large_image","twitter_misc":{"Dur\u00e9e de lecture estim\u00e9e":"1 minute"},"schema":{"@context":"https:\/\/schema.org","@graph":[{"@type":"WebPage","@id":"https:\/\/www.fusiontables.com\/fr\/finition-noyer-select-table-de-billard\/","url":"https:\/\/www.fusiontables.com\/fr\/finition-noyer-select-table-de-billard\/","name":"Finition noyer select - Table de billard - Fusion Tables","isPartOf":{"@id":"https:\/\/www.fusiontables.com\/fr\/#website"},"primaryImageOfPage":{"@id":"https:\/\/www.fusiontables.com\/fr\/finition-noyer-select-table-de-billard\/#primaryimage"},"image":{"@id":"https:\/\/www.fusiontables.com\/fr\/finition-noyer-select-table-de-billard\/#primaryimage"},"thumbnailUrl":"https:\/\/www.fusiontables.com\/wp-content\/uploads\/2019\/04\/v1-06c.jpg","datePublished":"2019-04-08T10:56:42+00:00","dateModified":"2024-11-08T14:11:55+00:00","breadcrumb":{"@id":"https:\/\/www.fusiontables.com\/fr\/finition-noyer-select-table-de-billard\/#breadcrumb"},"inLanguage":"fr-FR","potentialAction":[{"@type":"ReadAction","target":["https:\/\/www.fusiontables.com\/fr\/finition-noyer-select-table-de-billard\/"]}]},{"@type":"ImageObject","inLanguage":"fr-FR","@id":"https:\/\/www.fusiontables.com\/fr\/finition-noyer-select-table-de-billard\/#primaryimage","url":"https:\/\/www.fusiontables.com\/wp-content\/uploads\/2019\/04\/v1-06c.jpg","contentUrl":"https:\/\/www.fusiontables.com\/wp-content\/uploads\/2019\/04\/v1-06c.jpg","width":800,"height":280,"caption":"billard design convertible"},{"@type":"BreadcrumbList","@id":"https:\/\/www.fusiontables.com\/fr\/finition-noyer-select-table-de-billard\/#breadcrumb","itemListElement":[{"@type":"ListItem","position":1,"name":"Accueil","item":"https:\/\/www.fusiontables.com\/fr\/"},{"@type":"ListItem","position":2,"name":"Finition noyer select &#8211; Table de billard"}]},{"@type":"WebSite","@id":"https:\/\/www.fusiontables.com\/fr\/#website","url":"https:\/\/www.fusiontables.com\/fr\/","name":"Fusion Tables","description":"","publisher":{"@id":"https:\/\/www.fusiontables.com\/fr\/#organization"},"potentialAction":[{"@type":"SearchAction","target":{"@type":"EntryPoint","urlTemplate":"https:\/\/www.fusiontables.com\/fr\/?s={search_term_string}"},"query-input":{"@type":"PropertyValueSpecification","valueRequired":true,"valueName":"search_term_string"}}],"inLanguage":"fr-FR"},{"@type":"Organization","@id":"https:\/\/www.fusiontables.com\/fr\/#organization","name":"Fusion Tables","url":"https:\/\/www.fusiontables.com\/fr\/","logo":{"@type":"ImageObject","inLanguage":"fr-FR","@id":"https:\/\/www.fusiontables.com\/fr\/#\/schema\/logo\/image\/","url":"https:\/\/www.fusiontables.com\/wp-content\/uploads\/2024\/11\/Fusiontables-Logo.png","contentUrl":"https:\/\/www.fusiontables.com\/wp-content\/uploads\/2024\/11\/Fusiontables-Logo.png","width":514,"height":119,"caption":"Fusion Tables"},"image":{"@id":"https:\/\/www.fusiontables.com\/fr\/#\/schema\/logo\/image\/"}}]}},"_links":{"self":[{"href":"https:\/\/www.fusiontables.com\/fr\/wp-json\/wp\/v2\/pages\/630","targetHints":{"allow":["GET"]}}],"collection":[{"href":"https:\/\/www.fusiontables.com\/fr\/wp-json\/wp\/v2\/pages"}],"about":[{"href":"https:\/\/www.fusiontables.com\/fr\/wp-json\/wp\/v2\/types\/page"}],"author":[{"embeddable":true,"href":"https:\/\/www.fusiontables.com\/fr\/wp-json\/wp\/v2\/users\/2"}],"replies":[{"embeddable":true,"href":"https:\/\/www.fusiontables.com\/fr\/wp-json\/wp\/v2\/comments?post=630"}],"version-history":[{"count":1,"href":"https:\/\/www.fusiontables.com\/fr\/wp-json\/wp\/v2\/pages\/630\/revisions"}],"predecessor-version":[{"id":1678,"href":"https:\/\/www.fusiontables.com\/fr\/wp-json\/wp\/v2\/pages\/630\/revisions\/1678"}],"wp:featuredmedia":[{"embeddable":true,"href":"https:\/\/www.fusiontables.com\/fr\/wp-json\/wp\/v2\/media\/624"}],"wp:attachment":[{"href":"https:\/\/www.fusiontables.com\/fr\/wp-json\/wp\/v2\/media?parent=630"}],"curies":[{"name":"wp","href":"https:\/\/api.w.org\/{rel}","templated":true}]}}