{"id":642,"date":"2019-04-08T12:59:20","date_gmt":"2019-04-08T10:59:20","guid":{"rendered":"https:\/\/www.fusiontables.com\/finition-chene-gris-table-de-billard\/"},"modified":"2024-11-08T15:11:55","modified_gmt":"2024-11-08T14:11:55","slug":"finition-chene-gris-table-de-billard","status":"publish","type":"page","link":"https:\/\/www.fusiontables.com\/fr\/finition-chene-gris-table-de-billard\/","title":{"rendered":"Finition ch\u00eane gris &#8211; Table de billard"},"content":{"rendered":"<p>Element traditionnel des int\u00e9rieurs europ\u00e9ens, le ch\u00eane occupe toujours la place qu\u2019il m\u00e9rite dans notre collection et dans le c\u0153ur des amateurs de Design et de meubles de <a href=\"https:\/\/www.fusiontables.com\/fr\/qualite\/\"><strong>qualit\u00e9<\/strong><\/a>. Notre s\u00e9lection de placage de ch\u00eane convient parfaitement aux int\u00e9rieurs contemporains gr\u00e2ce \u00e0 une dosse tr\u00e8s \u00e9pur\u00e9e, des n\u0153uds quasiment absents de la structure et un bois visuellement parfaitement r\u00e9gulier.&nbsp;<\/p>\n<p>Avec cette finition teinte en gris fonc\u00e9, vous transformez votre int\u00e9rieur en salle \u00e0 manger moderne. La finition mate du vernis vous permet un entretien facile et rapide de vos meubles.<\/p>\n<p>&nbsp;<\/p>\n<p><img fetchpriority=\"high\" decoding=\"async\" class=\" size-full wp-image-636\" alt=\"table billard design\" data-align=\"center\" data-entity-type=\"file\" data-entity-uuid=\"13d40706-4a54-452b-96f9-4f314f71e99e\" src=\"https:\/\/www.fusiontables.com\/wp-content\/uploads\/2019\/04\/v2-416.jpg\" width=\"800\" height=\"307\" srcset=\"https:\/\/www.fusiontables.com\/wp-content\/uploads\/2019\/04\/v2-416.jpg 800w, https:\/\/www.fusiontables.com\/wp-content\/uploads\/2019\/04\/v2-416-300x115.jpg 300w, https:\/\/www.fusiontables.com\/wp-content\/uploads\/2019\/04\/v2-416-768x295.jpg 768w\" sizes=\"(max-width: 800px) 100vw, 800px\" \/><\/p>\n<p>&nbsp;<\/p>\n","protected":false},"excerpt":{"rendered":"<p>Element traditionnel des int\u00e9rieurs europ\u00e9ens, le ch\u00eane occupe toujours la place qu\u2019il m\u00e9rite dans notre collection et dans le c\u0153ur des amateurs de Design et de meubles de qualit\u00e9. Notre s\u00e9lection de placage de ch\u00eane convient parfaitement aux int\u00e9rieurs contemporains gr\u00e2ce \u00e0 une dosse tr\u00e8s \u00e9pur\u00e9e, des n\u0153uds quasiment absents de la structure et un [&hellip;]<\/p>\n","protected":false},"author":2,"featured_media":636,"parent":0,"menu_order":0,"comment_status":"closed","ping_status":"closed","template":"","meta":{"_acf_changed":false,"footnotes":""},"class_list":["post-642","page","type-page","status-publish","has-post-thumbnail","hentry"],"acf":[],"yoast_head":"<!-- This site is optimized with the Yoast SEO plugin v27.5 - https:\/\/yoast.com\/product\/yoast-seo-wordpress\/ -->\n<title>Finition ch\u00eane gris - Table de billard - Fusion Tables<\/title>\n<meta name=\"robots\" content=\"index, follow, max-snippet:-1, max-image-preview:large, max-video-preview:-1\" \/>\n<link rel=\"canonical\" href=\"https:\/\/www.fusiontables.com\/fr\/finition-chene-gris-table-de-billard\/\" \/>\n<meta property=\"og:locale\" content=\"fr_FR\" \/>\n<meta property=\"og:type\" content=\"article\" \/>\n<meta property=\"og:title\" content=\"Finition ch\u00eane gris - Table de billard - Fusion Tables\" \/>\n<meta property=\"og:description\" content=\"Element traditionnel des int\u00e9rieurs europ\u00e9ens, le ch\u00eane occupe toujours la place qu\u2019il m\u00e9rite dans notre collection et dans le c\u0153ur des amateurs de Design et de meubles de qualit\u00e9. Notre s\u00e9lection de placage de ch\u00eane convient parfaitement aux int\u00e9rieurs contemporains gr\u00e2ce \u00e0 une dosse tr\u00e8s \u00e9pur\u00e9e, des n\u0153uds quasiment absents de la structure et un [&hellip;]\" \/>\n<meta property=\"og:url\" content=\"https:\/\/www.fusiontables.com\/fr\/finition-chene-gris-table-de-billard\/\" \/>\n<meta property=\"og:site_name\" content=\"Fusion Tables\" \/>\n<meta property=\"article:modified_time\" content=\"2024-11-08T14:11:55+00:00\" \/>\n<meta property=\"og:image\" content=\"https:\/\/www.fusiontables.com\/wp-content\/uploads\/2019\/04\/v2-416.jpg\" \/>\n\t<meta property=\"og:image:width\" content=\"800\" \/>\n\t<meta property=\"og:image:height\" content=\"307\" \/>\n\t<meta property=\"og:image:type\" content=\"image\/jpeg\" \/>\n<meta name=\"twitter:card\" content=\"summary_large_image\" \/>\n<meta name=\"twitter:label1\" content=\"Dur\u00e9e de lecture estim\u00e9e\" \/>\n\t<meta name=\"twitter:data1\" content=\"1 minute\" \/>\n<script type=\"application\/ld+json\" class=\"yoast-schema-graph\">{\"@context\":\"https:\\\/\\\/schema.org\",\"@graph\":[{\"@type\":\"WebPage\",\"@id\":\"https:\\\/\\\/www.fusiontables.com\\\/fr\\\/finition-chene-gris-table-de-billard\\\/\",\"url\":\"https:\\\/\\\/www.fusiontables.com\\\/fr\\\/finition-chene-gris-table-de-billard\\\/\",\"name\":\"Finition ch\u00eane gris - Table de billard - Fusion Tables\",\"isPartOf\":{\"@id\":\"https:\\\/\\\/www.fusiontables.com\\\/fr\\\/#website\"},\"primaryImageOfPage\":{\"@id\":\"https:\\\/\\\/www.fusiontables.com\\\/fr\\\/finition-chene-gris-table-de-billard\\\/#primaryimage\"},\"image\":{\"@id\":\"https:\\\/\\\/www.fusiontables.com\\\/fr\\\/finition-chene-gris-table-de-billard\\\/#primaryimage\"},\"thumbnailUrl\":\"https:\\\/\\\/www.fusiontables.com\\\/wp-content\\\/uploads\\\/2019\\\/04\\\/v2-416.jpg\",\"datePublished\":\"2019-04-08T10:59:20+00:00\",\"dateModified\":\"2024-11-08T14:11:55+00:00\",\"breadcrumb\":{\"@id\":\"https:\\\/\\\/www.fusiontables.com\\\/fr\\\/finition-chene-gris-table-de-billard\\\/#breadcrumb\"},\"inLanguage\":\"fr-FR\",\"potentialAction\":[{\"@type\":\"ReadAction\",\"target\":[\"https:\\\/\\\/www.fusiontables.com\\\/fr\\\/finition-chene-gris-table-de-billard\\\/\"]}]},{\"@type\":\"ImageObject\",\"inLanguage\":\"fr-FR\",\"@id\":\"https:\\\/\\\/www.fusiontables.com\\\/fr\\\/finition-chene-gris-table-de-billard\\\/#primaryimage\",\"url\":\"https:\\\/\\\/www.fusiontables.com\\\/wp-content\\\/uploads\\\/2019\\\/04\\\/v2-416.jpg\",\"contentUrl\":\"https:\\\/\\\/www.fusiontables.com\\\/wp-content\\\/uploads\\\/2019\\\/04\\\/v2-416.jpg\",\"width\":800,\"height\":307,\"caption\":\"table billard design\"},{\"@type\":\"BreadcrumbList\",\"@id\":\"https:\\\/\\\/www.fusiontables.com\\\/fr\\\/finition-chene-gris-table-de-billard\\\/#breadcrumb\",\"itemListElement\":[{\"@type\":\"ListItem\",\"position\":1,\"name\":\"Accueil\",\"item\":\"https:\\\/\\\/www.fusiontables.com\\\/fr\\\/\"},{\"@type\":\"ListItem\",\"position\":2,\"name\":\"Finition ch\u00eane gris &#8211; Table de billard\"}]},{\"@type\":\"WebSite\",\"@id\":\"https:\\\/\\\/www.fusiontables.com\\\/fr\\\/#website\",\"url\":\"https:\\\/\\\/www.fusiontables.com\\\/fr\\\/\",\"name\":\"Fusion Tables\",\"description\":\"\",\"publisher\":{\"@id\":\"https:\\\/\\\/www.fusiontables.com\\\/fr\\\/#organization\"},\"potentialAction\":[{\"@type\":\"SearchAction\",\"target\":{\"@type\":\"EntryPoint\",\"urlTemplate\":\"https:\\\/\\\/www.fusiontables.com\\\/fr\\\/?s={search_term_string}\"},\"query-input\":{\"@type\":\"PropertyValueSpecification\",\"valueRequired\":true,\"valueName\":\"search_term_string\"}}],\"inLanguage\":\"fr-FR\"},{\"@type\":\"Organization\",\"@id\":\"https:\\\/\\\/www.fusiontables.com\\\/fr\\\/#organization\",\"name\":\"Fusion Tables\",\"url\":\"https:\\\/\\\/www.fusiontables.com\\\/fr\\\/\",\"logo\":{\"@type\":\"ImageObject\",\"inLanguage\":\"fr-FR\",\"@id\":\"https:\\\/\\\/www.fusiontables.com\\\/fr\\\/#\\\/schema\\\/logo\\\/image\\\/\",\"url\":\"https:\\\/\\\/www.fusiontables.com\\\/wp-content\\\/uploads\\\/2024\\\/11\\\/Fusiontables-Logo.png\",\"contentUrl\":\"https:\\\/\\\/www.fusiontables.com\\\/wp-content\\\/uploads\\\/2024\\\/11\\\/Fusiontables-Logo.png\",\"width\":514,\"height\":119,\"caption\":\"Fusion Tables\"},\"image\":{\"@id\":\"https:\\\/\\\/www.fusiontables.com\\\/fr\\\/#\\\/schema\\\/logo\\\/image\\\/\"}}]}<\/script>\n<!-- \/ Yoast SEO plugin. -->","yoast_head_json":{"title":"Finition ch\u00eane gris - Table de billard - Fusion Tables","robots":{"index":"index","follow":"follow","max-snippet":"max-snippet:-1","max-image-preview":"max-image-preview:large","max-video-preview":"max-video-preview:-1"},"canonical":"https:\/\/www.fusiontables.com\/fr\/finition-chene-gris-table-de-billard\/","og_locale":"fr_FR","og_type":"article","og_title":"Finition ch\u00eane gris - Table de billard - Fusion Tables","og_description":"Element traditionnel des int\u00e9rieurs europ\u00e9ens, le ch\u00eane occupe toujours la place qu\u2019il m\u00e9rite dans notre collection et dans le c\u0153ur des amateurs de Design et de meubles de qualit\u00e9. Notre s\u00e9lection de placage de ch\u00eane convient parfaitement aux int\u00e9rieurs contemporains gr\u00e2ce \u00e0 une dosse tr\u00e8s \u00e9pur\u00e9e, des n\u0153uds quasiment absents de la structure et un [&hellip;]","og_url":"https:\/\/www.fusiontables.com\/fr\/finition-chene-gris-table-de-billard\/","og_site_name":"Fusion Tables","article_modified_time":"2024-11-08T14:11:55+00:00","og_image":[{"width":800,"height":307,"url":"https:\/\/www.fusiontables.com\/wp-content\/uploads\/2019\/04\/v2-416.jpg","type":"image\/jpeg"}],"twitter_card":"summary_large_image","twitter_misc":{"Dur\u00e9e de lecture estim\u00e9e":"1 minute"},"schema":{"@context":"https:\/\/schema.org","@graph":[{"@type":"WebPage","@id":"https:\/\/www.fusiontables.com\/fr\/finition-chene-gris-table-de-billard\/","url":"https:\/\/www.fusiontables.com\/fr\/finition-chene-gris-table-de-billard\/","name":"Finition ch\u00eane gris - Table de billard - Fusion Tables","isPartOf":{"@id":"https:\/\/www.fusiontables.com\/fr\/#website"},"primaryImageOfPage":{"@id":"https:\/\/www.fusiontables.com\/fr\/finition-chene-gris-table-de-billard\/#primaryimage"},"image":{"@id":"https:\/\/www.fusiontables.com\/fr\/finition-chene-gris-table-de-billard\/#primaryimage"},"thumbnailUrl":"https:\/\/www.fusiontables.com\/wp-content\/uploads\/2019\/04\/v2-416.jpg","datePublished":"2019-04-08T10:59:20+00:00","dateModified":"2024-11-08T14:11:55+00:00","breadcrumb":{"@id":"https:\/\/www.fusiontables.com\/fr\/finition-chene-gris-table-de-billard\/#breadcrumb"},"inLanguage":"fr-FR","potentialAction":[{"@type":"ReadAction","target":["https:\/\/www.fusiontables.com\/fr\/finition-chene-gris-table-de-billard\/"]}]},{"@type":"ImageObject","inLanguage":"fr-FR","@id":"https:\/\/www.fusiontables.com\/fr\/finition-chene-gris-table-de-billard\/#primaryimage","url":"https:\/\/www.fusiontables.com\/wp-content\/uploads\/2019\/04\/v2-416.jpg","contentUrl":"https:\/\/www.fusiontables.com\/wp-content\/uploads\/2019\/04\/v2-416.jpg","width":800,"height":307,"caption":"table billard design"},{"@type":"BreadcrumbList","@id":"https:\/\/www.fusiontables.com\/fr\/finition-chene-gris-table-de-billard\/#breadcrumb","itemListElement":[{"@type":"ListItem","position":1,"name":"Accueil","item":"https:\/\/www.fusiontables.com\/fr\/"},{"@type":"ListItem","position":2,"name":"Finition ch\u00eane gris &#8211; Table de billard"}]},{"@type":"WebSite","@id":"https:\/\/www.fusiontables.com\/fr\/#website","url":"https:\/\/www.fusiontables.com\/fr\/","name":"Fusion Tables","description":"","publisher":{"@id":"https:\/\/www.fusiontables.com\/fr\/#organization"},"potentialAction":[{"@type":"SearchAction","target":{"@type":"EntryPoint","urlTemplate":"https:\/\/www.fusiontables.com\/fr\/?s={search_term_string}"},"query-input":{"@type":"PropertyValueSpecification","valueRequired":true,"valueName":"search_term_string"}}],"inLanguage":"fr-FR"},{"@type":"Organization","@id":"https:\/\/www.fusiontables.com\/fr\/#organization","name":"Fusion Tables","url":"https:\/\/www.fusiontables.com\/fr\/","logo":{"@type":"ImageObject","inLanguage":"fr-FR","@id":"https:\/\/www.fusiontables.com\/fr\/#\/schema\/logo\/image\/","url":"https:\/\/www.fusiontables.com\/wp-content\/uploads\/2024\/11\/Fusiontables-Logo.png","contentUrl":"https:\/\/www.fusiontables.com\/wp-content\/uploads\/2024\/11\/Fusiontables-Logo.png","width":514,"height":119,"caption":"Fusion Tables"},"image":{"@id":"https:\/\/www.fusiontables.com\/fr\/#\/schema\/logo\/image\/"}}]}},"_links":{"self":[{"href":"https:\/\/www.fusiontables.com\/fr\/wp-json\/wp\/v2\/pages\/642","targetHints":{"allow":["GET"]}}],"collection":[{"href":"https:\/\/www.fusiontables.com\/fr\/wp-json\/wp\/v2\/pages"}],"about":[{"href":"https:\/\/www.fusiontables.com\/fr\/wp-json\/wp\/v2\/types\/page"}],"author":[{"embeddable":true,"href":"https:\/\/www.fusiontables.com\/fr\/wp-json\/wp\/v2\/users\/2"}],"replies":[{"embeddable":true,"href":"https:\/\/www.fusiontables.com\/fr\/wp-json\/wp\/v2\/comments?post=642"}],"version-history":[{"count":1,"href":"https:\/\/www.fusiontables.com\/fr\/wp-json\/wp\/v2\/pages\/642\/revisions"}],"predecessor-version":[{"id":1682,"href":"https:\/\/www.fusiontables.com\/fr\/wp-json\/wp\/v2\/pages\/642\/revisions\/1682"}],"wp:featuredmedia":[{"embeddable":true,"href":"https:\/\/www.fusiontables.com\/fr\/wp-json\/wp\/v2\/media\/636"}],"wp:attachment":[{"href":"https:\/\/www.fusiontables.com\/fr\/wp-json\/wp\/v2\/media?parent=642"}],"curies":[{"name":"wp","href":"https:\/\/api.w.org\/{rel}","templated":true}]}}