{"id":681,"date":"2019-04-08T13:04:27","date_gmt":"2019-04-08T11:04:27","guid":{"rendered":"https:\/\/www.fusiontables.com\/vintage-table-de-billard\/"},"modified":"2025-02-11T10:08:17","modified_gmt":"2025-02-11T09:08:17","slug":"vintage-table-de-billard","status":"publish","type":"page","link":"https:\/\/www.fusiontables.com\/fr\/vintage-table-de-billard\/","title":{"rendered":"Vintage &#8211; Table de billard"},"content":{"rendered":"<p>La tendance actuelle est aux produits inspir\u00e9s par le mouvement vintage ou industriel et dans ce cadre les d\u00e9corateurs les plus audacieux recherchent des finitions de bois \u00ab r\u00e9cup\u00e9r\u00e9s \u00bb ou \u00ab vieillis \u00bb. Fusiontables est all\u00e9 chercher des vieux planchers de bois en Espagne pour r\u00e9pondre \u00e0 ce d\u00e9fi. Avec la finition Vintage vos meubles peuvent enfin raconter une histoire \u00e0 vos invit\u00e9s. Chaque planche de Vintage est unique et diff\u00e9rente d\u2019une autre. R\u00e9sultat d\u2019un proc\u00e9d\u00e9 r\u00e9volutionnaire de fabrication, le placage pr\u00e9sente une dimension suppl\u00e9mentaire pour votre <a href=\"https:\/\/www.fusiontables.com\/fr\/tables-de-billard-transformables\/\"><strong>table de repas transformable en billard moderne<\/strong><\/a>. Trou mastiqu\u00e9, fissure, griffe, rien n\u2019a \u00e9t\u00e9 \u00e9pargn\u00e9 \u00e0 ce ch\u00eane qui a travers\u00e9 les \u00e2ges pour arriver dans votre salle \u00e0 manger ou votre salon. \u00a0Vos invit\u00e9s et vous pourrez vous en rendre compte en effleurant cette finition au toucher inimitable d\u2019authenticit\u00e9. On pourrait presque \u00eatre tent\u00e9 d\u2019y faire tourner une ponceuse comme sur un vieux bois massif (\u00e0 ne pas faire bien sur). Cette finition exclusive se marie particuli\u00e8rement bien avec les nouveaux <a href=\"https:\/\/www.fusiontables.com\/fr\/billards-transformables-rock-reverso\/\"><strong>Rock Reverso en c\u00e9ramique<\/strong><\/a>.<\/p>\n<p>Cette finition est disponible exclusivement sur la collection de tables transformable en billard de la <a href=\"https:\/\/www.fusiontables.com\/fr\/billards-convertibles-en-acier\/\"><strong>gamme Metal line<\/strong><\/a>.<br \/>\n<img fetchpriority=\"high\" decoding=\"async\" class=\" size-full wp-image-672\" src=\"https:\/\/www.fusiontables.com\/wp-content\/uploads\/2019\/04\/v9-36b.jpg\" alt=\"table billard\" width=\"800\" height=\"264\" data-align=\"center\" data-entity-type=\"file\" data-entity-uuid=\"8d4d2df7-5e95-4a37-a0a1-dcc482b84f63\" srcset=\"https:\/\/www.fusiontables.com\/wp-content\/uploads\/2019\/04\/v9-36b.jpg 800w, https:\/\/www.fusiontables.com\/wp-content\/uploads\/2019\/04\/v9-36b-300x99.jpg 300w, https:\/\/www.fusiontables.com\/wp-content\/uploads\/2019\/04\/v9-36b-768x253.jpg 768w\" sizes=\"(max-width: 800px) 100vw, 800px\" \/><\/p>\n","protected":false},"excerpt":{"rendered":"<p>La tendance actuelle est aux produits inspir\u00e9s par le mouvement vintage ou industriel et dans ce cadre les d\u00e9corateurs les plus audacieux recherchent des finitions de bois \u00ab r\u00e9cup\u00e9r\u00e9s \u00bb ou \u00ab vieillis \u00bb. Fusiontables est all\u00e9 chercher des vieux planchers de bois en Espagne pour r\u00e9pondre \u00e0 ce d\u00e9fi. Avec la finition Vintage vos [&hellip;]<\/p>\n","protected":false},"author":2,"featured_media":672,"parent":0,"menu_order":0,"comment_status":"closed","ping_status":"closed","template":"","meta":{"_acf_changed":false,"footnotes":""},"class_list":["post-681","page","type-page","status-publish","has-post-thumbnail","hentry"],"acf":[],"yoast_head":"<!-- This site is optimized with the Yoast SEO plugin v27.5 - https:\/\/yoast.com\/product\/yoast-seo-wordpress\/ -->\n<title>Vintage - Table de billard - Fusion Tables<\/title>\n<meta name=\"robots\" content=\"index, follow, max-snippet:-1, max-image-preview:large, max-video-preview:-1\" \/>\n<link rel=\"canonical\" href=\"https:\/\/www.fusiontables.com\/fr\/vintage-table-de-billard\/\" \/>\n<meta property=\"og:locale\" content=\"fr_FR\" \/>\n<meta property=\"og:type\" content=\"article\" \/>\n<meta property=\"og:title\" content=\"Vintage - Table de billard - Fusion Tables\" \/>\n<meta property=\"og:description\" content=\"La tendance actuelle est aux produits inspir\u00e9s par le mouvement vintage ou industriel et dans ce cadre les d\u00e9corateurs les plus audacieux recherchent des finitions de bois \u00ab r\u00e9cup\u00e9r\u00e9s \u00bb ou \u00ab vieillis \u00bb. Fusiontables est all\u00e9 chercher des vieux planchers de bois en Espagne pour r\u00e9pondre \u00e0 ce d\u00e9fi. Avec la finition Vintage vos [&hellip;]\" \/>\n<meta property=\"og:url\" content=\"https:\/\/www.fusiontables.com\/fr\/vintage-table-de-billard\/\" \/>\n<meta property=\"og:site_name\" content=\"Fusion Tables\" \/>\n<meta property=\"article:modified_time\" content=\"2025-02-11T09:08:17+00:00\" \/>\n<meta property=\"og:image\" content=\"https:\/\/www.fusiontables.com\/wp-content\/uploads\/2019\/04\/v9-36b.jpg\" \/>\n\t<meta property=\"og:image:width\" content=\"800\" \/>\n\t<meta property=\"og:image:height\" content=\"264\" \/>\n\t<meta property=\"og:image:type\" content=\"image\/jpeg\" \/>\n<meta name=\"twitter:card\" content=\"summary_large_image\" \/>\n<meta name=\"twitter:label1\" content=\"Dur\u00e9e de lecture estim\u00e9e\" \/>\n\t<meta name=\"twitter:data1\" content=\"2 minutes\" \/>\n<script type=\"application\/ld+json\" class=\"yoast-schema-graph\">{\"@context\":\"https:\\\/\\\/schema.org\",\"@graph\":[{\"@type\":\"WebPage\",\"@id\":\"https:\\\/\\\/www.fusiontables.com\\\/fr\\\/vintage-table-de-billard\\\/\",\"url\":\"https:\\\/\\\/www.fusiontables.com\\\/fr\\\/vintage-table-de-billard\\\/\",\"name\":\"Vintage - Table de billard - Fusion Tables\",\"isPartOf\":{\"@id\":\"https:\\\/\\\/www.fusiontables.com\\\/fr\\\/#website\"},\"primaryImageOfPage\":{\"@id\":\"https:\\\/\\\/www.fusiontables.com\\\/fr\\\/vintage-table-de-billard\\\/#primaryimage\"},\"image\":{\"@id\":\"https:\\\/\\\/www.fusiontables.com\\\/fr\\\/vintage-table-de-billard\\\/#primaryimage\"},\"thumbnailUrl\":\"https:\\\/\\\/www.fusiontables.com\\\/wp-content\\\/uploads\\\/2019\\\/04\\\/v9-36b.jpg\",\"datePublished\":\"2019-04-08T11:04:27+00:00\",\"dateModified\":\"2025-02-11T09:08:17+00:00\",\"breadcrumb\":{\"@id\":\"https:\\\/\\\/www.fusiontables.com\\\/fr\\\/vintage-table-de-billard\\\/#breadcrumb\"},\"inLanguage\":\"fr-FR\",\"potentialAction\":[{\"@type\":\"ReadAction\",\"target\":[\"https:\\\/\\\/www.fusiontables.com\\\/fr\\\/vintage-table-de-billard\\\/\"]}]},{\"@type\":\"ImageObject\",\"inLanguage\":\"fr-FR\",\"@id\":\"https:\\\/\\\/www.fusiontables.com\\\/fr\\\/vintage-table-de-billard\\\/#primaryimage\",\"url\":\"https:\\\/\\\/www.fusiontables.com\\\/wp-content\\\/uploads\\\/2019\\\/04\\\/v9-36b.jpg\",\"contentUrl\":\"https:\\\/\\\/www.fusiontables.com\\\/wp-content\\\/uploads\\\/2019\\\/04\\\/v9-36b.jpg\",\"width\":800,\"height\":264,\"caption\":\"vintage\"},{\"@type\":\"BreadcrumbList\",\"@id\":\"https:\\\/\\\/www.fusiontables.com\\\/fr\\\/vintage-table-de-billard\\\/#breadcrumb\",\"itemListElement\":[{\"@type\":\"ListItem\",\"position\":1,\"name\":\"Accueil\",\"item\":\"https:\\\/\\\/www.fusiontables.com\\\/fr\\\/\"},{\"@type\":\"ListItem\",\"position\":2,\"name\":\"Vintage &#8211; Table de billard\"}]},{\"@type\":\"WebSite\",\"@id\":\"https:\\\/\\\/www.fusiontables.com\\\/fr\\\/#website\",\"url\":\"https:\\\/\\\/www.fusiontables.com\\\/fr\\\/\",\"name\":\"Fusion Tables\",\"description\":\"\",\"publisher\":{\"@id\":\"https:\\\/\\\/www.fusiontables.com\\\/fr\\\/#organization\"},\"potentialAction\":[{\"@type\":\"SearchAction\",\"target\":{\"@type\":\"EntryPoint\",\"urlTemplate\":\"https:\\\/\\\/www.fusiontables.com\\\/fr\\\/?s={search_term_string}\"},\"query-input\":{\"@type\":\"PropertyValueSpecification\",\"valueRequired\":true,\"valueName\":\"search_term_string\"}}],\"inLanguage\":\"fr-FR\"},{\"@type\":\"Organization\",\"@id\":\"https:\\\/\\\/www.fusiontables.com\\\/fr\\\/#organization\",\"name\":\"Fusion Tables\",\"url\":\"https:\\\/\\\/www.fusiontables.com\\\/fr\\\/\",\"logo\":{\"@type\":\"ImageObject\",\"inLanguage\":\"fr-FR\",\"@id\":\"https:\\\/\\\/www.fusiontables.com\\\/fr\\\/#\\\/schema\\\/logo\\\/image\\\/\",\"url\":\"https:\\\/\\\/www.fusiontables.com\\\/wp-content\\\/uploads\\\/2024\\\/11\\\/Fusiontables-Logo.png\",\"contentUrl\":\"https:\\\/\\\/www.fusiontables.com\\\/wp-content\\\/uploads\\\/2024\\\/11\\\/Fusiontables-Logo.png\",\"width\":514,\"height\":119,\"caption\":\"Fusion Tables\"},\"image\":{\"@id\":\"https:\\\/\\\/www.fusiontables.com\\\/fr\\\/#\\\/schema\\\/logo\\\/image\\\/\"}}]}<\/script>\n<!-- \/ Yoast SEO plugin. -->","yoast_head_json":{"title":"Vintage - Table de billard - Fusion Tables","robots":{"index":"index","follow":"follow","max-snippet":"max-snippet:-1","max-image-preview":"max-image-preview:large","max-video-preview":"max-video-preview:-1"},"canonical":"https:\/\/www.fusiontables.com\/fr\/vintage-table-de-billard\/","og_locale":"fr_FR","og_type":"article","og_title":"Vintage - Table de billard - Fusion Tables","og_description":"La tendance actuelle est aux produits inspir\u00e9s par le mouvement vintage ou industriel et dans ce cadre les d\u00e9corateurs les plus audacieux recherchent des finitions de bois \u00ab r\u00e9cup\u00e9r\u00e9s \u00bb ou \u00ab vieillis \u00bb. Fusiontables est all\u00e9 chercher des vieux planchers de bois en Espagne pour r\u00e9pondre \u00e0 ce d\u00e9fi. Avec la finition Vintage vos [&hellip;]","og_url":"https:\/\/www.fusiontables.com\/fr\/vintage-table-de-billard\/","og_site_name":"Fusion Tables","article_modified_time":"2025-02-11T09:08:17+00:00","og_image":[{"width":800,"height":264,"url":"https:\/\/www.fusiontables.com\/wp-content\/uploads\/2019\/04\/v9-36b.jpg","type":"image\/jpeg"}],"twitter_card":"summary_large_image","twitter_misc":{"Dur\u00e9e de lecture estim\u00e9e":"2 minutes"},"schema":{"@context":"https:\/\/schema.org","@graph":[{"@type":"WebPage","@id":"https:\/\/www.fusiontables.com\/fr\/vintage-table-de-billard\/","url":"https:\/\/www.fusiontables.com\/fr\/vintage-table-de-billard\/","name":"Vintage - Table de billard - Fusion Tables","isPartOf":{"@id":"https:\/\/www.fusiontables.com\/fr\/#website"},"primaryImageOfPage":{"@id":"https:\/\/www.fusiontables.com\/fr\/vintage-table-de-billard\/#primaryimage"},"image":{"@id":"https:\/\/www.fusiontables.com\/fr\/vintage-table-de-billard\/#primaryimage"},"thumbnailUrl":"https:\/\/www.fusiontables.com\/wp-content\/uploads\/2019\/04\/v9-36b.jpg","datePublished":"2019-04-08T11:04:27+00:00","dateModified":"2025-02-11T09:08:17+00:00","breadcrumb":{"@id":"https:\/\/www.fusiontables.com\/fr\/vintage-table-de-billard\/#breadcrumb"},"inLanguage":"fr-FR","potentialAction":[{"@type":"ReadAction","target":["https:\/\/www.fusiontables.com\/fr\/vintage-table-de-billard\/"]}]},{"@type":"ImageObject","inLanguage":"fr-FR","@id":"https:\/\/www.fusiontables.com\/fr\/vintage-table-de-billard\/#primaryimage","url":"https:\/\/www.fusiontables.com\/wp-content\/uploads\/2019\/04\/v9-36b.jpg","contentUrl":"https:\/\/www.fusiontables.com\/wp-content\/uploads\/2019\/04\/v9-36b.jpg","width":800,"height":264,"caption":"vintage"},{"@type":"BreadcrumbList","@id":"https:\/\/www.fusiontables.com\/fr\/vintage-table-de-billard\/#breadcrumb","itemListElement":[{"@type":"ListItem","position":1,"name":"Accueil","item":"https:\/\/www.fusiontables.com\/fr\/"},{"@type":"ListItem","position":2,"name":"Vintage &#8211; Table de billard"}]},{"@type":"WebSite","@id":"https:\/\/www.fusiontables.com\/fr\/#website","url":"https:\/\/www.fusiontables.com\/fr\/","name":"Fusion Tables","description":"","publisher":{"@id":"https:\/\/www.fusiontables.com\/fr\/#organization"},"potentialAction":[{"@type":"SearchAction","target":{"@type":"EntryPoint","urlTemplate":"https:\/\/www.fusiontables.com\/fr\/?s={search_term_string}"},"query-input":{"@type":"PropertyValueSpecification","valueRequired":true,"valueName":"search_term_string"}}],"inLanguage":"fr-FR"},{"@type":"Organization","@id":"https:\/\/www.fusiontables.com\/fr\/#organization","name":"Fusion Tables","url":"https:\/\/www.fusiontables.com\/fr\/","logo":{"@type":"ImageObject","inLanguage":"fr-FR","@id":"https:\/\/www.fusiontables.com\/fr\/#\/schema\/logo\/image\/","url":"https:\/\/www.fusiontables.com\/wp-content\/uploads\/2024\/11\/Fusiontables-Logo.png","contentUrl":"https:\/\/www.fusiontables.com\/wp-content\/uploads\/2024\/11\/Fusiontables-Logo.png","width":514,"height":119,"caption":"Fusion Tables"},"image":{"@id":"https:\/\/www.fusiontables.com\/fr\/#\/schema\/logo\/image\/"}}]}},"_links":{"self":[{"href":"https:\/\/www.fusiontables.com\/fr\/wp-json\/wp\/v2\/pages\/681","targetHints":{"allow":["GET"]}}],"collection":[{"href":"https:\/\/www.fusiontables.com\/fr\/wp-json\/wp\/v2\/pages"}],"about":[{"href":"https:\/\/www.fusiontables.com\/fr\/wp-json\/wp\/v2\/types\/page"}],"author":[{"embeddable":true,"href":"https:\/\/www.fusiontables.com\/fr\/wp-json\/wp\/v2\/users\/2"}],"replies":[{"embeddable":true,"href":"https:\/\/www.fusiontables.com\/fr\/wp-json\/wp\/v2\/comments?post=681"}],"version-history":[{"count":3,"href":"https:\/\/www.fusiontables.com\/fr\/wp-json\/wp\/v2\/pages\/681\/revisions"}],"predecessor-version":[{"id":4105,"href":"https:\/\/www.fusiontables.com\/fr\/wp-json\/wp\/v2\/pages\/681\/revisions\/4105"}],"wp:featuredmedia":[{"embeddable":true,"href":"https:\/\/www.fusiontables.com\/fr\/wp-json\/wp\/v2\/media\/672"}],"wp:attachment":[{"href":"https:\/\/www.fusiontables.com\/fr\/wp-json\/wp\/v2\/media?parent=681"}],"curies":[{"name":"wp","href":"https:\/\/api.w.org\/{rel}","templated":true}]}}