{"id":714,"date":"2019-04-08T13:08:02","date_gmt":"2019-04-08T11:08:02","guid":{"rendered":"https:\/\/www.fusiontables.com\/billards-transformables-rock-reverso\/"},"modified":"2025-02-11T09:30:06","modified_gmt":"2025-02-11T08:30:06","slug":"billards-transformables-rock-reverso","status":"publish","type":"page","link":"https:\/\/www.fusiontables.com\/fr\/billards-transformables-rock-reverso\/","title":{"rendered":"BIllards transformables Rock Reverso"},"content":{"rendered":"<p>Lanc\u00e9 en 2018, ce nouveau type de finition c\u00e9ramique permet aux amateurs de design de combiner avantageusement l\u2019\u00e9l\u00e9gance et la chaleur du bois, \u00e0 la robustesse de la pierre.<\/p>\n<p>En effet, les&nbsp;finitions disponibles (<a href=\"https:\/\/www.fusiontables.com\/fr\/oxydo-2\/\"><strong>Oxydo<\/strong><\/a>,&nbsp;<a href=\"https:\/\/www.fusiontables.com\/fr\/finition-corten-table-de-billard-convertible\/\"><strong>Corten<\/strong><\/a>, <a href=\"https:\/\/www.fusiontables.com\/fr\/finition-pizarra-table-de-billard-convertible\/\"><strong>Pizarra<\/strong><\/a>, <a href=\"https:\/\/www.fusiontables.com\/fr\/finition-ceniza-table-de-billard-convertible\/\"><strong>Ceniza<\/strong> <\/a>et <a href=\"https:\/\/www.fusiontables.com\/fr\/finition-luna-table-de-billard-convertible\/\"><strong>Luna<\/strong><\/a>) de Rock Reverso, vous permettront de combiner une face en bois dans les coloris standard de notre <strong><a href=\"https:\/\/www.fusiontables.com\/fr\/tables-de-billard-transformables\/\">table de repas transformable en billard<\/a> <\/strong>avec une face en c\u00e9ramique r\u00e9alis\u00e9e chez l\u2019espagnol Levantina<\/p>\n<p>Ce produit est d\u00e9j\u00e0 une r\u00e9f\u00e9rence mondiale dans le monde de la d\u00e9coration et de l\u2019architecture gr\u00e2ce aux propri\u00e9t\u00e9s exclusives de ce mat\u00e9riau. Il r\u00e9siste bien mieux que le bois \u00e0 la chaleur, \u00e0 la lumi\u00e8re du soleil, aux griffes, aux coups et aux rayures, ce qui n\u2019est quand m\u00eame pas n\u00e9gligeable pour l\u2019utilisation sur une <a href=\"https:\/\/www.fusiontables.com\/fr\/tables-de-billard-transformables\/\"><strong>table de repas transformable<\/strong><\/a> en billard n\u2019est-ce pas ?<br \/>\nLe plateau Rock Reverso est pratique et intelligent parce qu\u2019il vous permet de vous adapter aux circonstances de l\u2019utilisation de votre billard transformable en&nbsp;table de repas design. Le recto en bois noble pour les moments calmes et le verso en c\u00e9ramique pour les moments plus \u00ab Rock and Roll \u00bb. 2 ambiances, 2 finitions, 2 faces utilisables, 2 fonctions pour votre table transformable Fusion.<br \/>\n&nbsp;<\/p>\n<p><img fetchpriority=\"high\" decoding=\"async\" class=\" size-full wp-image-684\" alt=\"FusionTables Rock reverso\" data-align=\"center\" data-entity-type=\"file\" data-entity-uuid=\"c280a5b6-d6fc-44ec-b19c-2c76866ee96b\" src=\"https:\/\/www.fusiontables.com\/wp-content\/uploads\/2019\/04\/FusionTable-N.Noel-32-6df.jpg\" width=\"683\" height=\"1024\" srcset=\"https:\/\/www.fusiontables.com\/wp-content\/uploads\/2019\/04\/FusionTable-N.Noel-32-6df.jpg 683w, https:\/\/www.fusiontables.com\/wp-content\/uploads\/2019\/04\/FusionTable-N.Noel-32-6df-200x300.jpg 200w\" sizes=\"(max-width: 683px) 100vw, 683px\" \/><img decoding=\"async\" class=\" size-full wp-image-690\" alt=\"rock1\" data-align=\"center\" data-entity-type=\"file\" data-entity-uuid=\"379b54db-6264-471a-96cf-a5e6456e436b\" src=\"https:\/\/www.fusiontables.com\/wp-content\/uploads\/2019\/04\/rock1-d21.jpg\" width=\"770\" height=\"483\" srcset=\"https:\/\/www.fusiontables.com\/wp-content\/uploads\/2019\/04\/rock1-d21.jpg 770w, https:\/\/www.fusiontables.com\/wp-content\/uploads\/2019\/04\/rock1-d21-300x188.jpg 300w, https:\/\/www.fusiontables.com\/wp-content\/uploads\/2019\/04\/rock1-d21-768x482.jpg 768w\" sizes=\"(max-width: 770px) 100vw, 770px\" \/><\/p>\n<p>&nbsp;<\/p>\n<p><img decoding=\"async\" class=\" size-full wp-image-696\" alt=\"rock2\" data-align=\"center\" data-entity-type=\"file\" data-entity-uuid=\"8abba7a1-4487-413d-9969-9241fd9584f3\" src=\"https:\/\/www.fusiontables.com\/wp-content\/uploads\/2019\/04\/rock2-95b.jpg\" width=\"770\" height=\"483\" srcset=\"https:\/\/www.fusiontables.com\/wp-content\/uploads\/2019\/04\/rock2-95b.jpg 770w, https:\/\/www.fusiontables.com\/wp-content\/uploads\/2019\/04\/rock2-95b-300x188.jpg 300w, https:\/\/www.fusiontables.com\/wp-content\/uploads\/2019\/04\/rock2-95b-768x482.jpg 768w\" sizes=\"(max-width: 770px) 100vw, 770px\" \/><\/p>\n<p>&nbsp;<\/p>\n<p><img loading=\"lazy\" decoding=\"async\" class=\" size-full wp-image-702\" alt=\"rock3\" data-align=\"center\" data-entity-type=\"file\" data-entity-uuid=\"89d97633-842e-481e-a912-10814191c2fe\" src=\"https:\/\/www.fusiontables.com\/wp-content\/uploads\/2019\/04\/rock3-a8d.jpg\" width=\"770\" height=\"483\" srcset=\"https:\/\/www.fusiontables.com\/wp-content\/uploads\/2019\/04\/rock3-a8d.jpg 770w, https:\/\/www.fusiontables.com\/wp-content\/uploads\/2019\/04\/rock3-a8d-300x188.jpg 300w, https:\/\/www.fusiontables.com\/wp-content\/uploads\/2019\/04\/rock3-a8d-768x482.jpg 768w\" sizes=\"(max-width: 770px) 100vw, 770px\" \/><\/p>\n<p>&nbsp;<\/p>\n<p><img loading=\"lazy\" decoding=\"async\" class=\" size-full wp-image-708\" alt=\"rock4\" data-align=\"center\" data-entity-type=\"file\" data-entity-uuid=\"c8393546-9d54-4330-b984-43377098178a\" src=\"https:\/\/www.fusiontables.com\/wp-content\/uploads\/2019\/04\/rock4-1af.jpg\" width=\"770\" height=\"483\" srcset=\"https:\/\/www.fusiontables.com\/wp-content\/uploads\/2019\/04\/rock4-1af.jpg 770w, https:\/\/www.fusiontables.com\/wp-content\/uploads\/2019\/04\/rock4-1af-300x188.jpg 300w, https:\/\/www.fusiontables.com\/wp-content\/uploads\/2019\/04\/rock4-1af-768x482.jpg 768w\" sizes=\"(max-width: 770px) 100vw, 770px\" \/><\/p>\n<p>&nbsp;<\/p>\n","protected":false},"excerpt":{"rendered":"<p>Lanc\u00e9 en 2018, ce nouveau type de finition c\u00e9ramique permet aux amateurs de design de combiner avantageusement l\u2019\u00e9l\u00e9gance et la chaleur du bois, \u00e0 la robustesse de la pierre. En effet, les&nbsp;finitions disponibles (Oxydo,&nbsp;Corten, Pizarra, Ceniza et Luna) de Rock Reverso, vous permettront de combiner une face en bois dans les coloris standard de notre [&hellip;]<\/p>\n","protected":false},"author":2,"featured_media":684,"parent":0,"menu_order":0,"comment_status":"closed","ping_status":"closed","template":"","meta":{"_acf_changed":false,"footnotes":""},"class_list":["post-714","page","type-page","status-publish","has-post-thumbnail","hentry"],"acf":[],"yoast_head":"<!-- This site is optimized with the Yoast SEO plugin v27.4 - https:\/\/yoast.com\/product\/yoast-seo-wordpress\/ -->\n<title>BIllards transformables Rock Reverso - Fusion Tables<\/title>\n<meta name=\"robots\" content=\"index, follow, max-snippet:-1, max-image-preview:large, max-video-preview:-1\" \/>\n<link rel=\"canonical\" href=\"https:\/\/www.fusiontables.com\/fr\/billards-transformables-rock-reverso\/\" \/>\n<meta property=\"og:locale\" content=\"fr_FR\" \/>\n<meta property=\"og:type\" content=\"article\" \/>\n<meta property=\"og:title\" content=\"BIllards transformables Rock Reverso - Fusion Tables\" \/>\n<meta property=\"og:description\" content=\"Lanc\u00e9 en 2018, ce nouveau type de finition c\u00e9ramique permet aux amateurs de design de combiner avantageusement l\u2019\u00e9l\u00e9gance et la chaleur du bois, \u00e0 la robustesse de la pierre. En effet, les&nbsp;finitions disponibles (Oxydo,&nbsp;Corten, Pizarra, Ceniza et Luna) de Rock Reverso, vous permettront de combiner une face en bois dans les coloris standard de notre [&hellip;]\" \/>\n<meta property=\"og:url\" content=\"https:\/\/www.fusiontables.com\/fr\/billards-transformables-rock-reverso\/\" \/>\n<meta property=\"og:site_name\" content=\"Fusion Tables\" \/>\n<meta property=\"article:modified_time\" content=\"2025-02-11T08:30:06+00:00\" \/>\n<meta property=\"og:image\" content=\"https:\/\/www.fusiontables.com\/wp-content\/uploads\/2019\/04\/FusionTable-N.Noel-32-6df.jpg\" \/>\n\t<meta property=\"og:image:width\" content=\"683\" \/>\n\t<meta property=\"og:image:height\" content=\"1024\" \/>\n\t<meta property=\"og:image:type\" content=\"image\/jpeg\" \/>\n<meta name=\"twitter:card\" content=\"summary_large_image\" \/>\n<meta name=\"twitter:label1\" content=\"Dur\u00e9e de lecture estim\u00e9e\" \/>\n\t<meta name=\"twitter:data1\" content=\"1 minute\" \/>\n<script type=\"application\/ld+json\" class=\"yoast-schema-graph\">{\"@context\":\"https:\\\/\\\/schema.org\",\"@graph\":[{\"@type\":\"WebPage\",\"@id\":\"https:\\\/\\\/www.fusiontables.com\\\/fr\\\/billards-transformables-rock-reverso\\\/\",\"url\":\"https:\\\/\\\/www.fusiontables.com\\\/fr\\\/billards-transformables-rock-reverso\\\/\",\"name\":\"BIllards transformables Rock Reverso - Fusion Tables\",\"isPartOf\":{\"@id\":\"https:\\\/\\\/www.fusiontables.com\\\/fr\\\/#website\"},\"primaryImageOfPage\":{\"@id\":\"https:\\\/\\\/www.fusiontables.com\\\/fr\\\/billards-transformables-rock-reverso\\\/#primaryimage\"},\"image\":{\"@id\":\"https:\\\/\\\/www.fusiontables.com\\\/fr\\\/billards-transformables-rock-reverso\\\/#primaryimage\"},\"thumbnailUrl\":\"https:\\\/\\\/www.fusiontables.com\\\/wp-content\\\/uploads\\\/2019\\\/04\\\/FusionTable-N.Noel-32-6df.jpg\",\"datePublished\":\"2019-04-08T11:08:02+00:00\",\"dateModified\":\"2025-02-11T08:30:06+00:00\",\"breadcrumb\":{\"@id\":\"https:\\\/\\\/www.fusiontables.com\\\/fr\\\/billards-transformables-rock-reverso\\\/#breadcrumb\"},\"inLanguage\":\"fr-FR\",\"potentialAction\":[{\"@type\":\"ReadAction\",\"target\":[\"https:\\\/\\\/www.fusiontables.com\\\/fr\\\/billards-transformables-rock-reverso\\\/\"]}]},{\"@type\":\"ImageObject\",\"inLanguage\":\"fr-FR\",\"@id\":\"https:\\\/\\\/www.fusiontables.com\\\/fr\\\/billards-transformables-rock-reverso\\\/#primaryimage\",\"url\":\"https:\\\/\\\/www.fusiontables.com\\\/wp-content\\\/uploads\\\/2019\\\/04\\\/FusionTable-N.Noel-32-6df.jpg\",\"contentUrl\":\"https:\\\/\\\/www.fusiontables.com\\\/wp-content\\\/uploads\\\/2019\\\/04\\\/FusionTable-N.Noel-32-6df.jpg\",\"width\":683,\"height\":1024,\"caption\":\"FusionTables Rock reverso\"},{\"@type\":\"BreadcrumbList\",\"@id\":\"https:\\\/\\\/www.fusiontables.com\\\/fr\\\/billards-transformables-rock-reverso\\\/#breadcrumb\",\"itemListElement\":[{\"@type\":\"ListItem\",\"position\":1,\"name\":\"Accueil\",\"item\":\"https:\\\/\\\/www.fusiontables.com\\\/fr\\\/\"},{\"@type\":\"ListItem\",\"position\":2,\"name\":\"BIllards transformables Rock Reverso\"}]},{\"@type\":\"WebSite\",\"@id\":\"https:\\\/\\\/www.fusiontables.com\\\/fr\\\/#website\",\"url\":\"https:\\\/\\\/www.fusiontables.com\\\/fr\\\/\",\"name\":\"Fusion Tables\",\"description\":\"\",\"publisher\":{\"@id\":\"https:\\\/\\\/www.fusiontables.com\\\/fr\\\/#organization\"},\"potentialAction\":[{\"@type\":\"SearchAction\",\"target\":{\"@type\":\"EntryPoint\",\"urlTemplate\":\"https:\\\/\\\/www.fusiontables.com\\\/fr\\\/?s={search_term_string}\"},\"query-input\":{\"@type\":\"PropertyValueSpecification\",\"valueRequired\":true,\"valueName\":\"search_term_string\"}}],\"inLanguage\":\"fr-FR\"},{\"@type\":\"Organization\",\"@id\":\"https:\\\/\\\/www.fusiontables.com\\\/fr\\\/#organization\",\"name\":\"Fusion Tables\",\"url\":\"https:\\\/\\\/www.fusiontables.com\\\/fr\\\/\",\"logo\":{\"@type\":\"ImageObject\",\"inLanguage\":\"fr-FR\",\"@id\":\"https:\\\/\\\/www.fusiontables.com\\\/fr\\\/#\\\/schema\\\/logo\\\/image\\\/\",\"url\":\"https:\\\/\\\/www.fusiontables.com\\\/wp-content\\\/uploads\\\/2024\\\/11\\\/Fusiontables-Logo.png\",\"contentUrl\":\"https:\\\/\\\/www.fusiontables.com\\\/wp-content\\\/uploads\\\/2024\\\/11\\\/Fusiontables-Logo.png\",\"width\":514,\"height\":119,\"caption\":\"Fusion Tables\"},\"image\":{\"@id\":\"https:\\\/\\\/www.fusiontables.com\\\/fr\\\/#\\\/schema\\\/logo\\\/image\\\/\"}}]}<\/script>\n<!-- \/ Yoast SEO plugin. -->","yoast_head_json":{"title":"BIllards transformables Rock Reverso - Fusion Tables","robots":{"index":"index","follow":"follow","max-snippet":"max-snippet:-1","max-image-preview":"max-image-preview:large","max-video-preview":"max-video-preview:-1"},"canonical":"https:\/\/www.fusiontables.com\/fr\/billards-transformables-rock-reverso\/","og_locale":"fr_FR","og_type":"article","og_title":"BIllards transformables Rock Reverso - Fusion Tables","og_description":"Lanc\u00e9 en 2018, ce nouveau type de finition c\u00e9ramique permet aux amateurs de design de combiner avantageusement l\u2019\u00e9l\u00e9gance et la chaleur du bois, \u00e0 la robustesse de la pierre. En effet, les&nbsp;finitions disponibles (Oxydo,&nbsp;Corten, Pizarra, Ceniza et Luna) de Rock Reverso, vous permettront de combiner une face en bois dans les coloris standard de notre [&hellip;]","og_url":"https:\/\/www.fusiontables.com\/fr\/billards-transformables-rock-reverso\/","og_site_name":"Fusion Tables","article_modified_time":"2025-02-11T08:30:06+00:00","og_image":[{"width":683,"height":1024,"url":"https:\/\/www.fusiontables.com\/wp-content\/uploads\/2019\/04\/FusionTable-N.Noel-32-6df.jpg","type":"image\/jpeg"}],"twitter_card":"summary_large_image","twitter_misc":{"Dur\u00e9e de lecture estim\u00e9e":"1 minute"},"schema":{"@context":"https:\/\/schema.org","@graph":[{"@type":"WebPage","@id":"https:\/\/www.fusiontables.com\/fr\/billards-transformables-rock-reverso\/","url":"https:\/\/www.fusiontables.com\/fr\/billards-transformables-rock-reverso\/","name":"BIllards transformables Rock Reverso - Fusion Tables","isPartOf":{"@id":"https:\/\/www.fusiontables.com\/fr\/#website"},"primaryImageOfPage":{"@id":"https:\/\/www.fusiontables.com\/fr\/billards-transformables-rock-reverso\/#primaryimage"},"image":{"@id":"https:\/\/www.fusiontables.com\/fr\/billards-transformables-rock-reverso\/#primaryimage"},"thumbnailUrl":"https:\/\/www.fusiontables.com\/wp-content\/uploads\/2019\/04\/FusionTable-N.Noel-32-6df.jpg","datePublished":"2019-04-08T11:08:02+00:00","dateModified":"2025-02-11T08:30:06+00:00","breadcrumb":{"@id":"https:\/\/www.fusiontables.com\/fr\/billards-transformables-rock-reverso\/#breadcrumb"},"inLanguage":"fr-FR","potentialAction":[{"@type":"ReadAction","target":["https:\/\/www.fusiontables.com\/fr\/billards-transformables-rock-reverso\/"]}]},{"@type":"ImageObject","inLanguage":"fr-FR","@id":"https:\/\/www.fusiontables.com\/fr\/billards-transformables-rock-reverso\/#primaryimage","url":"https:\/\/www.fusiontables.com\/wp-content\/uploads\/2019\/04\/FusionTable-N.Noel-32-6df.jpg","contentUrl":"https:\/\/www.fusiontables.com\/wp-content\/uploads\/2019\/04\/FusionTable-N.Noel-32-6df.jpg","width":683,"height":1024,"caption":"FusionTables Rock reverso"},{"@type":"BreadcrumbList","@id":"https:\/\/www.fusiontables.com\/fr\/billards-transformables-rock-reverso\/#breadcrumb","itemListElement":[{"@type":"ListItem","position":1,"name":"Accueil","item":"https:\/\/www.fusiontables.com\/fr\/"},{"@type":"ListItem","position":2,"name":"BIllards transformables Rock Reverso"}]},{"@type":"WebSite","@id":"https:\/\/www.fusiontables.com\/fr\/#website","url":"https:\/\/www.fusiontables.com\/fr\/","name":"Fusion Tables","description":"","publisher":{"@id":"https:\/\/www.fusiontables.com\/fr\/#organization"},"potentialAction":[{"@type":"SearchAction","target":{"@type":"EntryPoint","urlTemplate":"https:\/\/www.fusiontables.com\/fr\/?s={search_term_string}"},"query-input":{"@type":"PropertyValueSpecification","valueRequired":true,"valueName":"search_term_string"}}],"inLanguage":"fr-FR"},{"@type":"Organization","@id":"https:\/\/www.fusiontables.com\/fr\/#organization","name":"Fusion Tables","url":"https:\/\/www.fusiontables.com\/fr\/","logo":{"@type":"ImageObject","inLanguage":"fr-FR","@id":"https:\/\/www.fusiontables.com\/fr\/#\/schema\/logo\/image\/","url":"https:\/\/www.fusiontables.com\/wp-content\/uploads\/2024\/11\/Fusiontables-Logo.png","contentUrl":"https:\/\/www.fusiontables.com\/wp-content\/uploads\/2024\/11\/Fusiontables-Logo.png","width":514,"height":119,"caption":"Fusion Tables"},"image":{"@id":"https:\/\/www.fusiontables.com\/fr\/#\/schema\/logo\/image\/"}}]}},"_links":{"self":[{"href":"https:\/\/www.fusiontables.com\/fr\/wp-json\/wp\/v2\/pages\/714","targetHints":{"allow":["GET"]}}],"collection":[{"href":"https:\/\/www.fusiontables.com\/fr\/wp-json\/wp\/v2\/pages"}],"about":[{"href":"https:\/\/www.fusiontables.com\/fr\/wp-json\/wp\/v2\/types\/page"}],"author":[{"embeddable":true,"href":"https:\/\/www.fusiontables.com\/fr\/wp-json\/wp\/v2\/users\/2"}],"replies":[{"embeddable":true,"href":"https:\/\/www.fusiontables.com\/fr\/wp-json\/wp\/v2\/comments?post=714"}],"version-history":[{"count":8,"href":"https:\/\/www.fusiontables.com\/fr\/wp-json\/wp\/v2\/pages\/714\/revisions"}],"predecessor-version":[{"id":4076,"href":"https:\/\/www.fusiontables.com\/fr\/wp-json\/wp\/v2\/pages\/714\/revisions\/4076"}],"wp:featuredmedia":[{"embeddable":true,"href":"https:\/\/www.fusiontables.com\/fr\/wp-json\/wp\/v2\/media\/684"}],"wp:attachment":[{"href":"https:\/\/www.fusiontables.com\/fr\/wp-json\/wp\/v2\/media?parent=714"}],"curies":[{"name":"wp","href":"https:\/\/api.w.org\/{rel}","templated":true}]}}