{"id":846,"date":"2019-04-08T14:04:10","date_gmt":"2019-04-08T12:04:10","guid":{"rendered":"https:\/\/www.fusiontables.com\/finition-ceniza-table-de-billard-convertible\/"},"modified":"2024-12-13T15:15:46","modified_gmt":"2024-12-13T14:15:46","slug":"finition-ceniza-table-de-billard-convertible","status":"publish","type":"page","link":"https:\/\/www.fusiontables.com\/fr\/finition-ceniza-table-de-billard-convertible\/","title":{"rendered":"Finition ceniza &#8211; Table de billard convertible"},"content":{"rendered":"\n<p>La gamme Ceniza s\u2019adresse aux amoureux de l\u2019effet b\u00e9ton liss\u00e9. C\u2019est une c\u00e9ramique ultra naturelle et douce pour les yeux. Ses tonalit\u00e9s raffin\u00e9es de gris &nbsp;\u00e9pur\u00e9es de toute imperfection mais munies d\u2019un toucher et d\u2019un relief typique de la pierre naturelle taill\u00e9e rappelant le granit. Ceniza se combine facilement avec toutes les finitions standard de la gamme gr\u00e2ce \u00e0 son ton gris moyen.<\/p>\n\n\n\n<p>Cette finition est disponible exclusivement sur nos panneaux r\u00e9versibles <strong><a href=\"https:\/\/www.fusiontables.com\/fr\/table-rock-reverso\/\">Rock Reverso pour la table de billard transformable en billard moderne<\/a>.<\/strong><\/p>\n\n\n\n<figure class=\"wp-block-image\"><img fetchpriority=\"high\" decoding=\"async\" width=\"298\" height=\"299\" src=\"https:\/\/www.fusiontables.com\/wp-content\/uploads\/2019\/04\/ceniza-12c.jpg\" alt=\"table billard\" class=\"wp-image-840\" srcset=\"https:\/\/www.fusiontables.com\/wp-content\/uploads\/2019\/04\/ceniza-12c.jpg 298w, https:\/\/www.fusiontables.com\/wp-content\/uploads\/2019\/04\/ceniza-12c-150x150.jpg 150w\" sizes=\"(max-width: 298px) 100vw, 298px\" \/><\/figure>\n\n\n\n<p><\/p>\n\n\n\n<p>&nbsp;<\/p>\n","protected":false},"excerpt":{"rendered":"<p>La gamme Ceniza s\u2019adresse aux amoureux de l\u2019effet b\u00e9ton liss\u00e9. C\u2019est une c\u00e9ramique ultra naturelle et douce pour les yeux. Ses tonalit\u00e9s raffin\u00e9es de gris &nbsp;\u00e9pur\u00e9es de toute imperfection mais munies d\u2019un toucher et d\u2019un relief typique de la pierre naturelle taill\u00e9e rappelant le granit. Ceniza se combine facilement avec toutes les finitions standard de [&hellip;]<\/p>\n","protected":false},"author":2,"featured_media":840,"parent":0,"menu_order":0,"comment_status":"closed","ping_status":"closed","template":"","meta":{"_acf_changed":false,"footnotes":""},"class_list":["post-846","page","type-page","status-publish","has-post-thumbnail","hentry"],"acf":[],"yoast_head":"<!-- This site is optimized with the Yoast SEO plugin v27.4 - https:\/\/yoast.com\/product\/yoast-seo-wordpress\/ -->\n<title>Finition ceniza - Table de billard convertible - Fusion Tables<\/title>\n<meta name=\"robots\" content=\"index, follow, max-snippet:-1, max-image-preview:large, max-video-preview:-1\" \/>\n<link rel=\"canonical\" href=\"https:\/\/www.fusiontables.com\/fr\/finition-ceniza-table-de-billard-convertible\/\" \/>\n<meta property=\"og:locale\" content=\"fr_FR\" \/>\n<meta property=\"og:type\" content=\"article\" \/>\n<meta property=\"og:title\" content=\"Finition ceniza - Table de billard convertible - Fusion Tables\" \/>\n<meta property=\"og:description\" content=\"La gamme Ceniza s\u2019adresse aux amoureux de l\u2019effet b\u00e9ton liss\u00e9. C\u2019est une c\u00e9ramique ultra naturelle et douce pour les yeux. Ses tonalit\u00e9s raffin\u00e9es de gris &nbsp;\u00e9pur\u00e9es de toute imperfection mais munies d\u2019un toucher et d\u2019un relief typique de la pierre naturelle taill\u00e9e rappelant le granit. Ceniza se combine facilement avec toutes les finitions standard de [&hellip;]\" \/>\n<meta property=\"og:url\" content=\"https:\/\/www.fusiontables.com\/fr\/finition-ceniza-table-de-billard-convertible\/\" \/>\n<meta property=\"og:site_name\" content=\"Fusion Tables\" \/>\n<meta property=\"article:modified_time\" content=\"2024-12-13T14:15:46+00:00\" \/>\n<meta property=\"og:image\" content=\"https:\/\/www.fusiontables.com\/wp-content\/uploads\/2019\/04\/ceniza-12c.jpg\" \/>\n\t<meta property=\"og:image:width\" content=\"298\" \/>\n\t<meta property=\"og:image:height\" content=\"299\" \/>\n\t<meta property=\"og:image:type\" content=\"image\/jpeg\" \/>\n<meta name=\"twitter:card\" content=\"summary_large_image\" \/>\n<meta name=\"twitter:label1\" content=\"Dur\u00e9e de lecture estim\u00e9e\" \/>\n\t<meta name=\"twitter:data1\" content=\"1 minute\" \/>\n<script type=\"application\/ld+json\" class=\"yoast-schema-graph\">{\"@context\":\"https:\\\/\\\/schema.org\",\"@graph\":[{\"@type\":\"WebPage\",\"@id\":\"https:\\\/\\\/www.fusiontables.com\\\/fr\\\/finition-ceniza-table-de-billard-convertible\\\/\",\"url\":\"https:\\\/\\\/www.fusiontables.com\\\/fr\\\/finition-ceniza-table-de-billard-convertible\\\/\",\"name\":\"Finition ceniza - Table de billard convertible - Fusion Tables\",\"isPartOf\":{\"@id\":\"https:\\\/\\\/www.fusiontables.com\\\/fr\\\/#website\"},\"primaryImageOfPage\":{\"@id\":\"https:\\\/\\\/www.fusiontables.com\\\/fr\\\/finition-ceniza-table-de-billard-convertible\\\/#primaryimage\"},\"image\":{\"@id\":\"https:\\\/\\\/www.fusiontables.com\\\/fr\\\/finition-ceniza-table-de-billard-convertible\\\/#primaryimage\"},\"thumbnailUrl\":\"https:\\\/\\\/www.fusiontables.com\\\/wp-content\\\/uploads\\\/2019\\\/04\\\/ceniza-12c.jpg\",\"datePublished\":\"2019-04-08T12:04:10+00:00\",\"dateModified\":\"2024-12-13T14:15:46+00:00\",\"breadcrumb\":{\"@id\":\"https:\\\/\\\/www.fusiontables.com\\\/fr\\\/finition-ceniza-table-de-billard-convertible\\\/#breadcrumb\"},\"inLanguage\":\"fr-FR\",\"potentialAction\":[{\"@type\":\"ReadAction\",\"target\":[\"https:\\\/\\\/www.fusiontables.com\\\/fr\\\/finition-ceniza-table-de-billard-convertible\\\/\"]}]},{\"@type\":\"ImageObject\",\"inLanguage\":\"fr-FR\",\"@id\":\"https:\\\/\\\/www.fusiontables.com\\\/fr\\\/finition-ceniza-table-de-billard-convertible\\\/#primaryimage\",\"url\":\"https:\\\/\\\/www.fusiontables.com\\\/wp-content\\\/uploads\\\/2019\\\/04\\\/ceniza-12c.jpg\",\"contentUrl\":\"https:\\\/\\\/www.fusiontables.com\\\/wp-content\\\/uploads\\\/2019\\\/04\\\/ceniza-12c.jpg\",\"width\":298,\"height\":299,\"caption\":\"table billard\"},{\"@type\":\"BreadcrumbList\",\"@id\":\"https:\\\/\\\/www.fusiontables.com\\\/fr\\\/finition-ceniza-table-de-billard-convertible\\\/#breadcrumb\",\"itemListElement\":[{\"@type\":\"ListItem\",\"position\":1,\"name\":\"Accueil\",\"item\":\"https:\\\/\\\/www.fusiontables.com\\\/fr\\\/\"},{\"@type\":\"ListItem\",\"position\":2,\"name\":\"Finition ceniza &#8211; Table de billard convertible\"}]},{\"@type\":\"WebSite\",\"@id\":\"https:\\\/\\\/www.fusiontables.com\\\/fr\\\/#website\",\"url\":\"https:\\\/\\\/www.fusiontables.com\\\/fr\\\/\",\"name\":\"Fusion Tables\",\"description\":\"\",\"publisher\":{\"@id\":\"https:\\\/\\\/www.fusiontables.com\\\/fr\\\/#organization\"},\"potentialAction\":[{\"@type\":\"SearchAction\",\"target\":{\"@type\":\"EntryPoint\",\"urlTemplate\":\"https:\\\/\\\/www.fusiontables.com\\\/fr\\\/?s={search_term_string}\"},\"query-input\":{\"@type\":\"PropertyValueSpecification\",\"valueRequired\":true,\"valueName\":\"search_term_string\"}}],\"inLanguage\":\"fr-FR\"},{\"@type\":\"Organization\",\"@id\":\"https:\\\/\\\/www.fusiontables.com\\\/fr\\\/#organization\",\"name\":\"Fusion Tables\",\"url\":\"https:\\\/\\\/www.fusiontables.com\\\/fr\\\/\",\"logo\":{\"@type\":\"ImageObject\",\"inLanguage\":\"fr-FR\",\"@id\":\"https:\\\/\\\/www.fusiontables.com\\\/fr\\\/#\\\/schema\\\/logo\\\/image\\\/\",\"url\":\"https:\\\/\\\/www.fusiontables.com\\\/wp-content\\\/uploads\\\/2024\\\/11\\\/Fusiontables-Logo.png\",\"contentUrl\":\"https:\\\/\\\/www.fusiontables.com\\\/wp-content\\\/uploads\\\/2024\\\/11\\\/Fusiontables-Logo.png\",\"width\":514,\"height\":119,\"caption\":\"Fusion Tables\"},\"image\":{\"@id\":\"https:\\\/\\\/www.fusiontables.com\\\/fr\\\/#\\\/schema\\\/logo\\\/image\\\/\"}}]}<\/script>\n<!-- \/ Yoast SEO plugin. -->","yoast_head_json":{"title":"Finition ceniza - Table de billard convertible - Fusion Tables","robots":{"index":"index","follow":"follow","max-snippet":"max-snippet:-1","max-image-preview":"max-image-preview:large","max-video-preview":"max-video-preview:-1"},"canonical":"https:\/\/www.fusiontables.com\/fr\/finition-ceniza-table-de-billard-convertible\/","og_locale":"fr_FR","og_type":"article","og_title":"Finition ceniza - Table de billard convertible - Fusion Tables","og_description":"La gamme Ceniza s\u2019adresse aux amoureux de l\u2019effet b\u00e9ton liss\u00e9. C\u2019est une c\u00e9ramique ultra naturelle et douce pour les yeux. Ses tonalit\u00e9s raffin\u00e9es de gris &nbsp;\u00e9pur\u00e9es de toute imperfection mais munies d\u2019un toucher et d\u2019un relief typique de la pierre naturelle taill\u00e9e rappelant le granit. Ceniza se combine facilement avec toutes les finitions standard de [&hellip;]","og_url":"https:\/\/www.fusiontables.com\/fr\/finition-ceniza-table-de-billard-convertible\/","og_site_name":"Fusion Tables","article_modified_time":"2024-12-13T14:15:46+00:00","og_image":[{"width":298,"height":299,"url":"https:\/\/www.fusiontables.com\/wp-content\/uploads\/2019\/04\/ceniza-12c.jpg","type":"image\/jpeg"}],"twitter_card":"summary_large_image","twitter_misc":{"Dur\u00e9e de lecture estim\u00e9e":"1 minute"},"schema":{"@context":"https:\/\/schema.org","@graph":[{"@type":"WebPage","@id":"https:\/\/www.fusiontables.com\/fr\/finition-ceniza-table-de-billard-convertible\/","url":"https:\/\/www.fusiontables.com\/fr\/finition-ceniza-table-de-billard-convertible\/","name":"Finition ceniza - Table de billard convertible - Fusion Tables","isPartOf":{"@id":"https:\/\/www.fusiontables.com\/fr\/#website"},"primaryImageOfPage":{"@id":"https:\/\/www.fusiontables.com\/fr\/finition-ceniza-table-de-billard-convertible\/#primaryimage"},"image":{"@id":"https:\/\/www.fusiontables.com\/fr\/finition-ceniza-table-de-billard-convertible\/#primaryimage"},"thumbnailUrl":"https:\/\/www.fusiontables.com\/wp-content\/uploads\/2019\/04\/ceniza-12c.jpg","datePublished":"2019-04-08T12:04:10+00:00","dateModified":"2024-12-13T14:15:46+00:00","breadcrumb":{"@id":"https:\/\/www.fusiontables.com\/fr\/finition-ceniza-table-de-billard-convertible\/#breadcrumb"},"inLanguage":"fr-FR","potentialAction":[{"@type":"ReadAction","target":["https:\/\/www.fusiontables.com\/fr\/finition-ceniza-table-de-billard-convertible\/"]}]},{"@type":"ImageObject","inLanguage":"fr-FR","@id":"https:\/\/www.fusiontables.com\/fr\/finition-ceniza-table-de-billard-convertible\/#primaryimage","url":"https:\/\/www.fusiontables.com\/wp-content\/uploads\/2019\/04\/ceniza-12c.jpg","contentUrl":"https:\/\/www.fusiontables.com\/wp-content\/uploads\/2019\/04\/ceniza-12c.jpg","width":298,"height":299,"caption":"table billard"},{"@type":"BreadcrumbList","@id":"https:\/\/www.fusiontables.com\/fr\/finition-ceniza-table-de-billard-convertible\/#breadcrumb","itemListElement":[{"@type":"ListItem","position":1,"name":"Accueil","item":"https:\/\/www.fusiontables.com\/fr\/"},{"@type":"ListItem","position":2,"name":"Finition ceniza &#8211; Table de billard convertible"}]},{"@type":"WebSite","@id":"https:\/\/www.fusiontables.com\/fr\/#website","url":"https:\/\/www.fusiontables.com\/fr\/","name":"Fusion Tables","description":"","publisher":{"@id":"https:\/\/www.fusiontables.com\/fr\/#organization"},"potentialAction":[{"@type":"SearchAction","target":{"@type":"EntryPoint","urlTemplate":"https:\/\/www.fusiontables.com\/fr\/?s={search_term_string}"},"query-input":{"@type":"PropertyValueSpecification","valueRequired":true,"valueName":"search_term_string"}}],"inLanguage":"fr-FR"},{"@type":"Organization","@id":"https:\/\/www.fusiontables.com\/fr\/#organization","name":"Fusion Tables","url":"https:\/\/www.fusiontables.com\/fr\/","logo":{"@type":"ImageObject","inLanguage":"fr-FR","@id":"https:\/\/www.fusiontables.com\/fr\/#\/schema\/logo\/image\/","url":"https:\/\/www.fusiontables.com\/wp-content\/uploads\/2024\/11\/Fusiontables-Logo.png","contentUrl":"https:\/\/www.fusiontables.com\/wp-content\/uploads\/2024\/11\/Fusiontables-Logo.png","width":514,"height":119,"caption":"Fusion Tables"},"image":{"@id":"https:\/\/www.fusiontables.com\/fr\/#\/schema\/logo\/image\/"}}]}},"_links":{"self":[{"href":"https:\/\/www.fusiontables.com\/fr\/wp-json\/wp\/v2\/pages\/846","targetHints":{"allow":["GET"]}}],"collection":[{"href":"https:\/\/www.fusiontables.com\/fr\/wp-json\/wp\/v2\/pages"}],"about":[{"href":"https:\/\/www.fusiontables.com\/fr\/wp-json\/wp\/v2\/types\/page"}],"author":[{"embeddable":true,"href":"https:\/\/www.fusiontables.com\/fr\/wp-json\/wp\/v2\/users\/2"}],"replies":[{"embeddable":true,"href":"https:\/\/www.fusiontables.com\/fr\/wp-json\/wp\/v2\/comments?post=846"}],"version-history":[{"count":3,"href":"https:\/\/www.fusiontables.com\/fr\/wp-json\/wp\/v2\/pages\/846\/revisions"}],"predecessor-version":[{"id":2945,"href":"https:\/\/www.fusiontables.com\/fr\/wp-json\/wp\/v2\/pages\/846\/revisions\/2945"}],"wp:featuredmedia":[{"embeddable":true,"href":"https:\/\/www.fusiontables.com\/fr\/wp-json\/wp\/v2\/media\/840"}],"wp:attachment":[{"href":"https:\/\/www.fusiontables.com\/fr\/wp-json\/wp\/v2\/media?parent=846"}],"curies":[{"name":"wp","href":"https:\/\/api.w.org\/{rel}","templated":true}]}}