{"id":864,"date":"2019-04-08T14:05:40","date_gmt":"2019-04-08T12:05:40","guid":{"rendered":"https:\/\/www.fusiontables.com\/finition-pizarra-table-de-billard-convertible\/"},"modified":"2024-12-13T15:22:39","modified_gmt":"2024-12-13T14:22:39","slug":"finition-pizarra-table-de-billard-convertible","status":"publish","type":"page","link":"https:\/\/www.fusiontables.com\/fr\/finition-pizarra-table-de-billard-convertible\/","title":{"rendered":"Finition pizarra &#8211; Table de billard convertible"},"content":{"rendered":"\n<p>La gamme Pizarra ressemble au granit. D\u2019un ton sombre et \u00e9l\u00e9gant. C\u2019est une c\u00e9ramique d\u2019un gris tr\u00e8s fonc\u00e9 munie d\u2019un toucher et d\u2019un relief typique de la pierre naturelle. Ceniza se combine id\u00e9alement avec toutes les finitions noires de la gamme gr\u00e2ce \u00e0 son ton sobre et profond.<\/p>\n\n\n\n<p>Cette finition est disponible exclusivement sur nos panneaux r\u00e9versibles <a href=\"https:\/\/www.fusiontables.com\/fr\/table-rock-reverso\/\"><strong>Rock Reverso<\/strong><\/a> pour la <a href=\"https:\/\/www.fusiontables.com\/fr\/tables-de-billard-transformables\/\"><strong>table de billard transformable en billard moderne<\/strong><\/a>.<\/p>\n\n\n\n<figure class=\"wp-block-image\"><img fetchpriority=\"high\" decoding=\"async\" width=\"298\" height=\"299\" src=\"https:\/\/www.fusiontables.com\/wp-content\/uploads\/2019\/04\/pizzara-493.jpg\" alt=\"billard design convertible\" class=\"wp-image-852\" srcset=\"https:\/\/www.fusiontables.com\/wp-content\/uploads\/2019\/04\/pizzara-493.jpg 298w, https:\/\/www.fusiontables.com\/wp-content\/uploads\/2019\/04\/pizzara-493-150x150.jpg 150w\" sizes=\"(max-width: 298px) 100vw, 298px\" \/><\/figure>\n\n\n\n<figure class=\"wp-block-image\"><img decoding=\"async\" width=\"720\" height=\"1280\" src=\"https:\/\/www.fusiontables.com\/wp-content\/uploads\/2019\/04\/rock_pizarra-38d.jpeg\" alt=\"pizara\" class=\"wp-image-858\" srcset=\"https:\/\/www.fusiontables.com\/wp-content\/uploads\/2019\/04\/rock_pizarra-38d.jpeg 720w, https:\/\/www.fusiontables.com\/wp-content\/uploads\/2019\/04\/rock_pizarra-38d-169x300.jpeg 169w, https:\/\/www.fusiontables.com\/wp-content\/uploads\/2019\/04\/rock_pizarra-38d-576x1024.jpeg 576w\" sizes=\"(max-width: 720px) 100vw, 720px\" \/><\/figure>\n\n\n\n<p>&nbsp;<\/p>\n","protected":false},"excerpt":{"rendered":"<p>La gamme Pizarra ressemble au granit. D\u2019un ton sombre et \u00e9l\u00e9gant. C\u2019est une c\u00e9ramique d\u2019un gris tr\u00e8s fonc\u00e9 munie d\u2019un toucher et d\u2019un relief typique de la pierre naturelle. Ceniza se combine id\u00e9alement avec toutes les finitions noires de la gamme gr\u00e2ce \u00e0 son ton sobre et profond. Cette finition est disponible exclusivement sur nos [&hellip;]<\/p>\n","protected":false},"author":2,"featured_media":852,"parent":0,"menu_order":0,"comment_status":"closed","ping_status":"closed","template":"","meta":{"_acf_changed":false,"footnotes":""},"class_list":["post-864","page","type-page","status-publish","has-post-thumbnail","hentry"],"acf":[],"yoast_head":"<!-- This site is optimized with the Yoast SEO plugin v27.6 - https:\/\/yoast.com\/product\/yoast-seo-wordpress\/ -->\n<title>Finition pizarra - Table de billard convertible - Fusion Tables<\/title>\n<meta name=\"robots\" content=\"index, follow, max-snippet:-1, max-image-preview:large, max-video-preview:-1\" \/>\n<link rel=\"canonical\" href=\"https:\/\/www.fusiontables.com\/fr\/finition-pizarra-table-de-billard-convertible\/\" \/>\n<meta property=\"og:locale\" content=\"fr_FR\" \/>\n<meta property=\"og:type\" content=\"article\" \/>\n<meta property=\"og:title\" content=\"Finition pizarra - Table de billard convertible - Fusion Tables\" \/>\n<meta property=\"og:description\" content=\"La gamme Pizarra ressemble au granit. D\u2019un ton sombre et \u00e9l\u00e9gant. C\u2019est une c\u00e9ramique d\u2019un gris tr\u00e8s fonc\u00e9 munie d\u2019un toucher et d\u2019un relief typique de la pierre naturelle. Ceniza se combine id\u00e9alement avec toutes les finitions noires de la gamme gr\u00e2ce \u00e0 son ton sobre et profond. Cette finition est disponible exclusivement sur nos [&hellip;]\" \/>\n<meta property=\"og:url\" content=\"https:\/\/www.fusiontables.com\/fr\/finition-pizarra-table-de-billard-convertible\/\" \/>\n<meta property=\"og:site_name\" content=\"Fusion Tables\" \/>\n<meta property=\"article:modified_time\" content=\"2024-12-13T14:22:39+00:00\" \/>\n<meta property=\"og:image\" content=\"https:\/\/www.fusiontables.com\/wp-content\/uploads\/2019\/04\/pizzara-493.jpg\" \/>\n\t<meta property=\"og:image:width\" content=\"298\" \/>\n\t<meta property=\"og:image:height\" content=\"299\" \/>\n\t<meta property=\"og:image:type\" content=\"image\/jpeg\" \/>\n<meta name=\"twitter:card\" content=\"summary_large_image\" \/>\n<meta name=\"twitter:label1\" content=\"Dur\u00e9e de lecture estim\u00e9e\" \/>\n\t<meta name=\"twitter:data1\" content=\"1 minute\" \/>\n<script type=\"application\/ld+json\" class=\"yoast-schema-graph\">{\"@context\":\"https:\\\/\\\/schema.org\",\"@graph\":[{\"@type\":\"WebPage\",\"@id\":\"https:\\\/\\\/www.fusiontables.com\\\/fr\\\/finition-pizarra-table-de-billard-convertible\\\/\",\"url\":\"https:\\\/\\\/www.fusiontables.com\\\/fr\\\/finition-pizarra-table-de-billard-convertible\\\/\",\"name\":\"Finition pizarra - Table de billard convertible - Fusion Tables\",\"isPartOf\":{\"@id\":\"https:\\\/\\\/www.fusiontables.com\\\/fr\\\/#website\"},\"primaryImageOfPage\":{\"@id\":\"https:\\\/\\\/www.fusiontables.com\\\/fr\\\/finition-pizarra-table-de-billard-convertible\\\/#primaryimage\"},\"image\":{\"@id\":\"https:\\\/\\\/www.fusiontables.com\\\/fr\\\/finition-pizarra-table-de-billard-convertible\\\/#primaryimage\"},\"thumbnailUrl\":\"https:\\\/\\\/www.fusiontables.com\\\/wp-content\\\/uploads\\\/2019\\\/04\\\/pizzara-493.jpg\",\"datePublished\":\"2019-04-08T12:05:40+00:00\",\"dateModified\":\"2024-12-13T14:22:39+00:00\",\"breadcrumb\":{\"@id\":\"https:\\\/\\\/www.fusiontables.com\\\/fr\\\/finition-pizarra-table-de-billard-convertible\\\/#breadcrumb\"},\"inLanguage\":\"fr-FR\",\"potentialAction\":[{\"@type\":\"ReadAction\",\"target\":[\"https:\\\/\\\/www.fusiontables.com\\\/fr\\\/finition-pizarra-table-de-billard-convertible\\\/\"]}]},{\"@type\":\"ImageObject\",\"inLanguage\":\"fr-FR\",\"@id\":\"https:\\\/\\\/www.fusiontables.com\\\/fr\\\/finition-pizarra-table-de-billard-convertible\\\/#primaryimage\",\"url\":\"https:\\\/\\\/www.fusiontables.com\\\/wp-content\\\/uploads\\\/2019\\\/04\\\/pizzara-493.jpg\",\"contentUrl\":\"https:\\\/\\\/www.fusiontables.com\\\/wp-content\\\/uploads\\\/2019\\\/04\\\/pizzara-493.jpg\",\"width\":298,\"height\":299,\"caption\":\"billard design convertible\"},{\"@type\":\"BreadcrumbList\",\"@id\":\"https:\\\/\\\/www.fusiontables.com\\\/fr\\\/finition-pizarra-table-de-billard-convertible\\\/#breadcrumb\",\"itemListElement\":[{\"@type\":\"ListItem\",\"position\":1,\"name\":\"Accueil\",\"item\":\"https:\\\/\\\/www.fusiontables.com\\\/fr\\\/\"},{\"@type\":\"ListItem\",\"position\":2,\"name\":\"Finition pizarra &#8211; Table de billard convertible\"}]},{\"@type\":\"WebSite\",\"@id\":\"https:\\\/\\\/www.fusiontables.com\\\/fr\\\/#website\",\"url\":\"https:\\\/\\\/www.fusiontables.com\\\/fr\\\/\",\"name\":\"Fusion Tables\",\"description\":\"\",\"publisher\":{\"@id\":\"https:\\\/\\\/www.fusiontables.com\\\/fr\\\/#organization\"},\"potentialAction\":[{\"@type\":\"SearchAction\",\"target\":{\"@type\":\"EntryPoint\",\"urlTemplate\":\"https:\\\/\\\/www.fusiontables.com\\\/fr\\\/?s={search_term_string}\"},\"query-input\":{\"@type\":\"PropertyValueSpecification\",\"valueRequired\":true,\"valueName\":\"search_term_string\"}}],\"inLanguage\":\"fr-FR\"},{\"@type\":\"Organization\",\"@id\":\"https:\\\/\\\/www.fusiontables.com\\\/fr\\\/#organization\",\"name\":\"Fusion Tables\",\"url\":\"https:\\\/\\\/www.fusiontables.com\\\/fr\\\/\",\"logo\":{\"@type\":\"ImageObject\",\"inLanguage\":\"fr-FR\",\"@id\":\"https:\\\/\\\/www.fusiontables.com\\\/fr\\\/#\\\/schema\\\/logo\\\/image\\\/\",\"url\":\"https:\\\/\\\/www.fusiontables.com\\\/wp-content\\\/uploads\\\/2024\\\/11\\\/Fusiontables-Logo.png\",\"contentUrl\":\"https:\\\/\\\/www.fusiontables.com\\\/wp-content\\\/uploads\\\/2024\\\/11\\\/Fusiontables-Logo.png\",\"width\":514,\"height\":119,\"caption\":\"Fusion Tables\"},\"image\":{\"@id\":\"https:\\\/\\\/www.fusiontables.com\\\/fr\\\/#\\\/schema\\\/logo\\\/image\\\/\"}}]}<\/script>\n<!-- \/ Yoast SEO plugin. -->","yoast_head_json":{"title":"Finition pizarra - Table de billard convertible - Fusion Tables","robots":{"index":"index","follow":"follow","max-snippet":"max-snippet:-1","max-image-preview":"max-image-preview:large","max-video-preview":"max-video-preview:-1"},"canonical":"https:\/\/www.fusiontables.com\/fr\/finition-pizarra-table-de-billard-convertible\/","og_locale":"fr_FR","og_type":"article","og_title":"Finition pizarra - Table de billard convertible - Fusion Tables","og_description":"La gamme Pizarra ressemble au granit. D\u2019un ton sombre et \u00e9l\u00e9gant. C\u2019est une c\u00e9ramique d\u2019un gris tr\u00e8s fonc\u00e9 munie d\u2019un toucher et d\u2019un relief typique de la pierre naturelle. Ceniza se combine id\u00e9alement avec toutes les finitions noires de la gamme gr\u00e2ce \u00e0 son ton sobre et profond. Cette finition est disponible exclusivement sur nos [&hellip;]","og_url":"https:\/\/www.fusiontables.com\/fr\/finition-pizarra-table-de-billard-convertible\/","og_site_name":"Fusion Tables","article_modified_time":"2024-12-13T14:22:39+00:00","og_image":[{"width":298,"height":299,"url":"https:\/\/www.fusiontables.com\/wp-content\/uploads\/2019\/04\/pizzara-493.jpg","type":"image\/jpeg"}],"twitter_card":"summary_large_image","twitter_misc":{"Dur\u00e9e de lecture estim\u00e9e":"1 minute"},"schema":{"@context":"https:\/\/schema.org","@graph":[{"@type":"WebPage","@id":"https:\/\/www.fusiontables.com\/fr\/finition-pizarra-table-de-billard-convertible\/","url":"https:\/\/www.fusiontables.com\/fr\/finition-pizarra-table-de-billard-convertible\/","name":"Finition pizarra - Table de billard convertible - Fusion Tables","isPartOf":{"@id":"https:\/\/www.fusiontables.com\/fr\/#website"},"primaryImageOfPage":{"@id":"https:\/\/www.fusiontables.com\/fr\/finition-pizarra-table-de-billard-convertible\/#primaryimage"},"image":{"@id":"https:\/\/www.fusiontables.com\/fr\/finition-pizarra-table-de-billard-convertible\/#primaryimage"},"thumbnailUrl":"https:\/\/www.fusiontables.com\/wp-content\/uploads\/2019\/04\/pizzara-493.jpg","datePublished":"2019-04-08T12:05:40+00:00","dateModified":"2024-12-13T14:22:39+00:00","breadcrumb":{"@id":"https:\/\/www.fusiontables.com\/fr\/finition-pizarra-table-de-billard-convertible\/#breadcrumb"},"inLanguage":"fr-FR","potentialAction":[{"@type":"ReadAction","target":["https:\/\/www.fusiontables.com\/fr\/finition-pizarra-table-de-billard-convertible\/"]}]},{"@type":"ImageObject","inLanguage":"fr-FR","@id":"https:\/\/www.fusiontables.com\/fr\/finition-pizarra-table-de-billard-convertible\/#primaryimage","url":"https:\/\/www.fusiontables.com\/wp-content\/uploads\/2019\/04\/pizzara-493.jpg","contentUrl":"https:\/\/www.fusiontables.com\/wp-content\/uploads\/2019\/04\/pizzara-493.jpg","width":298,"height":299,"caption":"billard design convertible"},{"@type":"BreadcrumbList","@id":"https:\/\/www.fusiontables.com\/fr\/finition-pizarra-table-de-billard-convertible\/#breadcrumb","itemListElement":[{"@type":"ListItem","position":1,"name":"Accueil","item":"https:\/\/www.fusiontables.com\/fr\/"},{"@type":"ListItem","position":2,"name":"Finition pizarra &#8211; Table de billard convertible"}]},{"@type":"WebSite","@id":"https:\/\/www.fusiontables.com\/fr\/#website","url":"https:\/\/www.fusiontables.com\/fr\/","name":"Fusion Tables","description":"","publisher":{"@id":"https:\/\/www.fusiontables.com\/fr\/#organization"},"potentialAction":[{"@type":"SearchAction","target":{"@type":"EntryPoint","urlTemplate":"https:\/\/www.fusiontables.com\/fr\/?s={search_term_string}"},"query-input":{"@type":"PropertyValueSpecification","valueRequired":true,"valueName":"search_term_string"}}],"inLanguage":"fr-FR"},{"@type":"Organization","@id":"https:\/\/www.fusiontables.com\/fr\/#organization","name":"Fusion Tables","url":"https:\/\/www.fusiontables.com\/fr\/","logo":{"@type":"ImageObject","inLanguage":"fr-FR","@id":"https:\/\/www.fusiontables.com\/fr\/#\/schema\/logo\/image\/","url":"https:\/\/www.fusiontables.com\/wp-content\/uploads\/2024\/11\/Fusiontables-Logo.png","contentUrl":"https:\/\/www.fusiontables.com\/wp-content\/uploads\/2024\/11\/Fusiontables-Logo.png","width":514,"height":119,"caption":"Fusion Tables"},"image":{"@id":"https:\/\/www.fusiontables.com\/fr\/#\/schema\/logo\/image\/"}}]}},"_links":{"self":[{"href":"https:\/\/www.fusiontables.com\/fr\/wp-json\/wp\/v2\/pages\/864","targetHints":{"allow":["GET"]}}],"collection":[{"href":"https:\/\/www.fusiontables.com\/fr\/wp-json\/wp\/v2\/pages"}],"about":[{"href":"https:\/\/www.fusiontables.com\/fr\/wp-json\/wp\/v2\/types\/page"}],"author":[{"embeddable":true,"href":"https:\/\/www.fusiontables.com\/fr\/wp-json\/wp\/v2\/users\/2"}],"replies":[{"embeddable":true,"href":"https:\/\/www.fusiontables.com\/fr\/wp-json\/wp\/v2\/comments?post=864"}],"version-history":[{"count":2,"href":"https:\/\/www.fusiontables.com\/fr\/wp-json\/wp\/v2\/pages\/864\/revisions"}],"predecessor-version":[{"id":2962,"href":"https:\/\/www.fusiontables.com\/fr\/wp-json\/wp\/v2\/pages\/864\/revisions\/2962"}],"wp:featuredmedia":[{"embeddable":true,"href":"https:\/\/www.fusiontables.com\/fr\/wp-json\/wp\/v2\/media\/852"}],"wp:attachment":[{"href":"https:\/\/www.fusiontables.com\/fr\/wp-json\/wp\/v2\/media?parent=864"}],"curies":[{"name":"wp","href":"https:\/\/api.w.org\/{rel}","templated":true}]}}