{"id":986,"date":"2019-11-22T11:43:15","date_gmt":"2019-11-22T10:43:15","guid":{"rendered":"https:\/\/www.fusiontables.com\/billard-transformable-crystal-mirage\/"},"modified":"2025-02-11T09:37:42","modified_gmt":"2025-02-11T08:37:42","slug":"billard-transformable-crystal-mirage","status":"publish","type":"page","link":"https:\/\/www.fusiontables.com\/fr\/billard-transformable-crystal-mirage\/","title":{"rendered":"Billard transformable Crystal Mirage"},"content":{"rendered":"<p><img fetchpriority=\"high\" decoding=\"async\" class=\" size-full wp-image-959\" src=\"https:\/\/www.fusiontables.com\/wp-content\/uploads\/2019\/11\/black2000-bb0.jpg\" alt=\"black label\" width=\"1000\" height=\"667\" data-entity-type=\"file\" data-entity-uuid=\"fa1ab586-c3f2-4439-a294-1c70a46eb640\" srcset=\"https:\/\/www.fusiontables.com\/wp-content\/uploads\/2019\/11\/black2000-bb0.jpg 1000w, https:\/\/www.fusiontables.com\/wp-content\/uploads\/2019\/11\/black2000-bb0-300x200.jpg 300w, https:\/\/www.fusiontables.com\/wp-content\/uploads\/2019\/11\/black2000-bb0-768x512.jpg 768w\" sizes=\"(max-width: 1000px) 100vw, 1000px\" \/><\/p>\n<p>Notre gamme de tables convertibles \u00ab\u00a0Crystal Mirage\u00a0\u00bb, l\u00e0 o\u00f9 l&rsquo;innovation rencontre l&rsquo;\u00e9l\u00e9gance dans le domaine des panneaux de meuble en verre tremp\u00e9.<\/p>\n<p>Fabriqu\u00e9s avec pr\u00e9cision et con\u00e7us pour rehausser n&rsquo;importe quel espace, ces panneaux \u00e9l\u00e9gants et sophistiqu\u00e9s red\u00e9finissent le concept de mobilier contemporain.<\/p>\n<p>Au c\u0153ur de la collection de tables transformables Crystal Mirage se trouve le verre tremp\u00e9 de s\u00e9curit\u00e9 de 8 mm, avec un chanfrein doux et arrondi, offrant un toucher agr\u00e9able aux utilisateurs et \u00e9tablissant de nouvelles normes en termes de durabilit\u00e9 et d&rsquo;esth\u00e9tique. Le verre tremp\u00e9 garantit non seulement la s\u00e9curit\u00e9, mais il peut se vanter \u00e9galement d&rsquo;une r\u00e9sistance remarquable aux rayures, pour une apparence impeccable au fil du temps, ce qui n&rsquo;est pas toujours le cas avec le bois laqu\u00e9 brillant ou mat. Imperturbables face aux rayons UV, ces panneaux noirs ou blancs, ou de n&rsquo;importe quelle couleur RAL, promettent une long\u00e9vit\u00e9, proposant un choix id\u00e9al pour personnaliser un projet architectural priv\u00e9 ou commercial.<\/p>\n<p><img decoding=\"async\" class=\" size-full wp-image-965\" src=\"https:\/\/www.fusiontables.com\/wp-content\/uploads\/2019\/11\/black2-9bc.jpg\" alt=\"black\" width=\"1000\" height=\"667\" data-align=\"center\" data-entity-type=\"file\" data-entity-uuid=\"e7d220e5-0c3d-4a02-889d-e1588b87b73e\" srcset=\"https:\/\/www.fusiontables.com\/wp-content\/uploads\/2019\/11\/black2-9bc.jpg 1000w, https:\/\/www.fusiontables.com\/wp-content\/uploads\/2019\/11\/black2-9bc-300x200.jpg 300w, https:\/\/www.fusiontables.com\/wp-content\/uploads\/2019\/11\/black2-9bc-768x512.jpg 768w\" sizes=\"(max-width: 1000px) 100vw, 1000px\" \/><\/p>\n<p>Initialement lanc\u00e9e dans un noir brillant comme un piano, la gamme de tables transformables en table de repas Crystal Mirage a \u00e9largi ses horizons pour inclure un \u00e9ventail d&rsquo;options. Maintenant disponible en blanc intemporel ou noir classique pour correspondre aux cadres de table, avec l&rsquo;option d&rsquo;une finition sabl\u00e9e (mate) ou brillante, ces panneaux s&rsquo;adressent \u00e0 des go\u00fbts et des pr\u00e9f\u00e9rences de conception diversifi\u00e9s. La polyvalence de la collection de billards \u00e0 manger Crystal Mirage vous permet de cr\u00e9er un espace qui r\u00e9sonne avec votre style personnel.<\/p>\n<p>Bien que les dessus de table Crystal Mirage puissent \u00eatre l\u00e9g\u00e8rement plus lourds, ils repr\u00e9sentent le symbole de l&rsquo;\u00e9l\u00e9gance brillante au sein de la <strong><a href=\"https:\/\/www.fusiontables.com\/fr\/tables-de-billard-transformables\/\">collection FusionTables<\/a><\/strong>. Leur attrait luxueux en fait le choix num\u00e9ro un pour ceux qui recherchent une touche sophistiqu\u00e9e et \u00e9l\u00e9gante dans leur conception int\u00e9rieure. Que ce soit pour orner un espace de vie moderne, un bureau d&rsquo;entreprise ou un h\u00f4tel haut de gamme, les panneaux de tables transformables en billard\u00a0Crystal Mirage fusionnent sans effort la fonctionnalit\u00e9 avec l&rsquo;attrait esth\u00e9tique.<br \/>\n<img decoding=\"async\" class=\" size-full wp-image-971\" src=\"https:\/\/www.fusiontables.com\/wp-content\/uploads\/2019\/11\/glass-1-2c8.jpg\" alt=\"glass 1\" width=\"1000\" height=\"667\" data-align=\"center\" data-entity-type=\"file\" data-entity-uuid=\"772d8081-e7b1-4252-bc54-d458e3870796\" srcset=\"https:\/\/www.fusiontables.com\/wp-content\/uploads\/2019\/11\/glass-1-2c8.jpg 1000w, https:\/\/www.fusiontables.com\/wp-content\/uploads\/2019\/11\/glass-1-2c8-300x200.jpg 300w, https:\/\/www.fusiontables.com\/wp-content\/uploads\/2019\/11\/glass-1-2c8-768x512.jpg 768w\" sizes=\"(max-width: 1000px) 100vw, 1000px\" \/><\/p>\n<p>Ce qui distingue v\u00e9ritablement la gamme de billards convertibles en table de repas\u00a0Crystal Mirage, ce sont ses options de personnalisation. Ces panneaux peuvent \u00eatre personnalis\u00e9s pour correspondre \u00e0 votre vision unique, ajoutant une touche sur mesure \u00e0 votre espace. Imaginez avoir une table avec un cadre imprim\u00e9 ou un motif de votre choix, une fonctionnalit\u00e9 particuli\u00e8rement s\u00e9duisante pour les bureaux, les h\u00f4tels et d&rsquo;autres projets priv\u00e9s. Cette personnalisation am\u00e9liore non seulement l&rsquo;attrait visuel, mais vous permet \u00e9galement d&rsquo;harmoniser votre mobilier de mani\u00e8re transparente avec le concept global de design de votre espace.<\/p>\n<p>En conclusion, la gamme de tables hybrides transformables en billard FusionTables \u00ab\u00a0Crystal Mirage\u00a0\u00bb repr\u00e9sente l&rsquo;engagement d&rsquo;une marque envers l&rsquo;innovation et l&rsquo;excellence en design. Avec le verre tremp\u00e9 s\u00e9curis\u00e9 de 8 mm, la vari\u00e9t\u00e9 de finitions et l&rsquo;option de personnalisation, ces panneaux offrent un m\u00e9lange parfait d&rsquo;aspects et de fonctions. Rehaussez votre environnement avec la collection de billards transformables\u00a0Crystal Mirage, l\u00e0 o\u00f9 l&rsquo;\u00e9l\u00e9gance rencontre des possibilit\u00e9s illimit\u00e9es.<br \/>\n<img loading=\"lazy\" decoding=\"async\" class=\" size-full wp-image-977\" src=\"https:\/\/www.fusiontables.com\/wp-content\/uploads\/2019\/11\/glass-3-564.jpg\" alt=\"glass 3\" width=\"1000\" height=\"667\" data-align=\"center\" data-entity-type=\"file\" data-entity-uuid=\"b188604f-576a-40a3-9ce9-299a66052129\" srcset=\"https:\/\/www.fusiontables.com\/wp-content\/uploads\/2019\/11\/glass-3-564.jpg 1000w, https:\/\/www.fusiontables.com\/wp-content\/uploads\/2019\/11\/glass-3-564-300x200.jpg 300w, https:\/\/www.fusiontables.com\/wp-content\/uploads\/2019\/11\/glass-3-564-768x512.jpg 768w\" sizes=\"(max-width: 1000px) 100vw, 1000px\" \/><\/p>\n","protected":false},"excerpt":{"rendered":"<p>Notre gamme de tables convertibles \u00ab\u00a0Crystal Mirage\u00a0\u00bb, l\u00e0 o\u00f9 l&rsquo;innovation rencontre l&rsquo;\u00e9l\u00e9gance dans le domaine des panneaux de meuble en verre tremp\u00e9. Fabriqu\u00e9s avec pr\u00e9cision et con\u00e7us pour rehausser n&rsquo;importe quel espace, ces panneaux \u00e9l\u00e9gants et sophistiqu\u00e9s red\u00e9finissent le concept de mobilier contemporain. Au c\u0153ur de la collection de tables transformables Crystal Mirage se trouve [&hellip;]<\/p>\n","protected":false},"author":2,"featured_media":959,"parent":0,"menu_order":0,"comment_status":"closed","ping_status":"closed","template":"","meta":{"_acf_changed":false,"footnotes":""},"class_list":["post-986","page","type-page","status-publish","has-post-thumbnail","hentry"],"acf":[],"yoast_head":"<!-- This site is optimized with the Yoast SEO plugin v27.4 - https:\/\/yoast.com\/product\/yoast-seo-wordpress\/ -->\n<title>Billard transformable Crystal Mirage - Fusion Tables<\/title>\n<meta name=\"robots\" content=\"index, follow, max-snippet:-1, max-image-preview:large, max-video-preview:-1\" \/>\n<link rel=\"canonical\" href=\"https:\/\/www.fusiontables.com\/fr\/billard-transformable-crystal-mirage\/\" \/>\n<meta property=\"og:locale\" content=\"fr_FR\" \/>\n<meta property=\"og:type\" content=\"article\" \/>\n<meta property=\"og:title\" content=\"Billard transformable Crystal Mirage - Fusion Tables\" \/>\n<meta property=\"og:description\" content=\"Notre gamme de tables convertibles \u00ab\u00a0Crystal Mirage\u00a0\u00bb, l\u00e0 o\u00f9 l&rsquo;innovation rencontre l&rsquo;\u00e9l\u00e9gance dans le domaine des panneaux de meuble en verre tremp\u00e9. Fabriqu\u00e9s avec pr\u00e9cision et con\u00e7us pour rehausser n&rsquo;importe quel espace, ces panneaux \u00e9l\u00e9gants et sophistiqu\u00e9s red\u00e9finissent le concept de mobilier contemporain. Au c\u0153ur de la collection de tables transformables Crystal Mirage se trouve [&hellip;]\" \/>\n<meta property=\"og:url\" content=\"https:\/\/www.fusiontables.com\/fr\/billard-transformable-crystal-mirage\/\" \/>\n<meta property=\"og:site_name\" content=\"Fusion Tables\" \/>\n<meta property=\"article:modified_time\" content=\"2025-02-11T08:37:42+00:00\" \/>\n<meta property=\"og:image\" content=\"https:\/\/www.fusiontables.com\/wp-content\/uploads\/2019\/11\/black2000-bb0.jpg\" \/>\n\t<meta property=\"og:image:width\" content=\"1000\" \/>\n\t<meta property=\"og:image:height\" content=\"667\" \/>\n\t<meta property=\"og:image:type\" content=\"image\/jpeg\" \/>\n<meta name=\"twitter:card\" content=\"summary_large_image\" \/>\n<meta name=\"twitter:label1\" content=\"Dur\u00e9e de lecture estim\u00e9e\" \/>\n\t<meta name=\"twitter:data1\" content=\"4 minutes\" \/>\n<script type=\"application\/ld+json\" class=\"yoast-schema-graph\">{\"@context\":\"https:\\\/\\\/schema.org\",\"@graph\":[{\"@type\":\"WebPage\",\"@id\":\"https:\\\/\\\/www.fusiontables.com\\\/fr\\\/billard-transformable-crystal-mirage\\\/\",\"url\":\"https:\\\/\\\/www.fusiontables.com\\\/fr\\\/billard-transformable-crystal-mirage\\\/\",\"name\":\"Billard transformable Crystal Mirage - Fusion Tables\",\"isPartOf\":{\"@id\":\"https:\\\/\\\/www.fusiontables.com\\\/fr\\\/#website\"},\"primaryImageOfPage\":{\"@id\":\"https:\\\/\\\/www.fusiontables.com\\\/fr\\\/billard-transformable-crystal-mirage\\\/#primaryimage\"},\"image\":{\"@id\":\"https:\\\/\\\/www.fusiontables.com\\\/fr\\\/billard-transformable-crystal-mirage\\\/#primaryimage\"},\"thumbnailUrl\":\"https:\\\/\\\/www.fusiontables.com\\\/wp-content\\\/uploads\\\/2019\\\/11\\\/black2000-bb0.jpg\",\"datePublished\":\"2019-11-22T10:43:15+00:00\",\"dateModified\":\"2025-02-11T08:37:42+00:00\",\"breadcrumb\":{\"@id\":\"https:\\\/\\\/www.fusiontables.com\\\/fr\\\/billard-transformable-crystal-mirage\\\/#breadcrumb\"},\"inLanguage\":\"fr-FR\",\"potentialAction\":[{\"@type\":\"ReadAction\",\"target\":[\"https:\\\/\\\/www.fusiontables.com\\\/fr\\\/billard-transformable-crystal-mirage\\\/\"]}]},{\"@type\":\"ImageObject\",\"inLanguage\":\"fr-FR\",\"@id\":\"https:\\\/\\\/www.fusiontables.com\\\/fr\\\/billard-transformable-crystal-mirage\\\/#primaryimage\",\"url\":\"https:\\\/\\\/www.fusiontables.com\\\/wp-content\\\/uploads\\\/2019\\\/11\\\/black2000-bb0.jpg\",\"contentUrl\":\"https:\\\/\\\/www.fusiontables.com\\\/wp-content\\\/uploads\\\/2019\\\/11\\\/black2000-bb0.jpg\",\"width\":1000,\"height\":667,\"caption\":\"black label\"},{\"@type\":\"BreadcrumbList\",\"@id\":\"https:\\\/\\\/www.fusiontables.com\\\/fr\\\/billard-transformable-crystal-mirage\\\/#breadcrumb\",\"itemListElement\":[{\"@type\":\"ListItem\",\"position\":1,\"name\":\"Accueil\",\"item\":\"https:\\\/\\\/www.fusiontables.com\\\/fr\\\/\"},{\"@type\":\"ListItem\",\"position\":2,\"name\":\"Billard transformable Crystal Mirage\"}]},{\"@type\":\"WebSite\",\"@id\":\"https:\\\/\\\/www.fusiontables.com\\\/fr\\\/#website\",\"url\":\"https:\\\/\\\/www.fusiontables.com\\\/fr\\\/\",\"name\":\"Fusion Tables\",\"description\":\"\",\"publisher\":{\"@id\":\"https:\\\/\\\/www.fusiontables.com\\\/fr\\\/#organization\"},\"potentialAction\":[{\"@type\":\"SearchAction\",\"target\":{\"@type\":\"EntryPoint\",\"urlTemplate\":\"https:\\\/\\\/www.fusiontables.com\\\/fr\\\/?s={search_term_string}\"},\"query-input\":{\"@type\":\"PropertyValueSpecification\",\"valueRequired\":true,\"valueName\":\"search_term_string\"}}],\"inLanguage\":\"fr-FR\"},{\"@type\":\"Organization\",\"@id\":\"https:\\\/\\\/www.fusiontables.com\\\/fr\\\/#organization\",\"name\":\"Fusion Tables\",\"url\":\"https:\\\/\\\/www.fusiontables.com\\\/fr\\\/\",\"logo\":{\"@type\":\"ImageObject\",\"inLanguage\":\"fr-FR\",\"@id\":\"https:\\\/\\\/www.fusiontables.com\\\/fr\\\/#\\\/schema\\\/logo\\\/image\\\/\",\"url\":\"https:\\\/\\\/www.fusiontables.com\\\/wp-content\\\/uploads\\\/2024\\\/11\\\/Fusiontables-Logo.png\",\"contentUrl\":\"https:\\\/\\\/www.fusiontables.com\\\/wp-content\\\/uploads\\\/2024\\\/11\\\/Fusiontables-Logo.png\",\"width\":514,\"height\":119,\"caption\":\"Fusion Tables\"},\"image\":{\"@id\":\"https:\\\/\\\/www.fusiontables.com\\\/fr\\\/#\\\/schema\\\/logo\\\/image\\\/\"}}]}<\/script>\n<!-- \/ Yoast SEO plugin. -->","yoast_head_json":{"title":"Billard transformable Crystal Mirage - Fusion Tables","robots":{"index":"index","follow":"follow","max-snippet":"max-snippet:-1","max-image-preview":"max-image-preview:large","max-video-preview":"max-video-preview:-1"},"canonical":"https:\/\/www.fusiontables.com\/fr\/billard-transformable-crystal-mirage\/","og_locale":"fr_FR","og_type":"article","og_title":"Billard transformable Crystal Mirage - Fusion Tables","og_description":"Notre gamme de tables convertibles \u00ab\u00a0Crystal Mirage\u00a0\u00bb, l\u00e0 o\u00f9 l&rsquo;innovation rencontre l&rsquo;\u00e9l\u00e9gance dans le domaine des panneaux de meuble en verre tremp\u00e9. Fabriqu\u00e9s avec pr\u00e9cision et con\u00e7us pour rehausser n&rsquo;importe quel espace, ces panneaux \u00e9l\u00e9gants et sophistiqu\u00e9s red\u00e9finissent le concept de mobilier contemporain. Au c\u0153ur de la collection de tables transformables Crystal Mirage se trouve [&hellip;]","og_url":"https:\/\/www.fusiontables.com\/fr\/billard-transformable-crystal-mirage\/","og_site_name":"Fusion Tables","article_modified_time":"2025-02-11T08:37:42+00:00","og_image":[{"width":1000,"height":667,"url":"https:\/\/www.fusiontables.com\/wp-content\/uploads\/2019\/11\/black2000-bb0.jpg","type":"image\/jpeg"}],"twitter_card":"summary_large_image","twitter_misc":{"Dur\u00e9e de lecture estim\u00e9e":"4 minutes"},"schema":{"@context":"https:\/\/schema.org","@graph":[{"@type":"WebPage","@id":"https:\/\/www.fusiontables.com\/fr\/billard-transformable-crystal-mirage\/","url":"https:\/\/www.fusiontables.com\/fr\/billard-transformable-crystal-mirage\/","name":"Billard transformable Crystal Mirage - Fusion Tables","isPartOf":{"@id":"https:\/\/www.fusiontables.com\/fr\/#website"},"primaryImageOfPage":{"@id":"https:\/\/www.fusiontables.com\/fr\/billard-transformable-crystal-mirage\/#primaryimage"},"image":{"@id":"https:\/\/www.fusiontables.com\/fr\/billard-transformable-crystal-mirage\/#primaryimage"},"thumbnailUrl":"https:\/\/www.fusiontables.com\/wp-content\/uploads\/2019\/11\/black2000-bb0.jpg","datePublished":"2019-11-22T10:43:15+00:00","dateModified":"2025-02-11T08:37:42+00:00","breadcrumb":{"@id":"https:\/\/www.fusiontables.com\/fr\/billard-transformable-crystal-mirage\/#breadcrumb"},"inLanguage":"fr-FR","potentialAction":[{"@type":"ReadAction","target":["https:\/\/www.fusiontables.com\/fr\/billard-transformable-crystal-mirage\/"]}]},{"@type":"ImageObject","inLanguage":"fr-FR","@id":"https:\/\/www.fusiontables.com\/fr\/billard-transformable-crystal-mirage\/#primaryimage","url":"https:\/\/www.fusiontables.com\/wp-content\/uploads\/2019\/11\/black2000-bb0.jpg","contentUrl":"https:\/\/www.fusiontables.com\/wp-content\/uploads\/2019\/11\/black2000-bb0.jpg","width":1000,"height":667,"caption":"black label"},{"@type":"BreadcrumbList","@id":"https:\/\/www.fusiontables.com\/fr\/billard-transformable-crystal-mirage\/#breadcrumb","itemListElement":[{"@type":"ListItem","position":1,"name":"Accueil","item":"https:\/\/www.fusiontables.com\/fr\/"},{"@type":"ListItem","position":2,"name":"Billard transformable Crystal Mirage"}]},{"@type":"WebSite","@id":"https:\/\/www.fusiontables.com\/fr\/#website","url":"https:\/\/www.fusiontables.com\/fr\/","name":"Fusion Tables","description":"","publisher":{"@id":"https:\/\/www.fusiontables.com\/fr\/#organization"},"potentialAction":[{"@type":"SearchAction","target":{"@type":"EntryPoint","urlTemplate":"https:\/\/www.fusiontables.com\/fr\/?s={search_term_string}"},"query-input":{"@type":"PropertyValueSpecification","valueRequired":true,"valueName":"search_term_string"}}],"inLanguage":"fr-FR"},{"@type":"Organization","@id":"https:\/\/www.fusiontables.com\/fr\/#organization","name":"Fusion Tables","url":"https:\/\/www.fusiontables.com\/fr\/","logo":{"@type":"ImageObject","inLanguage":"fr-FR","@id":"https:\/\/www.fusiontables.com\/fr\/#\/schema\/logo\/image\/","url":"https:\/\/www.fusiontables.com\/wp-content\/uploads\/2024\/11\/Fusiontables-Logo.png","contentUrl":"https:\/\/www.fusiontables.com\/wp-content\/uploads\/2024\/11\/Fusiontables-Logo.png","width":514,"height":119,"caption":"Fusion Tables"},"image":{"@id":"https:\/\/www.fusiontables.com\/fr\/#\/schema\/logo\/image\/"}}]}},"_links":{"self":[{"href":"https:\/\/www.fusiontables.com\/fr\/wp-json\/wp\/v2\/pages\/986","targetHints":{"allow":["GET"]}}],"collection":[{"href":"https:\/\/www.fusiontables.com\/fr\/wp-json\/wp\/v2\/pages"}],"about":[{"href":"https:\/\/www.fusiontables.com\/fr\/wp-json\/wp\/v2\/types\/page"}],"author":[{"embeddable":true,"href":"https:\/\/www.fusiontables.com\/fr\/wp-json\/wp\/v2\/users\/2"}],"replies":[{"embeddable":true,"href":"https:\/\/www.fusiontables.com\/fr\/wp-json\/wp\/v2\/comments?post=986"}],"version-history":[{"count":1,"href":"https:\/\/www.fusiontables.com\/fr\/wp-json\/wp\/v2\/pages\/986\/revisions"}],"predecessor-version":[{"id":4080,"href":"https:\/\/www.fusiontables.com\/fr\/wp-json\/wp\/v2\/pages\/986\/revisions\/4080"}],"wp:featuredmedia":[{"embeddable":true,"href":"https:\/\/www.fusiontables.com\/fr\/wp-json\/wp\/v2\/media\/959"}],"wp:attachment":[{"href":"https:\/\/www.fusiontables.com\/fr\/wp-json\/wp\/v2\/media?parent=986"}],"curies":[{"name":"wp","href":"https:\/\/api.w.org\/{rel}","templated":true}]}}