{"id":210,"date":"2018-05-14T17:36:53","date_gmt":"2018-05-14T15:36:53","guid":{"rendered":"https:\/\/www.fusiontables.com\/dallidea-al-concetto\/"},"modified":"2025-02-04T10:26:36","modified_gmt":"2025-02-04T09:26:36","slug":"dallidea-al-concetto","status":"publish","type":"page","link":"https:\/\/www.fusiontables.com\/it\/dallidea-al-concetto\/","title":{"rendered":"Dall&#8217;idea al concetto"},"content":{"rendered":"<p>Con sede a Callenelle, in Belgio, Saluc \u00e8 leader mondiale nella produzione di <a href=\"https:\/\/www.aramith.com\">palle da biliardo<\/a> di alta qualit\u00e0 sotto il marchio globale di fascia alta <a href=\"https:\/\/www.aramith.com\">ARAMITH\u00ae<\/a>. Saluc \u00e8 conosciuta in tutto il mondo per la sua creativit\u00e0, flessibilit\u00e0 e know-how tecnico nella realizzazione dei biliardi ed ha una qualit\u00e0 unica: sa intrattenere.<\/p>\n<p><img fetchpriority=\"high\" decoding=\"async\" class=\" size-full wp-image-188\" src=\"https:\/\/www.fusiontables.com\/wp-content\/uploads\/2018\/05\/story2-1b7.png\" alt=\"Saluc\" width=\"1140\" height=\"560\" data-align=\"center\" data-entity-type=\"file\" data-entity-uuid=\"3047152e-fc78-458d-98e8-cbbda1dc3380\" srcset=\"https:\/\/www.fusiontables.com\/wp-content\/uploads\/2018\/05\/story2-1b7.png 1140w, https:\/\/www.fusiontables.com\/wp-content\/uploads\/2018\/05\/story2-1b7-300x147.png 300w, https:\/\/www.fusiontables.com\/wp-content\/uploads\/2018\/05\/story2-1b7-1024x503.png 1024w, https:\/\/www.fusiontables.com\/wp-content\/uploads\/2018\/05\/story2-1b7-768x377.png 768w\" sizes=\"(max-width: 1140px) 100vw, 1140px\" \/><\/p>\n<p>Gli amanti del biliardo sono spesso anche appassionati di mobili e decorazioni moderne e contemporanee. Per molto tempo, tuttavia, gli appassionati di design appassionati di biliardo non hanno mai trovato il tavolo che stavano cercando: un tavolo da biliardo con un design contemporaneo elegante con belle <strong><a href=\"https:\/\/www.fusiontables.com\/it\/finiture-laccate\/\">finiture laccate<\/a><\/strong> ed <strong><a href=\"https:\/\/www.fusiontables.com\/it\/finiture-in-legno\/\">in legno<\/a><\/strong>.<\/p>\n<p>Nel 1997, il nostro team di designer ha sviluppato un nuovo concetto rivoluzionario di tavolo: <strong><a href=\"https:\/\/www.fusiontables.com\/it\/tavoli-da-biliardo-convertibili\/\">un tavolo da pranzo e tavolo da biliardo in un unico e solo tavolo<\/a><\/strong>, il tutto in un design moderno e minimale. A differenza dei tradizionali tavoli in legno, imponenti, di solito presenti tra i produttori di biliardi. Sono inoltre riusciti a progettare un tavolo da pranzo \/ biliardo che soddisfa anche chi vive con il giocatore di biliardo. Fusiontable \u00e8 il risultato di diversi mesi di osservazione delle tendenze, brainstorming, progressi tecnologici e test di prototipi in collaborazione con i produttori di tavoli da biliardo tradizionali.<\/p>\n<p><img decoding=\"async\" class=\" size-full wp-image-194\" src=\"https:\/\/www.fusiontables.com\/wp-content\/uploads\/2018\/05\/story1-5cd.png\" alt=\"story\" width=\"1140\" height=\"560\" data-align=\"center\" data-entity-type=\"file\" data-entity-uuid=\"9c7056d2-9576-416f-a5fa-62f9fef8eb4c\" srcset=\"https:\/\/www.fusiontables.com\/wp-content\/uploads\/2018\/05\/story1-5cd.png 1140w, https:\/\/www.fusiontables.com\/wp-content\/uploads\/2018\/05\/story1-5cd-300x147.png 300w, https:\/\/www.fusiontables.com\/wp-content\/uploads\/2018\/05\/story1-5cd-1024x503.png 1024w, https:\/\/www.fusiontables.com\/wp-content\/uploads\/2018\/05\/story1-5cd-768x377.png 768w\" sizes=\"(max-width: 1140px) 100vw, 1140px\" \/><\/p>\n<p>Un intero team di designer e ingegneri belgi di Saluc ha deciso di realizzare questo sogno a un prezzo accessibile. La loro visione era quella di progettare un unico tavolo da pranzo \/ biliardo con proporzioni perfette in termini di orizzontalit\u00e0, precisione, eleganza e raffinatezza. Allo stesso tempo, hanno anche introdotto diverse innovazioni tecnologiche per risolvere alcuni dei problemi residui: hanno eliminato il quinto piede al centro del tavolo, cos\u00ec come il raccoglitore di palle sotto il tavolo, hanno eliminato la tradizionale pietra naturale a 3 pezzi, hanno rimosso le tasche appese e tutto ci\u00f2 che non era &#8220;moderno&#8221; al fine di ottenere un tavolo con un design contemporaneo e lineare. Hanno progettato il <a href=\"https:\/\/www.fusiontables.com\/it\/tavolo-da-biliardo-transformabile-di-qualita\/#el\"><strong>sistema Easy Lift<\/strong><\/a> per eliminare la differenza di altezza tra il tavolo da pranzo e il tavolo da biliardo, hanno optato per linee pulite e nuovi materiali come il <strong><a href=\"https:\/\/www.fusiontables.com\/it\/tavolo-biliardo-trasformabile-legno-e-metallo\/\">metallo<\/a><\/strong>, ma anche materiali nobili come <a href=\"https:\/\/www.fusiontables.com\/it\/finiture-in-legno\/\"><strong>legno impiallacciato<\/strong><\/a> e <a href=\"https:\/\/www.fusiontables.com\/it\/rock-reverso-2\/\"><strong>pietra naturale<\/strong><\/a>, offrendo al tavolo un aspetto elegante e lussuoso pur rimanendo molto semplice e sobrio.<\/p>\n<p>Quando questo rivoluzionario tavolo da pranzo \/ biliardo \u00e8 stato presentato per la prima volta nei pi\u00f9 grandi saloni del mondo, molti clienti hanno voluto ordinare mobili aggiuntivi per completare la loro sala da pranzo &#8211; la collezione Fusiontables \u00e8 nata. \u00a0<strong><a href=\"https:\/\/www.fusiontables.com\/it\/chairs-2\/\">Sedie<\/a><\/strong>, <a href=\"https:\/\/www.fusiontables.com\/it\/panche-e-sgabelli\/\"><strong>sgabelli, panche<\/strong><\/a>, <a href=\"https:\/\/www.fusiontables.com\/it\/sistemi-di-illuminazione\/\"><strong>illuminazione<\/strong><\/a>\u00a0fanno ora parte della gamma Fusiontables per consentire ai clienti di portare una dimensione completamente nuova nella loro sala da pranzo.<br \/>\n<img decoding=\"async\" class=\" size-full wp-image-200\" src=\"https:\/\/www.fusiontables.com\/wp-content\/uploads\/2018\/05\/story6-eef.png\" alt=\"story6\" width=\"1140\" height=\"560\" data-align=\"center\" data-entity-type=\"file\" data-entity-uuid=\"ab1da197-f89b-4520-8e3d-b3d44cc9aacf\" srcset=\"https:\/\/www.fusiontables.com\/wp-content\/uploads\/2018\/05\/story6-eef.png 1140w, https:\/\/www.fusiontables.com\/wp-content\/uploads\/2018\/05\/story6-eef-300x147.png 300w, https:\/\/www.fusiontables.com\/wp-content\/uploads\/2018\/05\/story6-eef-1024x503.png 1024w, https:\/\/www.fusiontables.com\/wp-content\/uploads\/2018\/05\/story6-eef-768x377.png 768w\" sizes=\"(max-width: 1140px) 100vw, 1140px\" \/><\/p>\n<p>In un mondo che trabocca di prodotti di breve durata che seguono tendenze sempre pi\u00f9 volatili, i consumatori ancora una volta reclamano un ruolo centrale e si aspettano che i propri interni si adattino al proprio stile di vita. L&#8217;utente moderno \u00e8 alla ricerca pi\u00f9 che mai di prodotti con una forte identit\u00e0 a cui pu\u00f2 fare riferimento. Fusiontables offre una nuova visione di come pu\u00f2 essere il design in questo contesto moderno.<\/p>\n<p><strong><a href=\"https:\/\/www.fusiontables.com\/it\/tavoli-da-biliardo-convertibili\/\">Pi\u00f9 che un semplice tavolo da pranzo e da biliardo<\/a><\/strong>, questo concetto unico e distintivo diventa anche una soluzione di disposizione per molti amanti del biliardo e architetti d\u2019interni. Riunisce persone di tutte le generazioni intorno a un momento sportivo, festaiolo o piacevole. \u00c8 anche un oggetto di fascia alta unico, originale e senza tempo che rimarr\u00e0 il fulcro della tua casa per lungo tempo. Progettato per intrattenere, il tavolo Fusion ha esattamente quello che serve per creare momenti fantastici e indimenticabili per voi, la vostra famiglia o i vostri ospiti, il tutto in un ambiente decisamente contemporaneo.<\/p>\n","protected":false},"excerpt":{"rendered":"<p>Con sede a Callenelle, in Belgio, Saluc \u00e8 leader mondiale nella produzione di palle da biliardo di alta qualit\u00e0 sotto il marchio globale di fascia alta ARAMITH\u00ae. Saluc \u00e8 conosciuta in tutto il mondo per la sua creativit\u00e0, flessibilit\u00e0 e know-how tecnico nella realizzazione dei biliardi ed ha una qualit\u00e0 unica: sa intrattenere. Gli amanti [&hellip;]<\/p>\n","protected":false},"author":1,"featured_media":188,"parent":0,"menu_order":0,"comment_status":"closed","ping_status":"closed","template":"","meta":{"_acf_changed":false,"footnotes":""},"class_list":["post-210","page","type-page","status-publish","has-post-thumbnail","hentry"],"acf":[],"yoast_head":"<!-- This site is optimized with the Yoast SEO plugin v27.4 - https:\/\/yoast.com\/product\/yoast-seo-wordpress\/ -->\n<title>Dall&#039;idea al concetto - Fusion Tables<\/title>\n<meta name=\"robots\" content=\"index, follow, max-snippet:-1, max-image-preview:large, max-video-preview:-1\" \/>\n<link rel=\"canonical\" href=\"https:\/\/www.fusiontables.com\/it\/dallidea-al-concetto\/\" \/>\n<meta property=\"og:locale\" content=\"it_IT\" \/>\n<meta property=\"og:type\" content=\"article\" \/>\n<meta property=\"og:title\" content=\"Dall&#039;idea al concetto - Fusion Tables\" \/>\n<meta property=\"og:description\" content=\"Con sede a Callenelle, in Belgio, Saluc \u00e8 leader mondiale nella produzione di palle da biliardo di alta qualit\u00e0 sotto il marchio globale di fascia alta ARAMITH\u00ae. Saluc \u00e8 conosciuta in tutto il mondo per la sua creativit\u00e0, flessibilit\u00e0 e know-how tecnico nella realizzazione dei biliardi ed ha una qualit\u00e0 unica: sa intrattenere. Gli amanti [&hellip;]\" \/>\n<meta property=\"og:url\" content=\"https:\/\/www.fusiontables.com\/it\/dallidea-al-concetto\/\" \/>\n<meta property=\"og:site_name\" content=\"Fusion Tables\" \/>\n<meta property=\"article:modified_time\" content=\"2025-02-04T09:26:36+00:00\" \/>\n<meta property=\"og:image\" content=\"https:\/\/www.fusiontables.com\/wp-content\/uploads\/2018\/05\/story2-1b7.png\" \/>\n\t<meta property=\"og:image:width\" content=\"1140\" \/>\n\t<meta property=\"og:image:height\" content=\"560\" \/>\n\t<meta property=\"og:image:type\" content=\"image\/png\" \/>\n<meta name=\"twitter:card\" content=\"summary_large_image\" \/>\n<meta name=\"twitter:label1\" content=\"Tempo di lettura stimato\" \/>\n\t<meta name=\"twitter:data1\" content=\"4 minuti\" \/>\n<script type=\"application\/ld+json\" class=\"yoast-schema-graph\">{\"@context\":\"https:\\\/\\\/schema.org\",\"@graph\":[{\"@type\":\"WebPage\",\"@id\":\"https:\\\/\\\/www.fusiontables.com\\\/it\\\/dallidea-al-concetto\\\/\",\"url\":\"https:\\\/\\\/www.fusiontables.com\\\/it\\\/dallidea-al-concetto\\\/\",\"name\":\"Dall'idea al concetto - Fusion Tables\",\"isPartOf\":{\"@id\":\"https:\\\/\\\/www.fusiontables.com\\\/it\\\/#website\"},\"primaryImageOfPage\":{\"@id\":\"https:\\\/\\\/www.fusiontables.com\\\/it\\\/dallidea-al-concetto\\\/#primaryimage\"},\"image\":{\"@id\":\"https:\\\/\\\/www.fusiontables.com\\\/it\\\/dallidea-al-concetto\\\/#primaryimage\"},\"thumbnailUrl\":\"https:\\\/\\\/www.fusiontables.com\\\/wp-content\\\/uploads\\\/2018\\\/05\\\/story2-1b7.png\",\"datePublished\":\"2018-05-14T15:36:53+00:00\",\"dateModified\":\"2025-02-04T09:26:36+00:00\",\"breadcrumb\":{\"@id\":\"https:\\\/\\\/www.fusiontables.com\\\/it\\\/dallidea-al-concetto\\\/#breadcrumb\"},\"inLanguage\":\"it-IT\",\"potentialAction\":[{\"@type\":\"ReadAction\",\"target\":[\"https:\\\/\\\/www.fusiontables.com\\\/it\\\/dallidea-al-concetto\\\/\"]}]},{\"@type\":\"ImageObject\",\"inLanguage\":\"it-IT\",\"@id\":\"https:\\\/\\\/www.fusiontables.com\\\/it\\\/dallidea-al-concetto\\\/#primaryimage\",\"url\":\"https:\\\/\\\/www.fusiontables.com\\\/wp-content\\\/uploads\\\/2018\\\/05\\\/story2-1b7.png\",\"contentUrl\":\"https:\\\/\\\/www.fusiontables.com\\\/wp-content\\\/uploads\\\/2018\\\/05\\\/story2-1b7.png\",\"width\":1140,\"height\":560,\"caption\":\"Saluc\"},{\"@type\":\"BreadcrumbList\",\"@id\":\"https:\\\/\\\/www.fusiontables.com\\\/it\\\/dallidea-al-concetto\\\/#breadcrumb\",\"itemListElement\":[{\"@type\":\"ListItem\",\"position\":1,\"name\":\"Home\",\"item\":\"https:\\\/\\\/www.fusiontables.com\\\/it\\\/\"},{\"@type\":\"ListItem\",\"position\":2,\"name\":\"Dall&#8217;idea al concetto\"}]},{\"@type\":\"WebSite\",\"@id\":\"https:\\\/\\\/www.fusiontables.com\\\/it\\\/#website\",\"url\":\"https:\\\/\\\/www.fusiontables.com\\\/it\\\/\",\"name\":\"Fusion Tables\",\"description\":\"\",\"publisher\":{\"@id\":\"https:\\\/\\\/www.fusiontables.com\\\/it\\\/#organization\"},\"potentialAction\":[{\"@type\":\"SearchAction\",\"target\":{\"@type\":\"EntryPoint\",\"urlTemplate\":\"https:\\\/\\\/www.fusiontables.com\\\/it\\\/?s={search_term_string}\"},\"query-input\":{\"@type\":\"PropertyValueSpecification\",\"valueRequired\":true,\"valueName\":\"search_term_string\"}}],\"inLanguage\":\"it-IT\"},{\"@type\":\"Organization\",\"@id\":\"https:\\\/\\\/www.fusiontables.com\\\/it\\\/#organization\",\"name\":\"Fusion Tables\",\"url\":\"https:\\\/\\\/www.fusiontables.com\\\/it\\\/\",\"logo\":{\"@type\":\"ImageObject\",\"inLanguage\":\"it-IT\",\"@id\":\"https:\\\/\\\/www.fusiontables.com\\\/it\\\/#\\\/schema\\\/logo\\\/image\\\/\",\"url\":\"https:\\\/\\\/www.fusiontables.com\\\/wp-content\\\/uploads\\\/2024\\\/11\\\/Fusiontables-Logo.png\",\"contentUrl\":\"https:\\\/\\\/www.fusiontables.com\\\/wp-content\\\/uploads\\\/2024\\\/11\\\/Fusiontables-Logo.png\",\"width\":514,\"height\":119,\"caption\":\"Fusion Tables\"},\"image\":{\"@id\":\"https:\\\/\\\/www.fusiontables.com\\\/it\\\/#\\\/schema\\\/logo\\\/image\\\/\"}}]}<\/script>\n<!-- \/ Yoast SEO plugin. -->","yoast_head_json":{"title":"Dall'idea al concetto - Fusion Tables","robots":{"index":"index","follow":"follow","max-snippet":"max-snippet:-1","max-image-preview":"max-image-preview:large","max-video-preview":"max-video-preview:-1"},"canonical":"https:\/\/www.fusiontables.com\/it\/dallidea-al-concetto\/","og_locale":"it_IT","og_type":"article","og_title":"Dall'idea al concetto - Fusion Tables","og_description":"Con sede a Callenelle, in Belgio, Saluc \u00e8 leader mondiale nella produzione di palle da biliardo di alta qualit\u00e0 sotto il marchio globale di fascia alta ARAMITH\u00ae. Saluc \u00e8 conosciuta in tutto il mondo per la sua creativit\u00e0, flessibilit\u00e0 e know-how tecnico nella realizzazione dei biliardi ed ha una qualit\u00e0 unica: sa intrattenere. Gli amanti [&hellip;]","og_url":"https:\/\/www.fusiontables.com\/it\/dallidea-al-concetto\/","og_site_name":"Fusion Tables","article_modified_time":"2025-02-04T09:26:36+00:00","og_image":[{"width":1140,"height":560,"url":"https:\/\/www.fusiontables.com\/wp-content\/uploads\/2018\/05\/story2-1b7.png","type":"image\/png"}],"twitter_card":"summary_large_image","twitter_misc":{"Tempo di lettura stimato":"4 minuti"},"schema":{"@context":"https:\/\/schema.org","@graph":[{"@type":"WebPage","@id":"https:\/\/www.fusiontables.com\/it\/dallidea-al-concetto\/","url":"https:\/\/www.fusiontables.com\/it\/dallidea-al-concetto\/","name":"Dall'idea al concetto - Fusion Tables","isPartOf":{"@id":"https:\/\/www.fusiontables.com\/it\/#website"},"primaryImageOfPage":{"@id":"https:\/\/www.fusiontables.com\/it\/dallidea-al-concetto\/#primaryimage"},"image":{"@id":"https:\/\/www.fusiontables.com\/it\/dallidea-al-concetto\/#primaryimage"},"thumbnailUrl":"https:\/\/www.fusiontables.com\/wp-content\/uploads\/2018\/05\/story2-1b7.png","datePublished":"2018-05-14T15:36:53+00:00","dateModified":"2025-02-04T09:26:36+00:00","breadcrumb":{"@id":"https:\/\/www.fusiontables.com\/it\/dallidea-al-concetto\/#breadcrumb"},"inLanguage":"it-IT","potentialAction":[{"@type":"ReadAction","target":["https:\/\/www.fusiontables.com\/it\/dallidea-al-concetto\/"]}]},{"@type":"ImageObject","inLanguage":"it-IT","@id":"https:\/\/www.fusiontables.com\/it\/dallidea-al-concetto\/#primaryimage","url":"https:\/\/www.fusiontables.com\/wp-content\/uploads\/2018\/05\/story2-1b7.png","contentUrl":"https:\/\/www.fusiontables.com\/wp-content\/uploads\/2018\/05\/story2-1b7.png","width":1140,"height":560,"caption":"Saluc"},{"@type":"BreadcrumbList","@id":"https:\/\/www.fusiontables.com\/it\/dallidea-al-concetto\/#breadcrumb","itemListElement":[{"@type":"ListItem","position":1,"name":"Home","item":"https:\/\/www.fusiontables.com\/it\/"},{"@type":"ListItem","position":2,"name":"Dall&#8217;idea al concetto"}]},{"@type":"WebSite","@id":"https:\/\/www.fusiontables.com\/it\/#website","url":"https:\/\/www.fusiontables.com\/it\/","name":"Fusion Tables","description":"","publisher":{"@id":"https:\/\/www.fusiontables.com\/it\/#organization"},"potentialAction":[{"@type":"SearchAction","target":{"@type":"EntryPoint","urlTemplate":"https:\/\/www.fusiontables.com\/it\/?s={search_term_string}"},"query-input":{"@type":"PropertyValueSpecification","valueRequired":true,"valueName":"search_term_string"}}],"inLanguage":"it-IT"},{"@type":"Organization","@id":"https:\/\/www.fusiontables.com\/it\/#organization","name":"Fusion Tables","url":"https:\/\/www.fusiontables.com\/it\/","logo":{"@type":"ImageObject","inLanguage":"it-IT","@id":"https:\/\/www.fusiontables.com\/it\/#\/schema\/logo\/image\/","url":"https:\/\/www.fusiontables.com\/wp-content\/uploads\/2024\/11\/Fusiontables-Logo.png","contentUrl":"https:\/\/www.fusiontables.com\/wp-content\/uploads\/2024\/11\/Fusiontables-Logo.png","width":514,"height":119,"caption":"Fusion Tables"},"image":{"@id":"https:\/\/www.fusiontables.com\/it\/#\/schema\/logo\/image\/"}}]}},"_links":{"self":[{"href":"https:\/\/www.fusiontables.com\/it\/wp-json\/wp\/v2\/pages\/210","targetHints":{"allow":["GET"]}}],"collection":[{"href":"https:\/\/www.fusiontables.com\/it\/wp-json\/wp\/v2\/pages"}],"about":[{"href":"https:\/\/www.fusiontables.com\/it\/wp-json\/wp\/v2\/types\/page"}],"author":[{"embeddable":true,"href":"https:\/\/www.fusiontables.com\/it\/wp-json\/wp\/v2\/users\/1"}],"replies":[{"embeddable":true,"href":"https:\/\/www.fusiontables.com\/it\/wp-json\/wp\/v2\/comments?post=210"}],"version-history":[{"count":1,"href":"https:\/\/www.fusiontables.com\/it\/wp-json\/wp\/v2\/pages\/210\/revisions"}],"predecessor-version":[{"id":3184,"href":"https:\/\/www.fusiontables.com\/it\/wp-json\/wp\/v2\/pages\/210\/revisions\/3184"}],"wp:featuredmedia":[{"embeddable":true,"href":"https:\/\/www.fusiontables.com\/it\/wp-json\/wp\/v2\/media\/188"}],"wp:attachment":[{"href":"https:\/\/www.fusiontables.com\/it\/wp-json\/wp\/v2\/media?parent=210"}],"curies":[{"name":"wp","href":"https:\/\/api.w.org\/{rel}","templated":true}]}}