{"id":2537,"date":"2019-04-04T11:14:55","date_gmt":"2019-04-04T09:14:55","guid":{"rendered":"https:\/\/www.fusiontables.com\/sistemi-di-illuminazione\/"},"modified":"2024-11-25T17:24:16","modified_gmt":"2024-11-25T16:24:16","slug":"sistemi-di-illuminazione","status":"publish","type":"page","link":"https:\/\/www.fusiontables.com\/it\/sistemi-di-illuminazione\/","title":{"rendered":"Sistemi di Illuminazione"},"content":{"rendered":"\t\t<div data-elementor-type=\"wp-page\" data-elementor-id=\"2537\" class=\"elementor elementor-2537 elementor-326\" data-elementor-post-type=\"page\">\n\t\t\t\t<div class=\"elementor-element elementor-element-6f1a6a4 e-flex e-con-boxed e-con e-parent\" data-id=\"6f1a6a4\" data-element_type=\"container\" data-e-type=\"container\">\n\t\t\t\t\t<div class=\"e-con-inner\">\n\t\t\t\t<div class=\"elementor-element elementor-element-0b78dc3 elementor-widget elementor-widget-text-editor\" data-id=\"0b78dc3\" data-element_type=\"widget\" data-e-type=\"widget\" data-widget_type=\"text-editor.default\">\n\t\t\t\t\t\t\t\t\t<p>La luce, carica di simboli, offre un\u2019infinit\u00e0 di atmosfere diverse. Dalla dolce atmosfera per una cena romantica all&#8217;atmosfera confortante di un bambino che si addormenta. La luce \u00e8 in grado di creare un universo unico e personalizzato. I dispositivi di sospensione FUSION creano due atmosfere distinte intorno al tavolo convertibile. Il sistema Fusion LED ti d\u00e0 la possibilit\u00e0 di scegliere tra un&#8217;atmosfera tenue e amichevole durante il pasto e un&#8217;atmosfera pi\u00f9 dinamica inmodalit\u00e0 di gioco per esaltare il nostro <strong><a href=\"https:\/\/www.fusiontables.com\/it\/tavoli-da-biliardo-convertibili\">tavolo da biliardo trasformabile<\/a><\/strong>. I nostri sistyemi d\u2019illuminazione in sospensione sono realizzati a LED bianco caldo con 14 LED bianchi e hanno molti vantaggi. La durata delle lampade a LED \u00e8 pi\u00f9 lunga di quella delle lampadine convenzionali, mentre il loro consumo \u00e8 pi\u00f9 efficiente di quello delle lampadine alogene. Riciclabili, contribuiscono in modo significativo e d ecologico alla rispetto per l\u2019ambiente.      <\/p>\n\t\t\t\t\t\t\t\t<\/div>\n\t\t\t\t<div class=\"elementor-element elementor-element-cebdf29 elementor-view-default elementor-widget elementor-widget-icon\" data-id=\"cebdf29\" data-element_type=\"widget\" data-e-type=\"widget\" data-widget_type=\"icon.default\">\n\t\t\t\t\t\t\t<div class=\"elementor-icon-wrapper\">\n\t\t\t<a class=\"elementor-icon\" href=\"https:\/\/www.fusiontables.com\/wp-content\/uploads\/2024\/11\/Fusion_Led_system_dimensions.pdf\" download=\"Fusion_Led_system_dimensions\">\n\t\t\t<svg aria-hidden=\"true\" class=\"e-font-icon-svg e-fas-file-pdf\" viewBox=\"0 0 384 512\" xmlns=\"http:\/\/www.w3.org\/2000\/svg\"><path d=\"M181.9 256.1c-5-16-4.9-46.9-2-46.9 8.4 0 7.6 36.9 2 46.9zm-1.7 47.2c-7.7 20.2-17.3 43.3-28.4 62.7 18.3-7 39-17.2 62.9-21.9-12.7-9.6-24.9-23.4-34.5-40.8zM86.1 428.1c0 .8 13.2-5.4 34.9-40.2-6.7 6.3-29.1 24.5-34.9 40.2zM248 160h136v328c0 13.3-10.7 24-24 24H24c-13.3 0-24-10.7-24-24V24C0 10.7 10.7 0 24 0h200v136c0 13.2 10.8 24 24 24zm-8 171.8c-20-12.2-33.3-29-42.7-53.8 4.5-18.5 11.6-46.6 6.2-64.2-4.7-29.4-42.4-26.5-47.8-6.8-5 18.3-.4 44.1 8.1 77-11.6 27.6-28.7 64.6-40.8 85.8-.1 0-.1.1-.2.1-27.1 13.9-73.6 44.5-54.5 68 5.6 6.9 16 10 21.5 10 17.9 0 35.7-18 61.1-61.8 25.8-8.5 54.1-19.1 79-23.2 21.7 11.8 47.1 19.5 64 19.5 29.2 0 31.2-32 19.7-43.4-13.9-13.6-54.3-9.7-73.6-7.2zM377 105L279 7c-4.5-4.5-10.6-7-17-7h-6v128h128v-6.1c0-6.3-2.5-12.4-7-16.9zm-74.1 255.3c4.1-2.7-2.5-11.9-42.8-9 37.1 15.8 42.8 9 42.8 9z\"><\/path><\/svg>\t\t\t<\/a>\n\t\t<\/div>\n\t\t\t\t\t\t<\/div>\n\t\t\t\t<div class=\"elementor-element elementor-element-7e4f174 elementor-pagination-type-bullets elementor-arrows-position-inside elementor-pagination-position-outside elementor-widget elementor-widget-loop-carousel\" data-id=\"7e4f174\" data-element_type=\"widget\" data-e-type=\"widget\" data-settings=\"{&quot;template_id&quot;:2395,&quot;slides_to_show&quot;:&quot;1&quot;,&quot;_skin&quot;:&quot;post&quot;,&quot;slides_to_show_tablet&quot;:&quot;2&quot;,&quot;slides_to_show_mobile&quot;:&quot;1&quot;,&quot;slides_to_scroll&quot;:&quot;1&quot;,&quot;edit_handle_selector&quot;:&quot;.elementor-loop-container&quot;,&quot;autoplay&quot;:&quot;yes&quot;,&quot;autoplay_speed&quot;:5000,&quot;pause_on_hover&quot;:&quot;yes&quot;,&quot;pause_on_interaction&quot;:&quot;yes&quot;,&quot;infinite&quot;:&quot;yes&quot;,&quot;speed&quot;:500,&quot;offset_sides&quot;:&quot;none&quot;,&quot;arrows&quot;:&quot;yes&quot;,&quot;pagination&quot;:&quot;bullets&quot;,&quot;image_spacing_custom&quot;:{&quot;unit&quot;:&quot;px&quot;,&quot;size&quot;:10,&quot;sizes&quot;:[]},&quot;image_spacing_custom_tablet&quot;:{&quot;unit&quot;:&quot;px&quot;,&quot;size&quot;:&quot;&quot;,&quot;sizes&quot;:[]},&quot;image_spacing_custom_mobile&quot;:{&quot;unit&quot;:&quot;px&quot;,&quot;size&quot;:&quot;&quot;,&quot;sizes&quot;:[]}}\" data-widget_type=\"loop-carousel.post\">\n\t\t\t\t\t\t\t<div class=\"swiper elementor-loop-container elementor-grid\" role=\"list\" dir=\"ltr\">\n\t\t\t\t<div class=\"swiper-wrapper\" aria-live=\"off\">\n\t\t<style id=\"loop-dynamic-2395\">.e-loop-item-1207 .elementor-element.elementor-element-3f4b23b:not(.elementor-motion-effects-element-type-background), .e-loop-item-1207 .elementor-element.elementor-element-3f4b23b > .elementor-motion-effects-container > .elementor-motion-effects-layer{background-image:url(\"https:\/\/www.fusiontables.com\/wp-content\/uploads\/2018\/05\/led1-064.png\");}<\/style><style id=\"loop-2395\">.elementor-2395 .elementor-element.elementor-element-3f4b23b{--display:flex;--min-height:350px;--flex-direction:column;--container-widget-width:100%;--container-widget-height:initial;--container-widget-flex-grow:0;--container-widget-align-self:initial;--flex-wrap-mobile:wrap;--justify-content:flex-end;--padding-top:0px;--padding-bottom:0px;--padding-left:0px;--padding-right:0px;}.elementor-2395 .elementor-element.elementor-element-3f4b23b:not(.elementor-motion-effects-element-type-background), .elementor-2395 .elementor-element.elementor-element-3f4b23b > .elementor-motion-effects-container > .elementor-motion-effects-layer{background-position:bottom center;background-size:cover;}.elementor-2395 .elementor-element.elementor-element-7d1e602{--display:flex;--flex-direction:row;--container-widget-width:calc( ( 1 - var( --container-widget-flex-grow ) ) * 100% );--container-widget-height:100%;--container-widget-flex-grow:1;--container-widget-align-self:stretch;--flex-wrap-mobile:wrap;--align-items:flex-end;--gap:0px 0px;--row-gap:0px;--column-gap:0px;}.elementor-2395 .elementor-element.elementor-element-7d1e602:not(.elementor-motion-effects-element-type-background), .elementor-2395 .elementor-element.elementor-element-7d1e602 > .elementor-motion-effects-container > .elementor-motion-effects-layer{background-color:#FFFFFFAD;}.elementor-2395 .elementor-element.elementor-element-3ae2247{--display:flex;--gap:0px 0px;--row-gap:0px;--column-gap:0px;}.elementor-2395 .elementor-element.elementor-element-b64315a .elementor-heading-title{font-size:26px;text-transform:none;letter-spacing:0px;}.elementor-2395 .elementor-element.elementor-element-7645e3b .elementor-icon-list-icon{width:14px;}.elementor-2395 .elementor-element.elementor-element-7645e3b .elementor-icon-list-icon i{font-size:14px;}.elementor-2395 .elementor-element.elementor-element-7645e3b .elementor-icon-list-icon svg{--e-icon-list-icon-size:14px;}.elementor-2395 .elementor-element.elementor-element-7645e3b .elementor-icon-list-text, .elementor-2395 .elementor-element.elementor-element-7645e3b .elementor-icon-list-text a{color:var( --e-global-color-primary );}.elementor-2395 .elementor-element.elementor-element-7645e3b .elementor-icon-list-item{font-size:12px;font-weight:bold;text-transform:uppercase;}.elementor-2395 .elementor-element.elementor-element-fb02c91 .elementor-button-content-wrapper{flex-direction:row-reverse;}.elementor-2395 .elementor-element.elementor-element-fb02c91 .elementor-button .elementor-button-content-wrapper{gap:12px;}.elementor-2395 .elementor-element.elementor-element-fb02c91 .elementor-button{font-family:\"Poppins\", Sans-serif;font-weight:700;text-transform:uppercase;fill:var( --e-global-color-secondary );color:var( --e-global-color-secondary );background-color:#00000000;border-style:solid;border-width:0px 0px 1px 0px;border-color:var( --e-global-color-primary );padding:0px 0px 5px 0px;}.elementor-2395 .elementor-element.elementor-element-fb02c91.elementor-element{--flex-grow:1;--flex-shrink:0;}@media(min-width:768px){.elementor-2395 .elementor-element.elementor-element-3ae2247{--width:100%;}}<\/style>\t\t<div data-elementor-type=\"loop-item\" data-elementor-id=\"2395\" class=\"elementor elementor-2395 swiper-slide e-loop-item e-loop-item-1207 post-1207 portfolio type-portfolio status-publish has-post-thumbnail hentry portfolio_tags-illuminazione-it\" data-elementor-post-type=\"elementor_library\" role=\"group\" aria-roledescription=\"slide\" data-custom-edit-handle=\"1\">\n\t\t\t<div class=\"elementor-element elementor-element-3f4b23b e-flex e-con-boxed e-con e-parent\" data-id=\"3f4b23b\" data-element_type=\"container\" data-e-type=\"container\" data-settings=\"{&quot;background_background&quot;:&quot;classic&quot;}\">\n\t\t\t\t\t<div class=\"e-con-inner\">\n\t\t<div class=\"elementor-element elementor-element-7d1e602 e-con-full e-flex elementor-invisible e-con e-child\" data-id=\"7d1e602\" data-element_type=\"container\" data-e-type=\"container\" data-settings=\"{&quot;background_background&quot;:&quot;classic&quot;,&quot;animation&quot;:&quot;fadeInUp&quot;}\">\n\t\t<div class=\"elementor-element elementor-element-3ae2247 e-con-full e-flex e-con e-child\" data-id=\"3ae2247\" data-element_type=\"container\" data-e-type=\"container\">\n\t\t\t\t<div class=\"elementor-element elementor-element-b64315a elementor-invisible elementor-widget elementor-widget-theme-post-title elementor-page-title elementor-widget-heading\" data-id=\"b64315a\" data-element_type=\"widget\" data-e-type=\"widget\" data-settings=\"{&quot;_animation&quot;:&quot;fadeInUp&quot;,&quot;_animation_delay&quot;:100}\" data-widget_type=\"theme-post-title.default\">\n\t\t\t\t\t<h2 class=\"elementor-heading-title elementor-size-default\">SISTEMA LED FUSIONTABLES<\/h2>\t\t\t\t<\/div>\n\t\t\t\t<div class=\"elementor-element elementor-element-7645e3b elementor-invisible elementor-widget elementor-widget-post-info\" data-id=\"7645e3b\" data-element_type=\"widget\" data-e-type=\"widget\" data-settings=\"{&quot;_animation&quot;:&quot;fadeInUp&quot;,&quot;_animation_delay&quot;:200}\" data-widget_type=\"post-info.default\">\n\t\t\t\t\t\t\t<ul class=\"elementor-inline-items elementor-icon-list-items elementor-post-info\">\n\t\t\t\t\t\t\t\t<li class=\"elementor-icon-list-item elementor-repeater-item-1937306 elementor-inline-item\" itemprop=\"about\">\n\t\t\t\t\t\t\t\t\t\t\t\t\t<span class=\"elementor-icon-list-text elementor-post-info__item elementor-post-info__item--type-terms\">\n\t\t\t\t\t\t\t\t\t\t<span class=\"elementor-post-info__terms-list\">\n\t\t\t\t<a href=\"https:\/\/www.fusiontables.com\/it\/portfolio_tags\/illuminazione-it\/\" class=\"elementor-post-info__terms-list-item\">Illuminazione<\/a>\t\t\t\t<\/span>\n\t\t\t\t\t<\/span>\n\t\t\t\t\t\t\t\t<\/li>\n\t\t\t\t<\/ul>\n\t\t\t\t\t\t<\/div>\n\t\t\t\t<div class=\"elementor-element elementor-element-398df97 elementor-invisible elementor-widget elementor-widget-theme-post-excerpt\" data-id=\"398df97\" data-element_type=\"widget\" data-e-type=\"widget\" data-settings=\"{&quot;_animation&quot;:&quot;fadeInUp&quot;,&quot;_animation_delay&quot;:300}\" data-widget_type=\"theme-post-excerpt.default\">\n\t\t\t\t\t<p>Grazie a questo sistema di sospensione dal design leggero e&nbsp;moderno, il sistema LED Fusion consente di creare due ambienti&nbsp;differenti. Durante il pasto, i 7 LED bianchi modellano un ambiente dalle luci soffuse e intime per i vostri ospiti. In modalit\u00e0 gioco, una luce pi\u00f9 intensa illumina l\u2019intero tavolo.&nbsp;Vengono usati 14...\t\t\t\t<\/div>\n\t\t\t\t<\/div>\n\t\t\t\t<div class=\"elementor-element elementor-element-fb02c91 elementor-invisible elementor-widget elementor-widget-button\" data-id=\"fb02c91\" data-element_type=\"widget\" data-e-type=\"widget\" data-settings=\"{&quot;_animation&quot;:&quot;fadeInUp&quot;,&quot;_animation_delay&quot;:300}\" data-widget_type=\"button.default\">\n\t\t\t\t\t\t\t\t\t\t<a class=\"elementor-button elementor-button-link elementor-size-sm\" href=\"https:\/\/www.fusiontables.com\/it\/sistema-led-fusiontables\/\">\n\t\t\t\t\t\t<span class=\"elementor-button-content-wrapper\">\n\t\t\t\t\t\t<span class=\"elementor-button-icon\">\n\t\t\t\t<svg aria-hidden=\"true\" class=\"e-font-icon-svg e-fas-long-arrow-alt-right\" viewBox=\"0 0 448 512\" xmlns=\"http:\/\/www.w3.org\/2000\/svg\"><path d=\"M313.941 216H12c-6.627 0-12 5.373-12 12v56c0 6.627 5.373 12 12 12h301.941v46.059c0 21.382 25.851 32.09 40.971 16.971l86.059-86.059c9.373-9.373 9.373-24.569 0-33.941l-86.059-86.059c-15.119-15.119-40.971-4.411-40.971 16.971V216z\"><\/path><\/svg>\t\t\t<\/span>\n\t\t\t\t\t\t\t\t\t<span class=\"elementor-button-text\">View detail<\/span>\n\t\t\t\t\t<\/span>\n\t\t\t\t\t<\/a>\n\t\t\t\t\t\t\t\t<\/div>\n\t\t\t\t<\/div>\n\t\t\t\t\t<\/div>\n\t\t\t\t<\/div>\n\t\t\t\t<\/div>\n\t\t\t\t<\/div>\n\t\t<\/div>\n\t\t\t\t\t<div class=\"elementor-swiper-button elementor-swiper-button-prev\" role=\"button\" tabindex=\"0\" aria-label=\"Precedente\">\n\t\t\t\t<svg aria-hidden=\"true\" class=\"e-font-icon-svg e-eicon-chevron-left\" viewBox=\"0 0 1000 1000\" xmlns=\"http:\/\/www.w3.org\/2000\/svg\"><path d=\"M646 125C629 125 613 133 604 142L308 442C296 454 292 471 292 487 292 504 296 521 308 533L604 854C617 867 629 875 646 875 663 875 679 871 692 858 704 846 713 829 713 812 713 796 708 779 692 767L438 487 692 225C700 217 708 204 708 187 708 171 704 154 692 142 675 129 663 125 646 125Z\"><\/path><\/svg>\t\t\t<\/div>\n\t\t\t<div class=\"elementor-swiper-button elementor-swiper-button-next\" role=\"button\" tabindex=\"0\" aria-label=\"Successivo\">\n\t\t\t\t<svg aria-hidden=\"true\" class=\"e-font-icon-svg e-eicon-chevron-right\" viewBox=\"0 0 1000 1000\" xmlns=\"http:\/\/www.w3.org\/2000\/svg\"><path d=\"M696 533C708 521 713 504 713 487 713 471 708 454 696 446L400 146C388 133 375 125 354 125 338 125 325 129 313 142 300 154 292 171 292 187 292 204 296 221 308 233L563 492 304 771C292 783 288 800 288 817 288 833 296 850 308 863 321 871 338 875 354 875 371 875 388 867 400 854L696 533Z\"><\/path><\/svg>\t\t\t<\/div>\n\t\t\t\t\t<div class=\"swiper-pagination\"><\/div>\n\t\t\t\t\t\t<\/div>\n\t\t\t\t<div class=\"elementor-element elementor-element-51c7157 elementor-widget elementor-widget-text-editor\" data-id=\"51c7157\" data-element_type=\"widget\" data-e-type=\"widget\" data-widget_type=\"text-editor.default\">\n\t\t\t\t\t\t\t\t\t<p>Le nostre sospensioni, regolabili in altezza, producono un&#8217;autentica luce calda (3500Kv) adatta sia all\u2019uso per il tavolo <strong><a href=\"https:\/\/www.fusiontables.com\/it\/tavoli-da-biliardo-convertibili\">trasformato in biliardo<\/a><\/strong>: i 14 LED garantiscono un&#8217;atmosfera degna delle pi\u00f9 grandi sale giochi americane, mentre i 7 LED bianchi ti permetteranno di creare un&#8217;atmosfera calda durante pranzo o cena con la famiglia o gli amici. Il tutto con un consumo di 42w per produrre 1050 Lumen di luce. Il design leggero e contemporaneo dona carattere al tuo spazio e si adatta perfettamente al <strong>tavolo da biliardo<\/strong>, al mobile Fusion o , <a href=\"https:\/\/www.fusiontables.com\/it\/panche-e-sgabelli\">alle <strong>sedie<\/strong>, alle <strong>panche<\/strong> e <strong>agli sgabelli<\/strong><\/a> della nostra collezione dove ogni elemento risponde esteticamente all\u2019 altro. I nostri designer esprimono l&#8217;originalit\u00e0 che stai cercando per la tua casa e gli apparecchi a LED diventeranno rapidamente il fulcro della tua sala da pranzo.   <\/p>\n\t\t\t\t\t\t\t\t<\/div>\n\t\t\t\t<div class=\"elementor-element elementor-element-d2d8762 elementor-widget elementor-widget-html\" data-id=\"d2d8762\" data-element_type=\"widget\" data-e-type=\"widget\" data-widget_type=\"html.default\">\n\t\t\t\t\t<iframe style=\"width: 100%; height: 800px;\" src=\"https:\/\/www.archiproducts.com\/3d-viewer?productid=94001\" width=\"300\" height=\"150\"><\/iframe>\t\t\t\t<\/div>\n\t\t\t\t\t<\/div>\n\t\t\t\t<\/div>\n\t\t\t\t<\/div>\n\t\t","protected":false},"excerpt":{"rendered":"<p>La luce, carica di simboli, offre un\u2019infinit\u00e0 di atmosfere diverse. Dalla dolce atmosfera per una cena romantica all&#8217;atmosfera confortante di un bambino che si addormenta. La luce \u00e8 in grado di creare un universo unico e personalizzato. I dispositivi di sospensione FUSION creano due atmosfere distinte intorno al tavolo convertibile. Il sistema Fusion LED ti [&hellip;]<\/p>\n","protected":false},"author":2,"featured_media":0,"parent":0,"menu_order":0,"comment_status":"closed","ping_status":"closed","template":"","meta":{"_acf_changed":false,"footnotes":""},"class_list":["post-2537","page","type-page","status-publish","hentry"],"acf":[],"yoast_head":"<!-- This site is optimized with the Yoast SEO plugin v27.3 - https:\/\/yoast.com\/product\/yoast-seo-wordpress\/ -->\n<title>Sistemi di Illuminazione - Fusion Tables<\/title>\n<meta name=\"robots\" content=\"index, follow, max-snippet:-1, max-image-preview:large, max-video-preview:-1\" \/>\n<link rel=\"canonical\" href=\"https:\/\/www.fusiontables.com\/it\/sistemi-di-illuminazione\/\" \/>\n<meta property=\"og:locale\" content=\"it_IT\" \/>\n<meta property=\"og:type\" content=\"article\" \/>\n<meta property=\"og:title\" content=\"Sistemi di Illuminazione - Fusion Tables\" \/>\n<meta property=\"og:description\" content=\"La luce, carica di simboli, offre un\u2019infinit\u00e0 di atmosfere diverse. Dalla dolce atmosfera per una cena romantica all&#8217;atmosfera confortante di un bambino che si addormenta. La luce \u00e8 in grado di creare un universo unico e personalizzato. I dispositivi di sospensione FUSION creano due atmosfere distinte intorno al tavolo convertibile. Il sistema Fusion LED ti [&hellip;]\" \/>\n<meta property=\"og:url\" content=\"https:\/\/www.fusiontables.com\/it\/sistemi-di-illuminazione\/\" \/>\n<meta property=\"og:site_name\" content=\"Fusion Tables\" \/>\n<meta property=\"article:modified_time\" content=\"2024-11-25T16:24:16+00:00\" \/>\n<meta name=\"twitter:card\" content=\"summary_large_image\" \/>\n<meta name=\"twitter:label1\" content=\"Tempo di lettura stimato\" \/>\n\t<meta name=\"twitter:data1\" content=\"1 minuto\" \/>\n<script type=\"application\/ld+json\" class=\"yoast-schema-graph\">{\"@context\":\"https:\\\/\\\/schema.org\",\"@graph\":[{\"@type\":\"WebPage\",\"@id\":\"https:\\\/\\\/www.fusiontables.com\\\/it\\\/sistemi-di-illuminazione\\\/\",\"url\":\"https:\\\/\\\/www.fusiontables.com\\\/it\\\/sistemi-di-illuminazione\\\/\",\"name\":\"Sistemi di Illuminazione - Fusion Tables\",\"isPartOf\":{\"@id\":\"https:\\\/\\\/www.fusiontables.com\\\/it\\\/#website\"},\"datePublished\":\"2019-04-04T09:14:55+00:00\",\"dateModified\":\"2024-11-25T16:24:16+00:00\",\"breadcrumb\":{\"@id\":\"https:\\\/\\\/www.fusiontables.com\\\/it\\\/sistemi-di-illuminazione\\\/#breadcrumb\"},\"inLanguage\":\"it-IT\",\"potentialAction\":[{\"@type\":\"ReadAction\",\"target\":[\"https:\\\/\\\/www.fusiontables.com\\\/it\\\/sistemi-di-illuminazione\\\/\"]}]},{\"@type\":\"BreadcrumbList\",\"@id\":\"https:\\\/\\\/www.fusiontables.com\\\/it\\\/sistemi-di-illuminazione\\\/#breadcrumb\",\"itemListElement\":[{\"@type\":\"ListItem\",\"position\":1,\"name\":\"Home\",\"item\":\"https:\\\/\\\/www.fusiontables.com\\\/it\\\/\"},{\"@type\":\"ListItem\",\"position\":2,\"name\":\"Sistemi di Illuminazione\"}]},{\"@type\":\"WebSite\",\"@id\":\"https:\\\/\\\/www.fusiontables.com\\\/it\\\/#website\",\"url\":\"https:\\\/\\\/www.fusiontables.com\\\/it\\\/\",\"name\":\"Fusion Tables\",\"description\":\"\",\"publisher\":{\"@id\":\"https:\\\/\\\/www.fusiontables.com\\\/it\\\/#organization\"},\"potentialAction\":[{\"@type\":\"SearchAction\",\"target\":{\"@type\":\"EntryPoint\",\"urlTemplate\":\"https:\\\/\\\/www.fusiontables.com\\\/it\\\/?s={search_term_string}\"},\"query-input\":{\"@type\":\"PropertyValueSpecification\",\"valueRequired\":true,\"valueName\":\"search_term_string\"}}],\"inLanguage\":\"it-IT\"},{\"@type\":\"Organization\",\"@id\":\"https:\\\/\\\/www.fusiontables.com\\\/it\\\/#organization\",\"name\":\"Fusion Tables\",\"url\":\"https:\\\/\\\/www.fusiontables.com\\\/it\\\/\",\"logo\":{\"@type\":\"ImageObject\",\"inLanguage\":\"it-IT\",\"@id\":\"https:\\\/\\\/www.fusiontables.com\\\/it\\\/#\\\/schema\\\/logo\\\/image\\\/\",\"url\":\"https:\\\/\\\/www.fusiontables.com\\\/wp-content\\\/uploads\\\/2024\\\/11\\\/Fusiontables-Logo.png\",\"contentUrl\":\"https:\\\/\\\/www.fusiontables.com\\\/wp-content\\\/uploads\\\/2024\\\/11\\\/Fusiontables-Logo.png\",\"width\":514,\"height\":119,\"caption\":\"Fusion Tables\"},\"image\":{\"@id\":\"https:\\\/\\\/www.fusiontables.com\\\/it\\\/#\\\/schema\\\/logo\\\/image\\\/\"}}]}<\/script>\n<!-- \/ Yoast SEO plugin. -->","yoast_head_json":{"title":"Sistemi di Illuminazione - Fusion Tables","robots":{"index":"index","follow":"follow","max-snippet":"max-snippet:-1","max-image-preview":"max-image-preview:large","max-video-preview":"max-video-preview:-1"},"canonical":"https:\/\/www.fusiontables.com\/it\/sistemi-di-illuminazione\/","og_locale":"it_IT","og_type":"article","og_title":"Sistemi di Illuminazione - Fusion Tables","og_description":"La luce, carica di simboli, offre un\u2019infinit\u00e0 di atmosfere diverse. Dalla dolce atmosfera per una cena romantica all&#8217;atmosfera confortante di un bambino che si addormenta. La luce \u00e8 in grado di creare un universo unico e personalizzato. I dispositivi di sospensione FUSION creano due atmosfere distinte intorno al tavolo convertibile. Il sistema Fusion LED ti [&hellip;]","og_url":"https:\/\/www.fusiontables.com\/it\/sistemi-di-illuminazione\/","og_site_name":"Fusion Tables","article_modified_time":"2024-11-25T16:24:16+00:00","twitter_card":"summary_large_image","twitter_misc":{"Tempo di lettura stimato":"1 minuto"},"schema":{"@context":"https:\/\/schema.org","@graph":[{"@type":"WebPage","@id":"https:\/\/www.fusiontables.com\/it\/sistemi-di-illuminazione\/","url":"https:\/\/www.fusiontables.com\/it\/sistemi-di-illuminazione\/","name":"Sistemi di Illuminazione - Fusion Tables","isPartOf":{"@id":"https:\/\/www.fusiontables.com\/it\/#website"},"datePublished":"2019-04-04T09:14:55+00:00","dateModified":"2024-11-25T16:24:16+00:00","breadcrumb":{"@id":"https:\/\/www.fusiontables.com\/it\/sistemi-di-illuminazione\/#breadcrumb"},"inLanguage":"it-IT","potentialAction":[{"@type":"ReadAction","target":["https:\/\/www.fusiontables.com\/it\/sistemi-di-illuminazione\/"]}]},{"@type":"BreadcrumbList","@id":"https:\/\/www.fusiontables.com\/it\/sistemi-di-illuminazione\/#breadcrumb","itemListElement":[{"@type":"ListItem","position":1,"name":"Home","item":"https:\/\/www.fusiontables.com\/it\/"},{"@type":"ListItem","position":2,"name":"Sistemi di Illuminazione"}]},{"@type":"WebSite","@id":"https:\/\/www.fusiontables.com\/it\/#website","url":"https:\/\/www.fusiontables.com\/it\/","name":"Fusion Tables","description":"","publisher":{"@id":"https:\/\/www.fusiontables.com\/it\/#organization"},"potentialAction":[{"@type":"SearchAction","target":{"@type":"EntryPoint","urlTemplate":"https:\/\/www.fusiontables.com\/it\/?s={search_term_string}"},"query-input":{"@type":"PropertyValueSpecification","valueRequired":true,"valueName":"search_term_string"}}],"inLanguage":"it-IT"},{"@type":"Organization","@id":"https:\/\/www.fusiontables.com\/it\/#organization","name":"Fusion Tables","url":"https:\/\/www.fusiontables.com\/it\/","logo":{"@type":"ImageObject","inLanguage":"it-IT","@id":"https:\/\/www.fusiontables.com\/it\/#\/schema\/logo\/image\/","url":"https:\/\/www.fusiontables.com\/wp-content\/uploads\/2024\/11\/Fusiontables-Logo.png","contentUrl":"https:\/\/www.fusiontables.com\/wp-content\/uploads\/2024\/11\/Fusiontables-Logo.png","width":514,"height":119,"caption":"Fusion Tables"},"image":{"@id":"https:\/\/www.fusiontables.com\/it\/#\/schema\/logo\/image\/"}}]}},"_links":{"self":[{"href":"https:\/\/www.fusiontables.com\/it\/wp-json\/wp\/v2\/pages\/2537","targetHints":{"allow":["GET"]}}],"collection":[{"href":"https:\/\/www.fusiontables.com\/it\/wp-json\/wp\/v2\/pages"}],"about":[{"href":"https:\/\/www.fusiontables.com\/it\/wp-json\/wp\/v2\/types\/page"}],"author":[{"embeddable":true,"href":"https:\/\/www.fusiontables.com\/it\/wp-json\/wp\/v2\/users\/2"}],"replies":[{"embeddable":true,"href":"https:\/\/www.fusiontables.com\/it\/wp-json\/wp\/v2\/comments?post=2537"}],"version-history":[{"count":1,"href":"https:\/\/www.fusiontables.com\/it\/wp-json\/wp\/v2\/pages\/2537\/revisions"}],"predecessor-version":[{"id":2538,"href":"https:\/\/www.fusiontables.com\/it\/wp-json\/wp\/v2\/pages\/2537\/revisions\/2538"}],"wp:attachment":[{"href":"https:\/\/www.fusiontables.com\/it\/wp-json\/wp\/v2\/media?parent=2537"}],"curies":[{"name":"wp","href":"https:\/\/api.w.org\/{rel}","templated":true}]}}