{"id":303,"date":"2018-05-30T15:11:08","date_gmt":"2018-05-30T13:11:08","guid":{"rendered":"https:\/\/www.fusiontables.com\/tavolo-da-biliardo-transformabile-di-qualita\/"},"modified":"2025-04-03T16:09:14","modified_gmt":"2025-04-03T14:09:14","slug":"tavolo-da-biliardo-transformabile-di-qualita","status":"publish","type":"page","link":"https:\/\/www.fusiontables.com\/it\/tavolo-da-biliardo-transformabile-di-qualita\/","title":{"rendered":"Tavolo da biliardo transformabile di Qualit\u00e0"},"content":{"rendered":"\t\t<div data-elementor-type=\"wp-page\" data-elementor-id=\"303\" class=\"elementor elementor-303 elementor-293\" data-elementor-post-type=\"page\">\n\t\t\t\t<div class=\"elementor-element elementor-element-4a082686 e-flex e-con-boxed e-con e-parent\" data-id=\"4a082686\" data-element_type=\"container\" data-e-type=\"container\">\n\t\t\t\t\t<div class=\"e-con-inner\">\n\t\t\t\t<div class=\"elementor-element elementor-element-27c1e4d2 elementor-widget elementor-widget-text-editor\" data-id=\"27c1e4d2\" data-element_type=\"widget\" data-e-type=\"widget\" data-widget_type=\"text-editor.default\">\n\t\t\t\t\t\t\t\t\t<p>Ldanscombinazione tra questo tavolo da biliardo high-tech che magistralmente realizziamo in Fusiontables , dalle pulite finiture estetiche, che oggi solo gli appassionati artigiani possono ancora fornire, si traducono in un design ed ergonomia che rimarranno eccezionali per diverse generazioni. Componenti di alta qualit\u00e0, <a href=\"https:\/\/www.fusiontables.com\/it\/finiture-biliardo-tavolo-da-pranzo\/\"><strong>materiali moderni<\/strong><\/a>, sistemi innovativi ed una rigorosa selezione <strong>tra le <a href=\"https:\/\/www.fusiontables.com\/it\/finiture-in-legno\/\">migliori essenze di legno<\/a><\/strong>.<\/p><p><strong><a id=\"el\" name=\"el\"><\/a>SISTEMA EASY-LIFT \u00ae<\/strong><\/p><p><img fetchpriority=\"high\" decoding=\"async\" class=\" size-full wp-image-263\" src=\"https:\/\/www.fusiontables.com\/wp-content\/uploads\/2018\/05\/lift1-d0c.jpg\" alt=\"Lift\" width=\"1140\" height=\"560\" data-align=\"center\" data-entity-type=\"file\" data-entity-uuid=\"dec316c0-4958-43b4-af3d-431fa887dc3e\" srcset=\"https:\/\/www.fusiontables.com\/wp-content\/uploads\/2018\/05\/lift1-d0c.jpg 1140w, https:\/\/www.fusiontables.com\/wp-content\/uploads\/2018\/05\/lift1-d0c-300x147.jpg 300w, https:\/\/www.fusiontables.com\/wp-content\/uploads\/2018\/05\/lift1-d0c-1024x503.jpg 1024w, https:\/\/www.fusiontables.com\/wp-content\/uploads\/2018\/05\/lift1-d0c-768x377.jpg 768w\" sizes=\"(max-width: 1140px) 100vw, 1140px\" \/><\/p><p>Molti biliardo sono dotati di un dispositivo per alzare o abbassare il tavolo : altezza di gioco e altezza tavolo da pranzo. Spesso il dispositivo si cela nella struttura e quindi il profilo del tavolo \u00e8 spesso meno estetico perch\u00e9 visivamente appesantito, e rende il tavolo impraticabile nella funzione pranzo. Nella ricerca di un design elegante, Fusiontables ha deciso di integrare il suo sistema di sollevamento nelle gambe del tavolo, in modo totalmente invisibile.<\/p><p>I nostri <a href=\"https:\/\/www.fusiontables.com\/it\/tavoli-da-biliardo-convertibili\/\"><strong>tavoli da biliardo sono<\/strong><\/a> tutti dotati del sistema Easy-Lift. \u00a0 \u00a0Esso consente di sollevare senza sforzo il tavolo da 75cm all&#8217;altezza ufficiale per un comodo gioco del biliardo. Il sistema non richiede alcuna manutenzione speciale ed \u00e8 dotato di un dispositivo di fissaggio automatico a due livelli brevettato per garantire un&#8217;area di gioco stabile, regolare e piatta quando il tavolo \u00e8 in posizione &#8220;alta&#8221;.<\/p><p>Grazie a questo sistema delle gambe, ognuna di essa \u00e8 regolabile individualmente con grande precisione, che assicura che il vostro tavolo da biliardo moderno sia sempre in perfetto piano livellato per il gioco.<\/p><p>Ovviamente per ottenere un tavolo da biliardo duraturo e di alta qualit\u00e0, \u00e8 necessario anche che <strong>il<a href=\"#ar\"> piano di ardesia<\/a><\/strong>, il <a href=\"#ds\"><strong>panno del biliardo<\/strong><\/a>, le <a href=\"#fp\"><strong>buche <\/strong><\/a>e le <a href=\"#el\"><strong>retine elastiche<\/strong><\/a>, le <a href=\"#bk\"><strong>sponde di rimbalzo<\/strong><\/a>, siano di qualit\u00e0 impeccabile.<\/p><p><strong><a id=\"ql\" name=\"ql\"><\/a>MATERIALI DI QUALIT\u00c0 ECCEZIONALE<\/strong><\/p><p><img decoding=\"async\" class=\" size-full wp-image-294\" src=\"https:\/\/www.fusiontables.com\/wp-content\/uploads\/2018\/05\/feature22-281.jpg\" alt=\"Fusion\" width=\"1140\" height=\"560\" data-align=\"center\" data-entity-type=\"file\" data-entity-uuid=\"94b48365-eb21-4406-be08-a1324409fae0\" srcset=\"https:\/\/www.fusiontables.com\/wp-content\/uploads\/2018\/05\/feature22-281.jpg 1140w, https:\/\/www.fusiontables.com\/wp-content\/uploads\/2018\/05\/feature22-281-300x147.jpg 300w, https:\/\/www.fusiontables.com\/wp-content\/uploads\/2018\/05\/feature22-281-1024x503.jpg 1024w, https:\/\/www.fusiontables.com\/wp-content\/uploads\/2018\/05\/feature22-281-768x377.jpg 768w\" sizes=\"(max-width: 1140px) 100vw, 1140px\" \/><\/p><p>Grazie alla combinazione di alta tecnologia\u00a0ed estetica raffinata delle finiture, garantita\u00a0dalla passione e dal lavoro di abili artigiani,\u00a0abbiamo un design e un\u2019ergonomia\u00a0eccezionali che manterranno la loro unicit\u00e0\u00a0per generazioni.\u00a0Componenti di alta qualit\u00e0, materiali attuali,\u00a0rigorosa selezione dei migliori legni.<\/p><p><strong><a id=\"fp\" name=\"fp\"><\/a>SISTEMA TASCHE PIATTE<\/strong><\/p><p><img decoding=\"async\" class=\" size-full wp-image-269\" src=\"https:\/\/www.fusiontables.com\/wp-content\/uploads\/2018\/05\/feature3_0-9ac.jpg\" alt=\"flat pocket system\" width=\"1140\" height=\"560\" data-align=\"center\" data-entity-type=\"file\" data-entity-uuid=\"7dd56a14-e317-4fd3-af53-8adcb986e292\" srcset=\"https:\/\/www.fusiontables.com\/wp-content\/uploads\/2018\/05\/feature3_0-9ac.jpg 1140w, https:\/\/www.fusiontables.com\/wp-content\/uploads\/2018\/05\/feature3_0-9ac-300x147.jpg 300w, https:\/\/www.fusiontables.com\/wp-content\/uploads\/2018\/05\/feature3_0-9ac-1024x503.jpg 1024w, https:\/\/www.fusiontables.com\/wp-content\/uploads\/2018\/05\/feature3_0-9ac-768x377.jpg 768w\" sizes=\"(max-width: 1140px) 100vw, 1140px\" \/><\/p><p>In modo che tutti gli elementi di un tavolo da biliardo <strong>trasformabile<\/strong> \u00a0siano discretamente racchiusi in meno di 12 cm (spessore 4 1\/2&#8242;) nel tavolo Fusion, \u00e8 stato sviluppato un ingegnoso e unico sistema di tasche. Questo \u00e8 costituito da una membrana elastica in nylon high-tech, che pu\u00f2 contenere tutte le palle durante il gioco, e ritorna alla sua posizione iniziale ultra-piatta quando le palle vengono rimosse. Un sistema di scorrimento metallico \u00e8 anche posto nella parte superiore per custodire le palle nelle tasche pi\u00f9 a lungo senza deformarle. \u00a0Ovviamente per ottenere un tavolo da biliardo duraturo e di alta qualit\u00e0, \u00e8 necessario anche che il <strong>piano di ardesia<\/strong>, il <strong>panno del biliardo<\/strong>, le <strong>buche <\/strong>e le <strong>retine elastiche<\/strong>, le <strong>sponde di rimbalzo<\/strong>, siano di qualit\u00e0 impeccabile<\/p><p><strong><a id=\"bk\" name=\"bk\"><\/a>SPONDE K66\u00a0<\/strong><\/p><p><img loading=\"lazy\" decoding=\"async\" class=\" size-full wp-image-275\" src=\"https:\/\/www.fusiontables.com\/wp-content\/uploads\/2018\/05\/feature4-cc3.jpg\" alt=\"K66\" width=\"1140\" height=\"560\" data-align=\"center\" data-entity-type=\"file\" data-entity-uuid=\"2041b920-cc7a-4224-96fa-243127762ffd\" srcset=\"https:\/\/www.fusiontables.com\/wp-content\/uploads\/2018\/05\/feature4-cc3.jpg 1140w, https:\/\/www.fusiontables.com\/wp-content\/uploads\/2018\/05\/feature4-cc3-300x147.jpg 300w, https:\/\/www.fusiontables.com\/wp-content\/uploads\/2018\/05\/feature4-cc3-1024x503.jpg 1024w, https:\/\/www.fusiontables.com\/wp-content\/uploads\/2018\/05\/feature4-cc3-768x377.jpg 768w\" sizes=\"(max-width: 1140px) 100vw, 1140px\" \/><\/p><p>Il tavolo da biliardo Fusion \u00e8 dotato di sponde K66 note per offrire e garantire uno tra i migliori rimbalzi, consentendo un&#8217;elevata precisione per il gioco. \u00a0Le sponde della maggior parte dei biliardi sono fatte di materiale sintetico o gomma naturale. Le fasce di gomma sintetica ovviamente perderanno la loro elasticit\u00e0 nel tempo e diventeranno quella che viene chiamata una &#8220;fascia morta&#8221;. Le migliori marche utilizzano gomma naturale, che garantisce un rimbalzo perfetto e duraturo. Ovviamente per ottenere un tavolo da biliardo duraturo e di alta qualit\u00e0, \u00e8 necessario anche che il <strong>piano di ardesia<\/strong>, il <strong>panno del biliardo<\/strong>, le <strong>buche <\/strong>e le <strong>retine elastiche<\/strong>, le <strong>sponde di rimbalzo<\/strong>, siano di qualit\u00e0 impeccabile<\/p><p><strong><a id=\"ds\" name=\"ds\"><\/a>Panni di IWAN SIMONIS COMPETITION<\/strong><\/p><p><img loading=\"lazy\" decoding=\"async\" class=\" size-full wp-image-281\" src=\"https:\/\/www.fusiontables.com\/wp-content\/uploads\/2018\/05\/simonis-colors2-035.png\" alt=\"simonis colors\" width=\"800\" height=\"853\" data-align=\"center\" data-entity-type=\"file\" data-entity-uuid=\"e8c20a8d-86ed-48ad-a16a-aa9e4a2c981b\" srcset=\"https:\/\/www.fusiontables.com\/wp-content\/uploads\/2018\/05\/simonis-colors2-035.png 800w, https:\/\/www.fusiontables.com\/wp-content\/uploads\/2018\/05\/simonis-colors2-035-281x300.png 281w, https:\/\/www.fusiontables.com\/wp-content\/uploads\/2018\/05\/simonis-colors2-035-768x819.png 768w\" sizes=\"(max-width: 800px) 100vw, 800px\" \/><\/p><p>Il tavolo Fusion \u00e8 sempre dotato di un panno da biliardo <strong><a href=\"https:\/\/iwansimonis.com\/\" target=\"_blank\" rel=\"noopener\">Simonis<\/a><\/strong>, un marchio mondiale e di riferimento per questo tipo di rivestimenti. Questi tessuti, contenenti almeno l&#8217;70% di lana e pettinati a regola d\u2019arte, garantiscono velocit\u00e0 ottimale, guida fluida, manutenzione facile e notevole longevit\u00e0.<\/p><p>Il panno da biliardo (superfice di gioco) \u00e8 di solito fatto di nylon e lana per tavoli di fascia alta e fibre sintetiche per tavoli &#8220;giocattolo&#8221;. \u00a0Solo un panno di alta qualit\u00e0 garantir\u00e0 uno scorrimento liscio, flessibile e preciso della palla. I giocatori esperti sono molto esigenti sulla qualit\u00e0 dei panni e le fibre di lana pettinate ed elaborate prima della filatura ( \u201cworsted\u201d)sono quelli che forniscono la velocit\u00e0 e la migliore precisione al gioco.<\/p><p><strong><a href=\"https:\/\/iwansimonis.com\/\" target=\"_blank\" rel=\"noopener\">Simonis<\/a><\/strong> offre anche una speciale fibra per resistere ai liquidi, che torna utile per i pasti pi\u00f9 &#8220;movimentati&#8221;.<br \/>Questo rivestimento anti-macchia \u00e8 chiamato H2O ed \u00e8 disponibile in 4 colori nel programma Fusiontables..<\/p><p>Ovviamente per ottenere un tavolo da biliardo duraturo e di alta qualit\u00e0, \u00e8 necessario anche che il <strong>piano di ardesia<\/strong>, il <strong>panno del biliardo<\/strong>, le <strong>buche <\/strong>e le <strong>retine elastiche<\/strong>, le <strong>sponde di rimbalzo<\/strong>, siano di qualit\u00e0 impeccabile.<\/p><p><strong><a id=\"ar\" name=\"ar\"><\/a>PIANO GIOCO IN ARDESIA LASTRA INTERA<\/strong><\/p><p><img loading=\"lazy\" decoding=\"async\" class=\" size-full wp-image-287\" src=\"https:\/\/www.fusiontables.com\/wp-content\/uploads\/2018\/05\/feature7-8b9.jpg\" alt=\"Slate\" width=\"1140\" height=\"560\" data-align=\"center\" data-entity-type=\"file\" data-entity-uuid=\"deefdcc0-ce45-405d-9441-16e5b2db9331\" srcset=\"https:\/\/www.fusiontables.com\/wp-content\/uploads\/2018\/05\/feature7-8b9.jpg 1140w, https:\/\/www.fusiontables.com\/wp-content\/uploads\/2018\/05\/feature7-8b9-300x147.jpg 300w, https:\/\/www.fusiontables.com\/wp-content\/uploads\/2018\/05\/feature7-8b9-1024x503.jpg 1024w, https:\/\/www.fusiontables.com\/wp-content\/uploads\/2018\/05\/feature7-8b9-768x377.jpg 768w\" sizes=\"(max-width: 1140px) 100vw, 1140px\" \/><\/p><p>Il tavolo Fusion \u00e8 dotato di una pietra naturale spessa 19 mm, il cui rivestimento \u00e8 realizzato nelle nostre officine. Poich\u00e9 \u00a0\u201cla pietra&#8221; \u00a0 \u00e8 costituita da unica lastra, non necessita di venir regolata successivamente da un tecnico esperto come nel caso della tradizionale ardesia in 3 pezzi.<\/p><p>Ad oggi, non esiste un&#8217;alternativa valida alla pietra d\u2019ardesia o lavagna per il gioco del biliardo. Le alternative che si possono trovare dai produttori &#8220;economici&#8221; sono legno composito, fibra di vetro o altri componenti sintetici, ma nessuno di essi \u00e8 accettato dai giocatori professionisti perch\u00e9 non offrono la stessa stabilit\u00e0, durata e precisione rispetto all&#8217;ardesia naturale.<\/p><p>Una ardesia \u00e8 il risultato di migliaia di anni di sedimentazione vulcanica. Dopo l&#8217;estrazione, questo materiale nobile viene segato, calibrato e rettificato, che richiede molto lavoro. Ardesia standard sono di diversi spessori possibili a seconda delle dimensioni del tavolo da biliardo e il tipo di gioco richiesto.<br \/>Ovviamente per ottenere un tavolo da biliardo duraturo e di alta qualit\u00e0, \u00e8 necessario anche che il <strong>piano di ardesia<\/strong>, il <strong>panno del biliardo<\/strong>, le <strong>buche <\/strong>e le <strong>retine elastiche<\/strong>, le <strong>sponde di rimbalzo<\/strong>, siano di qualit\u00e0 impeccabile.<\/p>\t\t\t\t\t\t\t\t<\/div>\n\t\t\t\t\t<\/div>\n\t\t\t\t<\/div>\n\t\t\t\t<\/div>\n\t\t","protected":false},"excerpt":{"rendered":"<p>Ldanscombinazione tra questo tavolo da biliardo high-tech che magistralmente realizziamo in Fusiontables , dalle pulite finiture estetiche, che oggi solo gli appassionati artigiani possono ancora fornire, si traducono in un design ed ergonomia che rimarranno eccezionali per diverse generazioni. Componenti di alta qualit\u00e0, materiali moderni, sistemi innovativi ed una rigorosa selezione tra le migliori essenze [&hellip;]<\/p>\n","protected":false},"author":2,"featured_media":263,"parent":0,"menu_order":0,"comment_status":"closed","ping_status":"closed","template":"","meta":{"_acf_changed":false,"footnotes":""},"class_list":["post-303","page","type-page","status-publish","has-post-thumbnail","hentry"],"acf":[],"yoast_head":"<!-- This site is optimized with the Yoast SEO plugin v27.3 - https:\/\/yoast.com\/product\/yoast-seo-wordpress\/ -->\n<title>Tavolo da biliardo transformabile di Qualit\u00e0 - Fusion Tables<\/title>\n<meta name=\"robots\" content=\"index, follow, max-snippet:-1, max-image-preview:large, max-video-preview:-1\" \/>\n<link rel=\"canonical\" href=\"https:\/\/www.fusiontables.com\/it\/tavolo-da-biliardo-transformabile-di-qualita\/\" \/>\n<meta property=\"og:locale\" content=\"it_IT\" \/>\n<meta property=\"og:type\" content=\"article\" \/>\n<meta property=\"og:title\" content=\"Tavolo da biliardo transformabile di Qualit\u00e0 - Fusion Tables\" \/>\n<meta property=\"og:description\" content=\"Ldanscombinazione tra questo tavolo da biliardo high-tech che magistralmente realizziamo in Fusiontables , dalle pulite finiture estetiche, che oggi solo gli appassionati artigiani possono ancora fornire, si traducono in un design ed ergonomia che rimarranno eccezionali per diverse generazioni. Componenti di alta qualit\u00e0, materiali moderni, sistemi innovativi ed una rigorosa selezione tra le migliori essenze [&hellip;]\" \/>\n<meta property=\"og:url\" content=\"https:\/\/www.fusiontables.com\/it\/tavolo-da-biliardo-transformabile-di-qualita\/\" \/>\n<meta property=\"og:site_name\" content=\"Fusion Tables\" \/>\n<meta property=\"article:modified_time\" content=\"2025-04-03T14:09:14+00:00\" \/>\n<meta property=\"og:image\" content=\"https:\/\/www.fusiontables.com\/wp-content\/uploads\/2018\/05\/lift1-d0c.jpg\" \/>\n\t<meta property=\"og:image:width\" content=\"1140\" \/>\n\t<meta property=\"og:image:height\" content=\"560\" \/>\n\t<meta property=\"og:image:type\" content=\"image\/jpeg\" \/>\n<meta name=\"twitter:card\" content=\"summary_large_image\" \/>\n<meta name=\"twitter:label1\" content=\"Tempo di lettura stimato\" \/>\n\t<meta name=\"twitter:data1\" content=\"7 minuti\" \/>\n<script type=\"application\/ld+json\" class=\"yoast-schema-graph\">{\"@context\":\"https:\\\/\\\/schema.org\",\"@graph\":[{\"@type\":\"WebPage\",\"@id\":\"https:\\\/\\\/www.fusiontables.com\\\/it\\\/tavolo-da-biliardo-transformabile-di-qualita\\\/\",\"url\":\"https:\\\/\\\/www.fusiontables.com\\\/it\\\/tavolo-da-biliardo-transformabile-di-qualita\\\/\",\"name\":\"Tavolo da biliardo transformabile di Qualit\u00e0 - Fusion Tables\",\"isPartOf\":{\"@id\":\"https:\\\/\\\/www.fusiontables.com\\\/it\\\/#website\"},\"primaryImageOfPage\":{\"@id\":\"https:\\\/\\\/www.fusiontables.com\\\/it\\\/tavolo-da-biliardo-transformabile-di-qualita\\\/#primaryimage\"},\"image\":{\"@id\":\"https:\\\/\\\/www.fusiontables.com\\\/it\\\/tavolo-da-biliardo-transformabile-di-qualita\\\/#primaryimage\"},\"thumbnailUrl\":\"https:\\\/\\\/www.fusiontables.com\\\/wp-content\\\/uploads\\\/2018\\\/05\\\/lift1-d0c.jpg\",\"datePublished\":\"2018-05-30T13:11:08+00:00\",\"dateModified\":\"2025-04-03T14:09:14+00:00\",\"breadcrumb\":{\"@id\":\"https:\\\/\\\/www.fusiontables.com\\\/it\\\/tavolo-da-biliardo-transformabile-di-qualita\\\/#breadcrumb\"},\"inLanguage\":\"it-IT\",\"potentialAction\":[{\"@type\":\"ReadAction\",\"target\":[\"https:\\\/\\\/www.fusiontables.com\\\/it\\\/tavolo-da-biliardo-transformabile-di-qualita\\\/\"]}]},{\"@type\":\"ImageObject\",\"inLanguage\":\"it-IT\",\"@id\":\"https:\\\/\\\/www.fusiontables.com\\\/it\\\/tavolo-da-biliardo-transformabile-di-qualita\\\/#primaryimage\",\"url\":\"https:\\\/\\\/www.fusiontables.com\\\/wp-content\\\/uploads\\\/2018\\\/05\\\/lift1-d0c.jpg\",\"contentUrl\":\"https:\\\/\\\/www.fusiontables.com\\\/wp-content\\\/uploads\\\/2018\\\/05\\\/lift1-d0c.jpg\",\"width\":1140,\"height\":560,\"caption\":\"Lift\"},{\"@type\":\"BreadcrumbList\",\"@id\":\"https:\\\/\\\/www.fusiontables.com\\\/it\\\/tavolo-da-biliardo-transformabile-di-qualita\\\/#breadcrumb\",\"itemListElement\":[{\"@type\":\"ListItem\",\"position\":1,\"name\":\"Home\",\"item\":\"https:\\\/\\\/www.fusiontables.com\\\/it\\\/\"},{\"@type\":\"ListItem\",\"position\":2,\"name\":\"Tavolo da biliardo transformabile di Qualit\u00e0\"}]},{\"@type\":\"WebSite\",\"@id\":\"https:\\\/\\\/www.fusiontables.com\\\/it\\\/#website\",\"url\":\"https:\\\/\\\/www.fusiontables.com\\\/it\\\/\",\"name\":\"Fusion Tables\",\"description\":\"\",\"publisher\":{\"@id\":\"https:\\\/\\\/www.fusiontables.com\\\/it\\\/#organization\"},\"potentialAction\":[{\"@type\":\"SearchAction\",\"target\":{\"@type\":\"EntryPoint\",\"urlTemplate\":\"https:\\\/\\\/www.fusiontables.com\\\/it\\\/?s={search_term_string}\"},\"query-input\":{\"@type\":\"PropertyValueSpecification\",\"valueRequired\":true,\"valueName\":\"search_term_string\"}}],\"inLanguage\":\"it-IT\"},{\"@type\":\"Organization\",\"@id\":\"https:\\\/\\\/www.fusiontables.com\\\/it\\\/#organization\",\"name\":\"Fusion Tables\",\"url\":\"https:\\\/\\\/www.fusiontables.com\\\/it\\\/\",\"logo\":{\"@type\":\"ImageObject\",\"inLanguage\":\"it-IT\",\"@id\":\"https:\\\/\\\/www.fusiontables.com\\\/it\\\/#\\\/schema\\\/logo\\\/image\\\/\",\"url\":\"https:\\\/\\\/www.fusiontables.com\\\/wp-content\\\/uploads\\\/2024\\\/11\\\/Fusiontables-Logo.png\",\"contentUrl\":\"https:\\\/\\\/www.fusiontables.com\\\/wp-content\\\/uploads\\\/2024\\\/11\\\/Fusiontables-Logo.png\",\"width\":514,\"height\":119,\"caption\":\"Fusion Tables\"},\"image\":{\"@id\":\"https:\\\/\\\/www.fusiontables.com\\\/it\\\/#\\\/schema\\\/logo\\\/image\\\/\"}}]}<\/script>\n<!-- \/ Yoast SEO plugin. -->","yoast_head_json":{"title":"Tavolo da biliardo transformabile di Qualit\u00e0 - Fusion Tables","robots":{"index":"index","follow":"follow","max-snippet":"max-snippet:-1","max-image-preview":"max-image-preview:large","max-video-preview":"max-video-preview:-1"},"canonical":"https:\/\/www.fusiontables.com\/it\/tavolo-da-biliardo-transformabile-di-qualita\/","og_locale":"it_IT","og_type":"article","og_title":"Tavolo da biliardo transformabile di Qualit\u00e0 - Fusion Tables","og_description":"Ldanscombinazione tra questo tavolo da biliardo high-tech che magistralmente realizziamo in Fusiontables , dalle pulite finiture estetiche, che oggi solo gli appassionati artigiani possono ancora fornire, si traducono in un design ed ergonomia che rimarranno eccezionali per diverse generazioni. Componenti di alta qualit\u00e0, materiali moderni, sistemi innovativi ed una rigorosa selezione tra le migliori essenze [&hellip;]","og_url":"https:\/\/www.fusiontables.com\/it\/tavolo-da-biliardo-transformabile-di-qualita\/","og_site_name":"Fusion Tables","article_modified_time":"2025-04-03T14:09:14+00:00","og_image":[{"width":1140,"height":560,"url":"https:\/\/www.fusiontables.com\/wp-content\/uploads\/2018\/05\/lift1-d0c.jpg","type":"image\/jpeg"}],"twitter_card":"summary_large_image","twitter_misc":{"Tempo di lettura stimato":"7 minuti"},"schema":{"@context":"https:\/\/schema.org","@graph":[{"@type":"WebPage","@id":"https:\/\/www.fusiontables.com\/it\/tavolo-da-biliardo-transformabile-di-qualita\/","url":"https:\/\/www.fusiontables.com\/it\/tavolo-da-biliardo-transformabile-di-qualita\/","name":"Tavolo da biliardo transformabile di Qualit\u00e0 - Fusion Tables","isPartOf":{"@id":"https:\/\/www.fusiontables.com\/it\/#website"},"primaryImageOfPage":{"@id":"https:\/\/www.fusiontables.com\/it\/tavolo-da-biliardo-transformabile-di-qualita\/#primaryimage"},"image":{"@id":"https:\/\/www.fusiontables.com\/it\/tavolo-da-biliardo-transformabile-di-qualita\/#primaryimage"},"thumbnailUrl":"https:\/\/www.fusiontables.com\/wp-content\/uploads\/2018\/05\/lift1-d0c.jpg","datePublished":"2018-05-30T13:11:08+00:00","dateModified":"2025-04-03T14:09:14+00:00","breadcrumb":{"@id":"https:\/\/www.fusiontables.com\/it\/tavolo-da-biliardo-transformabile-di-qualita\/#breadcrumb"},"inLanguage":"it-IT","potentialAction":[{"@type":"ReadAction","target":["https:\/\/www.fusiontables.com\/it\/tavolo-da-biliardo-transformabile-di-qualita\/"]}]},{"@type":"ImageObject","inLanguage":"it-IT","@id":"https:\/\/www.fusiontables.com\/it\/tavolo-da-biliardo-transformabile-di-qualita\/#primaryimage","url":"https:\/\/www.fusiontables.com\/wp-content\/uploads\/2018\/05\/lift1-d0c.jpg","contentUrl":"https:\/\/www.fusiontables.com\/wp-content\/uploads\/2018\/05\/lift1-d0c.jpg","width":1140,"height":560,"caption":"Lift"},{"@type":"BreadcrumbList","@id":"https:\/\/www.fusiontables.com\/it\/tavolo-da-biliardo-transformabile-di-qualita\/#breadcrumb","itemListElement":[{"@type":"ListItem","position":1,"name":"Home","item":"https:\/\/www.fusiontables.com\/it\/"},{"@type":"ListItem","position":2,"name":"Tavolo da biliardo transformabile di Qualit\u00e0"}]},{"@type":"WebSite","@id":"https:\/\/www.fusiontables.com\/it\/#website","url":"https:\/\/www.fusiontables.com\/it\/","name":"Fusion Tables","description":"","publisher":{"@id":"https:\/\/www.fusiontables.com\/it\/#organization"},"potentialAction":[{"@type":"SearchAction","target":{"@type":"EntryPoint","urlTemplate":"https:\/\/www.fusiontables.com\/it\/?s={search_term_string}"},"query-input":{"@type":"PropertyValueSpecification","valueRequired":true,"valueName":"search_term_string"}}],"inLanguage":"it-IT"},{"@type":"Organization","@id":"https:\/\/www.fusiontables.com\/it\/#organization","name":"Fusion Tables","url":"https:\/\/www.fusiontables.com\/it\/","logo":{"@type":"ImageObject","inLanguage":"it-IT","@id":"https:\/\/www.fusiontables.com\/it\/#\/schema\/logo\/image\/","url":"https:\/\/www.fusiontables.com\/wp-content\/uploads\/2024\/11\/Fusiontables-Logo.png","contentUrl":"https:\/\/www.fusiontables.com\/wp-content\/uploads\/2024\/11\/Fusiontables-Logo.png","width":514,"height":119,"caption":"Fusion Tables"},"image":{"@id":"https:\/\/www.fusiontables.com\/it\/#\/schema\/logo\/image\/"}}]}},"_links":{"self":[{"href":"https:\/\/www.fusiontables.com\/it\/wp-json\/wp\/v2\/pages\/303","targetHints":{"allow":["GET"]}}],"collection":[{"href":"https:\/\/www.fusiontables.com\/it\/wp-json\/wp\/v2\/pages"}],"about":[{"href":"https:\/\/www.fusiontables.com\/it\/wp-json\/wp\/v2\/types\/page"}],"author":[{"embeddable":true,"href":"https:\/\/www.fusiontables.com\/it\/wp-json\/wp\/v2\/users\/2"}],"replies":[{"embeddable":true,"href":"https:\/\/www.fusiontables.com\/it\/wp-json\/wp\/v2\/comments?post=303"}],"version-history":[{"count":23,"href":"https:\/\/www.fusiontables.com\/it\/wp-json\/wp\/v2\/pages\/303\/revisions"}],"predecessor-version":[{"id":4849,"href":"https:\/\/www.fusiontables.com\/it\/wp-json\/wp\/v2\/pages\/303\/revisions\/4849"}],"wp:featuredmedia":[{"embeddable":true,"href":"https:\/\/www.fusiontables.com\/it\/wp-json\/wp\/v2\/media\/263"}],"wp:attachment":[{"href":"https:\/\/www.fusiontables.com\/it\/wp-json\/wp\/v2\/media?parent=303"}],"curies":[{"name":"wp","href":"https:\/\/api.w.org\/{rel}","templated":true}]}}