{"id":394,"date":"2019-04-05T15:24:42","date_gmt":"2019-04-05T13:24:42","guid":{"rendered":"https:\/\/www.fusiontables.com\/finiture-biliardo-tavolo-da-pranzo\/"},"modified":"2025-04-03T14:13:25","modified_gmt":"2025-04-03T12:13:25","slug":"finiture-biliardo-tavolo-da-pranzo","status":"publish","type":"page","link":"https:\/\/www.fusiontables.com\/it\/finiture-biliardo-tavolo-da-pranzo\/","title":{"rendered":"Finiture biliardo tavolo da pranzo"},"content":{"rendered":"<p>Per attrarre gli utenti e gli arredatori pi\u00f9 esigenti, Fusiontables seleziona solo finiture che soddisfino i pi\u00f9 alti standard di qualit\u00e0 nel settore dell&#8217;arredamento europeo.<\/p>\n<p>Impiallacciature in <strong><a href=\"https:\/\/www.fusiontables.com\/it\/finiture-in-legno\/\">legno<\/a><\/strong>, vernici, colori, <strong><a href=\"https:\/\/www.fusiontables.com\/it\/biliardo-transformabile-rock-reverso\/\">ceramica<\/a> <\/strong>ed <strong><a href=\"https:\/\/www.fusiontables.com\/it\/finiture-metalliche\/\">elementi ed metallici strutturali<\/a><\/strong> sono tutti controllati in ogni fase della produzione fino all&#8217;imballaggio finale. \u00a0Grazie a questa costante attenzione ai dettagli, i nostri <strong><a href=\"https:\/\/www.fusiontables.com\/it\/tavoli-da-biliardo-convertibili\/\">tavoli convertibili in biliardo<\/a><\/strong>\u00a0o le nostre <strong><a href=\"https:\/\/www.fusiontables.com\/it\/panche-e-sgabelli\/\">panche e sgabelli<\/a><\/strong> rimarranno a lungo dopo l&#8217;acquisto, i gioielli del vostro ambiente.<\/p>\n<p><img fetchpriority=\"high\" decoding=\"async\" src=\"https:\/\/www.fusiontables.com\/wp-content\/uploads\/2019\/04\/finition-table-45f.jpg\" alt=\"finition table\" width=\"1200\" height=\"494\" data-align=\"center\" data-entity-type=\"file\" data-entity-uuid=\"306decb7-71d7-4f85-a5ef-7f150db28f69\" \/><\/p>\n","protected":false},"excerpt":{"rendered":"<p>Per attrarre gli utenti e gli arredatori pi\u00f9 esigenti, Fusiontables seleziona solo finiture che soddisfino i pi\u00f9 alti standard di qualit\u00e0 nel settore dell&#8217;arredamento europeo. Impiallacciature in legno, vernici, colori, ceramica ed elementi ed metallici strutturali sono tutti controllati in ogni fase della produzione fino all&#8217;imballaggio finale. \u00a0Grazie a questa costante attenzione ai dettagli, i [&hellip;]<\/p>\n","protected":false},"author":1,"featured_media":384,"parent":0,"menu_order":0,"comment_status":"closed","ping_status":"closed","template":"","meta":{"_acf_changed":false,"footnotes":""},"class_list":["post-394","page","type-page","status-publish","has-post-thumbnail","hentry"],"acf":[],"yoast_head":"<!-- This site is optimized with the Yoast SEO plugin v27.3 - https:\/\/yoast.com\/product\/yoast-seo-wordpress\/ -->\n<title>Finiture biliardo tavolo da pranzo - Fusion Tables<\/title>\n<meta name=\"robots\" content=\"index, follow, max-snippet:-1, max-image-preview:large, max-video-preview:-1\" \/>\n<link rel=\"canonical\" href=\"https:\/\/www.fusiontables.com\/it\/finiture-biliardo-tavolo-da-pranzo\/\" \/>\n<meta property=\"og:locale\" content=\"it_IT\" \/>\n<meta property=\"og:type\" content=\"article\" \/>\n<meta property=\"og:title\" content=\"Finiture biliardo tavolo da pranzo - Fusion Tables\" \/>\n<meta property=\"og:description\" content=\"Per attrarre gli utenti e gli arredatori pi\u00f9 esigenti, Fusiontables seleziona solo finiture che soddisfino i pi\u00f9 alti standard di qualit\u00e0 nel settore dell&#8217;arredamento europeo. Impiallacciature in legno, vernici, colori, ceramica ed elementi ed metallici strutturali sono tutti controllati in ogni fase della produzione fino all&#8217;imballaggio finale. \u00a0Grazie a questa costante attenzione ai dettagli, i [&hellip;]\" \/>\n<meta property=\"og:url\" content=\"https:\/\/www.fusiontables.com\/it\/finiture-biliardo-tavolo-da-pranzo\/\" \/>\n<meta property=\"og:site_name\" content=\"Fusion Tables\" \/>\n<meta property=\"article:modified_time\" content=\"2025-04-03T12:13:25+00:00\" \/>\n<meta property=\"og:image\" content=\"https:\/\/www.fusiontables.com\/wp-content\/uploads\/2019\/04\/finition-table-45f.jpg\" \/>\n\t<meta property=\"og:image:width\" content=\"1200\" \/>\n\t<meta property=\"og:image:height\" content=\"494\" \/>\n\t<meta property=\"og:image:type\" content=\"image\/jpeg\" \/>\n<meta name=\"twitter:card\" content=\"summary_large_image\" \/>\n<meta name=\"twitter:label1\" content=\"Tempo di lettura stimato\" \/>\n\t<meta name=\"twitter:data1\" content=\"1 minuto\" \/>\n<script type=\"application\/ld+json\" class=\"yoast-schema-graph\">{\"@context\":\"https:\\\/\\\/schema.org\",\"@graph\":[{\"@type\":\"WebPage\",\"@id\":\"https:\\\/\\\/www.fusiontables.com\\\/it\\\/finiture-biliardo-tavolo-da-pranzo\\\/\",\"url\":\"https:\\\/\\\/www.fusiontables.com\\\/it\\\/finiture-biliardo-tavolo-da-pranzo\\\/\",\"name\":\"Finiture biliardo tavolo da pranzo - Fusion Tables\",\"isPartOf\":{\"@id\":\"https:\\\/\\\/www.fusiontables.com\\\/it\\\/#website\"},\"primaryImageOfPage\":{\"@id\":\"https:\\\/\\\/www.fusiontables.com\\\/it\\\/finiture-biliardo-tavolo-da-pranzo\\\/#primaryimage\"},\"image\":{\"@id\":\"https:\\\/\\\/www.fusiontables.com\\\/it\\\/finiture-biliardo-tavolo-da-pranzo\\\/#primaryimage\"},\"thumbnailUrl\":\"https:\\\/\\\/www.fusiontables.com\\\/wp-content\\\/uploads\\\/2019\\\/04\\\/finition-table-45f.jpg\",\"datePublished\":\"2019-04-05T13:24:42+00:00\",\"dateModified\":\"2025-04-03T12:13:25+00:00\",\"breadcrumb\":{\"@id\":\"https:\\\/\\\/www.fusiontables.com\\\/it\\\/finiture-biliardo-tavolo-da-pranzo\\\/#breadcrumb\"},\"inLanguage\":\"it-IT\",\"potentialAction\":[{\"@type\":\"ReadAction\",\"target\":[\"https:\\\/\\\/www.fusiontables.com\\\/it\\\/finiture-biliardo-tavolo-da-pranzo\\\/\"]}]},{\"@type\":\"ImageObject\",\"inLanguage\":\"it-IT\",\"@id\":\"https:\\\/\\\/www.fusiontables.com\\\/it\\\/finiture-biliardo-tavolo-da-pranzo\\\/#primaryimage\",\"url\":\"https:\\\/\\\/www.fusiontables.com\\\/wp-content\\\/uploads\\\/2019\\\/04\\\/finition-table-45f.jpg\",\"contentUrl\":\"https:\\\/\\\/www.fusiontables.com\\\/wp-content\\\/uploads\\\/2019\\\/04\\\/finition-table-45f.jpg\",\"width\":1200,\"height\":494,\"caption\":\"finition table\"},{\"@type\":\"BreadcrumbList\",\"@id\":\"https:\\\/\\\/www.fusiontables.com\\\/it\\\/finiture-biliardo-tavolo-da-pranzo\\\/#breadcrumb\",\"itemListElement\":[{\"@type\":\"ListItem\",\"position\":1,\"name\":\"Home\",\"item\":\"https:\\\/\\\/www.fusiontables.com\\\/it\\\/\"},{\"@type\":\"ListItem\",\"position\":2,\"name\":\"Finiture biliardo tavolo da pranzo\"}]},{\"@type\":\"WebSite\",\"@id\":\"https:\\\/\\\/www.fusiontables.com\\\/it\\\/#website\",\"url\":\"https:\\\/\\\/www.fusiontables.com\\\/it\\\/\",\"name\":\"Fusion Tables\",\"description\":\"\",\"publisher\":{\"@id\":\"https:\\\/\\\/www.fusiontables.com\\\/it\\\/#organization\"},\"potentialAction\":[{\"@type\":\"SearchAction\",\"target\":{\"@type\":\"EntryPoint\",\"urlTemplate\":\"https:\\\/\\\/www.fusiontables.com\\\/it\\\/?s={search_term_string}\"},\"query-input\":{\"@type\":\"PropertyValueSpecification\",\"valueRequired\":true,\"valueName\":\"search_term_string\"}}],\"inLanguage\":\"it-IT\"},{\"@type\":\"Organization\",\"@id\":\"https:\\\/\\\/www.fusiontables.com\\\/it\\\/#organization\",\"name\":\"Fusion Tables\",\"url\":\"https:\\\/\\\/www.fusiontables.com\\\/it\\\/\",\"logo\":{\"@type\":\"ImageObject\",\"inLanguage\":\"it-IT\",\"@id\":\"https:\\\/\\\/www.fusiontables.com\\\/it\\\/#\\\/schema\\\/logo\\\/image\\\/\",\"url\":\"https:\\\/\\\/www.fusiontables.com\\\/wp-content\\\/uploads\\\/2024\\\/11\\\/Fusiontables-Logo.png\",\"contentUrl\":\"https:\\\/\\\/www.fusiontables.com\\\/wp-content\\\/uploads\\\/2024\\\/11\\\/Fusiontables-Logo.png\",\"width\":514,\"height\":119,\"caption\":\"Fusion Tables\"},\"image\":{\"@id\":\"https:\\\/\\\/www.fusiontables.com\\\/it\\\/#\\\/schema\\\/logo\\\/image\\\/\"}}]}<\/script>\n<!-- \/ Yoast SEO plugin. -->","yoast_head_json":{"title":"Finiture biliardo tavolo da pranzo - Fusion Tables","robots":{"index":"index","follow":"follow","max-snippet":"max-snippet:-1","max-image-preview":"max-image-preview:large","max-video-preview":"max-video-preview:-1"},"canonical":"https:\/\/www.fusiontables.com\/it\/finiture-biliardo-tavolo-da-pranzo\/","og_locale":"it_IT","og_type":"article","og_title":"Finiture biliardo tavolo da pranzo - Fusion Tables","og_description":"Per attrarre gli utenti e gli arredatori pi\u00f9 esigenti, Fusiontables seleziona solo finiture che soddisfino i pi\u00f9 alti standard di qualit\u00e0 nel settore dell&#8217;arredamento europeo. Impiallacciature in legno, vernici, colori, ceramica ed elementi ed metallici strutturali sono tutti controllati in ogni fase della produzione fino all&#8217;imballaggio finale. \u00a0Grazie a questa costante attenzione ai dettagli, i [&hellip;]","og_url":"https:\/\/www.fusiontables.com\/it\/finiture-biliardo-tavolo-da-pranzo\/","og_site_name":"Fusion Tables","article_modified_time":"2025-04-03T12:13:25+00:00","og_image":[{"width":1200,"height":494,"url":"https:\/\/www.fusiontables.com\/wp-content\/uploads\/2019\/04\/finition-table-45f.jpg","type":"image\/jpeg"}],"twitter_card":"summary_large_image","twitter_misc":{"Tempo di lettura stimato":"1 minuto"},"schema":{"@context":"https:\/\/schema.org","@graph":[{"@type":"WebPage","@id":"https:\/\/www.fusiontables.com\/it\/finiture-biliardo-tavolo-da-pranzo\/","url":"https:\/\/www.fusiontables.com\/it\/finiture-biliardo-tavolo-da-pranzo\/","name":"Finiture biliardo tavolo da pranzo - Fusion Tables","isPartOf":{"@id":"https:\/\/www.fusiontables.com\/it\/#website"},"primaryImageOfPage":{"@id":"https:\/\/www.fusiontables.com\/it\/finiture-biliardo-tavolo-da-pranzo\/#primaryimage"},"image":{"@id":"https:\/\/www.fusiontables.com\/it\/finiture-biliardo-tavolo-da-pranzo\/#primaryimage"},"thumbnailUrl":"https:\/\/www.fusiontables.com\/wp-content\/uploads\/2019\/04\/finition-table-45f.jpg","datePublished":"2019-04-05T13:24:42+00:00","dateModified":"2025-04-03T12:13:25+00:00","breadcrumb":{"@id":"https:\/\/www.fusiontables.com\/it\/finiture-biliardo-tavolo-da-pranzo\/#breadcrumb"},"inLanguage":"it-IT","potentialAction":[{"@type":"ReadAction","target":["https:\/\/www.fusiontables.com\/it\/finiture-biliardo-tavolo-da-pranzo\/"]}]},{"@type":"ImageObject","inLanguage":"it-IT","@id":"https:\/\/www.fusiontables.com\/it\/finiture-biliardo-tavolo-da-pranzo\/#primaryimage","url":"https:\/\/www.fusiontables.com\/wp-content\/uploads\/2019\/04\/finition-table-45f.jpg","contentUrl":"https:\/\/www.fusiontables.com\/wp-content\/uploads\/2019\/04\/finition-table-45f.jpg","width":1200,"height":494,"caption":"finition table"},{"@type":"BreadcrumbList","@id":"https:\/\/www.fusiontables.com\/it\/finiture-biliardo-tavolo-da-pranzo\/#breadcrumb","itemListElement":[{"@type":"ListItem","position":1,"name":"Home","item":"https:\/\/www.fusiontables.com\/it\/"},{"@type":"ListItem","position":2,"name":"Finiture biliardo tavolo da pranzo"}]},{"@type":"WebSite","@id":"https:\/\/www.fusiontables.com\/it\/#website","url":"https:\/\/www.fusiontables.com\/it\/","name":"Fusion Tables","description":"","publisher":{"@id":"https:\/\/www.fusiontables.com\/it\/#organization"},"potentialAction":[{"@type":"SearchAction","target":{"@type":"EntryPoint","urlTemplate":"https:\/\/www.fusiontables.com\/it\/?s={search_term_string}"},"query-input":{"@type":"PropertyValueSpecification","valueRequired":true,"valueName":"search_term_string"}}],"inLanguage":"it-IT"},{"@type":"Organization","@id":"https:\/\/www.fusiontables.com\/it\/#organization","name":"Fusion Tables","url":"https:\/\/www.fusiontables.com\/it\/","logo":{"@type":"ImageObject","inLanguage":"it-IT","@id":"https:\/\/www.fusiontables.com\/it\/#\/schema\/logo\/image\/","url":"https:\/\/www.fusiontables.com\/wp-content\/uploads\/2024\/11\/Fusiontables-Logo.png","contentUrl":"https:\/\/www.fusiontables.com\/wp-content\/uploads\/2024\/11\/Fusiontables-Logo.png","width":514,"height":119,"caption":"Fusion Tables"},"image":{"@id":"https:\/\/www.fusiontables.com\/it\/#\/schema\/logo\/image\/"}}]}},"_links":{"self":[{"href":"https:\/\/www.fusiontables.com\/it\/wp-json\/wp\/v2\/pages\/394","targetHints":{"allow":["GET"]}}],"collection":[{"href":"https:\/\/www.fusiontables.com\/it\/wp-json\/wp\/v2\/pages"}],"about":[{"href":"https:\/\/www.fusiontables.com\/it\/wp-json\/wp\/v2\/types\/page"}],"author":[{"embeddable":true,"href":"https:\/\/www.fusiontables.com\/it\/wp-json\/wp\/v2\/users\/1"}],"replies":[{"embeddable":true,"href":"https:\/\/www.fusiontables.com\/it\/wp-json\/wp\/v2\/comments?post=394"}],"version-history":[{"count":4,"href":"https:\/\/www.fusiontables.com\/it\/wp-json\/wp\/v2\/pages\/394\/revisions"}],"predecessor-version":[{"id":4795,"href":"https:\/\/www.fusiontables.com\/it\/wp-json\/wp\/v2\/pages\/394\/revisions\/4795"}],"wp:featuredmedia":[{"embeddable":true,"href":"https:\/\/www.fusiontables.com\/it\/wp-json\/wp\/v2\/media\/384"}],"wp:attachment":[{"href":"https:\/\/www.fusiontables.com\/it\/wp-json\/wp\/v2\/media?parent=394"}],"curies":[{"name":"wp","href":"https:\/\/api.w.org\/{rel}","templated":true}]}}